{"id":203996,"date":"2026-05-12T16:19:43","date_gmt":"2026-05-12T14:19:43","guid":{"rendered":"https:\/\/tupique.com\/product\/monture-de-lunettes-femme-vogue-vo-4270\/"},"modified":"2026-05-12T16:19:43","modified_gmt":"2026-05-12T14:19:43","slug":"monture-de-lunettes-femme-vogue-vo-4270","status":"publish","type":"product","link":"https:\/\/tupique.com\/pt\/product\/monture-de-lunettes-femme-vogue-vo-4270\/","title":{"rendered":"Monture de Lunettes Femme Vogue VO 4270"},"content":{"rendered":"<p>Si vous \u00eates \u00e0 la recherche de nouvelles tendances sur le march\u00e9, nous vous pr\u00e9sentons <b>Monture de Lunettes Femme Vogue VO 4270<\/b> !<\/p>\n<p>A <b>monture de lunettes pour femme<\/b> <b>Vogue VO 4270<\/b> est con\u00e7ue pour celles qui recherchent une alliance de style contemporain et de r\u00e9sistance dans leur accessoire optique quotidien. Enti\u00e8rement fabriqu\u00e9e en <b>m\u00e9tal<\/b>, cette monture offre une structure l\u00e9g\u00e8re mais robuste, id\u00e9ale pour un usage quotidien sans perdre en \u00e9l\u00e9gance ni en confort. Le design sp\u00e9cifiquement pens\u00e9 pour femme s\u2019adapte \u00e0 la morphologie du visage f\u00e9minin, avec des d\u00e9tails raffin\u00e9s qui apportent une touche moderne \u00e0 chaque look. Elle est \u00e9quip\u00e9e de <b>verres sans correction<\/b>, permettant une utilisation imm\u00e9diate ou la possibilit\u00e9 de les personnaliser ult\u00e9rieurement avec la correction souhait\u00e9e, selon les besoins et pr\u00e9f\u00e9rences de chaque utilisatrice. Cette <b>monture de lunettes<\/b> reste polyvalente pour celles qui souhaitent choisir diff\u00e9rents types de verres, que ce soit pour un usage optique ou comme accessoire de mode. Avec la garantie de qualit\u00e9 et le style propre \u00e0 la marque Vogue, la VO 4270 constitue un choix attractif et pratique pour celles qui veulent renouveler leur image avec une monture moderne, r\u00e9sistante et adapt\u00e9e \u00e0 un ajustement personnalis\u00e9.<\/p>\n<ul>\n<li>Caract\u00e9ristiques: Verres sans graduation<\/li>\n<li>Type: Monture de Lunettes<\/li>\n<li>Type de verre: Lentilles sans ordonnance<\/li>\n<li>Mati\u00e8re: M\u00e9tal<\/li>\n<li>G\u00e9nero: Femme<\/li>\n<\/ul>","protected":false},"excerpt":{"rendered":"<p>Si vous \u00eates \u00e0 la recherche de nouvelles tendances sur le march\u00e9, nous vous pr\u00e9sentons Monture de Lunettes Femme Vogue VO 4270 ! La monture de lunettes pour femme Vogue VO 4270 est con\u00e7ue pour celles qui recherchent une alliance de style contemporain et de r\u00e9sistance dans leur accessoire optique quotidien. Enti\u00e8rement fabriqu\u00e9e en m\u00e9tal, [&hellip;]<\/p>\n","protected":false},"featured_media":203994,"comment_status":"open","ping_status":"closed","template":"","meta":[],"product_brand":[2731],"product_cat":[776,777,752],"product_tag":[542],"woo-feed-brand":[],"class_list":{"0":"post-203996","1":"product","2":"type-product","3":"status-publish","4":"has-post-thumbnail","6":"product_brand-brandp_1239","7":"product_cat-detente-et-bien-etre","8":"product_cat-lunettes-de-lecture-et-lunettes-loupes","9":"product_cat-sante-beaute","10":"product_tag-tag_1274","12":"first","13":"instock","14":"taxable","15":"shipping-taxable","16":"purchasable","17":"product-type-simple"},"yoast_head":"<!-- This site is optimized with the Yoast SEO plugin v27.6 - https:\/\/yoast.com\/product\/yoast-seo-wordpress\/ -->\n<title>Monture de Lunettes Femme Vogue VO 4270 | | Tupique<\/title>\n<meta name=\"description\" content=\"Envie d&#039;acheter Monture de Lunettes Femme Vogue VO 4270\u00a0? Achetez Monture de Lunettes Femme Vogue VO 4270 maintenant avec Tupique en 3 versements sans int\u00e9r\u00eat.\" \/>\n<meta name=\"robots\" content=\"index, follow, max-snippet:-1, max-image-preview:large, max-video-preview:-1\" \/>\n<link rel=\"canonical\" href=\"https:\/\/tupique.com\/pt\/product\/monture-de-lunettes-femme-vogue-vo-4270\/\" \/>\n<meta property=\"og:locale\" content=\"pt_PT\" \/>\n<meta property=\"og:type\" content=\"article\" \/>\n<meta property=\"og:title\" content=\"Monture de Lunettes Femme Vogue VO 4270 | | Tupique\" \/>\n<meta property=\"og:description\" content=\"Envie d&#039;acheter Monture de Lunettes Femme Vogue VO 4270\u00a0? Achetez Monture de Lunettes Femme Vogue VO 4270 maintenant avec Tupique en 3 versements sans int\u00e9r\u00eat.\" \/>\n<meta property=\"og:url\" content=\"https:\/\/tupique.com\/pt\/product\/monture-de-lunettes-femme-vogue-vo-4270\/\" \/>\n<meta property=\"og:site_name\" content=\"Tupique\" \/>\n<meta name=\"twitter:card\" content=\"summary_large_image\" \/>\n<meta name=\"twitter:label1\" content=\"Tempo estimado de leitura\" \/>\n\t<meta name=\"twitter:data1\" content=\"1 minuto\" \/>\n<script type=\"application\/ld+json\" class=\"yoast-schema-graph\">{\"@context\":\"https:\\\/\\\/schema.org\",\"@graph\":[{\"@type\":\"WebPage\",\"@id\":\"https:\\\/\\\/tupique.com\\\/product\\\/monture-de-lunettes-femme-vogue-vo-4270\\\/\",\"url\":\"https:\\\/\\\/tupique.com\\\/product\\\/monture-de-lunettes-femme-vogue-vo-4270\\\/\",\"name\":\"Monture de Lunettes Femme Vogue VO 4270 | | Tupique\",\"isPartOf\":{\"@id\":\"https:\\\/\\\/tupique.com\\\/#website\"},\"primaryImageOfPage\":{\"@id\":\"https:\\\/\\\/tupique.com\\\/product\\\/monture-de-lunettes-femme-vogue-vo-4270\\\/#primaryimage\"},\"image\":{\"@id\":\"https:\\\/\\\/tupique.com\\\/product\\\/monture-de-lunettes-femme-vogue-vo-4270\\\/#primaryimage\"},\"thumbnailUrl\":\"https:\\\/\\\/tupique.com\\\/wp-content\\\/uploads\\\/2026\\\/05\\\/8056597815550_S72126470_P00.jpg\",\"datePublished\":\"2026-05-12T14:19:43+00:00\",\"description\":\"Envie d'acheter Monture de Lunettes Femme Vogue VO 4270\u00a0? Achetez Monture de Lunettes Femme Vogue VO 4270 maintenant avec Tupique en 3 versements sans int\u00e9r\u00eat.\",\"breadcrumb\":{\"@id\":\"https:\\\/\\\/tupique.com\\\/product\\\/monture-de-lunettes-femme-vogue-vo-4270\\\/#breadcrumb\"},\"inLanguage\":\"pt-PT\",\"potentialAction\":[{\"@type\":\"ReadAction\",\"target\":[\"https:\\\/\\\/tupique.com\\\/product\\\/monture-de-lunettes-femme-vogue-vo-4270\\\/\"]}]},{\"@type\":\"ImageObject\",\"inLanguage\":\"pt-PT\",\"@id\":\"https:\\\/\\\/tupique.com\\\/product\\\/monture-de-lunettes-femme-vogue-vo-4270\\\/#primaryimage\",\"url\":\"https:\\\/\\\/tupique.com\\\/wp-content\\\/uploads\\\/2026\\\/05\\\/8056597815550_S72126470_P00.jpg\",\"contentUrl\":\"https:\\\/\\\/tupique.com\\\/wp-content\\\/uploads\\\/2026\\\/05\\\/8056597815550_S72126470_P00.jpg\",\"width\":1200,\"height\":1200,\"caption\":\"S72126470_0\"},{\"@type\":\"BreadcrumbList\",\"@id\":\"https:\\\/\\\/tupique.com\\\/product\\\/monture-de-lunettes-femme-vogue-vo-4270\\\/#breadcrumb\",\"itemListElement\":[{\"@type\":\"ListItem\",\"position\":1,\"name\":\"commencer\",\"item\":\"https:\\\/\\\/tupique.com\\\/\"},{\"@type\":\"ListItem\",\"position\":2,\"name\":\"Loja\",\"item\":\"https:\\\/\\\/tupique.com\\\/pt\\\/loja\\\/\"},{\"@type\":\"ListItem\",\"position\":3,\"name\":\"Monture de Lunettes Femme Vogue VO 4270\"}]},{\"@type\":\"WebSite\",\"@id\":\"https:\\\/\\\/tupique.com\\\/#website\",\"url\":\"https:\\\/\\\/tupique.com\\\/\",\"name\":\"Tupique\",\"description\":\"\",\"publisher\":{\"@id\":\"https:\\\/\\\/tupique.com\\\/#organization\"},\"potentialAction\":[{\"@type\":\"SearchAction\",\"target\":{\"@type\":\"EntryPoint\",\"urlTemplate\":\"https:\\\/\\\/tupique.com\\\/?s={search_term_string}\"},\"query-input\":{\"@type\":\"PropertyValueSpecification\",\"valueRequired\":true,\"valueName\":\"search_term_string\"}}],\"inLanguage\":\"pt-PT\"},{\"@type\":\"Organization\",\"@id\":\"https:\\\/\\\/tupique.com\\\/#organization\",\"name\":\"Tupique\",\"url\":\"https:\\\/\\\/tupique.com\\\/\",\"logo\":{\"@type\":\"ImageObject\",\"inLanguage\":\"pt-PT\",\"@id\":\"https:\\\/\\\/tupique.com\\\/#\\\/schema\\\/logo\\\/image\\\/\",\"url\":\"https:\\\/\\\/tupique.com\\\/wp-content\\\/uploads\\\/2026\\\/03\\\/logo-tupique-1.webp\",\"contentUrl\":\"https:\\\/\\\/tupique.com\\\/wp-content\\\/uploads\\\/2026\\\/03\\\/logo-tupique-1.webp\",\"width\":500,\"height\":67,\"caption\":\"Tupique\"},\"image\":{\"@id\":\"https:\\\/\\\/tupique.com\\\/#\\\/schema\\\/logo\\\/image\\\/\"}}]}<\/script>\n<!-- \/ Yoast SEO plugin. -->","yoast_head_json":{"title":"Monture de Lunettes Femme Vogue VO 4270 | | Tupique","description":"Envie d'acheter Monture de Lunettes Femme Vogue VO 4270\u00a0? Achetez Monture de Lunettes Femme Vogue VO 4270 maintenant avec Tupique en 3 versements sans int\u00e9r\u00eat.","robots":{"index":"index","follow":"follow","max-snippet":"max-snippet:-1","max-image-preview":"max-image-preview:large","max-video-preview":"max-video-preview:-1"},"canonical":"https:\/\/tupique.com\/pt\/product\/monture-de-lunettes-femme-vogue-vo-4270\/","og_locale":"pt_PT","og_type":"article","og_title":"Monture de Lunettes Femme Vogue VO 4270 | | Tupique","og_description":"Envie d'acheter Monture de Lunettes Femme Vogue VO 4270\u00a0? Achetez Monture de Lunettes Femme Vogue VO 4270 maintenant avec Tupique en 3 versements sans int\u00e9r\u00eat.","og_url":"https:\/\/tupique.com\/pt\/product\/monture-de-lunettes-femme-vogue-vo-4270\/","og_site_name":"Tupique","twitter_card":"summary_large_image","twitter_misc":{"Tempo estimado de leitura":"1 minuto"},"schema":{"@context":"https:\/\/schema.org","@graph":[{"@type":"WebPage","@id":"https:\/\/tupique.com\/product\/monture-de-lunettes-femme-vogue-vo-4270\/","url":"https:\/\/tupique.com\/product\/monture-de-lunettes-femme-vogue-vo-4270\/","name":"Monture de Lunettes Femme Vogue VO 4270 | | Tupique","isPartOf":{"@id":"https:\/\/tupique.com\/#website"},"primaryImageOfPage":{"@id":"https:\/\/tupique.com\/product\/monture-de-lunettes-femme-vogue-vo-4270\/#primaryimage"},"image":{"@id":"https:\/\/tupique.com\/product\/monture-de-lunettes-femme-vogue-vo-4270\/#primaryimage"},"thumbnailUrl":"https:\/\/tupique.com\/wp-content\/uploads\/2026\/05\/8056597815550_S72126470_P00.jpg","datePublished":"2026-05-12T14:19:43+00:00","description":"Envie d'acheter Monture de Lunettes Femme Vogue VO 4270\u00a0? Achetez Monture de Lunettes Femme Vogue VO 4270 maintenant avec Tupique en 3 versements sans int\u00e9r\u00eat.","breadcrumb":{"@id":"https:\/\/tupique.com\/product\/monture-de-lunettes-femme-vogue-vo-4270\/#breadcrumb"},"inLanguage":"pt-PT","potentialAction":[{"@type":"ReadAction","target":["https:\/\/tupique.com\/product\/monture-de-lunettes-femme-vogue-vo-4270\/"]}]},{"@type":"ImageObject","inLanguage":"pt-PT","@id":"https:\/\/tupique.com\/product\/monture-de-lunettes-femme-vogue-vo-4270\/#primaryimage","url":"https:\/\/tupique.com\/wp-content\/uploads\/2026\/05\/8056597815550_S72126470_P00.jpg","contentUrl":"https:\/\/tupique.com\/wp-content\/uploads\/2026\/05\/8056597815550_S72126470_P00.jpg","width":1200,"height":1200,"caption":"S72126470_0"},{"@type":"BreadcrumbList","@id":"https:\/\/tupique.com\/product\/monture-de-lunettes-femme-vogue-vo-4270\/#breadcrumb","itemListElement":[{"@type":"ListItem","position":1,"name":"commencer","item":"https:\/\/tupique.com\/"},{"@type":"ListItem","position":2,"name":"Loja","item":"https:\/\/tupique.com\/pt\/loja\/"},{"@type":"ListItem","position":3,"name":"Monture de Lunettes Femme Vogue VO 4270"}]},{"@type":"WebSite","@id":"https:\/\/tupique.com\/#website","url":"https:\/\/tupique.com\/","name":"Tupique","description":"","publisher":{"@id":"https:\/\/tupique.com\/#organization"},"potentialAction":[{"@type":"SearchAction","target":{"@type":"EntryPoint","urlTemplate":"https:\/\/tupique.com\/?s={search_term_string}"},"query-input":{"@type":"PropertyValueSpecification","valueRequired":true,"valueName":"search_term_string"}}],"inLanguage":"pt-PT"},{"@type":"Organization","@id":"https:\/\/tupique.com\/#organization","name":"Tupique","url":"https:\/\/tupique.com\/","logo":{"@type":"ImageObject","inLanguage":"pt-PT","@id":"https:\/\/tupique.com\/#\/schema\/logo\/image\/","url":"https:\/\/tupique.com\/wp-content\/uploads\/2026\/03\/logo-tupique-1.webp","contentUrl":"https:\/\/tupique.com\/wp-content\/uploads\/2026\/03\/logo-tupique-1.webp","width":500,"height":67,"caption":"Tupique"},"image":{"@id":"https:\/\/tupique.com\/#\/schema\/logo\/image\/"}}]}},"_links":{"self":[{"href":"https:\/\/tupique.com\/pt\/wp-json\/wp\/v2\/product\/203996","targetHints":{"allow":["GET"]}}],"collection":[{"href":"https:\/\/tupique.com\/pt\/wp-json\/wp\/v2\/product"}],"about":[{"href":"https:\/\/tupique.com\/pt\/wp-json\/wp\/v2\/types\/product"}],"replies":[{"embeddable":true,"href":"https:\/\/tupique.com\/pt\/wp-json\/wp\/v2\/comments?post=203996"}],"wp:featuredmedia":[{"embeddable":true,"href":"https:\/\/tupique.com\/pt\/wp-json\/wp\/v2\/media\/203994"}],"wp:attachment":[{"href":"https:\/\/tupique.com\/pt\/wp-json\/wp\/v2\/media?parent=203996"}],"wp:term":[{"taxonomy":"product_brand","embeddable":true,"href":"https:\/\/tupique.com\/pt\/wp-json\/wp\/v2\/product_brand?post=203996"},{"taxonomy":"product_cat","embeddable":true,"href":"https:\/\/tupique.com\/pt\/wp-json\/wp\/v2\/product_cat?post=203996"},{"taxonomy":"product_tag","embeddable":true,"href":"https:\/\/tupique.com\/pt\/wp-json\/wp\/v2\/product_tag?post=203996"},{"taxonomy":"woo-feed-brand","embeddable":true,"href":"https:\/\/tupique.com\/pt\/wp-json\/wp\/v2\/woo-feed-brand?post=203996"}],"curies":[{"name":"wp","href":"https:\/\/api.w.org\/{rel}","templated":true}]}}