{"id":204208,"date":"2026-05-12T16:38:41","date_gmt":"2026-05-12T14:38:41","guid":{"rendered":"https:\/\/tupique.com\/product\/monture-de-lunettes-femme-jimmy-choo-jc-3018b\/"},"modified":"2026-05-12T16:38:41","modified_gmt":"2026-05-12T14:38:41","slug":"monture-de-lunettes-femme-jimmy-choo-jc-3018b","status":"publish","type":"product","link":"https:\/\/tupique.com\/pt\/product\/monture-de-lunettes-femme-jimmy-choo-jc-3018b\/","title":{"rendered":"Monture de Lunettes Femme Jimmy Choo JC 3018B"},"content":{"rendered":"<p>Si vous envisagez de renouveler votre garde-robe, achetez <b>Monture de Lunettes Femme Jimmy Choo JC 3018B<\/b> et d\u2019autres<b>produits Jimmy Choo<\/b>! La meilleure qualit\u00e9 au meilleur prix est \u00e0 votre port\u00e9e!<\/p>\n<p>A <b>monture de lunettes<\/b> <b>JC 3018B<\/b> de <b>Jimmy Choo<\/b> incarne l\u2019alliance de l\u2019\u00e9l\u00e9gance contemporaine et de la qualit\u00e9 premium, con\u00e7ue pour les femmes recherchant un accessoire \u00e0 la fois fonctionnel et sophistiqu\u00e9. Fabriqu\u00e9e en <b>ac\u00e9tate<\/b>, mat\u00e9riau reconnu pour sa l\u00e9g\u00e8ret\u00e9, sa r\u00e9sistance et sa finition brillante, cette monture assure un confort durable au quotidien tout en conservant sa forme et son \u00e9clat au fil du temps. Son <b>design f\u00e9minin<\/b> s\u2019adapte harmonieusement \u00e0 divers styles, des plus classiques aux plus modernes, refl\u00e9tant la personnalit\u00e9 et le prestige propres \u00e0 la marque Jimmy Choo. Elle est livr\u00e9e avec des <b>verres sans correction<\/b>, permettant une personnalisation selon les besoins visuels de l\u2019utilisateur ou une utilisation comme accessoire de mode. La <b>monture de lunettes<\/b> JC 3018B se distingue par ses lignes soign\u00e9es et ses d\u00e9tails raffin\u00e9s qui apportent une touche de distinction subtile, adapt\u00e9e aussi bien aux environnements professionnels qu\u2019aux occasions informelles. Choisir cette monture, c\u2019est opter pour l\u2019excellence des mat\u00e9riaux et le souci du d\u00e9tail qui caract\u00e9risent les produits Jimmy Choo dans l\u2019univers de l\u2019optique haut de gamme.<\/p>\n<ul>\n<li>Caract\u00e9ristiques: Verres sans graduation<\/li>\n<li>Type: Monture de Lunettes<\/li>\n<li>Type de verre: Lentilles sans ordonnance<\/li>\n<li>Mati\u00e8re: Ac\u00e9tate<\/li>\n<li>G\u00e9nero: Femme<\/li>\n<\/ul>","protected":false},"excerpt":{"rendered":"<p>Si vous envisagez de renouveler votre garde-robe, achetez Monture de Lunettes Femme Jimmy Choo JC 3018B et d\u2019autresproduits Jimmy Choo! La meilleure qualit\u00e9 au meilleur prix est \u00e0 votre port\u00e9e! La monture de lunettes JC 3018B de Jimmy Choo incarne l\u2019alliance de l\u2019\u00e9l\u00e9gance contemporaine et de la qualit\u00e9 premium, con\u00e7ue pour les femmes recherchant un [&hellip;]<\/p>\n","protected":false},"featured_media":204206,"comment_status":"open","ping_status":"closed","template":"","meta":[],"product_brand":[840],"product_cat":[776,777,752],"product_tag":[542],"woo-feed-brand":[],"class_list":{"0":"post-204208","1":"product","2":"type-product","3":"status-publish","4":"has-post-thumbnail","6":"product_brand-brandp_402","7":"product_cat-detente-et-bien-etre","8":"product_cat-lunettes-de-lecture-et-lunettes-loupes","9":"product_cat-sante-beaute","10":"product_tag-tag_1274","12":"first","13":"instock","14":"taxable","15":"shipping-taxable","16":"purchasable","17":"product-type-simple"},"yoast_head":"<!-- This site is optimized with the Yoast SEO plugin v27.6 - https:\/\/yoast.com\/product\/yoast-seo-wordpress\/ -->\n<title>Monture de Lunettes Femme Jimmy Choo JC 3018B | | Tupique<\/title>\n<meta name=\"description\" content=\"Envie d&#039;acheter Monture de Lunettes Femme Jimmy Choo JC 3018B\u00a0? Achetez Monture de Lunettes Femme Jimmy Choo JC 3018B maintenant avec Tupique en 3 versements sans int\u00e9r\u00eat.\" \/>\n<meta name=\"robots\" content=\"index, follow, max-snippet:-1, max-image-preview:large, max-video-preview:-1\" \/>\n<link rel=\"canonical\" href=\"https:\/\/tupique.com\/pt\/product\/monture-de-lunettes-femme-jimmy-choo-jc-3018b\/\" \/>\n<meta property=\"og:locale\" content=\"pt_PT\" \/>\n<meta property=\"og:type\" content=\"article\" \/>\n<meta property=\"og:title\" content=\"Monture de Lunettes Femme Jimmy Choo JC 3018B | | Tupique\" \/>\n<meta property=\"og:description\" content=\"Envie d&#039;acheter Monture de Lunettes Femme Jimmy Choo JC 3018B\u00a0? Achetez Monture de Lunettes Femme Jimmy Choo JC 3018B maintenant avec Tupique en 3 versements sans int\u00e9r\u00eat.\" \/>\n<meta property=\"og:url\" content=\"https:\/\/tupique.com\/pt\/product\/monture-de-lunettes-femme-jimmy-choo-jc-3018b\/\" \/>\n<meta property=\"og:site_name\" content=\"Tupique\" \/>\n<meta name=\"twitter:card\" content=\"summary_large_image\" \/>\n<meta name=\"twitter:label1\" content=\"Tempo estimado de leitura\" \/>\n\t<meta name=\"twitter:data1\" content=\"1 minuto\" \/>\n<script type=\"application\/ld+json\" class=\"yoast-schema-graph\">{\"@context\":\"https:\\\/\\\/schema.org\",\"@graph\":[{\"@type\":\"WebPage\",\"@id\":\"https:\\\/\\\/tupique.com\\\/product\\\/monture-de-lunettes-femme-jimmy-choo-jc-3018b\\\/\",\"url\":\"https:\\\/\\\/tupique.com\\\/product\\\/monture-de-lunettes-femme-jimmy-choo-jc-3018b\\\/\",\"name\":\"Monture de Lunettes Femme Jimmy Choo JC 3018B | | Tupique\",\"isPartOf\":{\"@id\":\"https:\\\/\\\/tupique.com\\\/#website\"},\"primaryImageOfPage\":{\"@id\":\"https:\\\/\\\/tupique.com\\\/product\\\/monture-de-lunettes-femme-jimmy-choo-jc-3018b\\\/#primaryimage\"},\"image\":{\"@id\":\"https:\\\/\\\/tupique.com\\\/product\\\/monture-de-lunettes-femme-jimmy-choo-jc-3018b\\\/#primaryimage\"},\"thumbnailUrl\":\"https:\\\/\\\/tupique.com\\\/wp-content\\\/uploads\\\/2026\\\/05\\\/8056262237212_S72126423_P00.jpg\",\"datePublished\":\"2026-05-12T14:38:41+00:00\",\"description\":\"Envie d'acheter Monture de Lunettes Femme Jimmy Choo JC 3018B\u00a0? Achetez Monture de Lunettes Femme Jimmy Choo JC 3018B maintenant avec Tupique en 3 versements sans int\u00e9r\u00eat.\",\"breadcrumb\":{\"@id\":\"https:\\\/\\\/tupique.com\\\/product\\\/monture-de-lunettes-femme-jimmy-choo-jc-3018b\\\/#breadcrumb\"},\"inLanguage\":\"pt-PT\",\"potentialAction\":[{\"@type\":\"ReadAction\",\"target\":[\"https:\\\/\\\/tupique.com\\\/product\\\/monture-de-lunettes-femme-jimmy-choo-jc-3018b\\\/\"]}]},{\"@type\":\"ImageObject\",\"inLanguage\":\"pt-PT\",\"@id\":\"https:\\\/\\\/tupique.com\\\/product\\\/monture-de-lunettes-femme-jimmy-choo-jc-3018b\\\/#primaryimage\",\"url\":\"https:\\\/\\\/tupique.com\\\/wp-content\\\/uploads\\\/2026\\\/05\\\/8056262237212_S72126423_P00.jpg\",\"contentUrl\":\"https:\\\/\\\/tupique.com\\\/wp-content\\\/uploads\\\/2026\\\/05\\\/8056262237212_S72126423_P00.jpg\",\"width\":1200,\"height\":1200,\"caption\":\"S72126423_0\"},{\"@type\":\"BreadcrumbList\",\"@id\":\"https:\\\/\\\/tupique.com\\\/product\\\/monture-de-lunettes-femme-jimmy-choo-jc-3018b\\\/#breadcrumb\",\"itemListElement\":[{\"@type\":\"ListItem\",\"position\":1,\"name\":\"commencer\",\"item\":\"https:\\\/\\\/tupique.com\\\/\"},{\"@type\":\"ListItem\",\"position\":2,\"name\":\"Loja\",\"item\":\"https:\\\/\\\/tupique.com\\\/pt\\\/loja\\\/\"},{\"@type\":\"ListItem\",\"position\":3,\"name\":\"Monture de Lunettes Femme Jimmy Choo JC 3018B\"}]},{\"@type\":\"WebSite\",\"@id\":\"https:\\\/\\\/tupique.com\\\/#website\",\"url\":\"https:\\\/\\\/tupique.com\\\/\",\"name\":\"Tupique\",\"description\":\"\",\"publisher\":{\"@id\":\"https:\\\/\\\/tupique.com\\\/#organization\"},\"potentialAction\":[{\"@type\":\"SearchAction\",\"target\":{\"@type\":\"EntryPoint\",\"urlTemplate\":\"https:\\\/\\\/tupique.com\\\/?s={search_term_string}\"},\"query-input\":{\"@type\":\"PropertyValueSpecification\",\"valueRequired\":true,\"valueName\":\"search_term_string\"}}],\"inLanguage\":\"pt-PT\"},{\"@type\":\"Organization\",\"@id\":\"https:\\\/\\\/tupique.com\\\/#organization\",\"name\":\"Tupique\",\"url\":\"https:\\\/\\\/tupique.com\\\/\",\"logo\":{\"@type\":\"ImageObject\",\"inLanguage\":\"pt-PT\",\"@id\":\"https:\\\/\\\/tupique.com\\\/#\\\/schema\\\/logo\\\/image\\\/\",\"url\":\"https:\\\/\\\/tupique.com\\\/wp-content\\\/uploads\\\/2026\\\/03\\\/logo-tupique-1.webp\",\"contentUrl\":\"https:\\\/\\\/tupique.com\\\/wp-content\\\/uploads\\\/2026\\\/03\\\/logo-tupique-1.webp\",\"width\":500,\"height\":67,\"caption\":\"Tupique\"},\"image\":{\"@id\":\"https:\\\/\\\/tupique.com\\\/#\\\/schema\\\/logo\\\/image\\\/\"}}]}<\/script>\n<!-- \/ Yoast SEO plugin. -->","yoast_head_json":{"title":"Monture de Lunettes Femme Jimmy Choo JC 3018B | | Tupique","description":"Envie d'acheter Monture de Lunettes Femme Jimmy Choo JC 3018B\u00a0? Achetez Monture de Lunettes Femme Jimmy Choo JC 3018B maintenant avec Tupique en 3 versements sans int\u00e9r\u00eat.","robots":{"index":"index","follow":"follow","max-snippet":"max-snippet:-1","max-image-preview":"max-image-preview:large","max-video-preview":"max-video-preview:-1"},"canonical":"https:\/\/tupique.com\/pt\/product\/monture-de-lunettes-femme-jimmy-choo-jc-3018b\/","og_locale":"pt_PT","og_type":"article","og_title":"Monture de Lunettes Femme Jimmy Choo JC 3018B | | Tupique","og_description":"Envie d'acheter Monture de Lunettes Femme Jimmy Choo JC 3018B\u00a0? Achetez Monture de Lunettes Femme Jimmy Choo JC 3018B maintenant avec Tupique en 3 versements sans int\u00e9r\u00eat.","og_url":"https:\/\/tupique.com\/pt\/product\/monture-de-lunettes-femme-jimmy-choo-jc-3018b\/","og_site_name":"Tupique","twitter_card":"summary_large_image","twitter_misc":{"Tempo estimado de leitura":"1 minuto"},"schema":{"@context":"https:\/\/schema.org","@graph":[{"@type":"WebPage","@id":"https:\/\/tupique.com\/product\/monture-de-lunettes-femme-jimmy-choo-jc-3018b\/","url":"https:\/\/tupique.com\/product\/monture-de-lunettes-femme-jimmy-choo-jc-3018b\/","name":"Monture de Lunettes Femme Jimmy Choo JC 3018B | | Tupique","isPartOf":{"@id":"https:\/\/tupique.com\/#website"},"primaryImageOfPage":{"@id":"https:\/\/tupique.com\/product\/monture-de-lunettes-femme-jimmy-choo-jc-3018b\/#primaryimage"},"image":{"@id":"https:\/\/tupique.com\/product\/monture-de-lunettes-femme-jimmy-choo-jc-3018b\/#primaryimage"},"thumbnailUrl":"https:\/\/tupique.com\/wp-content\/uploads\/2026\/05\/8056262237212_S72126423_P00.jpg","datePublished":"2026-05-12T14:38:41+00:00","description":"Envie d'acheter Monture de Lunettes Femme Jimmy Choo JC 3018B\u00a0? Achetez Monture de Lunettes Femme Jimmy Choo JC 3018B maintenant avec Tupique en 3 versements sans int\u00e9r\u00eat.","breadcrumb":{"@id":"https:\/\/tupique.com\/product\/monture-de-lunettes-femme-jimmy-choo-jc-3018b\/#breadcrumb"},"inLanguage":"pt-PT","potentialAction":[{"@type":"ReadAction","target":["https:\/\/tupique.com\/product\/monture-de-lunettes-femme-jimmy-choo-jc-3018b\/"]}]},{"@type":"ImageObject","inLanguage":"pt-PT","@id":"https:\/\/tupique.com\/product\/monture-de-lunettes-femme-jimmy-choo-jc-3018b\/#primaryimage","url":"https:\/\/tupique.com\/wp-content\/uploads\/2026\/05\/8056262237212_S72126423_P00.jpg","contentUrl":"https:\/\/tupique.com\/wp-content\/uploads\/2026\/05\/8056262237212_S72126423_P00.jpg","width":1200,"height":1200,"caption":"S72126423_0"},{"@type":"BreadcrumbList","@id":"https:\/\/tupique.com\/product\/monture-de-lunettes-femme-jimmy-choo-jc-3018b\/#breadcrumb","itemListElement":[{"@type":"ListItem","position":1,"name":"commencer","item":"https:\/\/tupique.com\/"},{"@type":"ListItem","position":2,"name":"Loja","item":"https:\/\/tupique.com\/pt\/loja\/"},{"@type":"ListItem","position":3,"name":"Monture de Lunettes Femme Jimmy Choo JC 3018B"}]},{"@type":"WebSite","@id":"https:\/\/tupique.com\/#website","url":"https:\/\/tupique.com\/","name":"Tupique","description":"","publisher":{"@id":"https:\/\/tupique.com\/#organization"},"potentialAction":[{"@type":"SearchAction","target":{"@type":"EntryPoint","urlTemplate":"https:\/\/tupique.com\/?s={search_term_string}"},"query-input":{"@type":"PropertyValueSpecification","valueRequired":true,"valueName":"search_term_string"}}],"inLanguage":"pt-PT"},{"@type":"Organization","@id":"https:\/\/tupique.com\/#organization","name":"Tupique","url":"https:\/\/tupique.com\/","logo":{"@type":"ImageObject","inLanguage":"pt-PT","@id":"https:\/\/tupique.com\/#\/schema\/logo\/image\/","url":"https:\/\/tupique.com\/wp-content\/uploads\/2026\/03\/logo-tupique-1.webp","contentUrl":"https:\/\/tupique.com\/wp-content\/uploads\/2026\/03\/logo-tupique-1.webp","width":500,"height":67,"caption":"Tupique"},"image":{"@id":"https:\/\/tupique.com\/#\/schema\/logo\/image\/"}}]}},"_links":{"self":[{"href":"https:\/\/tupique.com\/pt\/wp-json\/wp\/v2\/product\/204208","targetHints":{"allow":["GET"]}}],"collection":[{"href":"https:\/\/tupique.com\/pt\/wp-json\/wp\/v2\/product"}],"about":[{"href":"https:\/\/tupique.com\/pt\/wp-json\/wp\/v2\/types\/product"}],"replies":[{"embeddable":true,"href":"https:\/\/tupique.com\/pt\/wp-json\/wp\/v2\/comments?post=204208"}],"wp:featuredmedia":[{"embeddable":true,"href":"https:\/\/tupique.com\/pt\/wp-json\/wp\/v2\/media\/204206"}],"wp:attachment":[{"href":"https:\/\/tupique.com\/pt\/wp-json\/wp\/v2\/media?parent=204208"}],"wp:term":[{"taxonomy":"product_brand","embeddable":true,"href":"https:\/\/tupique.com\/pt\/wp-json\/wp\/v2\/product_brand?post=204208"},{"taxonomy":"product_cat","embeddable":true,"href":"https:\/\/tupique.com\/pt\/wp-json\/wp\/v2\/product_cat?post=204208"},{"taxonomy":"product_tag","embeddable":true,"href":"https:\/\/tupique.com\/pt\/wp-json\/wp\/v2\/product_tag?post=204208"},{"taxonomy":"woo-feed-brand","embeddable":true,"href":"https:\/\/tupique.com\/pt\/wp-json\/wp\/v2\/woo-feed-brand?post=204208"}],"curies":[{"name":"wp","href":"https:\/\/api.w.org\/{rel}","templated":true}]}}