{"id":204351,"date":"2026-05-12T16:52:08","date_gmt":"2026-05-12T14:52:08","guid":{"rendered":"https:\/\/tupique.com\/product\/monture-de-lunettes-femme-bulget-bgy6003-50p03\/"},"modified":"2026-05-12T16:52:08","modified_gmt":"2026-05-12T14:52:08","slug":"monture-de-lunettes-femme-bulget-bgy6003-50p03","status":"publish","type":"product","link":"https:\/\/tupique.com\/pt\/product\/monture-de-lunettes-femme-bulget-bgy6003-50p03\/","title":{"rendered":"Monture de Lunettes Femme Bulget BGY6003 50P03"},"content":{"rendered":"<p>Si vous \u00eates \u00e0 la recherche de nouvelles tendances sur le march\u00e9, nous vous pr\u00e9sentons <b>Monture de Lunettes Femme Bulget BGY6003 50P03<\/b> !<\/p>\n<p>A <b>monture de lunettes femme<\/b> Bulget BGY6003 50P03 se pr\u00e9sente comme une option \u00e9l\u00e9gante et polyvalente, con\u00e7ue pour sublimer le style f\u00e9minin contemporain. Cette <b>monture de lunettes<\/b> est fabriqu\u00e9e pour s\u2019adapter confortablement et en toute s\u00e9curit\u00e9 au visage de la femme moderne, permettant un port prolong\u00e9 tout au long de la journ\u00e9e sans compromettre l\u2019esth\u00e9tique. Le mod\u00e8le int\u00e8gre des <b>verres sans correction<\/b>, id\u00e9aux pour celles qui souhaitent personnaliser ult\u00e9rieurement leurs lunettes avec des verres optiques sur mesure ou pr\u00e9f\u00e8rent simplement une finition esth\u00e9tique sans correction visuelle. Le design \u00e9pur\u00e9 et intemporel de cette monture facilite l\u2019association avec des tenues professionnelles ou d\u00e9contract\u00e9es, mettant en avant sa capacit\u00e9 \u00e0 s\u2019adapter \u00e0 diverses situations. Les proportions soigneusement \u00e9tudi\u00e9es assurent un ajustement ergonomique, tandis que la construction en mat\u00e9riaux de qualit\u00e9 garantit une durabilit\u00e9 conforme aux standards de la marque Bulget. Compatibles avec la majorit\u00e9 des verres ophtalmiques du march\u00e9, ces lunettes offrent \u00e0 l\u2019utilisatrice la libert\u00e9 de choisir parmi diff\u00e9rentes options de personnalisation sans contrainte. En somme, la Bulget BGY6003 50P03 constitue une alternative fiable pour les femmes qui appr\u00e9cient la fonctionnalit\u00e9, le confort et un design raffin\u00e9 dans leur prochaine monture optique.<\/p>\n<ul>\n<li>Caract\u00e9ristiques: Verres sans graduation<\/li>\n<li>Type: Monture de Lunettes<\/li>\n<li>Type de verre: Lentilles sans ordonnance<\/li>\n<li>G\u00e9nero: Femme<\/li>\n<\/ul>","protected":false},"excerpt":{"rendered":"<p>Si vous \u00eates \u00e0 la recherche de nouvelles tendances sur le march\u00e9, nous vous pr\u00e9sentons Monture de Lunettes Femme Bulget BGY6003 50P03 ! La monture de lunettes femme Bulget BGY6003 50P03 se pr\u00e9sente comme une option \u00e9l\u00e9gante et polyvalente, con\u00e7ue pour sublimer le style f\u00e9minin contemporain. Cette monture de lunettes est fabriqu\u00e9e pour s\u2019adapter confortablement [&hellip;]<\/p>\n","protected":false},"featured_media":204348,"comment_status":"open","ping_status":"closed","template":"","meta":[],"product_brand":[3002],"product_cat":[776,777,752],"product_tag":[542],"woo-feed-brand":[],"class_list":{"0":"post-204351","1":"product","2":"type-product","3":"status-publish","4":"has-post-thumbnail","6":"product_brand-brandp_10452","7":"product_cat-detente-et-bien-etre","8":"product_cat-lunettes-de-lecture-et-lunettes-loupes","9":"product_cat-sante-beaute","10":"product_tag-tag_1274","12":"first","13":"instock","14":"taxable","15":"shipping-taxable","16":"purchasable","17":"product-type-simple"},"yoast_head":"<!-- This site is optimized with the Yoast SEO plugin v27.6 - https:\/\/yoast.com\/product\/yoast-seo-wordpress\/ -->\n<title>Monture de Lunettes Femme Bulget BGY6003 50P03 | | Tupique<\/title>\n<meta name=\"description\" content=\"Envie d&#039;acheter Monture de Lunettes Femme Bulget BGY6003 50P03\u00a0? Achetez Monture de Lunettes Femme Bulget BGY6003 50P03 maintenant avec Tupique en 3 versements sans int\u00e9r\u00eat.\" \/>\n<meta name=\"robots\" content=\"index, follow, max-snippet:-1, max-image-preview:large, max-video-preview:-1\" \/>\n<link rel=\"canonical\" href=\"https:\/\/tupique.com\/pt\/product\/monture-de-lunettes-femme-bulget-bgy6003-50p03\/\" \/>\n<meta property=\"og:locale\" content=\"pt_PT\" \/>\n<meta property=\"og:type\" content=\"article\" \/>\n<meta property=\"og:title\" content=\"Monture de Lunettes Femme Bulget BGY6003 50P03 | | Tupique\" \/>\n<meta property=\"og:description\" content=\"Envie d&#039;acheter Monture de Lunettes Femme Bulget BGY6003 50P03\u00a0? Achetez Monture de Lunettes Femme Bulget BGY6003 50P03 maintenant avec Tupique en 3 versements sans int\u00e9r\u00eat.\" \/>\n<meta property=\"og:url\" content=\"https:\/\/tupique.com\/pt\/product\/monture-de-lunettes-femme-bulget-bgy6003-50p03\/\" \/>\n<meta property=\"og:site_name\" content=\"Tupique\" \/>\n<meta name=\"twitter:card\" content=\"summary_large_image\" \/>\n<meta name=\"twitter:label1\" content=\"Tempo estimado de leitura\" \/>\n\t<meta name=\"twitter:data1\" content=\"1 minuto\" \/>\n<script type=\"application\/ld+json\" class=\"yoast-schema-graph\">{\"@context\":\"https:\\\/\\\/schema.org\",\"@graph\":[{\"@type\":\"WebPage\",\"@id\":\"https:\\\/\\\/tupique.com\\\/product\\\/monture-de-lunettes-femme-bulget-bgy6003-50p03\\\/\",\"url\":\"https:\\\/\\\/tupique.com\\\/product\\\/monture-de-lunettes-femme-bulget-bgy6003-50p03\\\/\",\"name\":\"Monture de Lunettes Femme Bulget BGY6003 50P03 | | Tupique\",\"isPartOf\":{\"@id\":\"https:\\\/\\\/tupique.com\\\/#website\"},\"primaryImageOfPage\":{\"@id\":\"https:\\\/\\\/tupique.com\\\/product\\\/monture-de-lunettes-femme-bulget-bgy6003-50p03\\\/#primaryimage\"},\"image\":{\"@id\":\"https:\\\/\\\/tupique.com\\\/product\\\/monture-de-lunettes-femme-bulget-bgy6003-50p03\\\/#primaryimage\"},\"thumbnailUrl\":\"https:\\\/\\\/tupique.com\\\/wp-content\\\/uploads\\\/2026\\\/05\\\/5604447109910_S72126780_P00.jpg\",\"datePublished\":\"2026-05-12T14:52:08+00:00\",\"description\":\"Envie d'acheter Monture de Lunettes Femme Bulget BGY6003 50P03\u00a0? Achetez Monture de Lunettes Femme Bulget BGY6003 50P03 maintenant avec Tupique en 3 versements sans int\u00e9r\u00eat.\",\"breadcrumb\":{\"@id\":\"https:\\\/\\\/tupique.com\\\/product\\\/monture-de-lunettes-femme-bulget-bgy6003-50p03\\\/#breadcrumb\"},\"inLanguage\":\"pt-PT\",\"potentialAction\":[{\"@type\":\"ReadAction\",\"target\":[\"https:\\\/\\\/tupique.com\\\/product\\\/monture-de-lunettes-femme-bulget-bgy6003-50p03\\\/\"]}]},{\"@type\":\"ImageObject\",\"inLanguage\":\"pt-PT\",\"@id\":\"https:\\\/\\\/tupique.com\\\/product\\\/monture-de-lunettes-femme-bulget-bgy6003-50p03\\\/#primaryimage\",\"url\":\"https:\\\/\\\/tupique.com\\\/wp-content\\\/uploads\\\/2026\\\/05\\\/5604447109910_S72126780_P00.jpg\",\"contentUrl\":\"https:\\\/\\\/tupique.com\\\/wp-content\\\/uploads\\\/2026\\\/05\\\/5604447109910_S72126780_P00.jpg\",\"width\":1200,\"height\":1200,\"caption\":\"S72126780_0\"},{\"@type\":\"BreadcrumbList\",\"@id\":\"https:\\\/\\\/tupique.com\\\/product\\\/monture-de-lunettes-femme-bulget-bgy6003-50p03\\\/#breadcrumb\",\"itemListElement\":[{\"@type\":\"ListItem\",\"position\":1,\"name\":\"commencer\",\"item\":\"https:\\\/\\\/tupique.com\\\/\"},{\"@type\":\"ListItem\",\"position\":2,\"name\":\"Loja\",\"item\":\"https:\\\/\\\/tupique.com\\\/pt\\\/loja\\\/\"},{\"@type\":\"ListItem\",\"position\":3,\"name\":\"Monture de Lunettes Femme Bulget BGY6003 50P03\"}]},{\"@type\":\"WebSite\",\"@id\":\"https:\\\/\\\/tupique.com\\\/#website\",\"url\":\"https:\\\/\\\/tupique.com\\\/\",\"name\":\"Tupique\",\"description\":\"\",\"publisher\":{\"@id\":\"https:\\\/\\\/tupique.com\\\/#organization\"},\"potentialAction\":[{\"@type\":\"SearchAction\",\"target\":{\"@type\":\"EntryPoint\",\"urlTemplate\":\"https:\\\/\\\/tupique.com\\\/?s={search_term_string}\"},\"query-input\":{\"@type\":\"PropertyValueSpecification\",\"valueRequired\":true,\"valueName\":\"search_term_string\"}}],\"inLanguage\":\"pt-PT\"},{\"@type\":\"Organization\",\"@id\":\"https:\\\/\\\/tupique.com\\\/#organization\",\"name\":\"Tupique\",\"url\":\"https:\\\/\\\/tupique.com\\\/\",\"logo\":{\"@type\":\"ImageObject\",\"inLanguage\":\"pt-PT\",\"@id\":\"https:\\\/\\\/tupique.com\\\/#\\\/schema\\\/logo\\\/image\\\/\",\"url\":\"https:\\\/\\\/tupique.com\\\/wp-content\\\/uploads\\\/2026\\\/03\\\/logo-tupique-1.webp\",\"contentUrl\":\"https:\\\/\\\/tupique.com\\\/wp-content\\\/uploads\\\/2026\\\/03\\\/logo-tupique-1.webp\",\"width\":500,\"height\":67,\"caption\":\"Tupique\"},\"image\":{\"@id\":\"https:\\\/\\\/tupique.com\\\/#\\\/schema\\\/logo\\\/image\\\/\"}}]}<\/script>\n<!-- \/ Yoast SEO plugin. -->","yoast_head_json":{"title":"Monture de Lunettes Femme Bulget BGY6003 50P03 | | Tupique","description":"Envie d'acheter Monture de Lunettes Femme Bulget BGY6003 50P03\u00a0? Achetez Monture de Lunettes Femme Bulget BGY6003 50P03 maintenant avec Tupique en 3 versements sans int\u00e9r\u00eat.","robots":{"index":"index","follow":"follow","max-snippet":"max-snippet:-1","max-image-preview":"max-image-preview:large","max-video-preview":"max-video-preview:-1"},"canonical":"https:\/\/tupique.com\/pt\/product\/monture-de-lunettes-femme-bulget-bgy6003-50p03\/","og_locale":"pt_PT","og_type":"article","og_title":"Monture de Lunettes Femme Bulget BGY6003 50P03 | | Tupique","og_description":"Envie d'acheter Monture de Lunettes Femme Bulget BGY6003 50P03\u00a0? Achetez Monture de Lunettes Femme Bulget BGY6003 50P03 maintenant avec Tupique en 3 versements sans int\u00e9r\u00eat.","og_url":"https:\/\/tupique.com\/pt\/product\/monture-de-lunettes-femme-bulget-bgy6003-50p03\/","og_site_name":"Tupique","twitter_card":"summary_large_image","twitter_misc":{"Tempo estimado de leitura":"1 minuto"},"schema":{"@context":"https:\/\/schema.org","@graph":[{"@type":"WebPage","@id":"https:\/\/tupique.com\/product\/monture-de-lunettes-femme-bulget-bgy6003-50p03\/","url":"https:\/\/tupique.com\/product\/monture-de-lunettes-femme-bulget-bgy6003-50p03\/","name":"Monture de Lunettes Femme Bulget BGY6003 50P03 | | Tupique","isPartOf":{"@id":"https:\/\/tupique.com\/#website"},"primaryImageOfPage":{"@id":"https:\/\/tupique.com\/product\/monture-de-lunettes-femme-bulget-bgy6003-50p03\/#primaryimage"},"image":{"@id":"https:\/\/tupique.com\/product\/monture-de-lunettes-femme-bulget-bgy6003-50p03\/#primaryimage"},"thumbnailUrl":"https:\/\/tupique.com\/wp-content\/uploads\/2026\/05\/5604447109910_S72126780_P00.jpg","datePublished":"2026-05-12T14:52:08+00:00","description":"Envie d'acheter Monture de Lunettes Femme Bulget BGY6003 50P03\u00a0? Achetez Monture de Lunettes Femme Bulget BGY6003 50P03 maintenant avec Tupique en 3 versements sans int\u00e9r\u00eat.","breadcrumb":{"@id":"https:\/\/tupique.com\/product\/monture-de-lunettes-femme-bulget-bgy6003-50p03\/#breadcrumb"},"inLanguage":"pt-PT","potentialAction":[{"@type":"ReadAction","target":["https:\/\/tupique.com\/product\/monture-de-lunettes-femme-bulget-bgy6003-50p03\/"]}]},{"@type":"ImageObject","inLanguage":"pt-PT","@id":"https:\/\/tupique.com\/product\/monture-de-lunettes-femme-bulget-bgy6003-50p03\/#primaryimage","url":"https:\/\/tupique.com\/wp-content\/uploads\/2026\/05\/5604447109910_S72126780_P00.jpg","contentUrl":"https:\/\/tupique.com\/wp-content\/uploads\/2026\/05\/5604447109910_S72126780_P00.jpg","width":1200,"height":1200,"caption":"S72126780_0"},{"@type":"BreadcrumbList","@id":"https:\/\/tupique.com\/product\/monture-de-lunettes-femme-bulget-bgy6003-50p03\/#breadcrumb","itemListElement":[{"@type":"ListItem","position":1,"name":"commencer","item":"https:\/\/tupique.com\/"},{"@type":"ListItem","position":2,"name":"Loja","item":"https:\/\/tupique.com\/pt\/loja\/"},{"@type":"ListItem","position":3,"name":"Monture de Lunettes Femme Bulget BGY6003 50P03"}]},{"@type":"WebSite","@id":"https:\/\/tupique.com\/#website","url":"https:\/\/tupique.com\/","name":"Tupique","description":"","publisher":{"@id":"https:\/\/tupique.com\/#organization"},"potentialAction":[{"@type":"SearchAction","target":{"@type":"EntryPoint","urlTemplate":"https:\/\/tupique.com\/?s={search_term_string}"},"query-input":{"@type":"PropertyValueSpecification","valueRequired":true,"valueName":"search_term_string"}}],"inLanguage":"pt-PT"},{"@type":"Organization","@id":"https:\/\/tupique.com\/#organization","name":"Tupique","url":"https:\/\/tupique.com\/","logo":{"@type":"ImageObject","inLanguage":"pt-PT","@id":"https:\/\/tupique.com\/#\/schema\/logo\/image\/","url":"https:\/\/tupique.com\/wp-content\/uploads\/2026\/03\/logo-tupique-1.webp","contentUrl":"https:\/\/tupique.com\/wp-content\/uploads\/2026\/03\/logo-tupique-1.webp","width":500,"height":67,"caption":"Tupique"},"image":{"@id":"https:\/\/tupique.com\/#\/schema\/logo\/image\/"}}]}},"_links":{"self":[{"href":"https:\/\/tupique.com\/pt\/wp-json\/wp\/v2\/product\/204351","targetHints":{"allow":["GET"]}}],"collection":[{"href":"https:\/\/tupique.com\/pt\/wp-json\/wp\/v2\/product"}],"about":[{"href":"https:\/\/tupique.com\/pt\/wp-json\/wp\/v2\/types\/product"}],"replies":[{"embeddable":true,"href":"https:\/\/tupique.com\/pt\/wp-json\/wp\/v2\/comments?post=204351"}],"wp:featuredmedia":[{"embeddable":true,"href":"https:\/\/tupique.com\/pt\/wp-json\/wp\/v2\/media\/204348"}],"wp:attachment":[{"href":"https:\/\/tupique.com\/pt\/wp-json\/wp\/v2\/media?parent=204351"}],"wp:term":[{"taxonomy":"product_brand","embeddable":true,"href":"https:\/\/tupique.com\/pt\/wp-json\/wp\/v2\/product_brand?post=204351"},{"taxonomy":"product_cat","embeddable":true,"href":"https:\/\/tupique.com\/pt\/wp-json\/wp\/v2\/product_cat?post=204351"},{"taxonomy":"product_tag","embeddable":true,"href":"https:\/\/tupique.com\/pt\/wp-json\/wp\/v2\/product_tag?post=204351"},{"taxonomy":"woo-feed-brand","embeddable":true,"href":"https:\/\/tupique.com\/pt\/wp-json\/wp\/v2\/woo-feed-brand?post=204351"}],"curies":[{"name":"wp","href":"https:\/\/api.w.org\/{rel}","templated":true}]}}