{"id":204395,"date":"2026-05-12T16:53:35","date_gmt":"2026-05-12T14:53:35","guid":{"rendered":"https:\/\/tupique.com\/product\/monture-de-lunettes-femme-bulget-bgy1002t-5005a\/"},"modified":"2026-05-12T16:53:35","modified_gmt":"2026-05-12T14:53:35","slug":"monture-de-lunettes-femme-bulget-bgy1002t-5005a","status":"publish","type":"product","link":"https:\/\/tupique.com\/pt\/product\/monture-de-lunettes-femme-bulget-bgy1002t-5005a\/","title":{"rendered":"Monture de Lunettes Femme Bulget BGY1002T 5005A"},"content":{"rendered":"<p>Si vous \u00eates \u00e0 la recherche de nouvelles tendances sur le march\u00e9, nous vous pr\u00e9sentons <b>Monture de Lunettes Femme Bulget BGY1002T 5005A<\/b> !<\/p>\n<p>A <b>monture de lunettes pour femme<\/b> Bulget BGY1002T 5005A est une option moderne con\u00e7ue pour mettre en valeur le style et le confort f\u00e9minin, id\u00e9ale pour celles qui souhaitent allier fonctionnalit\u00e9 et \u00e9l\u00e9gance au quotidien. Ce mod\u00e8le se distingue par sa <b>structure l\u00e9g\u00e8re et r\u00e9sistante<\/b>, offrant une sensation de port agr\u00e9able m\u00eame lors d\u2019une utilisation prolong\u00e9e, tout en r\u00e9duisant la pression sur le visage. La <b>monture<\/b> est \u00e9quip\u00e9e de <b>verres sans correction<\/b>, permettant \u00e0 la cliente de les adapter ult\u00e9rieurement \u00e0 ses besoins visuels avec des verres correcteurs si elle le souhaite, ou de les utiliser simplement comme accessoire de protection ou \u00e9l\u00e9ment esth\u00e9tique. Con\u00e7ue pour le public f\u00e9minin, la structure respecte les proportions habituelles des visages de femme, assurant un ajustement s\u00fbr et flatteur. Le design contemporain de la monture s\u2019accorde facilement avec diff\u00e9rents styles personnels, des plus classiques aux plus modernes, facilitant son int\u00e9gration aussi bien dans des contextes professionnels qu\u2019informels. Fabriqu\u00e9e selon les standards de qualit\u00e9 reconnus de Bulget, la <b>BGY1002T 5005A<\/b> s\u2019impose comme une solution fiable dans le segment des accessoires optiques, offrant durabilit\u00e9 et polyvalence en un seul produit. Cette monture de lunettes est id\u00e9ale pour celles qui recherchent un \u00e9quilibre entre design f\u00e9minin, adaptabilit\u00e9 et praticit\u00e9 dans leurs accessoires quotidiens.<\/p>\n<ul>\n<li>Caract\u00e9ristiques: Verres sans graduation<\/li>\n<li>Type: Monture de Lunettes<\/li>\n<li>Type de verre: Lentilles sans ordonnance<\/li>\n<li>G\u00e9nero: Femme<\/li>\n<\/ul>","protected":false},"excerpt":{"rendered":"<p>Si vous \u00eates \u00e0 la recherche de nouvelles tendances sur le march\u00e9, nous vous pr\u00e9sentons Monture de Lunettes Femme Bulget BGY1002T 5005A ! La monture de lunettes pour femme Bulget BGY1002T 5005A est une option moderne con\u00e7ue pour mettre en valeur le style et le confort f\u00e9minin, id\u00e9ale pour celles qui souhaitent allier fonctionnalit\u00e9 et [&hellip;]<\/p>\n","protected":false},"featured_media":204392,"comment_status":"open","ping_status":"closed","template":"","meta":[],"product_brand":[3002],"product_cat":[776,777,752],"product_tag":[542],"woo-feed-brand":[],"class_list":{"0":"post-204395","1":"product","2":"type-product","3":"status-publish","4":"has-post-thumbnail","6":"product_brand-brandp_10452","7":"product_cat-detente-et-bien-etre","8":"product_cat-lunettes-de-lecture-et-lunettes-loupes","9":"product_cat-sante-beaute","10":"product_tag-tag_1274","12":"first","13":"instock","14":"taxable","15":"shipping-taxable","16":"purchasable","17":"product-type-simple"},"yoast_head":"<!-- This site is optimized with the Yoast SEO plugin v27.6 - https:\/\/yoast.com\/product\/yoast-seo-wordpress\/ -->\n<title>Monture de Lunettes Femme Bulget BGY1002T 5005A | | Tupique<\/title>\n<meta name=\"description\" content=\"Envie d&#039;acheter Monture de Lunettes Femme Bulget BGY1002T 5005A\u00a0? Achetez Monture de Lunettes Femme Bulget BGY1002T 5005A maintenant avec Tupique en 3 versements sans int\u00e9r\u00eat.\" \/>\n<meta name=\"robots\" content=\"index, follow, max-snippet:-1, max-image-preview:large, max-video-preview:-1\" \/>\n<link rel=\"canonical\" href=\"https:\/\/tupique.com\/pt\/product\/monture-de-lunettes-femme-bulget-bgy1002t-5005a\/\" \/>\n<meta property=\"og:locale\" content=\"pt_PT\" \/>\n<meta property=\"og:type\" content=\"article\" \/>\n<meta property=\"og:title\" content=\"Monture de Lunettes Femme Bulget BGY1002T 5005A | | Tupique\" \/>\n<meta property=\"og:description\" content=\"Envie d&#039;acheter Monture de Lunettes Femme Bulget BGY1002T 5005A\u00a0? Achetez Monture de Lunettes Femme Bulget BGY1002T 5005A maintenant avec Tupique en 3 versements sans int\u00e9r\u00eat.\" \/>\n<meta property=\"og:url\" content=\"https:\/\/tupique.com\/pt\/product\/monture-de-lunettes-femme-bulget-bgy1002t-5005a\/\" \/>\n<meta property=\"og:site_name\" content=\"Tupique\" \/>\n<meta name=\"twitter:card\" content=\"summary_large_image\" \/>\n<meta name=\"twitter:label1\" content=\"Tempo estimado de leitura\" \/>\n\t<meta name=\"twitter:data1\" content=\"1 minuto\" \/>\n<script type=\"application\/ld+json\" class=\"yoast-schema-graph\">{\"@context\":\"https:\\\/\\\/schema.org\",\"@graph\":[{\"@type\":\"WebPage\",\"@id\":\"https:\\\/\\\/tupique.com\\\/product\\\/monture-de-lunettes-femme-bulget-bgy1002t-5005a\\\/\",\"url\":\"https:\\\/\\\/tupique.com\\\/product\\\/monture-de-lunettes-femme-bulget-bgy1002t-5005a\\\/\",\"name\":\"Monture de Lunettes Femme Bulget BGY1002T 5005A | | Tupique\",\"isPartOf\":{\"@id\":\"https:\\\/\\\/tupique.com\\\/#website\"},\"primaryImageOfPage\":{\"@id\":\"https:\\\/\\\/tupique.com\\\/product\\\/monture-de-lunettes-femme-bulget-bgy1002t-5005a\\\/#primaryimage\"},\"image\":{\"@id\":\"https:\\\/\\\/tupique.com\\\/product\\\/monture-de-lunettes-femme-bulget-bgy1002t-5005a\\\/#primaryimage\"},\"thumbnailUrl\":\"https:\\\/\\\/tupique.com\\\/wp-content\\\/uploads\\\/2026\\\/05\\\/5604447105554_S72125454_P00.jpg\",\"datePublished\":\"2026-05-12T14:53:35+00:00\",\"description\":\"Envie d'acheter Monture de Lunettes Femme Bulget BGY1002T 5005A\u00a0? Achetez Monture de Lunettes Femme Bulget BGY1002T 5005A maintenant avec Tupique en 3 versements sans int\u00e9r\u00eat.\",\"breadcrumb\":{\"@id\":\"https:\\\/\\\/tupique.com\\\/product\\\/monture-de-lunettes-femme-bulget-bgy1002t-5005a\\\/#breadcrumb\"},\"inLanguage\":\"pt-PT\",\"potentialAction\":[{\"@type\":\"ReadAction\",\"target\":[\"https:\\\/\\\/tupique.com\\\/product\\\/monture-de-lunettes-femme-bulget-bgy1002t-5005a\\\/\"]}]},{\"@type\":\"ImageObject\",\"inLanguage\":\"pt-PT\",\"@id\":\"https:\\\/\\\/tupique.com\\\/product\\\/monture-de-lunettes-femme-bulget-bgy1002t-5005a\\\/#primaryimage\",\"url\":\"https:\\\/\\\/tupique.com\\\/wp-content\\\/uploads\\\/2026\\\/05\\\/5604447105554_S72125454_P00.jpg\",\"contentUrl\":\"https:\\\/\\\/tupique.com\\\/wp-content\\\/uploads\\\/2026\\\/05\\\/5604447105554_S72125454_P00.jpg\",\"width\":1200,\"height\":1200,\"caption\":\"S72125454_0\"},{\"@type\":\"BreadcrumbList\",\"@id\":\"https:\\\/\\\/tupique.com\\\/product\\\/monture-de-lunettes-femme-bulget-bgy1002t-5005a\\\/#breadcrumb\",\"itemListElement\":[{\"@type\":\"ListItem\",\"position\":1,\"name\":\"commencer\",\"item\":\"https:\\\/\\\/tupique.com\\\/\"},{\"@type\":\"ListItem\",\"position\":2,\"name\":\"Loja\",\"item\":\"https:\\\/\\\/tupique.com\\\/pt\\\/loja\\\/\"},{\"@type\":\"ListItem\",\"position\":3,\"name\":\"Monture de Lunettes Femme Bulget BGY1002T 5005A\"}]},{\"@type\":\"WebSite\",\"@id\":\"https:\\\/\\\/tupique.com\\\/#website\",\"url\":\"https:\\\/\\\/tupique.com\\\/\",\"name\":\"Tupique\",\"description\":\"\",\"publisher\":{\"@id\":\"https:\\\/\\\/tupique.com\\\/#organization\"},\"potentialAction\":[{\"@type\":\"SearchAction\",\"target\":{\"@type\":\"EntryPoint\",\"urlTemplate\":\"https:\\\/\\\/tupique.com\\\/?s={search_term_string}\"},\"query-input\":{\"@type\":\"PropertyValueSpecification\",\"valueRequired\":true,\"valueName\":\"search_term_string\"}}],\"inLanguage\":\"pt-PT\"},{\"@type\":\"Organization\",\"@id\":\"https:\\\/\\\/tupique.com\\\/#organization\",\"name\":\"Tupique\",\"url\":\"https:\\\/\\\/tupique.com\\\/\",\"logo\":{\"@type\":\"ImageObject\",\"inLanguage\":\"pt-PT\",\"@id\":\"https:\\\/\\\/tupique.com\\\/#\\\/schema\\\/logo\\\/image\\\/\",\"url\":\"https:\\\/\\\/tupique.com\\\/wp-content\\\/uploads\\\/2026\\\/03\\\/logo-tupique-1.webp\",\"contentUrl\":\"https:\\\/\\\/tupique.com\\\/wp-content\\\/uploads\\\/2026\\\/03\\\/logo-tupique-1.webp\",\"width\":500,\"height\":67,\"caption\":\"Tupique\"},\"image\":{\"@id\":\"https:\\\/\\\/tupique.com\\\/#\\\/schema\\\/logo\\\/image\\\/\"}}]}<\/script>\n<!-- \/ Yoast SEO plugin. -->","yoast_head_json":{"title":"Monture de Lunettes Femme Bulget BGY1002T 5005A | | Tupique","description":"Envie d'acheter Monture de Lunettes Femme Bulget BGY1002T 5005A\u00a0? Achetez Monture de Lunettes Femme Bulget BGY1002T 5005A maintenant avec Tupique en 3 versements sans int\u00e9r\u00eat.","robots":{"index":"index","follow":"follow","max-snippet":"max-snippet:-1","max-image-preview":"max-image-preview:large","max-video-preview":"max-video-preview:-1"},"canonical":"https:\/\/tupique.com\/pt\/product\/monture-de-lunettes-femme-bulget-bgy1002t-5005a\/","og_locale":"pt_PT","og_type":"article","og_title":"Monture de Lunettes Femme Bulget BGY1002T 5005A | | Tupique","og_description":"Envie d'acheter Monture de Lunettes Femme Bulget BGY1002T 5005A\u00a0? Achetez Monture de Lunettes Femme Bulget BGY1002T 5005A maintenant avec Tupique en 3 versements sans int\u00e9r\u00eat.","og_url":"https:\/\/tupique.com\/pt\/product\/monture-de-lunettes-femme-bulget-bgy1002t-5005a\/","og_site_name":"Tupique","twitter_card":"summary_large_image","twitter_misc":{"Tempo estimado de leitura":"1 minuto"},"schema":{"@context":"https:\/\/schema.org","@graph":[{"@type":"WebPage","@id":"https:\/\/tupique.com\/product\/monture-de-lunettes-femme-bulget-bgy1002t-5005a\/","url":"https:\/\/tupique.com\/product\/monture-de-lunettes-femme-bulget-bgy1002t-5005a\/","name":"Monture de Lunettes Femme Bulget BGY1002T 5005A | | Tupique","isPartOf":{"@id":"https:\/\/tupique.com\/#website"},"primaryImageOfPage":{"@id":"https:\/\/tupique.com\/product\/monture-de-lunettes-femme-bulget-bgy1002t-5005a\/#primaryimage"},"image":{"@id":"https:\/\/tupique.com\/product\/monture-de-lunettes-femme-bulget-bgy1002t-5005a\/#primaryimage"},"thumbnailUrl":"https:\/\/tupique.com\/wp-content\/uploads\/2026\/05\/5604447105554_S72125454_P00.jpg","datePublished":"2026-05-12T14:53:35+00:00","description":"Envie d'acheter Monture de Lunettes Femme Bulget BGY1002T 5005A\u00a0? Achetez Monture de Lunettes Femme Bulget BGY1002T 5005A maintenant avec Tupique en 3 versements sans int\u00e9r\u00eat.","breadcrumb":{"@id":"https:\/\/tupique.com\/product\/monture-de-lunettes-femme-bulget-bgy1002t-5005a\/#breadcrumb"},"inLanguage":"pt-PT","potentialAction":[{"@type":"ReadAction","target":["https:\/\/tupique.com\/product\/monture-de-lunettes-femme-bulget-bgy1002t-5005a\/"]}]},{"@type":"ImageObject","inLanguage":"pt-PT","@id":"https:\/\/tupique.com\/product\/monture-de-lunettes-femme-bulget-bgy1002t-5005a\/#primaryimage","url":"https:\/\/tupique.com\/wp-content\/uploads\/2026\/05\/5604447105554_S72125454_P00.jpg","contentUrl":"https:\/\/tupique.com\/wp-content\/uploads\/2026\/05\/5604447105554_S72125454_P00.jpg","width":1200,"height":1200,"caption":"S72125454_0"},{"@type":"BreadcrumbList","@id":"https:\/\/tupique.com\/product\/monture-de-lunettes-femme-bulget-bgy1002t-5005a\/#breadcrumb","itemListElement":[{"@type":"ListItem","position":1,"name":"commencer","item":"https:\/\/tupique.com\/"},{"@type":"ListItem","position":2,"name":"Loja","item":"https:\/\/tupique.com\/pt\/loja\/"},{"@type":"ListItem","position":3,"name":"Monture de Lunettes Femme Bulget BGY1002T 5005A"}]},{"@type":"WebSite","@id":"https:\/\/tupique.com\/#website","url":"https:\/\/tupique.com\/","name":"Tupique","description":"","publisher":{"@id":"https:\/\/tupique.com\/#organization"},"potentialAction":[{"@type":"SearchAction","target":{"@type":"EntryPoint","urlTemplate":"https:\/\/tupique.com\/?s={search_term_string}"},"query-input":{"@type":"PropertyValueSpecification","valueRequired":true,"valueName":"search_term_string"}}],"inLanguage":"pt-PT"},{"@type":"Organization","@id":"https:\/\/tupique.com\/#organization","name":"Tupique","url":"https:\/\/tupique.com\/","logo":{"@type":"ImageObject","inLanguage":"pt-PT","@id":"https:\/\/tupique.com\/#\/schema\/logo\/image\/","url":"https:\/\/tupique.com\/wp-content\/uploads\/2026\/03\/logo-tupique-1.webp","contentUrl":"https:\/\/tupique.com\/wp-content\/uploads\/2026\/03\/logo-tupique-1.webp","width":500,"height":67,"caption":"Tupique"},"image":{"@id":"https:\/\/tupique.com\/#\/schema\/logo\/image\/"}}]}},"_links":{"self":[{"href":"https:\/\/tupique.com\/pt\/wp-json\/wp\/v2\/product\/204395","targetHints":{"allow":["GET"]}}],"collection":[{"href":"https:\/\/tupique.com\/pt\/wp-json\/wp\/v2\/product"}],"about":[{"href":"https:\/\/tupique.com\/pt\/wp-json\/wp\/v2\/types\/product"}],"replies":[{"embeddable":true,"href":"https:\/\/tupique.com\/pt\/wp-json\/wp\/v2\/comments?post=204395"}],"wp:featuredmedia":[{"embeddable":true,"href":"https:\/\/tupique.com\/pt\/wp-json\/wp\/v2\/media\/204392"}],"wp:attachment":[{"href":"https:\/\/tupique.com\/pt\/wp-json\/wp\/v2\/media?parent=204395"}],"wp:term":[{"taxonomy":"product_brand","embeddable":true,"href":"https:\/\/tupique.com\/pt\/wp-json\/wp\/v2\/product_brand?post=204395"},{"taxonomy":"product_cat","embeddable":true,"href":"https:\/\/tupique.com\/pt\/wp-json\/wp\/v2\/product_cat?post=204395"},{"taxonomy":"product_tag","embeddable":true,"href":"https:\/\/tupique.com\/pt\/wp-json\/wp\/v2\/product_tag?post=204395"},{"taxonomy":"woo-feed-brand","embeddable":true,"href":"https:\/\/tupique.com\/pt\/wp-json\/wp\/v2\/woo-feed-brand?post=204395"}],"curies":[{"name":"wp","href":"https:\/\/api.w.org\/{rel}","templated":true}]}}