{"id":204506,"date":"2026-05-12T16:57:12","date_gmt":"2026-05-12T14:57:12","guid":{"rendered":"https:\/\/tupique.com\/product\/monture-de-lunettes-femme-converse-cv5096-51666\/"},"modified":"2026-05-12T16:57:12","modified_gmt":"2026-05-12T14:57:12","slug":"monture-de-lunettes-femme-converse-cv5096-51666","status":"publish","type":"product","link":"https:\/\/tupique.com\/pt\/product\/monture-de-lunettes-femme-converse-cv5096-51666\/","title":{"rendered":"Monture de Lunettes Femme Converse CV5096 51666"},"content":{"rendered":"<p>Si vous \u00eates \u00e0 la recherche de nouvelles tendances sur le march\u00e9, nous vous pr\u00e9sentons <b>Monture de Lunettes Femme Converse CV5096 51666<\/b> !<\/p>\n<p>A <b>monture de lunettes pour femme<\/b> mod\u00e8le <b>CV5096 51666<\/b> de Converse est con\u00e7ue pour offrir un \u00e9quilibre entre style contemporain et praticit\u00e9 au quotidien, r\u00e9pondant aux besoins et pr\u00e9f\u00e9rences f\u00e9minins actuels. Elle se distingue par sa structure r\u00e9sistante, parfaitement adapt\u00e9e \u00e0 celles qui recherchent une monture fiable pour un usage occasionnel ou quotidien. Ce mod\u00e8le est \u00e9quip\u00e9 de <b>verres sans correction<\/b>, permettant de personnaliser les verres ult\u00e9rieurement selon les besoins visuels de l\u2019utilisatrice ou de les porter comme accessoire de mode d\u00e8s le d\u00e9part. La monture est sp\u00e9cialement fabriqu\u00e9e pour <b>femme<\/b>, avec une attention particuli\u00e8re aux d\u00e9tails ergonomiques et aux formes qui assurent confort et ajustement sur le visage f\u00e9minin, essentiel pour un port prolong\u00e9 sans g\u00eane. La <b>qualit\u00e9 des mat\u00e9riaux<\/b> utilis\u00e9s dans la structure renforce la durabilit\u00e9 et la l\u00e9g\u00e8ret\u00e9 de l\u2019ensemble, deux atouts particuli\u00e8rement appr\u00e9ci\u00e9s dans ce type de produit optique. Appartenant \u00e0 la marque Converse reconnue, ce mod\u00e8le v\u00e9hicule une image jeune et actuelle, s\u2019int\u00e9grant facilement \u00e0 diff\u00e9rents styles personnels et contextes, qu\u2019ils soient d\u00e9contract\u00e9s ou plus formels. En r\u00e9sum\u00e9, cette monture repr\u00e9sente une solution polyvalente et moderne, id\u00e9ale pour les femmes qui appr\u00e9cient \u00e0 la fois l\u2019esth\u00e9tique et la praticit\u00e9 dans leurs lunettes de tous les jours.<\/p>\n<ul>\n<li>Caract\u00e9ristiques: Verres sans graduation<\/li>\n<li>Type: Monture de Lunettes<\/li>\n<li>Type de verre: Lentilles sans ordonnance<\/li>\n<li>G\u00e9nero: Femme<\/li>\n<\/ul>","protected":false},"excerpt":{"rendered":"<p>Si vous \u00eates \u00e0 la recherche de nouvelles tendances sur le march\u00e9, nous vous pr\u00e9sentons Monture de Lunettes Femme Converse CV5096 51666 ! La monture de lunettes pour femme mod\u00e8le CV5096 51666 de Converse est con\u00e7ue pour offrir un \u00e9quilibre entre style contemporain et praticit\u00e9 au quotidien, r\u00e9pondant aux besoins et pr\u00e9f\u00e9rences f\u00e9minins actuels. Elle [&hellip;]<\/p>\n","protected":false},"featured_media":204503,"comment_status":"open","ping_status":"closed","template":"","meta":[],"product_brand":[3004],"product_cat":[776,777,752],"product_tag":[542],"woo-feed-brand":[],"class_list":{"0":"post-204506","1":"product","2":"type-product","3":"status-publish","4":"has-post-thumbnail","6":"product_brand-brandp_821","7":"product_cat-detente-et-bien-etre","8":"product_cat-lunettes-de-lecture-et-lunettes-loupes","9":"product_cat-sante-beaute","10":"product_tag-tag_1274","12":"first","13":"instock","14":"taxable","15":"shipping-taxable","16":"purchasable","17":"product-type-simple"},"yoast_head":"<!-- This site is optimized with the Yoast SEO plugin v27.6 - https:\/\/yoast.com\/product\/yoast-seo-wordpress\/ -->\n<title>Monture de Lunettes Femme Converse CV5096 51666 | | Tupique<\/title>\n<meta name=\"description\" content=\"Envie d&#039;acheter Monture de Lunettes Femme Converse CV5096 51666\u00a0? Achetez Monture de Lunettes Femme Converse CV5096 51666 maintenant avec Tupique en 3 versements sans int\u00e9r\u00eat.\" \/>\n<meta name=\"robots\" content=\"index, follow, max-snippet:-1, max-image-preview:large, max-video-preview:-1\" \/>\n<link rel=\"canonical\" href=\"https:\/\/tupique.com\/pt\/product\/monture-de-lunettes-femme-converse-cv5096-51666\/\" \/>\n<meta property=\"og:locale\" content=\"pt_PT\" \/>\n<meta property=\"og:type\" content=\"article\" \/>\n<meta property=\"og:title\" content=\"Monture de Lunettes Femme Converse CV5096 51666 | | Tupique\" \/>\n<meta property=\"og:description\" content=\"Envie d&#039;acheter Monture de Lunettes Femme Converse CV5096 51666\u00a0? Achetez Monture de Lunettes Femme Converse CV5096 51666 maintenant avec Tupique en 3 versements sans int\u00e9r\u00eat.\" \/>\n<meta property=\"og:url\" content=\"https:\/\/tupique.com\/pt\/product\/monture-de-lunettes-femme-converse-cv5096-51666\/\" \/>\n<meta property=\"og:site_name\" content=\"Tupique\" \/>\n<meta name=\"twitter:card\" content=\"summary_large_image\" \/>\n<meta name=\"twitter:label1\" content=\"Tempo estimado de leitura\" \/>\n\t<meta name=\"twitter:data1\" content=\"1 minuto\" \/>\n<script type=\"application\/ld+json\" class=\"yoast-schema-graph\">{\"@context\":\"https:\\\/\\\/schema.org\",\"@graph\":[{\"@type\":\"WebPage\",\"@id\":\"https:\\\/\\\/tupique.com\\\/product\\\/monture-de-lunettes-femme-converse-cv5096-51666\\\/\",\"url\":\"https:\\\/\\\/tupique.com\\\/product\\\/monture-de-lunettes-femme-converse-cv5096-51666\\\/\",\"name\":\"Monture de Lunettes Femme Converse CV5096 51666 | | Tupique\",\"isPartOf\":{\"@id\":\"https:\\\/\\\/tupique.com\\\/#website\"},\"primaryImageOfPage\":{\"@id\":\"https:\\\/\\\/tupique.com\\\/product\\\/monture-de-lunettes-femme-converse-cv5096-51666\\\/#primaryimage\"},\"image\":{\"@id\":\"https:\\\/\\\/tupique.com\\\/product\\\/monture-de-lunettes-femme-converse-cv5096-51666\\\/#primaryimage\"},\"thumbnailUrl\":\"https:\\\/\\\/tupique.com\\\/wp-content\\\/uploads\\\/2026\\\/05\\\/0886895639514_S72127086_P00.jpg\",\"datePublished\":\"2026-05-12T14:57:12+00:00\",\"description\":\"Envie d'acheter Monture de Lunettes Femme Converse CV5096 51666\u00a0? Achetez Monture de Lunettes Femme Converse CV5096 51666 maintenant avec Tupique en 3 versements sans int\u00e9r\u00eat.\",\"breadcrumb\":{\"@id\":\"https:\\\/\\\/tupique.com\\\/product\\\/monture-de-lunettes-femme-converse-cv5096-51666\\\/#breadcrumb\"},\"inLanguage\":\"pt-PT\",\"potentialAction\":[{\"@type\":\"ReadAction\",\"target\":[\"https:\\\/\\\/tupique.com\\\/product\\\/monture-de-lunettes-femme-converse-cv5096-51666\\\/\"]}]},{\"@type\":\"ImageObject\",\"inLanguage\":\"pt-PT\",\"@id\":\"https:\\\/\\\/tupique.com\\\/product\\\/monture-de-lunettes-femme-converse-cv5096-51666\\\/#primaryimage\",\"url\":\"https:\\\/\\\/tupique.com\\\/wp-content\\\/uploads\\\/2026\\\/05\\\/0886895639514_S72127086_P00.jpg\",\"contentUrl\":\"https:\\\/\\\/tupique.com\\\/wp-content\\\/uploads\\\/2026\\\/05\\\/0886895639514_S72127086_P00.jpg\",\"width\":1200,\"height\":1200,\"caption\":\"S72127086_0\"},{\"@type\":\"BreadcrumbList\",\"@id\":\"https:\\\/\\\/tupique.com\\\/product\\\/monture-de-lunettes-femme-converse-cv5096-51666\\\/#breadcrumb\",\"itemListElement\":[{\"@type\":\"ListItem\",\"position\":1,\"name\":\"commencer\",\"item\":\"https:\\\/\\\/tupique.com\\\/\"},{\"@type\":\"ListItem\",\"position\":2,\"name\":\"Loja\",\"item\":\"https:\\\/\\\/tupique.com\\\/pt\\\/loja\\\/\"},{\"@type\":\"ListItem\",\"position\":3,\"name\":\"Monture de Lunettes Femme Converse CV5096 51666\"}]},{\"@type\":\"WebSite\",\"@id\":\"https:\\\/\\\/tupique.com\\\/#website\",\"url\":\"https:\\\/\\\/tupique.com\\\/\",\"name\":\"Tupique\",\"description\":\"\",\"publisher\":{\"@id\":\"https:\\\/\\\/tupique.com\\\/#organization\"},\"potentialAction\":[{\"@type\":\"SearchAction\",\"target\":{\"@type\":\"EntryPoint\",\"urlTemplate\":\"https:\\\/\\\/tupique.com\\\/?s={search_term_string}\"},\"query-input\":{\"@type\":\"PropertyValueSpecification\",\"valueRequired\":true,\"valueName\":\"search_term_string\"}}],\"inLanguage\":\"pt-PT\"},{\"@type\":\"Organization\",\"@id\":\"https:\\\/\\\/tupique.com\\\/#organization\",\"name\":\"Tupique\",\"url\":\"https:\\\/\\\/tupique.com\\\/\",\"logo\":{\"@type\":\"ImageObject\",\"inLanguage\":\"pt-PT\",\"@id\":\"https:\\\/\\\/tupique.com\\\/#\\\/schema\\\/logo\\\/image\\\/\",\"url\":\"https:\\\/\\\/tupique.com\\\/wp-content\\\/uploads\\\/2026\\\/03\\\/logo-tupique-1.webp\",\"contentUrl\":\"https:\\\/\\\/tupique.com\\\/wp-content\\\/uploads\\\/2026\\\/03\\\/logo-tupique-1.webp\",\"width\":500,\"height\":67,\"caption\":\"Tupique\"},\"image\":{\"@id\":\"https:\\\/\\\/tupique.com\\\/#\\\/schema\\\/logo\\\/image\\\/\"}}]}<\/script>\n<!-- \/ Yoast SEO plugin. -->","yoast_head_json":{"title":"Monture de Lunettes Femme Converse CV5096 51666 | | Tupique","description":"Envie d'acheter Monture de Lunettes Femme Converse CV5096 51666\u00a0? Achetez Monture de Lunettes Femme Converse CV5096 51666 maintenant avec Tupique en 3 versements sans int\u00e9r\u00eat.","robots":{"index":"index","follow":"follow","max-snippet":"max-snippet:-1","max-image-preview":"max-image-preview:large","max-video-preview":"max-video-preview:-1"},"canonical":"https:\/\/tupique.com\/pt\/product\/monture-de-lunettes-femme-converse-cv5096-51666\/","og_locale":"pt_PT","og_type":"article","og_title":"Monture de Lunettes Femme Converse CV5096 51666 | | Tupique","og_description":"Envie d'acheter Monture de Lunettes Femme Converse CV5096 51666\u00a0? Achetez Monture de Lunettes Femme Converse CV5096 51666 maintenant avec Tupique en 3 versements sans int\u00e9r\u00eat.","og_url":"https:\/\/tupique.com\/pt\/product\/monture-de-lunettes-femme-converse-cv5096-51666\/","og_site_name":"Tupique","twitter_card":"summary_large_image","twitter_misc":{"Tempo estimado de leitura":"1 minuto"},"schema":{"@context":"https:\/\/schema.org","@graph":[{"@type":"WebPage","@id":"https:\/\/tupique.com\/product\/monture-de-lunettes-femme-converse-cv5096-51666\/","url":"https:\/\/tupique.com\/product\/monture-de-lunettes-femme-converse-cv5096-51666\/","name":"Monture de Lunettes Femme Converse CV5096 51666 | | Tupique","isPartOf":{"@id":"https:\/\/tupique.com\/#website"},"primaryImageOfPage":{"@id":"https:\/\/tupique.com\/product\/monture-de-lunettes-femme-converse-cv5096-51666\/#primaryimage"},"image":{"@id":"https:\/\/tupique.com\/product\/monture-de-lunettes-femme-converse-cv5096-51666\/#primaryimage"},"thumbnailUrl":"https:\/\/tupique.com\/wp-content\/uploads\/2026\/05\/0886895639514_S72127086_P00.jpg","datePublished":"2026-05-12T14:57:12+00:00","description":"Envie d'acheter Monture de Lunettes Femme Converse CV5096 51666\u00a0? Achetez Monture de Lunettes Femme Converse CV5096 51666 maintenant avec Tupique en 3 versements sans int\u00e9r\u00eat.","breadcrumb":{"@id":"https:\/\/tupique.com\/product\/monture-de-lunettes-femme-converse-cv5096-51666\/#breadcrumb"},"inLanguage":"pt-PT","potentialAction":[{"@type":"ReadAction","target":["https:\/\/tupique.com\/product\/monture-de-lunettes-femme-converse-cv5096-51666\/"]}]},{"@type":"ImageObject","inLanguage":"pt-PT","@id":"https:\/\/tupique.com\/product\/monture-de-lunettes-femme-converse-cv5096-51666\/#primaryimage","url":"https:\/\/tupique.com\/wp-content\/uploads\/2026\/05\/0886895639514_S72127086_P00.jpg","contentUrl":"https:\/\/tupique.com\/wp-content\/uploads\/2026\/05\/0886895639514_S72127086_P00.jpg","width":1200,"height":1200,"caption":"S72127086_0"},{"@type":"BreadcrumbList","@id":"https:\/\/tupique.com\/product\/monture-de-lunettes-femme-converse-cv5096-51666\/#breadcrumb","itemListElement":[{"@type":"ListItem","position":1,"name":"commencer","item":"https:\/\/tupique.com\/"},{"@type":"ListItem","position":2,"name":"Loja","item":"https:\/\/tupique.com\/pt\/loja\/"},{"@type":"ListItem","position":3,"name":"Monture de Lunettes Femme Converse CV5096 51666"}]},{"@type":"WebSite","@id":"https:\/\/tupique.com\/#website","url":"https:\/\/tupique.com\/","name":"Tupique","description":"","publisher":{"@id":"https:\/\/tupique.com\/#organization"},"potentialAction":[{"@type":"SearchAction","target":{"@type":"EntryPoint","urlTemplate":"https:\/\/tupique.com\/?s={search_term_string}"},"query-input":{"@type":"PropertyValueSpecification","valueRequired":true,"valueName":"search_term_string"}}],"inLanguage":"pt-PT"},{"@type":"Organization","@id":"https:\/\/tupique.com\/#organization","name":"Tupique","url":"https:\/\/tupique.com\/","logo":{"@type":"ImageObject","inLanguage":"pt-PT","@id":"https:\/\/tupique.com\/#\/schema\/logo\/image\/","url":"https:\/\/tupique.com\/wp-content\/uploads\/2026\/03\/logo-tupique-1.webp","contentUrl":"https:\/\/tupique.com\/wp-content\/uploads\/2026\/03\/logo-tupique-1.webp","width":500,"height":67,"caption":"Tupique"},"image":{"@id":"https:\/\/tupique.com\/#\/schema\/logo\/image\/"}}]}},"_links":{"self":[{"href":"https:\/\/tupique.com\/pt\/wp-json\/wp\/v2\/product\/204506","targetHints":{"allow":["GET"]}}],"collection":[{"href":"https:\/\/tupique.com\/pt\/wp-json\/wp\/v2\/product"}],"about":[{"href":"https:\/\/tupique.com\/pt\/wp-json\/wp\/v2\/types\/product"}],"replies":[{"embeddable":true,"href":"https:\/\/tupique.com\/pt\/wp-json\/wp\/v2\/comments?post=204506"}],"wp:featuredmedia":[{"embeddable":true,"href":"https:\/\/tupique.com\/pt\/wp-json\/wp\/v2\/media\/204503"}],"wp:attachment":[{"href":"https:\/\/tupique.com\/pt\/wp-json\/wp\/v2\/media?parent=204506"}],"wp:term":[{"taxonomy":"product_brand","embeddable":true,"href":"https:\/\/tupique.com\/pt\/wp-json\/wp\/v2\/product_brand?post=204506"},{"taxonomy":"product_cat","embeddable":true,"href":"https:\/\/tupique.com\/pt\/wp-json\/wp\/v2\/product_cat?post=204506"},{"taxonomy":"product_tag","embeddable":true,"href":"https:\/\/tupique.com\/pt\/wp-json\/wp\/v2\/product_tag?post=204506"},{"taxonomy":"woo-feed-brand","embeddable":true,"href":"https:\/\/tupique.com\/pt\/wp-json\/wp\/v2\/woo-feed-brand?post=204506"}],"curies":[{"name":"wp","href":"https:\/\/api.w.org\/{rel}","templated":true}]}}