{"id":205500,"date":"2026-05-12T18:48:40","date_gmt":"2026-05-12T16:48:40","guid":{"rendered":"https:\/\/tupique.com\/product\/monture-de-lunettes-unisexe-polaroid-pld-d504-5380717\/"},"modified":"2026-05-12T18:59:05","modified_gmt":"2026-05-12T16:59:05","slug":"monture-de-lunettes-unisexe-polaroid-pld-d504-5380717","status":"publish","type":"product","link":"https:\/\/tupique.com\/pt\/product\/monture-de-lunettes-unisexe-polaroid-pld-d504-5380717\/","title":{"rendered":"Monture de Lunettes Unisexe Polaroid PLD D504 5380717"},"content":{"rendered":"<p>Si vous envisagez de renouveler votre garde-robe, achetez <b>Monture de Lunettes Unisexe Polaroid PLD D504 5380717<\/b> et d\u2019autres<b>produits Polaroid<\/b>! La meilleure qualit\u00e9 au meilleur prix est \u00e0 votre port\u00e9e!<\/p>\n<p>A <b>monture de lunettes unisexe<\/b> Polaroid <b>PLD D504 5380717<\/b> est con\u00e7ue pour convenir aussi bien aux femmes qu\u2019\u00e0 toute personne recherchant un style polyvalent et moderne, int\u00e9grant la qualit\u00e9 reconnue de Polaroid dans ses finitions. Cette <b>monture de lunettes<\/b> offre une structure l\u00e9g\u00e8re et confortable, pens\u00e9e pour un usage quotidien et compatible avec la plupart des styles personnels gr\u00e2ce \u00e0 son design intemporel et \u00e9quilibr\u00e9. Elle est \u00e9quip\u00e9e de <b>verres sans correction<\/b>, qui peuvent \u00eatre facilement remplac\u00e9s par des verres optiques personnalis\u00e9s ou utilis\u00e9s comme lunettes de protection sans correction visuelle, offrant ainsi une flexibilit\u00e9 selon les besoins individuels. La monture, fabriqu\u00e9e selon les standards de qualit\u00e9 Polaroid, se distingue par sa r\u00e9sistance et son adaptabilit\u00e9, assurant un maintien s\u00fbr sans sacrifier l\u2019esth\u00e9tique moderne propre \u00e0 la marque. La compatibilit\u00e9 avec des verres ophtalmiques et son caract\u00e8re <b>unisexe<\/b> en font une solution pratique pour ceux qui recherchent une option durable et personnalisable, sans distinction de genre. Cette monture Polaroid incarne l\u2019\u00e9quilibre entre fonctionnalit\u00e9 et design, se positionnant comme une alternative fiable pour ceux qui appr\u00e9cient \u00e0 la fois le confort et la possibilit\u00e9 de personnalisation optique dans leurs lunettes du quotidien.<\/p>\n<ul>\n<li>Genre:\n<ul>\n<li>Unisexe<\/li>\n<li>Femme<\/li>\n<\/ul>\n<\/li>\n<li>Type: Monture de Lunettes<\/li>\n<li>Caract\u00e9ristiques: Verres sans graduation<\/li>\n<li>Type de verre: Lentilles sans ordonnance<\/li>\n<\/ul>","protected":false},"excerpt":{"rendered":"<p>Si vous envisagez de renouveler votre garde-robe, achetez Monture de Lunettes Unisexe Polaroid PLD D504 5380717 et d\u2019autresproduits Polaroid! La meilleure qualit\u00e9 au meilleur prix est \u00e0 votre port\u00e9e! La monture de lunettes unisexe Polaroid PLD D504 5380717 est con\u00e7ue pour convenir aussi bien aux femmes qu\u2019\u00e0 toute personne recherchant un style polyvalent et moderne, [&hellip;]<\/p>\n","protected":false},"featured_media":205493,"comment_status":"open","ping_status":"closed","template":"","meta":[],"product_brand":[2514],"product_cat":[776,777,752],"product_tag":[542],"woo-feed-brand":[],"class_list":{"0":"post-205500","1":"product","2":"type-product","3":"status-publish","4":"has-post-thumbnail","6":"product_brand-brandp_1244","7":"product_cat-detente-et-bien-etre","8":"product_cat-lunettes-de-lecture-et-lunettes-loupes","9":"product_cat-sante-beaute","10":"product_tag-tag_1274","12":"first","13":"instock","14":"taxable","15":"shipping-taxable","16":"purchasable","17":"product-type-simple"},"yoast_head":"<!-- This site is optimized with the Yoast SEO plugin v27.6 - https:\/\/yoast.com\/product\/yoast-seo-wordpress\/ -->\n<title>Monture de Lunettes Unisexe Polaroid PLD D504 5380717 | | Tupique<\/title>\n<meta name=\"description\" content=\"Envie d&#039;acheter Monture de Lunettes Unisexe Polaroid PLD D504 5380717\u00a0? Achetez Monture de Lunettes Unisexe Polaroid PLD D504 5380717 maintenant avec Tupique en 3 versements sans int\u00e9r\u00eat.\" \/>\n<meta name=\"robots\" content=\"index, follow, max-snippet:-1, max-image-preview:large, max-video-preview:-1\" \/>\n<link rel=\"canonical\" href=\"https:\/\/tupique.com\/pt\/product\/monture-de-lunettes-unisexe-polaroid-pld-d504-5380717\/\" \/>\n<meta property=\"og:locale\" content=\"pt_PT\" \/>\n<meta property=\"og:type\" content=\"article\" \/>\n<meta property=\"og:title\" content=\"Monture de Lunettes Unisexe Polaroid PLD D504 5380717 | | Tupique\" \/>\n<meta property=\"og:description\" content=\"Envie d&#039;acheter Monture de Lunettes Unisexe Polaroid PLD D504 5380717\u00a0? Achetez Monture de Lunettes Unisexe Polaroid PLD D504 5380717 maintenant avec Tupique en 3 versements sans int\u00e9r\u00eat.\" \/>\n<meta property=\"og:url\" content=\"https:\/\/tupique.com\/pt\/product\/monture-de-lunettes-unisexe-polaroid-pld-d504-5380717\/\" \/>\n<meta property=\"og:site_name\" content=\"Tupique\" \/>\n<meta property=\"article:modified_time\" content=\"2026-05-12T16:59:05+00:00\" \/>\n<meta name=\"twitter:card\" content=\"summary_large_image\" \/>\n<meta name=\"twitter:label1\" content=\"Tempo estimado de leitura\" \/>\n\t<meta name=\"twitter:data1\" content=\"1 minuto\" \/>\n<script type=\"application\/ld+json\" class=\"yoast-schema-graph\">{\"@context\":\"https:\\\/\\\/schema.org\",\"@graph\":[{\"@type\":\"WebPage\",\"@id\":\"https:\\\/\\\/tupique.com\\\/product\\\/monture-de-lunettes-unisexe-polaroid-pld-d504-5380717\\\/\",\"url\":\"https:\\\/\\\/tupique.com\\\/product\\\/monture-de-lunettes-unisexe-polaroid-pld-d504-5380717\\\/\",\"name\":\"Monture de Lunettes Unisexe Polaroid PLD D504 5380717 | | Tupique\",\"isPartOf\":{\"@id\":\"https:\\\/\\\/tupique.com\\\/#website\"},\"primaryImageOfPage\":{\"@id\":\"https:\\\/\\\/tupique.com\\\/product\\\/monture-de-lunettes-unisexe-polaroid-pld-d504-5380717\\\/#primaryimage\"},\"image\":{\"@id\":\"https:\\\/\\\/tupique.com\\\/product\\\/monture-de-lunettes-unisexe-polaroid-pld-d504-5380717\\\/#primaryimage\"},\"thumbnailUrl\":\"https:\\\/\\\/tupique.com\\\/wp-content\\\/uploads\\\/2026\\\/05\\\/0716736859446_S72127213_P00.jpg\",\"datePublished\":\"2026-05-12T16:48:40+00:00\",\"dateModified\":\"2026-05-12T16:59:05+00:00\",\"description\":\"Envie d'acheter Monture de Lunettes Unisexe Polaroid PLD D504 5380717\u00a0? Achetez Monture de Lunettes Unisexe Polaroid PLD D504 5380717 maintenant avec Tupique en 3 versements sans int\u00e9r\u00eat.\",\"breadcrumb\":{\"@id\":\"https:\\\/\\\/tupique.com\\\/product\\\/monture-de-lunettes-unisexe-polaroid-pld-d504-5380717\\\/#breadcrumb\"},\"inLanguage\":\"pt-PT\",\"potentialAction\":[{\"@type\":\"ReadAction\",\"target\":[\"https:\\\/\\\/tupique.com\\\/product\\\/monture-de-lunettes-unisexe-polaroid-pld-d504-5380717\\\/\"]}]},{\"@type\":\"ImageObject\",\"inLanguage\":\"pt-PT\",\"@id\":\"https:\\\/\\\/tupique.com\\\/product\\\/monture-de-lunettes-unisexe-polaroid-pld-d504-5380717\\\/#primaryimage\",\"url\":\"https:\\\/\\\/tupique.com\\\/wp-content\\\/uploads\\\/2026\\\/05\\\/0716736859446_S72127213_P00.jpg\",\"contentUrl\":\"https:\\\/\\\/tupique.com\\\/wp-content\\\/uploads\\\/2026\\\/05\\\/0716736859446_S72127213_P00.jpg\",\"width\":1200,\"height\":1200,\"caption\":\"S72127213_0\"},{\"@type\":\"BreadcrumbList\",\"@id\":\"https:\\\/\\\/tupique.com\\\/product\\\/monture-de-lunettes-unisexe-polaroid-pld-d504-5380717\\\/#breadcrumb\",\"itemListElement\":[{\"@type\":\"ListItem\",\"position\":1,\"name\":\"commencer\",\"item\":\"https:\\\/\\\/tupique.com\\\/\"},{\"@type\":\"ListItem\",\"position\":2,\"name\":\"Loja\",\"item\":\"https:\\\/\\\/tupique.com\\\/pt\\\/loja\\\/\"},{\"@type\":\"ListItem\",\"position\":3,\"name\":\"Monture de Lunettes Unisexe Polaroid PLD D504 5380717\"}]},{\"@type\":\"WebSite\",\"@id\":\"https:\\\/\\\/tupique.com\\\/#website\",\"url\":\"https:\\\/\\\/tupique.com\\\/\",\"name\":\"Tupique\",\"description\":\"\",\"publisher\":{\"@id\":\"https:\\\/\\\/tupique.com\\\/#organization\"},\"potentialAction\":[{\"@type\":\"SearchAction\",\"target\":{\"@type\":\"EntryPoint\",\"urlTemplate\":\"https:\\\/\\\/tupique.com\\\/?s={search_term_string}\"},\"query-input\":{\"@type\":\"PropertyValueSpecification\",\"valueRequired\":true,\"valueName\":\"search_term_string\"}}],\"inLanguage\":\"pt-PT\"},{\"@type\":\"Organization\",\"@id\":\"https:\\\/\\\/tupique.com\\\/#organization\",\"name\":\"Tupique\",\"url\":\"https:\\\/\\\/tupique.com\\\/\",\"logo\":{\"@type\":\"ImageObject\",\"inLanguage\":\"pt-PT\",\"@id\":\"https:\\\/\\\/tupique.com\\\/#\\\/schema\\\/logo\\\/image\\\/\",\"url\":\"https:\\\/\\\/tupique.com\\\/wp-content\\\/uploads\\\/2026\\\/03\\\/logo-tupique-1.webp\",\"contentUrl\":\"https:\\\/\\\/tupique.com\\\/wp-content\\\/uploads\\\/2026\\\/03\\\/logo-tupique-1.webp\",\"width\":500,\"height\":67,\"caption\":\"Tupique\"},\"image\":{\"@id\":\"https:\\\/\\\/tupique.com\\\/#\\\/schema\\\/logo\\\/image\\\/\"}}]}<\/script>\n<!-- \/ Yoast SEO plugin. -->","yoast_head_json":{"title":"Monture de Lunettes Unisexe Polaroid PLD D504 5380717 | | Tupique","description":"Envie d'acheter Monture de Lunettes Unisexe Polaroid PLD D504 5380717\u00a0? Achetez Monture de Lunettes Unisexe Polaroid PLD D504 5380717 maintenant avec Tupique en 3 versements sans int\u00e9r\u00eat.","robots":{"index":"index","follow":"follow","max-snippet":"max-snippet:-1","max-image-preview":"max-image-preview:large","max-video-preview":"max-video-preview:-1"},"canonical":"https:\/\/tupique.com\/pt\/product\/monture-de-lunettes-unisexe-polaroid-pld-d504-5380717\/","og_locale":"pt_PT","og_type":"article","og_title":"Monture de Lunettes Unisexe Polaroid PLD D504 5380717 | | Tupique","og_description":"Envie d'acheter Monture de Lunettes Unisexe Polaroid PLD D504 5380717\u00a0? Achetez Monture de Lunettes Unisexe Polaroid PLD D504 5380717 maintenant avec Tupique en 3 versements sans int\u00e9r\u00eat.","og_url":"https:\/\/tupique.com\/pt\/product\/monture-de-lunettes-unisexe-polaroid-pld-d504-5380717\/","og_site_name":"Tupique","article_modified_time":"2026-05-12T16:59:05+00:00","twitter_card":"summary_large_image","twitter_misc":{"Tempo estimado de leitura":"1 minuto"},"schema":{"@context":"https:\/\/schema.org","@graph":[{"@type":"WebPage","@id":"https:\/\/tupique.com\/product\/monture-de-lunettes-unisexe-polaroid-pld-d504-5380717\/","url":"https:\/\/tupique.com\/product\/monture-de-lunettes-unisexe-polaroid-pld-d504-5380717\/","name":"Monture de Lunettes Unisexe Polaroid PLD D504 5380717 | | Tupique","isPartOf":{"@id":"https:\/\/tupique.com\/#website"},"primaryImageOfPage":{"@id":"https:\/\/tupique.com\/product\/monture-de-lunettes-unisexe-polaroid-pld-d504-5380717\/#primaryimage"},"image":{"@id":"https:\/\/tupique.com\/product\/monture-de-lunettes-unisexe-polaroid-pld-d504-5380717\/#primaryimage"},"thumbnailUrl":"https:\/\/tupique.com\/wp-content\/uploads\/2026\/05\/0716736859446_S72127213_P00.jpg","datePublished":"2026-05-12T16:48:40+00:00","dateModified":"2026-05-12T16:59:05+00:00","description":"Envie d'acheter Monture de Lunettes Unisexe Polaroid PLD D504 5380717\u00a0? Achetez Monture de Lunettes Unisexe Polaroid PLD D504 5380717 maintenant avec Tupique en 3 versements sans int\u00e9r\u00eat.","breadcrumb":{"@id":"https:\/\/tupique.com\/product\/monture-de-lunettes-unisexe-polaroid-pld-d504-5380717\/#breadcrumb"},"inLanguage":"pt-PT","potentialAction":[{"@type":"ReadAction","target":["https:\/\/tupique.com\/product\/monture-de-lunettes-unisexe-polaroid-pld-d504-5380717\/"]}]},{"@type":"ImageObject","inLanguage":"pt-PT","@id":"https:\/\/tupique.com\/product\/monture-de-lunettes-unisexe-polaroid-pld-d504-5380717\/#primaryimage","url":"https:\/\/tupique.com\/wp-content\/uploads\/2026\/05\/0716736859446_S72127213_P00.jpg","contentUrl":"https:\/\/tupique.com\/wp-content\/uploads\/2026\/05\/0716736859446_S72127213_P00.jpg","width":1200,"height":1200,"caption":"S72127213_0"},{"@type":"BreadcrumbList","@id":"https:\/\/tupique.com\/product\/monture-de-lunettes-unisexe-polaroid-pld-d504-5380717\/#breadcrumb","itemListElement":[{"@type":"ListItem","position":1,"name":"commencer","item":"https:\/\/tupique.com\/"},{"@type":"ListItem","position":2,"name":"Loja","item":"https:\/\/tupique.com\/pt\/loja\/"},{"@type":"ListItem","position":3,"name":"Monture de Lunettes Unisexe Polaroid PLD D504 5380717"}]},{"@type":"WebSite","@id":"https:\/\/tupique.com\/#website","url":"https:\/\/tupique.com\/","name":"Tupique","description":"","publisher":{"@id":"https:\/\/tupique.com\/#organization"},"potentialAction":[{"@type":"SearchAction","target":{"@type":"EntryPoint","urlTemplate":"https:\/\/tupique.com\/?s={search_term_string}"},"query-input":{"@type":"PropertyValueSpecification","valueRequired":true,"valueName":"search_term_string"}}],"inLanguage":"pt-PT"},{"@type":"Organization","@id":"https:\/\/tupique.com\/#organization","name":"Tupique","url":"https:\/\/tupique.com\/","logo":{"@type":"ImageObject","inLanguage":"pt-PT","@id":"https:\/\/tupique.com\/#\/schema\/logo\/image\/","url":"https:\/\/tupique.com\/wp-content\/uploads\/2026\/03\/logo-tupique-1.webp","contentUrl":"https:\/\/tupique.com\/wp-content\/uploads\/2026\/03\/logo-tupique-1.webp","width":500,"height":67,"caption":"Tupique"},"image":{"@id":"https:\/\/tupique.com\/#\/schema\/logo\/image\/"}}]}},"_links":{"self":[{"href":"https:\/\/tupique.com\/pt\/wp-json\/wp\/v2\/product\/205500","targetHints":{"allow":["GET"]}}],"collection":[{"href":"https:\/\/tupique.com\/pt\/wp-json\/wp\/v2\/product"}],"about":[{"href":"https:\/\/tupique.com\/pt\/wp-json\/wp\/v2\/types\/product"}],"replies":[{"embeddable":true,"href":"https:\/\/tupique.com\/pt\/wp-json\/wp\/v2\/comments?post=205500"}],"wp:featuredmedia":[{"embeddable":true,"href":"https:\/\/tupique.com\/pt\/wp-json\/wp\/v2\/media\/205493"}],"wp:attachment":[{"href":"https:\/\/tupique.com\/pt\/wp-json\/wp\/v2\/media?parent=205500"}],"wp:term":[{"taxonomy":"product_brand","embeddable":true,"href":"https:\/\/tupique.com\/pt\/wp-json\/wp\/v2\/product_brand?post=205500"},{"taxonomy":"product_cat","embeddable":true,"href":"https:\/\/tupique.com\/pt\/wp-json\/wp\/v2\/product_cat?post=205500"},{"taxonomy":"product_tag","embeddable":true,"href":"https:\/\/tupique.com\/pt\/wp-json\/wp\/v2\/product_tag?post=205500"},{"taxonomy":"woo-feed-brand","embeddable":true,"href":"https:\/\/tupique.com\/pt\/wp-json\/wp\/v2\/woo-feed-brand?post=205500"}],"curies":[{"name":"wp","href":"https:\/\/api.w.org\/{rel}","templated":true}]}}