{"id":206402,"date":"2026-05-12T20:17:07","date_gmt":"2026-05-12T18:17:07","guid":{"rendered":"https:\/\/tupique.com\/product\/monture-de-lunettes-unisexe-andy-wolf-5071-55i\/"},"modified":"2026-05-12T20:17:07","modified_gmt":"2026-05-12T18:17:07","slug":"monture-de-lunettes-unisexe-andy-wolf-5071-55i","status":"publish","type":"product","link":"https:\/\/tupique.com\/pt\/product\/monture-de-lunettes-unisexe-andy-wolf-5071-55i\/","title":{"rendered":"Monture de Lunettes Unisexe Andy Wolf 5071 55I"},"content":{"rendered":"<p>Si vous envisagez de renouveler votre garde-robe, achetez <b>Monture de Lunettes Unisexe Andy Wolf 5071 55I<\/b> et d\u2019autres<b>produits Andy Wolf<\/b>! La meilleure qualit\u00e9 au meilleur prix est \u00e0 votre port\u00e9e!<\/p>\n<p>A <b>monture de lunettes unisexe<\/b> Andy Wolf 5071 55I repr\u00e9sente un choix polyvalent et contemporain pour hommes et femmes recherchant un \u00e9quilibre entre design intemporel et confort au quotidien. Cette <b>monture de lunettes<\/b> pr\u00e9sente un design soigneusement \u00e9labor\u00e9, destin\u00e9 aux utilisateurs qui privil\u00e9gient un style sobre et adaptable \u00e0 divers contextes, qu\u2019ils soient professionnels ou d\u00e9contract\u00e9s. Elle est \u00e9quip\u00e9e de <b>verres sans correction<\/b>, permettant une personnalisation facile selon les besoins visuels de l\u2019utilisateur ou une utilisation comme accessoire de mode. Sa structure, con\u00e7ue pour offrir durabilit\u00e9 et l\u00e9g\u00e8ret\u00e9, garantit un port confortable tout au long de la journ\u00e9e, tandis que la finition et les mat\u00e9riaux utilis\u00e9s par Andy Wolf renforcent la sensation de qualit\u00e9 propre \u00e0 la marque. Gr\u00e2ce \u00e0 son <b>caract\u00e8re unisexe<\/b>, cette monture convient aussi bien aux visages masculins que f\u00e9minins, s\u2019int\u00e9grant naturellement \u00e0 toute garde-robe et apportant une touche de sophistication discr\u00e8te. L\u2019inclusion de <b>verres sans correction<\/b> facilite l\u2019ajustement et le montage par l\u2019opticien, acc\u00e9l\u00e9rant ainsi la personnalisation et l\u2019utilisation sur mesure de la monture. En r\u00e9sum\u00e9, l\u2019Andy Wolf 5071 55I est une monture id\u00e9ale pour ceux qui recherchent polyvalence, discr\u00e9tion et potentiel de personnalisation dans leurs lunettes.<\/p>\n<ul>\n<li>Genre: Unisexe<\/li>\n<li>Caract\u00e9ristiques: Verres sans graduation<\/li>\n<li>Type: Monture de Lunettes<\/li>\n<li>Type de verre: Lentilles sans ordonnance<\/li>\n<\/ul>","protected":false},"excerpt":{"rendered":"<p>Si vous envisagez de renouveler votre garde-robe, achetez Monture de Lunettes Unisexe Andy Wolf 5071 55I et d\u2019autresproduits Andy Wolf! La meilleure qualit\u00e9 au meilleur prix est \u00e0 votre port\u00e9e! La monture de lunettes unisexe Andy Wolf 5071 55I repr\u00e9sente un choix polyvalent et contemporain pour hommes et femmes recherchant un \u00e9quilibre entre design intemporel [&hellip;]<\/p>\n","protected":false},"featured_media":206399,"comment_status":"open","ping_status":"closed","template":"","meta":[],"product_brand":[2951],"product_cat":[776,777,752],"product_tag":[542],"woo-feed-brand":[],"class_list":{"0":"post-206402","1":"product","2":"type-product","3":"status-publish","4":"has-post-thumbnail","6":"product_brand-brandp_2982","7":"product_cat-detente-et-bien-etre","8":"product_cat-lunettes-de-lecture-et-lunettes-loupes","9":"product_cat-sante-beaute","10":"product_tag-tag_1274","12":"first","13":"instock","14":"taxable","15":"shipping-taxable","16":"purchasable","17":"product-type-simple"},"yoast_head":"<!-- This site is optimized with the Yoast SEO plugin v27.6 - https:\/\/yoast.com\/product\/yoast-seo-wordpress\/ -->\n<title>Monture de Lunettes Unisexe Andy Wolf 5071 55I | | Tupique<\/title>\n<meta name=\"description\" content=\"Envie d&#039;acheter Monture de Lunettes Unisexe Andy Wolf 5071 55I\u00a0? Achetez Monture de Lunettes Unisexe Andy Wolf 5071 55I maintenant avec Tupique en 3 versements sans int\u00e9r\u00eat.\" \/>\n<meta name=\"robots\" content=\"index, follow, max-snippet:-1, max-image-preview:large, max-video-preview:-1\" \/>\n<link rel=\"canonical\" href=\"https:\/\/tupique.com\/pt\/product\/monture-de-lunettes-unisexe-andy-wolf-5071-55i\/\" \/>\n<meta property=\"og:locale\" content=\"pt_PT\" \/>\n<meta property=\"og:type\" content=\"article\" \/>\n<meta property=\"og:title\" content=\"Monture de Lunettes Unisexe Andy Wolf 5071 55I | | Tupique\" \/>\n<meta property=\"og:description\" content=\"Envie d&#039;acheter Monture de Lunettes Unisexe Andy Wolf 5071 55I\u00a0? Achetez Monture de Lunettes Unisexe Andy Wolf 5071 55I maintenant avec Tupique en 3 versements sans int\u00e9r\u00eat.\" \/>\n<meta property=\"og:url\" content=\"https:\/\/tupique.com\/pt\/product\/monture-de-lunettes-unisexe-andy-wolf-5071-55i\/\" \/>\n<meta property=\"og:site_name\" content=\"Tupique\" \/>\n<meta name=\"twitter:card\" content=\"summary_large_image\" \/>\n<meta name=\"twitter:label1\" content=\"Tempo estimado de leitura\" \/>\n\t<meta name=\"twitter:data1\" content=\"1 minuto\" \/>\n<script type=\"application\/ld+json\" class=\"yoast-schema-graph\">{\"@context\":\"https:\\\/\\\/schema.org\",\"@graph\":[{\"@type\":\"WebPage\",\"@id\":\"https:\\\/\\\/tupique.com\\\/product\\\/monture-de-lunettes-unisexe-andy-wolf-5071-55i\\\/\",\"url\":\"https:\\\/\\\/tupique.com\\\/product\\\/monture-de-lunettes-unisexe-andy-wolf-5071-55i\\\/\",\"name\":\"Monture de Lunettes Unisexe Andy Wolf 5071 55I | | Tupique\",\"isPartOf\":{\"@id\":\"https:\\\/\\\/tupique.com\\\/#website\"},\"primaryImageOfPage\":{\"@id\":\"https:\\\/\\\/tupique.com\\\/product\\\/monture-de-lunettes-unisexe-andy-wolf-5071-55i\\\/#primaryimage\"},\"image\":{\"@id\":\"https:\\\/\\\/tupique.com\\\/product\\\/monture-de-lunettes-unisexe-andy-wolf-5071-55i\\\/#primaryimage\"},\"thumbnailUrl\":\"https:\\\/\\\/tupique.com\\\/wp-content\\\/uploads\\\/2026\\\/05\\\/9009885035160_S72127333_P00.jpg\",\"datePublished\":\"2026-05-12T18:17:07+00:00\",\"description\":\"Envie d'acheter Monture de Lunettes Unisexe Andy Wolf 5071 55I\u00a0? Achetez Monture de Lunettes Unisexe Andy Wolf 5071 55I maintenant avec Tupique en 3 versements sans int\u00e9r\u00eat.\",\"breadcrumb\":{\"@id\":\"https:\\\/\\\/tupique.com\\\/product\\\/monture-de-lunettes-unisexe-andy-wolf-5071-55i\\\/#breadcrumb\"},\"inLanguage\":\"pt-PT\",\"potentialAction\":[{\"@type\":\"ReadAction\",\"target\":[\"https:\\\/\\\/tupique.com\\\/product\\\/monture-de-lunettes-unisexe-andy-wolf-5071-55i\\\/\"]}]},{\"@type\":\"ImageObject\",\"inLanguage\":\"pt-PT\",\"@id\":\"https:\\\/\\\/tupique.com\\\/product\\\/monture-de-lunettes-unisexe-andy-wolf-5071-55i\\\/#primaryimage\",\"url\":\"https:\\\/\\\/tupique.com\\\/wp-content\\\/uploads\\\/2026\\\/05\\\/9009885035160_S72127333_P00.jpg\",\"contentUrl\":\"https:\\\/\\\/tupique.com\\\/wp-content\\\/uploads\\\/2026\\\/05\\\/9009885035160_S72127333_P00.jpg\",\"width\":1200,\"height\":1200,\"caption\":\"S72127333_0\"},{\"@type\":\"BreadcrumbList\",\"@id\":\"https:\\\/\\\/tupique.com\\\/product\\\/monture-de-lunettes-unisexe-andy-wolf-5071-55i\\\/#breadcrumb\",\"itemListElement\":[{\"@type\":\"ListItem\",\"position\":1,\"name\":\"commencer\",\"item\":\"https:\\\/\\\/tupique.com\\\/\"},{\"@type\":\"ListItem\",\"position\":2,\"name\":\"Loja\",\"item\":\"https:\\\/\\\/tupique.com\\\/pt\\\/loja\\\/\"},{\"@type\":\"ListItem\",\"position\":3,\"name\":\"Monture de Lunettes Unisexe Andy Wolf 5071 55I\"}]},{\"@type\":\"WebSite\",\"@id\":\"https:\\\/\\\/tupique.com\\\/#website\",\"url\":\"https:\\\/\\\/tupique.com\\\/\",\"name\":\"Tupique\",\"description\":\"\",\"publisher\":{\"@id\":\"https:\\\/\\\/tupique.com\\\/#organization\"},\"potentialAction\":[{\"@type\":\"SearchAction\",\"target\":{\"@type\":\"EntryPoint\",\"urlTemplate\":\"https:\\\/\\\/tupique.com\\\/?s={search_term_string}\"},\"query-input\":{\"@type\":\"PropertyValueSpecification\",\"valueRequired\":true,\"valueName\":\"search_term_string\"}}],\"inLanguage\":\"pt-PT\"},{\"@type\":\"Organization\",\"@id\":\"https:\\\/\\\/tupique.com\\\/#organization\",\"name\":\"Tupique\",\"url\":\"https:\\\/\\\/tupique.com\\\/\",\"logo\":{\"@type\":\"ImageObject\",\"inLanguage\":\"pt-PT\",\"@id\":\"https:\\\/\\\/tupique.com\\\/#\\\/schema\\\/logo\\\/image\\\/\",\"url\":\"https:\\\/\\\/tupique.com\\\/wp-content\\\/uploads\\\/2026\\\/03\\\/logo-tupique-1.webp\",\"contentUrl\":\"https:\\\/\\\/tupique.com\\\/wp-content\\\/uploads\\\/2026\\\/03\\\/logo-tupique-1.webp\",\"width\":500,\"height\":67,\"caption\":\"Tupique\"},\"image\":{\"@id\":\"https:\\\/\\\/tupique.com\\\/#\\\/schema\\\/logo\\\/image\\\/\"}}]}<\/script>\n<!-- \/ Yoast SEO plugin. -->","yoast_head_json":{"title":"Monture de Lunettes Unisexe Andy Wolf 5071 55I | | Tupique","description":"Envie d'acheter Monture de Lunettes Unisexe Andy Wolf 5071 55I\u00a0? Achetez Monture de Lunettes Unisexe Andy Wolf 5071 55I maintenant avec Tupique en 3 versements sans int\u00e9r\u00eat.","robots":{"index":"index","follow":"follow","max-snippet":"max-snippet:-1","max-image-preview":"max-image-preview:large","max-video-preview":"max-video-preview:-1"},"canonical":"https:\/\/tupique.com\/pt\/product\/monture-de-lunettes-unisexe-andy-wolf-5071-55i\/","og_locale":"pt_PT","og_type":"article","og_title":"Monture de Lunettes Unisexe Andy Wolf 5071 55I | | Tupique","og_description":"Envie d'acheter Monture de Lunettes Unisexe Andy Wolf 5071 55I\u00a0? Achetez Monture de Lunettes Unisexe Andy Wolf 5071 55I maintenant avec Tupique en 3 versements sans int\u00e9r\u00eat.","og_url":"https:\/\/tupique.com\/pt\/product\/monture-de-lunettes-unisexe-andy-wolf-5071-55i\/","og_site_name":"Tupique","twitter_card":"summary_large_image","twitter_misc":{"Tempo estimado de leitura":"1 minuto"},"schema":{"@context":"https:\/\/schema.org","@graph":[{"@type":"WebPage","@id":"https:\/\/tupique.com\/product\/monture-de-lunettes-unisexe-andy-wolf-5071-55i\/","url":"https:\/\/tupique.com\/product\/monture-de-lunettes-unisexe-andy-wolf-5071-55i\/","name":"Monture de Lunettes Unisexe Andy Wolf 5071 55I | | Tupique","isPartOf":{"@id":"https:\/\/tupique.com\/#website"},"primaryImageOfPage":{"@id":"https:\/\/tupique.com\/product\/monture-de-lunettes-unisexe-andy-wolf-5071-55i\/#primaryimage"},"image":{"@id":"https:\/\/tupique.com\/product\/monture-de-lunettes-unisexe-andy-wolf-5071-55i\/#primaryimage"},"thumbnailUrl":"https:\/\/tupique.com\/wp-content\/uploads\/2026\/05\/9009885035160_S72127333_P00.jpg","datePublished":"2026-05-12T18:17:07+00:00","description":"Envie d'acheter Monture de Lunettes Unisexe Andy Wolf 5071 55I\u00a0? Achetez Monture de Lunettes Unisexe Andy Wolf 5071 55I maintenant avec Tupique en 3 versements sans int\u00e9r\u00eat.","breadcrumb":{"@id":"https:\/\/tupique.com\/product\/monture-de-lunettes-unisexe-andy-wolf-5071-55i\/#breadcrumb"},"inLanguage":"pt-PT","potentialAction":[{"@type":"ReadAction","target":["https:\/\/tupique.com\/product\/monture-de-lunettes-unisexe-andy-wolf-5071-55i\/"]}]},{"@type":"ImageObject","inLanguage":"pt-PT","@id":"https:\/\/tupique.com\/product\/monture-de-lunettes-unisexe-andy-wolf-5071-55i\/#primaryimage","url":"https:\/\/tupique.com\/wp-content\/uploads\/2026\/05\/9009885035160_S72127333_P00.jpg","contentUrl":"https:\/\/tupique.com\/wp-content\/uploads\/2026\/05\/9009885035160_S72127333_P00.jpg","width":1200,"height":1200,"caption":"S72127333_0"},{"@type":"BreadcrumbList","@id":"https:\/\/tupique.com\/product\/monture-de-lunettes-unisexe-andy-wolf-5071-55i\/#breadcrumb","itemListElement":[{"@type":"ListItem","position":1,"name":"commencer","item":"https:\/\/tupique.com\/"},{"@type":"ListItem","position":2,"name":"Loja","item":"https:\/\/tupique.com\/pt\/loja\/"},{"@type":"ListItem","position":3,"name":"Monture de Lunettes Unisexe Andy Wolf 5071 55I"}]},{"@type":"WebSite","@id":"https:\/\/tupique.com\/#website","url":"https:\/\/tupique.com\/","name":"Tupique","description":"","publisher":{"@id":"https:\/\/tupique.com\/#organization"},"potentialAction":[{"@type":"SearchAction","target":{"@type":"EntryPoint","urlTemplate":"https:\/\/tupique.com\/?s={search_term_string}"},"query-input":{"@type":"PropertyValueSpecification","valueRequired":true,"valueName":"search_term_string"}}],"inLanguage":"pt-PT"},{"@type":"Organization","@id":"https:\/\/tupique.com\/#organization","name":"Tupique","url":"https:\/\/tupique.com\/","logo":{"@type":"ImageObject","inLanguage":"pt-PT","@id":"https:\/\/tupique.com\/#\/schema\/logo\/image\/","url":"https:\/\/tupique.com\/wp-content\/uploads\/2026\/03\/logo-tupique-1.webp","contentUrl":"https:\/\/tupique.com\/wp-content\/uploads\/2026\/03\/logo-tupique-1.webp","width":500,"height":67,"caption":"Tupique"},"image":{"@id":"https:\/\/tupique.com\/#\/schema\/logo\/image\/"}}]}},"_links":{"self":[{"href":"https:\/\/tupique.com\/pt\/wp-json\/wp\/v2\/product\/206402","targetHints":{"allow":["GET"]}}],"collection":[{"href":"https:\/\/tupique.com\/pt\/wp-json\/wp\/v2\/product"}],"about":[{"href":"https:\/\/tupique.com\/pt\/wp-json\/wp\/v2\/types\/product"}],"replies":[{"embeddable":true,"href":"https:\/\/tupique.com\/pt\/wp-json\/wp\/v2\/comments?post=206402"}],"wp:featuredmedia":[{"embeddable":true,"href":"https:\/\/tupique.com\/pt\/wp-json\/wp\/v2\/media\/206399"}],"wp:attachment":[{"href":"https:\/\/tupique.com\/pt\/wp-json\/wp\/v2\/media?parent=206402"}],"wp:term":[{"taxonomy":"product_brand","embeddable":true,"href":"https:\/\/tupique.com\/pt\/wp-json\/wp\/v2\/product_brand?post=206402"},{"taxonomy":"product_cat","embeddable":true,"href":"https:\/\/tupique.com\/pt\/wp-json\/wp\/v2\/product_cat?post=206402"},{"taxonomy":"product_tag","embeddable":true,"href":"https:\/\/tupique.com\/pt\/wp-json\/wp\/v2\/product_tag?post=206402"},{"taxonomy":"woo-feed-brand","embeddable":true,"href":"https:\/\/tupique.com\/pt\/wp-json\/wp\/v2\/woo-feed-brand?post=206402"}],"curies":[{"name":"wp","href":"https:\/\/api.w.org\/{rel}","templated":true}]}}