{"id":207792,"date":"2026-05-14T15:14:08","date_gmt":"2026-05-14T13:14:08","guid":{"rendered":"https:\/\/tupique.com\/product\/evier-a-etagere-extensible-shibblek-innovagoods-2-etageres\/"},"modified":"2026-05-14T15:14:08","modified_gmt":"2026-05-14T13:14:08","slug":"evier-a-etagere-extensible-shibblek-innovagoods-2-etageres","status":"publish","type":"product","link":"https:\/\/tupique.com\/pt\/product\/evier-a-etagere-extensible-shibblek-innovagoods-2-etageres\/","title":{"rendered":"\u00c9vier \u00e0 \u00c9tag\u00e8re Extensible Shibblek InnovaGoods 2 Etag\u00e8res"},"content":{"rendered":"<div class=\"col-md-6\"><b>InnovaGoods<\/b> vient vous aider \u00e0 cuisiner facilement et de mani\u00e8re amusante en vous offrant les meilleures nouveaut\u00e9s pour votre cuisine, comme <b>\u00c9vier \u00e0 \u00c9tag\u00e8re Extensible Shibblek InnovaGoods 2 Etag\u00e8res <\/b>! D\u00e9couvrez une vaste gamme de produits de qualit\u00e9 qui se d\u00e9marquent de par leur fonctionnalit\u00e9, leur efficacit\u00e9 et leur design innovant!<\/p>\n<p>L&#8217;<b>\u00e9tag\u00e8re extensible Shibblek InnovaGoods <\/b>est<br \/>\nparfaite pour profiter au maximum de l&#8217;espace disponible sous l&#8217;\u00e9vier de la<br \/>\ncuisine, car elle vous permet de ranger et de garder en ordre une multitude<br \/>\nd&#8217;articles et de produits de nettoyage. Dans la cuisine, elle est \u00e9galement<br \/>\nextr\u00eamement utile pour ranger des casseroles, des po\u00eales et des po\u00eales \u00e0 frire,<br \/>\netc.<\/p>\n<p>Cette <b>\u00e9tag\u00e8re auxiliaire modulable polyvalente <\/b>peut<br \/>\n\u00eatre adapt\u00e9e \u00e0 diff\u00e9rents usages et espaces. Elle peut \u00eatre utilis\u00e9e partout o\u00f9<br \/>\ncela est n\u00e9cessaire : placards, salles de bains, garages, terrasses,<br \/>\nmagasins, etc. Elle est \u00e9galement id\u00e9ale pour un rangement organis\u00e9 des<br \/>\nchaussures ou pour organiser et stocker un nombre infini d&#8217;objets de tous types<br \/>\net tailles.<\/p>\n<\/p>\n<ul>\n<li>Design moderne et multifonctionnel<\/li>\n<li><b>Multi-position, polyvalente, adaptable<\/b><\/li>\n<li><b>2 \u00e9tag\u00e8res r\u00e9glables en hauteur<\/b><\/li>\n<li><b>10 supports mobiles et amovibles<\/b><\/li>\n<li><b>Aide \u00e0 maintenir les choses bien rang\u00e9es<\/b><\/li>\n<li><b>Optimise l&#8217;utilisation de l&#8217;espace<\/b><\/li>\n<li>Supporte jusqu&#8217;\u00e0 8 kg de poids<\/li>\n<li><b>Extensible,<\/b> facile \u00e0 utiliser et \u00e0 nettoyer<\/li>\n<li>Stable et s\u00fbre, maintien ferme<\/li>\n<li><b>Portable<\/b>, l\u00e9g\u00e8re, facile \u00e0 transporter et \u00e0 ranger<\/li>\n<li><b>Peut \u00eatre d\u00e9mont\u00e9e : facile \u00e0 assembler sans outils<\/b><\/li>\n<li><b>Inclut des instructions de montage avec des illustrations<\/b><\/li>\n<li>Id\u00e9ale pour nettoyer les produits, chaussures, po\u00eales, po\u00eales \u00e0<br \/>\nfrire, etc.<\/li>\n<li>Adapt\u00e9e pour la cuisine, la salle de bains, les placards, les<br \/>\ngarages, les terrasses, les d\u00e9barras, etc.<\/li>\n<\/ul>\n<p>Cette <b>\u00e9tag\u00e8re d&#8217;organisation <\/b>est tr\u00e8s facile<br \/>\n\u00e0 assembler sans n\u00e9cessiter d&#8217;outils. Il suffit de suivre les instructions de<br \/>\nmontage incluses. Elle peut \u00eatre positionn\u00e9e sous l&#8217;\u00e9vier ou dans tout autre<br \/>\nespace disponible et peut facilement \u00eatre d\u00e9plac\u00e9e \u00e0 un autre emplacement si<br \/>\nn\u00e9cessaire.<\/p>\n<p>Les deux<br \/>\n\u00e9tag\u00e8res peuvent \u00eatre dispos\u00e9es dans diff\u00e9rentes positions, en fonction de la<br \/>\nhauteur souhait\u00e9e. Les 10 supports s\u00e9par\u00e9s peuvent \u00eatre retir\u00e9s, plac\u00e9s et<br \/>\nd\u00e9plac\u00e9s o\u00f9 vous le souhaitez sur les deux \u00e9tag\u00e8res, ce qui facilite le<br \/>\nstockage d&#8217;articles de diff\u00e9rentes tailles tout en laissant l&#8217;espace n\u00e9cessaire<br \/>\npour le tuyau de vidange de l&#8217;\u00e9vier.<\/p>\n<\/p>\n<ul>\n<li>Mat\u00e9riel:\n<ul>\n<li>ABS<\/li>\n<li>Acier inoxydable<\/li>\n<\/ul>\n<\/li>\n<li>Couleur: Gris<\/li>\n<li>Design moderne: Novateur et pratique<\/li>\n<li>Type: \u00c9tag\u00e8re<\/li>\n<li>Extensible: 37,5-66,5 cm<\/li>\n<li>Polyvalent et adaptable: Multiposition<\/li>\n<li>Hauteur r\u00e9glable: 2 Etag\u00e8res<\/li>\n<li>Multifonction: Plusieurs fonctionnalit\u00e9s et espaces<\/li>\n<li>Poids Max. support\u00e9: 8 kg<\/li>\n<li>Grande capacit\u00e9 et tr\u00e8s stable: Fixation ferme<\/li>\n<li>Facile \u00e0 utiliser et \u00e0 nettoyer: Utilisation pratique et simple<\/li>\n<li>Organisation et gain de place: Utilisation maximale de l&#8217;espace<\/li>\n<li>D\u00e9montable: Facile \u00e0 monter et \u00e0 d\u00e9monter<\/li>\n<li>Caract\u00e9ristiques: Montage sans outils<\/li>\n<li>Inclut: Instructions de montage<\/li>\n<li>Compact: Occupe peu d&#8217;espace<\/li>\n<li>Originale et portative: Installation et retrait faciles<\/li>\n<li>L\u00e9ger et maniable: Facile \u00e0 transporter et \u00e0 ranger<\/li>\n<li>Utilisation principale: \u00c9viers<\/li>\n<li>Dimensions approx.: 37,5-66,5 x 38 x 28 cm<\/li>\n<li>Packaging en 24 langues: anglais, fran\u00e7ais, espagnol, allemand, italien, portugais, n\u00e9erlandais, polonais, hongrois, roumain, danois, su\u00e9dois, finnois, lituanien, norv\u00e9gien, slov\u00e8ne, grec, tch\u00e8que, bulgare, croate, slovaque, estonien, russe, letton<\/li>\n<\/ul>\n<p>Packaging en 24 langues: anglais, fran\u00e7ais, espagnol, allemand, italien, portugais, n\u00e9erlandais, polonais, hongrois, roumain, danois, su\u00e9dois, finnois, lituanien, norv\u00e9gien, slov\u00e8ne, grec, tch\u00e8que, bulgare, croate, slovaque, estonien, russe, letton.<\/p><\/div>\n<div class=\"col-md-6\">\n<div class=\"embed-responsive embed-responsive-16by9\"><\/div>\n<\/div>","protected":false},"excerpt":{"rendered":"<p>InnovaGoods vient vous aider \u00e0 cuisiner facilement et de mani\u00e8re amusante en vous offrant les meilleures nouveaut\u00e9s pour votre cuisine, comme \u00c9vier \u00e0 \u00c9tag\u00e8re Extensible Shibblek InnovaGoods 2 Etag\u00e8res ! D\u00e9couvrez une vaste gamme de produits de qualit\u00e9 qui se d\u00e9marquent de par leur fonctionnalit\u00e9, leur efficacit\u00e9 et leur design innovant! L&#8217;\u00e9tag\u00e8re extensible Shibblek InnovaGoods [&hellip;]<\/p>\n","protected":false},"featured_media":207781,"comment_status":"open","ping_status":"closed","template":"","meta":[],"product_brand":[256],"product_cat":[1818,225,613,63,227,60,1427,239,577,1796,224],"product_tag":[210],"woo-feed-brand":[],"class_list":{"0":"post-207792","1":"product","2":"type-product","3":"status-publish","4":"has-post-thumbnail","6":"product_brand-brandp_1281","7":"product_cat-accessoires-de-cuisine","8":"product_cat-autres-accessoires-et-ustensiles-de-cuisine","9":"product_cat-bricolage-et-materiel","10":"product_cat-cadeaux-originaux","11":"product_cat-cadeaux-pour-la-cuisine","12":"product_cat-cuisine-gourmet","13":"product_cat-etageres","14":"product_cat-maison-jardin","15":"product_cat-mobilier","16":"product_cat-teleachat-vu-a-la-television","17":"product_cat-ustensiles-et-accessoires-de-cuisine","18":"product_tag-tag_25","20":"first","21":"instock","22":"taxable","23":"shipping-taxable","24":"purchasable","25":"product-type-simple"},"yoast_head":"<!-- This site is optimized with the Yoast SEO plugin v27.6 - https:\/\/yoast.com\/product\/yoast-seo-wordpress\/ -->\n<title>\u00c9vier \u00e0 \u00c9tag\u00e8re Extensible Shibblek InnovaGoods 2 Etag\u00e8res | | Tupique<\/title>\n<meta name=\"description\" content=\"Envie d&#039;acheter \u00c9vier \u00e0 \u00c9tag\u00e8re Extensible Shibblek InnovaGoods 2 Etag\u00e8res\u00a0? Achetez \u00c9vier \u00e0 \u00c9tag\u00e8re Extensible Shibblek InnovaGoods 2 Etag\u00e8res maintenant avec Tupique en 3 versements sans int\u00e9r\u00eat.\" \/>\n<meta name=\"robots\" content=\"index, follow, max-snippet:-1, max-image-preview:large, max-video-preview:-1\" \/>\n<link rel=\"canonical\" href=\"https:\/\/tupique.com\/pt\/product\/evier-a-etagere-extensible-shibblek-innovagoods-2-etageres\/\" \/>\n<meta property=\"og:locale\" content=\"pt_PT\" \/>\n<meta property=\"og:type\" content=\"article\" \/>\n<meta property=\"og:title\" content=\"\u00c9vier \u00e0 \u00c9tag\u00e8re Extensible Shibblek InnovaGoods 2 Etag\u00e8res | | Tupique\" \/>\n<meta property=\"og:description\" content=\"Envie d&#039;acheter \u00c9vier \u00e0 \u00c9tag\u00e8re Extensible Shibblek InnovaGoods 2 Etag\u00e8res\u00a0? Achetez \u00c9vier \u00e0 \u00c9tag\u00e8re Extensible Shibblek InnovaGoods 2 Etag\u00e8res maintenant avec Tupique en 3 versements sans int\u00e9r\u00eat.\" \/>\n<meta property=\"og:url\" content=\"https:\/\/tupique.com\/pt\/product\/evier-a-etagere-extensible-shibblek-innovagoods-2-etageres\/\" \/>\n<meta property=\"og:site_name\" content=\"Tupique\" \/>\n<meta name=\"twitter:card\" content=\"summary_large_image\" \/>\n<meta name=\"twitter:label1\" content=\"Tempo estimado de leitura\" \/>\n\t<meta name=\"twitter:data1\" content=\"3 minutos\" \/>\n<script type=\"application\/ld+json\" class=\"yoast-schema-graph\">{\"@context\":\"https:\\\/\\\/schema.org\",\"@graph\":[{\"@type\":\"WebPage\",\"@id\":\"https:\\\/\\\/tupique.com\\\/product\\\/evier-a-etagere-extensible-shibblek-innovagoods-2-etageres\\\/\",\"url\":\"https:\\\/\\\/tupique.com\\\/product\\\/evier-a-etagere-extensible-shibblek-innovagoods-2-etageres\\\/\",\"name\":\"\u00c9vier \u00e0 \u00c9tag\u00e8re Extensible Shibblek InnovaGoods 2 Etag\u00e8res | | Tupique\",\"isPartOf\":{\"@id\":\"https:\\\/\\\/tupique.com\\\/#website\"},\"primaryImageOfPage\":{\"@id\":\"https:\\\/\\\/tupique.com\\\/product\\\/evier-a-etagere-extensible-shibblek-innovagoods-2-etageres\\\/#primaryimage\"},\"image\":{\"@id\":\"https:\\\/\\\/tupique.com\\\/product\\\/evier-a-etagere-extensible-shibblek-innovagoods-2-etageres\\\/#primaryimage\"},\"thumbnailUrl\":\"https:\\\/\\\/tupique.com\\\/wp-content\\\/uploads\\\/2026\\\/05\\\/8435527824631_V0103677_000_MKT-v_13.jpg\",\"datePublished\":\"2026-05-14T13:14:08+00:00\",\"description\":\"Envie d'acheter \u00c9vier \u00e0 \u00c9tag\u00e8re Extensible Shibblek InnovaGoods 2 Etag\u00e8res\u00a0? Achetez \u00c9vier \u00e0 \u00c9tag\u00e8re Extensible Shibblek InnovaGoods 2 Etag\u00e8res maintenant avec Tupique en 3 versements sans int\u00e9r\u00eat.\",\"breadcrumb\":{\"@id\":\"https:\\\/\\\/tupique.com\\\/product\\\/evier-a-etagere-extensible-shibblek-innovagoods-2-etageres\\\/#breadcrumb\"},\"inLanguage\":\"pt-PT\",\"potentialAction\":[{\"@type\":\"ReadAction\",\"target\":[\"https:\\\/\\\/tupique.com\\\/product\\\/evier-a-etagere-extensible-shibblek-innovagoods-2-etageres\\\/\"]}]},{\"@type\":\"ImageObject\",\"inLanguage\":\"pt-PT\",\"@id\":\"https:\\\/\\\/tupique.com\\\/product\\\/evier-a-etagere-extensible-shibblek-innovagoods-2-etageres\\\/#primaryimage\",\"url\":\"https:\\\/\\\/tupique.com\\\/wp-content\\\/uploads\\\/2026\\\/05\\\/8435527824631_V0103677_000_MKT-v_13.jpg\",\"contentUrl\":\"https:\\\/\\\/tupique.com\\\/wp-content\\\/uploads\\\/2026\\\/05\\\/8435527824631_V0103677_000_MKT-v_13.jpg\",\"width\":1200,\"height\":1200,\"caption\":\"V0103677_0\"},{\"@type\":\"BreadcrumbList\",\"@id\":\"https:\\\/\\\/tupique.com\\\/product\\\/evier-a-etagere-extensible-shibblek-innovagoods-2-etageres\\\/#breadcrumb\",\"itemListElement\":[{\"@type\":\"ListItem\",\"position\":1,\"name\":\"commencer\",\"item\":\"https:\\\/\\\/tupique.com\\\/\"},{\"@type\":\"ListItem\",\"position\":2,\"name\":\"Loja\",\"item\":\"https:\\\/\\\/tupique.com\\\/pt\\\/loja\\\/\"},{\"@type\":\"ListItem\",\"position\":3,\"name\":\"\u00c9vier \u00e0 \u00c9tag\u00e8re Extensible Shibblek InnovaGoods 2 Etag\u00e8res\"}]},{\"@type\":\"WebSite\",\"@id\":\"https:\\\/\\\/tupique.com\\\/#website\",\"url\":\"https:\\\/\\\/tupique.com\\\/\",\"name\":\"Tupique\",\"description\":\"\",\"publisher\":{\"@id\":\"https:\\\/\\\/tupique.com\\\/#organization\"},\"potentialAction\":[{\"@type\":\"SearchAction\",\"target\":{\"@type\":\"EntryPoint\",\"urlTemplate\":\"https:\\\/\\\/tupique.com\\\/?s={search_term_string}\"},\"query-input\":{\"@type\":\"PropertyValueSpecification\",\"valueRequired\":true,\"valueName\":\"search_term_string\"}}],\"inLanguage\":\"pt-PT\"},{\"@type\":\"Organization\",\"@id\":\"https:\\\/\\\/tupique.com\\\/#organization\",\"name\":\"Tupique\",\"url\":\"https:\\\/\\\/tupique.com\\\/\",\"logo\":{\"@type\":\"ImageObject\",\"inLanguage\":\"pt-PT\",\"@id\":\"https:\\\/\\\/tupique.com\\\/#\\\/schema\\\/logo\\\/image\\\/\",\"url\":\"https:\\\/\\\/tupique.com\\\/wp-content\\\/uploads\\\/2026\\\/03\\\/logo-tupique-1.webp\",\"contentUrl\":\"https:\\\/\\\/tupique.com\\\/wp-content\\\/uploads\\\/2026\\\/03\\\/logo-tupique-1.webp\",\"width\":500,\"height\":67,\"caption\":\"Tupique\"},\"image\":{\"@id\":\"https:\\\/\\\/tupique.com\\\/#\\\/schema\\\/logo\\\/image\\\/\"}}]}<\/script>\n<!-- \/ Yoast SEO plugin. -->","yoast_head_json":{"title":"\u00c9vier \u00e0 \u00c9tag\u00e8re Extensible Shibblek InnovaGoods 2 Etag\u00e8res | | Tupique","description":"Envie d'acheter \u00c9vier \u00e0 \u00c9tag\u00e8re Extensible Shibblek InnovaGoods 2 Etag\u00e8res\u00a0? Achetez \u00c9vier \u00e0 \u00c9tag\u00e8re Extensible Shibblek InnovaGoods 2 Etag\u00e8res maintenant avec Tupique en 3 versements sans int\u00e9r\u00eat.","robots":{"index":"index","follow":"follow","max-snippet":"max-snippet:-1","max-image-preview":"max-image-preview:large","max-video-preview":"max-video-preview:-1"},"canonical":"https:\/\/tupique.com\/pt\/product\/evier-a-etagere-extensible-shibblek-innovagoods-2-etageres\/","og_locale":"pt_PT","og_type":"article","og_title":"\u00c9vier \u00e0 \u00c9tag\u00e8re Extensible Shibblek InnovaGoods 2 Etag\u00e8res | | Tupique","og_description":"Envie d'acheter \u00c9vier \u00e0 \u00c9tag\u00e8re Extensible Shibblek InnovaGoods 2 Etag\u00e8res\u00a0? Achetez \u00c9vier \u00e0 \u00c9tag\u00e8re Extensible Shibblek InnovaGoods 2 Etag\u00e8res maintenant avec Tupique en 3 versements sans int\u00e9r\u00eat.","og_url":"https:\/\/tupique.com\/pt\/product\/evier-a-etagere-extensible-shibblek-innovagoods-2-etageres\/","og_site_name":"Tupique","twitter_card":"summary_large_image","twitter_misc":{"Tempo estimado de leitura":"3 minutos"},"schema":{"@context":"https:\/\/schema.org","@graph":[{"@type":"WebPage","@id":"https:\/\/tupique.com\/product\/evier-a-etagere-extensible-shibblek-innovagoods-2-etageres\/","url":"https:\/\/tupique.com\/product\/evier-a-etagere-extensible-shibblek-innovagoods-2-etageres\/","name":"\u00c9vier \u00e0 \u00c9tag\u00e8re Extensible Shibblek InnovaGoods 2 Etag\u00e8res | | Tupique","isPartOf":{"@id":"https:\/\/tupique.com\/#website"},"primaryImageOfPage":{"@id":"https:\/\/tupique.com\/product\/evier-a-etagere-extensible-shibblek-innovagoods-2-etageres\/#primaryimage"},"image":{"@id":"https:\/\/tupique.com\/product\/evier-a-etagere-extensible-shibblek-innovagoods-2-etageres\/#primaryimage"},"thumbnailUrl":"https:\/\/tupique.com\/wp-content\/uploads\/2026\/05\/8435527824631_V0103677_000_MKT-v_13.jpg","datePublished":"2026-05-14T13:14:08+00:00","description":"Envie d'acheter \u00c9vier \u00e0 \u00c9tag\u00e8re Extensible Shibblek InnovaGoods 2 Etag\u00e8res\u00a0? Achetez \u00c9vier \u00e0 \u00c9tag\u00e8re Extensible Shibblek InnovaGoods 2 Etag\u00e8res maintenant avec Tupique en 3 versements sans int\u00e9r\u00eat.","breadcrumb":{"@id":"https:\/\/tupique.com\/product\/evier-a-etagere-extensible-shibblek-innovagoods-2-etageres\/#breadcrumb"},"inLanguage":"pt-PT","potentialAction":[{"@type":"ReadAction","target":["https:\/\/tupique.com\/product\/evier-a-etagere-extensible-shibblek-innovagoods-2-etageres\/"]}]},{"@type":"ImageObject","inLanguage":"pt-PT","@id":"https:\/\/tupique.com\/product\/evier-a-etagere-extensible-shibblek-innovagoods-2-etageres\/#primaryimage","url":"https:\/\/tupique.com\/wp-content\/uploads\/2026\/05\/8435527824631_V0103677_000_MKT-v_13.jpg","contentUrl":"https:\/\/tupique.com\/wp-content\/uploads\/2026\/05\/8435527824631_V0103677_000_MKT-v_13.jpg","width":1200,"height":1200,"caption":"V0103677_0"},{"@type":"BreadcrumbList","@id":"https:\/\/tupique.com\/product\/evier-a-etagere-extensible-shibblek-innovagoods-2-etageres\/#breadcrumb","itemListElement":[{"@type":"ListItem","position":1,"name":"commencer","item":"https:\/\/tupique.com\/"},{"@type":"ListItem","position":2,"name":"Loja","item":"https:\/\/tupique.com\/pt\/loja\/"},{"@type":"ListItem","position":3,"name":"\u00c9vier \u00e0 \u00c9tag\u00e8re Extensible Shibblek InnovaGoods 2 Etag\u00e8res"}]},{"@type":"WebSite","@id":"https:\/\/tupique.com\/#website","url":"https:\/\/tupique.com\/","name":"Tupique","description":"","publisher":{"@id":"https:\/\/tupique.com\/#organization"},"potentialAction":[{"@type":"SearchAction","target":{"@type":"EntryPoint","urlTemplate":"https:\/\/tupique.com\/?s={search_term_string}"},"query-input":{"@type":"PropertyValueSpecification","valueRequired":true,"valueName":"search_term_string"}}],"inLanguage":"pt-PT"},{"@type":"Organization","@id":"https:\/\/tupique.com\/#organization","name":"Tupique","url":"https:\/\/tupique.com\/","logo":{"@type":"ImageObject","inLanguage":"pt-PT","@id":"https:\/\/tupique.com\/#\/schema\/logo\/image\/","url":"https:\/\/tupique.com\/wp-content\/uploads\/2026\/03\/logo-tupique-1.webp","contentUrl":"https:\/\/tupique.com\/wp-content\/uploads\/2026\/03\/logo-tupique-1.webp","width":500,"height":67,"caption":"Tupique"},"image":{"@id":"https:\/\/tupique.com\/#\/schema\/logo\/image\/"}}]}},"_links":{"self":[{"href":"https:\/\/tupique.com\/pt\/wp-json\/wp\/v2\/product\/207792","targetHints":{"allow":["GET"]}}],"collection":[{"href":"https:\/\/tupique.com\/pt\/wp-json\/wp\/v2\/product"}],"about":[{"href":"https:\/\/tupique.com\/pt\/wp-json\/wp\/v2\/types\/product"}],"replies":[{"embeddable":true,"href":"https:\/\/tupique.com\/pt\/wp-json\/wp\/v2\/comments?post=207792"}],"wp:featuredmedia":[{"embeddable":true,"href":"https:\/\/tupique.com\/pt\/wp-json\/wp\/v2\/media\/207781"}],"wp:attachment":[{"href":"https:\/\/tupique.com\/pt\/wp-json\/wp\/v2\/media?parent=207792"}],"wp:term":[{"taxonomy":"product_brand","embeddable":true,"href":"https:\/\/tupique.com\/pt\/wp-json\/wp\/v2\/product_brand?post=207792"},{"taxonomy":"product_cat","embeddable":true,"href":"https:\/\/tupique.com\/pt\/wp-json\/wp\/v2\/product_cat?post=207792"},{"taxonomy":"product_tag","embeddable":true,"href":"https:\/\/tupique.com\/pt\/wp-json\/wp\/v2\/product_tag?post=207792"},{"taxonomy":"woo-feed-brand","embeddable":true,"href":"https:\/\/tupique.com\/pt\/wp-json\/wp\/v2\/woo-feed-brand?post=207792"}],"curies":[{"name":"wp","href":"https:\/\/api.w.org\/{rel}","templated":true}]}}