{"id":207819,"date":"2026-05-14T15:15:12","date_gmt":"2026-05-14T13:15:12","guid":{"rendered":"https:\/\/tupique.com\/product\/camescope-de-surveillance-gopro-affrc-002\/"},"modified":"2026-05-14T15:15:12","modified_gmt":"2026-05-14T13:15:12","slug":"camescope-de-surveillance-gopro-affrc-002","status":"publish","type":"product","link":"https:\/\/tupique.com\/pt\/product\/camescope-de-surveillance-gopro-affrc-002\/","title":{"rendered":"Camescope de surveillance GoPro AFFRC-002"},"content":{"rendered":"<p>Si vous aimez prendre soin de chaque d\u00e9tail de votre maison et d&#8217;\u00eatre \u00e0 la derni\u00e8re mode en mati\u00e8re de produits qui vous rendront la vie plus facile, achetez <b>Camescope de surveillance GoPro AFFRC-002<\/b> au meilleur prix.<\/p>\n<p>A <b>housse de protection GoPro<\/b> est sp\u00e9cialement con\u00e7ue pour offrir une protection efficace \u00e0 votre <b>cam\u00e9ra de surveillance<\/b> ou cam\u00e9ra d\u2019action GoPro, s\u2019adaptant parfaitement \u00e0 son format avec un maintien s\u00fbr et confortable. Fabriqu\u00e9e en <b>silicone de haute qualit\u00e9<\/b>, cette housse combine <b>caoutchouc et gomme<\/b> pour cr\u00e9er une barri\u00e8re contre les chocs, rayures et dommages li\u00e9s \u00e0 un usage quotidien. Sa <b>couleur noire<\/b> lui conf\u00e8re une finition discr\u00e8te et professionnelle, id\u00e9ale pour une utilisation ext\u00e9rieure ou dans des environnements expos\u00e9s \u00e0 des conditions difficiles. Gr\u00e2ce \u00e0 l\u2019\u00e9lasticit\u00e9 du mat\u00e9riau, la housse se met et s\u2019enl\u00e8ve facilement sans ab\u00eemer l\u2019appareil, tout en assurant une protection compl\u00e8te du bo\u00eetier d\u2019origine, augmentant la durabilit\u00e9 de la cam\u00e9ra. Cet accessoire est compatible avec plusieurs versions de cam\u00e9ras GoPro, apportant un compl\u00e9ment essentiel pour les utilisateurs souhaitant pr\u00e9server leur investissement et maintenir leur \u00e9quipement en parfait \u00e9tat lors d\u2019activit\u00e9s sportives, de surveillance ou d\u2019enregistrement en ext\u00e9rieur. En r\u00e9sum\u00e9, cette <b>housse de protection en silicone pour GoPro<\/b> allie r\u00e9sistance, fonctionnalit\u00e9 et design pratique pour prot\u00e9ger efficacement votre cam\u00e9ra des risques courants li\u00e9s \u00e0 un usage quotidien.<\/p>\n<ul>\n<li>Tipo:\n<ul>\n<li>Cam\u00e9scope<\/li>\n<li>\u00c9tui<\/li>\n<\/ul>\n<\/li>\n<li>Couleur: Noir<\/li>\n<li>Mati\u00e8re: Caoutchouc<\/li>\n<li>Caract\u00e9ristiques: Protection contre les rayures<\/li>\n<li>Compatible: GoPro<\/li>\n<\/ul>","protected":false},"excerpt":{"rendered":"<p>Si vous aimez prendre soin de chaque d\u00e9tail de votre maison et d&#8217;\u00eatre \u00e0 la derni\u00e8re mode en mati\u00e8re de produits qui vous rendront la vie plus facile, achetez Camescope de surveillance GoPro AFFRC-002 au meilleur prix. La housse de protection GoPro est sp\u00e9cialement con\u00e7ue pour offrir une protection efficace \u00e0 votre cam\u00e9ra de surveillance [&hellip;]<\/p>\n","protected":false},"featured_media":207812,"comment_status":"open","ping_status":"closed","template":"","meta":[],"product_brand":[1575],"product_cat":[580,239,579],"product_tag":[567,210],"woo-feed-brand":[],"class_list":{"0":"post-207819","1":"product","2":"type-product","3":"status-publish","4":"has-post-thumbnail","6":"product_brand-brandp_1056","7":"product_cat-cameras-de-surveillance-video","8":"product_cat-maison-jardin","9":"product_cat-securite-a-la-maison","10":"product_tag-tag_556","11":"product_tag-tag_25","13":"first","14":"instock","15":"taxable","16":"shipping-taxable","17":"purchasable","18":"product-type-simple"},"yoast_head":"<!-- This site is optimized with the Yoast SEO plugin v27.6 - https:\/\/yoast.com\/product\/yoast-seo-wordpress\/ -->\n<title>Camescope de surveillance GoPro AFFRC-002 | | Tupique<\/title>\n<meta name=\"description\" content=\"Envie d&#039;acheter Camescope de surveillance GoPro AFFRC-002\u00a0? Achetez Camescope de surveillance GoPro AFFRC-002 maintenant avec Tupique en 3 versements sans int\u00e9r\u00eat.\" \/>\n<meta name=\"robots\" content=\"index, follow, max-snippet:-1, max-image-preview:large, max-video-preview:-1\" \/>\n<link rel=\"canonical\" href=\"https:\/\/tupique.com\/pt\/product\/camescope-de-surveillance-gopro-affrc-002\/\" \/>\n<meta property=\"og:locale\" content=\"pt_PT\" \/>\n<meta property=\"og:type\" content=\"article\" \/>\n<meta property=\"og:title\" content=\"Camescope de surveillance GoPro AFFRC-002 | | Tupique\" \/>\n<meta property=\"og:description\" content=\"Envie d&#039;acheter Camescope de surveillance GoPro AFFRC-002\u00a0? Achetez Camescope de surveillance GoPro AFFRC-002 maintenant avec Tupique en 3 versements sans int\u00e9r\u00eat.\" \/>\n<meta property=\"og:url\" content=\"https:\/\/tupique.com\/pt\/product\/camescope-de-surveillance-gopro-affrc-002\/\" \/>\n<meta property=\"og:site_name\" content=\"Tupique\" \/>\n<meta name=\"twitter:card\" content=\"summary_large_image\" \/>\n<meta name=\"twitter:label1\" content=\"Tempo estimado de leitura\" \/>\n\t<meta name=\"twitter:data1\" content=\"1 minuto\" \/>\n<script type=\"application\/ld+json\" class=\"yoast-schema-graph\">{\"@context\":\"https:\\\/\\\/schema.org\",\"@graph\":[{\"@type\":\"WebPage\",\"@id\":\"https:\\\/\\\/tupique.com\\\/product\\\/camescope-de-surveillance-gopro-affrc-002\\\/\",\"url\":\"https:\\\/\\\/tupique.com\\\/product\\\/camescope-de-surveillance-gopro-affrc-002\\\/\",\"name\":\"Camescope de surveillance GoPro AFFRC-002 | | Tupique\",\"isPartOf\":{\"@id\":\"https:\\\/\\\/tupique.com\\\/#website\"},\"primaryImageOfPage\":{\"@id\":\"https:\\\/\\\/tupique.com\\\/product\\\/camescope-de-surveillance-gopro-affrc-002\\\/#primaryimage\"},\"image\":{\"@id\":\"https:\\\/\\\/tupique.com\\\/product\\\/camescope-de-surveillance-gopro-affrc-002\\\/#primaryimage\"},\"thumbnailUrl\":\"https:\\\/\\\/tupique.com\\\/wp-content\\\/uploads\\\/2026\\\/05\\\/0810116381920_S0467485_P00.jpg\",\"datePublished\":\"2026-05-14T13:15:12+00:00\",\"description\":\"Envie d'acheter Camescope de surveillance GoPro AFFRC-002\u00a0? Achetez Camescope de surveillance GoPro AFFRC-002 maintenant avec Tupique en 3 versements sans int\u00e9r\u00eat.\",\"breadcrumb\":{\"@id\":\"https:\\\/\\\/tupique.com\\\/product\\\/camescope-de-surveillance-gopro-affrc-002\\\/#breadcrumb\"},\"inLanguage\":\"pt-PT\",\"potentialAction\":[{\"@type\":\"ReadAction\",\"target\":[\"https:\\\/\\\/tupique.com\\\/product\\\/camescope-de-surveillance-gopro-affrc-002\\\/\"]}]},{\"@type\":\"ImageObject\",\"inLanguage\":\"pt-PT\",\"@id\":\"https:\\\/\\\/tupique.com\\\/product\\\/camescope-de-surveillance-gopro-affrc-002\\\/#primaryimage\",\"url\":\"https:\\\/\\\/tupique.com\\\/wp-content\\\/uploads\\\/2026\\\/05\\\/0810116381920_S0467485_P00.jpg\",\"contentUrl\":\"https:\\\/\\\/tupique.com\\\/wp-content\\\/uploads\\\/2026\\\/05\\\/0810116381920_S0467485_P00.jpg\",\"width\":1200,\"height\":1200,\"caption\":\"S0467485_0\"},{\"@type\":\"BreadcrumbList\",\"@id\":\"https:\\\/\\\/tupique.com\\\/product\\\/camescope-de-surveillance-gopro-affrc-002\\\/#breadcrumb\",\"itemListElement\":[{\"@type\":\"ListItem\",\"position\":1,\"name\":\"commencer\",\"item\":\"https:\\\/\\\/tupique.com\\\/\"},{\"@type\":\"ListItem\",\"position\":2,\"name\":\"Loja\",\"item\":\"https:\\\/\\\/tupique.com\\\/pt\\\/loja\\\/\"},{\"@type\":\"ListItem\",\"position\":3,\"name\":\"Camescope de surveillance GoPro AFFRC-002\"}]},{\"@type\":\"WebSite\",\"@id\":\"https:\\\/\\\/tupique.com\\\/#website\",\"url\":\"https:\\\/\\\/tupique.com\\\/\",\"name\":\"Tupique\",\"description\":\"\",\"publisher\":{\"@id\":\"https:\\\/\\\/tupique.com\\\/#organization\"},\"potentialAction\":[{\"@type\":\"SearchAction\",\"target\":{\"@type\":\"EntryPoint\",\"urlTemplate\":\"https:\\\/\\\/tupique.com\\\/?s={search_term_string}\"},\"query-input\":{\"@type\":\"PropertyValueSpecification\",\"valueRequired\":true,\"valueName\":\"search_term_string\"}}],\"inLanguage\":\"pt-PT\"},{\"@type\":\"Organization\",\"@id\":\"https:\\\/\\\/tupique.com\\\/#organization\",\"name\":\"Tupique\",\"url\":\"https:\\\/\\\/tupique.com\\\/\",\"logo\":{\"@type\":\"ImageObject\",\"inLanguage\":\"pt-PT\",\"@id\":\"https:\\\/\\\/tupique.com\\\/#\\\/schema\\\/logo\\\/image\\\/\",\"url\":\"https:\\\/\\\/tupique.com\\\/wp-content\\\/uploads\\\/2026\\\/03\\\/logo-tupique-1.webp\",\"contentUrl\":\"https:\\\/\\\/tupique.com\\\/wp-content\\\/uploads\\\/2026\\\/03\\\/logo-tupique-1.webp\",\"width\":500,\"height\":67,\"caption\":\"Tupique\"},\"image\":{\"@id\":\"https:\\\/\\\/tupique.com\\\/#\\\/schema\\\/logo\\\/image\\\/\"}}]}<\/script>\n<!-- \/ Yoast SEO plugin. -->","yoast_head_json":{"title":"Camescope de surveillance GoPro AFFRC-002 | | Tupique","description":"Envie d'acheter Camescope de surveillance GoPro AFFRC-002\u00a0? Achetez Camescope de surveillance GoPro AFFRC-002 maintenant avec Tupique en 3 versements sans int\u00e9r\u00eat.","robots":{"index":"index","follow":"follow","max-snippet":"max-snippet:-1","max-image-preview":"max-image-preview:large","max-video-preview":"max-video-preview:-1"},"canonical":"https:\/\/tupique.com\/pt\/product\/camescope-de-surveillance-gopro-affrc-002\/","og_locale":"pt_PT","og_type":"article","og_title":"Camescope de surveillance GoPro AFFRC-002 | | Tupique","og_description":"Envie d'acheter Camescope de surveillance GoPro AFFRC-002\u00a0? Achetez Camescope de surveillance GoPro AFFRC-002 maintenant avec Tupique en 3 versements sans int\u00e9r\u00eat.","og_url":"https:\/\/tupique.com\/pt\/product\/camescope-de-surveillance-gopro-affrc-002\/","og_site_name":"Tupique","twitter_card":"summary_large_image","twitter_misc":{"Tempo estimado de leitura":"1 minuto"},"schema":{"@context":"https:\/\/schema.org","@graph":[{"@type":"WebPage","@id":"https:\/\/tupique.com\/product\/camescope-de-surveillance-gopro-affrc-002\/","url":"https:\/\/tupique.com\/product\/camescope-de-surveillance-gopro-affrc-002\/","name":"Camescope de surveillance GoPro AFFRC-002 | | Tupique","isPartOf":{"@id":"https:\/\/tupique.com\/#website"},"primaryImageOfPage":{"@id":"https:\/\/tupique.com\/product\/camescope-de-surveillance-gopro-affrc-002\/#primaryimage"},"image":{"@id":"https:\/\/tupique.com\/product\/camescope-de-surveillance-gopro-affrc-002\/#primaryimage"},"thumbnailUrl":"https:\/\/tupique.com\/wp-content\/uploads\/2026\/05\/0810116381920_S0467485_P00.jpg","datePublished":"2026-05-14T13:15:12+00:00","description":"Envie d'acheter Camescope de surveillance GoPro AFFRC-002\u00a0? Achetez Camescope de surveillance GoPro AFFRC-002 maintenant avec Tupique en 3 versements sans int\u00e9r\u00eat.","breadcrumb":{"@id":"https:\/\/tupique.com\/product\/camescope-de-surveillance-gopro-affrc-002\/#breadcrumb"},"inLanguage":"pt-PT","potentialAction":[{"@type":"ReadAction","target":["https:\/\/tupique.com\/product\/camescope-de-surveillance-gopro-affrc-002\/"]}]},{"@type":"ImageObject","inLanguage":"pt-PT","@id":"https:\/\/tupique.com\/product\/camescope-de-surveillance-gopro-affrc-002\/#primaryimage","url":"https:\/\/tupique.com\/wp-content\/uploads\/2026\/05\/0810116381920_S0467485_P00.jpg","contentUrl":"https:\/\/tupique.com\/wp-content\/uploads\/2026\/05\/0810116381920_S0467485_P00.jpg","width":1200,"height":1200,"caption":"S0467485_0"},{"@type":"BreadcrumbList","@id":"https:\/\/tupique.com\/product\/camescope-de-surveillance-gopro-affrc-002\/#breadcrumb","itemListElement":[{"@type":"ListItem","position":1,"name":"commencer","item":"https:\/\/tupique.com\/"},{"@type":"ListItem","position":2,"name":"Loja","item":"https:\/\/tupique.com\/pt\/loja\/"},{"@type":"ListItem","position":3,"name":"Camescope de surveillance GoPro AFFRC-002"}]},{"@type":"WebSite","@id":"https:\/\/tupique.com\/#website","url":"https:\/\/tupique.com\/","name":"Tupique","description":"","publisher":{"@id":"https:\/\/tupique.com\/#organization"},"potentialAction":[{"@type":"SearchAction","target":{"@type":"EntryPoint","urlTemplate":"https:\/\/tupique.com\/?s={search_term_string}"},"query-input":{"@type":"PropertyValueSpecification","valueRequired":true,"valueName":"search_term_string"}}],"inLanguage":"pt-PT"},{"@type":"Organization","@id":"https:\/\/tupique.com\/#organization","name":"Tupique","url":"https:\/\/tupique.com\/","logo":{"@type":"ImageObject","inLanguage":"pt-PT","@id":"https:\/\/tupique.com\/#\/schema\/logo\/image\/","url":"https:\/\/tupique.com\/wp-content\/uploads\/2026\/03\/logo-tupique-1.webp","contentUrl":"https:\/\/tupique.com\/wp-content\/uploads\/2026\/03\/logo-tupique-1.webp","width":500,"height":67,"caption":"Tupique"},"image":{"@id":"https:\/\/tupique.com\/#\/schema\/logo\/image\/"}}]}},"_links":{"self":[{"href":"https:\/\/tupique.com\/pt\/wp-json\/wp\/v2\/product\/207819","targetHints":{"allow":["GET"]}}],"collection":[{"href":"https:\/\/tupique.com\/pt\/wp-json\/wp\/v2\/product"}],"about":[{"href":"https:\/\/tupique.com\/pt\/wp-json\/wp\/v2\/types\/product"}],"replies":[{"embeddable":true,"href":"https:\/\/tupique.com\/pt\/wp-json\/wp\/v2\/comments?post=207819"}],"wp:featuredmedia":[{"embeddable":true,"href":"https:\/\/tupique.com\/pt\/wp-json\/wp\/v2\/media\/207812"}],"wp:attachment":[{"href":"https:\/\/tupique.com\/pt\/wp-json\/wp\/v2\/media?parent=207819"}],"wp:term":[{"taxonomy":"product_brand","embeddable":true,"href":"https:\/\/tupique.com\/pt\/wp-json\/wp\/v2\/product_brand?post=207819"},{"taxonomy":"product_cat","embeddable":true,"href":"https:\/\/tupique.com\/pt\/wp-json\/wp\/v2\/product_cat?post=207819"},{"taxonomy":"product_tag","embeddable":true,"href":"https:\/\/tupique.com\/pt\/wp-json\/wp\/v2\/product_tag?post=207819"},{"taxonomy":"woo-feed-brand","embeddable":true,"href":"https:\/\/tupique.com\/pt\/wp-json\/wp\/v2\/woo-feed-brand?post=207819"}],"curies":[{"name":"wp","href":"https:\/\/api.w.org\/{rel}","templated":true}]}}