{"id":207936,"date":"2026-05-14T15:19:17","date_gmt":"2026-05-14T13:19:17","guid":{"rendered":"https:\/\/tupique.com\/product\/gel-hydratant-antioxidant-line-q10-skeyndor-30-ml\/"},"modified":"2026-05-14T15:19:17","modified_gmt":"2026-05-14T13:19:17","slug":"gel-hydratant-antioxidant-line-q10-skeyndor-30-ml","status":"publish","type":"product","link":"https:\/\/tupique.com\/pt\/product\/gel-hydratant-antioxidant-line-q10-skeyndor-30-ml\/","title":{"rendered":"Gel hydratant Antioxidant Line Q10 Skeyndor (30 ml)"},"content":{"rendered":"<\/p>\n<p><b>Gel hydratant Antioxidant Line Q10 Skeyndor (30 ml)<\/b> \u00e9 um produto de qualidade concebido para pessoas exigentes que se preocupam com a sua imagem e procuram os melhores cosm\u00e9ticos para real\u00e7ar a sua beleza. Se faz parte desse grupo, os produtos originais 100 % <b>Skeyndor<\/b> s\u00e3o feitos para si.<\/p>\n<ul>\n<li>G\u00e9nero: Femme<\/li>\n<li>Capacidade: 50 ml<\/li>\n<\/ul>","protected":false},"excerpt":{"rendered":"<p>Gel hydratant Antioxidant Line Q10 Skeyndor (30 ml) est un produit de qualit\u00e9 con\u00e7u pour les personnes exigeantes qui prennent soin de leur image et recherchent les meilleurs cosm\u00e9tiques pour mettre en valeur leur beaut\u00e9. Si vous en faites partie, les produits 100 % originaux Skeyndor sont faits pour vous. Genre: Femme Capacit\u00e9: 50 ml<\/p>","protected":false},"featured_media":207935,"comment_status":"open","ping_status":"closed","template":"","meta":[],"product_brand":[3030],"product_cat":[1503,769,1495],"product_tag":[722],"woo-feed-brand":[],"class_list":{"0":"post-207936","1":"product","2":"type-product","3":"status-publish","4":"has-post-thumbnail","6":"product_brand-brandp_2297","7":"product_cat-cremes-anti-rides-et-hydratantes","8":"product_cat-parfum-cosmetique","9":"product_cat-soin-du-visage","10":"product_tag-tag_923","12":"first","13":"instock","14":"taxable","15":"shipping-taxable","16":"purchasable","17":"product-type-simple"},"yoast_head":"<!-- This site is optimized with the Yoast SEO plugin v27.6 - https:\/\/yoast.com\/product\/yoast-seo-wordpress\/ -->\n<title>Gel hydratant Antioxidant Line Q10 Skeyndor (30 ml) | | Tupique<\/title>\n<meta name=\"description\" content=\"Envie d&#039;acheter Gel hydratant Antioxidant Line Q10 Skeyndor (30 ml)\u00a0? Achetez Gel hydratant Antioxidant Line Q10 Skeyndor (30 ml) maintenant avec Tupique en 3 versements sans int\u00e9r\u00eat.\" \/>\n<meta name=\"robots\" content=\"index, follow, max-snippet:-1, max-image-preview:large, max-video-preview:-1\" \/>\n<link rel=\"canonical\" href=\"https:\/\/tupique.com\/pt\/product\/gel-hydratant-antioxidant-line-q10-skeyndor-30-ml\/\" \/>\n<meta property=\"og:locale\" content=\"pt_PT\" \/>\n<meta property=\"og:type\" content=\"article\" \/>\n<meta property=\"og:title\" content=\"Gel hydratant Antioxidant Line Q10 Skeyndor (30 ml) | | Tupique\" \/>\n<meta property=\"og:description\" content=\"Envie d&#039;acheter Gel hydratant Antioxidant Line Q10 Skeyndor (30 ml)\u00a0? Achetez Gel hydratant Antioxidant Line Q10 Skeyndor (30 ml) maintenant avec Tupique en 3 versements sans int\u00e9r\u00eat.\" \/>\n<meta property=\"og:url\" content=\"https:\/\/tupique.com\/pt\/product\/gel-hydratant-antioxidant-line-q10-skeyndor-30-ml\/\" \/>\n<meta property=\"og:site_name\" content=\"Tupique\" \/>\n<meta name=\"twitter:card\" content=\"summary_large_image\" \/>\n<script type=\"application\/ld+json\" class=\"yoast-schema-graph\">{\"@context\":\"https:\\\/\\\/schema.org\",\"@graph\":[{\"@type\":\"WebPage\",\"@id\":\"https:\\\/\\\/tupique.com\\\/product\\\/gel-hydratant-antioxidant-line-q10-skeyndor-30-ml\\\/\",\"url\":\"https:\\\/\\\/tupique.com\\\/product\\\/gel-hydratant-antioxidant-line-q10-skeyndor-30-ml\\\/\",\"name\":\"Gel hydratant Antioxidant Line Q10 Skeyndor (30 ml) | | Tupique\",\"isPartOf\":{\"@id\":\"https:\\\/\\\/tupique.com\\\/#website\"},\"primaryImageOfPage\":{\"@id\":\"https:\\\/\\\/tupique.com\\\/product\\\/gel-hydratant-antioxidant-line-q10-skeyndor-30-ml\\\/#primaryimage\"},\"image\":{\"@id\":\"https:\\\/\\\/tupique.com\\\/product\\\/gel-hydratant-antioxidant-line-q10-skeyndor-30-ml\\\/#primaryimage\"},\"thumbnailUrl\":\"https:\\\/\\\/tupique.com\\\/wp-content\\\/uploads\\\/2026\\\/05\\\/8436001982861_0_P00.jpg\",\"datePublished\":\"2026-05-14T13:19:17+00:00\",\"description\":\"Envie d'acheter Gel hydratant Antioxidant Line Q10 Skeyndor (30 ml)\u00a0? Achetez Gel hydratant Antioxidant Line Q10 Skeyndor (30 ml) maintenant avec Tupique en 3 versements sans int\u00e9r\u00eat.\",\"breadcrumb\":{\"@id\":\"https:\\\/\\\/tupique.com\\\/product\\\/gel-hydratant-antioxidant-line-q10-skeyndor-30-ml\\\/#breadcrumb\"},\"inLanguage\":\"pt-PT\",\"potentialAction\":[{\"@type\":\"ReadAction\",\"target\":[\"https:\\\/\\\/tupique.com\\\/product\\\/gel-hydratant-antioxidant-line-q10-skeyndor-30-ml\\\/\"]}]},{\"@type\":\"ImageObject\",\"inLanguage\":\"pt-PT\",\"@id\":\"https:\\\/\\\/tupique.com\\\/product\\\/gel-hydratant-antioxidant-line-q10-skeyndor-30-ml\\\/#primaryimage\",\"url\":\"https:\\\/\\\/tupique.com\\\/wp-content\\\/uploads\\\/2026\\\/05\\\/8436001982861_0_P00.jpg\",\"contentUrl\":\"https:\\\/\\\/tupique.com\\\/wp-content\\\/uploads\\\/2026\\\/05\\\/8436001982861_0_P00.jpg\",\"width\":1200,\"height\":1200,\"caption\":\"V3401092_0\"},{\"@type\":\"BreadcrumbList\",\"@id\":\"https:\\\/\\\/tupique.com\\\/product\\\/gel-hydratant-antioxidant-line-q10-skeyndor-30-ml\\\/#breadcrumb\",\"itemListElement\":[{\"@type\":\"ListItem\",\"position\":1,\"name\":\"commencer\",\"item\":\"https:\\\/\\\/tupique.com\\\/\"},{\"@type\":\"ListItem\",\"position\":2,\"name\":\"Loja\",\"item\":\"https:\\\/\\\/tupique.com\\\/pt\\\/loja\\\/\"},{\"@type\":\"ListItem\",\"position\":3,\"name\":\"Gel hydratant Antioxidant Line Q10 Skeyndor (30 ml)\"}]},{\"@type\":\"WebSite\",\"@id\":\"https:\\\/\\\/tupique.com\\\/#website\",\"url\":\"https:\\\/\\\/tupique.com\\\/\",\"name\":\"Tupique\",\"description\":\"\",\"publisher\":{\"@id\":\"https:\\\/\\\/tupique.com\\\/#organization\"},\"potentialAction\":[{\"@type\":\"SearchAction\",\"target\":{\"@type\":\"EntryPoint\",\"urlTemplate\":\"https:\\\/\\\/tupique.com\\\/?s={search_term_string}\"},\"query-input\":{\"@type\":\"PropertyValueSpecification\",\"valueRequired\":true,\"valueName\":\"search_term_string\"}}],\"inLanguage\":\"pt-PT\"},{\"@type\":\"Organization\",\"@id\":\"https:\\\/\\\/tupique.com\\\/#organization\",\"name\":\"Tupique\",\"url\":\"https:\\\/\\\/tupique.com\\\/\",\"logo\":{\"@type\":\"ImageObject\",\"inLanguage\":\"pt-PT\",\"@id\":\"https:\\\/\\\/tupique.com\\\/#\\\/schema\\\/logo\\\/image\\\/\",\"url\":\"https:\\\/\\\/tupique.com\\\/wp-content\\\/uploads\\\/2026\\\/03\\\/logo-tupique-1.webp\",\"contentUrl\":\"https:\\\/\\\/tupique.com\\\/wp-content\\\/uploads\\\/2026\\\/03\\\/logo-tupique-1.webp\",\"width\":500,\"height\":67,\"caption\":\"Tupique\"},\"image\":{\"@id\":\"https:\\\/\\\/tupique.com\\\/#\\\/schema\\\/logo\\\/image\\\/\"}}]}<\/script>\n<!-- \/ Yoast SEO plugin. -->","yoast_head_json":{"title":"Gel hydratant Antioxidant Line Q10 Skeyndor (30 ml) | | Tupique","description":"Envie d'acheter Gel hydratant Antioxidant Line Q10 Skeyndor (30 ml)\u00a0? Achetez Gel hydratant Antioxidant Line Q10 Skeyndor (30 ml) maintenant avec Tupique en 3 versements sans int\u00e9r\u00eat.","robots":{"index":"index","follow":"follow","max-snippet":"max-snippet:-1","max-image-preview":"max-image-preview:large","max-video-preview":"max-video-preview:-1"},"canonical":"https:\/\/tupique.com\/pt\/product\/gel-hydratant-antioxidant-line-q10-skeyndor-30-ml\/","og_locale":"pt_PT","og_type":"article","og_title":"Gel hydratant Antioxidant Line Q10 Skeyndor (30 ml) | | Tupique","og_description":"Envie d'acheter Gel hydratant Antioxidant Line Q10 Skeyndor (30 ml)\u00a0? Achetez Gel hydratant Antioxidant Line Q10 Skeyndor (30 ml) maintenant avec Tupique en 3 versements sans int\u00e9r\u00eat.","og_url":"https:\/\/tupique.com\/pt\/product\/gel-hydratant-antioxidant-line-q10-skeyndor-30-ml\/","og_site_name":"Tupique","twitter_card":"summary_large_image","schema":{"@context":"https:\/\/schema.org","@graph":[{"@type":"WebPage","@id":"https:\/\/tupique.com\/product\/gel-hydratant-antioxidant-line-q10-skeyndor-30-ml\/","url":"https:\/\/tupique.com\/product\/gel-hydratant-antioxidant-line-q10-skeyndor-30-ml\/","name":"Gel hydratant Antioxidant Line Q10 Skeyndor (30 ml) | | Tupique","isPartOf":{"@id":"https:\/\/tupique.com\/#website"},"primaryImageOfPage":{"@id":"https:\/\/tupique.com\/product\/gel-hydratant-antioxidant-line-q10-skeyndor-30-ml\/#primaryimage"},"image":{"@id":"https:\/\/tupique.com\/product\/gel-hydratant-antioxidant-line-q10-skeyndor-30-ml\/#primaryimage"},"thumbnailUrl":"https:\/\/tupique.com\/wp-content\/uploads\/2026\/05\/8436001982861_0_P00.jpg","datePublished":"2026-05-14T13:19:17+00:00","description":"Envie d'acheter Gel hydratant Antioxidant Line Q10 Skeyndor (30 ml)\u00a0? Achetez Gel hydratant Antioxidant Line Q10 Skeyndor (30 ml) maintenant avec Tupique en 3 versements sans int\u00e9r\u00eat.","breadcrumb":{"@id":"https:\/\/tupique.com\/product\/gel-hydratant-antioxidant-line-q10-skeyndor-30-ml\/#breadcrumb"},"inLanguage":"pt-PT","potentialAction":[{"@type":"ReadAction","target":["https:\/\/tupique.com\/product\/gel-hydratant-antioxidant-line-q10-skeyndor-30-ml\/"]}]},{"@type":"ImageObject","inLanguage":"pt-PT","@id":"https:\/\/tupique.com\/product\/gel-hydratant-antioxidant-line-q10-skeyndor-30-ml\/#primaryimage","url":"https:\/\/tupique.com\/wp-content\/uploads\/2026\/05\/8436001982861_0_P00.jpg","contentUrl":"https:\/\/tupique.com\/wp-content\/uploads\/2026\/05\/8436001982861_0_P00.jpg","width":1200,"height":1200,"caption":"V3401092_0"},{"@type":"BreadcrumbList","@id":"https:\/\/tupique.com\/product\/gel-hydratant-antioxidant-line-q10-skeyndor-30-ml\/#breadcrumb","itemListElement":[{"@type":"ListItem","position":1,"name":"commencer","item":"https:\/\/tupique.com\/"},{"@type":"ListItem","position":2,"name":"Loja","item":"https:\/\/tupique.com\/pt\/loja\/"},{"@type":"ListItem","position":3,"name":"Gel hydratant Antioxidant Line Q10 Skeyndor (30 ml)"}]},{"@type":"WebSite","@id":"https:\/\/tupique.com\/#website","url":"https:\/\/tupique.com\/","name":"Tupique","description":"","publisher":{"@id":"https:\/\/tupique.com\/#organization"},"potentialAction":[{"@type":"SearchAction","target":{"@type":"EntryPoint","urlTemplate":"https:\/\/tupique.com\/?s={search_term_string}"},"query-input":{"@type":"PropertyValueSpecification","valueRequired":true,"valueName":"search_term_string"}}],"inLanguage":"pt-PT"},{"@type":"Organization","@id":"https:\/\/tupique.com\/#organization","name":"Tupique","url":"https:\/\/tupique.com\/","logo":{"@type":"ImageObject","inLanguage":"pt-PT","@id":"https:\/\/tupique.com\/#\/schema\/logo\/image\/","url":"https:\/\/tupique.com\/wp-content\/uploads\/2026\/03\/logo-tupique-1.webp","contentUrl":"https:\/\/tupique.com\/wp-content\/uploads\/2026\/03\/logo-tupique-1.webp","width":500,"height":67,"caption":"Tupique"},"image":{"@id":"https:\/\/tupique.com\/#\/schema\/logo\/image\/"}}]}},"_links":{"self":[{"href":"https:\/\/tupique.com\/pt\/wp-json\/wp\/v2\/product\/207936","targetHints":{"allow":["GET"]}}],"collection":[{"href":"https:\/\/tupique.com\/pt\/wp-json\/wp\/v2\/product"}],"about":[{"href":"https:\/\/tupique.com\/pt\/wp-json\/wp\/v2\/types\/product"}],"replies":[{"embeddable":true,"href":"https:\/\/tupique.com\/pt\/wp-json\/wp\/v2\/comments?post=207936"}],"wp:featuredmedia":[{"embeddable":true,"href":"https:\/\/tupique.com\/pt\/wp-json\/wp\/v2\/media\/207935"}],"wp:attachment":[{"href":"https:\/\/tupique.com\/pt\/wp-json\/wp\/v2\/media?parent=207936"}],"wp:term":[{"taxonomy":"product_brand","embeddable":true,"href":"https:\/\/tupique.com\/pt\/wp-json\/wp\/v2\/product_brand?post=207936"},{"taxonomy":"product_cat","embeddable":true,"href":"https:\/\/tupique.com\/pt\/wp-json\/wp\/v2\/product_cat?post=207936"},{"taxonomy":"product_tag","embeddable":true,"href":"https:\/\/tupique.com\/pt\/wp-json\/wp\/v2\/product_tag?post=207936"},{"taxonomy":"woo-feed-brand","embeddable":true,"href":"https:\/\/tupique.com\/pt\/wp-json\/wp\/v2\/woo-feed-brand?post=207936"}],"curies":[{"name":"wp","href":"https:\/\/api.w.org\/{rel}","templated":true}]}}