{"id":209258,"date":"2026-05-14T17:15:19","date_gmt":"2026-05-14T15:15:19","guid":{"rendered":"https:\/\/tupique.com\/product\/monture-de-lunettes-enfant-vogue-vy2042\/"},"modified":"2026-05-14T17:15:19","modified_gmt":"2026-05-14T15:15:19","slug":"monture-de-lunettes-enfant-vogue-vy2042","status":"publish","type":"product","link":"https:\/\/tupique.com\/pt\/product\/monture-de-lunettes-enfant-vogue-vy2042\/","title":{"rendered":"Monture de Lunettes Enfant Vogue VY2042"},"content":{"rendered":"<p>Si vous envisagez de renouveler votre garde-robe, achetez <b>Monture de Lunettes Enfant Vogue VY2042<\/b> et d\u2019autres<b>produits Vogue<\/b>! La meilleure qualit\u00e9 au meilleur prix est \u00e0 votre port\u00e9e!<\/p>\n<p>A <b>monture de lunettes pour enfants<\/b> <b>Vogue VY2042<\/b> est sp\u00e9cialement con\u00e7ue pour offrir confort, s\u00e9curit\u00e9 et style aux plus jeunes, s\u2019adaptant parfaitement aussi bien aux gar\u00e7ons qu\u2019aux filles gr\u00e2ce \u00e0 sa conception <b>unisexe<\/b>. Destin\u00e9e aux b\u00e9b\u00e9s, cette <b>monture<\/b> privil\u00e9gie des mat\u00e9riaux l\u00e9gers et r\u00e9sistants qui assurent un ajustement doux sans pression, respectant la structure faciale d\u00e9licate des enfants et facilitant un usage quotidien, que ce soit \u00e0 l\u2019\u00e9cole ou lors des jeux. Elle est \u00e9quip\u00e9e de <b>verres sans correction<\/b> pour un usage standard ou pour permettre \u00e0 l\u2019opticien de les adapter facilement \u00e0 la correction n\u00e9cessaire, offrant ainsi une personnalisation maximale selon les besoins visuels de chaque enfant. Le design moderne et attrayant, typique de Vogue, renforce la confiance et l\u2019autonomie des jeunes utilisateurs tout en conservant une esth\u00e9tique actuelle et ludique. D\u00e9velopp\u00e9e selon les normes de qualit\u00e9 strictes d\u2019une marque reconnue, elle garantit une grande durabilit\u00e9 face \u00e0 un usage intensif et offre la tranquillit\u00e9 d\u2019esprit d\u2019une structure fiable pendant la croissance. La monture VY2042 est un choix efficace et s\u00fbr pour les familles souhaitant prot\u00e9ger la vue de leurs enfants d\u00e8s le plus jeune \u00e2ge sans renoncer \u00e0 un design fonctionnel et s\u00e9duisant.<\/p>\n<ul>\n<li>Genre:\n<ul>\n<li>Unisexe<\/li>\n<li>B\u00e9b\u00e9<\/li>\n<\/ul>\n<\/li>\n<li>Caract\u00e9ristiques: Verres sans graduation<\/li>\n<li>Type: Monture de Lunettes<\/li>\n<li>Type de verre: Lentilles sans ordonnance<\/li>\n<\/ul>","protected":false},"excerpt":{"rendered":"<p>Si vous envisagez de renouveler votre garde-robe, achetez Monture de Lunettes Enfant Vogue VY2042 et d\u2019autresproduits Vogue! La meilleure qualit\u00e9 au meilleur prix est \u00e0 votre port\u00e9e! La monture de lunettes pour enfants Vogue VY2042 est sp\u00e9cialement con\u00e7ue pour offrir confort, s\u00e9curit\u00e9 et style aux plus jeunes, s\u2019adaptant parfaitement aussi bien aux gar\u00e7ons qu\u2019aux filles [&hellip;]<\/p>\n","protected":false},"featured_media":209256,"comment_status":"open","ping_status":"closed","template":"","meta":[],"product_brand":[2731],"product_cat":[776,777,752],"product_tag":[],"woo-feed-brand":[],"class_list":{"0":"post-209258","1":"product","2":"type-product","3":"status-publish","4":"has-post-thumbnail","6":"product_brand-brandp_1239","7":"product_cat-detente-et-bien-etre","8":"product_cat-lunettes-de-lecture-et-lunettes-loupes","9":"product_cat-sante-beaute","11":"first","12":"instock","13":"taxable","14":"shipping-taxable","15":"purchasable","16":"product-type-simple"},"yoast_head":"<!-- This site is optimized with the Yoast SEO plugin v27.6 - https:\/\/yoast.com\/product\/yoast-seo-wordpress\/ -->\n<title>Monture de Lunettes Enfant Vogue VY2042 | | Tupique<\/title>\n<meta name=\"description\" content=\"Envie d&#039;acheter Monture de Lunettes Enfant Vogue VY2042\u00a0? Achetez Monture de Lunettes Enfant Vogue VY2042 maintenant avec Tupique en 3 versements sans int\u00e9r\u00eat.\" \/>\n<meta name=\"robots\" content=\"index, follow, max-snippet:-1, max-image-preview:large, max-video-preview:-1\" \/>\n<link rel=\"canonical\" href=\"https:\/\/tupique.com\/pt\/product\/monture-de-lunettes-enfant-vogue-vy2042\/\" \/>\n<meta property=\"og:locale\" content=\"pt_PT\" \/>\n<meta property=\"og:type\" content=\"article\" \/>\n<meta property=\"og:title\" content=\"Monture de Lunettes Enfant Vogue VY2042 | | Tupique\" \/>\n<meta property=\"og:description\" content=\"Envie d&#039;acheter Monture de Lunettes Enfant Vogue VY2042\u00a0? Achetez Monture de Lunettes Enfant Vogue VY2042 maintenant avec Tupique en 3 versements sans int\u00e9r\u00eat.\" \/>\n<meta property=\"og:url\" content=\"https:\/\/tupique.com\/pt\/product\/monture-de-lunettes-enfant-vogue-vy2042\/\" \/>\n<meta property=\"og:site_name\" content=\"Tupique\" \/>\n<meta name=\"twitter:card\" content=\"summary_large_image\" \/>\n<meta name=\"twitter:label1\" content=\"Tempo estimado de leitura\" \/>\n\t<meta name=\"twitter:data1\" content=\"1 minuto\" \/>\n<script type=\"application\/ld+json\" class=\"yoast-schema-graph\">{\"@context\":\"https:\\\/\\\/schema.org\",\"@graph\":[{\"@type\":\"WebPage\",\"@id\":\"https:\\\/\\\/tupique.com\\\/product\\\/monture-de-lunettes-enfant-vogue-vy2042\\\/\",\"url\":\"https:\\\/\\\/tupique.com\\\/product\\\/monture-de-lunettes-enfant-vogue-vy2042\\\/\",\"name\":\"Monture de Lunettes Enfant Vogue VY2042 | | Tupique\",\"isPartOf\":{\"@id\":\"https:\\\/\\\/tupique.com\\\/#website\"},\"primaryImageOfPage\":{\"@id\":\"https:\\\/\\\/tupique.com\\\/product\\\/monture-de-lunettes-enfant-vogue-vy2042\\\/#primaryimage\"},\"image\":{\"@id\":\"https:\\\/\\\/tupique.com\\\/product\\\/monture-de-lunettes-enfant-vogue-vy2042\\\/#primaryimage\"},\"thumbnailUrl\":\"https:\\\/\\\/tupique.com\\\/wp-content\\\/uploads\\\/2026\\\/05\\\/8056262539330_S72129417_P00.jpg\",\"datePublished\":\"2026-05-14T15:15:19+00:00\",\"description\":\"Envie d'acheter Monture de Lunettes Enfant Vogue VY2042\u00a0? Achetez Monture de Lunettes Enfant Vogue VY2042 maintenant avec Tupique en 3 versements sans int\u00e9r\u00eat.\",\"breadcrumb\":{\"@id\":\"https:\\\/\\\/tupique.com\\\/product\\\/monture-de-lunettes-enfant-vogue-vy2042\\\/#breadcrumb\"},\"inLanguage\":\"pt-PT\",\"potentialAction\":[{\"@type\":\"ReadAction\",\"target\":[\"https:\\\/\\\/tupique.com\\\/product\\\/monture-de-lunettes-enfant-vogue-vy2042\\\/\"]}]},{\"@type\":\"ImageObject\",\"inLanguage\":\"pt-PT\",\"@id\":\"https:\\\/\\\/tupique.com\\\/product\\\/monture-de-lunettes-enfant-vogue-vy2042\\\/#primaryimage\",\"url\":\"https:\\\/\\\/tupique.com\\\/wp-content\\\/uploads\\\/2026\\\/05\\\/8056262539330_S72129417_P00.jpg\",\"contentUrl\":\"https:\\\/\\\/tupique.com\\\/wp-content\\\/uploads\\\/2026\\\/05\\\/8056262539330_S72129417_P00.jpg\",\"width\":1200,\"height\":1200,\"caption\":\"S72129417_0\"},{\"@type\":\"BreadcrumbList\",\"@id\":\"https:\\\/\\\/tupique.com\\\/product\\\/monture-de-lunettes-enfant-vogue-vy2042\\\/#breadcrumb\",\"itemListElement\":[{\"@type\":\"ListItem\",\"position\":1,\"name\":\"commencer\",\"item\":\"https:\\\/\\\/tupique.com\\\/\"},{\"@type\":\"ListItem\",\"position\":2,\"name\":\"Loja\",\"item\":\"https:\\\/\\\/tupique.com\\\/pt\\\/loja\\\/\"},{\"@type\":\"ListItem\",\"position\":3,\"name\":\"Monture de Lunettes Enfant Vogue VY2042\"}]},{\"@type\":\"WebSite\",\"@id\":\"https:\\\/\\\/tupique.com\\\/#website\",\"url\":\"https:\\\/\\\/tupique.com\\\/\",\"name\":\"Tupique\",\"description\":\"\",\"publisher\":{\"@id\":\"https:\\\/\\\/tupique.com\\\/#organization\"},\"potentialAction\":[{\"@type\":\"SearchAction\",\"target\":{\"@type\":\"EntryPoint\",\"urlTemplate\":\"https:\\\/\\\/tupique.com\\\/?s={search_term_string}\"},\"query-input\":{\"@type\":\"PropertyValueSpecification\",\"valueRequired\":true,\"valueName\":\"search_term_string\"}}],\"inLanguage\":\"pt-PT\"},{\"@type\":\"Organization\",\"@id\":\"https:\\\/\\\/tupique.com\\\/#organization\",\"name\":\"Tupique\",\"url\":\"https:\\\/\\\/tupique.com\\\/\",\"logo\":{\"@type\":\"ImageObject\",\"inLanguage\":\"pt-PT\",\"@id\":\"https:\\\/\\\/tupique.com\\\/#\\\/schema\\\/logo\\\/image\\\/\",\"url\":\"https:\\\/\\\/tupique.com\\\/wp-content\\\/uploads\\\/2026\\\/03\\\/logo-tupique-1.webp\",\"contentUrl\":\"https:\\\/\\\/tupique.com\\\/wp-content\\\/uploads\\\/2026\\\/03\\\/logo-tupique-1.webp\",\"width\":500,\"height\":67,\"caption\":\"Tupique\"},\"image\":{\"@id\":\"https:\\\/\\\/tupique.com\\\/#\\\/schema\\\/logo\\\/image\\\/\"}}]}<\/script>\n<!-- \/ Yoast SEO plugin. -->","yoast_head_json":{"title":"Monture de Lunettes Enfant Vogue VY2042 | | Tupique","description":"Envie d'acheter Monture de Lunettes Enfant Vogue VY2042\u00a0? Achetez Monture de Lunettes Enfant Vogue VY2042 maintenant avec Tupique en 3 versements sans int\u00e9r\u00eat.","robots":{"index":"index","follow":"follow","max-snippet":"max-snippet:-1","max-image-preview":"max-image-preview:large","max-video-preview":"max-video-preview:-1"},"canonical":"https:\/\/tupique.com\/pt\/product\/monture-de-lunettes-enfant-vogue-vy2042\/","og_locale":"pt_PT","og_type":"article","og_title":"Monture de Lunettes Enfant Vogue VY2042 | | Tupique","og_description":"Envie d'acheter Monture de Lunettes Enfant Vogue VY2042\u00a0? Achetez Monture de Lunettes Enfant Vogue VY2042 maintenant avec Tupique en 3 versements sans int\u00e9r\u00eat.","og_url":"https:\/\/tupique.com\/pt\/product\/monture-de-lunettes-enfant-vogue-vy2042\/","og_site_name":"Tupique","twitter_card":"summary_large_image","twitter_misc":{"Tempo estimado de leitura":"1 minuto"},"schema":{"@context":"https:\/\/schema.org","@graph":[{"@type":"WebPage","@id":"https:\/\/tupique.com\/product\/monture-de-lunettes-enfant-vogue-vy2042\/","url":"https:\/\/tupique.com\/product\/monture-de-lunettes-enfant-vogue-vy2042\/","name":"Monture de Lunettes Enfant Vogue VY2042 | | Tupique","isPartOf":{"@id":"https:\/\/tupique.com\/#website"},"primaryImageOfPage":{"@id":"https:\/\/tupique.com\/product\/monture-de-lunettes-enfant-vogue-vy2042\/#primaryimage"},"image":{"@id":"https:\/\/tupique.com\/product\/monture-de-lunettes-enfant-vogue-vy2042\/#primaryimage"},"thumbnailUrl":"https:\/\/tupique.com\/wp-content\/uploads\/2026\/05\/8056262539330_S72129417_P00.jpg","datePublished":"2026-05-14T15:15:19+00:00","description":"Envie d'acheter Monture de Lunettes Enfant Vogue VY2042\u00a0? Achetez Monture de Lunettes Enfant Vogue VY2042 maintenant avec Tupique en 3 versements sans int\u00e9r\u00eat.","breadcrumb":{"@id":"https:\/\/tupique.com\/product\/monture-de-lunettes-enfant-vogue-vy2042\/#breadcrumb"},"inLanguage":"pt-PT","potentialAction":[{"@type":"ReadAction","target":["https:\/\/tupique.com\/product\/monture-de-lunettes-enfant-vogue-vy2042\/"]}]},{"@type":"ImageObject","inLanguage":"pt-PT","@id":"https:\/\/tupique.com\/product\/monture-de-lunettes-enfant-vogue-vy2042\/#primaryimage","url":"https:\/\/tupique.com\/wp-content\/uploads\/2026\/05\/8056262539330_S72129417_P00.jpg","contentUrl":"https:\/\/tupique.com\/wp-content\/uploads\/2026\/05\/8056262539330_S72129417_P00.jpg","width":1200,"height":1200,"caption":"S72129417_0"},{"@type":"BreadcrumbList","@id":"https:\/\/tupique.com\/product\/monture-de-lunettes-enfant-vogue-vy2042\/#breadcrumb","itemListElement":[{"@type":"ListItem","position":1,"name":"commencer","item":"https:\/\/tupique.com\/"},{"@type":"ListItem","position":2,"name":"Loja","item":"https:\/\/tupique.com\/pt\/loja\/"},{"@type":"ListItem","position":3,"name":"Monture de Lunettes Enfant Vogue VY2042"}]},{"@type":"WebSite","@id":"https:\/\/tupique.com\/#website","url":"https:\/\/tupique.com\/","name":"Tupique","description":"","publisher":{"@id":"https:\/\/tupique.com\/#organization"},"potentialAction":[{"@type":"SearchAction","target":{"@type":"EntryPoint","urlTemplate":"https:\/\/tupique.com\/?s={search_term_string}"},"query-input":{"@type":"PropertyValueSpecification","valueRequired":true,"valueName":"search_term_string"}}],"inLanguage":"pt-PT"},{"@type":"Organization","@id":"https:\/\/tupique.com\/#organization","name":"Tupique","url":"https:\/\/tupique.com\/","logo":{"@type":"ImageObject","inLanguage":"pt-PT","@id":"https:\/\/tupique.com\/#\/schema\/logo\/image\/","url":"https:\/\/tupique.com\/wp-content\/uploads\/2026\/03\/logo-tupique-1.webp","contentUrl":"https:\/\/tupique.com\/wp-content\/uploads\/2026\/03\/logo-tupique-1.webp","width":500,"height":67,"caption":"Tupique"},"image":{"@id":"https:\/\/tupique.com\/#\/schema\/logo\/image\/"}}]}},"_links":{"self":[{"href":"https:\/\/tupique.com\/pt\/wp-json\/wp\/v2\/product\/209258","targetHints":{"allow":["GET"]}}],"collection":[{"href":"https:\/\/tupique.com\/pt\/wp-json\/wp\/v2\/product"}],"about":[{"href":"https:\/\/tupique.com\/pt\/wp-json\/wp\/v2\/types\/product"}],"replies":[{"embeddable":true,"href":"https:\/\/tupique.com\/pt\/wp-json\/wp\/v2\/comments?post=209258"}],"wp:featuredmedia":[{"embeddable":true,"href":"https:\/\/tupique.com\/pt\/wp-json\/wp\/v2\/media\/209256"}],"wp:attachment":[{"href":"https:\/\/tupique.com\/pt\/wp-json\/wp\/v2\/media?parent=209258"}],"wp:term":[{"taxonomy":"product_brand","embeddable":true,"href":"https:\/\/tupique.com\/pt\/wp-json\/wp\/v2\/product_brand?post=209258"},{"taxonomy":"product_cat","embeddable":true,"href":"https:\/\/tupique.com\/pt\/wp-json\/wp\/v2\/product_cat?post=209258"},{"taxonomy":"product_tag","embeddable":true,"href":"https:\/\/tupique.com\/pt\/wp-json\/wp\/v2\/product_tag?post=209258"},{"taxonomy":"woo-feed-brand","embeddable":true,"href":"https:\/\/tupique.com\/pt\/wp-json\/wp\/v2\/woo-feed-brand?post=209258"}],"curies":[{"name":"wp","href":"https:\/\/api.w.org\/{rel}","templated":true}]}}