{"id":209432,"date":"2026-05-14T17:30:58","date_gmt":"2026-05-14T15:30:58","guid":{"rendered":"https:\/\/tupique.com\/product\/chaussettes-real-madrid-c-f-blanc-38-45\/"},"modified":"2026-05-14T17:30:58","modified_gmt":"2026-05-14T15:30:58","slug":"chaussettes-real-madrid-c-f-blanc-38-45","status":"publish","type":"product","link":"https:\/\/tupique.com\/pt\/product\/chaussettes-real-madrid-c-f-blanc-38-45\/","title":{"rendered":"Chaussettes Real Madrid C.F. Blanc 38-45"},"content":{"rendered":"<p>Si vous \u00eates \u00e0 la recherche de nouvelles tendances sur le march\u00e9, nous vous pr\u00e9sentons <b>Chaussettes Real Madrid C.F. Blanc 38-45<\/b> !<\/p>\n<ul>\n<li>Type: Chaussettes<\/li>\n<li>Saison: Hiver<\/li>\n<li>Composition:\n<ul>\n<li>2 % \u00c9lasthanne<\/li>\n<li>70 % coton<\/li>\n<li>28 % Polyamide<\/li>\n<\/ul>\n<\/li>\n<li>Taille: 38-45<\/li>\n<li>Couleur: Blanc<\/li>\n<li>\u00c2ge recommand\u00e9: + 3 ans<\/li>\n<\/ul>","protected":false},"excerpt":{"rendered":"<p>Si vous \u00eates \u00e0 la recherche de nouvelles tendances sur le march\u00e9, nous vous pr\u00e9sentons Chaussettes Real Madrid C.F. Blanc 38-45 ! Type: Chaussettes Saison: Hiver Composition: 2 % \u00c9lasthanne 70 % coton 28 % Polyamide Taille: 38-45 Couleur: Blanc \u00c2ge recommand\u00e9: + 3 ans<\/p>","protected":false},"featured_media":209430,"comment_status":"open","ping_status":"closed","template":"","meta":[],"product_brand":[448],"product_cat":[1863,1829,1764],"product_tag":[723,163],"woo-feed-brand":[],"class_list":{"0":"post-209432","1":"product","2":"type-product","3":"status-publish","4":"has-post-thumbnail","6":"product_brand-brandp_802","7":"product_cat-chaussettes","8":"product_cat-materiel-et-equipement-de-sport","9":"product_cat-sports-loisirs","10":"product_tag-tag_1273","11":"product_tag-tag_17","13":"first","14":"instock","15":"taxable","16":"shipping-taxable","17":"purchasable","18":"product-type-simple"},"yoast_head":"<!-- This site is optimized with the Yoast SEO plugin v27.6 - https:\/\/yoast.com\/product\/yoast-seo-wordpress\/ -->\n<title>Chaussettes Real Madrid C.F. Blanc 38-45 | | Tupique<\/title>\n<meta name=\"description\" content=\"Envie d&#039;acheter Chaussettes Real Madrid C.F. Blanc 38-45\u00a0? Achetez Chaussettes Real Madrid C.F. Blanc 38-45 maintenant avec Tupique en 3 versements sans int\u00e9r\u00eat.\" \/>\n<meta name=\"robots\" content=\"index, follow, max-snippet:-1, max-image-preview:large, max-video-preview:-1\" \/>\n<link rel=\"canonical\" href=\"https:\/\/tupique.com\/pt\/product\/chaussettes-real-madrid-c-f-blanc-38-45\/\" \/>\n<meta property=\"og:locale\" content=\"pt_PT\" \/>\n<meta property=\"og:type\" content=\"article\" \/>\n<meta property=\"og:title\" content=\"Chaussettes Real Madrid C.F. Blanc 38-45 | | Tupique\" \/>\n<meta property=\"og:description\" content=\"Envie d&#039;acheter Chaussettes Real Madrid C.F. Blanc 38-45\u00a0? Achetez Chaussettes Real Madrid C.F. Blanc 38-45 maintenant avec Tupique en 3 versements sans int\u00e9r\u00eat.\" \/>\n<meta property=\"og:url\" content=\"https:\/\/tupique.com\/pt\/product\/chaussettes-real-madrid-c-f-blanc-38-45\/\" \/>\n<meta property=\"og:site_name\" content=\"Tupique\" \/>\n<meta name=\"twitter:card\" content=\"summary_large_image\" \/>\n<script type=\"application\/ld+json\" class=\"yoast-schema-graph\">{\"@context\":\"https:\\\/\\\/schema.org\",\"@graph\":[{\"@type\":\"WebPage\",\"@id\":\"https:\\\/\\\/tupique.com\\\/product\\\/chaussettes-real-madrid-c-f-blanc-38-45\\\/\",\"url\":\"https:\\\/\\\/tupique.com\\\/product\\\/chaussettes-real-madrid-c-f-blanc-38-45\\\/\",\"name\":\"Chaussettes Real Madrid C.F. Blanc 38-45 | | Tupique\",\"isPartOf\":{\"@id\":\"https:\\\/\\\/tupique.com\\\/#website\"},\"primaryImageOfPage\":{\"@id\":\"https:\\\/\\\/tupique.com\\\/product\\\/chaussettes-real-madrid-c-f-blanc-38-45\\\/#primaryimage\"},\"image\":{\"@id\":\"https:\\\/\\\/tupique.com\\\/product\\\/chaussettes-real-madrid-c-f-blanc-38-45\\\/#primaryimage\"},\"thumbnailUrl\":\"https:\\\/\\\/tupique.com\\\/wp-content\\\/uploads\\\/2026\\\/05\\\/8445484542783_S2459914_P00.jpg\",\"datePublished\":\"2026-05-14T15:30:58+00:00\",\"description\":\"Envie d'acheter Chaussettes Real Madrid C.F. Blanc 38-45\u00a0? Achetez Chaussettes Real Madrid C.F. Blanc 38-45 maintenant avec Tupique en 3 versements sans int\u00e9r\u00eat.\",\"breadcrumb\":{\"@id\":\"https:\\\/\\\/tupique.com\\\/product\\\/chaussettes-real-madrid-c-f-blanc-38-45\\\/#breadcrumb\"},\"inLanguage\":\"pt-PT\",\"potentialAction\":[{\"@type\":\"ReadAction\",\"target\":[\"https:\\\/\\\/tupique.com\\\/product\\\/chaussettes-real-madrid-c-f-blanc-38-45\\\/\"]}]},{\"@type\":\"ImageObject\",\"inLanguage\":\"pt-PT\",\"@id\":\"https:\\\/\\\/tupique.com\\\/product\\\/chaussettes-real-madrid-c-f-blanc-38-45\\\/#primaryimage\",\"url\":\"https:\\\/\\\/tupique.com\\\/wp-content\\\/uploads\\\/2026\\\/05\\\/8445484542783_S2459914_P00.jpg\",\"contentUrl\":\"https:\\\/\\\/tupique.com\\\/wp-content\\\/uploads\\\/2026\\\/05\\\/8445484542783_S2459914_P00.jpg\",\"width\":1200,\"height\":1200,\"caption\":\"S2459914_0\"},{\"@type\":\"BreadcrumbList\",\"@id\":\"https:\\\/\\\/tupique.com\\\/product\\\/chaussettes-real-madrid-c-f-blanc-38-45\\\/#breadcrumb\",\"itemListElement\":[{\"@type\":\"ListItem\",\"position\":1,\"name\":\"commencer\",\"item\":\"https:\\\/\\\/tupique.com\\\/\"},{\"@type\":\"ListItem\",\"position\":2,\"name\":\"Loja\",\"item\":\"https:\\\/\\\/tupique.com\\\/pt\\\/loja\\\/\"},{\"@type\":\"ListItem\",\"position\":3,\"name\":\"Chaussettes Real Madrid C.F. Blanc 38-45\"}]},{\"@type\":\"WebSite\",\"@id\":\"https:\\\/\\\/tupique.com\\\/#website\",\"url\":\"https:\\\/\\\/tupique.com\\\/\",\"name\":\"Tupique\",\"description\":\"\",\"publisher\":{\"@id\":\"https:\\\/\\\/tupique.com\\\/#organization\"},\"potentialAction\":[{\"@type\":\"SearchAction\",\"target\":{\"@type\":\"EntryPoint\",\"urlTemplate\":\"https:\\\/\\\/tupique.com\\\/?s={search_term_string}\"},\"query-input\":{\"@type\":\"PropertyValueSpecification\",\"valueRequired\":true,\"valueName\":\"search_term_string\"}}],\"inLanguage\":\"pt-PT\"},{\"@type\":\"Organization\",\"@id\":\"https:\\\/\\\/tupique.com\\\/#organization\",\"name\":\"Tupique\",\"url\":\"https:\\\/\\\/tupique.com\\\/\",\"logo\":{\"@type\":\"ImageObject\",\"inLanguage\":\"pt-PT\",\"@id\":\"https:\\\/\\\/tupique.com\\\/#\\\/schema\\\/logo\\\/image\\\/\",\"url\":\"https:\\\/\\\/tupique.com\\\/wp-content\\\/uploads\\\/2026\\\/03\\\/logo-tupique-1.webp\",\"contentUrl\":\"https:\\\/\\\/tupique.com\\\/wp-content\\\/uploads\\\/2026\\\/03\\\/logo-tupique-1.webp\",\"width\":500,\"height\":67,\"caption\":\"Tupique\"},\"image\":{\"@id\":\"https:\\\/\\\/tupique.com\\\/#\\\/schema\\\/logo\\\/image\\\/\"}}]}<\/script>\n<!-- \/ Yoast SEO plugin. -->","yoast_head_json":{"title":"Chaussettes Real Madrid C.F. Blanc 38-45 | | Tupique","description":"Envie d'acheter Chaussettes Real Madrid C.F. Blanc 38-45\u00a0? Achetez Chaussettes Real Madrid C.F. Blanc 38-45 maintenant avec Tupique en 3 versements sans int\u00e9r\u00eat.","robots":{"index":"index","follow":"follow","max-snippet":"max-snippet:-1","max-image-preview":"max-image-preview:large","max-video-preview":"max-video-preview:-1"},"canonical":"https:\/\/tupique.com\/pt\/product\/chaussettes-real-madrid-c-f-blanc-38-45\/","og_locale":"pt_PT","og_type":"article","og_title":"Chaussettes Real Madrid C.F. Blanc 38-45 | | Tupique","og_description":"Envie d'acheter Chaussettes Real Madrid C.F. Blanc 38-45\u00a0? Achetez Chaussettes Real Madrid C.F. Blanc 38-45 maintenant avec Tupique en 3 versements sans int\u00e9r\u00eat.","og_url":"https:\/\/tupique.com\/pt\/product\/chaussettes-real-madrid-c-f-blanc-38-45\/","og_site_name":"Tupique","twitter_card":"summary_large_image","schema":{"@context":"https:\/\/schema.org","@graph":[{"@type":"WebPage","@id":"https:\/\/tupique.com\/product\/chaussettes-real-madrid-c-f-blanc-38-45\/","url":"https:\/\/tupique.com\/product\/chaussettes-real-madrid-c-f-blanc-38-45\/","name":"Chaussettes Real Madrid C.F. Blanc 38-45 | | Tupique","isPartOf":{"@id":"https:\/\/tupique.com\/#website"},"primaryImageOfPage":{"@id":"https:\/\/tupique.com\/product\/chaussettes-real-madrid-c-f-blanc-38-45\/#primaryimage"},"image":{"@id":"https:\/\/tupique.com\/product\/chaussettes-real-madrid-c-f-blanc-38-45\/#primaryimage"},"thumbnailUrl":"https:\/\/tupique.com\/wp-content\/uploads\/2026\/05\/8445484542783_S2459914_P00.jpg","datePublished":"2026-05-14T15:30:58+00:00","description":"Envie d'acheter Chaussettes Real Madrid C.F. Blanc 38-45\u00a0? Achetez Chaussettes Real Madrid C.F. Blanc 38-45 maintenant avec Tupique en 3 versements sans int\u00e9r\u00eat.","breadcrumb":{"@id":"https:\/\/tupique.com\/product\/chaussettes-real-madrid-c-f-blanc-38-45\/#breadcrumb"},"inLanguage":"pt-PT","potentialAction":[{"@type":"ReadAction","target":["https:\/\/tupique.com\/product\/chaussettes-real-madrid-c-f-blanc-38-45\/"]}]},{"@type":"ImageObject","inLanguage":"pt-PT","@id":"https:\/\/tupique.com\/product\/chaussettes-real-madrid-c-f-blanc-38-45\/#primaryimage","url":"https:\/\/tupique.com\/wp-content\/uploads\/2026\/05\/8445484542783_S2459914_P00.jpg","contentUrl":"https:\/\/tupique.com\/wp-content\/uploads\/2026\/05\/8445484542783_S2459914_P00.jpg","width":1200,"height":1200,"caption":"S2459914_0"},{"@type":"BreadcrumbList","@id":"https:\/\/tupique.com\/product\/chaussettes-real-madrid-c-f-blanc-38-45\/#breadcrumb","itemListElement":[{"@type":"ListItem","position":1,"name":"commencer","item":"https:\/\/tupique.com\/"},{"@type":"ListItem","position":2,"name":"Loja","item":"https:\/\/tupique.com\/pt\/loja\/"},{"@type":"ListItem","position":3,"name":"Chaussettes Real Madrid C.F. Blanc 38-45"}]},{"@type":"WebSite","@id":"https:\/\/tupique.com\/#website","url":"https:\/\/tupique.com\/","name":"Tupique","description":"","publisher":{"@id":"https:\/\/tupique.com\/#organization"},"potentialAction":[{"@type":"SearchAction","target":{"@type":"EntryPoint","urlTemplate":"https:\/\/tupique.com\/?s={search_term_string}"},"query-input":{"@type":"PropertyValueSpecification","valueRequired":true,"valueName":"search_term_string"}}],"inLanguage":"pt-PT"},{"@type":"Organization","@id":"https:\/\/tupique.com\/#organization","name":"Tupique","url":"https:\/\/tupique.com\/","logo":{"@type":"ImageObject","inLanguage":"pt-PT","@id":"https:\/\/tupique.com\/#\/schema\/logo\/image\/","url":"https:\/\/tupique.com\/wp-content\/uploads\/2026\/03\/logo-tupique-1.webp","contentUrl":"https:\/\/tupique.com\/wp-content\/uploads\/2026\/03\/logo-tupique-1.webp","width":500,"height":67,"caption":"Tupique"},"image":{"@id":"https:\/\/tupique.com\/#\/schema\/logo\/image\/"}}]}},"_links":{"self":[{"href":"https:\/\/tupique.com\/pt\/wp-json\/wp\/v2\/product\/209432","targetHints":{"allow":["GET"]}}],"collection":[{"href":"https:\/\/tupique.com\/pt\/wp-json\/wp\/v2\/product"}],"about":[{"href":"https:\/\/tupique.com\/pt\/wp-json\/wp\/v2\/types\/product"}],"replies":[{"embeddable":true,"href":"https:\/\/tupique.com\/pt\/wp-json\/wp\/v2\/comments?post=209432"}],"wp:featuredmedia":[{"embeddable":true,"href":"https:\/\/tupique.com\/pt\/wp-json\/wp\/v2\/media\/209430"}],"wp:attachment":[{"href":"https:\/\/tupique.com\/pt\/wp-json\/wp\/v2\/media?parent=209432"}],"wp:term":[{"taxonomy":"product_brand","embeddable":true,"href":"https:\/\/tupique.com\/pt\/wp-json\/wp\/v2\/product_brand?post=209432"},{"taxonomy":"product_cat","embeddable":true,"href":"https:\/\/tupique.com\/pt\/wp-json\/wp\/v2\/product_cat?post=209432"},{"taxonomy":"product_tag","embeddable":true,"href":"https:\/\/tupique.com\/pt\/wp-json\/wp\/v2\/product_tag?post=209432"},{"taxonomy":"woo-feed-brand","embeddable":true,"href":"https:\/\/tupique.com\/pt\/wp-json\/wp\/v2\/woo-feed-brand?post=209432"}],"curies":[{"name":"wp","href":"https:\/\/api.w.org\/{rel}","templated":true}]}}