{"id":209641,"date":"2026-05-14T17:51:23","date_gmt":"2026-05-14T15:51:23","guid":{"rendered":"https:\/\/tupique.com\/product\/mini-elliptique-electrique-avec-telecommande-velora-4000-innovagoods\/"},"modified":"2026-05-14T17:51:23","modified_gmt":"2026-05-14T15:51:23","slug":"mini-elliptique-electrique-avec-telecommande-velora-4000-innovagoods","status":"publish","type":"product","link":"https:\/\/tupique.com\/pt\/product\/mini-elliptique-electrique-avec-telecommande-velora-4000-innovagoods\/","title":{"rendered":"Mini Elliptique \u00c9lectrique avec T\u00e9l\u00e9commande Velora 4000 InnovaGoods"},"content":{"rendered":"<div class=\"col-md-6\">Retrouvez la forme avec <b>InnovaGoods<\/b> gr\u00e2ce \u00e0 ses nouveaut\u00e9s en mati\u00e8re de sport et de fitness, comme <b>Mini Elliptique \u00c9lectrique avec T\u00e9l\u00e9commande Velora 4000 InnovaGoods <\/b>! D\u00e9couvrez une vaste gamme de produits de qualit\u00e9 qui se d\u00e9marquent de par leur fonctionnalit\u00e9, leur efficacit\u00e9 et leur design innovant. Parfaits pour am\u00e9liorer votre silhouette et votre forme physique !<\/p>\n<p><p>Une <b>mini elliptique \u00e9lectrique avec t\u00e9l\u00e9commande<\/b> id\u00e9ale pour exercer les jambes confortablement assis et sans effort \u00e0 la maison ou au bureau.<\/p>\n<p>Cette <b>mini machine elliptique \u00e9lectrique<\/b> permet d\u2019exercer les jambes facilement pour tous types de personnes : seniors, mobilit\u00e9 r\u00e9duite, etc. Elle dispose de 5 vitesses, 3 modes automatiques, mouvement bidirectionnel, compteur digital LCD et t\u00e9l\u00e9commande. Poids support\u00e9 : 100 kg.<\/p>\n<ul>\n<li><b>Ergonomique, l\u00e9g\u00e8re et silencieuse<\/b> : notre mini elliptique \u00e9lectrique avec t\u00e9l\u00e9commande est parfaite pour faire de l\u2019exercice \u00e0 la maison ou au bureau, assis et sans effort. Une fa\u00e7on simple et efficace d\u2019exercer les jambes passivement. Facile \u00e0 transporter et \u00e0 ranger.<\/li>\n<li><b>Mode manuel, 3 programmes automatiques, arr\u00eat automatique<\/b> : ce p\u00e9dalier \u00e9lectrique de gymnastique passive permet de choisir entre mode manuel et 3 modes pr\u00e9d\u00e9finis pour un entra\u00eenement personnalis\u00e9 selon les besoins et pr\u00e9f\u00e9rences. Arr\u00eat automatique : 30 min.<\/li>\n<li><b>5 vitesses, mouvement bidirectionnel<\/b> : cet appareil d\u2019exercice pour jambes aide \u00e0 rester en forme facilement et \u00e0 son rythme. Il offre 2 directions de mouvement et une vitesse r\u00e9glable (5 niveaux) pour optimiser l\u2019exp\u00e9rience utilisateur. Poids max utilisateur : 100 kg.<\/li>\n<li><b>Compteur digital LCD, t\u00e9l\u00e9commande<\/b> : ces p\u00e9dales statiques avec moteur d\u2019assistance disposent d\u2019un compteur multifonction \u00e9lectronique avec \u00e9cran LCD affichant pas, vitesse, temps, distance et calories. T\u00e9l\u00e9commande incluse pour plus de confort (fonctionne avec 2 piles AAA, non incluses).<\/li>\n<li><b>Moteur d\u2019assistance, facile \u00e0 utiliser<\/b> : notre mini elliptique \u00e9lectrique est id\u00e9ale pour seniors, personnes s\u00e9dentaires, mobilit\u00e9 r\u00e9duite, en r\u00e9\u00e9ducation, etc. Gr\u00e2ce \u00e0 son moteur, le mouvement automatique assist\u00e9 permet d\u2019exercer les jambes en douceur et confort pour tous.<\/li>\n<\/ul>\n<ul>\n<li>Mati\u00e8re:\n<ul>\n<li>Acier<\/li>\n<li>ABS<\/li>\n<li>Polyur\u00e9thane<\/li>\n<\/ul>\n<\/li>\n<li>Couleur:\n<ul>\n<li>Noir<\/li>\n<li>Gris<\/li>\n<\/ul>\n<\/li>\n<li>Type: Mini Elliptique \u00c9lectrique avec T\u00e9l\u00e9commande<\/li>\n<li>Niveaux de vitesse: 5 vitesses<\/li>\n<li>Quantit\u00e9 de programmes automatiques: 3<\/li>\n<li>Arr\u00eat Automatique: 30 min<\/li>\n<li>Comprend t\u00e9l\u00e9commande: Fonctionne \u00e0 piles (2 x AAA, non fournies)<\/li>\n<li>Compteur num\u00e9rique LCD: Pas, vitesse, temps, distance et calories<\/li>\n<li>Caracter\u00edsticas:\n<ul>\n<li>Moteur silencieux<\/li>\n<li>Mouvement bidirectionnel<\/li>\n<li>L\u00e9ger et maniable<\/li>\n<li>Facile \u00e0 transporter et \u00e0 ranger<\/li>\n<\/ul>\n<\/li>\n<li>Utilisation recommand\u00e9e: Personnes \u00e2g\u00e9es, personnes \u00e0 mobilit\u00e9 r\u00e9duite, etc.<\/li>\n<li>Poids Max. support\u00e9: 100 kg<\/li>\n<li>Type de prise: C<\/li>\n<li>Longueur du c\u00e2ble: 180 cm<\/li>\n<li>puissance: 60 W<\/li>\n<li>AC In: 220-240 V \/ 50 Hz<\/li>\n<li>Dimensions approx.: 36 x 11 x 40,5 cm<\/li>\n<\/ul>\n<p>Packaging et manuel en 24 langues: anglais, fran\u00e7ais, espagnol, allemand, italien, portugais, n\u00e9erlandais, polonais, hongrois, roumain, danois, su\u00e9dois, finnois, lituanien, norv\u00e9gien, slov\u00e8ne, grec, tch\u00e8que, bulgare, croate, slovaque, estonien, russe, letton.<\/p><\/div>\n<div class=\"col-md-6\">\n<div class=\"embed-responsive embed-responsive-16by9\"><\/div>\n<\/div>","protected":false},"excerpt":{"rendered":"<p>Retrouvez la forme avec InnovaGoods gr\u00e2ce \u00e0 ses nouveaut\u00e9s en mati\u00e8re de sport et de fitness, comme Mini Elliptique \u00c9lectrique avec T\u00e9l\u00e9commande Velora 4000 InnovaGoods ! D\u00e9couvrez une vaste gamme de produits de qualit\u00e9 qui se d\u00e9marquent de par leur fonctionnalit\u00e9, leur efficacit\u00e9 et leur design innovant. Parfaits pour am\u00e9liorer votre silhouette et votre forme [&hellip;]<\/p>\n","protected":false},"featured_media":209630,"comment_status":"open","ping_status":"closed","template":"","meta":[],"product_brand":[256],"product_cat":[63,1827,1825,1832,1777,1778,1826,1764,1796],"product_tag":[1776,163,165],"woo-feed-brand":[],"class_list":{"0":"post-209641","1":"product","2":"type-product","3":"status-publish","4":"has-post-thumbnail","6":"product_brand-brandp_1281","7":"product_cat-cadeaux-originaux","8":"product_cat-cadeaux-pour-seniors","9":"product_cat-cadeaux-pour-soins-personnels","10":"product_cat-equipements-sportifs","11":"product_cat-fitness","12":"product_cat-fitness-et-appareils-de-musculation","13":"product_cat-teleachat-vu-a-la-television-sante-et-beaute-teleshop","14":"product_cat-sports-loisirs","15":"product_cat-teleachat-vu-a-la-television","16":"product_tag-tag_1294","17":"product_tag-tag_17","18":"product_tag-tag_69","20":"first","21":"instock","22":"taxable","23":"shipping-taxable","24":"purchasable","25":"product-type-simple"},"yoast_head":"<!-- This site is optimized with the Yoast SEO plugin v27.6 - https:\/\/yoast.com\/product\/yoast-seo-wordpress\/ -->\n<title>Mini Elliptique \u00c9lectrique avec T\u00e9l\u00e9commande Velora 4000 InnovaGoods | | Tupique<\/title>\n<meta name=\"description\" content=\"Envie d&#039;acheter Mini Elliptique \u00c9lectrique avec T\u00e9l\u00e9commande Velora 4000 InnovaGoods\u00a0? Achetez Mini Elliptique \u00c9lectrique avec T\u00e9l\u00e9commande Velora 4000 InnovaGoods maintenant avec Tupique en 3 versements sans int\u00e9r\u00eat.\" \/>\n<meta name=\"robots\" content=\"index, follow, max-snippet:-1, max-image-preview:large, max-video-preview:-1\" \/>\n<link rel=\"canonical\" href=\"https:\/\/tupique.com\/pt\/product\/mini-elliptique-electrique-avec-telecommande-velora-4000-innovagoods\/\" \/>\n<meta property=\"og:locale\" content=\"pt_PT\" \/>\n<meta property=\"og:type\" content=\"article\" \/>\n<meta property=\"og:title\" content=\"Mini Elliptique \u00c9lectrique avec T\u00e9l\u00e9commande Velora 4000 InnovaGoods | | Tupique\" \/>\n<meta property=\"og:description\" content=\"Envie d&#039;acheter Mini Elliptique \u00c9lectrique avec T\u00e9l\u00e9commande Velora 4000 InnovaGoods\u00a0? Achetez Mini Elliptique \u00c9lectrique avec T\u00e9l\u00e9commande Velora 4000 InnovaGoods maintenant avec Tupique en 3 versements sans int\u00e9r\u00eat.\" \/>\n<meta property=\"og:url\" content=\"https:\/\/tupique.com\/pt\/product\/mini-elliptique-electrique-avec-telecommande-velora-4000-innovagoods\/\" \/>\n<meta property=\"og:site_name\" content=\"Tupique\" \/>\n<meta name=\"twitter:card\" content=\"summary_large_image\" \/>\n<meta name=\"twitter:label1\" content=\"Tempo estimado de leitura\" \/>\n\t<meta name=\"twitter:data1\" content=\"2 minutos\" \/>\n<script type=\"application\/ld+json\" class=\"yoast-schema-graph\">{\"@context\":\"https:\\\/\\\/schema.org\",\"@graph\":[{\"@type\":\"WebPage\",\"@id\":\"https:\\\/\\\/tupique.com\\\/product\\\/mini-elliptique-electrique-avec-telecommande-velora-4000-innovagoods\\\/\",\"url\":\"https:\\\/\\\/tupique.com\\\/product\\\/mini-elliptique-electrique-avec-telecommande-velora-4000-innovagoods\\\/\",\"name\":\"Mini Elliptique \u00c9lectrique avec T\u00e9l\u00e9commande Velora 4000 InnovaGoods | | Tupique\",\"isPartOf\":{\"@id\":\"https:\\\/\\\/tupique.com\\\/#website\"},\"primaryImageOfPage\":{\"@id\":\"https:\\\/\\\/tupique.com\\\/product\\\/mini-elliptique-electrique-avec-telecommande-velora-4000-innovagoods\\\/#primaryimage\"},\"image\":{\"@id\":\"https:\\\/\\\/tupique.com\\\/product\\\/mini-elliptique-electrique-avec-telecommande-velora-4000-innovagoods\\\/#primaryimage\"},\"thumbnailUrl\":\"https:\\\/\\\/tupique.com\\\/wp-content\\\/uploads\\\/2026\\\/05\\\/v0104009_000_mkt2.jpg\",\"datePublished\":\"2026-05-14T15:51:23+00:00\",\"description\":\"Envie d'acheter Mini Elliptique \u00c9lectrique avec T\u00e9l\u00e9commande Velora 4000 InnovaGoods\u00a0? Achetez Mini Elliptique \u00c9lectrique avec T\u00e9l\u00e9commande Velora 4000 InnovaGoods maintenant avec Tupique en 3 versements sans int\u00e9r\u00eat.\",\"breadcrumb\":{\"@id\":\"https:\\\/\\\/tupique.com\\\/product\\\/mini-elliptique-electrique-avec-telecommande-velora-4000-innovagoods\\\/#breadcrumb\"},\"inLanguage\":\"pt-PT\",\"potentialAction\":[{\"@type\":\"ReadAction\",\"target\":[\"https:\\\/\\\/tupique.com\\\/product\\\/mini-elliptique-electrique-avec-telecommande-velora-4000-innovagoods\\\/\"]}]},{\"@type\":\"ImageObject\",\"inLanguage\":\"pt-PT\",\"@id\":\"https:\\\/\\\/tupique.com\\\/product\\\/mini-elliptique-electrique-avec-telecommande-velora-4000-innovagoods\\\/#primaryimage\",\"url\":\"https:\\\/\\\/tupique.com\\\/wp-content\\\/uploads\\\/2026\\\/05\\\/v0104009_000_mkt2.jpg\",\"contentUrl\":\"https:\\\/\\\/tupique.com\\\/wp-content\\\/uploads\\\/2026\\\/05\\\/v0104009_000_mkt2.jpg\",\"width\":1200,\"height\":1200,\"caption\":\"V0104009_0\"},{\"@type\":\"BreadcrumbList\",\"@id\":\"https:\\\/\\\/tupique.com\\\/product\\\/mini-elliptique-electrique-avec-telecommande-velora-4000-innovagoods\\\/#breadcrumb\",\"itemListElement\":[{\"@type\":\"ListItem\",\"position\":1,\"name\":\"commencer\",\"item\":\"https:\\\/\\\/tupique.com\\\/\"},{\"@type\":\"ListItem\",\"position\":2,\"name\":\"Loja\",\"item\":\"https:\\\/\\\/tupique.com\\\/pt\\\/loja\\\/\"},{\"@type\":\"ListItem\",\"position\":3,\"name\":\"Mini Elliptique \u00c9lectrique avec T\u00e9l\u00e9commande Velora 4000 InnovaGoods\"}]},{\"@type\":\"WebSite\",\"@id\":\"https:\\\/\\\/tupique.com\\\/#website\",\"url\":\"https:\\\/\\\/tupique.com\\\/\",\"name\":\"Tupique\",\"description\":\"\",\"publisher\":{\"@id\":\"https:\\\/\\\/tupique.com\\\/#organization\"},\"potentialAction\":[{\"@type\":\"SearchAction\",\"target\":{\"@type\":\"EntryPoint\",\"urlTemplate\":\"https:\\\/\\\/tupique.com\\\/?s={search_term_string}\"},\"query-input\":{\"@type\":\"PropertyValueSpecification\",\"valueRequired\":true,\"valueName\":\"search_term_string\"}}],\"inLanguage\":\"pt-PT\"},{\"@type\":\"Organization\",\"@id\":\"https:\\\/\\\/tupique.com\\\/#organization\",\"name\":\"Tupique\",\"url\":\"https:\\\/\\\/tupique.com\\\/\",\"logo\":{\"@type\":\"ImageObject\",\"inLanguage\":\"pt-PT\",\"@id\":\"https:\\\/\\\/tupique.com\\\/#\\\/schema\\\/logo\\\/image\\\/\",\"url\":\"https:\\\/\\\/tupique.com\\\/wp-content\\\/uploads\\\/2026\\\/03\\\/logo-tupique-1.webp\",\"contentUrl\":\"https:\\\/\\\/tupique.com\\\/wp-content\\\/uploads\\\/2026\\\/03\\\/logo-tupique-1.webp\",\"width\":500,\"height\":67,\"caption\":\"Tupique\"},\"image\":{\"@id\":\"https:\\\/\\\/tupique.com\\\/#\\\/schema\\\/logo\\\/image\\\/\"}}]}<\/script>\n<!-- \/ Yoast SEO plugin. -->","yoast_head_json":{"title":"Mini Elliptique \u00c9lectrique avec T\u00e9l\u00e9commande Velora 4000 InnovaGoods | | Tupique","description":"Envie d'acheter Mini Elliptique \u00c9lectrique avec T\u00e9l\u00e9commande Velora 4000 InnovaGoods\u00a0? Achetez Mini Elliptique \u00c9lectrique avec T\u00e9l\u00e9commande Velora 4000 InnovaGoods maintenant avec Tupique en 3 versements sans int\u00e9r\u00eat.","robots":{"index":"index","follow":"follow","max-snippet":"max-snippet:-1","max-image-preview":"max-image-preview:large","max-video-preview":"max-video-preview:-1"},"canonical":"https:\/\/tupique.com\/pt\/product\/mini-elliptique-electrique-avec-telecommande-velora-4000-innovagoods\/","og_locale":"pt_PT","og_type":"article","og_title":"Mini Elliptique \u00c9lectrique avec T\u00e9l\u00e9commande Velora 4000 InnovaGoods | | Tupique","og_description":"Envie d'acheter Mini Elliptique \u00c9lectrique avec T\u00e9l\u00e9commande Velora 4000 InnovaGoods\u00a0? Achetez Mini Elliptique \u00c9lectrique avec T\u00e9l\u00e9commande Velora 4000 InnovaGoods maintenant avec Tupique en 3 versements sans int\u00e9r\u00eat.","og_url":"https:\/\/tupique.com\/pt\/product\/mini-elliptique-electrique-avec-telecommande-velora-4000-innovagoods\/","og_site_name":"Tupique","twitter_card":"summary_large_image","twitter_misc":{"Tempo estimado de leitura":"2 minutos"},"schema":{"@context":"https:\/\/schema.org","@graph":[{"@type":"WebPage","@id":"https:\/\/tupique.com\/product\/mini-elliptique-electrique-avec-telecommande-velora-4000-innovagoods\/","url":"https:\/\/tupique.com\/product\/mini-elliptique-electrique-avec-telecommande-velora-4000-innovagoods\/","name":"Mini Elliptique \u00c9lectrique avec T\u00e9l\u00e9commande Velora 4000 InnovaGoods | | Tupique","isPartOf":{"@id":"https:\/\/tupique.com\/#website"},"primaryImageOfPage":{"@id":"https:\/\/tupique.com\/product\/mini-elliptique-electrique-avec-telecommande-velora-4000-innovagoods\/#primaryimage"},"image":{"@id":"https:\/\/tupique.com\/product\/mini-elliptique-electrique-avec-telecommande-velora-4000-innovagoods\/#primaryimage"},"thumbnailUrl":"https:\/\/tupique.com\/wp-content\/uploads\/2026\/05\/v0104009_000_mkt2.jpg","datePublished":"2026-05-14T15:51:23+00:00","description":"Envie d'acheter Mini Elliptique \u00c9lectrique avec T\u00e9l\u00e9commande Velora 4000 InnovaGoods\u00a0? Achetez Mini Elliptique \u00c9lectrique avec T\u00e9l\u00e9commande Velora 4000 InnovaGoods maintenant avec Tupique en 3 versements sans int\u00e9r\u00eat.","breadcrumb":{"@id":"https:\/\/tupique.com\/product\/mini-elliptique-electrique-avec-telecommande-velora-4000-innovagoods\/#breadcrumb"},"inLanguage":"pt-PT","potentialAction":[{"@type":"ReadAction","target":["https:\/\/tupique.com\/product\/mini-elliptique-electrique-avec-telecommande-velora-4000-innovagoods\/"]}]},{"@type":"ImageObject","inLanguage":"pt-PT","@id":"https:\/\/tupique.com\/product\/mini-elliptique-electrique-avec-telecommande-velora-4000-innovagoods\/#primaryimage","url":"https:\/\/tupique.com\/wp-content\/uploads\/2026\/05\/v0104009_000_mkt2.jpg","contentUrl":"https:\/\/tupique.com\/wp-content\/uploads\/2026\/05\/v0104009_000_mkt2.jpg","width":1200,"height":1200,"caption":"V0104009_0"},{"@type":"BreadcrumbList","@id":"https:\/\/tupique.com\/product\/mini-elliptique-electrique-avec-telecommande-velora-4000-innovagoods\/#breadcrumb","itemListElement":[{"@type":"ListItem","position":1,"name":"commencer","item":"https:\/\/tupique.com\/"},{"@type":"ListItem","position":2,"name":"Loja","item":"https:\/\/tupique.com\/pt\/loja\/"},{"@type":"ListItem","position":3,"name":"Mini Elliptique \u00c9lectrique avec T\u00e9l\u00e9commande Velora 4000 InnovaGoods"}]},{"@type":"WebSite","@id":"https:\/\/tupique.com\/#website","url":"https:\/\/tupique.com\/","name":"Tupique","description":"","publisher":{"@id":"https:\/\/tupique.com\/#organization"},"potentialAction":[{"@type":"SearchAction","target":{"@type":"EntryPoint","urlTemplate":"https:\/\/tupique.com\/?s={search_term_string}"},"query-input":{"@type":"PropertyValueSpecification","valueRequired":true,"valueName":"search_term_string"}}],"inLanguage":"pt-PT"},{"@type":"Organization","@id":"https:\/\/tupique.com\/#organization","name":"Tupique","url":"https:\/\/tupique.com\/","logo":{"@type":"ImageObject","inLanguage":"pt-PT","@id":"https:\/\/tupique.com\/#\/schema\/logo\/image\/","url":"https:\/\/tupique.com\/wp-content\/uploads\/2026\/03\/logo-tupique-1.webp","contentUrl":"https:\/\/tupique.com\/wp-content\/uploads\/2026\/03\/logo-tupique-1.webp","width":500,"height":67,"caption":"Tupique"},"image":{"@id":"https:\/\/tupique.com\/#\/schema\/logo\/image\/"}}]}},"_links":{"self":[{"href":"https:\/\/tupique.com\/pt\/wp-json\/wp\/v2\/product\/209641","targetHints":{"allow":["GET"]}}],"collection":[{"href":"https:\/\/tupique.com\/pt\/wp-json\/wp\/v2\/product"}],"about":[{"href":"https:\/\/tupique.com\/pt\/wp-json\/wp\/v2\/types\/product"}],"replies":[{"embeddable":true,"href":"https:\/\/tupique.com\/pt\/wp-json\/wp\/v2\/comments?post=209641"}],"wp:featuredmedia":[{"embeddable":true,"href":"https:\/\/tupique.com\/pt\/wp-json\/wp\/v2\/media\/209630"}],"wp:attachment":[{"href":"https:\/\/tupique.com\/pt\/wp-json\/wp\/v2\/media?parent=209641"}],"wp:term":[{"taxonomy":"product_brand","embeddable":true,"href":"https:\/\/tupique.com\/pt\/wp-json\/wp\/v2\/product_brand?post=209641"},{"taxonomy":"product_cat","embeddable":true,"href":"https:\/\/tupique.com\/pt\/wp-json\/wp\/v2\/product_cat?post=209641"},{"taxonomy":"product_tag","embeddable":true,"href":"https:\/\/tupique.com\/pt\/wp-json\/wp\/v2\/product_tag?post=209641"},{"taxonomy":"woo-feed-brand","embeddable":true,"href":"https:\/\/tupique.com\/pt\/wp-json\/wp\/v2\/woo-feed-brand?post=209641"}],"curies":[{"name":"wp","href":"https:\/\/api.w.org\/{rel}","templated":true}]}}