{"id":211473,"date":"2026-05-14T20:20:32","date_gmt":"2026-05-14T18:20:32","guid":{"rendered":"https:\/\/tupique.com\/product\/monture-de-lunettes-homme-superdry-1479_f-52gmv\/"},"modified":"2026-05-16T02:40:49","modified_gmt":"2026-05-16T00:40:49","slug":"monture-de-lunettes-homme-superdry-1479_f-52gmv","status":"publish","type":"product","link":"https:\/\/tupique.com\/pt\/product\/monture-de-lunettes-homme-superdry-1479_f-52gmv\/","title":{"rendered":"Monture de Lunettes Homme Superdry 1479_F 52GMV"},"content":{"rendered":"<p>Si vous \u00eates \u00e0 la recherche de nouvelles tendances sur le march\u00e9, nous vous pr\u00e9sentons <b>Monture de Lunettes Homme Superdry 1479_F 52GMV<\/b> !<\/p>\n<p>A <b>monture de lunettes homme 1479_F 52GMV<\/b> de la marque <b>Superdry<\/b> se pr\u00e9sente comme une option \u00e9l\u00e9gante et fonctionnelle con\u00e7ue sp\u00e9cifiquement pour les hommes cherchant un accessoire de qualit\u00e9 qui compl\u00e8te leur style quotidien. Cette monture se distingue par son design sobre et moderne, id\u00e9al pour ceux qui pr\u00e9f\u00e8rent un look raffin\u00e9 sans sacrifier le confort. \u00c9quip\u00e9e d\u2019un <b>verre non correcteur<\/b>, cette monture peut \u00eatre adapt\u00e9e avec des verres correcteurs sur mesure ou utilis\u00e9e simplement comme protection ou accessoire esth\u00e9tique. Le mod\u00e8le int\u00e8gre des mat\u00e9riaux s\u00e9lectionn\u00e9s pour offrir une structure r\u00e9sistante et durable, tout en maintenant un poids \u00e9quilibr\u00e9 favorisant un port prolong\u00e9 sans g\u00eane. Sa configuration et sa taille standard assurent un maintien ferme et confortable pour la plupart des morphologies faciales masculines, garantissant une exp\u00e9rience pratique et stable. De plus, la monture refl\u00e8te la personnalit\u00e9 et l\u2019esprit contemporain caract\u00e9ristique de Superdry, une marque reconnue pour allier style urbain et fonctionnalit\u00e9. En somme, cette <b>monture de lunettes pour homme<\/b> combine un design intemporel \u00e0 une construction pens\u00e9e pour un usage quotidien, s\u2019adaptant avec polyvalence \u00e0 diverses exigences visuelles et de mode.<\/p>\n<ul>\n<li>Caract\u00e9ristiques: Verres sans graduation<\/li>\n<li>Genre: Homme<\/li>\n<li>Type: Monture de Lunettes<\/li>\n<li>Design: \u00c9l\u00e9gant<\/li>\n<li>Type de verre: Lentilles sans ordonnance<\/li>\n<\/ul>","protected":false},"excerpt":{"rendered":"<p>Si vous \u00eates \u00e0 la recherche de nouvelles tendances sur le march\u00e9, nous vous pr\u00e9sentons Monture de Lunettes Homme Superdry 1479_F 52GMV ! La monture de lunettes homme 1479_F 52GMV de la marque Superdry se pr\u00e9sente comme une option \u00e9l\u00e9gante et fonctionnelle con\u00e7ue sp\u00e9cifiquement pour les hommes cherchant un accessoire de qualit\u00e9 qui compl\u00e8te leur [&hellip;]<\/p>\n","protected":false},"featured_media":226287,"comment_status":"open","ping_status":"closed","template":"","meta":[],"product_brand":[2729],"product_cat":[776,777,752],"product_tag":[723],"woo-feed-brand":[],"class_list":{"0":"post-211473","1":"product","2":"type-product","3":"status-publish","4":"has-post-thumbnail","6":"product_brand-brandp_2278","7":"product_cat-detente-et-bien-etre","8":"product_cat-lunettes-de-lecture-et-lunettes-loupes","9":"product_cat-sante-beaute","10":"product_tag-tag_1273","12":"first","13":"instock","14":"taxable","15":"shipping-taxable","16":"purchasable","17":"product-type-simple"},"yoast_head":"<!-- This site is optimized with the Yoast SEO plugin v27.6 - https:\/\/yoast.com\/product\/yoast-seo-wordpress\/ -->\n<title>Monture de Lunettes Homme Superdry 1479_F 52GMV | | Tupique<\/title>\n<meta name=\"description\" content=\"Envie d&#039;acheter Monture de Lunettes Homme Superdry 1479_F 52GMV\u00a0? Achetez Monture de Lunettes Homme Superdry 1479_F 52GMV maintenant avec Tupique en 3 versements sans int\u00e9r\u00eat.\" \/>\n<meta name=\"robots\" content=\"index, follow, max-snippet:-1, max-image-preview:large, max-video-preview:-1\" \/>\n<link rel=\"canonical\" href=\"https:\/\/tupique.com\/pt\/product\/monture-de-lunettes-homme-superdry-1479_f-52gmv\/\" \/>\n<meta property=\"og:locale\" content=\"pt_PT\" \/>\n<meta property=\"og:type\" content=\"article\" \/>\n<meta property=\"og:title\" content=\"Monture de Lunettes Homme Superdry 1479_F 52GMV | | Tupique\" \/>\n<meta property=\"og:description\" content=\"Envie d&#039;acheter Monture de Lunettes Homme Superdry 1479_F 52GMV\u00a0? Achetez Monture de Lunettes Homme Superdry 1479_F 52GMV maintenant avec Tupique en 3 versements sans int\u00e9r\u00eat.\" \/>\n<meta property=\"og:url\" content=\"https:\/\/tupique.com\/pt\/product\/monture-de-lunettes-homme-superdry-1479_f-52gmv\/\" \/>\n<meta property=\"og:site_name\" content=\"Tupique\" \/>\n<meta property=\"article:modified_time\" content=\"2026-05-16T00:40:49+00:00\" \/>\n<meta name=\"twitter:card\" content=\"summary_large_image\" \/>\n<meta name=\"twitter:label1\" content=\"Tempo estimado de leitura\" \/>\n\t<meta name=\"twitter:data1\" content=\"1 minuto\" \/>\n<script type=\"application\/ld+json\" class=\"yoast-schema-graph\">{\"@context\":\"https:\\\/\\\/schema.org\",\"@graph\":[{\"@type\":\"WebPage\",\"@id\":\"https:\\\/\\\/tupique.com\\\/product\\\/monture-de-lunettes-homme-superdry-1479_f-52gmv\\\/\",\"url\":\"https:\\\/\\\/tupique.com\\\/product\\\/monture-de-lunettes-homme-superdry-1479_f-52gmv\\\/\",\"name\":\"Monture de Lunettes Homme Superdry 1479_F 52GMV | | Tupique\",\"isPartOf\":{\"@id\":\"https:\\\/\\\/tupique.com\\\/#website\"},\"primaryImageOfPage\":{\"@id\":\"https:\\\/\\\/tupique.com\\\/product\\\/monture-de-lunettes-homme-superdry-1479_f-52gmv\\\/#primaryimage\"},\"image\":{\"@id\":\"https:\\\/\\\/tupique.com\\\/product\\\/monture-de-lunettes-homme-superdry-1479_f-52gmv\\\/#primaryimage\"},\"thumbnailUrl\":\"https:\\\/\\\/tupique.com\\\/wp-content\\\/uploads\\\/2026\\\/05\\\/5055022668016_S72130670_P00.jpg\",\"datePublished\":\"2026-05-14T18:20:32+00:00\",\"dateModified\":\"2026-05-16T00:40:49+00:00\",\"description\":\"Envie d'acheter Monture de Lunettes Homme Superdry 1479_F 52GMV\u00a0? Achetez Monture de Lunettes Homme Superdry 1479_F 52GMV maintenant avec Tupique en 3 versements sans int\u00e9r\u00eat.\",\"breadcrumb\":{\"@id\":\"https:\\\/\\\/tupique.com\\\/product\\\/monture-de-lunettes-homme-superdry-1479_f-52gmv\\\/#breadcrumb\"},\"inLanguage\":\"pt-PT\",\"potentialAction\":[{\"@type\":\"ReadAction\",\"target\":[\"https:\\\/\\\/tupique.com\\\/product\\\/monture-de-lunettes-homme-superdry-1479_f-52gmv\\\/\"]}]},{\"@type\":\"ImageObject\",\"inLanguage\":\"pt-PT\",\"@id\":\"https:\\\/\\\/tupique.com\\\/product\\\/monture-de-lunettes-homme-superdry-1479_f-52gmv\\\/#primaryimage\",\"url\":\"https:\\\/\\\/tupique.com\\\/wp-content\\\/uploads\\\/2026\\\/05\\\/5055022668016_S72130670_P00.jpg\",\"contentUrl\":\"https:\\\/\\\/tupique.com\\\/wp-content\\\/uploads\\\/2026\\\/05\\\/5055022668016_S72130670_P00.jpg\",\"width\":1200,\"height\":1200,\"caption\":\"S72130670_0\"},{\"@type\":\"BreadcrumbList\",\"@id\":\"https:\\\/\\\/tupique.com\\\/product\\\/monture-de-lunettes-homme-superdry-1479_f-52gmv\\\/#breadcrumb\",\"itemListElement\":[{\"@type\":\"ListItem\",\"position\":1,\"name\":\"commencer\",\"item\":\"https:\\\/\\\/tupique.com\\\/\"},{\"@type\":\"ListItem\",\"position\":2,\"name\":\"Loja\",\"item\":\"https:\\\/\\\/tupique.com\\\/pt\\\/loja\\\/\"},{\"@type\":\"ListItem\",\"position\":3,\"name\":\"Monture de Lunettes Homme Superdry 1479_F 52GMV\"}]},{\"@type\":\"WebSite\",\"@id\":\"https:\\\/\\\/tupique.com\\\/#website\",\"url\":\"https:\\\/\\\/tupique.com\\\/\",\"name\":\"Tupique\",\"description\":\"\",\"publisher\":{\"@id\":\"https:\\\/\\\/tupique.com\\\/#organization\"},\"potentialAction\":[{\"@type\":\"SearchAction\",\"target\":{\"@type\":\"EntryPoint\",\"urlTemplate\":\"https:\\\/\\\/tupique.com\\\/?s={search_term_string}\"},\"query-input\":{\"@type\":\"PropertyValueSpecification\",\"valueRequired\":true,\"valueName\":\"search_term_string\"}}],\"inLanguage\":\"pt-PT\"},{\"@type\":\"Organization\",\"@id\":\"https:\\\/\\\/tupique.com\\\/#organization\",\"name\":\"Tupique\",\"url\":\"https:\\\/\\\/tupique.com\\\/\",\"logo\":{\"@type\":\"ImageObject\",\"inLanguage\":\"pt-PT\",\"@id\":\"https:\\\/\\\/tupique.com\\\/#\\\/schema\\\/logo\\\/image\\\/\",\"url\":\"https:\\\/\\\/tupique.com\\\/wp-content\\\/uploads\\\/2026\\\/03\\\/logo-tupique-1.webp\",\"contentUrl\":\"https:\\\/\\\/tupique.com\\\/wp-content\\\/uploads\\\/2026\\\/03\\\/logo-tupique-1.webp\",\"width\":500,\"height\":67,\"caption\":\"Tupique\"},\"image\":{\"@id\":\"https:\\\/\\\/tupique.com\\\/#\\\/schema\\\/logo\\\/image\\\/\"}}]}<\/script>\n<!-- \/ Yoast SEO plugin. -->","yoast_head_json":{"title":"Monture de Lunettes Homme Superdry 1479_F 52GMV | | Tupique","description":"Envie d'acheter Monture de Lunettes Homme Superdry 1479_F 52GMV\u00a0? Achetez Monture de Lunettes Homme Superdry 1479_F 52GMV maintenant avec Tupique en 3 versements sans int\u00e9r\u00eat.","robots":{"index":"index","follow":"follow","max-snippet":"max-snippet:-1","max-image-preview":"max-image-preview:large","max-video-preview":"max-video-preview:-1"},"canonical":"https:\/\/tupique.com\/pt\/product\/monture-de-lunettes-homme-superdry-1479_f-52gmv\/","og_locale":"pt_PT","og_type":"article","og_title":"Monture de Lunettes Homme Superdry 1479_F 52GMV | | Tupique","og_description":"Envie d'acheter Monture de Lunettes Homme Superdry 1479_F 52GMV\u00a0? Achetez Monture de Lunettes Homme Superdry 1479_F 52GMV maintenant avec Tupique en 3 versements sans int\u00e9r\u00eat.","og_url":"https:\/\/tupique.com\/pt\/product\/monture-de-lunettes-homme-superdry-1479_f-52gmv\/","og_site_name":"Tupique","article_modified_time":"2026-05-16T00:40:49+00:00","twitter_card":"summary_large_image","twitter_misc":{"Tempo estimado de leitura":"1 minuto"},"schema":{"@context":"https:\/\/schema.org","@graph":[{"@type":"WebPage","@id":"https:\/\/tupique.com\/product\/monture-de-lunettes-homme-superdry-1479_f-52gmv\/","url":"https:\/\/tupique.com\/product\/monture-de-lunettes-homme-superdry-1479_f-52gmv\/","name":"Monture de Lunettes Homme Superdry 1479_F 52GMV | | Tupique","isPartOf":{"@id":"https:\/\/tupique.com\/#website"},"primaryImageOfPage":{"@id":"https:\/\/tupique.com\/product\/monture-de-lunettes-homme-superdry-1479_f-52gmv\/#primaryimage"},"image":{"@id":"https:\/\/tupique.com\/product\/monture-de-lunettes-homme-superdry-1479_f-52gmv\/#primaryimage"},"thumbnailUrl":"https:\/\/tupique.com\/wp-content\/uploads\/2026\/05\/5055022668016_S72130670_P00.jpg","datePublished":"2026-05-14T18:20:32+00:00","dateModified":"2026-05-16T00:40:49+00:00","description":"Envie d'acheter Monture de Lunettes Homme Superdry 1479_F 52GMV\u00a0? Achetez Monture de Lunettes Homme Superdry 1479_F 52GMV maintenant avec Tupique en 3 versements sans int\u00e9r\u00eat.","breadcrumb":{"@id":"https:\/\/tupique.com\/product\/monture-de-lunettes-homme-superdry-1479_f-52gmv\/#breadcrumb"},"inLanguage":"pt-PT","potentialAction":[{"@type":"ReadAction","target":["https:\/\/tupique.com\/product\/monture-de-lunettes-homme-superdry-1479_f-52gmv\/"]}]},{"@type":"ImageObject","inLanguage":"pt-PT","@id":"https:\/\/tupique.com\/product\/monture-de-lunettes-homme-superdry-1479_f-52gmv\/#primaryimage","url":"https:\/\/tupique.com\/wp-content\/uploads\/2026\/05\/5055022668016_S72130670_P00.jpg","contentUrl":"https:\/\/tupique.com\/wp-content\/uploads\/2026\/05\/5055022668016_S72130670_P00.jpg","width":1200,"height":1200,"caption":"S72130670_0"},{"@type":"BreadcrumbList","@id":"https:\/\/tupique.com\/product\/monture-de-lunettes-homme-superdry-1479_f-52gmv\/#breadcrumb","itemListElement":[{"@type":"ListItem","position":1,"name":"commencer","item":"https:\/\/tupique.com\/"},{"@type":"ListItem","position":2,"name":"Loja","item":"https:\/\/tupique.com\/pt\/loja\/"},{"@type":"ListItem","position":3,"name":"Monture de Lunettes Homme Superdry 1479_F 52GMV"}]},{"@type":"WebSite","@id":"https:\/\/tupique.com\/#website","url":"https:\/\/tupique.com\/","name":"Tupique","description":"","publisher":{"@id":"https:\/\/tupique.com\/#organization"},"potentialAction":[{"@type":"SearchAction","target":{"@type":"EntryPoint","urlTemplate":"https:\/\/tupique.com\/?s={search_term_string}"},"query-input":{"@type":"PropertyValueSpecification","valueRequired":true,"valueName":"search_term_string"}}],"inLanguage":"pt-PT"},{"@type":"Organization","@id":"https:\/\/tupique.com\/#organization","name":"Tupique","url":"https:\/\/tupique.com\/","logo":{"@type":"ImageObject","inLanguage":"pt-PT","@id":"https:\/\/tupique.com\/#\/schema\/logo\/image\/","url":"https:\/\/tupique.com\/wp-content\/uploads\/2026\/03\/logo-tupique-1.webp","contentUrl":"https:\/\/tupique.com\/wp-content\/uploads\/2026\/03\/logo-tupique-1.webp","width":500,"height":67,"caption":"Tupique"},"image":{"@id":"https:\/\/tupique.com\/#\/schema\/logo\/image\/"}}]}},"_links":{"self":[{"href":"https:\/\/tupique.com\/pt\/wp-json\/wp\/v2\/product\/211473","targetHints":{"allow":["GET"]}}],"collection":[{"href":"https:\/\/tupique.com\/pt\/wp-json\/wp\/v2\/product"}],"about":[{"href":"https:\/\/tupique.com\/pt\/wp-json\/wp\/v2\/types\/product"}],"replies":[{"embeddable":true,"href":"https:\/\/tupique.com\/pt\/wp-json\/wp\/v2\/comments?post=211473"}],"wp:featuredmedia":[{"embeddable":true,"href":"https:\/\/tupique.com\/pt\/wp-json\/wp\/v2\/media\/226287"}],"wp:attachment":[{"href":"https:\/\/tupique.com\/pt\/wp-json\/wp\/v2\/media?parent=211473"}],"wp:term":[{"taxonomy":"product_brand","embeddable":true,"href":"https:\/\/tupique.com\/pt\/wp-json\/wp\/v2\/product_brand?post=211473"},{"taxonomy":"product_cat","embeddable":true,"href":"https:\/\/tupique.com\/pt\/wp-json\/wp\/v2\/product_cat?post=211473"},{"taxonomy":"product_tag","embeddable":true,"href":"https:\/\/tupique.com\/pt\/wp-json\/wp\/v2\/product_tag?post=211473"},{"taxonomy":"woo-feed-brand","embeddable":true,"href":"https:\/\/tupique.com\/pt\/wp-json\/wp\/v2\/woo-feed-brand?post=211473"}],"curies":[{"name":"wp","href":"https:\/\/api.w.org\/{rel}","templated":true}]}}