{"id":213982,"date":"2026-05-14T23:43:16","date_gmt":"2026-05-14T21:43:16","guid":{"rendered":"https:\/\/tupique.com\/product\/chaussettes-jimmy-lion-athletic-basquiat-pez-dis-marron\/"},"modified":"2026-05-14T23:43:16","modified_gmt":"2026-05-14T21:43:16","slug":"chaussettes-jimmy-lion-athletic-basquiat-pez-dis-marron","status":"publish","type":"product","link":"https:\/\/tupique.com\/pt\/product\/chaussettes-jimmy-lion-athletic-basquiat-pez-dis-marron\/","title":{"rendered":"Chaussettes Jimmy Lion Athletic Basquiat Pez Dis Marron"},"content":{"rendered":"<p>Si vous envisagez de renouveler votre garde-robe, achetez <b>Chaussettes Jimmy Lion Athletic Basquiat Pez Dis Marron<\/b> et d\u2019autres<b>produits Jimmy Lion<\/b>! La meilleure qualit\u00e9 au meilleur prix est \u00e0 votre port\u00e9e!<\/p>\n<p>Les <b>Jimmy Lion Athletic Basquiat Pez Dis<\/b> sont des <b>chaussettes<\/b> con\u00e7ues pour ceux qui recherchent un \u00e9quilibre optimal entre style, confort et durabilit\u00e9 au quotidien. Principalement compos\u00e9es de <b>coton peign\u00e9 (78%)<\/b>, ces chaussettes offrent une douceur exceptionnelle au contact de la peau, tandis que le m\u00e9lange avec <b>polyamide (20%)<\/b> e <b>\u00e9lasthanne (2%)<\/b> assure une r\u00e9sistance sup\u00e9rieure et un ajustement flexible, \u00e9pousant parfaitement le pied et conservant leur forme lavage apr\u00e8s lavage. Elles pr\u00e9sentent un <b>motif g\u00e9om\u00e9trique<\/b> inspir\u00e9 des \u0153uvres de Basquiat, ajoutant une touche artistique et contemporaine \u00e0 toute tenue, id\u00e9ale pour un style sportif ou d\u00e9contract\u00e9. De <b>couleur beige<\/b>, elles s\u2019associent facilement et leur fabrication permet un <b>lavage en machine<\/b> sans perte d\u2019intensit\u00e9 de couleur ni de qualit\u00e9 de finition. La marque Jimmy Lion confirme son engagement envers des designs originaux et des mati\u00e8res de haute qualit\u00e9, faisant de ces chaussettes une option polyvalente et remarquable dans la garde-robe. Un choix parfait pour ceux qui appr\u00e9cient la cr\u00e9ativit\u00e9, le confort quotidien et la durabilit\u00e9 dans les accessoires vestimentaires.<\/p>\n<ul>\n<li>Type: Chaussettes<\/li>\n<li>Couleur:\n<ul>\n<li>Beige<\/li>\n<li>Marron<\/li>\n<\/ul>\n<\/li>\n<li>Genre: Unisexe<\/li>\n<li>\u00c2ge recommand\u00e9: Adultes<\/li>\n<li>Caract\u00e9ristiques: Lavable en machine<\/li>\n<li>Design: G\u00e9om\u00e9trique<\/li>\n<\/ul>","protected":false},"excerpt":{"rendered":"<p>Si vous envisagez de renouveler votre garde-robe, achetez Chaussettes Jimmy Lion Athletic Basquiat Pez Dis Marron et d\u2019autresproduits Jimmy Lion! La meilleure qualit\u00e9 au meilleur prix est \u00e0 votre port\u00e9e! Les Jimmy Lion Athletic Basquiat Pez Dis sont des chaussettes con\u00e7ues pour ceux qui recherchent un \u00e9quilibre optimal entre style, confort et durabilit\u00e9 au quotidien. [&hellip;]<\/p>\n","protected":false},"featured_media":213979,"comment_status":"open","ping_status":"closed","template":"","meta":[],"product_brand":[3117],"product_cat":[1863,1829,1764],"product_tag":[723,163],"woo-feed-brand":[],"class_list":{"0":"post-213982","1":"product","2":"type-product","3":"status-publish","4":"has-post-thumbnail","6":"product_brand-brandp_10327","7":"product_cat-chaussettes","8":"product_cat-materiel-et-equipement-de-sport","9":"product_cat-sports-loisirs","10":"product_tag-tag_1273","11":"product_tag-tag_17","13":"first","14":"instock","15":"taxable","16":"shipping-taxable","17":"product-type-variable"},"yoast_head":"<!-- This site is optimized with the Yoast SEO plugin v27.6 - https:\/\/yoast.com\/product\/yoast-seo-wordpress\/ -->\n<title>Chaussettes Jimmy Lion Athletic Basquiat Pez Dis Marron | | Tupique<\/title>\n<meta name=\"description\" content=\"Envie d&#039;acheter Chaussettes Jimmy Lion Athletic Basquiat Pez Dis Marron\u00a0? Achetez Chaussettes Jimmy Lion Athletic Basquiat Pez Dis Marron maintenant avec Tupique en 3 versements sans int\u00e9r\u00eat.\" \/>\n<meta name=\"robots\" content=\"index, follow, max-snippet:-1, max-image-preview:large, max-video-preview:-1\" \/>\n<link rel=\"canonical\" href=\"https:\/\/tupique.com\/pt\/product\/chaussettes-jimmy-lion-athletic-basquiat-pez-dis-marron\/\" \/>\n<meta property=\"og:locale\" content=\"pt_PT\" \/>\n<meta property=\"og:type\" content=\"article\" \/>\n<meta property=\"og:title\" content=\"Chaussettes Jimmy Lion Athletic Basquiat Pez Dis Marron | | Tupique\" \/>\n<meta property=\"og:description\" content=\"Envie d&#039;acheter Chaussettes Jimmy Lion Athletic Basquiat Pez Dis Marron\u00a0? Achetez Chaussettes Jimmy Lion Athletic Basquiat Pez Dis Marron maintenant avec Tupique en 3 versements sans int\u00e9r\u00eat.\" \/>\n<meta property=\"og:url\" content=\"https:\/\/tupique.com\/pt\/product\/chaussettes-jimmy-lion-athletic-basquiat-pez-dis-marron\/\" \/>\n<meta property=\"og:site_name\" content=\"Tupique\" \/>\n<meta name=\"twitter:card\" content=\"summary_large_image\" \/>\n<meta name=\"twitter:label1\" content=\"Tempo estimado de leitura\" \/>\n\t<meta name=\"twitter:data1\" content=\"1 minuto\" \/>\n<script type=\"application\/ld+json\" class=\"yoast-schema-graph\">{\"@context\":\"https:\\\/\\\/schema.org\",\"@graph\":[{\"@type\":\"WebPage\",\"@id\":\"https:\\\/\\\/tupique.com\\\/product\\\/chaussettes-jimmy-lion-athletic-basquiat-pez-dis-marron\\\/\",\"url\":\"https:\\\/\\\/tupique.com\\\/product\\\/chaussettes-jimmy-lion-athletic-basquiat-pez-dis-marron\\\/\",\"name\":\"Chaussettes Jimmy Lion Athletic Basquiat Pez Dis Marron | | Tupique\",\"isPartOf\":{\"@id\":\"https:\\\/\\\/tupique.com\\\/#website\"},\"primaryImageOfPage\":{\"@id\":\"https:\\\/\\\/tupique.com\\\/product\\\/chaussettes-jimmy-lion-athletic-basquiat-pez-dis-marron\\\/#primaryimage\"},\"image\":{\"@id\":\"https:\\\/\\\/tupique.com\\\/product\\\/chaussettes-jimmy-lion-athletic-basquiat-pez-dis-marron\\\/#primaryimage\"},\"thumbnailUrl\":\"https:\\\/\\\/tupique.com\\\/wp-content\\\/uploads\\\/2026\\\/05\\\/8436607950523_S64198664_P00.jpg\",\"datePublished\":\"2026-05-14T21:43:16+00:00\",\"description\":\"Envie d'acheter Chaussettes Jimmy Lion Athletic Basquiat Pez Dis Marron\u00a0? Achetez Chaussettes Jimmy Lion Athletic Basquiat Pez Dis Marron maintenant avec Tupique en 3 versements sans int\u00e9r\u00eat.\",\"breadcrumb\":{\"@id\":\"https:\\\/\\\/tupique.com\\\/product\\\/chaussettes-jimmy-lion-athletic-basquiat-pez-dis-marron\\\/#breadcrumb\"},\"inLanguage\":\"pt-PT\",\"potentialAction\":[{\"@type\":\"ReadAction\",\"target\":[\"https:\\\/\\\/tupique.com\\\/product\\\/chaussettes-jimmy-lion-athletic-basquiat-pez-dis-marron\\\/\"]}]},{\"@type\":\"ImageObject\",\"inLanguage\":\"pt-PT\",\"@id\":\"https:\\\/\\\/tupique.com\\\/product\\\/chaussettes-jimmy-lion-athletic-basquiat-pez-dis-marron\\\/#primaryimage\",\"url\":\"https:\\\/\\\/tupique.com\\\/wp-content\\\/uploads\\\/2026\\\/05\\\/8436607950523_S64198664_P00.jpg\",\"contentUrl\":\"https:\\\/\\\/tupique.com\\\/wp-content\\\/uploads\\\/2026\\\/05\\\/8436607950523_S64198664_P00.jpg\",\"width\":1200,\"height\":1200,\"caption\":\"S64205357_0\"},{\"@type\":\"BreadcrumbList\",\"@id\":\"https:\\\/\\\/tupique.com\\\/product\\\/chaussettes-jimmy-lion-athletic-basquiat-pez-dis-marron\\\/#breadcrumb\",\"itemListElement\":[{\"@type\":\"ListItem\",\"position\":1,\"name\":\"commencer\",\"item\":\"https:\\\/\\\/tupique.com\\\/\"},{\"@type\":\"ListItem\",\"position\":2,\"name\":\"Loja\",\"item\":\"https:\\\/\\\/tupique.com\\\/pt\\\/loja\\\/\"},{\"@type\":\"ListItem\",\"position\":3,\"name\":\"Chaussettes Jimmy Lion Athletic Basquiat Pez Dis Marron\"}]},{\"@type\":\"WebSite\",\"@id\":\"https:\\\/\\\/tupique.com\\\/#website\",\"url\":\"https:\\\/\\\/tupique.com\\\/\",\"name\":\"Tupique\",\"description\":\"\",\"publisher\":{\"@id\":\"https:\\\/\\\/tupique.com\\\/#organization\"},\"potentialAction\":[{\"@type\":\"SearchAction\",\"target\":{\"@type\":\"EntryPoint\",\"urlTemplate\":\"https:\\\/\\\/tupique.com\\\/?s={search_term_string}\"},\"query-input\":{\"@type\":\"PropertyValueSpecification\",\"valueRequired\":true,\"valueName\":\"search_term_string\"}}],\"inLanguage\":\"pt-PT\"},{\"@type\":\"Organization\",\"@id\":\"https:\\\/\\\/tupique.com\\\/#organization\",\"name\":\"Tupique\",\"url\":\"https:\\\/\\\/tupique.com\\\/\",\"logo\":{\"@type\":\"ImageObject\",\"inLanguage\":\"pt-PT\",\"@id\":\"https:\\\/\\\/tupique.com\\\/#\\\/schema\\\/logo\\\/image\\\/\",\"url\":\"https:\\\/\\\/tupique.com\\\/wp-content\\\/uploads\\\/2026\\\/03\\\/logo-tupique-1.webp\",\"contentUrl\":\"https:\\\/\\\/tupique.com\\\/wp-content\\\/uploads\\\/2026\\\/03\\\/logo-tupique-1.webp\",\"width\":500,\"height\":67,\"caption\":\"Tupique\"},\"image\":{\"@id\":\"https:\\\/\\\/tupique.com\\\/#\\\/schema\\\/logo\\\/image\\\/\"}}]}<\/script>\n<!-- \/ Yoast SEO plugin. -->","yoast_head_json":{"title":"Chaussettes Jimmy Lion Athletic Basquiat Pez Dis Marron | | Tupique","description":"Envie d'acheter Chaussettes Jimmy Lion Athletic Basquiat Pez Dis Marron\u00a0? Achetez Chaussettes Jimmy Lion Athletic Basquiat Pez Dis Marron maintenant avec Tupique en 3 versements sans int\u00e9r\u00eat.","robots":{"index":"index","follow":"follow","max-snippet":"max-snippet:-1","max-image-preview":"max-image-preview:large","max-video-preview":"max-video-preview:-1"},"canonical":"https:\/\/tupique.com\/pt\/product\/chaussettes-jimmy-lion-athletic-basquiat-pez-dis-marron\/","og_locale":"pt_PT","og_type":"article","og_title":"Chaussettes Jimmy Lion Athletic Basquiat Pez Dis Marron | | Tupique","og_description":"Envie d'acheter Chaussettes Jimmy Lion Athletic Basquiat Pez Dis Marron\u00a0? Achetez Chaussettes Jimmy Lion Athletic Basquiat Pez Dis Marron maintenant avec Tupique en 3 versements sans int\u00e9r\u00eat.","og_url":"https:\/\/tupique.com\/pt\/product\/chaussettes-jimmy-lion-athletic-basquiat-pez-dis-marron\/","og_site_name":"Tupique","twitter_card":"summary_large_image","twitter_misc":{"Tempo estimado de leitura":"1 minuto"},"schema":{"@context":"https:\/\/schema.org","@graph":[{"@type":"WebPage","@id":"https:\/\/tupique.com\/product\/chaussettes-jimmy-lion-athletic-basquiat-pez-dis-marron\/","url":"https:\/\/tupique.com\/product\/chaussettes-jimmy-lion-athletic-basquiat-pez-dis-marron\/","name":"Chaussettes Jimmy Lion Athletic Basquiat Pez Dis Marron | | Tupique","isPartOf":{"@id":"https:\/\/tupique.com\/#website"},"primaryImageOfPage":{"@id":"https:\/\/tupique.com\/product\/chaussettes-jimmy-lion-athletic-basquiat-pez-dis-marron\/#primaryimage"},"image":{"@id":"https:\/\/tupique.com\/product\/chaussettes-jimmy-lion-athletic-basquiat-pez-dis-marron\/#primaryimage"},"thumbnailUrl":"https:\/\/tupique.com\/wp-content\/uploads\/2026\/05\/8436607950523_S64198664_P00.jpg","datePublished":"2026-05-14T21:43:16+00:00","description":"Envie d'acheter Chaussettes Jimmy Lion Athletic Basquiat Pez Dis Marron\u00a0? Achetez Chaussettes Jimmy Lion Athletic Basquiat Pez Dis Marron maintenant avec Tupique en 3 versements sans int\u00e9r\u00eat.","breadcrumb":{"@id":"https:\/\/tupique.com\/product\/chaussettes-jimmy-lion-athletic-basquiat-pez-dis-marron\/#breadcrumb"},"inLanguage":"pt-PT","potentialAction":[{"@type":"ReadAction","target":["https:\/\/tupique.com\/product\/chaussettes-jimmy-lion-athletic-basquiat-pez-dis-marron\/"]}]},{"@type":"ImageObject","inLanguage":"pt-PT","@id":"https:\/\/tupique.com\/product\/chaussettes-jimmy-lion-athletic-basquiat-pez-dis-marron\/#primaryimage","url":"https:\/\/tupique.com\/wp-content\/uploads\/2026\/05\/8436607950523_S64198664_P00.jpg","contentUrl":"https:\/\/tupique.com\/wp-content\/uploads\/2026\/05\/8436607950523_S64198664_P00.jpg","width":1200,"height":1200,"caption":"S64205357_0"},{"@type":"BreadcrumbList","@id":"https:\/\/tupique.com\/product\/chaussettes-jimmy-lion-athletic-basquiat-pez-dis-marron\/#breadcrumb","itemListElement":[{"@type":"ListItem","position":1,"name":"commencer","item":"https:\/\/tupique.com\/"},{"@type":"ListItem","position":2,"name":"Loja","item":"https:\/\/tupique.com\/pt\/loja\/"},{"@type":"ListItem","position":3,"name":"Chaussettes Jimmy Lion Athletic Basquiat Pez Dis Marron"}]},{"@type":"WebSite","@id":"https:\/\/tupique.com\/#website","url":"https:\/\/tupique.com\/","name":"Tupique","description":"","publisher":{"@id":"https:\/\/tupique.com\/#organization"},"potentialAction":[{"@type":"SearchAction","target":{"@type":"EntryPoint","urlTemplate":"https:\/\/tupique.com\/?s={search_term_string}"},"query-input":{"@type":"PropertyValueSpecification","valueRequired":true,"valueName":"search_term_string"}}],"inLanguage":"pt-PT"},{"@type":"Organization","@id":"https:\/\/tupique.com\/#organization","name":"Tupique","url":"https:\/\/tupique.com\/","logo":{"@type":"ImageObject","inLanguage":"pt-PT","@id":"https:\/\/tupique.com\/#\/schema\/logo\/image\/","url":"https:\/\/tupique.com\/wp-content\/uploads\/2026\/03\/logo-tupique-1.webp","contentUrl":"https:\/\/tupique.com\/wp-content\/uploads\/2026\/03\/logo-tupique-1.webp","width":500,"height":67,"caption":"Tupique"},"image":{"@id":"https:\/\/tupique.com\/#\/schema\/logo\/image\/"}}]}},"_links":{"self":[{"href":"https:\/\/tupique.com\/pt\/wp-json\/wp\/v2\/product\/213982","targetHints":{"allow":["GET"]}}],"collection":[{"href":"https:\/\/tupique.com\/pt\/wp-json\/wp\/v2\/product"}],"about":[{"href":"https:\/\/tupique.com\/pt\/wp-json\/wp\/v2\/types\/product"}],"replies":[{"embeddable":true,"href":"https:\/\/tupique.com\/pt\/wp-json\/wp\/v2\/comments?post=213982"}],"wp:featuredmedia":[{"embeddable":true,"href":"https:\/\/tupique.com\/pt\/wp-json\/wp\/v2\/media\/213979"}],"wp:attachment":[{"href":"https:\/\/tupique.com\/pt\/wp-json\/wp\/v2\/media?parent=213982"}],"wp:term":[{"taxonomy":"product_brand","embeddable":true,"href":"https:\/\/tupique.com\/pt\/wp-json\/wp\/v2\/product_brand?post=213982"},{"taxonomy":"product_cat","embeddable":true,"href":"https:\/\/tupique.com\/pt\/wp-json\/wp\/v2\/product_cat?post=213982"},{"taxonomy":"product_tag","embeddable":true,"href":"https:\/\/tupique.com\/pt\/wp-json\/wp\/v2\/product_tag?post=213982"},{"taxonomy":"woo-feed-brand","embeddable":true,"href":"https:\/\/tupique.com\/pt\/wp-json\/wp\/v2\/woo-feed-brand?post=213982"}],"curies":[{"name":"wp","href":"https:\/\/api.w.org\/{rel}","templated":true}]}}