{"id":214035,"date":"2026-05-14T23:45:17","date_gmt":"2026-05-14T21:45:17","guid":{"rendered":"https:\/\/tupique.com\/product\/sweat-a-capuche-homme-new-era-dalmav-gris\/"},"modified":"2026-05-14T23:45:17","modified_gmt":"2026-05-14T21:45:17","slug":"sweat-a-capuche-homme-new-era-dalmav-gris","status":"publish","type":"product","link":"https:\/\/tupique.com\/pt\/product\/sweat-a-capuche-homme-new-era-dalmav-gris\/","title":{"rendered":"Sweat \u00e0 capuche homme New Era Dalmav Gris"},"content":{"rendered":"<p>Restez en forme et d\u00e9couvrez les derni\u00e8res nouveaut\u00e9s du secteur pour faire du sport avec les meilleures garanties ! Achetez <b>Sweat \u00e0 capuche homme New Era Dalmav Gris<\/b> au meilleur prix et profitez d&#8217;une vie saine !<\/p>\n<ul>\n<li>Type: Sweat \u00e0 capuche<\/li>\n<li>Couleur: Gris<\/li>\n<li>Genre: Unisexe enfants<\/li>\n<li>Taille: 3XL<\/li>\n<\/ul>","protected":false},"excerpt":{"rendered":"<p>Restez en forme et d\u00e9couvrez les derni\u00e8res nouveaut\u00e9s du secteur pour faire du sport avec les meilleures garanties ! Achetez Sweat \u00e0 capuche homme New Era Dalmav Gris au meilleur prix et profitez d&#8217;une vie saine ! Type: Sweat \u00e0 capuche Couleur: Gris Genre: Unisexe enfants Taille: 3XL<\/p>","protected":false},"featured_media":214034,"comment_status":"open","ping_status":"closed","template":"","meta":[],"product_brand":[2799],"product_cat":[1829,1764,2254],"product_tag":[163],"woo-feed-brand":[],"class_list":{"0":"post-214035","1":"product","2":"type-product","3":"status-publish","4":"has-post-thumbnail","6":"product_brand-brandp_2626","7":"product_cat-materiel-et-equipement-de-sport","8":"product_cat-sports-loisirs","9":"product_cat-sweat-shirts-de-sport","10":"product_tag-tag_17","12":"first","13":"instock","14":"taxable","15":"shipping-taxable","16":"purchasable","17":"product-type-simple"},"yoast_head":"<!-- This site is optimized with the Yoast SEO plugin v27.6 - https:\/\/yoast.com\/product\/yoast-seo-wordpress\/ -->\n<title>Sweat \u00e0 capuche homme New Era Dalmav Gris | | Tupique<\/title>\n<meta name=\"description\" content=\"Envie d&#039;acheter Sweat \u00e0 capuche homme New Era Dalmav Gris\u00a0? Achetez Sweat \u00e0 capuche homme New Era Dalmav Gris maintenant avec Tupique en 3 versements sans int\u00e9r\u00eat.\" \/>\n<meta name=\"robots\" content=\"index, follow, max-snippet:-1, max-image-preview:large, max-video-preview:-1\" \/>\n<link rel=\"canonical\" href=\"https:\/\/tupique.com\/pt\/product\/sweat-a-capuche-homme-new-era-dalmav-gris\/\" \/>\n<meta property=\"og:locale\" content=\"pt_PT\" \/>\n<meta property=\"og:type\" content=\"article\" \/>\n<meta property=\"og:title\" content=\"Sweat \u00e0 capuche homme New Era Dalmav Gris | | Tupique\" \/>\n<meta property=\"og:description\" content=\"Envie d&#039;acheter Sweat \u00e0 capuche homme New Era Dalmav Gris\u00a0? Achetez Sweat \u00e0 capuche homme New Era Dalmav Gris maintenant avec Tupique en 3 versements sans int\u00e9r\u00eat.\" \/>\n<meta property=\"og:url\" content=\"https:\/\/tupique.com\/pt\/product\/sweat-a-capuche-homme-new-era-dalmav-gris\/\" \/>\n<meta property=\"og:site_name\" content=\"Tupique\" \/>\n<meta name=\"twitter:card\" content=\"summary_large_image\" \/>\n<script type=\"application\/ld+json\" class=\"yoast-schema-graph\">{\"@context\":\"https:\\\/\\\/schema.org\",\"@graph\":[{\"@type\":\"WebPage\",\"@id\":\"https:\\\/\\\/tupique.com\\\/product\\\/sweat-a-capuche-homme-new-era-dalmav-gris\\\/\",\"url\":\"https:\\\/\\\/tupique.com\\\/product\\\/sweat-a-capuche-homme-new-era-dalmav-gris\\\/\",\"name\":\"Sweat \u00e0 capuche homme New Era Dalmav Gris | | Tupique\",\"isPartOf\":{\"@id\":\"https:\\\/\\\/tupique.com\\\/#website\"},\"primaryImageOfPage\":{\"@id\":\"https:\\\/\\\/tupique.com\\\/product\\\/sweat-a-capuche-homme-new-era-dalmav-gris\\\/#primaryimage\"},\"image\":{\"@id\":\"https:\\\/\\\/tupique.com\\\/product\\\/sweat-a-capuche-homme-new-era-dalmav-gris\\\/#primaryimage\"},\"thumbnailUrl\":\"https:\\\/\\\/tupique.com\\\/wp-content\\\/uploads\\\/2026\\\/05\\\/V3401689_01917183090630.jpg\",\"datePublished\":\"2026-05-14T21:45:17+00:00\",\"description\":\"Envie d'acheter Sweat \u00e0 capuche homme New Era Dalmav Gris\u00a0? Achetez Sweat \u00e0 capuche homme New Era Dalmav Gris maintenant avec Tupique en 3 versements sans int\u00e9r\u00eat.\",\"breadcrumb\":{\"@id\":\"https:\\\/\\\/tupique.com\\\/product\\\/sweat-a-capuche-homme-new-era-dalmav-gris\\\/#breadcrumb\"},\"inLanguage\":\"pt-PT\",\"potentialAction\":[{\"@type\":\"ReadAction\",\"target\":[\"https:\\\/\\\/tupique.com\\\/product\\\/sweat-a-capuche-homme-new-era-dalmav-gris\\\/\"]}]},{\"@type\":\"ImageObject\",\"inLanguage\":\"pt-PT\",\"@id\":\"https:\\\/\\\/tupique.com\\\/product\\\/sweat-a-capuche-homme-new-era-dalmav-gris\\\/#primaryimage\",\"url\":\"https:\\\/\\\/tupique.com\\\/wp-content\\\/uploads\\\/2026\\\/05\\\/V3401689_01917183090630.jpg\",\"contentUrl\":\"https:\\\/\\\/tupique.com\\\/wp-content\\\/uploads\\\/2026\\\/05\\\/V3401689_01917183090630.jpg\",\"width\":1200,\"height\":1200,\"caption\":\"V3401689_0\"},{\"@type\":\"BreadcrumbList\",\"@id\":\"https:\\\/\\\/tupique.com\\\/product\\\/sweat-a-capuche-homme-new-era-dalmav-gris\\\/#breadcrumb\",\"itemListElement\":[{\"@type\":\"ListItem\",\"position\":1,\"name\":\"commencer\",\"item\":\"https:\\\/\\\/tupique.com\\\/\"},{\"@type\":\"ListItem\",\"position\":2,\"name\":\"Loja\",\"item\":\"https:\\\/\\\/tupique.com\\\/pt\\\/loja\\\/\"},{\"@type\":\"ListItem\",\"position\":3,\"name\":\"Sweat \u00e0 capuche homme New Era Dalmav Gris\"}]},{\"@type\":\"WebSite\",\"@id\":\"https:\\\/\\\/tupique.com\\\/#website\",\"url\":\"https:\\\/\\\/tupique.com\\\/\",\"name\":\"Tupique\",\"description\":\"\",\"publisher\":{\"@id\":\"https:\\\/\\\/tupique.com\\\/#organization\"},\"potentialAction\":[{\"@type\":\"SearchAction\",\"target\":{\"@type\":\"EntryPoint\",\"urlTemplate\":\"https:\\\/\\\/tupique.com\\\/?s={search_term_string}\"},\"query-input\":{\"@type\":\"PropertyValueSpecification\",\"valueRequired\":true,\"valueName\":\"search_term_string\"}}],\"inLanguage\":\"pt-PT\"},{\"@type\":\"Organization\",\"@id\":\"https:\\\/\\\/tupique.com\\\/#organization\",\"name\":\"Tupique\",\"url\":\"https:\\\/\\\/tupique.com\\\/\",\"logo\":{\"@type\":\"ImageObject\",\"inLanguage\":\"pt-PT\",\"@id\":\"https:\\\/\\\/tupique.com\\\/#\\\/schema\\\/logo\\\/image\\\/\",\"url\":\"https:\\\/\\\/tupique.com\\\/wp-content\\\/uploads\\\/2026\\\/03\\\/logo-tupique-1.webp\",\"contentUrl\":\"https:\\\/\\\/tupique.com\\\/wp-content\\\/uploads\\\/2026\\\/03\\\/logo-tupique-1.webp\",\"width\":500,\"height\":67,\"caption\":\"Tupique\"},\"image\":{\"@id\":\"https:\\\/\\\/tupique.com\\\/#\\\/schema\\\/logo\\\/image\\\/\"}}]}<\/script>\n<!-- \/ Yoast SEO plugin. -->","yoast_head_json":{"title":"Sweat \u00e0 capuche homme New Era Dalmav Gris | | Tupique","description":"Envie d'acheter Sweat \u00e0 capuche homme New Era Dalmav Gris\u00a0? Achetez Sweat \u00e0 capuche homme New Era Dalmav Gris maintenant avec Tupique en 3 versements sans int\u00e9r\u00eat.","robots":{"index":"index","follow":"follow","max-snippet":"max-snippet:-1","max-image-preview":"max-image-preview:large","max-video-preview":"max-video-preview:-1"},"canonical":"https:\/\/tupique.com\/pt\/product\/sweat-a-capuche-homme-new-era-dalmav-gris\/","og_locale":"pt_PT","og_type":"article","og_title":"Sweat \u00e0 capuche homme New Era Dalmav Gris | | Tupique","og_description":"Envie d'acheter Sweat \u00e0 capuche homme New Era Dalmav Gris\u00a0? Achetez Sweat \u00e0 capuche homme New Era Dalmav Gris maintenant avec Tupique en 3 versements sans int\u00e9r\u00eat.","og_url":"https:\/\/tupique.com\/pt\/product\/sweat-a-capuche-homme-new-era-dalmav-gris\/","og_site_name":"Tupique","twitter_card":"summary_large_image","schema":{"@context":"https:\/\/schema.org","@graph":[{"@type":"WebPage","@id":"https:\/\/tupique.com\/product\/sweat-a-capuche-homme-new-era-dalmav-gris\/","url":"https:\/\/tupique.com\/product\/sweat-a-capuche-homme-new-era-dalmav-gris\/","name":"Sweat \u00e0 capuche homme New Era Dalmav Gris | | Tupique","isPartOf":{"@id":"https:\/\/tupique.com\/#website"},"primaryImageOfPage":{"@id":"https:\/\/tupique.com\/product\/sweat-a-capuche-homme-new-era-dalmav-gris\/#primaryimage"},"image":{"@id":"https:\/\/tupique.com\/product\/sweat-a-capuche-homme-new-era-dalmav-gris\/#primaryimage"},"thumbnailUrl":"https:\/\/tupique.com\/wp-content\/uploads\/2026\/05\/V3401689_01917183090630.jpg","datePublished":"2026-05-14T21:45:17+00:00","description":"Envie d'acheter Sweat \u00e0 capuche homme New Era Dalmav Gris\u00a0? Achetez Sweat \u00e0 capuche homme New Era Dalmav Gris maintenant avec Tupique en 3 versements sans int\u00e9r\u00eat.","breadcrumb":{"@id":"https:\/\/tupique.com\/product\/sweat-a-capuche-homme-new-era-dalmav-gris\/#breadcrumb"},"inLanguage":"pt-PT","potentialAction":[{"@type":"ReadAction","target":["https:\/\/tupique.com\/product\/sweat-a-capuche-homme-new-era-dalmav-gris\/"]}]},{"@type":"ImageObject","inLanguage":"pt-PT","@id":"https:\/\/tupique.com\/product\/sweat-a-capuche-homme-new-era-dalmav-gris\/#primaryimage","url":"https:\/\/tupique.com\/wp-content\/uploads\/2026\/05\/V3401689_01917183090630.jpg","contentUrl":"https:\/\/tupique.com\/wp-content\/uploads\/2026\/05\/V3401689_01917183090630.jpg","width":1200,"height":1200,"caption":"V3401689_0"},{"@type":"BreadcrumbList","@id":"https:\/\/tupique.com\/product\/sweat-a-capuche-homme-new-era-dalmav-gris\/#breadcrumb","itemListElement":[{"@type":"ListItem","position":1,"name":"commencer","item":"https:\/\/tupique.com\/"},{"@type":"ListItem","position":2,"name":"Loja","item":"https:\/\/tupique.com\/pt\/loja\/"},{"@type":"ListItem","position":3,"name":"Sweat \u00e0 capuche homme New Era Dalmav Gris"}]},{"@type":"WebSite","@id":"https:\/\/tupique.com\/#website","url":"https:\/\/tupique.com\/","name":"Tupique","description":"","publisher":{"@id":"https:\/\/tupique.com\/#organization"},"potentialAction":[{"@type":"SearchAction","target":{"@type":"EntryPoint","urlTemplate":"https:\/\/tupique.com\/?s={search_term_string}"},"query-input":{"@type":"PropertyValueSpecification","valueRequired":true,"valueName":"search_term_string"}}],"inLanguage":"pt-PT"},{"@type":"Organization","@id":"https:\/\/tupique.com\/#organization","name":"Tupique","url":"https:\/\/tupique.com\/","logo":{"@type":"ImageObject","inLanguage":"pt-PT","@id":"https:\/\/tupique.com\/#\/schema\/logo\/image\/","url":"https:\/\/tupique.com\/wp-content\/uploads\/2026\/03\/logo-tupique-1.webp","contentUrl":"https:\/\/tupique.com\/wp-content\/uploads\/2026\/03\/logo-tupique-1.webp","width":500,"height":67,"caption":"Tupique"},"image":{"@id":"https:\/\/tupique.com\/#\/schema\/logo\/image\/"}}]}},"_links":{"self":[{"href":"https:\/\/tupique.com\/pt\/wp-json\/wp\/v2\/product\/214035","targetHints":{"allow":["GET"]}}],"collection":[{"href":"https:\/\/tupique.com\/pt\/wp-json\/wp\/v2\/product"}],"about":[{"href":"https:\/\/tupique.com\/pt\/wp-json\/wp\/v2\/types\/product"}],"replies":[{"embeddable":true,"href":"https:\/\/tupique.com\/pt\/wp-json\/wp\/v2\/comments?post=214035"}],"wp:featuredmedia":[{"embeddable":true,"href":"https:\/\/tupique.com\/pt\/wp-json\/wp\/v2\/media\/214034"}],"wp:attachment":[{"href":"https:\/\/tupique.com\/pt\/wp-json\/wp\/v2\/media?parent=214035"}],"wp:term":[{"taxonomy":"product_brand","embeddable":true,"href":"https:\/\/tupique.com\/pt\/wp-json\/wp\/v2\/product_brand?post=214035"},{"taxonomy":"product_cat","embeddable":true,"href":"https:\/\/tupique.com\/pt\/wp-json\/wp\/v2\/product_cat?post=214035"},{"taxonomy":"product_tag","embeddable":true,"href":"https:\/\/tupique.com\/pt\/wp-json\/wp\/v2\/product_tag?post=214035"},{"taxonomy":"woo-feed-brand","embeddable":true,"href":"https:\/\/tupique.com\/pt\/wp-json\/wp\/v2\/woo-feed-brand?post=214035"}],"curies":[{"name":"wp","href":"https:\/\/api.w.org\/{rel}","templated":true}]}}