{"id":214366,"date":"2026-05-15T00:21:09","date_gmt":"2026-05-14T22:21:09","guid":{"rendered":"https:\/\/tupique.com\/product\/masque-pour-cheveux-sebastian-twisted-200-ml\/"},"modified":"2026-05-15T00:21:09","modified_gmt":"2026-05-14T22:21:09","slug":"masque-pour-cheveux-sebastian-twisted-200-ml","status":"publish","type":"product","link":"https:\/\/tupique.com\/pt\/product\/masque-pour-cheveux-sebastian-twisted-200-ml\/","title":{"rendered":"Masque pour cheveux Sebastian TWISTED 200 ml"},"content":{"rendered":"<p>Vous voulez rehausser votre beaut&eacute; ou changer de look ? <b>Masque pour cheveux Sebastian TWISTED 200 ml<\/b> est ce qu&#8217;il vous faut ! Profitez d&egrave;s maintenant de nos <b>produits Sebastian<\/b>&nbsp;et de tous nos autres <b>accessoires de coiffure de marque 100 % authentiques<\/b>&nbsp;!<\/p>\n<ul>\n<li>Genre: Unisexe<\/li>\n<li>Texture: Mousse<\/li>\n<li>Utilisation recommand\u00e9e: Cheveux boucl\u00e9s<\/li>\n<li>Ingredientes:\n<ul>\n<li>Polyquaternium-10<\/li>\n<li>Propylene glycol<\/li>\n<li>Sodium chloride<\/li>\n<li>Sodium hydroxide<\/li>\n<li>Trisodium ethylenediamine disuccinate<\/li>\n<li>\u00c1gua (Aqua)<\/li>\n<li>Benzyl salicylate<\/li>\n<li>Caprylyl glycol<\/li>\n<li>Chondrus crispus (carrageenan) extract<\/li>\n<li>\u00c1cido c\u00edtrico<\/li>\n<li>Cocamidopropyl hydroxysultaine<\/li>\n<li>Fragr\u00e2ncia (perfume)<\/li>\n<li>Hexyl cinnamal<\/li>\n<li>Limonene<\/li>\n<li>Linalool<\/li>\n<li>Panthenol<\/li>\n<li>Peg-40 hydrogenated castor oil<\/li>\n<li>Fenoxietanol<\/li>\n<li>Glicerina<\/li>\n<li>Citrus limon peel oil<\/li>\n<li>Alcohol denat (ethyl alcohol)<\/li>\n<li>Polyacrylate-14<\/li>\n<li>Polyquaternium-72<\/li>\n<li>linalyl acetate<\/li>\n<li>tetramethyl acetyloctahydronaphthalenes<\/li>\n<\/ul>\n<\/li>\n<li>Capacit\u00e9: 200 ml<\/li>\n<\/ul>","protected":false},"excerpt":{"rendered":"<p>Vous voulez rehausser votre beaut&eacute; ou changer de look ? Masque pour cheveux Sebastian TWISTED 200 ml est ce qu&#8217;il vous faut ! Profitez d&egrave;s maintenant de nos produits Sebastian&nbsp;et de tous nos autres accessoires de coiffure de marque 100 % authentiques&nbsp;! Genre: Unisexe Texture: Mousse Utilisation recommand\u00e9e: Cheveux boucl\u00e9s Ingr\u00e9dients: Polyquaternium-10 Propylene glycol Sodium [&hellip;]<\/p>\n","protected":false},"featured_media":214363,"comment_status":"open","ping_status":"closed","template":"","meta":[],"product_brand":[3182],"product_cat":[753,1492,752],"product_tag":[722],"woo-feed-brand":[],"class_list":{"0":"post-214366","1":"product","2":"type-product","3":"status-publish","4":"has-post-thumbnail","6":"product_brand-brandp_478","7":"product_cat-coiffure","8":"product_cat-masques-et-traitements-capillaires","9":"product_cat-sante-beaute","10":"product_tag-tag_923","12":"first","13":"instock","14":"taxable","15":"shipping-taxable","16":"purchasable","17":"product-type-simple"},"yoast_head":"<!-- This site is optimized with the Yoast SEO plugin v27.6 - https:\/\/yoast.com\/product\/yoast-seo-wordpress\/ -->\n<title>Masque pour cheveux Sebastian TWISTED 200 ml | | Tupique<\/title>\n<meta name=\"description\" content=\"Envie d&#039;acheter Masque pour cheveux Sebastian TWISTED 200 ml\u00a0? Achetez Masque pour cheveux Sebastian TWISTED 200 ml maintenant avec Tupique en 3 versements sans int\u00e9r\u00eat.\" \/>\n<meta name=\"robots\" content=\"index, follow, max-snippet:-1, max-image-preview:large, max-video-preview:-1\" \/>\n<link rel=\"canonical\" href=\"https:\/\/tupique.com\/pt\/product\/masque-pour-cheveux-sebastian-twisted-200-ml\/\" \/>\n<meta property=\"og:locale\" content=\"pt_PT\" \/>\n<meta property=\"og:type\" content=\"article\" \/>\n<meta property=\"og:title\" content=\"Masque pour cheveux Sebastian TWISTED 200 ml | | Tupique\" \/>\n<meta property=\"og:description\" content=\"Envie d&#039;acheter Masque pour cheveux Sebastian TWISTED 200 ml\u00a0? Achetez Masque pour cheveux Sebastian TWISTED 200 ml maintenant avec Tupique en 3 versements sans int\u00e9r\u00eat.\" \/>\n<meta property=\"og:url\" content=\"https:\/\/tupique.com\/pt\/product\/masque-pour-cheveux-sebastian-twisted-200-ml\/\" \/>\n<meta property=\"og:site_name\" content=\"Tupique\" \/>\n<meta name=\"twitter:card\" content=\"summary_large_image\" \/>\n<script type=\"application\/ld+json\" class=\"yoast-schema-graph\">{\"@context\":\"https:\\\/\\\/schema.org\",\"@graph\":[{\"@type\":\"WebPage\",\"@id\":\"https:\\\/\\\/tupique.com\\\/product\\\/masque-pour-cheveux-sebastian-twisted-200-ml\\\/\",\"url\":\"https:\\\/\\\/tupique.com\\\/product\\\/masque-pour-cheveux-sebastian-twisted-200-ml\\\/\",\"name\":\"Masque pour cheveux Sebastian TWISTED 200 ml | | Tupique\",\"isPartOf\":{\"@id\":\"https:\\\/\\\/tupique.com\\\/#website\"},\"primaryImageOfPage\":{\"@id\":\"https:\\\/\\\/tupique.com\\\/product\\\/masque-pour-cheveux-sebastian-twisted-200-ml\\\/#primaryimage\"},\"image\":{\"@id\":\"https:\\\/\\\/tupique.com\\\/product\\\/masque-pour-cheveux-sebastian-twisted-200-ml\\\/#primaryimage\"},\"thumbnailUrl\":\"https:\\\/\\\/tupique.com\\\/wp-content\\\/uploads\\\/2026\\\/05\\\/4068359123142_R00.jpg\",\"datePublished\":\"2026-05-14T22:21:09+00:00\",\"description\":\"Envie d'acheter Masque pour cheveux Sebastian TWISTED 200 ml\u00a0? Achetez Masque pour cheveux Sebastian TWISTED 200 ml maintenant avec Tupique en 3 versements sans int\u00e9r\u00eat.\",\"breadcrumb\":{\"@id\":\"https:\\\/\\\/tupique.com\\\/product\\\/masque-pour-cheveux-sebastian-twisted-200-ml\\\/#breadcrumb\"},\"inLanguage\":\"pt-PT\",\"potentialAction\":[{\"@type\":\"ReadAction\",\"target\":[\"https:\\\/\\\/tupique.com\\\/product\\\/masque-pour-cheveux-sebastian-twisted-200-ml\\\/\"]}]},{\"@type\":\"ImageObject\",\"inLanguage\":\"pt-PT\",\"@id\":\"https:\\\/\\\/tupique.com\\\/product\\\/masque-pour-cheveux-sebastian-twisted-200-ml\\\/#primaryimage\",\"url\":\"https:\\\/\\\/tupique.com\\\/wp-content\\\/uploads\\\/2026\\\/05\\\/4068359123142_R00.jpg\",\"contentUrl\":\"https:\\\/\\\/tupique.com\\\/wp-content\\\/uploads\\\/2026\\\/05\\\/4068359123142_R00.jpg\",\"width\":1200,\"height\":1200,\"caption\":\"S05150194_0\"},{\"@type\":\"BreadcrumbList\",\"@id\":\"https:\\\/\\\/tupique.com\\\/product\\\/masque-pour-cheveux-sebastian-twisted-200-ml\\\/#breadcrumb\",\"itemListElement\":[{\"@type\":\"ListItem\",\"position\":1,\"name\":\"commencer\",\"item\":\"https:\\\/\\\/tupique.com\\\/\"},{\"@type\":\"ListItem\",\"position\":2,\"name\":\"Loja\",\"item\":\"https:\\\/\\\/tupique.com\\\/pt\\\/loja\\\/\"},{\"@type\":\"ListItem\",\"position\":3,\"name\":\"Masque pour cheveux Sebastian TWISTED 200 ml\"}]},{\"@type\":\"WebSite\",\"@id\":\"https:\\\/\\\/tupique.com\\\/#website\",\"url\":\"https:\\\/\\\/tupique.com\\\/\",\"name\":\"Tupique\",\"description\":\"\",\"publisher\":{\"@id\":\"https:\\\/\\\/tupique.com\\\/#organization\"},\"potentialAction\":[{\"@type\":\"SearchAction\",\"target\":{\"@type\":\"EntryPoint\",\"urlTemplate\":\"https:\\\/\\\/tupique.com\\\/?s={search_term_string}\"},\"query-input\":{\"@type\":\"PropertyValueSpecification\",\"valueRequired\":true,\"valueName\":\"search_term_string\"}}],\"inLanguage\":\"pt-PT\"},{\"@type\":\"Organization\",\"@id\":\"https:\\\/\\\/tupique.com\\\/#organization\",\"name\":\"Tupique\",\"url\":\"https:\\\/\\\/tupique.com\\\/\",\"logo\":{\"@type\":\"ImageObject\",\"inLanguage\":\"pt-PT\",\"@id\":\"https:\\\/\\\/tupique.com\\\/#\\\/schema\\\/logo\\\/image\\\/\",\"url\":\"https:\\\/\\\/tupique.com\\\/wp-content\\\/uploads\\\/2026\\\/03\\\/logo-tupique-1.webp\",\"contentUrl\":\"https:\\\/\\\/tupique.com\\\/wp-content\\\/uploads\\\/2026\\\/03\\\/logo-tupique-1.webp\",\"width\":500,\"height\":67,\"caption\":\"Tupique\"},\"image\":{\"@id\":\"https:\\\/\\\/tupique.com\\\/#\\\/schema\\\/logo\\\/image\\\/\"}}]}<\/script>\n<!-- \/ Yoast SEO plugin. -->","yoast_head_json":{"title":"Masque pour cheveux Sebastian TWISTED 200 ml | | Tupique","description":"Envie d'acheter Masque pour cheveux Sebastian TWISTED 200 ml\u00a0? Achetez Masque pour cheveux Sebastian TWISTED 200 ml maintenant avec Tupique en 3 versements sans int\u00e9r\u00eat.","robots":{"index":"index","follow":"follow","max-snippet":"max-snippet:-1","max-image-preview":"max-image-preview:large","max-video-preview":"max-video-preview:-1"},"canonical":"https:\/\/tupique.com\/pt\/product\/masque-pour-cheveux-sebastian-twisted-200-ml\/","og_locale":"pt_PT","og_type":"article","og_title":"Masque pour cheveux Sebastian TWISTED 200 ml | | Tupique","og_description":"Envie d'acheter Masque pour cheveux Sebastian TWISTED 200 ml\u00a0? Achetez Masque pour cheveux Sebastian TWISTED 200 ml maintenant avec Tupique en 3 versements sans int\u00e9r\u00eat.","og_url":"https:\/\/tupique.com\/pt\/product\/masque-pour-cheveux-sebastian-twisted-200-ml\/","og_site_name":"Tupique","twitter_card":"summary_large_image","schema":{"@context":"https:\/\/schema.org","@graph":[{"@type":"WebPage","@id":"https:\/\/tupique.com\/product\/masque-pour-cheveux-sebastian-twisted-200-ml\/","url":"https:\/\/tupique.com\/product\/masque-pour-cheveux-sebastian-twisted-200-ml\/","name":"Masque pour cheveux Sebastian TWISTED 200 ml | | Tupique","isPartOf":{"@id":"https:\/\/tupique.com\/#website"},"primaryImageOfPage":{"@id":"https:\/\/tupique.com\/product\/masque-pour-cheveux-sebastian-twisted-200-ml\/#primaryimage"},"image":{"@id":"https:\/\/tupique.com\/product\/masque-pour-cheveux-sebastian-twisted-200-ml\/#primaryimage"},"thumbnailUrl":"https:\/\/tupique.com\/wp-content\/uploads\/2026\/05\/4068359123142_R00.jpg","datePublished":"2026-05-14T22:21:09+00:00","description":"Envie d'acheter Masque pour cheveux Sebastian TWISTED 200 ml\u00a0? Achetez Masque pour cheveux Sebastian TWISTED 200 ml maintenant avec Tupique en 3 versements sans int\u00e9r\u00eat.","breadcrumb":{"@id":"https:\/\/tupique.com\/product\/masque-pour-cheveux-sebastian-twisted-200-ml\/#breadcrumb"},"inLanguage":"pt-PT","potentialAction":[{"@type":"ReadAction","target":["https:\/\/tupique.com\/product\/masque-pour-cheveux-sebastian-twisted-200-ml\/"]}]},{"@type":"ImageObject","inLanguage":"pt-PT","@id":"https:\/\/tupique.com\/product\/masque-pour-cheveux-sebastian-twisted-200-ml\/#primaryimage","url":"https:\/\/tupique.com\/wp-content\/uploads\/2026\/05\/4068359123142_R00.jpg","contentUrl":"https:\/\/tupique.com\/wp-content\/uploads\/2026\/05\/4068359123142_R00.jpg","width":1200,"height":1200,"caption":"S05150194_0"},{"@type":"BreadcrumbList","@id":"https:\/\/tupique.com\/product\/masque-pour-cheveux-sebastian-twisted-200-ml\/#breadcrumb","itemListElement":[{"@type":"ListItem","position":1,"name":"commencer","item":"https:\/\/tupique.com\/"},{"@type":"ListItem","position":2,"name":"Loja","item":"https:\/\/tupique.com\/pt\/loja\/"},{"@type":"ListItem","position":3,"name":"Masque pour cheveux Sebastian TWISTED 200 ml"}]},{"@type":"WebSite","@id":"https:\/\/tupique.com\/#website","url":"https:\/\/tupique.com\/","name":"Tupique","description":"","publisher":{"@id":"https:\/\/tupique.com\/#organization"},"potentialAction":[{"@type":"SearchAction","target":{"@type":"EntryPoint","urlTemplate":"https:\/\/tupique.com\/?s={search_term_string}"},"query-input":{"@type":"PropertyValueSpecification","valueRequired":true,"valueName":"search_term_string"}}],"inLanguage":"pt-PT"},{"@type":"Organization","@id":"https:\/\/tupique.com\/#organization","name":"Tupique","url":"https:\/\/tupique.com\/","logo":{"@type":"ImageObject","inLanguage":"pt-PT","@id":"https:\/\/tupique.com\/#\/schema\/logo\/image\/","url":"https:\/\/tupique.com\/wp-content\/uploads\/2026\/03\/logo-tupique-1.webp","contentUrl":"https:\/\/tupique.com\/wp-content\/uploads\/2026\/03\/logo-tupique-1.webp","width":500,"height":67,"caption":"Tupique"},"image":{"@id":"https:\/\/tupique.com\/#\/schema\/logo\/image\/"}}]}},"_links":{"self":[{"href":"https:\/\/tupique.com\/pt\/wp-json\/wp\/v2\/product\/214366","targetHints":{"allow":["GET"]}}],"collection":[{"href":"https:\/\/tupique.com\/pt\/wp-json\/wp\/v2\/product"}],"about":[{"href":"https:\/\/tupique.com\/pt\/wp-json\/wp\/v2\/types\/product"}],"replies":[{"embeddable":true,"href":"https:\/\/tupique.com\/pt\/wp-json\/wp\/v2\/comments?post=214366"}],"wp:featuredmedia":[{"embeddable":true,"href":"https:\/\/tupique.com\/pt\/wp-json\/wp\/v2\/media\/214363"}],"wp:attachment":[{"href":"https:\/\/tupique.com\/pt\/wp-json\/wp\/v2\/media?parent=214366"}],"wp:term":[{"taxonomy":"product_brand","embeddable":true,"href":"https:\/\/tupique.com\/pt\/wp-json\/wp\/v2\/product_brand?post=214366"},{"taxonomy":"product_cat","embeddable":true,"href":"https:\/\/tupique.com\/pt\/wp-json\/wp\/v2\/product_cat?post=214366"},{"taxonomy":"product_tag","embeddable":true,"href":"https:\/\/tupique.com\/pt\/wp-json\/wp\/v2\/product_tag?post=214366"},{"taxonomy":"woo-feed-brand","embeddable":true,"href":"https:\/\/tupique.com\/pt\/wp-json\/wp\/v2\/woo-feed-brand?post=214366"}],"curies":[{"name":"wp","href":"https:\/\/api.w.org\/{rel}","templated":true}]}}