{"id":21439,"date":"2026-03-29T17:52:13","date_gmt":"2026-03-29T16:52:13","guid":{"rendered":"https:\/\/bigbuy.tupique.com\/produto\/network-storage-qnap-tvs-h874t-i9-64g-black\/"},"modified":"2026-04-12T02:26:20","modified_gmt":"2026-04-12T01:26:20","slug":"network-storage-qnap-tvs-h874t-i9-64g-black","status":"publish","type":"product","link":"https:\/\/tupique.com\/pt\/product\/network-storage-qnap-tvs-h874t-i9-64g-black\/","title":{"rendered":"Network Storage Qnap TVS-H874T-I9-64G Black"},"content":{"rendered":"<p>Se tem paix\u00e3o por <b>TI e eletr\u00f3nica<\/b>, como estar a par das novidades tecnol\u00f3gicas e n\u00e3o falhar nem o mais \u00ednfimo detalhe, compre <b> Network Storage Qnap TVS-H874T-I9-64G Black <\/b> a um pre\u00e7o imbat\u00edvel.<\/p>\n<p>O <b>QNAP TVS-H874T-I9-64G<\/b> is a <b>network-attached storage (NAS)<\/b> device designed for home users seeking high performance and reliability in a personal server solution. This compact <b>preto<\/b> tower model features a powerful <b>Intel\u00ae Core\u2122 i9<\/b> processor, ensuring advanced processing capabilities for data management, applications, and network multimedia. It includes <b>64 GB of DDR4 internal memory<\/b>, enabling efficient multitasking and fast data access. Although the default installed storage capacity is <b>0 TB<\/b>, this unit supports hard drives and solid-state drives (<b>HDD\/SSD<\/b>), allowing users to configure and expand the system as needed. The NAS offers multimedia connectivity via <b>HDMI<\/b>, enabling direct connection to displays for content playback or local management without relying on another computer, and also includes USB ports to expand connection and backup options. It is equipped with an accessible <b>power on\/off switch<\/b> and a <b>built-in display<\/b> that facilitates system monitoring and operational status. It runs on the <b>QNAP QTS<\/b> operating system, providing an intuitive interface and multiple apps for administration, security, storage, and data backup\u2014ideal for managing a home multimedia environment or a small work setting with the flexibility and security typical of a NAS. In short, the TVS-H874T-I9-64G is a robust and scalable solution combining the power of an Intel i9 processor with high memory capacity and flexible storage options, designed for demanding users who require advanced network storage with versatile connectivity.<\/p>\n<ul>\n<li>Produto com ficha: Sim<\/li>\n<li>Tipo de ficha: Ficha UE<\/li>\n<li>Fonte de alimenta\u00e7\u00e3o:\n<ul>\n<li>Rede El\u00e9trica<\/li>\n<li>350 W<\/li>\n<li>Inside<\/li>\n<\/ul>\n<\/li>\n<li>Tipo:\n<ul>\n<li>DDR4<\/li>\n<li>NAS<\/li>\n<li>Disco r\u00edgido<\/li>\n<li>HDD\/SSD<\/li>\n<\/ul>\n<\/li>\n<li>Cor: Preto<\/li>\n<li>Caracter\u00edsticas:\n<ul>\n<li>Built-in display<\/li>\n<li>On\/off interrupter<\/li>\n<li>Vibrator<\/li>\n<\/ul>\n<\/li>\n<li>Conex\u00f5es:\n<ul>\n<li>HDMI<\/li>\n<li>RJ45 x 2<\/li>\n<li>Ethernet LAN<\/li>\n<li>2<\/li>\n<li>SO-DIMM<\/li>\n<li>Sata II<\/li>\n<li>USB<\/li>\n<li>RJ45<\/li>\n<li>HDMI 1.4<\/li>\n<li>USB A 3.2 Gen 2 (3.1 Gen 2) x 2<\/li>\n<li>USB-C 3.2 Gen 2 (3.1 Gen 2)<\/li>\n<\/ul>\n<\/li>\n<li>Tens\u00e3o:\n<ul>\n<li>100-240 V<\/li>\n<li>100 \u2013 240 V<\/li>\n<\/ul>\n<\/li>\n<li>Compatible: HDD\/SSD<\/li>\n<li>Internal Memory: 64 GB<\/li>\n<li>Ventilator:\n<ul>\n<li>3<\/li>\n<li>12 cm<\/li>\n<\/ul>\n<\/li>\n<li>Rechargeable lithium battery: 350 mAh<\/li>\n<li>Connectivity: Ethernet LAN<\/li>\n<li>Memory Type: DDR4<\/li>\n<li>Technology: LCD<\/li>\n<li>Form factor: SO-DIMM<\/li>\n<li>Connectors: Kensington<\/li>\n<li>Memory: x 2<\/li>\n<li>Speed: 10\/100\/1000\/2500 Mbps<\/li>\n<li>Nuclei: 16 Nuclei<\/li>\n<li>Processor Family: Intel<\/li>\n<\/ul>","protected":false},"excerpt":{"rendered":"<p>If you&#8217;re passionate about IT and electronics, like being up to date on technology and don&#8217;t miss even the slightest details, buy Network Storage Qnap TVS-H874T-I9-64G Black at an unbeatable price. The QNAP TVS-H874T-I9-64G is a network-attached storage (NAS) device designed for home users seeking high performance and reliability in a personal server solution. This [&hellip;]<\/p>\n","protected":false},"featured_media":21433,"comment_status":"open","ping_status":"closed","template":"","meta":[],"product_brand":[646],"product_cat":[584,65,588],"product_tag":[106],"class_list":{"0":"post-21439","1":"product","2":"type-product","3":"status-publish","4":"has-post-thumbnail","6":"product_brand-brandp_4747","7":"product_cat-computer-networks-and-components","8":"product_cat-computers-electronics","9":"product_cat-hard-disks","10":"product_tag-tag_1295","12":"first","13":"instock","14":"taxable","15":"shipping-taxable","16":"purchasable","17":"product-type-simple"},"yoast_head":"<!-- This site is optimized with the Yoast SEO plugin v27.5 - https:\/\/yoast.com\/product\/yoast-seo-wordpress\/ -->\n<title>Network Storage Qnap TVS-H874T-I9-64G Black - Tupique<\/title>\n<meta name=\"robots\" content=\"index, follow, max-snippet:-1, max-image-preview:large, max-video-preview:-1\" \/>\n<link rel=\"canonical\" href=\"https:\/\/tupique.com\/pt\/product\/network-storage-qnap-tvs-h874t-i9-64g-black\/\" \/>\n<meta property=\"og:locale\" content=\"pt_PT\" \/>\n<meta property=\"og:type\" content=\"article\" \/>\n<meta property=\"og:title\" content=\"Network Storage Qnap TVS-H874T-I9-64G Black - Tupique\" \/>\n<meta property=\"og:description\" content=\"If you&#8217;re passionate about IT and electronics, like being up to date on technology and don&#8217;t miss even the slightest details, buy Network Storage Qnap TVS-H874T-I9-64G Black at an unbeatable price. The QNAP TVS-H874T-I9-64G is a network-attached storage (NAS) device designed for home users seeking high performance and reliability in a personal server solution. This [&hellip;]\" \/>\n<meta property=\"og:url\" content=\"https:\/\/tupique.com\/pt\/product\/network-storage-qnap-tvs-h874t-i9-64g-black\/\" \/>\n<meta property=\"og:site_name\" content=\"Tupique\" \/>\n<meta property=\"article:modified_time\" content=\"2026-04-12T01:26:20+00:00\" \/>\n<meta property=\"og:image\" content=\"https:\/\/tupique.com\/wp-content\/uploads\/2026\/03\/888829680.jpg\" \/>\n\t<meta property=\"og:image:width\" content=\"1200\" \/>\n\t<meta property=\"og:image:height\" content=\"1200\" \/>\n\t<meta property=\"og:image:type\" content=\"image\/jpeg\" \/>\n<meta name=\"twitter:card\" content=\"summary_large_image\" \/>\n<meta name=\"twitter:label1\" content=\"Tempo estimado de leitura\" \/>\n\t<meta name=\"twitter:data1\" content=\"2 minutos\" \/>\n<script type=\"application\/ld+json\" class=\"yoast-schema-graph\">{\"@context\":\"https:\\\/\\\/schema.org\",\"@graph\":[{\"@type\":\"WebPage\",\"@id\":\"https:\\\/\\\/tupique.com\\\/product\\\/network-storage-qnap-tvs-h874t-i9-64g-black\\\/\",\"url\":\"https:\\\/\\\/tupique.com\\\/product\\\/network-storage-qnap-tvs-h874t-i9-64g-black\\\/\",\"name\":\"Network Storage Qnap TVS-H874T-I9-64G Black - Tupique\",\"isPartOf\":{\"@id\":\"https:\\\/\\\/tupique.com\\\/#website\"},\"primaryImageOfPage\":{\"@id\":\"https:\\\/\\\/tupique.com\\\/product\\\/network-storage-qnap-tvs-h874t-i9-64g-black\\\/#primaryimage\"},\"image\":{\"@id\":\"https:\\\/\\\/tupique.com\\\/product\\\/network-storage-qnap-tvs-h874t-i9-64g-black\\\/#primaryimage\"},\"thumbnailUrl\":\"https:\\\/\\\/tupique.com\\\/wp-content\\\/uploads\\\/2026\\\/03\\\/888829680.jpg\",\"datePublished\":\"2026-03-29T16:52:13+00:00\",\"dateModified\":\"2026-04-12T01:26:20+00:00\",\"breadcrumb\":{\"@id\":\"https:\\\/\\\/tupique.com\\\/product\\\/network-storage-qnap-tvs-h874t-i9-64g-black\\\/#breadcrumb\"},\"inLanguage\":\"pt-PT\",\"potentialAction\":[{\"@type\":\"ReadAction\",\"target\":[\"https:\\\/\\\/tupique.com\\\/product\\\/network-storage-qnap-tvs-h874t-i9-64g-black\\\/\"]}]},{\"@type\":\"ImageObject\",\"inLanguage\":\"pt-PT\",\"@id\":\"https:\\\/\\\/tupique.com\\\/product\\\/network-storage-qnap-tvs-h874t-i9-64g-black\\\/#primaryimage\",\"url\":\"https:\\\/\\\/tupique.com\\\/wp-content\\\/uploads\\\/2026\\\/03\\\/888829680.jpg\",\"contentUrl\":\"https:\\\/\\\/tupique.com\\\/wp-content\\\/uploads\\\/2026\\\/03\\\/888829680.jpg\",\"width\":1200,\"height\":1200,\"caption\":\"S55250921_0\"},{\"@type\":\"BreadcrumbList\",\"@id\":\"https:\\\/\\\/tupique.com\\\/product\\\/network-storage-qnap-tvs-h874t-i9-64g-black\\\/#breadcrumb\",\"itemListElement\":[{\"@type\":\"ListItem\",\"position\":1,\"name\":\"commencer\",\"item\":\"https:\\\/\\\/tupique.com\\\/\"},{\"@type\":\"ListItem\",\"position\":2,\"name\":\"Loja\",\"item\":\"https:\\\/\\\/tupique.com\\\/loja\\\/\"},{\"@type\":\"ListItem\",\"position\":3,\"name\":\"Network Storage Qnap TVS-H874T-I9-64G Black\"}]},{\"@type\":\"WebSite\",\"@id\":\"https:\\\/\\\/tupique.com\\\/#website\",\"url\":\"https:\\\/\\\/tupique.com\\\/\",\"name\":\"Tupique\",\"description\":\"\",\"publisher\":{\"@id\":\"https:\\\/\\\/tupique.com\\\/#organization\"},\"potentialAction\":[{\"@type\":\"SearchAction\",\"target\":{\"@type\":\"EntryPoint\",\"urlTemplate\":\"https:\\\/\\\/tupique.com\\\/?s={search_term_string}\"},\"query-input\":{\"@type\":\"PropertyValueSpecification\",\"valueRequired\":true,\"valueName\":\"search_term_string\"}}],\"inLanguage\":\"pt-PT\"},{\"@type\":\"Organization\",\"@id\":\"https:\\\/\\\/tupique.com\\\/#organization\",\"name\":\"Tupique\",\"url\":\"https:\\\/\\\/tupique.com\\\/\",\"logo\":{\"@type\":\"ImageObject\",\"inLanguage\":\"pt-PT\",\"@id\":\"https:\\\/\\\/tupique.com\\\/#\\\/schema\\\/logo\\\/image\\\/\",\"url\":\"https:\\\/\\\/tupique.com\\\/wp-content\\\/uploads\\\/2026\\\/03\\\/logo-tupique-1.webp\",\"contentUrl\":\"https:\\\/\\\/tupique.com\\\/wp-content\\\/uploads\\\/2026\\\/03\\\/logo-tupique-1.webp\",\"width\":500,\"height\":67,\"caption\":\"Tupique\"},\"image\":{\"@id\":\"https:\\\/\\\/tupique.com\\\/#\\\/schema\\\/logo\\\/image\\\/\"}}]}<\/script>\n<!-- \/ Yoast SEO plugin. -->","yoast_head_json":{"title":"Network Storage Qnap TVS-H874T-I9-64G Black - Tupique","robots":{"index":"index","follow":"follow","max-snippet":"max-snippet:-1","max-image-preview":"max-image-preview:large","max-video-preview":"max-video-preview:-1"},"canonical":"https:\/\/tupique.com\/pt\/product\/network-storage-qnap-tvs-h874t-i9-64g-black\/","og_locale":"pt_PT","og_type":"article","og_title":"Network Storage Qnap TVS-H874T-I9-64G Black - Tupique","og_description":"If you&#8217;re passionate about IT and electronics, like being up to date on technology and don&#8217;t miss even the slightest details, buy Network Storage Qnap TVS-H874T-I9-64G Black at an unbeatable price. The QNAP TVS-H874T-I9-64G is a network-attached storage (NAS) device designed for home users seeking high performance and reliability in a personal server solution. This [&hellip;]","og_url":"https:\/\/tupique.com\/pt\/product\/network-storage-qnap-tvs-h874t-i9-64g-black\/","og_site_name":"Tupique","article_modified_time":"2026-04-12T01:26:20+00:00","og_image":[{"width":1200,"height":1200,"url":"https:\/\/tupique.com\/wp-content\/uploads\/2026\/03\/888829680.jpg","type":"image\/jpeg"}],"twitter_card":"summary_large_image","twitter_misc":{"Tempo estimado de leitura":"2 minutos"},"schema":{"@context":"https:\/\/schema.org","@graph":[{"@type":"WebPage","@id":"https:\/\/tupique.com\/product\/network-storage-qnap-tvs-h874t-i9-64g-black\/","url":"https:\/\/tupique.com\/product\/network-storage-qnap-tvs-h874t-i9-64g-black\/","name":"Network Storage Qnap TVS-H874T-I9-64G Black - Tupique","isPartOf":{"@id":"https:\/\/tupique.com\/#website"},"primaryImageOfPage":{"@id":"https:\/\/tupique.com\/product\/network-storage-qnap-tvs-h874t-i9-64g-black\/#primaryimage"},"image":{"@id":"https:\/\/tupique.com\/product\/network-storage-qnap-tvs-h874t-i9-64g-black\/#primaryimage"},"thumbnailUrl":"https:\/\/tupique.com\/wp-content\/uploads\/2026\/03\/888829680.jpg","datePublished":"2026-03-29T16:52:13+00:00","dateModified":"2026-04-12T01:26:20+00:00","breadcrumb":{"@id":"https:\/\/tupique.com\/product\/network-storage-qnap-tvs-h874t-i9-64g-black\/#breadcrumb"},"inLanguage":"pt-PT","potentialAction":[{"@type":"ReadAction","target":["https:\/\/tupique.com\/product\/network-storage-qnap-tvs-h874t-i9-64g-black\/"]}]},{"@type":"ImageObject","inLanguage":"pt-PT","@id":"https:\/\/tupique.com\/product\/network-storage-qnap-tvs-h874t-i9-64g-black\/#primaryimage","url":"https:\/\/tupique.com\/wp-content\/uploads\/2026\/03\/888829680.jpg","contentUrl":"https:\/\/tupique.com\/wp-content\/uploads\/2026\/03\/888829680.jpg","width":1200,"height":1200,"caption":"S55250921_0"},{"@type":"BreadcrumbList","@id":"https:\/\/tupique.com\/product\/network-storage-qnap-tvs-h874t-i9-64g-black\/#breadcrumb","itemListElement":[{"@type":"ListItem","position":1,"name":"commencer","item":"https:\/\/tupique.com\/"},{"@type":"ListItem","position":2,"name":"Loja","item":"https:\/\/tupique.com\/loja\/"},{"@type":"ListItem","position":3,"name":"Network Storage Qnap TVS-H874T-I9-64G Black"}]},{"@type":"WebSite","@id":"https:\/\/tupique.com\/#website","url":"https:\/\/tupique.com\/","name":"Tupique","description":"","publisher":{"@id":"https:\/\/tupique.com\/#organization"},"potentialAction":[{"@type":"SearchAction","target":{"@type":"EntryPoint","urlTemplate":"https:\/\/tupique.com\/?s={search_term_string}"},"query-input":{"@type":"PropertyValueSpecification","valueRequired":true,"valueName":"search_term_string"}}],"inLanguage":"pt-PT"},{"@type":"Organization","@id":"https:\/\/tupique.com\/#organization","name":"Tupique","url":"https:\/\/tupique.com\/","logo":{"@type":"ImageObject","inLanguage":"pt-PT","@id":"https:\/\/tupique.com\/#\/schema\/logo\/image\/","url":"https:\/\/tupique.com\/wp-content\/uploads\/2026\/03\/logo-tupique-1.webp","contentUrl":"https:\/\/tupique.com\/wp-content\/uploads\/2026\/03\/logo-tupique-1.webp","width":500,"height":67,"caption":"Tupique"},"image":{"@id":"https:\/\/tupique.com\/#\/schema\/logo\/image\/"}}]}},"_links":{"self":[{"href":"https:\/\/tupique.com\/pt\/wp-json\/wp\/v2\/product\/21439","targetHints":{"allow":["GET"]}}],"collection":[{"href":"https:\/\/tupique.com\/pt\/wp-json\/wp\/v2\/product"}],"about":[{"href":"https:\/\/tupique.com\/pt\/wp-json\/wp\/v2\/types\/product"}],"replies":[{"embeddable":true,"href":"https:\/\/tupique.com\/pt\/wp-json\/wp\/v2\/comments?post=21439"}],"wp:featuredmedia":[{"embeddable":true,"href":"https:\/\/tupique.com\/pt\/wp-json\/wp\/v2\/media\/21433"}],"wp:attachment":[{"href":"https:\/\/tupique.com\/pt\/wp-json\/wp\/v2\/media?parent=21439"}],"wp:term":[{"taxonomy":"product_brand","embeddable":true,"href":"https:\/\/tupique.com\/pt\/wp-json\/wp\/v2\/product_brand?post=21439"},{"taxonomy":"product_cat","embeddable":true,"href":"https:\/\/tupique.com\/pt\/wp-json\/wp\/v2\/product_cat?post=21439"},{"taxonomy":"product_tag","embeddable":true,"href":"https:\/\/tupique.com\/pt\/wp-json\/wp\/v2\/product_tag?post=21439"}],"curies":[{"name":"wp","href":"https:\/\/api.w.org\/{rel}","templated":true}]}}