{"id":215981,"date":"2026-05-15T02:29:38","date_gmt":"2026-05-15T00:29:38","guid":{"rendered":"https:\/\/tupique.com\/product\/bestway-lunettes-de-natation-pour-enfants-en-silicone-mickey-friends-3-ans-plage-et-piscine-09110\/"},"modified":"2026-05-15T02:37:08","modified_gmt":"2026-05-15T00:37:08","slug":"bestway-lunettes-de-natation-pour-enfants-en-silicone-mickey-friends-3-ans-plage-et-piscine-09110","status":"publish","type":"product","link":"https:\/\/tupique.com\/pt\/product\/bestway-lunettes-de-natation-pour-enfants-en-silicone-mickey-friends-3-ans-plage-et-piscine-09110\/","title":{"rendered":"Bestway Lunettes de natation pour enfants en silicone Mickey &amp; Friends +3 ans Plage et Piscine 09110"},"content":{"rendered":"<p>Restez en forme et d\u00e9couvrez les derni\u00e8res nouveaut\u00e9s du secteur pour faire du sport avec les meilleures garanties ! Achetez <b>Lunettes de bain Bestway Jaune<\/b> au meilleur prix et profitez d&#8217;une vie saine !<\/p>\n<p>Les <b>lunettes de natation pour enfants<\/b> de Bestway sont le compl\u00e9ment parfait pour am\u00e9liorer l&#8217;exp\u00e9rience aquatique des plus petits, con\u00e7ues sp\u00e9cialement pour les enfants de 3 \u00e0 6 ans. Avec un attrayant <b>design Mickey &amp; Friends<\/b>, ces lunettes ne sont pas seulement fonctionnelles, mais offrent \u00e9galement un aspect amusant et color\u00e9. Disponibles en <b>couleur jaune<\/b> e <b>multicolore<\/b>, elles garantissent que chaque enfant puisse trouver son style pr\u00e9f\u00e9r\u00e9. De plus, leur design <b>unisex<\/b> les rend adapt\u00e9es \u00e0 tous, favorisant le plaisir dans l&#8217;eau sans distinction. Le confort est essentiel dans ces lunettes, qui disposent d&#8217;un ajustement s\u00e9curis\u00e9 pour \u00e9viter les fuites d&#8217;eau, permettant aux petits de se concentrer sur leurs aventures aquatiques \u00e0 la piscine ou \u00e0 la plage. Que ce soit pour apprendre \u00e0 nager ou pour faire des sauts et des plong\u00e9es, les lunettes de Bestway sont un accessoire essentiel pour la natation, offrant non seulement une protection oculaire mais aussi de la confiance aux enfants tout en se familiarisant avec le milieu aquatique. Avec ces lunettes, chaque sortie dans l&#8217;eau devient une exploration passionnante.<\/p>\n<ul>\n<li>Type: Masque de plong\u00e9e<\/li>\n<li>Mati\u00e8re:\n<ul>\n<li>Silicone<\/li>\n<li>Polycarbonate<\/li>\n<\/ul>\n<\/li>\n<li>Caracter\u00edsticas:\n<ul>\n<li>Protection contre les UV<\/li>\n<li>Nettoyage par chiffon humide<\/li>\n<\/ul>\n<\/li>\n<li>Utiliza\u00e7\u00e3o recomendada:\n<ul>\n<li>Plage<\/li>\n<li>Ext\u00e9rieur<\/li>\n<li>Camping<\/li>\n<\/ul>\n<\/li>\n<li>Couleur: Jaune<\/li>\n<li>Idade recomendada:\n<ul>\n<li>+ 3 ans<\/li>\n<li>Enfants<\/li>\n<\/ul>\n<\/li>\n<li>Genre:\n<ul>\n<li>Adultes unisexes<\/li>\n<li>Unisexe<\/li>\n<\/ul>\n<\/li>\n<\/ul>\n<p>Informations importantes: Sans latex.<\/p>","protected":false},"excerpt":{"rendered":"<p>Restez en forme et d\u00e9couvrez les derni\u00e8res nouveaut\u00e9s du secteur pour faire du sport avec les meilleures garanties ! Achetez Lunettes de bain Bestway Jaune au meilleur prix et profitez d&#8217;une vie saine ! Les lunettes de natation pour enfants de Bestway sont le compl\u00e9ment parfait pour am\u00e9liorer l&#8217;exp\u00e9rience aquatique des plus petits, con\u00e7ues sp\u00e9cialement [&hellip;]<\/p>\n","protected":false},"featured_media":215966,"comment_status":"open","ping_status":"closed","template":"","meta":[],"product_brand":[1771],"product_cat":[2773,2270,1764],"product_tag":[721,1816,163],"woo-feed-brand":[],"class_list":{"0":"post-215981","1":"product","2":"type-product","3":"status-publish","4":"has-post-thumbnail","6":"product_brand-brandp_520","7":"product_cat-lunettes-de-natation","8":"product_cat-natation","9":"product_cat-sports-loisirs","10":"product_tag-tag_124","11":"product_tag-tag_1272","12":"product_tag-tag_17","14":"first","15":"instock","16":"taxable","17":"shipping-taxable","18":"purchasable","19":"product-type-simple"},"yoast_head":"<!-- This site is optimized with the Yoast SEO plugin v27.6 - https:\/\/yoast.com\/product\/yoast-seo-wordpress\/ -->\n<title>Bestway Lunettes de natation pour enfants en silicone Mickey &amp; Friends +3 ans Plage et Piscine 09110 | | Tupique<\/title>\n<meta name=\"description\" content=\"Envie d&#039;acheter Bestway Lunettes de natation pour enfants en silicone Mickey &amp; Friends +3 ans Plage et Piscine 09110\u00a0? Achetez Bestway Lunettes de natation pour enfants en silicone Mickey &amp; Friends +3 ans Plage et Piscine 09110 maintenant avec Tupique en 3 versements sans int\u00e9r\u00eat.\" \/>\n<meta name=\"robots\" content=\"index, follow, max-snippet:-1, max-image-preview:large, max-video-preview:-1\" \/>\n<link rel=\"canonical\" href=\"https:\/\/tupique.com\/pt\/product\/bestway-lunettes-de-natation-pour-enfants-en-silicone-mickey-friends-3-ans-plage-et-piscine-09110\/\" \/>\n<meta property=\"og:locale\" content=\"pt_PT\" \/>\n<meta property=\"og:type\" content=\"article\" \/>\n<meta property=\"og:title\" content=\"Bestway Lunettes de natation pour enfants en silicone Mickey &amp; Friends +3 ans Plage et Piscine 09110 | | Tupique\" \/>\n<meta property=\"og:description\" content=\"Envie d&#039;acheter Bestway Lunettes de natation pour enfants en silicone Mickey &amp; Friends +3 ans Plage et Piscine 09110\u00a0? Achetez Bestway Lunettes de natation pour enfants en silicone Mickey &amp; Friends +3 ans Plage et Piscine 09110 maintenant avec Tupique en 3 versements sans int\u00e9r\u00eat.\" \/>\n<meta property=\"og:url\" content=\"https:\/\/tupique.com\/pt\/product\/bestway-lunettes-de-natation-pour-enfants-en-silicone-mickey-friends-3-ans-plage-et-piscine-09110\/\" \/>\n<meta property=\"og:site_name\" content=\"Tupique\" \/>\n<meta property=\"article:modified_time\" content=\"2026-05-15T00:37:08+00:00\" \/>\n<meta property=\"og:image\" content=\"https:\/\/tupique.com\/wp-content\/uploads\/2026\/05\/6941607356135_I00.jpg\" \/>\n\t<meta property=\"og:image:width\" content=\"1200\" \/>\n\t<meta property=\"og:image:height\" content=\"1200\" \/>\n\t<meta property=\"og:image:type\" content=\"image\/jpeg\" \/>\n<meta name=\"twitter:card\" content=\"summary_large_image\" \/>\n<meta name=\"twitter:label1\" content=\"Tempo estimado de leitura\" \/>\n\t<meta name=\"twitter:data1\" content=\"1 minuto\" \/>\n<script type=\"application\/ld+json\" class=\"yoast-schema-graph\">{\"@context\":\"https:\\\/\\\/schema.org\",\"@graph\":[{\"@type\":\"WebPage\",\"@id\":\"https:\\\/\\\/tupique.com\\\/product\\\/bestway-lunettes-de-natation-pour-enfants-en-silicone-mickey-friends-3-ans-plage-et-piscine-09110\\\/\",\"url\":\"https:\\\/\\\/tupique.com\\\/product\\\/bestway-lunettes-de-natation-pour-enfants-en-silicone-mickey-friends-3-ans-plage-et-piscine-09110\\\/\",\"name\":\"Bestway Lunettes de natation pour enfants en silicone Mickey &amp; Friends +3 ans Plage et Piscine 09110 | | Tupique\",\"isPartOf\":{\"@id\":\"https:\\\/\\\/tupique.com\\\/#website\"},\"primaryImageOfPage\":{\"@id\":\"https:\\\/\\\/tupique.com\\\/product\\\/bestway-lunettes-de-natation-pour-enfants-en-silicone-mickey-friends-3-ans-plage-et-piscine-09110\\\/#primaryimage\"},\"image\":{\"@id\":\"https:\\\/\\\/tupique.com\\\/product\\\/bestway-lunettes-de-natation-pour-enfants-en-silicone-mickey-friends-3-ans-plage-et-piscine-09110\\\/#primaryimage\"},\"thumbnailUrl\":\"https:\\\/\\\/tupique.com\\\/wp-content\\\/uploads\\\/2026\\\/05\\\/6941607356135_I00.jpg\",\"datePublished\":\"2026-05-15T00:29:38+00:00\",\"dateModified\":\"2026-05-15T00:37:08+00:00\",\"description\":\"Envie d'acheter Bestway Lunettes de natation pour enfants en silicone Mickey &amp; Friends +3 ans Plage et Piscine 09110\u00a0? Achetez Bestway Lunettes de natation pour enfants en silicone Mickey &amp; Friends +3 ans Plage et Piscine 09110 maintenant avec Tupique en 3 versements sans int\u00e9r\u00eat.\",\"breadcrumb\":{\"@id\":\"https:\\\/\\\/tupique.com\\\/product\\\/bestway-lunettes-de-natation-pour-enfants-en-silicone-mickey-friends-3-ans-plage-et-piscine-09110\\\/#breadcrumb\"},\"inLanguage\":\"pt-PT\",\"potentialAction\":[{\"@type\":\"ReadAction\",\"target\":[\"https:\\\/\\\/tupique.com\\\/product\\\/bestway-lunettes-de-natation-pour-enfants-en-silicone-mickey-friends-3-ans-plage-et-piscine-09110\\\/\"]}]},{\"@type\":\"ImageObject\",\"inLanguage\":\"pt-PT\",\"@id\":\"https:\\\/\\\/tupique.com\\\/product\\\/bestway-lunettes-de-natation-pour-enfants-en-silicone-mickey-friends-3-ans-plage-et-piscine-09110\\\/#primaryimage\",\"url\":\"https:\\\/\\\/tupique.com\\\/wp-content\\\/uploads\\\/2026\\\/05\\\/6941607356135_I00.jpg\",\"contentUrl\":\"https:\\\/\\\/tupique.com\\\/wp-content\\\/uploads\\\/2026\\\/05\\\/6941607356135_I00.jpg\",\"width\":1200,\"height\":1200,\"caption\":\"D1400931_0\"},{\"@type\":\"BreadcrumbList\",\"@id\":\"https:\\\/\\\/tupique.com\\\/product\\\/bestway-lunettes-de-natation-pour-enfants-en-silicone-mickey-friends-3-ans-plage-et-piscine-09110\\\/#breadcrumb\",\"itemListElement\":[{\"@type\":\"ListItem\",\"position\":1,\"name\":\"commencer\",\"item\":\"https:\\\/\\\/tupique.com\\\/\"},{\"@type\":\"ListItem\",\"position\":2,\"name\":\"Loja\",\"item\":\"https:\\\/\\\/tupique.com\\\/pt\\\/loja\\\/\"},{\"@type\":\"ListItem\",\"position\":3,\"name\":\"Bestway Lunettes de natation pour enfants en silicone Mickey &amp; Friends +3 ans Plage et Piscine 09110\"}]},{\"@type\":\"WebSite\",\"@id\":\"https:\\\/\\\/tupique.com\\\/#website\",\"url\":\"https:\\\/\\\/tupique.com\\\/\",\"name\":\"Tupique\",\"description\":\"\",\"publisher\":{\"@id\":\"https:\\\/\\\/tupique.com\\\/#organization\"},\"potentialAction\":[{\"@type\":\"SearchAction\",\"target\":{\"@type\":\"EntryPoint\",\"urlTemplate\":\"https:\\\/\\\/tupique.com\\\/?s={search_term_string}\"},\"query-input\":{\"@type\":\"PropertyValueSpecification\",\"valueRequired\":true,\"valueName\":\"search_term_string\"}}],\"inLanguage\":\"pt-PT\"},{\"@type\":\"Organization\",\"@id\":\"https:\\\/\\\/tupique.com\\\/#organization\",\"name\":\"Tupique\",\"url\":\"https:\\\/\\\/tupique.com\\\/\",\"logo\":{\"@type\":\"ImageObject\",\"inLanguage\":\"pt-PT\",\"@id\":\"https:\\\/\\\/tupique.com\\\/#\\\/schema\\\/logo\\\/image\\\/\",\"url\":\"https:\\\/\\\/tupique.com\\\/wp-content\\\/uploads\\\/2026\\\/03\\\/logo-tupique-1.webp\",\"contentUrl\":\"https:\\\/\\\/tupique.com\\\/wp-content\\\/uploads\\\/2026\\\/03\\\/logo-tupique-1.webp\",\"width\":500,\"height\":67,\"caption\":\"Tupique\"},\"image\":{\"@id\":\"https:\\\/\\\/tupique.com\\\/#\\\/schema\\\/logo\\\/image\\\/\"}}]}<\/script>\n<!-- \/ Yoast SEO plugin. -->","yoast_head_json":{"title":"Bestway Lunettes de natation pour enfants en silicone Mickey &amp; Friends +3 ans Plage et Piscine 09110 | | Tupique","description":"Envie d'acheter Bestway Lunettes de natation pour enfants en silicone Mickey &amp; Friends +3 ans Plage et Piscine 09110\u00a0? Achetez Bestway Lunettes de natation pour enfants en silicone Mickey &amp; Friends +3 ans Plage et Piscine 09110 maintenant avec Tupique en 3 versements sans int\u00e9r\u00eat.","robots":{"index":"index","follow":"follow","max-snippet":"max-snippet:-1","max-image-preview":"max-image-preview:large","max-video-preview":"max-video-preview:-1"},"canonical":"https:\/\/tupique.com\/pt\/product\/bestway-lunettes-de-natation-pour-enfants-en-silicone-mickey-friends-3-ans-plage-et-piscine-09110\/","og_locale":"pt_PT","og_type":"article","og_title":"Bestway Lunettes de natation pour enfants en silicone Mickey &amp; Friends +3 ans Plage et Piscine 09110 | | Tupique","og_description":"Envie d'acheter Bestway Lunettes de natation pour enfants en silicone Mickey &amp; Friends +3 ans Plage et Piscine 09110\u00a0? Achetez Bestway Lunettes de natation pour enfants en silicone Mickey &amp; Friends +3 ans Plage et Piscine 09110 maintenant avec Tupique en 3 versements sans int\u00e9r\u00eat.","og_url":"https:\/\/tupique.com\/pt\/product\/bestway-lunettes-de-natation-pour-enfants-en-silicone-mickey-friends-3-ans-plage-et-piscine-09110\/","og_site_name":"Tupique","article_modified_time":"2026-05-15T00:37:08+00:00","og_image":[{"width":1200,"height":1200,"url":"https:\/\/tupique.com\/wp-content\/uploads\/2026\/05\/6941607356135_I00.jpg","type":"image\/jpeg"}],"twitter_card":"summary_large_image","twitter_misc":{"Tempo estimado de leitura":"1 minuto"},"schema":{"@context":"https:\/\/schema.org","@graph":[{"@type":"WebPage","@id":"https:\/\/tupique.com\/product\/bestway-lunettes-de-natation-pour-enfants-en-silicone-mickey-friends-3-ans-plage-et-piscine-09110\/","url":"https:\/\/tupique.com\/product\/bestway-lunettes-de-natation-pour-enfants-en-silicone-mickey-friends-3-ans-plage-et-piscine-09110\/","name":"Bestway Lunettes de natation pour enfants en silicone Mickey &amp; Friends +3 ans Plage et Piscine 09110 | | Tupique","isPartOf":{"@id":"https:\/\/tupique.com\/#website"},"primaryImageOfPage":{"@id":"https:\/\/tupique.com\/product\/bestway-lunettes-de-natation-pour-enfants-en-silicone-mickey-friends-3-ans-plage-et-piscine-09110\/#primaryimage"},"image":{"@id":"https:\/\/tupique.com\/product\/bestway-lunettes-de-natation-pour-enfants-en-silicone-mickey-friends-3-ans-plage-et-piscine-09110\/#primaryimage"},"thumbnailUrl":"https:\/\/tupique.com\/wp-content\/uploads\/2026\/05\/6941607356135_I00.jpg","datePublished":"2026-05-15T00:29:38+00:00","dateModified":"2026-05-15T00:37:08+00:00","description":"Envie d'acheter Bestway Lunettes de natation pour enfants en silicone Mickey &amp; Friends +3 ans Plage et Piscine 09110\u00a0? Achetez Bestway Lunettes de natation pour enfants en silicone Mickey &amp; Friends +3 ans Plage et Piscine 09110 maintenant avec Tupique en 3 versements sans int\u00e9r\u00eat.","breadcrumb":{"@id":"https:\/\/tupique.com\/product\/bestway-lunettes-de-natation-pour-enfants-en-silicone-mickey-friends-3-ans-plage-et-piscine-09110\/#breadcrumb"},"inLanguage":"pt-PT","potentialAction":[{"@type":"ReadAction","target":["https:\/\/tupique.com\/product\/bestway-lunettes-de-natation-pour-enfants-en-silicone-mickey-friends-3-ans-plage-et-piscine-09110\/"]}]},{"@type":"ImageObject","inLanguage":"pt-PT","@id":"https:\/\/tupique.com\/product\/bestway-lunettes-de-natation-pour-enfants-en-silicone-mickey-friends-3-ans-plage-et-piscine-09110\/#primaryimage","url":"https:\/\/tupique.com\/wp-content\/uploads\/2026\/05\/6941607356135_I00.jpg","contentUrl":"https:\/\/tupique.com\/wp-content\/uploads\/2026\/05\/6941607356135_I00.jpg","width":1200,"height":1200,"caption":"D1400931_0"},{"@type":"BreadcrumbList","@id":"https:\/\/tupique.com\/product\/bestway-lunettes-de-natation-pour-enfants-en-silicone-mickey-friends-3-ans-plage-et-piscine-09110\/#breadcrumb","itemListElement":[{"@type":"ListItem","position":1,"name":"commencer","item":"https:\/\/tupique.com\/"},{"@type":"ListItem","position":2,"name":"Loja","item":"https:\/\/tupique.com\/pt\/loja\/"},{"@type":"ListItem","position":3,"name":"Bestway Lunettes de natation pour enfants en silicone Mickey &amp; Friends +3 ans Plage et Piscine 09110"}]},{"@type":"WebSite","@id":"https:\/\/tupique.com\/#website","url":"https:\/\/tupique.com\/","name":"Tupique","description":"","publisher":{"@id":"https:\/\/tupique.com\/#organization"},"potentialAction":[{"@type":"SearchAction","target":{"@type":"EntryPoint","urlTemplate":"https:\/\/tupique.com\/?s={search_term_string}"},"query-input":{"@type":"PropertyValueSpecification","valueRequired":true,"valueName":"search_term_string"}}],"inLanguage":"pt-PT"},{"@type":"Organization","@id":"https:\/\/tupique.com\/#organization","name":"Tupique","url":"https:\/\/tupique.com\/","logo":{"@type":"ImageObject","inLanguage":"pt-PT","@id":"https:\/\/tupique.com\/#\/schema\/logo\/image\/","url":"https:\/\/tupique.com\/wp-content\/uploads\/2026\/03\/logo-tupique-1.webp","contentUrl":"https:\/\/tupique.com\/wp-content\/uploads\/2026\/03\/logo-tupique-1.webp","width":500,"height":67,"caption":"Tupique"},"image":{"@id":"https:\/\/tupique.com\/#\/schema\/logo\/image\/"}}]}},"_links":{"self":[{"href":"https:\/\/tupique.com\/pt\/wp-json\/wp\/v2\/product\/215981","targetHints":{"allow":["GET"]}}],"collection":[{"href":"https:\/\/tupique.com\/pt\/wp-json\/wp\/v2\/product"}],"about":[{"href":"https:\/\/tupique.com\/pt\/wp-json\/wp\/v2\/types\/product"}],"replies":[{"embeddable":true,"href":"https:\/\/tupique.com\/pt\/wp-json\/wp\/v2\/comments?post=215981"}],"wp:featuredmedia":[{"embeddable":true,"href":"https:\/\/tupique.com\/pt\/wp-json\/wp\/v2\/media\/215966"}],"wp:attachment":[{"href":"https:\/\/tupique.com\/pt\/wp-json\/wp\/v2\/media?parent=215981"}],"wp:term":[{"taxonomy":"product_brand","embeddable":true,"href":"https:\/\/tupique.com\/pt\/wp-json\/wp\/v2\/product_brand?post=215981"},{"taxonomy":"product_cat","embeddable":true,"href":"https:\/\/tupique.com\/pt\/wp-json\/wp\/v2\/product_cat?post=215981"},{"taxonomy":"product_tag","embeddable":true,"href":"https:\/\/tupique.com\/pt\/wp-json\/wp\/v2\/product_tag?post=215981"},{"taxonomy":"woo-feed-brand","embeddable":true,"href":"https:\/\/tupique.com\/pt\/wp-json\/wp\/v2\/woo-feed-brand?post=215981"}],"curies":[{"name":"wp","href":"https:\/\/api.w.org\/{rel}","templated":true}]}}