{"id":218038,"date":"2026-05-15T05:22:43","date_gmt":"2026-05-15T03:22:43","guid":{"rendered":"https:\/\/tupique.com\/product\/monture-de-lunettes-homme-polaroid-pld-d430\/"},"modified":"2026-05-15T05:33:06","modified_gmt":"2026-05-15T03:33:06","slug":"monture-de-lunettes-homme-polaroid-pld-d430","status":"publish","type":"product","link":"https:\/\/tupique.com\/pt\/product\/monture-de-lunettes-homme-polaroid-pld-d430\/","title":{"rendered":"Monture de Lunettes Homme Polaroid PLD D430"},"content":{"rendered":"<p>Si vous envisagez de renouveler votre garde-robe, achetez <b>Monture de Lunettes Homme Polaroid PLD D430<\/b> et d\u2019autres<b>produits Polaroid<\/b>! La meilleure qualit\u00e9 au meilleur prix est \u00e0 votre port\u00e9e!<\/p>\n<p>A <b>monture de lunettes pour homme<\/b> Polaroid PLD-D430-DLD affiche un design contemporain et fonctionnel, con\u00e7u pour ceux qui recherchent style et confort au quotidien. Fabriqu\u00e9e en <b>polyamide<\/b> e <b>r\u00e9sine<\/b>, deux mat\u00e9riaux reconnus pour leur <b>l\u00e9g\u00e8ret\u00e9<\/b> et leur excellente r\u00e9sistance aux chocs, cette monture garantit durabilit\u00e9 et confort m\u00eame lors d\u2019un port prolong\u00e9. Sa teinte <b>verte<\/b> apporte une touche distinctive et moderne, id\u00e9ale pour ceux qui souhaitent se d\u00e9marquer avec discr\u00e9tion. Les <b>branches de 145 mm<\/b> assurent un maintien stable et ergonomique pour diff\u00e9rents types de visages masculins, tandis que le <b>pont de 16 mm<\/b> offre un appui \u00e9quilibr\u00e9 sur le nez, am\u00e9liorant le confort lors d\u2019une utilisation prolong\u00e9e. Sa fabrication en Chine respecte les processus de qualit\u00e9 habituels de la marque Polaroid, garantissant des standards fiables pour chaque composant. Cette <b>monture de lunettes<\/b> r\u00e9pond aux attentes de praticit\u00e9, d\u2019ajustement pr\u00e9cis et de design diff\u00e9renci\u00e9 dans le segment optique masculin, repr\u00e9sentant une solution fonctionnelle et moderne pour ceux qui appr\u00e9cient \u00e0 la fois l\u2019esth\u00e9tique et la qualit\u00e9 dans leurs accessoires quotidiens.<\/p>\n<ul>\n<li>Couleur: mint green<\/li>\n<li>Paire de lunettes: \u00f8 56 mm<\/li>\n<li>Caract\u00e9ristiques: Verres sans graduation<\/li>\n<li>Inclut: Inclut un \u00e9tui ou une housse de la marque<\/li>\n<li>Branches: 145 mm<\/li>\n<li>Pont: 16 mm<\/li>\n<li>Mati\u00e8re: Polyamide<\/li>\n<li>Genre: Homme<\/li>\n<li>Type: Monture de Lunettes<\/li>\n<li>Type de verre: Lentilles sans ordonnance<\/li>\n<\/ul>","protected":false},"excerpt":{"rendered":"<p>Si vous envisagez de renouveler votre garde-robe, achetez Monture de Lunettes Homme Polaroid PLD D430 et d\u2019autresproduits Polaroid! La meilleure qualit\u00e9 au meilleur prix est \u00e0 votre port\u00e9e! La monture de lunettes pour homme Polaroid PLD-D430-DLD affiche un design contemporain et fonctionnel, con\u00e7u pour ceux qui recherchent style et confort au quotidien. Fabriqu\u00e9e en polyamide [&hellip;]<\/p>\n","protected":false},"featured_media":218037,"comment_status":"open","ping_status":"closed","template":"","meta":[],"product_brand":[2514],"product_cat":[776,777,752],"product_tag":[723],"woo-feed-brand":[],"class_list":{"0":"post-218038","1":"product","2":"type-product","3":"status-publish","4":"has-post-thumbnail","6":"product_brand-brandp_1244","7":"product_cat-detente-et-bien-etre","8":"product_cat-lunettes-de-lecture-et-lunettes-loupes","9":"product_cat-sante-beaute","10":"product_tag-tag_1273","12":"first","13":"instock","14":"taxable","15":"shipping-taxable","16":"purchasable","17":"product-type-simple"},"yoast_head":"<!-- This site is optimized with the Yoast SEO plugin v27.6 - https:\/\/yoast.com\/product\/yoast-seo-wordpress\/ -->\n<title>Monture de Lunettes Homme Polaroid PLD D430 | | Tupique<\/title>\n<meta name=\"description\" content=\"Envie d&#039;acheter Monture de Lunettes Homme Polaroid PLD D430\u00a0? Achetez Monture de Lunettes Homme Polaroid PLD D430 maintenant avec Tupique en 3 versements sans int\u00e9r\u00eat.\" \/>\n<meta name=\"robots\" content=\"index, follow, max-snippet:-1, max-image-preview:large, max-video-preview:-1\" \/>\n<link rel=\"canonical\" href=\"https:\/\/tupique.com\/pt\/product\/monture-de-lunettes-homme-polaroid-pld-d430\/\" \/>\n<meta property=\"og:locale\" content=\"pt_PT\" \/>\n<meta property=\"og:type\" content=\"article\" \/>\n<meta property=\"og:title\" content=\"Monture de Lunettes Homme Polaroid PLD D430 | | Tupique\" \/>\n<meta property=\"og:description\" content=\"Envie d&#039;acheter Monture de Lunettes Homme Polaroid PLD D430\u00a0? Achetez Monture de Lunettes Homme Polaroid PLD D430 maintenant avec Tupique en 3 versements sans int\u00e9r\u00eat.\" \/>\n<meta property=\"og:url\" content=\"https:\/\/tupique.com\/pt\/product\/monture-de-lunettes-homme-polaroid-pld-d430\/\" \/>\n<meta property=\"og:site_name\" content=\"Tupique\" \/>\n<meta property=\"article:modified_time\" content=\"2026-05-15T03:33:06+00:00\" \/>\n<meta name=\"twitter:card\" content=\"summary_large_image\" \/>\n<meta name=\"twitter:label1\" content=\"Tempo estimado de leitura\" \/>\n\t<meta name=\"twitter:data1\" content=\"1 minuto\" \/>\n<script type=\"application\/ld+json\" class=\"yoast-schema-graph\">{\"@context\":\"https:\\\/\\\/schema.org\",\"@graph\":[{\"@type\":\"WebPage\",\"@id\":\"https:\\\/\\\/tupique.com\\\/product\\\/monture-de-lunettes-homme-polaroid-pld-d430\\\/\",\"url\":\"https:\\\/\\\/tupique.com\\\/product\\\/monture-de-lunettes-homme-polaroid-pld-d430\\\/\",\"name\":\"Monture de Lunettes Homme Polaroid PLD D430 | | Tupique\",\"isPartOf\":{\"@id\":\"https:\\\/\\\/tupique.com\\\/#website\"},\"primaryImageOfPage\":{\"@id\":\"https:\\\/\\\/tupique.com\\\/product\\\/monture-de-lunettes-homme-polaroid-pld-d430\\\/#primaryimage\"},\"image\":{\"@id\":\"https:\\\/\\\/tupique.com\\\/product\\\/monture-de-lunettes-homme-polaroid-pld-d430\\\/#primaryimage\"},\"thumbnailUrl\":\"https:\\\/\\\/tupique.com\\\/wp-content\\\/uploads\\\/2026\\\/05\\\/0716736419992_S7296442_P00.jpg\",\"datePublished\":\"2026-05-15T03:22:43+00:00\",\"dateModified\":\"2026-05-15T03:33:06+00:00\",\"description\":\"Envie d'acheter Monture de Lunettes Homme Polaroid PLD D430\u00a0? Achetez Monture de Lunettes Homme Polaroid PLD D430 maintenant avec Tupique en 3 versements sans int\u00e9r\u00eat.\",\"breadcrumb\":{\"@id\":\"https:\\\/\\\/tupique.com\\\/product\\\/monture-de-lunettes-homme-polaroid-pld-d430\\\/#breadcrumb\"},\"inLanguage\":\"pt-PT\",\"potentialAction\":[{\"@type\":\"ReadAction\",\"target\":[\"https:\\\/\\\/tupique.com\\\/product\\\/monture-de-lunettes-homme-polaroid-pld-d430\\\/\"]}]},{\"@type\":\"ImageObject\",\"inLanguage\":\"pt-PT\",\"@id\":\"https:\\\/\\\/tupique.com\\\/product\\\/monture-de-lunettes-homme-polaroid-pld-d430\\\/#primaryimage\",\"url\":\"https:\\\/\\\/tupique.com\\\/wp-content\\\/uploads\\\/2026\\\/05\\\/0716736419992_S7296442_P00.jpg\",\"contentUrl\":\"https:\\\/\\\/tupique.com\\\/wp-content\\\/uploads\\\/2026\\\/05\\\/0716736419992_S7296442_P00.jpg\",\"width\":1200,\"height\":1200,\"caption\":\"S7296442_0\"},{\"@type\":\"BreadcrumbList\",\"@id\":\"https:\\\/\\\/tupique.com\\\/product\\\/monture-de-lunettes-homme-polaroid-pld-d430\\\/#breadcrumb\",\"itemListElement\":[{\"@type\":\"ListItem\",\"position\":1,\"name\":\"commencer\",\"item\":\"https:\\\/\\\/tupique.com\\\/\"},{\"@type\":\"ListItem\",\"position\":2,\"name\":\"Loja\",\"item\":\"https:\\\/\\\/tupique.com\\\/pt\\\/loja\\\/\"},{\"@type\":\"ListItem\",\"position\":3,\"name\":\"Monture de Lunettes Homme Polaroid PLD D430\"}]},{\"@type\":\"WebSite\",\"@id\":\"https:\\\/\\\/tupique.com\\\/#website\",\"url\":\"https:\\\/\\\/tupique.com\\\/\",\"name\":\"Tupique\",\"description\":\"\",\"publisher\":{\"@id\":\"https:\\\/\\\/tupique.com\\\/#organization\"},\"potentialAction\":[{\"@type\":\"SearchAction\",\"target\":{\"@type\":\"EntryPoint\",\"urlTemplate\":\"https:\\\/\\\/tupique.com\\\/?s={search_term_string}\"},\"query-input\":{\"@type\":\"PropertyValueSpecification\",\"valueRequired\":true,\"valueName\":\"search_term_string\"}}],\"inLanguage\":\"pt-PT\"},{\"@type\":\"Organization\",\"@id\":\"https:\\\/\\\/tupique.com\\\/#organization\",\"name\":\"Tupique\",\"url\":\"https:\\\/\\\/tupique.com\\\/\",\"logo\":{\"@type\":\"ImageObject\",\"inLanguage\":\"pt-PT\",\"@id\":\"https:\\\/\\\/tupique.com\\\/#\\\/schema\\\/logo\\\/image\\\/\",\"url\":\"https:\\\/\\\/tupique.com\\\/wp-content\\\/uploads\\\/2026\\\/03\\\/logo-tupique-1.webp\",\"contentUrl\":\"https:\\\/\\\/tupique.com\\\/wp-content\\\/uploads\\\/2026\\\/03\\\/logo-tupique-1.webp\",\"width\":500,\"height\":67,\"caption\":\"Tupique\"},\"image\":{\"@id\":\"https:\\\/\\\/tupique.com\\\/#\\\/schema\\\/logo\\\/image\\\/\"}}]}<\/script>\n<!-- \/ Yoast SEO plugin. -->","yoast_head_json":{"title":"Monture de Lunettes Homme Polaroid PLD D430 | | Tupique","description":"Envie d'acheter Monture de Lunettes Homme Polaroid PLD D430\u00a0? Achetez Monture de Lunettes Homme Polaroid PLD D430 maintenant avec Tupique en 3 versements sans int\u00e9r\u00eat.","robots":{"index":"index","follow":"follow","max-snippet":"max-snippet:-1","max-image-preview":"max-image-preview:large","max-video-preview":"max-video-preview:-1"},"canonical":"https:\/\/tupique.com\/pt\/product\/monture-de-lunettes-homme-polaroid-pld-d430\/","og_locale":"pt_PT","og_type":"article","og_title":"Monture de Lunettes Homme Polaroid PLD D430 | | Tupique","og_description":"Envie d'acheter Monture de Lunettes Homme Polaroid PLD D430\u00a0? Achetez Monture de Lunettes Homme Polaroid PLD D430 maintenant avec Tupique en 3 versements sans int\u00e9r\u00eat.","og_url":"https:\/\/tupique.com\/pt\/product\/monture-de-lunettes-homme-polaroid-pld-d430\/","og_site_name":"Tupique","article_modified_time":"2026-05-15T03:33:06+00:00","twitter_card":"summary_large_image","twitter_misc":{"Tempo estimado de leitura":"1 minuto"},"schema":{"@context":"https:\/\/schema.org","@graph":[{"@type":"WebPage","@id":"https:\/\/tupique.com\/product\/monture-de-lunettes-homme-polaroid-pld-d430\/","url":"https:\/\/tupique.com\/product\/monture-de-lunettes-homme-polaroid-pld-d430\/","name":"Monture de Lunettes Homme Polaroid PLD D430 | | Tupique","isPartOf":{"@id":"https:\/\/tupique.com\/#website"},"primaryImageOfPage":{"@id":"https:\/\/tupique.com\/product\/monture-de-lunettes-homme-polaroid-pld-d430\/#primaryimage"},"image":{"@id":"https:\/\/tupique.com\/product\/monture-de-lunettes-homme-polaroid-pld-d430\/#primaryimage"},"thumbnailUrl":"https:\/\/tupique.com\/wp-content\/uploads\/2026\/05\/0716736419992_S7296442_P00.jpg","datePublished":"2026-05-15T03:22:43+00:00","dateModified":"2026-05-15T03:33:06+00:00","description":"Envie d'acheter Monture de Lunettes Homme Polaroid PLD D430\u00a0? Achetez Monture de Lunettes Homme Polaroid PLD D430 maintenant avec Tupique en 3 versements sans int\u00e9r\u00eat.","breadcrumb":{"@id":"https:\/\/tupique.com\/product\/monture-de-lunettes-homme-polaroid-pld-d430\/#breadcrumb"},"inLanguage":"pt-PT","potentialAction":[{"@type":"ReadAction","target":["https:\/\/tupique.com\/product\/monture-de-lunettes-homme-polaroid-pld-d430\/"]}]},{"@type":"ImageObject","inLanguage":"pt-PT","@id":"https:\/\/tupique.com\/product\/monture-de-lunettes-homme-polaroid-pld-d430\/#primaryimage","url":"https:\/\/tupique.com\/wp-content\/uploads\/2026\/05\/0716736419992_S7296442_P00.jpg","contentUrl":"https:\/\/tupique.com\/wp-content\/uploads\/2026\/05\/0716736419992_S7296442_P00.jpg","width":1200,"height":1200,"caption":"S7296442_0"},{"@type":"BreadcrumbList","@id":"https:\/\/tupique.com\/product\/monture-de-lunettes-homme-polaroid-pld-d430\/#breadcrumb","itemListElement":[{"@type":"ListItem","position":1,"name":"commencer","item":"https:\/\/tupique.com\/"},{"@type":"ListItem","position":2,"name":"Loja","item":"https:\/\/tupique.com\/pt\/loja\/"},{"@type":"ListItem","position":3,"name":"Monture de Lunettes Homme Polaroid PLD D430"}]},{"@type":"WebSite","@id":"https:\/\/tupique.com\/#website","url":"https:\/\/tupique.com\/","name":"Tupique","description":"","publisher":{"@id":"https:\/\/tupique.com\/#organization"},"potentialAction":[{"@type":"SearchAction","target":{"@type":"EntryPoint","urlTemplate":"https:\/\/tupique.com\/?s={search_term_string}"},"query-input":{"@type":"PropertyValueSpecification","valueRequired":true,"valueName":"search_term_string"}}],"inLanguage":"pt-PT"},{"@type":"Organization","@id":"https:\/\/tupique.com\/#organization","name":"Tupique","url":"https:\/\/tupique.com\/","logo":{"@type":"ImageObject","inLanguage":"pt-PT","@id":"https:\/\/tupique.com\/#\/schema\/logo\/image\/","url":"https:\/\/tupique.com\/wp-content\/uploads\/2026\/03\/logo-tupique-1.webp","contentUrl":"https:\/\/tupique.com\/wp-content\/uploads\/2026\/03\/logo-tupique-1.webp","width":500,"height":67,"caption":"Tupique"},"image":{"@id":"https:\/\/tupique.com\/#\/schema\/logo\/image\/"}}]}},"_links":{"self":[{"href":"https:\/\/tupique.com\/pt\/wp-json\/wp\/v2\/product\/218038","targetHints":{"allow":["GET"]}}],"collection":[{"href":"https:\/\/tupique.com\/pt\/wp-json\/wp\/v2\/product"}],"about":[{"href":"https:\/\/tupique.com\/pt\/wp-json\/wp\/v2\/types\/product"}],"replies":[{"embeddable":true,"href":"https:\/\/tupique.com\/pt\/wp-json\/wp\/v2\/comments?post=218038"}],"wp:featuredmedia":[{"embeddable":true,"href":"https:\/\/tupique.com\/pt\/wp-json\/wp\/v2\/media\/218037"}],"wp:attachment":[{"href":"https:\/\/tupique.com\/pt\/wp-json\/wp\/v2\/media?parent=218038"}],"wp:term":[{"taxonomy":"product_brand","embeddable":true,"href":"https:\/\/tupique.com\/pt\/wp-json\/wp\/v2\/product_brand?post=218038"},{"taxonomy":"product_cat","embeddable":true,"href":"https:\/\/tupique.com\/pt\/wp-json\/wp\/v2\/product_cat?post=218038"},{"taxonomy":"product_tag","embeddable":true,"href":"https:\/\/tupique.com\/pt\/wp-json\/wp\/v2\/product_tag?post=218038"},{"taxonomy":"woo-feed-brand","embeddable":true,"href":"https:\/\/tupique.com\/pt\/wp-json\/wp\/v2\/woo-feed-brand?post=218038"}],"curies":[{"name":"wp","href":"https:\/\/api.w.org\/{rel}","templated":true}]}}