{"id":219207,"date":"2026-05-15T07:01:35","date_gmt":"2026-05-15T05:01:35","guid":{"rendered":"https:\/\/tupique.com\/product\/lunette-de-montre-marc-coblen-b45-n227\/"},"modified":"2026-05-15T07:01:35","modified_gmt":"2026-05-15T05:01:35","slug":"lunette-de-montre-marc-coblen-b45-n227","status":"publish","type":"product","link":"https:\/\/tupique.com\/pt\/product\/lunette-de-montre-marc-coblen-b45-n227\/","title":{"rendered":"Lunette de montre Marc Coblen B45-N227"},"content":{"rendered":"<p>Si vous aimez suivre les derni\u00e8res tendances en mati\u00e8re de mode et accessoires, achetez <b>Lunette de montre Marc Coblen B45-N227<\/b> au meilleur prix.<\/p>\n<p>Ler <b>Bisel para Reloj B45-N227<\/b> de la marque <b>Marc Coblen<\/b> est un accessoire con\u00e7u sp\u00e9cifiquement pour les hommes cherchant \u00e0 allier fonctionnalit\u00e9 et durabilit\u00e9 dans leur montre. Fabriqu\u00e9 en <b>acier inoxydable<\/b>, ce bisel se distingue par sa r\u00e9sistance \u00e0 la corrosion et sa capacit\u00e9 \u00e0 conserver une finition impeccable m\u00eame apr\u00e8s un usage prolong\u00e9, garantissant ainsi une meilleure long\u00e9vit\u00e9 de la montre. Sa teinte <b>orange<\/b> apporte non seulement une touche moderne et dynamique au design, mais facilite aussi la lisibilit\u00e9 et la diff\u00e9renciation par rapport aux autres composants de la montre, notamment en conditions de faible luminosit\u00e9. Originaire de <b>Chine<\/b> et couvert par la garantie du fabricant, ce mod\u00e8le allie qualit\u00e9 et style robuste, pens\u00e9 pour un public masculin, adapt\u00e9 aux montres destin\u00e9es \u00e0 un usage quotidien ou \u00e0 des activit\u00e9s n\u00e9cessitant un composant fiable et r\u00e9sistant. Le bisel B45-N227 repr\u00e9sente une solution pratique pour personnaliser et entretenir les montres, offrant un \u00e9quilibre entre esth\u00e9tique et fonctionnalit\u00e9 gr\u00e2ce \u00e0 l\u2019emploi de mat\u00e9riaux de haute qualit\u00e9 comme l\u2019acier inoxydable. Ce produit constitue une option solide pour renouveler ou am\u00e9liorer l\u2019aspect et la dur\u00e9e de vie de votre montre-bracelet.<\/p>\n<ul>\n<li>Genre: Homme<\/li>\n<li>Type: Lunette de montre<\/li>\n<li>Diam\u00e8tre du bo\u00eetier de la montre: \u00d8 44 mm<\/li>\n<li>Inclut: Inclut un \u00e9tui ou une housse de la marque<\/li>\n<li>Mat\u00e9riau du bo\u00eetier de la montre: Acier inoxydable<\/li>\n<li>Couleur du bo\u00eetier de l&#8217;horloge: Orange<\/li>\n<li>Mati\u00e8re: Plastique<\/li>\n<li>Mat\u00e9riau du bracelet: Acier inoxydable<\/li>\n<li>Materiau du bo\u00eetier: Acier inoxydable<\/li>\n<li>Couleur du bracelet: Multicouleur<\/li>\n<li>Type de garantie: Du fabriquant<\/li>\n<li>Diam\u00e8tre du bo\u00eetier: \u00d8 44 mm<\/li>\n<li>Poids: 100 g<\/li>\n<li>Type de fermeture: Fermeture \u00e0 charni\u00e8re<\/li>\n<\/ul>","protected":false},"excerpt":{"rendered":"<p>Si vous aimez suivre les derni\u00e8res tendances en mati\u00e8re de mode et accessoires, achetez Lunette de montre Marc Coblen B45-N227 au meilleur prix. Le Bisel para Reloj B45-N227 de la marque Marc Coblen est un accessoire con\u00e7u sp\u00e9cifiquement pour les hommes cherchant \u00e0 allier fonctionnalit\u00e9 et durabilit\u00e9 dans leur montre. Fabriqu\u00e9 en acier inoxydable, ce [&hellip;]<\/p>\n","protected":false},"featured_media":219204,"comment_status":"open","ping_status":"closed","template":"","meta":[],"product_brand":[3207],"product_cat":[613,239],"product_tag":[210],"woo-feed-brand":[],"class_list":{"0":"post-219207","1":"product","2":"type-product","3":"status-publish","4":"has-post-thumbnail","6":"product_brand-brandp_2668","7":"product_cat-bricolage-et-materiel","8":"product_cat-maison-jardin","9":"product_tag-tag_25","11":"first","12":"instock","13":"taxable","14":"shipping-taxable","15":"purchasable","16":"product-type-simple"},"yoast_head":"<!-- This site is optimized with the Yoast SEO plugin v27.6 - https:\/\/yoast.com\/product\/yoast-seo-wordpress\/ -->\n<title>Lunette de montre Marc Coblen B45-N227 | | Tupique<\/title>\n<meta name=\"description\" content=\"Envie d&#039;acheter Lunette de montre Marc Coblen B45-N227\u00a0? Achetez Lunette de montre Marc Coblen B45-N227 maintenant avec Tupique en 3 versements sans int\u00e9r\u00eat.\" \/>\n<meta name=\"robots\" content=\"index, follow, max-snippet:-1, max-image-preview:large, max-video-preview:-1\" \/>\n<link rel=\"canonical\" href=\"https:\/\/tupique.com\/pt\/product\/lunette-de-montre-marc-coblen-b45-n227\/\" \/>\n<meta property=\"og:locale\" content=\"pt_PT\" \/>\n<meta property=\"og:type\" content=\"article\" \/>\n<meta property=\"og:title\" content=\"Lunette de montre Marc Coblen B45-N227 | | Tupique\" \/>\n<meta property=\"og:description\" content=\"Envie d&#039;acheter Lunette de montre Marc Coblen B45-N227\u00a0? Achetez Lunette de montre Marc Coblen B45-N227 maintenant avec Tupique en 3 versements sans int\u00e9r\u00eat.\" \/>\n<meta property=\"og:url\" content=\"https:\/\/tupique.com\/pt\/product\/lunette-de-montre-marc-coblen-b45-n227\/\" \/>\n<meta property=\"og:site_name\" content=\"Tupique\" \/>\n<meta name=\"twitter:card\" content=\"summary_large_image\" \/>\n<meta name=\"twitter:label1\" content=\"Tempo estimado de leitura\" \/>\n\t<meta name=\"twitter:data1\" content=\"1 minuto\" \/>\n<script type=\"application\/ld+json\" class=\"yoast-schema-graph\">{\"@context\":\"https:\\\/\\\/schema.org\",\"@graph\":[{\"@type\":\"WebPage\",\"@id\":\"https:\\\/\\\/tupique.com\\\/product\\\/lunette-de-montre-marc-coblen-b45-n227\\\/\",\"url\":\"https:\\\/\\\/tupique.com\\\/product\\\/lunette-de-montre-marc-coblen-b45-n227\\\/\",\"name\":\"Lunette de montre Marc Coblen B45-N227 | | Tupique\",\"isPartOf\":{\"@id\":\"https:\\\/\\\/tupique.com\\\/#website\"},\"primaryImageOfPage\":{\"@id\":\"https:\\\/\\\/tupique.com\\\/product\\\/lunette-de-montre-marc-coblen-b45-n227\\\/#primaryimage\"},\"image\":{\"@id\":\"https:\\\/\\\/tupique.com\\\/product\\\/lunette-de-montre-marc-coblen-b45-n227\\\/#primaryimage\"},\"thumbnailUrl\":\"https:\\\/\\\/tupique.com\\\/wp-content\\\/uploads\\\/2026\\\/05\\\/8431777841077_S0370790_P0-v_10.jpg\",\"datePublished\":\"2026-05-15T05:01:35+00:00\",\"description\":\"Envie d'acheter Lunette de montre Marc Coblen B45-N227\u00a0? Achetez Lunette de montre Marc Coblen B45-N227 maintenant avec Tupique en 3 versements sans int\u00e9r\u00eat.\",\"breadcrumb\":{\"@id\":\"https:\\\/\\\/tupique.com\\\/product\\\/lunette-de-montre-marc-coblen-b45-n227\\\/#breadcrumb\"},\"inLanguage\":\"pt-PT\",\"potentialAction\":[{\"@type\":\"ReadAction\",\"target\":[\"https:\\\/\\\/tupique.com\\\/product\\\/lunette-de-montre-marc-coblen-b45-n227\\\/\"]}]},{\"@type\":\"ImageObject\",\"inLanguage\":\"pt-PT\",\"@id\":\"https:\\\/\\\/tupique.com\\\/product\\\/lunette-de-montre-marc-coblen-b45-n227\\\/#primaryimage\",\"url\":\"https:\\\/\\\/tupique.com\\\/wp-content\\\/uploads\\\/2026\\\/05\\\/8431777841077_S0370790_P0-v_10.jpg\",\"contentUrl\":\"https:\\\/\\\/tupique.com\\\/wp-content\\\/uploads\\\/2026\\\/05\\\/8431777841077_S0370790_P0-v_10.jpg\",\"width\":1200,\"height\":1200,\"caption\":\"S0800584_0\"},{\"@type\":\"BreadcrumbList\",\"@id\":\"https:\\\/\\\/tupique.com\\\/product\\\/lunette-de-montre-marc-coblen-b45-n227\\\/#breadcrumb\",\"itemListElement\":[{\"@type\":\"ListItem\",\"position\":1,\"name\":\"commencer\",\"item\":\"https:\\\/\\\/tupique.com\\\/\"},{\"@type\":\"ListItem\",\"position\":2,\"name\":\"Loja\",\"item\":\"https:\\\/\\\/tupique.com\\\/pt\\\/loja\\\/\"},{\"@type\":\"ListItem\",\"position\":3,\"name\":\"Lunette de montre Marc Coblen B45-N227\"}]},{\"@type\":\"WebSite\",\"@id\":\"https:\\\/\\\/tupique.com\\\/#website\",\"url\":\"https:\\\/\\\/tupique.com\\\/\",\"name\":\"Tupique\",\"description\":\"\",\"publisher\":{\"@id\":\"https:\\\/\\\/tupique.com\\\/#organization\"},\"potentialAction\":[{\"@type\":\"SearchAction\",\"target\":{\"@type\":\"EntryPoint\",\"urlTemplate\":\"https:\\\/\\\/tupique.com\\\/?s={search_term_string}\"},\"query-input\":{\"@type\":\"PropertyValueSpecification\",\"valueRequired\":true,\"valueName\":\"search_term_string\"}}],\"inLanguage\":\"pt-PT\"},{\"@type\":\"Organization\",\"@id\":\"https:\\\/\\\/tupique.com\\\/#organization\",\"name\":\"Tupique\",\"url\":\"https:\\\/\\\/tupique.com\\\/\",\"logo\":{\"@type\":\"ImageObject\",\"inLanguage\":\"pt-PT\",\"@id\":\"https:\\\/\\\/tupique.com\\\/#\\\/schema\\\/logo\\\/image\\\/\",\"url\":\"https:\\\/\\\/tupique.com\\\/wp-content\\\/uploads\\\/2026\\\/03\\\/logo-tupique-1.webp\",\"contentUrl\":\"https:\\\/\\\/tupique.com\\\/wp-content\\\/uploads\\\/2026\\\/03\\\/logo-tupique-1.webp\",\"width\":500,\"height\":67,\"caption\":\"Tupique\"},\"image\":{\"@id\":\"https:\\\/\\\/tupique.com\\\/#\\\/schema\\\/logo\\\/image\\\/\"}}]}<\/script>\n<!-- \/ Yoast SEO plugin. -->","yoast_head_json":{"title":"Lunette de montre Marc Coblen B45-N227 | | Tupique","description":"Envie d'acheter Lunette de montre Marc Coblen B45-N227\u00a0? Achetez Lunette de montre Marc Coblen B45-N227 maintenant avec Tupique en 3 versements sans int\u00e9r\u00eat.","robots":{"index":"index","follow":"follow","max-snippet":"max-snippet:-1","max-image-preview":"max-image-preview:large","max-video-preview":"max-video-preview:-1"},"canonical":"https:\/\/tupique.com\/pt\/product\/lunette-de-montre-marc-coblen-b45-n227\/","og_locale":"pt_PT","og_type":"article","og_title":"Lunette de montre Marc Coblen B45-N227 | | Tupique","og_description":"Envie d'acheter Lunette de montre Marc Coblen B45-N227\u00a0? Achetez Lunette de montre Marc Coblen B45-N227 maintenant avec Tupique en 3 versements sans int\u00e9r\u00eat.","og_url":"https:\/\/tupique.com\/pt\/product\/lunette-de-montre-marc-coblen-b45-n227\/","og_site_name":"Tupique","twitter_card":"summary_large_image","twitter_misc":{"Tempo estimado de leitura":"1 minuto"},"schema":{"@context":"https:\/\/schema.org","@graph":[{"@type":"WebPage","@id":"https:\/\/tupique.com\/product\/lunette-de-montre-marc-coblen-b45-n227\/","url":"https:\/\/tupique.com\/product\/lunette-de-montre-marc-coblen-b45-n227\/","name":"Lunette de montre Marc Coblen B45-N227 | | Tupique","isPartOf":{"@id":"https:\/\/tupique.com\/#website"},"primaryImageOfPage":{"@id":"https:\/\/tupique.com\/product\/lunette-de-montre-marc-coblen-b45-n227\/#primaryimage"},"image":{"@id":"https:\/\/tupique.com\/product\/lunette-de-montre-marc-coblen-b45-n227\/#primaryimage"},"thumbnailUrl":"https:\/\/tupique.com\/wp-content\/uploads\/2026\/05\/8431777841077_S0370790_P0-v_10.jpg","datePublished":"2026-05-15T05:01:35+00:00","description":"Envie d'acheter Lunette de montre Marc Coblen B45-N227\u00a0? Achetez Lunette de montre Marc Coblen B45-N227 maintenant avec Tupique en 3 versements sans int\u00e9r\u00eat.","breadcrumb":{"@id":"https:\/\/tupique.com\/product\/lunette-de-montre-marc-coblen-b45-n227\/#breadcrumb"},"inLanguage":"pt-PT","potentialAction":[{"@type":"ReadAction","target":["https:\/\/tupique.com\/product\/lunette-de-montre-marc-coblen-b45-n227\/"]}]},{"@type":"ImageObject","inLanguage":"pt-PT","@id":"https:\/\/tupique.com\/product\/lunette-de-montre-marc-coblen-b45-n227\/#primaryimage","url":"https:\/\/tupique.com\/wp-content\/uploads\/2026\/05\/8431777841077_S0370790_P0-v_10.jpg","contentUrl":"https:\/\/tupique.com\/wp-content\/uploads\/2026\/05\/8431777841077_S0370790_P0-v_10.jpg","width":1200,"height":1200,"caption":"S0800584_0"},{"@type":"BreadcrumbList","@id":"https:\/\/tupique.com\/product\/lunette-de-montre-marc-coblen-b45-n227\/#breadcrumb","itemListElement":[{"@type":"ListItem","position":1,"name":"commencer","item":"https:\/\/tupique.com\/"},{"@type":"ListItem","position":2,"name":"Loja","item":"https:\/\/tupique.com\/pt\/loja\/"},{"@type":"ListItem","position":3,"name":"Lunette de montre Marc Coblen B45-N227"}]},{"@type":"WebSite","@id":"https:\/\/tupique.com\/#website","url":"https:\/\/tupique.com\/","name":"Tupique","description":"","publisher":{"@id":"https:\/\/tupique.com\/#organization"},"potentialAction":[{"@type":"SearchAction","target":{"@type":"EntryPoint","urlTemplate":"https:\/\/tupique.com\/?s={search_term_string}"},"query-input":{"@type":"PropertyValueSpecification","valueRequired":true,"valueName":"search_term_string"}}],"inLanguage":"pt-PT"},{"@type":"Organization","@id":"https:\/\/tupique.com\/#organization","name":"Tupique","url":"https:\/\/tupique.com\/","logo":{"@type":"ImageObject","inLanguage":"pt-PT","@id":"https:\/\/tupique.com\/#\/schema\/logo\/image\/","url":"https:\/\/tupique.com\/wp-content\/uploads\/2026\/03\/logo-tupique-1.webp","contentUrl":"https:\/\/tupique.com\/wp-content\/uploads\/2026\/03\/logo-tupique-1.webp","width":500,"height":67,"caption":"Tupique"},"image":{"@id":"https:\/\/tupique.com\/#\/schema\/logo\/image\/"}}]}},"_links":{"self":[{"href":"https:\/\/tupique.com\/pt\/wp-json\/wp\/v2\/product\/219207","targetHints":{"allow":["GET"]}}],"collection":[{"href":"https:\/\/tupique.com\/pt\/wp-json\/wp\/v2\/product"}],"about":[{"href":"https:\/\/tupique.com\/pt\/wp-json\/wp\/v2\/types\/product"}],"replies":[{"embeddable":true,"href":"https:\/\/tupique.com\/pt\/wp-json\/wp\/v2\/comments?post=219207"}],"wp:featuredmedia":[{"embeddable":true,"href":"https:\/\/tupique.com\/pt\/wp-json\/wp\/v2\/media\/219204"}],"wp:attachment":[{"href":"https:\/\/tupique.com\/pt\/wp-json\/wp\/v2\/media?parent=219207"}],"wp:term":[{"taxonomy":"product_brand","embeddable":true,"href":"https:\/\/tupique.com\/pt\/wp-json\/wp\/v2\/product_brand?post=219207"},{"taxonomy":"product_cat","embeddable":true,"href":"https:\/\/tupique.com\/pt\/wp-json\/wp\/v2\/product_cat?post=219207"},{"taxonomy":"product_tag","embeddable":true,"href":"https:\/\/tupique.com\/pt\/wp-json\/wp\/v2\/product_tag?post=219207"},{"taxonomy":"woo-feed-brand","embeddable":true,"href":"https:\/\/tupique.com\/pt\/wp-json\/wp\/v2\/woo-feed-brand?post=219207"}],"curies":[{"name":"wp","href":"https:\/\/api.w.org\/{rel}","templated":true}]}}