{"id":220617,"date":"2026-05-15T09:05:04","date_gmt":"2026-05-15T07:05:04","guid":{"rendered":"https:\/\/tupique.com\/product\/monture-de-lunettes-homme-nike-nike-5592\/"},"modified":"2026-05-15T09:16:05","modified_gmt":"2026-05-15T07:16:05","slug":"monture-de-lunettes-homme-nike-nike-5592","status":"publish","type":"product","link":"https:\/\/tupique.com\/pt\/product\/monture-de-lunettes-homme-nike-nike-5592\/","title":{"rendered":"Monture de Lunettes Homme Nike NIKE 5592"},"content":{"rendered":"<p>Si vous envisagez de renouveler votre garde-robe, achetez <b>Monture de Lunettes Homme Nike NIKE 5592<\/b> et d\u2019autres<b>produits Nike<\/b>! La meilleure qualit\u00e9 au meilleur prix est \u00e0 votre port\u00e9e!<\/p>\n<p>A <b>monture de lunettes NIKE 5592<\/b> est un accessoire sp\u00e9cialement con\u00e7u pour homme, alliant fonctionnalit\u00e9 et style dans un format pens\u00e9 pour offrir confort et durabilit\u00e9. Fabriqu\u00e9e en <b>mat\u00e9riau m\u00e9tallique<\/b>, cette monture se distingue par sa r\u00e9sistance et sa l\u00e9g\u00e8ret\u00e9, des qualit\u00e9s essentielles pour un usage quotidien prolong\u00e9 sans sacrifier le confort. Son design classique et intemporel s\u2019adapte \u00e0 diff\u00e9rentes formes de visage masculin, apportant une touche de modernit\u00e9 sans perdre l\u2019\u00e9l\u00e9gance caract\u00e9ristique de la marque Nike. De plus, cette monture est con\u00e7ue pour int\u00e9grer des <b>verres non correcteurs<\/b>, offrant une option polyvalente pour ceux qui recherchent des lunettes de soleil ou de protection sans correction visuelle. Malgr\u00e9 son orientation masculine, la r\u00e9f\u00e9rence \u00e0 la cat\u00e9gorie b\u00e9b\u00e9 dans les attributs sugg\u00e8re \u00e9galement un mod\u00e8le avec des dimensions ou versions adapt\u00e9es aux plus petits, proposant ainsi une alternative pratique et s\u00fbre pour prot\u00e9ger la vue des enfants avec la m\u00eame qualit\u00e9 des mat\u00e9riaux et finitions. La <b>monture m\u00e9tallique<\/b> garantit un ajustement ferme et stable, avec des d\u00e9tails sur les branches facilitant l\u2019adaptabilit\u00e9, tandis que son design l\u00e9ger r\u00e9duit la pression sur le nez et les oreilles. En r\u00e9sum\u00e9, la NIKE 5592 est une monture de lunettes qui allie r\u00e9sistance, polyvalence et style sobre, parfaite pour hommes et disponible en variante incluant la protection visuelle pour b\u00e9b\u00e9s, tout en maintenant les standards de qualit\u00e9 qui distinguent Nike dans le domaine optique.<\/p>\n<ul>\n<li>Type: Monture de Lunettes<\/li>\n<li>Caract\u00e9ristiques: Verres sans graduation<\/li>\n<li>Genre:\n<ul>\n<li>Homme<\/li>\n<li>B\u00e9b\u00e9<\/li>\n<\/ul>\n<\/li>\n<li>Mati\u00e8re: M\u00e9tal<\/li>\n<\/ul>","protected":false},"excerpt":{"rendered":"<p>Si vous envisagez de renouveler votre garde-robe, achetez Monture de Lunettes Homme Nike NIKE 5592 et d\u2019autresproduits Nike! La meilleure qualit\u00e9 au meilleur prix est \u00e0 votre port\u00e9e! La monture de lunettes NIKE 5592 est un accessoire sp\u00e9cialement con\u00e7u pour homme, alliant fonctionnalit\u00e9 et style dans un format pens\u00e9 pour offrir confort et durabilit\u00e9. Fabriqu\u00e9e [&hellip;]<\/p>\n","protected":false},"featured_media":220615,"comment_status":"open","ping_status":"closed","template":"","meta":[],"product_brand":[2132],"product_cat":[776,777,752],"product_tag":[723],"woo-feed-brand":[],"class_list":{"0":"post-220617","1":"product","2":"type-product","3":"status-publish","4":"has-post-thumbnail","6":"product_brand-brandp_860","7":"product_cat-detente-et-bien-etre","8":"product_cat-lunettes-de-lecture-et-lunettes-loupes","9":"product_cat-sante-beaute","10":"product_tag-tag_1273","12":"first","13":"instock","14":"taxable","15":"shipping-taxable","16":"purchasable","17":"product-type-simple"},"yoast_head":"<!-- This site is optimized with the Yoast SEO plugin v27.6 - https:\/\/yoast.com\/product\/yoast-seo-wordpress\/ -->\n<title>Monture de Lunettes Homme Nike NIKE 5592 | | Tupique<\/title>\n<meta name=\"description\" content=\"Envie d&#039;acheter Monture de Lunettes Homme Nike NIKE 5592\u00a0? Achetez Monture de Lunettes Homme Nike NIKE 5592 maintenant avec Tupique en 3 versements sans int\u00e9r\u00eat.\" \/>\n<meta name=\"robots\" content=\"index, follow, max-snippet:-1, max-image-preview:large, max-video-preview:-1\" \/>\n<link rel=\"canonical\" href=\"https:\/\/tupique.com\/pt\/product\/monture-de-lunettes-homme-nike-nike-5592\/\" \/>\n<meta property=\"og:locale\" content=\"pt_PT\" \/>\n<meta property=\"og:type\" content=\"article\" \/>\n<meta property=\"og:title\" content=\"Monture de Lunettes Homme Nike NIKE 5592 | | Tupique\" \/>\n<meta property=\"og:description\" content=\"Envie d&#039;acheter Monture de Lunettes Homme Nike NIKE 5592\u00a0? Achetez Monture de Lunettes Homme Nike NIKE 5592 maintenant avec Tupique en 3 versements sans int\u00e9r\u00eat.\" \/>\n<meta property=\"og:url\" content=\"https:\/\/tupique.com\/pt\/product\/monture-de-lunettes-homme-nike-nike-5592\/\" \/>\n<meta property=\"og:site_name\" content=\"Tupique\" \/>\n<meta property=\"article:modified_time\" content=\"2026-05-15T07:16:05+00:00\" \/>\n<meta name=\"twitter:card\" content=\"summary_large_image\" \/>\n<meta name=\"twitter:label1\" content=\"Tempo estimado de leitura\" \/>\n\t<meta name=\"twitter:data1\" content=\"2 minutos\" \/>\n<script type=\"application\/ld+json\" class=\"yoast-schema-graph\">{\"@context\":\"https:\\\/\\\/schema.org\",\"@graph\":[{\"@type\":\"WebPage\",\"@id\":\"https:\\\/\\\/tupique.com\\\/product\\\/monture-de-lunettes-homme-nike-nike-5592\\\/\",\"url\":\"https:\\\/\\\/tupique.com\\\/product\\\/monture-de-lunettes-homme-nike-nike-5592\\\/\",\"name\":\"Monture de Lunettes Homme Nike NIKE 5592 | | Tupique\",\"isPartOf\":{\"@id\":\"https:\\\/\\\/tupique.com\\\/#website\"},\"primaryImageOfPage\":{\"@id\":\"https:\\\/\\\/tupique.com\\\/product\\\/monture-de-lunettes-homme-nike-nike-5592\\\/#primaryimage\"},\"image\":{\"@id\":\"https:\\\/\\\/tupique.com\\\/product\\\/monture-de-lunettes-homme-nike-nike-5592\\\/#primaryimage\"},\"thumbnailUrl\":\"https:\\\/\\\/tupique.com\\\/wp-content\\\/uploads\\\/2026\\\/05\\\/0886895611077_S72114730_P00.jpg\",\"datePublished\":\"2026-05-15T07:05:04+00:00\",\"dateModified\":\"2026-05-15T07:16:05+00:00\",\"description\":\"Envie d'acheter Monture de Lunettes Homme Nike NIKE 5592\u00a0? Achetez Monture de Lunettes Homme Nike NIKE 5592 maintenant avec Tupique en 3 versements sans int\u00e9r\u00eat.\",\"breadcrumb\":{\"@id\":\"https:\\\/\\\/tupique.com\\\/product\\\/monture-de-lunettes-homme-nike-nike-5592\\\/#breadcrumb\"},\"inLanguage\":\"pt-PT\",\"potentialAction\":[{\"@type\":\"ReadAction\",\"target\":[\"https:\\\/\\\/tupique.com\\\/product\\\/monture-de-lunettes-homme-nike-nike-5592\\\/\"]}]},{\"@type\":\"ImageObject\",\"inLanguage\":\"pt-PT\",\"@id\":\"https:\\\/\\\/tupique.com\\\/product\\\/monture-de-lunettes-homme-nike-nike-5592\\\/#primaryimage\",\"url\":\"https:\\\/\\\/tupique.com\\\/wp-content\\\/uploads\\\/2026\\\/05\\\/0886895611077_S72114730_P00.jpg\",\"contentUrl\":\"https:\\\/\\\/tupique.com\\\/wp-content\\\/uploads\\\/2026\\\/05\\\/0886895611077_S72114730_P00.jpg\",\"width\":1200,\"height\":1200,\"caption\":\"S72114730_0\"},{\"@type\":\"BreadcrumbList\",\"@id\":\"https:\\\/\\\/tupique.com\\\/product\\\/monture-de-lunettes-homme-nike-nike-5592\\\/#breadcrumb\",\"itemListElement\":[{\"@type\":\"ListItem\",\"position\":1,\"name\":\"commencer\",\"item\":\"https:\\\/\\\/tupique.com\\\/\"},{\"@type\":\"ListItem\",\"position\":2,\"name\":\"Loja\",\"item\":\"https:\\\/\\\/tupique.com\\\/pt\\\/loja\\\/\"},{\"@type\":\"ListItem\",\"position\":3,\"name\":\"Monture de Lunettes Homme Nike NIKE 5592\"}]},{\"@type\":\"WebSite\",\"@id\":\"https:\\\/\\\/tupique.com\\\/#website\",\"url\":\"https:\\\/\\\/tupique.com\\\/\",\"name\":\"Tupique\",\"description\":\"\",\"publisher\":{\"@id\":\"https:\\\/\\\/tupique.com\\\/#organization\"},\"potentialAction\":[{\"@type\":\"SearchAction\",\"target\":{\"@type\":\"EntryPoint\",\"urlTemplate\":\"https:\\\/\\\/tupique.com\\\/?s={search_term_string}\"},\"query-input\":{\"@type\":\"PropertyValueSpecification\",\"valueRequired\":true,\"valueName\":\"search_term_string\"}}],\"inLanguage\":\"pt-PT\"},{\"@type\":\"Organization\",\"@id\":\"https:\\\/\\\/tupique.com\\\/#organization\",\"name\":\"Tupique\",\"url\":\"https:\\\/\\\/tupique.com\\\/\",\"logo\":{\"@type\":\"ImageObject\",\"inLanguage\":\"pt-PT\",\"@id\":\"https:\\\/\\\/tupique.com\\\/#\\\/schema\\\/logo\\\/image\\\/\",\"url\":\"https:\\\/\\\/tupique.com\\\/wp-content\\\/uploads\\\/2026\\\/03\\\/logo-tupique-1.webp\",\"contentUrl\":\"https:\\\/\\\/tupique.com\\\/wp-content\\\/uploads\\\/2026\\\/03\\\/logo-tupique-1.webp\",\"width\":500,\"height\":67,\"caption\":\"Tupique\"},\"image\":{\"@id\":\"https:\\\/\\\/tupique.com\\\/#\\\/schema\\\/logo\\\/image\\\/\"}}]}<\/script>\n<!-- \/ Yoast SEO plugin. -->","yoast_head_json":{"title":"Monture de Lunettes Homme Nike NIKE 5592 | | Tupique","description":"Envie d'acheter Monture de Lunettes Homme Nike NIKE 5592\u00a0? Achetez Monture de Lunettes Homme Nike NIKE 5592 maintenant avec Tupique en 3 versements sans int\u00e9r\u00eat.","robots":{"index":"index","follow":"follow","max-snippet":"max-snippet:-1","max-image-preview":"max-image-preview:large","max-video-preview":"max-video-preview:-1"},"canonical":"https:\/\/tupique.com\/pt\/product\/monture-de-lunettes-homme-nike-nike-5592\/","og_locale":"pt_PT","og_type":"article","og_title":"Monture de Lunettes Homme Nike NIKE 5592 | | Tupique","og_description":"Envie d'acheter Monture de Lunettes Homme Nike NIKE 5592\u00a0? Achetez Monture de Lunettes Homme Nike NIKE 5592 maintenant avec Tupique en 3 versements sans int\u00e9r\u00eat.","og_url":"https:\/\/tupique.com\/pt\/product\/monture-de-lunettes-homme-nike-nike-5592\/","og_site_name":"Tupique","article_modified_time":"2026-05-15T07:16:05+00:00","twitter_card":"summary_large_image","twitter_misc":{"Tempo estimado de leitura":"2 minutos"},"schema":{"@context":"https:\/\/schema.org","@graph":[{"@type":"WebPage","@id":"https:\/\/tupique.com\/product\/monture-de-lunettes-homme-nike-nike-5592\/","url":"https:\/\/tupique.com\/product\/monture-de-lunettes-homme-nike-nike-5592\/","name":"Monture de Lunettes Homme Nike NIKE 5592 | | Tupique","isPartOf":{"@id":"https:\/\/tupique.com\/#website"},"primaryImageOfPage":{"@id":"https:\/\/tupique.com\/product\/monture-de-lunettes-homme-nike-nike-5592\/#primaryimage"},"image":{"@id":"https:\/\/tupique.com\/product\/monture-de-lunettes-homme-nike-nike-5592\/#primaryimage"},"thumbnailUrl":"https:\/\/tupique.com\/wp-content\/uploads\/2026\/05\/0886895611077_S72114730_P00.jpg","datePublished":"2026-05-15T07:05:04+00:00","dateModified":"2026-05-15T07:16:05+00:00","description":"Envie d'acheter Monture de Lunettes Homme Nike NIKE 5592\u00a0? Achetez Monture de Lunettes Homme Nike NIKE 5592 maintenant avec Tupique en 3 versements sans int\u00e9r\u00eat.","breadcrumb":{"@id":"https:\/\/tupique.com\/product\/monture-de-lunettes-homme-nike-nike-5592\/#breadcrumb"},"inLanguage":"pt-PT","potentialAction":[{"@type":"ReadAction","target":["https:\/\/tupique.com\/product\/monture-de-lunettes-homme-nike-nike-5592\/"]}]},{"@type":"ImageObject","inLanguage":"pt-PT","@id":"https:\/\/tupique.com\/product\/monture-de-lunettes-homme-nike-nike-5592\/#primaryimage","url":"https:\/\/tupique.com\/wp-content\/uploads\/2026\/05\/0886895611077_S72114730_P00.jpg","contentUrl":"https:\/\/tupique.com\/wp-content\/uploads\/2026\/05\/0886895611077_S72114730_P00.jpg","width":1200,"height":1200,"caption":"S72114730_0"},{"@type":"BreadcrumbList","@id":"https:\/\/tupique.com\/product\/monture-de-lunettes-homme-nike-nike-5592\/#breadcrumb","itemListElement":[{"@type":"ListItem","position":1,"name":"commencer","item":"https:\/\/tupique.com\/"},{"@type":"ListItem","position":2,"name":"Loja","item":"https:\/\/tupique.com\/pt\/loja\/"},{"@type":"ListItem","position":3,"name":"Monture de Lunettes Homme Nike NIKE 5592"}]},{"@type":"WebSite","@id":"https:\/\/tupique.com\/#website","url":"https:\/\/tupique.com\/","name":"Tupique","description":"","publisher":{"@id":"https:\/\/tupique.com\/#organization"},"potentialAction":[{"@type":"SearchAction","target":{"@type":"EntryPoint","urlTemplate":"https:\/\/tupique.com\/?s={search_term_string}"},"query-input":{"@type":"PropertyValueSpecification","valueRequired":true,"valueName":"search_term_string"}}],"inLanguage":"pt-PT"},{"@type":"Organization","@id":"https:\/\/tupique.com\/#organization","name":"Tupique","url":"https:\/\/tupique.com\/","logo":{"@type":"ImageObject","inLanguage":"pt-PT","@id":"https:\/\/tupique.com\/#\/schema\/logo\/image\/","url":"https:\/\/tupique.com\/wp-content\/uploads\/2026\/03\/logo-tupique-1.webp","contentUrl":"https:\/\/tupique.com\/wp-content\/uploads\/2026\/03\/logo-tupique-1.webp","width":500,"height":67,"caption":"Tupique"},"image":{"@id":"https:\/\/tupique.com\/#\/schema\/logo\/image\/"}}]}},"_links":{"self":[{"href":"https:\/\/tupique.com\/pt\/wp-json\/wp\/v2\/product\/220617","targetHints":{"allow":["GET"]}}],"collection":[{"href":"https:\/\/tupique.com\/pt\/wp-json\/wp\/v2\/product"}],"about":[{"href":"https:\/\/tupique.com\/pt\/wp-json\/wp\/v2\/types\/product"}],"replies":[{"embeddable":true,"href":"https:\/\/tupique.com\/pt\/wp-json\/wp\/v2\/comments?post=220617"}],"wp:featuredmedia":[{"embeddable":true,"href":"https:\/\/tupique.com\/pt\/wp-json\/wp\/v2\/media\/220615"}],"wp:attachment":[{"href":"https:\/\/tupique.com\/pt\/wp-json\/wp\/v2\/media?parent=220617"}],"wp:term":[{"taxonomy":"product_brand","embeddable":true,"href":"https:\/\/tupique.com\/pt\/wp-json\/wp\/v2\/product_brand?post=220617"},{"taxonomy":"product_cat","embeddable":true,"href":"https:\/\/tupique.com\/pt\/wp-json\/wp\/v2\/product_cat?post=220617"},{"taxonomy":"product_tag","embeddable":true,"href":"https:\/\/tupique.com\/pt\/wp-json\/wp\/v2\/product_tag?post=220617"},{"taxonomy":"woo-feed-brand","embeddable":true,"href":"https:\/\/tupique.com\/pt\/wp-json\/wp\/v2\/woo-feed-brand?post=220617"}],"curies":[{"name":"wp","href":"https:\/\/api.w.org\/{rel}","templated":true}]}}