{"id":221868,"date":"2026-05-15T11:11:16","date_gmt":"2026-05-15T09:11:16","guid":{"rendered":"https:\/\/tupique.com\/product\/monture-de-lunettes-femme-maje-mj1006-48620\/"},"modified":"2026-05-15T11:11:16","modified_gmt":"2026-05-15T09:11:16","slug":"monture-de-lunettes-femme-maje-mj1006-48620","status":"publish","type":"product","link":"https:\/\/tupique.com\/pt\/product\/monture-de-lunettes-femme-maje-mj1006-48620\/","title":{"rendered":"Monture de Lunettes Femme Maje MJ1006 48620"},"content":{"rendered":"<p>Si vous envisagez de renouveler votre garde-robe, achetez <b>Monture de Lunettes Femme Maje MJ1006 48620<\/b> et d\u2019autres<b>produits Maje<\/b>! La meilleure qualit\u00e9 au meilleur prix est \u00e0 votre port\u00e9e!<\/p>\n<p>A <b>monture de lunettes pour femme<\/b> Maje MJ1006 48620 incarne l\u2019\u00e9quilibre parfait entre design moderne et fonctionnalit\u00e9, id\u00e9ale pour celles qui recherchent un accessoire optique \u00e9l\u00e9gant et polyvalent. Con\u00e7ue sp\u00e9cifiquement pour un public f\u00e9minin, cette <b>monture de lunettes<\/b> se distingue par sa finition soign\u00e9e et l\u2019attention port\u00e9e aux d\u00e9tails, caract\u00e9ristiques de la marque <b>Maje<\/b>, reconnue pour son style sophistiqu\u00e9 et contemporain. Le mod\u00e8le est livr\u00e9 avec des <b>verres sans correction<\/b>, permettant une adaptation personnalis\u00e9e selon les besoins optiques de chaque utilisatrice au moment de l\u2019achat. De plus, elle est accompagn\u00e9e d\u2019un <b>\u00e9tui ou d\u2019une housse de la marque<\/b>, offrant protection et facilit\u00e9 de transport au quotidien. La structure est pens\u00e9e pour garantir un confort optimal lors d\u2019un port prolong\u00e9, s\u2019adaptant parfaitement \u00e0 la morphologie f\u00e9minine et assurant l\u00e9g\u00e8ret\u00e9 sans compromettre la robustesse. Parfaite pour un usage professionnel ou quotidien, cette monture se distingue par sa compatibilit\u00e9 avec tous types de verres correcteurs, offrant ainsi une flexibilit\u00e9 \u00e0 celles qui n\u00e9cessitent une correction visuelle sp\u00e9cifique ou souhaitent simplement porter des lunettes design sans correction. En r\u00e9sum\u00e9, la Maje MJ1006 48620 est un choix fiable et distinctif dans le segment des accessoires optiques f\u00e9minins, r\u00e9pondant aux attentes de style et de fonctionnalit\u00e9 contemporaine.<\/p>\n<ul>\n<li>Caract\u00e9ristiques: Verres sans graduation<\/li>\n<li>G\u00e9nero: Femme<\/li>\n<li>Type: Monture de Lunettes<\/li>\n<li>Type de verre: Lentilles sans ordonnance<\/li>\n<li>Inclut: Inclut un \u00e9tui ou une housse de la marque<\/li>\n<\/ul>","protected":false},"excerpt":{"rendered":"<p>Si vous envisagez de renouveler votre garde-robe, achetez Monture de Lunettes Femme Maje MJ1006 48620 et d\u2019autresproduits Maje! La meilleure qualit\u00e9 au meilleur prix est \u00e0 votre port\u00e9e! La monture de lunettes pour femme Maje MJ1006 48620 incarne l\u2019\u00e9quilibre parfait entre design moderne et fonctionnalit\u00e9, id\u00e9ale pour celles qui recherchent un accessoire optique \u00e9l\u00e9gant et [&hellip;]<\/p>\n","protected":false},"featured_media":221864,"comment_status":"open","ping_status":"closed","template":"","meta":[],"product_brand":[2518],"product_cat":[776,777,752],"product_tag":[542],"woo-feed-brand":[],"class_list":{"0":"post-221868","1":"product","2":"type-product","3":"status-publish","4":"has-post-thumbnail","6":"product_brand-brandp_7933","7":"product_cat-detente-et-bien-etre","8":"product_cat-lunettes-de-lecture-et-lunettes-loupes","9":"product_cat-sante-beaute","10":"product_tag-tag_1274","12":"first","13":"instock","14":"taxable","15":"shipping-taxable","16":"purchasable","17":"product-type-simple"},"yoast_head":"<!-- This site is optimized with the Yoast SEO plugin v27.6 - https:\/\/yoast.com\/product\/yoast-seo-wordpress\/ -->\n<title>Monture de Lunettes Femme Maje MJ1006 48620 | | Tupique<\/title>\n<meta name=\"description\" content=\"Envie d&#039;acheter Monture de Lunettes Femme Maje MJ1006 48620\u00a0? Achetez Monture de Lunettes Femme Maje MJ1006 48620 maintenant avec Tupique en 3 versements sans int\u00e9r\u00eat.\" \/>\n<meta name=\"robots\" content=\"index, follow, max-snippet:-1, max-image-preview:large, max-video-preview:-1\" \/>\n<link rel=\"canonical\" href=\"https:\/\/tupique.com\/pt\/product\/monture-de-lunettes-femme-maje-mj1006-48620\/\" \/>\n<meta property=\"og:locale\" content=\"pt_PT\" \/>\n<meta property=\"og:type\" content=\"article\" \/>\n<meta property=\"og:title\" content=\"Monture de Lunettes Femme Maje MJ1006 48620 | | Tupique\" \/>\n<meta property=\"og:description\" content=\"Envie d&#039;acheter Monture de Lunettes Femme Maje MJ1006 48620\u00a0? Achetez Monture de Lunettes Femme Maje MJ1006 48620 maintenant avec Tupique en 3 versements sans int\u00e9r\u00eat.\" \/>\n<meta property=\"og:url\" content=\"https:\/\/tupique.com\/pt\/product\/monture-de-lunettes-femme-maje-mj1006-48620\/\" \/>\n<meta property=\"og:site_name\" content=\"Tupique\" \/>\n<meta name=\"twitter:card\" content=\"summary_large_image\" \/>\n<meta name=\"twitter:label1\" content=\"Tempo estimado de leitura\" \/>\n\t<meta name=\"twitter:data1\" content=\"1 minuto\" \/>\n<script type=\"application\/ld+json\" class=\"yoast-schema-graph\">{\"@context\":\"https:\\\/\\\/schema.org\",\"@graph\":[{\"@type\":\"WebPage\",\"@id\":\"https:\\\/\\\/tupique.com\\\/product\\\/monture-de-lunettes-femme-maje-mj1006-48620\\\/\",\"url\":\"https:\\\/\\\/tupique.com\\\/product\\\/monture-de-lunettes-femme-maje-mj1006-48620\\\/\",\"name\":\"Monture de Lunettes Femme Maje MJ1006 48620 | | Tupique\",\"isPartOf\":{\"@id\":\"https:\\\/\\\/tupique.com\\\/#website\"},\"primaryImageOfPage\":{\"@id\":\"https:\\\/\\\/tupique.com\\\/product\\\/monture-de-lunettes-femme-maje-mj1006-48620\\\/#primaryimage\"},\"image\":{\"@id\":\"https:\\\/\\\/tupique.com\\\/product\\\/monture-de-lunettes-femme-maje-mj1006-48620\\\/#primaryimage\"},\"thumbnailUrl\":\"https:\\\/\\\/tupique.com\\\/wp-content\\\/uploads\\\/2026\\\/05\\\/4894327247936_S7237889_P01.jpg\",\"datePublished\":\"2026-05-15T09:11:16+00:00\",\"description\":\"Envie d'acheter Monture de Lunettes Femme Maje MJ1006 48620\u00a0? Achetez Monture de Lunettes Femme Maje MJ1006 48620 maintenant avec Tupique en 3 versements sans int\u00e9r\u00eat.\",\"breadcrumb\":{\"@id\":\"https:\\\/\\\/tupique.com\\\/product\\\/monture-de-lunettes-femme-maje-mj1006-48620\\\/#breadcrumb\"},\"inLanguage\":\"pt-PT\",\"potentialAction\":[{\"@type\":\"ReadAction\",\"target\":[\"https:\\\/\\\/tupique.com\\\/product\\\/monture-de-lunettes-femme-maje-mj1006-48620\\\/\"]}]},{\"@type\":\"ImageObject\",\"inLanguage\":\"pt-PT\",\"@id\":\"https:\\\/\\\/tupique.com\\\/product\\\/monture-de-lunettes-femme-maje-mj1006-48620\\\/#primaryimage\",\"url\":\"https:\\\/\\\/tupique.com\\\/wp-content\\\/uploads\\\/2026\\\/05\\\/4894327247936_S7237889_P01.jpg\",\"contentUrl\":\"https:\\\/\\\/tupique.com\\\/wp-content\\\/uploads\\\/2026\\\/05\\\/4894327247936_S7237889_P01.jpg\",\"width\":1200,\"height\":1200,\"caption\":\"S7237889_0\"},{\"@type\":\"BreadcrumbList\",\"@id\":\"https:\\\/\\\/tupique.com\\\/product\\\/monture-de-lunettes-femme-maje-mj1006-48620\\\/#breadcrumb\",\"itemListElement\":[{\"@type\":\"ListItem\",\"position\":1,\"name\":\"commencer\",\"item\":\"https:\\\/\\\/tupique.com\\\/\"},{\"@type\":\"ListItem\",\"position\":2,\"name\":\"Loja\",\"item\":\"https:\\\/\\\/tupique.com\\\/pt\\\/loja\\\/\"},{\"@type\":\"ListItem\",\"position\":3,\"name\":\"Monture de Lunettes Femme Maje MJ1006 48620\"}]},{\"@type\":\"WebSite\",\"@id\":\"https:\\\/\\\/tupique.com\\\/#website\",\"url\":\"https:\\\/\\\/tupique.com\\\/\",\"name\":\"Tupique\",\"description\":\"\",\"publisher\":{\"@id\":\"https:\\\/\\\/tupique.com\\\/#organization\"},\"potentialAction\":[{\"@type\":\"SearchAction\",\"target\":{\"@type\":\"EntryPoint\",\"urlTemplate\":\"https:\\\/\\\/tupique.com\\\/?s={search_term_string}\"},\"query-input\":{\"@type\":\"PropertyValueSpecification\",\"valueRequired\":true,\"valueName\":\"search_term_string\"}}],\"inLanguage\":\"pt-PT\"},{\"@type\":\"Organization\",\"@id\":\"https:\\\/\\\/tupique.com\\\/#organization\",\"name\":\"Tupique\",\"url\":\"https:\\\/\\\/tupique.com\\\/\",\"logo\":{\"@type\":\"ImageObject\",\"inLanguage\":\"pt-PT\",\"@id\":\"https:\\\/\\\/tupique.com\\\/#\\\/schema\\\/logo\\\/image\\\/\",\"url\":\"https:\\\/\\\/tupique.com\\\/wp-content\\\/uploads\\\/2026\\\/03\\\/logo-tupique-1.webp\",\"contentUrl\":\"https:\\\/\\\/tupique.com\\\/wp-content\\\/uploads\\\/2026\\\/03\\\/logo-tupique-1.webp\",\"width\":500,\"height\":67,\"caption\":\"Tupique\"},\"image\":{\"@id\":\"https:\\\/\\\/tupique.com\\\/#\\\/schema\\\/logo\\\/image\\\/\"}}]}<\/script>\n<!-- \/ Yoast SEO plugin. -->","yoast_head_json":{"title":"Monture de Lunettes Femme Maje MJ1006 48620 | | Tupique","description":"Envie d'acheter Monture de Lunettes Femme Maje MJ1006 48620\u00a0? Achetez Monture de Lunettes Femme Maje MJ1006 48620 maintenant avec Tupique en 3 versements sans int\u00e9r\u00eat.","robots":{"index":"index","follow":"follow","max-snippet":"max-snippet:-1","max-image-preview":"max-image-preview:large","max-video-preview":"max-video-preview:-1"},"canonical":"https:\/\/tupique.com\/pt\/product\/monture-de-lunettes-femme-maje-mj1006-48620\/","og_locale":"pt_PT","og_type":"article","og_title":"Monture de Lunettes Femme Maje MJ1006 48620 | | Tupique","og_description":"Envie d'acheter Monture de Lunettes Femme Maje MJ1006 48620\u00a0? Achetez Monture de Lunettes Femme Maje MJ1006 48620 maintenant avec Tupique en 3 versements sans int\u00e9r\u00eat.","og_url":"https:\/\/tupique.com\/pt\/product\/monture-de-lunettes-femme-maje-mj1006-48620\/","og_site_name":"Tupique","twitter_card":"summary_large_image","twitter_misc":{"Tempo estimado de leitura":"1 minuto"},"schema":{"@context":"https:\/\/schema.org","@graph":[{"@type":"WebPage","@id":"https:\/\/tupique.com\/product\/monture-de-lunettes-femme-maje-mj1006-48620\/","url":"https:\/\/tupique.com\/product\/monture-de-lunettes-femme-maje-mj1006-48620\/","name":"Monture de Lunettes Femme Maje MJ1006 48620 | | Tupique","isPartOf":{"@id":"https:\/\/tupique.com\/#website"},"primaryImageOfPage":{"@id":"https:\/\/tupique.com\/product\/monture-de-lunettes-femme-maje-mj1006-48620\/#primaryimage"},"image":{"@id":"https:\/\/tupique.com\/product\/monture-de-lunettes-femme-maje-mj1006-48620\/#primaryimage"},"thumbnailUrl":"https:\/\/tupique.com\/wp-content\/uploads\/2026\/05\/4894327247936_S7237889_P01.jpg","datePublished":"2026-05-15T09:11:16+00:00","description":"Envie d'acheter Monture de Lunettes Femme Maje MJ1006 48620\u00a0? Achetez Monture de Lunettes Femme Maje MJ1006 48620 maintenant avec Tupique en 3 versements sans int\u00e9r\u00eat.","breadcrumb":{"@id":"https:\/\/tupique.com\/product\/monture-de-lunettes-femme-maje-mj1006-48620\/#breadcrumb"},"inLanguage":"pt-PT","potentialAction":[{"@type":"ReadAction","target":["https:\/\/tupique.com\/product\/monture-de-lunettes-femme-maje-mj1006-48620\/"]}]},{"@type":"ImageObject","inLanguage":"pt-PT","@id":"https:\/\/tupique.com\/product\/monture-de-lunettes-femme-maje-mj1006-48620\/#primaryimage","url":"https:\/\/tupique.com\/wp-content\/uploads\/2026\/05\/4894327247936_S7237889_P01.jpg","contentUrl":"https:\/\/tupique.com\/wp-content\/uploads\/2026\/05\/4894327247936_S7237889_P01.jpg","width":1200,"height":1200,"caption":"S7237889_0"},{"@type":"BreadcrumbList","@id":"https:\/\/tupique.com\/product\/monture-de-lunettes-femme-maje-mj1006-48620\/#breadcrumb","itemListElement":[{"@type":"ListItem","position":1,"name":"commencer","item":"https:\/\/tupique.com\/"},{"@type":"ListItem","position":2,"name":"Loja","item":"https:\/\/tupique.com\/pt\/loja\/"},{"@type":"ListItem","position":3,"name":"Monture de Lunettes Femme Maje MJ1006 48620"}]},{"@type":"WebSite","@id":"https:\/\/tupique.com\/#website","url":"https:\/\/tupique.com\/","name":"Tupique","description":"","publisher":{"@id":"https:\/\/tupique.com\/#organization"},"potentialAction":[{"@type":"SearchAction","target":{"@type":"EntryPoint","urlTemplate":"https:\/\/tupique.com\/?s={search_term_string}"},"query-input":{"@type":"PropertyValueSpecification","valueRequired":true,"valueName":"search_term_string"}}],"inLanguage":"pt-PT"},{"@type":"Organization","@id":"https:\/\/tupique.com\/#organization","name":"Tupique","url":"https:\/\/tupique.com\/","logo":{"@type":"ImageObject","inLanguage":"pt-PT","@id":"https:\/\/tupique.com\/#\/schema\/logo\/image\/","url":"https:\/\/tupique.com\/wp-content\/uploads\/2026\/03\/logo-tupique-1.webp","contentUrl":"https:\/\/tupique.com\/wp-content\/uploads\/2026\/03\/logo-tupique-1.webp","width":500,"height":67,"caption":"Tupique"},"image":{"@id":"https:\/\/tupique.com\/#\/schema\/logo\/image\/"}}]}},"_links":{"self":[{"href":"https:\/\/tupique.com\/pt\/wp-json\/wp\/v2\/product\/221868","targetHints":{"allow":["GET"]}}],"collection":[{"href":"https:\/\/tupique.com\/pt\/wp-json\/wp\/v2\/product"}],"about":[{"href":"https:\/\/tupique.com\/pt\/wp-json\/wp\/v2\/types\/product"}],"replies":[{"embeddable":true,"href":"https:\/\/tupique.com\/pt\/wp-json\/wp\/v2\/comments?post=221868"}],"wp:featuredmedia":[{"embeddable":true,"href":"https:\/\/tupique.com\/pt\/wp-json\/wp\/v2\/media\/221864"}],"wp:attachment":[{"href":"https:\/\/tupique.com\/pt\/wp-json\/wp\/v2\/media?parent=221868"}],"wp:term":[{"taxonomy":"product_brand","embeddable":true,"href":"https:\/\/tupique.com\/pt\/wp-json\/wp\/v2\/product_brand?post=221868"},{"taxonomy":"product_cat","embeddable":true,"href":"https:\/\/tupique.com\/pt\/wp-json\/wp\/v2\/product_cat?post=221868"},{"taxonomy":"product_tag","embeddable":true,"href":"https:\/\/tupique.com\/pt\/wp-json\/wp\/v2\/product_tag?post=221868"},{"taxonomy":"woo-feed-brand","embeddable":true,"href":"https:\/\/tupique.com\/pt\/wp-json\/wp\/v2\/woo-feed-brand?post=221868"}],"curies":[{"name":"wp","href":"https:\/\/api.w.org\/{rel}","templated":true}]}}