{"id":222190,"date":"2026-05-15T11:44:23","date_gmt":"2026-05-15T09:44:23","guid":{"rendered":"https:\/\/tupique.com\/product\/poignee-de-lit-de-securite-beddaid-innovagoods\/"},"modified":"2026-05-15T11:44:23","modified_gmt":"2026-05-15T09:44:23","slug":"poignee-de-lit-de-securite-beddaid-innovagoods","status":"publish","type":"product","link":"https:\/\/tupique.com\/pt\/product\/poignee-de-lit-de-securite-beddaid-innovagoods\/","title":{"rendered":"Poign\u00e9e de Lit de S\u00e9curit\u00e9 Beddaid InnovaGoods"},"content":{"rendered":"<div class=\"col-md-6\"><b>InnovaGoods<\/b> vous offre les meilleures nouveaut\u00e9s pour la maison, comme <b>Poign\u00e9e de Lit de S\u00e9curit\u00e9 Beddaid InnovaGoods <\/b> ! D\u00e9couvrez une vaste gamme de produits de qualit\u00e9 qui se d\u00e9marquent de par leur fonctionnalit\u00e9, leur efficacit\u00e9 et leur design innovant : \u00e9clairage, organisation, d\u00e9coration, climatisation, jardin, animaux domestiques, nettoyage, etc.<\/p>\n<p>Cette <b>poign\u00e9e de lit aide les personnes <\/b>qui en ont besoin \u00e0 se lever et \u00e0 se coucher plus confortablement et en toute s\u00e9curit\u00e9. Elle dispose de 5 niveaux de hauteur et comprend 2 sangles r\u00e9glables pour la fixer au sommier. L\u2019installation est facile en suivant les instructions.<\/p>\n<p><b>Poign\u00e9e de lit <\/b>qui permet de se lever et de s\u2019allonger pour se mettre au lit et en sortir. Convient aux lits de diff\u00e9rentes tailles et aux sommiers \u00e0 lattes ou tapissiers.<\/p>\n<ul>\n<li><b>Conception ergonomique <\/b>: notre poign\u00e9e de lit vous permet de sortir du lit et de vous allonger plus confortablement et en toute s\u00e9curit\u00e9. Elle offre un soutien utile pour se lever lorsqu\u2019on sort du lit et pour s\u2019allonger lorsqu\u2019on se couche. Id\u00e9ale pour les personnes qui ont besoin d\u2019aide pour se lever et se coucher tous les jours. <\/li>\n<li><b>Adaptable, r\u00e9glable en hauteur <\/b>: cette poign\u00e9e de lit s\u2019adapte \u00e0 la hauteur souhait\u00e9e, puisqu\u2019elle est r\u00e9glable en hauteur de 45 \u00e0 55 cm environ. Ses 5 niveaux de hauteur permettent de choisir jusqu\u2019\u00e0 5 positions diff\u00e9rentes pour une utilisation plus confortable et adapt\u00e9e aux besoins de chacun.<\/li>\n<li><b>2 sangles de fixation r\u00e9glables <\/b>: notre poign\u00e9e d\u2019appui de s\u00e9curit\u00e9 comprend 2 sangles extra-longues pour fixer solidement la base horizontale au sommier. La grande longueur des sangles de fixation (4 m chacune) permet de les adapter \u00e0 diff\u00e9rents types de sommiers (\u00e0 lattes ou tapissiers) et \u00e0 des lits de diff\u00e9rentes tailles.<\/li>\n<li><b>Stabilit\u00e9 et s\u00e9curit\u00e9 maximales <\/b>: cette poign\u00e9e de lit est tr\u00e8s robuste, stable et s\u00fbre. Elle est fabriqu\u00e9e en acier et en aluminium de haute qualit\u00e9. Elle offre une prise ferme et supporte un poids allant jusqu\u2019\u00e0 60 kg. Avant de l\u2019utiliser, assurez-vous qu\u2019elle est bien mont\u00e9e et fix\u00e9e au lit.<\/li>\n<li><b>Portable, installation facile <\/b>: notre poign\u00e9e de lit est facile \u00e0 monter, sans outils. Elle comprend des instructions, un guide illustr\u00e9 et des accessoires de montage. Elle est \u00e9galement l\u00e9g\u00e8re et facile \u00e0 transporter et \u00e0 ranger une fois d\u00e9mont\u00e9e. Elle peut \u00eatre nettoy\u00e9e \u00e0 l\u2019aide d\u2019un chiffon humide.<\/li>\n<\/ul>\n<ul>\n<li>Mat\u00e9riel:\n<ul>\n<li>Acier<\/li>\n<li>Aluminium<\/li>\n<li>polypropyl\u00e8ne<\/li>\n<\/ul>\n<\/li>\n<li>Couleur:\n<ul>\n<li>Blanc<\/li>\n<li>Gris<\/li>\n<\/ul>\n<\/li>\n<li>Type: Edge Entraves Extr\u00eames Sous le Lit<\/li>\n<li>Design moderne et ergonomique: Originale et portative<\/li>\n<li>Hauteur r\u00e9glable: 5 niveaux de hauteur<\/li>\n<li>Sangle de fixation: x2<\/li>\n<li>Caract\u00e9ristiques: Stabilit\u00e9 maximale<\/li>\n<li>Fixation ferme: Utilisation pratique, simple et s\u00fbre<\/li>\n<li>Mat\u00e9riaux de qualit\u00e9: R\u00e9sistante et durable<\/li>\n<li>Poids Max. support\u00e9: 60 Kg<\/li>\n<li>Facile \u00e0 nettoyer: Nettoyage par chiffon humide<\/li>\n<li>Installation simple: Montage sans outils<\/li>\n<li>Inclut:\n<ul>\n<li>Accessoires de montage<\/li>\n<li>Instructions de montage<\/li>\n<\/ul>\n<\/li>\n<li>D\u00e9montable: Facile \u00e0 transporter et \u00e0 ranger<\/li>\n<li>Dimensions approx.: 31,6 x 45-55 x 44,5 cm<\/li>\n<\/ul>\n<p>Packaging et manuel en 24 langues: anglais, fran\u00e7ais, espagnol, allemand, italien, portugais, n\u00e9erlandais, polonais, hongrois, roumain, danois, su\u00e9dois, finnois, lituanien, norv\u00e9gien, slov\u00e8ne, grec, tch\u00e8que, bulgare, croate, slovaque, estonien, russe, letton.<\/p><\/div>\n<div class=\"col-md-6\">\n<div class=\"embed-responsive embed-responsive-16by9\"><\/div>\n<\/div>","protected":false},"excerpt":{"rendered":"<p>InnovaGoods vous offre les meilleures nouveaut\u00e9s pour la maison, comme Poign\u00e9e de Lit de S\u00e9curit\u00e9 Beddaid InnovaGoods ! D\u00e9couvrez une vaste gamme de produits de qualit\u00e9 qui se d\u00e9marquent de par leur fonctionnalit\u00e9, leur efficacit\u00e9 et leur design innovant : \u00e9clairage, organisation, d\u00e9coration, climatisation, jardin, animaux domestiques, nettoyage, etc. Cette poign\u00e9e de lit aide les [&hellip;]<\/p>\n","protected":false},"featured_media":222180,"comment_status":"open","ping_status":"closed","template":"","meta":[],"product_brand":[256],"product_cat":[63,1827,1825,776,1218,752],"product_tag":[567],"woo-feed-brand":[],"class_list":{"0":"post-222190","1":"product","2":"type-product","3":"status-publish","4":"has-post-thumbnail","6":"product_brand-brandp_1281","7":"product_cat-cadeaux-originaux","8":"product_cat-cadeaux-pour-seniors","9":"product_cat-cadeaux-pour-soins-personnels","10":"product_cat-detente-et-bien-etre","11":"product_cat-produits-de-detente","12":"product_cat-sante-beaute","13":"product_tag-tag_556","15":"first","16":"instock","17":"taxable","18":"shipping-taxable","19":"purchasable","20":"product-type-simple"},"yoast_head":"<!-- This site is optimized with the Yoast SEO plugin v27.6 - https:\/\/yoast.com\/product\/yoast-seo-wordpress\/ -->\n<title>Poign\u00e9e de Lit de S\u00e9curit\u00e9 Beddaid InnovaGoods | | Tupique<\/title>\n<meta name=\"description\" content=\"Envie d&#039;acheter Poign\u00e9e de Lit de S\u00e9curit\u00e9 Beddaid InnovaGoods\u00a0? Achetez Poign\u00e9e de Lit de S\u00e9curit\u00e9 Beddaid InnovaGoods maintenant avec Tupique en 3 versements sans int\u00e9r\u00eat.\" \/>\n<meta name=\"robots\" content=\"index, follow, max-snippet:-1, max-image-preview:large, max-video-preview:-1\" \/>\n<link rel=\"canonical\" href=\"https:\/\/tupique.com\/pt\/product\/poignee-de-lit-de-securite-beddaid-innovagoods\/\" \/>\n<meta property=\"og:locale\" content=\"pt_PT\" \/>\n<meta property=\"og:type\" content=\"article\" \/>\n<meta property=\"og:title\" content=\"Poign\u00e9e de Lit de S\u00e9curit\u00e9 Beddaid InnovaGoods | | Tupique\" \/>\n<meta property=\"og:description\" content=\"Envie d&#039;acheter Poign\u00e9e de Lit de S\u00e9curit\u00e9 Beddaid InnovaGoods\u00a0? Achetez Poign\u00e9e de Lit de S\u00e9curit\u00e9 Beddaid InnovaGoods maintenant avec Tupique en 3 versements sans int\u00e9r\u00eat.\" \/>\n<meta property=\"og:url\" content=\"https:\/\/tupique.com\/pt\/product\/poignee-de-lit-de-securite-beddaid-innovagoods\/\" \/>\n<meta property=\"og:site_name\" content=\"Tupique\" \/>\n<meta name=\"twitter:card\" content=\"summary_large_image\" \/>\n<meta name=\"twitter:label1\" content=\"Tempo estimado de leitura\" \/>\n\t<meta name=\"twitter:data1\" content=\"3 minutos\" \/>\n<script type=\"application\/ld+json\" class=\"yoast-schema-graph\">{\"@context\":\"https:\\\/\\\/schema.org\",\"@graph\":[{\"@type\":\"WebPage\",\"@id\":\"https:\\\/\\\/tupique.com\\\/product\\\/poignee-de-lit-de-securite-beddaid-innovagoods\\\/\",\"url\":\"https:\\\/\\\/tupique.com\\\/product\\\/poignee-de-lit-de-securite-beddaid-innovagoods\\\/\",\"name\":\"Poign\u00e9e de Lit de S\u00e9curit\u00e9 Beddaid InnovaGoods | | Tupique\",\"isPartOf\":{\"@id\":\"https:\\\/\\\/tupique.com\\\/#website\"},\"primaryImageOfPage\":{\"@id\":\"https:\\\/\\\/tupique.com\\\/product\\\/poignee-de-lit-de-securite-beddaid-innovagoods\\\/#primaryimage\"},\"image\":{\"@id\":\"https:\\\/\\\/tupique.com\\\/product\\\/poignee-de-lit-de-securite-beddaid-innovagoods\\\/#primaryimage\"},\"thumbnailUrl\":\"https:\\\/\\\/tupique.com\\\/wp-content\\\/uploads\\\/2026\\\/05\\\/8435527826031_V0103819_000_MKT4.jpg\",\"datePublished\":\"2026-05-15T09:44:23+00:00\",\"description\":\"Envie d'acheter Poign\u00e9e de Lit de S\u00e9curit\u00e9 Beddaid InnovaGoods\u00a0? Achetez Poign\u00e9e de Lit de S\u00e9curit\u00e9 Beddaid InnovaGoods maintenant avec Tupique en 3 versements sans int\u00e9r\u00eat.\",\"breadcrumb\":{\"@id\":\"https:\\\/\\\/tupique.com\\\/product\\\/poignee-de-lit-de-securite-beddaid-innovagoods\\\/#breadcrumb\"},\"inLanguage\":\"pt-PT\",\"potentialAction\":[{\"@type\":\"ReadAction\",\"target\":[\"https:\\\/\\\/tupique.com\\\/product\\\/poignee-de-lit-de-securite-beddaid-innovagoods\\\/\"]}]},{\"@type\":\"ImageObject\",\"inLanguage\":\"pt-PT\",\"@id\":\"https:\\\/\\\/tupique.com\\\/product\\\/poignee-de-lit-de-securite-beddaid-innovagoods\\\/#primaryimage\",\"url\":\"https:\\\/\\\/tupique.com\\\/wp-content\\\/uploads\\\/2026\\\/05\\\/8435527826031_V0103819_000_MKT4.jpg\",\"contentUrl\":\"https:\\\/\\\/tupique.com\\\/wp-content\\\/uploads\\\/2026\\\/05\\\/8435527826031_V0103819_000_MKT4.jpg\",\"width\":1200,\"height\":1200,\"caption\":\"V0103819_0\"},{\"@type\":\"BreadcrumbList\",\"@id\":\"https:\\\/\\\/tupique.com\\\/product\\\/poignee-de-lit-de-securite-beddaid-innovagoods\\\/#breadcrumb\",\"itemListElement\":[{\"@type\":\"ListItem\",\"position\":1,\"name\":\"commencer\",\"item\":\"https:\\\/\\\/tupique.com\\\/\"},{\"@type\":\"ListItem\",\"position\":2,\"name\":\"Loja\",\"item\":\"https:\\\/\\\/tupique.com\\\/pt\\\/loja\\\/\"},{\"@type\":\"ListItem\",\"position\":3,\"name\":\"Poign\u00e9e de Lit de S\u00e9curit\u00e9 Beddaid InnovaGoods\"}]},{\"@type\":\"WebSite\",\"@id\":\"https:\\\/\\\/tupique.com\\\/#website\",\"url\":\"https:\\\/\\\/tupique.com\\\/\",\"name\":\"Tupique\",\"description\":\"\",\"publisher\":{\"@id\":\"https:\\\/\\\/tupique.com\\\/#organization\"},\"potentialAction\":[{\"@type\":\"SearchAction\",\"target\":{\"@type\":\"EntryPoint\",\"urlTemplate\":\"https:\\\/\\\/tupique.com\\\/?s={search_term_string}\"},\"query-input\":{\"@type\":\"PropertyValueSpecification\",\"valueRequired\":true,\"valueName\":\"search_term_string\"}}],\"inLanguage\":\"pt-PT\"},{\"@type\":\"Organization\",\"@id\":\"https:\\\/\\\/tupique.com\\\/#organization\",\"name\":\"Tupique\",\"url\":\"https:\\\/\\\/tupique.com\\\/\",\"logo\":{\"@type\":\"ImageObject\",\"inLanguage\":\"pt-PT\",\"@id\":\"https:\\\/\\\/tupique.com\\\/#\\\/schema\\\/logo\\\/image\\\/\",\"url\":\"https:\\\/\\\/tupique.com\\\/wp-content\\\/uploads\\\/2026\\\/03\\\/logo-tupique-1.webp\",\"contentUrl\":\"https:\\\/\\\/tupique.com\\\/wp-content\\\/uploads\\\/2026\\\/03\\\/logo-tupique-1.webp\",\"width\":500,\"height\":67,\"caption\":\"Tupique\"},\"image\":{\"@id\":\"https:\\\/\\\/tupique.com\\\/#\\\/schema\\\/logo\\\/image\\\/\"}}]}<\/script>\n<!-- \/ Yoast SEO plugin. -->","yoast_head_json":{"title":"Poign\u00e9e de Lit de S\u00e9curit\u00e9 Beddaid InnovaGoods | | Tupique","description":"Envie d'acheter Poign\u00e9e de Lit de S\u00e9curit\u00e9 Beddaid InnovaGoods\u00a0? Achetez Poign\u00e9e de Lit de S\u00e9curit\u00e9 Beddaid InnovaGoods maintenant avec Tupique en 3 versements sans int\u00e9r\u00eat.","robots":{"index":"index","follow":"follow","max-snippet":"max-snippet:-1","max-image-preview":"max-image-preview:large","max-video-preview":"max-video-preview:-1"},"canonical":"https:\/\/tupique.com\/pt\/product\/poignee-de-lit-de-securite-beddaid-innovagoods\/","og_locale":"pt_PT","og_type":"article","og_title":"Poign\u00e9e de Lit de S\u00e9curit\u00e9 Beddaid InnovaGoods | | Tupique","og_description":"Envie d'acheter Poign\u00e9e de Lit de S\u00e9curit\u00e9 Beddaid InnovaGoods\u00a0? Achetez Poign\u00e9e de Lit de S\u00e9curit\u00e9 Beddaid InnovaGoods maintenant avec Tupique en 3 versements sans int\u00e9r\u00eat.","og_url":"https:\/\/tupique.com\/pt\/product\/poignee-de-lit-de-securite-beddaid-innovagoods\/","og_site_name":"Tupique","twitter_card":"summary_large_image","twitter_misc":{"Tempo estimado de leitura":"3 minutos"},"schema":{"@context":"https:\/\/schema.org","@graph":[{"@type":"WebPage","@id":"https:\/\/tupique.com\/product\/poignee-de-lit-de-securite-beddaid-innovagoods\/","url":"https:\/\/tupique.com\/product\/poignee-de-lit-de-securite-beddaid-innovagoods\/","name":"Poign\u00e9e de Lit de S\u00e9curit\u00e9 Beddaid InnovaGoods | | Tupique","isPartOf":{"@id":"https:\/\/tupique.com\/#website"},"primaryImageOfPage":{"@id":"https:\/\/tupique.com\/product\/poignee-de-lit-de-securite-beddaid-innovagoods\/#primaryimage"},"image":{"@id":"https:\/\/tupique.com\/product\/poignee-de-lit-de-securite-beddaid-innovagoods\/#primaryimage"},"thumbnailUrl":"https:\/\/tupique.com\/wp-content\/uploads\/2026\/05\/8435527826031_V0103819_000_MKT4.jpg","datePublished":"2026-05-15T09:44:23+00:00","description":"Envie d'acheter Poign\u00e9e de Lit de S\u00e9curit\u00e9 Beddaid InnovaGoods\u00a0? Achetez Poign\u00e9e de Lit de S\u00e9curit\u00e9 Beddaid InnovaGoods maintenant avec Tupique en 3 versements sans int\u00e9r\u00eat.","breadcrumb":{"@id":"https:\/\/tupique.com\/product\/poignee-de-lit-de-securite-beddaid-innovagoods\/#breadcrumb"},"inLanguage":"pt-PT","potentialAction":[{"@type":"ReadAction","target":["https:\/\/tupique.com\/product\/poignee-de-lit-de-securite-beddaid-innovagoods\/"]}]},{"@type":"ImageObject","inLanguage":"pt-PT","@id":"https:\/\/tupique.com\/product\/poignee-de-lit-de-securite-beddaid-innovagoods\/#primaryimage","url":"https:\/\/tupique.com\/wp-content\/uploads\/2026\/05\/8435527826031_V0103819_000_MKT4.jpg","contentUrl":"https:\/\/tupique.com\/wp-content\/uploads\/2026\/05\/8435527826031_V0103819_000_MKT4.jpg","width":1200,"height":1200,"caption":"V0103819_0"},{"@type":"BreadcrumbList","@id":"https:\/\/tupique.com\/product\/poignee-de-lit-de-securite-beddaid-innovagoods\/#breadcrumb","itemListElement":[{"@type":"ListItem","position":1,"name":"commencer","item":"https:\/\/tupique.com\/"},{"@type":"ListItem","position":2,"name":"Loja","item":"https:\/\/tupique.com\/pt\/loja\/"},{"@type":"ListItem","position":3,"name":"Poign\u00e9e de Lit de S\u00e9curit\u00e9 Beddaid InnovaGoods"}]},{"@type":"WebSite","@id":"https:\/\/tupique.com\/#website","url":"https:\/\/tupique.com\/","name":"Tupique","description":"","publisher":{"@id":"https:\/\/tupique.com\/#organization"},"potentialAction":[{"@type":"SearchAction","target":{"@type":"EntryPoint","urlTemplate":"https:\/\/tupique.com\/?s={search_term_string}"},"query-input":{"@type":"PropertyValueSpecification","valueRequired":true,"valueName":"search_term_string"}}],"inLanguage":"pt-PT"},{"@type":"Organization","@id":"https:\/\/tupique.com\/#organization","name":"Tupique","url":"https:\/\/tupique.com\/","logo":{"@type":"ImageObject","inLanguage":"pt-PT","@id":"https:\/\/tupique.com\/#\/schema\/logo\/image\/","url":"https:\/\/tupique.com\/wp-content\/uploads\/2026\/03\/logo-tupique-1.webp","contentUrl":"https:\/\/tupique.com\/wp-content\/uploads\/2026\/03\/logo-tupique-1.webp","width":500,"height":67,"caption":"Tupique"},"image":{"@id":"https:\/\/tupique.com\/#\/schema\/logo\/image\/"}}]}},"_links":{"self":[{"href":"https:\/\/tupique.com\/pt\/wp-json\/wp\/v2\/product\/222190","targetHints":{"allow":["GET"]}}],"collection":[{"href":"https:\/\/tupique.com\/pt\/wp-json\/wp\/v2\/product"}],"about":[{"href":"https:\/\/tupique.com\/pt\/wp-json\/wp\/v2\/types\/product"}],"replies":[{"embeddable":true,"href":"https:\/\/tupique.com\/pt\/wp-json\/wp\/v2\/comments?post=222190"}],"wp:featuredmedia":[{"embeddable":true,"href":"https:\/\/tupique.com\/pt\/wp-json\/wp\/v2\/media\/222180"}],"wp:attachment":[{"href":"https:\/\/tupique.com\/pt\/wp-json\/wp\/v2\/media?parent=222190"}],"wp:term":[{"taxonomy":"product_brand","embeddable":true,"href":"https:\/\/tupique.com\/pt\/wp-json\/wp\/v2\/product_brand?post=222190"},{"taxonomy":"product_cat","embeddable":true,"href":"https:\/\/tupique.com\/pt\/wp-json\/wp\/v2\/product_cat?post=222190"},{"taxonomy":"product_tag","embeddable":true,"href":"https:\/\/tupique.com\/pt\/wp-json\/wp\/v2\/product_tag?post=222190"},{"taxonomy":"woo-feed-brand","embeddable":true,"href":"https:\/\/tupique.com\/pt\/wp-json\/wp\/v2\/woo-feed-brand?post=222190"}],"curies":[{"name":"wp","href":"https:\/\/api.w.org\/{rel}","templated":true}]}}