{"id":222799,"date":"2026-05-15T12:42:55","date_gmt":"2026-05-15T10:42:55","guid":{"rendered":"https:\/\/tupique.com\/product\/parure-de-couette-multicouleur-220-x-240-cm\/"},"modified":"2026-05-15T12:52:08","modified_gmt":"2026-05-15T10:52:08","slug":"parure-de-couette-multicouleur-220-x-240-cm","status":"publish","type":"product","link":"https:\/\/tupique.com\/pt\/product\/parure-de-couette-multicouleur-220-x-240-cm\/","title":{"rendered":"Parure de couette Multicouleur 220 x 240 cm"},"content":{"rendered":"<p>Si vous aimez prendre soin de chaque d\u00e9tail de votre maison et d&#8217;\u00eatre \u00e0 la derni\u00e8re mode en mati\u00e8re de produits qui vous rendront la vie plus facile, achetez <b>Parure de couette Multicouleur 220 x 240 cm<\/b> au meilleur prix.<\/p>\n<p>Ler <b>jeu de housse de couette<\/b> BigBuy Home allie fonctionnalit\u00e9 et confort avec un design attrayant et des mat\u00e9riaux de qualit\u00e9. Ce set comprend une <b>housse de couette de 220 x 240 cm<\/b> ainsi que deux <b>taies d\u2019oreiller de 60 x 60 cm<\/b>, adapt\u00e9es aux lits grands ou tr\u00e8s grands. Il est confectionn\u00e9 en <b>coton 100 % satin<\/b>, un tissu qui offre douceur et toucher soyeux, favorisant un sommeil agr\u00e9able et confortable. La composition en coton assure une bonne respirabilit\u00e9 et r\u00e9sistance, id\u00e9ales pour r\u00e9guler la temp\u00e9rature corporelle la nuit et maintenir la fra\u00eecheur au quotidien. Le design associe des tons <b>bruns et multicolores<\/b>, int\u00e9grant une esth\u00e9tique pouvant compl\u00e9ter diverses d\u00e9corations et styles de chambre, apportant une ambiance chaleureuse et \u00e9l\u00e9gante. La qualit\u00e9 de la finition et la confection soign\u00e9e font de ce jeu une option pratique pour renouveler le linge de lit avec un produit durable et visuellement attractif. Cet ensemble est parfait pour ceux qui recherchent une solution compl\u00e8te incluant housse de couette et taies d\u2019oreiller, fabriqu\u00e9 avec des mat\u00e9riaux naturels facilitant l\u2019entretien et offrant du confort. En r\u00e9sum\u00e9, le jeu de housse de couette BigBuy Home se distingue par son \u00e9quilibre entre taille, qualit\u00e9 du tissu et design s\u00e9duisant.<\/p>\n<ul>\n<li>Couleur:\n<ul>\n<li>Multicouleur<\/li>\n<li>Marron<\/li>\n<\/ul>\n<\/li>\n<li>Composition: Coton<\/li>\n<li>Inclut: Taie d&#8217;oreiller x 2<\/li>\n<li>Type: Parure de couette<\/li>\n<li>Taille de la housse de couette: 220 x 240 cm<\/li>\n<\/ul>","protected":false},"excerpt":{"rendered":"<p>Si vous aimez prendre soin de chaque d\u00e9tail de votre maison et d&#8217;\u00eatre \u00e0 la derni\u00e8re mode en mati\u00e8re de produits qui vous rendront la vie plus facile, achetez Parure de couette Multicouleur 220 x 240 cm au meilleur prix. Le jeu de housse de couette BigBuy Home allie fonctionnalit\u00e9 et confort avec un design [&hellip;]<\/p>\n","protected":false},"featured_media":222795,"comment_status":"open","ping_status":"closed","template":"","meta":[],"product_brand":[122],"product_cat":[1532,239,1533],"product_tag":[208],"woo-feed-brand":[],"class_list":{"0":"post-222799","1":"product","2":"type-product","3":"status-publish","4":"has-post-thumbnail","6":"product_brand-brandp_2386","7":"product_cat-linge-de-maison","8":"product_cat-maison-jardin","9":"product_cat-tapis-et-couvertures","10":"product_tag-tag_587","12":"first","13":"instock","14":"taxable","15":"shipping-taxable","16":"purchasable","17":"product-type-simple"},"yoast_head":"<!-- This site is optimized with the Yoast SEO plugin v27.6 - https:\/\/yoast.com\/product\/yoast-seo-wordpress\/ -->\n<title>Parure de couette Multicouleur 220 x 240 cm | | Tupique<\/title>\n<meta name=\"description\" content=\"Envie d&#039;acheter Parure de couette Multicouleur 220 x 240 cm\u00a0? Achetez Parure de couette Multicouleur 220 x 240 cm maintenant avec Tupique en 3 versements sans int\u00e9r\u00eat.\" \/>\n<meta name=\"robots\" content=\"index, follow, max-snippet:-1, max-image-preview:large, max-video-preview:-1\" \/>\n<link rel=\"canonical\" href=\"https:\/\/tupique.com\/pt\/product\/parure-de-couette-multicouleur-220-x-240-cm\/\" \/>\n<meta property=\"og:locale\" content=\"pt_PT\" \/>\n<meta property=\"og:type\" content=\"article\" \/>\n<meta property=\"og:title\" content=\"Parure de couette Multicouleur 220 x 240 cm | | Tupique\" \/>\n<meta property=\"og:description\" content=\"Envie d&#039;acheter Parure de couette Multicouleur 220 x 240 cm\u00a0? Achetez Parure de couette Multicouleur 220 x 240 cm maintenant avec Tupique en 3 versements sans int\u00e9r\u00eat.\" \/>\n<meta property=\"og:url\" content=\"https:\/\/tupique.com\/pt\/product\/parure-de-couette-multicouleur-220-x-240-cm\/\" \/>\n<meta property=\"og:site_name\" content=\"Tupique\" \/>\n<meta property=\"article:modified_time\" content=\"2026-05-15T10:52:08+00:00\" \/>\n<meta property=\"og:image\" content=\"https:\/\/tupique.com\/wp-content\/uploads\/2026\/05\/8684283035717_S71019471_P00.jpg\" \/>\n\t<meta property=\"og:image:width\" content=\"1200\" \/>\n\t<meta property=\"og:image:height\" content=\"1200\" \/>\n\t<meta property=\"og:image:type\" content=\"image\/jpeg\" \/>\n<meta name=\"twitter:card\" content=\"summary_large_image\" \/>\n<meta name=\"twitter:label1\" content=\"Tempo estimado de leitura\" \/>\n\t<meta name=\"twitter:data1\" content=\"1 minuto\" \/>\n<script type=\"application\/ld+json\" class=\"yoast-schema-graph\">{\"@context\":\"https:\\\/\\\/schema.org\",\"@graph\":[{\"@type\":\"WebPage\",\"@id\":\"https:\\\/\\\/tupique.com\\\/product\\\/parure-de-couette-multicouleur-220-x-240-cm\\\/\",\"url\":\"https:\\\/\\\/tupique.com\\\/product\\\/parure-de-couette-multicouleur-220-x-240-cm\\\/\",\"name\":\"Parure de couette Multicouleur 220 x 240 cm | | Tupique\",\"isPartOf\":{\"@id\":\"https:\\\/\\\/tupique.com\\\/#website\"},\"primaryImageOfPage\":{\"@id\":\"https:\\\/\\\/tupique.com\\\/product\\\/parure-de-couette-multicouleur-220-x-240-cm\\\/#primaryimage\"},\"image\":{\"@id\":\"https:\\\/\\\/tupique.com\\\/product\\\/parure-de-couette-multicouleur-220-x-240-cm\\\/#primaryimage\"},\"thumbnailUrl\":\"https:\\\/\\\/tupique.com\\\/wp-content\\\/uploads\\\/2026\\\/05\\\/8684283035717_S71019471_P00.jpg\",\"datePublished\":\"2026-05-15T10:42:55+00:00\",\"dateModified\":\"2026-05-15T10:52:08+00:00\",\"description\":\"Envie d'acheter Parure de couette Multicouleur 220 x 240 cm\u00a0? Achetez Parure de couette Multicouleur 220 x 240 cm maintenant avec Tupique en 3 versements sans int\u00e9r\u00eat.\",\"breadcrumb\":{\"@id\":\"https:\\\/\\\/tupique.com\\\/product\\\/parure-de-couette-multicouleur-220-x-240-cm\\\/#breadcrumb\"},\"inLanguage\":\"pt-PT\",\"potentialAction\":[{\"@type\":\"ReadAction\",\"target\":[\"https:\\\/\\\/tupique.com\\\/product\\\/parure-de-couette-multicouleur-220-x-240-cm\\\/\"]}]},{\"@type\":\"ImageObject\",\"inLanguage\":\"pt-PT\",\"@id\":\"https:\\\/\\\/tupique.com\\\/product\\\/parure-de-couette-multicouleur-220-x-240-cm\\\/#primaryimage\",\"url\":\"https:\\\/\\\/tupique.com\\\/wp-content\\\/uploads\\\/2026\\\/05\\\/8684283035717_S71019471_P00.jpg\",\"contentUrl\":\"https:\\\/\\\/tupique.com\\\/wp-content\\\/uploads\\\/2026\\\/05\\\/8684283035717_S71019471_P00.jpg\",\"width\":1200,\"height\":1200,\"caption\":\"S0863697_0\"},{\"@type\":\"BreadcrumbList\",\"@id\":\"https:\\\/\\\/tupique.com\\\/product\\\/parure-de-couette-multicouleur-220-x-240-cm\\\/#breadcrumb\",\"itemListElement\":[{\"@type\":\"ListItem\",\"position\":1,\"name\":\"commencer\",\"item\":\"https:\\\/\\\/tupique.com\\\/\"},{\"@type\":\"ListItem\",\"position\":2,\"name\":\"Loja\",\"item\":\"https:\\\/\\\/tupique.com\\\/pt\\\/loja\\\/\"},{\"@type\":\"ListItem\",\"position\":3,\"name\":\"Parure de couette Multicouleur 220 x 240 cm\"}]},{\"@type\":\"WebSite\",\"@id\":\"https:\\\/\\\/tupique.com\\\/#website\",\"url\":\"https:\\\/\\\/tupique.com\\\/\",\"name\":\"Tupique\",\"description\":\"\",\"publisher\":{\"@id\":\"https:\\\/\\\/tupique.com\\\/#organization\"},\"potentialAction\":[{\"@type\":\"SearchAction\",\"target\":{\"@type\":\"EntryPoint\",\"urlTemplate\":\"https:\\\/\\\/tupique.com\\\/?s={search_term_string}\"},\"query-input\":{\"@type\":\"PropertyValueSpecification\",\"valueRequired\":true,\"valueName\":\"search_term_string\"}}],\"inLanguage\":\"pt-PT\"},{\"@type\":\"Organization\",\"@id\":\"https:\\\/\\\/tupique.com\\\/#organization\",\"name\":\"Tupique\",\"url\":\"https:\\\/\\\/tupique.com\\\/\",\"logo\":{\"@type\":\"ImageObject\",\"inLanguage\":\"pt-PT\",\"@id\":\"https:\\\/\\\/tupique.com\\\/#\\\/schema\\\/logo\\\/image\\\/\",\"url\":\"https:\\\/\\\/tupique.com\\\/wp-content\\\/uploads\\\/2026\\\/03\\\/logo-tupique-1.webp\",\"contentUrl\":\"https:\\\/\\\/tupique.com\\\/wp-content\\\/uploads\\\/2026\\\/03\\\/logo-tupique-1.webp\",\"width\":500,\"height\":67,\"caption\":\"Tupique\"},\"image\":{\"@id\":\"https:\\\/\\\/tupique.com\\\/#\\\/schema\\\/logo\\\/image\\\/\"}}]}<\/script>\n<!-- \/ Yoast SEO plugin. -->","yoast_head_json":{"title":"Parure de couette Multicouleur 220 x 240 cm | | Tupique","description":"Envie d'acheter Parure de couette Multicouleur 220 x 240 cm\u00a0? Achetez Parure de couette Multicouleur 220 x 240 cm maintenant avec Tupique en 3 versements sans int\u00e9r\u00eat.","robots":{"index":"index","follow":"follow","max-snippet":"max-snippet:-1","max-image-preview":"max-image-preview:large","max-video-preview":"max-video-preview:-1"},"canonical":"https:\/\/tupique.com\/pt\/product\/parure-de-couette-multicouleur-220-x-240-cm\/","og_locale":"pt_PT","og_type":"article","og_title":"Parure de couette Multicouleur 220 x 240 cm | | Tupique","og_description":"Envie d'acheter Parure de couette Multicouleur 220 x 240 cm\u00a0? Achetez Parure de couette Multicouleur 220 x 240 cm maintenant avec Tupique en 3 versements sans int\u00e9r\u00eat.","og_url":"https:\/\/tupique.com\/pt\/product\/parure-de-couette-multicouleur-220-x-240-cm\/","og_site_name":"Tupique","article_modified_time":"2026-05-15T10:52:08+00:00","og_image":[{"width":1200,"height":1200,"url":"https:\/\/tupique.com\/wp-content\/uploads\/2026\/05\/8684283035717_S71019471_P00.jpg","type":"image\/jpeg"}],"twitter_card":"summary_large_image","twitter_misc":{"Tempo estimado de leitura":"1 minuto"},"schema":{"@context":"https:\/\/schema.org","@graph":[{"@type":"WebPage","@id":"https:\/\/tupique.com\/product\/parure-de-couette-multicouleur-220-x-240-cm\/","url":"https:\/\/tupique.com\/product\/parure-de-couette-multicouleur-220-x-240-cm\/","name":"Parure de couette Multicouleur 220 x 240 cm | | Tupique","isPartOf":{"@id":"https:\/\/tupique.com\/#website"},"primaryImageOfPage":{"@id":"https:\/\/tupique.com\/product\/parure-de-couette-multicouleur-220-x-240-cm\/#primaryimage"},"image":{"@id":"https:\/\/tupique.com\/product\/parure-de-couette-multicouleur-220-x-240-cm\/#primaryimage"},"thumbnailUrl":"https:\/\/tupique.com\/wp-content\/uploads\/2026\/05\/8684283035717_S71019471_P00.jpg","datePublished":"2026-05-15T10:42:55+00:00","dateModified":"2026-05-15T10:52:08+00:00","description":"Envie d'acheter Parure de couette Multicouleur 220 x 240 cm\u00a0? Achetez Parure de couette Multicouleur 220 x 240 cm maintenant avec Tupique en 3 versements sans int\u00e9r\u00eat.","breadcrumb":{"@id":"https:\/\/tupique.com\/product\/parure-de-couette-multicouleur-220-x-240-cm\/#breadcrumb"},"inLanguage":"pt-PT","potentialAction":[{"@type":"ReadAction","target":["https:\/\/tupique.com\/product\/parure-de-couette-multicouleur-220-x-240-cm\/"]}]},{"@type":"ImageObject","inLanguage":"pt-PT","@id":"https:\/\/tupique.com\/product\/parure-de-couette-multicouleur-220-x-240-cm\/#primaryimage","url":"https:\/\/tupique.com\/wp-content\/uploads\/2026\/05\/8684283035717_S71019471_P00.jpg","contentUrl":"https:\/\/tupique.com\/wp-content\/uploads\/2026\/05\/8684283035717_S71019471_P00.jpg","width":1200,"height":1200,"caption":"S0863697_0"},{"@type":"BreadcrumbList","@id":"https:\/\/tupique.com\/product\/parure-de-couette-multicouleur-220-x-240-cm\/#breadcrumb","itemListElement":[{"@type":"ListItem","position":1,"name":"commencer","item":"https:\/\/tupique.com\/"},{"@type":"ListItem","position":2,"name":"Loja","item":"https:\/\/tupique.com\/pt\/loja\/"},{"@type":"ListItem","position":3,"name":"Parure de couette Multicouleur 220 x 240 cm"}]},{"@type":"WebSite","@id":"https:\/\/tupique.com\/#website","url":"https:\/\/tupique.com\/","name":"Tupique","description":"","publisher":{"@id":"https:\/\/tupique.com\/#organization"},"potentialAction":[{"@type":"SearchAction","target":{"@type":"EntryPoint","urlTemplate":"https:\/\/tupique.com\/?s={search_term_string}"},"query-input":{"@type":"PropertyValueSpecification","valueRequired":true,"valueName":"search_term_string"}}],"inLanguage":"pt-PT"},{"@type":"Organization","@id":"https:\/\/tupique.com\/#organization","name":"Tupique","url":"https:\/\/tupique.com\/","logo":{"@type":"ImageObject","inLanguage":"pt-PT","@id":"https:\/\/tupique.com\/#\/schema\/logo\/image\/","url":"https:\/\/tupique.com\/wp-content\/uploads\/2026\/03\/logo-tupique-1.webp","contentUrl":"https:\/\/tupique.com\/wp-content\/uploads\/2026\/03\/logo-tupique-1.webp","width":500,"height":67,"caption":"Tupique"},"image":{"@id":"https:\/\/tupique.com\/#\/schema\/logo\/image\/"}}]}},"_links":{"self":[{"href":"https:\/\/tupique.com\/pt\/wp-json\/wp\/v2\/product\/222799","targetHints":{"allow":["GET"]}}],"collection":[{"href":"https:\/\/tupique.com\/pt\/wp-json\/wp\/v2\/product"}],"about":[{"href":"https:\/\/tupique.com\/pt\/wp-json\/wp\/v2\/types\/product"}],"replies":[{"embeddable":true,"href":"https:\/\/tupique.com\/pt\/wp-json\/wp\/v2\/comments?post=222799"}],"wp:featuredmedia":[{"embeddable":true,"href":"https:\/\/tupique.com\/pt\/wp-json\/wp\/v2\/media\/222795"}],"wp:attachment":[{"href":"https:\/\/tupique.com\/pt\/wp-json\/wp\/v2\/media?parent=222799"}],"wp:term":[{"taxonomy":"product_brand","embeddable":true,"href":"https:\/\/tupique.com\/pt\/wp-json\/wp\/v2\/product_brand?post=222799"},{"taxonomy":"product_cat","embeddable":true,"href":"https:\/\/tupique.com\/pt\/wp-json\/wp\/v2\/product_cat?post=222799"},{"taxonomy":"product_tag","embeddable":true,"href":"https:\/\/tupique.com\/pt\/wp-json\/wp\/v2\/product_tag?post=222799"},{"taxonomy":"woo-feed-brand","embeddable":true,"href":"https:\/\/tupique.com\/pt\/wp-json\/wp\/v2\/woo-feed-brand?post=222799"}],"curies":[{"name":"wp","href":"https:\/\/api.w.org\/{rel}","templated":true}]}}