{"id":223169,"date":"2026-05-15T14:43:40","date_gmt":"2026-05-15T12:43:40","guid":{"rendered":"https:\/\/tupique.com\/product\/pile-alcaline-kodak-lr20-15-v-2-pcs\/"},"modified":"2026-05-15T14:43:40","modified_gmt":"2026-05-15T12:43:40","slug":"pile-alcaline-kodak-lr20-15-v-2-pcs","status":"publish","type":"product","link":"https:\/\/tupique.com\/pt\/product\/pile-alcaline-kodak-lr20-15-v-2-pcs\/","title":{"rendered":"Pile Alcaline Kodak LR20 1,5 V (2 pcs)"},"content":{"rendered":"<p>Si vous \u00eates passionn\u00e9 d&#8217;<b>informatique et d&#8217;\u00e9lectronique<\/b>, si vous \u00eates \u00e0 la pointe de la technologie et qu&#8217;aucun d\u00e9tail ne vous \u00e9chappe, achetez <b>Pile Alcaline Kodak LR20 1,5 V (2 pcs)<\/b> au meilleur prix.<\/p>\n<ul>\n<li>puissance: 1,5 V<\/li>\n<li>Tipo:\n<ul>\n<li>Batteries<\/li>\n<li>Pile Alcaline<\/li>\n<\/ul>\n<\/li>\n<li>Type de batterie:\n<ul>\n<li>LR-Type<\/li>\n<li>D<\/li>\n<\/ul>\n<\/li>\n<li>Tension: 1,5 V<\/li>\n<li>Nombre de pi\u00e8ces: 2 Pi\u00e8ces<\/li>\n<li>Nombre de batteries: 2<\/li>\n<\/ul>","protected":false},"excerpt":{"rendered":"<p>Si vous \u00eates passionn\u00e9 d&#8217;informatique et d&#8217;\u00e9lectronique, si vous \u00eates \u00e0 la pointe de la technologie et qu&#8217;aucun d\u00e9tail ne vous \u00e9chappe, achetez Pile Alcaline Kodak LR20 1,5 V (2 pcs) au meilleur prix. puissance: 1,5 V Type: Batteries Pile Alcaline Type de batterie: LR-Type D Tension: 1,5 V Nombre de pi\u00e8ces: 2 Pi\u00e8ces Nombre [&hellip;]<\/p>\n","protected":false},"featured_media":223168,"comment_status":"open","ping_status":"closed","template":"","meta":[],"product_brand":[636],"product_cat":[3248,65,3249],"product_tag":[210,106],"woo-feed-brand":[],"class_list":{"0":"post-223169","1":"product","2":"type-product","3":"status-publish","4":"has-post-thumbnail","6":"product_brand-brandp_1699","7":"product_cat-electronique-piles-et-batteries","8":"product_cat-informatique-electronique","9":"product_cat-piles-alcalines","10":"product_tag-tag_25","11":"product_tag-tag_1295","13":"first","14":"instock","15":"taxable","16":"shipping-taxable","17":"purchasable","18":"product-type-simple"},"yoast_head":"<!-- This site is optimized with the Yoast SEO plugin v27.6 - https:\/\/yoast.com\/product\/yoast-seo-wordpress\/ -->\n<title>Pile Alcaline Kodak LR20 1,5 V (2 pcs) | | Tupique<\/title>\n<meta name=\"description\" content=\"Envie d&#039;acheter Pile Alcaline Kodak LR20 1,5 V (2 pcs)\u00a0? Achetez Pile Alcaline Kodak LR20 1,5 V (2 pcs) maintenant avec Tupique en 3 versements sans int\u00e9r\u00eat.\" \/>\n<meta name=\"robots\" content=\"index, follow, max-snippet:-1, max-image-preview:large, max-video-preview:-1\" \/>\n<link rel=\"canonical\" href=\"https:\/\/tupique.com\/pt\/product\/pile-alcaline-kodak-lr20-15-v-2-pcs\/\" \/>\n<meta property=\"og:locale\" content=\"pt_PT\" \/>\n<meta property=\"og:type\" content=\"article\" \/>\n<meta property=\"og:title\" content=\"Pile Alcaline Kodak LR20 1,5 V (2 pcs) | | Tupique\" \/>\n<meta property=\"og:description\" content=\"Envie d&#039;acheter Pile Alcaline Kodak LR20 1,5 V (2 pcs)\u00a0? Achetez Pile Alcaline Kodak LR20 1,5 V (2 pcs) maintenant avec Tupique en 3 versements sans int\u00e9r\u00eat.\" \/>\n<meta property=\"og:url\" content=\"https:\/\/tupique.com\/pt\/product\/pile-alcaline-kodak-lr20-15-v-2-pcs\/\" \/>\n<meta property=\"og:site_name\" content=\"Tupique\" \/>\n<meta name=\"twitter:card\" content=\"summary_large_image\" \/>\n<script type=\"application\/ld+json\" class=\"yoast-schema-graph\">{\"@context\":\"https:\\\/\\\/schema.org\",\"@graph\":[{\"@type\":\"WebPage\",\"@id\":\"https:\\\/\\\/tupique.com\\\/product\\\/pile-alcaline-kodak-lr20-15-v-2-pcs\\\/\",\"url\":\"https:\\\/\\\/tupique.com\\\/product\\\/pile-alcaline-kodak-lr20-15-v-2-pcs\\\/\",\"name\":\"Pile Alcaline Kodak LR20 1,5 V (2 pcs) | | Tupique\",\"isPartOf\":{\"@id\":\"https:\\\/\\\/tupique.com\\\/#website\"},\"primaryImageOfPage\":{\"@id\":\"https:\\\/\\\/tupique.com\\\/product\\\/pile-alcaline-kodak-lr20-15-v-2-pcs\\\/#primaryimage\"},\"image\":{\"@id\":\"https:\\\/\\\/tupique.com\\\/product\\\/pile-alcaline-kodak-lr20-15-v-2-pcs\\\/#primaryimage\"},\"thumbnailUrl\":\"https:\\\/\\\/tupique.com\\\/wp-content\\\/uploads\\\/2026\\\/05\\\/0887930952841_0_P03.jpg\",\"datePublished\":\"2026-05-15T12:43:40+00:00\",\"description\":\"Envie d'acheter Pile Alcaline Kodak LR20 1,5 V (2 pcs)\u00a0? Achetez Pile Alcaline Kodak LR20 1,5 V (2 pcs) maintenant avec Tupique en 3 versements sans int\u00e9r\u00eat.\",\"breadcrumb\":{\"@id\":\"https:\\\/\\\/tupique.com\\\/product\\\/pile-alcaline-kodak-lr20-15-v-2-pcs\\\/#breadcrumb\"},\"inLanguage\":\"pt-PT\",\"potentialAction\":[{\"@type\":\"ReadAction\",\"target\":[\"https:\\\/\\\/tupique.com\\\/product\\\/pile-alcaline-kodak-lr20-15-v-2-pcs\\\/\"]}]},{\"@type\":\"ImageObject\",\"inLanguage\":\"pt-PT\",\"@id\":\"https:\\\/\\\/tupique.com\\\/product\\\/pile-alcaline-kodak-lr20-15-v-2-pcs\\\/#primaryimage\",\"url\":\"https:\\\/\\\/tupique.com\\\/wp-content\\\/uploads\\\/2026\\\/05\\\/0887930952841_0_P03.jpg\",\"contentUrl\":\"https:\\\/\\\/tupique.com\\\/wp-content\\\/uploads\\\/2026\\\/05\\\/0887930952841_0_P03.jpg\",\"width\":1200,\"height\":1200,\"caption\":\"S0408541_0\"},{\"@type\":\"BreadcrumbList\",\"@id\":\"https:\\\/\\\/tupique.com\\\/product\\\/pile-alcaline-kodak-lr20-15-v-2-pcs\\\/#breadcrumb\",\"itemListElement\":[{\"@type\":\"ListItem\",\"position\":1,\"name\":\"commencer\",\"item\":\"https:\\\/\\\/tupique.com\\\/\"},{\"@type\":\"ListItem\",\"position\":2,\"name\":\"Loja\",\"item\":\"https:\\\/\\\/tupique.com\\\/pt\\\/loja\\\/\"},{\"@type\":\"ListItem\",\"position\":3,\"name\":\"Pile Alcaline Kodak LR20 1,5 V (2 pcs)\"}]},{\"@type\":\"WebSite\",\"@id\":\"https:\\\/\\\/tupique.com\\\/#website\",\"url\":\"https:\\\/\\\/tupique.com\\\/\",\"name\":\"Tupique\",\"description\":\"\",\"publisher\":{\"@id\":\"https:\\\/\\\/tupique.com\\\/#organization\"},\"potentialAction\":[{\"@type\":\"SearchAction\",\"target\":{\"@type\":\"EntryPoint\",\"urlTemplate\":\"https:\\\/\\\/tupique.com\\\/?s={search_term_string}\"},\"query-input\":{\"@type\":\"PropertyValueSpecification\",\"valueRequired\":true,\"valueName\":\"search_term_string\"}}],\"inLanguage\":\"pt-PT\"},{\"@type\":\"Organization\",\"@id\":\"https:\\\/\\\/tupique.com\\\/#organization\",\"name\":\"Tupique\",\"url\":\"https:\\\/\\\/tupique.com\\\/\",\"logo\":{\"@type\":\"ImageObject\",\"inLanguage\":\"pt-PT\",\"@id\":\"https:\\\/\\\/tupique.com\\\/#\\\/schema\\\/logo\\\/image\\\/\",\"url\":\"https:\\\/\\\/tupique.com\\\/wp-content\\\/uploads\\\/2026\\\/03\\\/logo-tupique-1.webp\",\"contentUrl\":\"https:\\\/\\\/tupique.com\\\/wp-content\\\/uploads\\\/2026\\\/03\\\/logo-tupique-1.webp\",\"width\":500,\"height\":67,\"caption\":\"Tupique\"},\"image\":{\"@id\":\"https:\\\/\\\/tupique.com\\\/#\\\/schema\\\/logo\\\/image\\\/\"}}]}<\/script>\n<!-- \/ Yoast SEO plugin. -->","yoast_head_json":{"title":"Pile Alcaline Kodak LR20 1,5 V (2 pcs) | | Tupique","description":"Envie d'acheter Pile Alcaline Kodak LR20 1,5 V (2 pcs)\u00a0? Achetez Pile Alcaline Kodak LR20 1,5 V (2 pcs) maintenant avec Tupique en 3 versements sans int\u00e9r\u00eat.","robots":{"index":"index","follow":"follow","max-snippet":"max-snippet:-1","max-image-preview":"max-image-preview:large","max-video-preview":"max-video-preview:-1"},"canonical":"https:\/\/tupique.com\/pt\/product\/pile-alcaline-kodak-lr20-15-v-2-pcs\/","og_locale":"pt_PT","og_type":"article","og_title":"Pile Alcaline Kodak LR20 1,5 V (2 pcs) | | Tupique","og_description":"Envie d'acheter Pile Alcaline Kodak LR20 1,5 V (2 pcs)\u00a0? Achetez Pile Alcaline Kodak LR20 1,5 V (2 pcs) maintenant avec Tupique en 3 versements sans int\u00e9r\u00eat.","og_url":"https:\/\/tupique.com\/pt\/product\/pile-alcaline-kodak-lr20-15-v-2-pcs\/","og_site_name":"Tupique","twitter_card":"summary_large_image","schema":{"@context":"https:\/\/schema.org","@graph":[{"@type":"WebPage","@id":"https:\/\/tupique.com\/product\/pile-alcaline-kodak-lr20-15-v-2-pcs\/","url":"https:\/\/tupique.com\/product\/pile-alcaline-kodak-lr20-15-v-2-pcs\/","name":"Pile Alcaline Kodak LR20 1,5 V (2 pcs) | | Tupique","isPartOf":{"@id":"https:\/\/tupique.com\/#website"},"primaryImageOfPage":{"@id":"https:\/\/tupique.com\/product\/pile-alcaline-kodak-lr20-15-v-2-pcs\/#primaryimage"},"image":{"@id":"https:\/\/tupique.com\/product\/pile-alcaline-kodak-lr20-15-v-2-pcs\/#primaryimage"},"thumbnailUrl":"https:\/\/tupique.com\/wp-content\/uploads\/2026\/05\/0887930952841_0_P03.jpg","datePublished":"2026-05-15T12:43:40+00:00","description":"Envie d'acheter Pile Alcaline Kodak LR20 1,5 V (2 pcs)\u00a0? Achetez Pile Alcaline Kodak LR20 1,5 V (2 pcs) maintenant avec Tupique en 3 versements sans int\u00e9r\u00eat.","breadcrumb":{"@id":"https:\/\/tupique.com\/product\/pile-alcaline-kodak-lr20-15-v-2-pcs\/#breadcrumb"},"inLanguage":"pt-PT","potentialAction":[{"@type":"ReadAction","target":["https:\/\/tupique.com\/product\/pile-alcaline-kodak-lr20-15-v-2-pcs\/"]}]},{"@type":"ImageObject","inLanguage":"pt-PT","@id":"https:\/\/tupique.com\/product\/pile-alcaline-kodak-lr20-15-v-2-pcs\/#primaryimage","url":"https:\/\/tupique.com\/wp-content\/uploads\/2026\/05\/0887930952841_0_P03.jpg","contentUrl":"https:\/\/tupique.com\/wp-content\/uploads\/2026\/05\/0887930952841_0_P03.jpg","width":1200,"height":1200,"caption":"S0408541_0"},{"@type":"BreadcrumbList","@id":"https:\/\/tupique.com\/product\/pile-alcaline-kodak-lr20-15-v-2-pcs\/#breadcrumb","itemListElement":[{"@type":"ListItem","position":1,"name":"commencer","item":"https:\/\/tupique.com\/"},{"@type":"ListItem","position":2,"name":"Loja","item":"https:\/\/tupique.com\/pt\/loja\/"},{"@type":"ListItem","position":3,"name":"Pile Alcaline Kodak LR20 1,5 V (2 pcs)"}]},{"@type":"WebSite","@id":"https:\/\/tupique.com\/#website","url":"https:\/\/tupique.com\/","name":"Tupique","description":"","publisher":{"@id":"https:\/\/tupique.com\/#organization"},"potentialAction":[{"@type":"SearchAction","target":{"@type":"EntryPoint","urlTemplate":"https:\/\/tupique.com\/?s={search_term_string}"},"query-input":{"@type":"PropertyValueSpecification","valueRequired":true,"valueName":"search_term_string"}}],"inLanguage":"pt-PT"},{"@type":"Organization","@id":"https:\/\/tupique.com\/#organization","name":"Tupique","url":"https:\/\/tupique.com\/","logo":{"@type":"ImageObject","inLanguage":"pt-PT","@id":"https:\/\/tupique.com\/#\/schema\/logo\/image\/","url":"https:\/\/tupique.com\/wp-content\/uploads\/2026\/03\/logo-tupique-1.webp","contentUrl":"https:\/\/tupique.com\/wp-content\/uploads\/2026\/03\/logo-tupique-1.webp","width":500,"height":67,"caption":"Tupique"},"image":{"@id":"https:\/\/tupique.com\/#\/schema\/logo\/image\/"}}]}},"_links":{"self":[{"href":"https:\/\/tupique.com\/pt\/wp-json\/wp\/v2\/product\/223169","targetHints":{"allow":["GET"]}}],"collection":[{"href":"https:\/\/tupique.com\/pt\/wp-json\/wp\/v2\/product"}],"about":[{"href":"https:\/\/tupique.com\/pt\/wp-json\/wp\/v2\/types\/product"}],"replies":[{"embeddable":true,"href":"https:\/\/tupique.com\/pt\/wp-json\/wp\/v2\/comments?post=223169"}],"wp:featuredmedia":[{"embeddable":true,"href":"https:\/\/tupique.com\/pt\/wp-json\/wp\/v2\/media\/223168"}],"wp:attachment":[{"href":"https:\/\/tupique.com\/pt\/wp-json\/wp\/v2\/media?parent=223169"}],"wp:term":[{"taxonomy":"product_brand","embeddable":true,"href":"https:\/\/tupique.com\/pt\/wp-json\/wp\/v2\/product_brand?post=223169"},{"taxonomy":"product_cat","embeddable":true,"href":"https:\/\/tupique.com\/pt\/wp-json\/wp\/v2\/product_cat?post=223169"},{"taxonomy":"product_tag","embeddable":true,"href":"https:\/\/tupique.com\/pt\/wp-json\/wp\/v2\/product_tag?post=223169"},{"taxonomy":"woo-feed-brand","embeddable":true,"href":"https:\/\/tupique.com\/pt\/wp-json\/wp\/v2\/woo-feed-brand?post=223169"}],"curies":[{"name":"wp","href":"https:\/\/api.w.org\/{rel}","templated":true}]}}