{"id":223496,"date":"2026-05-15T15:26:54","date_gmt":"2026-05-15T13:26:54","guid":{"rendered":"https:\/\/tupique.com\/product\/point-dacces-ubiquiti-poe-24-24w-g-noir\/"},"modified":"2026-05-15T15:38:05","modified_gmt":"2026-05-15T13:38:05","slug":"point-dacces-ubiquiti-poe-24-24w-g-noir","status":"publish","type":"product","link":"https:\/\/tupique.com\/pt\/product\/point-dacces-ubiquiti-poe-24-24w-g-noir\/","title":{"rendered":"Point d&#8217;Acc\u00e8s UBIQUITI POE-24-24W-G Noir"},"content":{"rendered":"<p>Si vous \u00eates passionn\u00e9 d&#8217;<b>informatique et d&#8217;\u00e9lectronique<\/b>, si vous \u00eates \u00e0 la pointe de la technologie et qu&#8217;aucun d\u00e9tail ne vous \u00e9chappe, achetez <b>Point d&#8217;Acc\u00e8s UBIQUITI POE-24-24W-G Noir<\/b> au meilleur prix.<\/p>\n<p>Ler <b>Ubiquiti POE-24-24W-G<\/b> est un <b>point d&#8217;acc\u00e8s<\/b> professionnel con\u00e7u pour les environnements n\u00e9cessitant une connexion r\u00e9seau stable et efficace gr\u00e2ce \u00e0 la <b>technologie PoE (Power over Ethernet) 24 V<\/b>, permettant l\u2019alimentation et la transmission de donn\u00e9es via un seul c\u00e2ble Ethernet. Ce mod\u00e8le prend en charge le <b>Gigabit Ethernet<\/b>, offrant des vitesses de connexion de <b>10\/100\/1000 Mbps<\/b> id\u00e9ales pour les r\u00e9seaux \u00e0 haute performance, aussi bien dans de petites installations que dans des infrastructures d\u2019entreprise. Il int\u00e8gre <b>deux ports RJ-45<\/b> (entr\u00e9e et sortie), facilitant une int\u00e9gration simple dans tout r\u00e9seau existant. L\u2019appareil est compact, avec des dimensions de 57 mm de largeur, 88 mm de profondeur et 33 mm de hauteur, et un poids l\u00e9ger de seulement 158,5 g, permettant une installation polyvalente m\u00eame dans des espaces restreints. Le <b>POE-24-24W-G<\/b> est prot\u00e9g\u00e9 contre les surcharges et conforme aux normes internationales strictes de s\u00e9curit\u00e9 et de compatibilit\u00e9 \u00e9lectromagn\u00e9tique (IEC 60950-1, UL60950-1, EN55022, EN55024), garantissant sa fiabilit\u00e9 dans divers environnements. Il fonctionne avec une large plage de tension d\u2019entr\u00e9e (100 &#8211; 240 V) et de fr\u00e9quences (50\/60 Hz), s\u2019adaptant \u00e0 la plupart des installations \u00e9lectriques. Sa finition en <b>noir<\/b> lui conf\u00e8re un aspect discret et professionnel. Il peut fonctionner dans des conditions environnementales exigeantes, supportant des temp\u00e9ratures de fonctionnement de 0 \u00e0 40\u202f\u00b0C et une humidit\u00e9 relative de 35 % \u00e0 95 %, ainsi que de larges plages de temp\u00e9rature de stockage. Ce point d\u2019acc\u00e8s Ubiquiti constitue une solution robuste et efficace pour ceux qui recherchent fiabilit\u00e9 et facilit\u00e9 d\u2019int\u00e9gration dans la gestion avanc\u00e9e des r\u00e9seaux via PoE.<\/p>\n<ul>\n<li>Type: Point d&#8217;Acc\u00e8s<\/li>\n<li>Produit \u00e0 brancher: Oui<\/li>\n<li>Type de prise: Prise EU<\/li>\n<li>Connexions: Ethernet LAN<\/li>\n<li>Bloc d\u2019Alimentation: r\u00e9seau \u00e9lectrique<\/li>\n<li>Couleur: Noir<\/li>\n<li>Ann\u00e9e: 2015<\/li>\n<li>Tension: 240 V<\/li>\n<li>Ports: 2<\/li>\n<li>Ecran: 24&#8243;<\/li>\n<li>Poids approx.: 159 g<\/li>\n<li>Entr\u00e9e AC: 100-240 V<\/li>\n<li>Fr\u00e9quence:\n<ul>\n<li>50 &#8211; 60 Hz<\/li>\n<li>47 &#8211; 63 Hz<\/li>\n<\/ul>\n<\/li>\n<li>Caract\u00e9ristiques: T\u00e9moin de fonctionnement LED<\/li>\n<li>Amp\u00e9rage: 1 A<\/li>\n<li>vitesse: 10\/100\/1000 Mbps<\/li>\n<li>Poids: 150 g<\/li>\n<li>Capacit\u00e9: 2 GB<\/li>\n<\/ul>\n<p><\/p>\n<p>Ubiquiti Networks POE-24-24W-G. Type d&#8217;interface Ethernet: Gigabit Ethernet, LAN Ethernet : taux de transfert des donn\u00e9es: 10,100,1000 Mbit\/s, Conformit\u00e9 aux standards industriels: IEC 60950-1:2005+A1, UL60950-1, EN55022:2010, EN55024:2010. alimentation par Ethernet (PoE): 24 V, Tension d&#8217;entr\u00e9e de l&#8217;adaptateur secteur: 90 &#8211; 260 V, Fr\u00e9quence de l&#8217;adaptateur secteur: 47\/63 Hz. Largeur: 57 mm, Profondeur: 88 mm, Hauteur: 33 mm<\/p>\n<p><\/p>\n<ul>\n<li>Type d&#8217;interface Ethernet: Gigabit Ethernet<\/li>\n<li>LAN Ethernet : taux de transfert des donn\u00e9es: 10,100,1000 Mbit\/s<\/li>\n<li>Connexion Ethernet, supportant l&#8217;alimentation via ce port (PoE): Oui<\/li>\n<li>Conformit\u00e9 aux standards industriels: IEC 60950-1:2005+A1, UL60950-1, EN55022:2010, EN55024:2010<\/li>\n<li>Voyants: Oui<\/li>\n<li>Nombre de port ethernet LAN (RJ-45): 2<\/li>\n<li>alimentation par Ethernet (PoE): 24 V<\/li>\n<li>Tension d&#8217;entr\u00e9e de l&#8217;adaptateur secteur: 90 &#8211; 260 V<\/li>\n<li>Fr\u00e9quence de l&#8217;adaptateur secteur: 47\/63 Hz<\/li>\n<li>Courant d&#8217;entr\u00e9e: 1 A<\/li>\n<li>Temp\u00e9rature d&#8217;op\u00e9ration: 0 &#8211; 40 \u00b0C<\/li>\n<li>Taux d&#8217;humidit\u00e9 de fonctionnement: 35 &#8211; 95%<\/li>\n<li>Temp\u00e9rature hors fonctionnement: -30 &#8211; 70 \u00b0C<\/li>\n<li>Largeur: 57 mm<\/li>\n<li>Profondeur: 88 mm<\/li>\n<li>Hauteur: 33 mm<\/li>\n<li>Poids: 158,5 g<\/li>\n<\/ul>","protected":false},"excerpt":{"rendered":"<p>Si vous \u00eates passionn\u00e9 d&#8217;informatique et d&#8217;\u00e9lectronique, si vous \u00eates \u00e0 la pointe de la technologie et qu&#8217;aucun d\u00e9tail ne vous \u00e9chappe, achetez Point d&#8217;Acc\u00e8s UBIQUITI POE-24-24W-G Noir au meilleur prix. Le Ubiquiti POE-24-24W-G est un point d&#8217;acc\u00e8s professionnel con\u00e7u pour les environnements n\u00e9cessitant une connexion r\u00e9seau stable et efficace gr\u00e2ce \u00e0 la technologie PoE [&hellip;]<\/p>\n","protected":false},"featured_media":223495,"comment_status":"open","ping_status":"closed","template":"","meta":[],"product_brand":[3293],"product_cat":[65,584,3292],"product_tag":[106],"woo-feed-brand":[],"class_list":{"0":"post-223496","1":"product","2":"type-product","3":"status-publish","4":"has-post-thumbnail","6":"product_brand-brandp_587","7":"product_cat-informatique-electronique","8":"product_cat-informatique-reseaux-et-composants","9":"product_cat-reseaux-wi-fi","10":"product_tag-tag_1295","12":"first","13":"instock","14":"taxable","15":"shipping-taxable","16":"purchasable","17":"product-type-simple"},"yoast_head":"<!-- This site is optimized with the Yoast SEO plugin v27.6 - https:\/\/yoast.com\/product\/yoast-seo-wordpress\/ -->\n<title>Point d&#039;Acc\u00e8s UBIQUITI POE-24-24W-G Noir | | Tupique<\/title>\n<meta name=\"description\" content=\"Envie d&#039;acheter Point d&#039;Acc\u00e8s UBIQUITI POE-24-24W-G Noir\u00a0? Achetez Point d&#039;Acc\u00e8s UBIQUITI POE-24-24W-G Noir maintenant avec Tupique en 3 versements sans int\u00e9r\u00eat.\" \/>\n<meta name=\"robots\" content=\"index, follow, max-snippet:-1, max-image-preview:large, max-video-preview:-1\" \/>\n<link rel=\"canonical\" href=\"https:\/\/tupique.com\/pt\/product\/point-dacces-ubiquiti-poe-24-24w-g-noir\/\" \/>\n<meta property=\"og:locale\" content=\"pt_PT\" \/>\n<meta property=\"og:type\" content=\"article\" \/>\n<meta property=\"og:title\" content=\"Point d&#039;Acc\u00e8s UBIQUITI POE-24-24W-G Noir | | Tupique\" \/>\n<meta property=\"og:description\" content=\"Envie d&#039;acheter Point d&#039;Acc\u00e8s UBIQUITI POE-24-24W-G Noir\u00a0? Achetez Point d&#039;Acc\u00e8s UBIQUITI POE-24-24W-G Noir maintenant avec Tupique en 3 versements sans int\u00e9r\u00eat.\" \/>\n<meta property=\"og:url\" content=\"https:\/\/tupique.com\/pt\/product\/point-dacces-ubiquiti-poe-24-24w-g-noir\/\" \/>\n<meta property=\"og:site_name\" content=\"Tupique\" \/>\n<meta property=\"article:modified_time\" content=\"2026-05-15T13:38:05+00:00\" \/>\n<meta property=\"og:image\" content=\"https:\/\/tupique.com\/wp-content\/uploads\/2026\/05\/0810354023538_S0208535_P01.jpg\" \/>\n\t<meta property=\"og:image:width\" content=\"1200\" \/>\n\t<meta property=\"og:image:height\" content=\"1200\" \/>\n\t<meta property=\"og:image:type\" content=\"image\/jpeg\" \/>\n<meta name=\"twitter:card\" content=\"summary_large_image\" \/>\n<meta name=\"twitter:label1\" content=\"Tempo estimado de leitura\" \/>\n\t<meta name=\"twitter:data1\" content=\"2 minutos\" \/>\n<script type=\"application\/ld+json\" class=\"yoast-schema-graph\">{\"@context\":\"https:\\\/\\\/schema.org\",\"@graph\":[{\"@type\":\"WebPage\",\"@id\":\"https:\\\/\\\/tupique.com\\\/product\\\/point-dacces-ubiquiti-poe-24-24w-g-noir\\\/\",\"url\":\"https:\\\/\\\/tupique.com\\\/product\\\/point-dacces-ubiquiti-poe-24-24w-g-noir\\\/\",\"name\":\"Point d'Acc\u00e8s UBIQUITI POE-24-24W-G Noir | | Tupique\",\"isPartOf\":{\"@id\":\"https:\\\/\\\/tupique.com\\\/#website\"},\"primaryImageOfPage\":{\"@id\":\"https:\\\/\\\/tupique.com\\\/product\\\/point-dacces-ubiquiti-poe-24-24w-g-noir\\\/#primaryimage\"},\"image\":{\"@id\":\"https:\\\/\\\/tupique.com\\\/product\\\/point-dacces-ubiquiti-poe-24-24w-g-noir\\\/#primaryimage\"},\"thumbnailUrl\":\"https:\\\/\\\/tupique.com\\\/wp-content\\\/uploads\\\/2026\\\/05\\\/0810354023538_S0208535_P01.jpg\",\"datePublished\":\"2026-05-15T13:26:54+00:00\",\"dateModified\":\"2026-05-15T13:38:05+00:00\",\"description\":\"Envie d'acheter Point d'Acc\u00e8s UBIQUITI POE-24-24W-G Noir\u00a0? Achetez Point d'Acc\u00e8s UBIQUITI POE-24-24W-G Noir maintenant avec Tupique en 3 versements sans int\u00e9r\u00eat.\",\"breadcrumb\":{\"@id\":\"https:\\\/\\\/tupique.com\\\/product\\\/point-dacces-ubiquiti-poe-24-24w-g-noir\\\/#breadcrumb\"},\"inLanguage\":\"pt-PT\",\"potentialAction\":[{\"@type\":\"ReadAction\",\"target\":[\"https:\\\/\\\/tupique.com\\\/product\\\/point-dacces-ubiquiti-poe-24-24w-g-noir\\\/\"]}]},{\"@type\":\"ImageObject\",\"inLanguage\":\"pt-PT\",\"@id\":\"https:\\\/\\\/tupique.com\\\/product\\\/point-dacces-ubiquiti-poe-24-24w-g-noir\\\/#primaryimage\",\"url\":\"https:\\\/\\\/tupique.com\\\/wp-content\\\/uploads\\\/2026\\\/05\\\/0810354023538_S0208535_P01.jpg\",\"contentUrl\":\"https:\\\/\\\/tupique.com\\\/wp-content\\\/uploads\\\/2026\\\/05\\\/0810354023538_S0208535_P01.jpg\",\"width\":1200,\"height\":1200,\"caption\":\"S0208535_0\"},{\"@type\":\"BreadcrumbList\",\"@id\":\"https:\\\/\\\/tupique.com\\\/product\\\/point-dacces-ubiquiti-poe-24-24w-g-noir\\\/#breadcrumb\",\"itemListElement\":[{\"@type\":\"ListItem\",\"position\":1,\"name\":\"commencer\",\"item\":\"https:\\\/\\\/tupique.com\\\/\"},{\"@type\":\"ListItem\",\"position\":2,\"name\":\"Loja\",\"item\":\"https:\\\/\\\/tupique.com\\\/pt\\\/loja\\\/\"},{\"@type\":\"ListItem\",\"position\":3,\"name\":\"Point d&#8217;Acc\u00e8s UBIQUITI POE-24-24W-G Noir\"}]},{\"@type\":\"WebSite\",\"@id\":\"https:\\\/\\\/tupique.com\\\/#website\",\"url\":\"https:\\\/\\\/tupique.com\\\/\",\"name\":\"Tupique\",\"description\":\"\",\"publisher\":{\"@id\":\"https:\\\/\\\/tupique.com\\\/#organization\"},\"potentialAction\":[{\"@type\":\"SearchAction\",\"target\":{\"@type\":\"EntryPoint\",\"urlTemplate\":\"https:\\\/\\\/tupique.com\\\/?s={search_term_string}\"},\"query-input\":{\"@type\":\"PropertyValueSpecification\",\"valueRequired\":true,\"valueName\":\"search_term_string\"}}],\"inLanguage\":\"pt-PT\"},{\"@type\":\"Organization\",\"@id\":\"https:\\\/\\\/tupique.com\\\/#organization\",\"name\":\"Tupique\",\"url\":\"https:\\\/\\\/tupique.com\\\/\",\"logo\":{\"@type\":\"ImageObject\",\"inLanguage\":\"pt-PT\",\"@id\":\"https:\\\/\\\/tupique.com\\\/#\\\/schema\\\/logo\\\/image\\\/\",\"url\":\"https:\\\/\\\/tupique.com\\\/wp-content\\\/uploads\\\/2026\\\/03\\\/logo-tupique-1.webp\",\"contentUrl\":\"https:\\\/\\\/tupique.com\\\/wp-content\\\/uploads\\\/2026\\\/03\\\/logo-tupique-1.webp\",\"width\":500,\"height\":67,\"caption\":\"Tupique\"},\"image\":{\"@id\":\"https:\\\/\\\/tupique.com\\\/#\\\/schema\\\/logo\\\/image\\\/\"}}]}<\/script>\n<!-- \/ Yoast SEO plugin. -->","yoast_head_json":{"title":"Point d'Acc\u00e8s UBIQUITI POE-24-24W-G Noir | | Tupique","description":"Envie d'acheter Point d'Acc\u00e8s UBIQUITI POE-24-24W-G Noir\u00a0? Achetez Point d'Acc\u00e8s UBIQUITI POE-24-24W-G Noir maintenant avec Tupique en 3 versements sans int\u00e9r\u00eat.","robots":{"index":"index","follow":"follow","max-snippet":"max-snippet:-1","max-image-preview":"max-image-preview:large","max-video-preview":"max-video-preview:-1"},"canonical":"https:\/\/tupique.com\/pt\/product\/point-dacces-ubiquiti-poe-24-24w-g-noir\/","og_locale":"pt_PT","og_type":"article","og_title":"Point d'Acc\u00e8s UBIQUITI POE-24-24W-G Noir | | Tupique","og_description":"Envie d'acheter Point d'Acc\u00e8s UBIQUITI POE-24-24W-G Noir\u00a0? Achetez Point d'Acc\u00e8s UBIQUITI POE-24-24W-G Noir maintenant avec Tupique en 3 versements sans int\u00e9r\u00eat.","og_url":"https:\/\/tupique.com\/pt\/product\/point-dacces-ubiquiti-poe-24-24w-g-noir\/","og_site_name":"Tupique","article_modified_time":"2026-05-15T13:38:05+00:00","og_image":[{"width":1200,"height":1200,"url":"https:\/\/tupique.com\/wp-content\/uploads\/2026\/05\/0810354023538_S0208535_P01.jpg","type":"image\/jpeg"}],"twitter_card":"summary_large_image","twitter_misc":{"Tempo estimado de leitura":"2 minutos"},"schema":{"@context":"https:\/\/schema.org","@graph":[{"@type":"WebPage","@id":"https:\/\/tupique.com\/product\/point-dacces-ubiquiti-poe-24-24w-g-noir\/","url":"https:\/\/tupique.com\/product\/point-dacces-ubiquiti-poe-24-24w-g-noir\/","name":"Point d'Acc\u00e8s UBIQUITI POE-24-24W-G Noir | | Tupique","isPartOf":{"@id":"https:\/\/tupique.com\/#website"},"primaryImageOfPage":{"@id":"https:\/\/tupique.com\/product\/point-dacces-ubiquiti-poe-24-24w-g-noir\/#primaryimage"},"image":{"@id":"https:\/\/tupique.com\/product\/point-dacces-ubiquiti-poe-24-24w-g-noir\/#primaryimage"},"thumbnailUrl":"https:\/\/tupique.com\/wp-content\/uploads\/2026\/05\/0810354023538_S0208535_P01.jpg","datePublished":"2026-05-15T13:26:54+00:00","dateModified":"2026-05-15T13:38:05+00:00","description":"Envie d'acheter Point d'Acc\u00e8s UBIQUITI POE-24-24W-G Noir\u00a0? Achetez Point d'Acc\u00e8s UBIQUITI POE-24-24W-G Noir maintenant avec Tupique en 3 versements sans int\u00e9r\u00eat.","breadcrumb":{"@id":"https:\/\/tupique.com\/product\/point-dacces-ubiquiti-poe-24-24w-g-noir\/#breadcrumb"},"inLanguage":"pt-PT","potentialAction":[{"@type":"ReadAction","target":["https:\/\/tupique.com\/product\/point-dacces-ubiquiti-poe-24-24w-g-noir\/"]}]},{"@type":"ImageObject","inLanguage":"pt-PT","@id":"https:\/\/tupique.com\/product\/point-dacces-ubiquiti-poe-24-24w-g-noir\/#primaryimage","url":"https:\/\/tupique.com\/wp-content\/uploads\/2026\/05\/0810354023538_S0208535_P01.jpg","contentUrl":"https:\/\/tupique.com\/wp-content\/uploads\/2026\/05\/0810354023538_S0208535_P01.jpg","width":1200,"height":1200,"caption":"S0208535_0"},{"@type":"BreadcrumbList","@id":"https:\/\/tupique.com\/product\/point-dacces-ubiquiti-poe-24-24w-g-noir\/#breadcrumb","itemListElement":[{"@type":"ListItem","position":1,"name":"commencer","item":"https:\/\/tupique.com\/"},{"@type":"ListItem","position":2,"name":"Loja","item":"https:\/\/tupique.com\/pt\/loja\/"},{"@type":"ListItem","position":3,"name":"Point d&#8217;Acc\u00e8s UBIQUITI POE-24-24W-G Noir"}]},{"@type":"WebSite","@id":"https:\/\/tupique.com\/#website","url":"https:\/\/tupique.com\/","name":"Tupique","description":"","publisher":{"@id":"https:\/\/tupique.com\/#organization"},"potentialAction":[{"@type":"SearchAction","target":{"@type":"EntryPoint","urlTemplate":"https:\/\/tupique.com\/?s={search_term_string}"},"query-input":{"@type":"PropertyValueSpecification","valueRequired":true,"valueName":"search_term_string"}}],"inLanguage":"pt-PT"},{"@type":"Organization","@id":"https:\/\/tupique.com\/#organization","name":"Tupique","url":"https:\/\/tupique.com\/","logo":{"@type":"ImageObject","inLanguage":"pt-PT","@id":"https:\/\/tupique.com\/#\/schema\/logo\/image\/","url":"https:\/\/tupique.com\/wp-content\/uploads\/2026\/03\/logo-tupique-1.webp","contentUrl":"https:\/\/tupique.com\/wp-content\/uploads\/2026\/03\/logo-tupique-1.webp","width":500,"height":67,"caption":"Tupique"},"image":{"@id":"https:\/\/tupique.com\/#\/schema\/logo\/image\/"}}]}},"_links":{"self":[{"href":"https:\/\/tupique.com\/pt\/wp-json\/wp\/v2\/product\/223496","targetHints":{"allow":["GET"]}}],"collection":[{"href":"https:\/\/tupique.com\/pt\/wp-json\/wp\/v2\/product"}],"about":[{"href":"https:\/\/tupique.com\/pt\/wp-json\/wp\/v2\/types\/product"}],"replies":[{"embeddable":true,"href":"https:\/\/tupique.com\/pt\/wp-json\/wp\/v2\/comments?post=223496"}],"wp:featuredmedia":[{"embeddable":true,"href":"https:\/\/tupique.com\/pt\/wp-json\/wp\/v2\/media\/223495"}],"wp:attachment":[{"href":"https:\/\/tupique.com\/pt\/wp-json\/wp\/v2\/media?parent=223496"}],"wp:term":[{"taxonomy":"product_brand","embeddable":true,"href":"https:\/\/tupique.com\/pt\/wp-json\/wp\/v2\/product_brand?post=223496"},{"taxonomy":"product_cat","embeddable":true,"href":"https:\/\/tupique.com\/pt\/wp-json\/wp\/v2\/product_cat?post=223496"},{"taxonomy":"product_tag","embeddable":true,"href":"https:\/\/tupique.com\/pt\/wp-json\/wp\/v2\/product_tag?post=223496"},{"taxonomy":"woo-feed-brand","embeddable":true,"href":"https:\/\/tupique.com\/pt\/wp-json\/wp\/v2\/woo-feed-brand?post=223496"}],"curies":[{"name":"wp","href":"https:\/\/api.w.org\/{rel}","templated":true}]}}