{"id":223524,"date":"2026-05-15T15:39:26","date_gmt":"2026-05-15T13:39:26","guid":{"rendered":"https:\/\/tupique.com\/product\/mini-enceinte-portable-et-rechargeable-sans-fil-miund-innovagoods\/"},"modified":"2026-05-15T15:39:26","modified_gmt":"2026-05-15T13:39:26","slug":"mini-enceinte-portable-et-rechargeable-sans-fil-miund-innovagoods","status":"publish","type":"product","link":"https:\/\/tupique.com\/pt\/product\/mini-enceinte-portable-et-rechargeable-sans-fil-miund-innovagoods\/","title":{"rendered":"Mini Enceinte Portable et Rechargeable sans Fil Miund InnovaGoods"},"content":{"rendered":"<div class=\"col-md-6\">Si vous aimez l&#8217;univers des gadgets, <b>InnovaGoods<\/b> vous propose les meilleures et les plus originales nouveaut\u00e9s en mati\u00e8re de maison, voitures, voyages, enfants, technologie, divertissements, etc. ! D\u00e9couvrez une vaste gamme de produits de qualit\u00e9 qui se d\u00e9marquent de par leur fonctionnalit\u00e9, leur efficacit\u00e9 et leur design innovant, comme <b>Mini Enceinte Portable et Rechargeable sans Fil Miund InnovaGoods <\/b> !<\/p>\n<p>Une enceinte sans fil rechargeable portable id\u00e9ale pour \u00e9couter de la musique et r\u00e9pondre \u00e0 des appels confortablement \u00e0 tout moment et en tout lieu. Gr\u00e2ce \u00e0 sa fonction de d\u00e9clencheur de cam\u00e9ra, elle peut \u00e9galement \u00eatre utilis\u00e9e comme une t\u00e9l\u00e9commande Bluetooth pour prendre des selfies et des photos. Elle dispose d&#8217;un microphone int\u00e9gr\u00e9 et d&#8217;une fonction mains libres. Cette mini enceinte Bluetooth originale et polyvalente peut \u00eatre facilement transport\u00e9e et rang\u00e9e dans votre poche, votre sac, etc., gr\u00e2ce \u00e0 sa conception l\u00e9g\u00e8re, compacte et \u00e0 sa taille r\u00e9duite, elle est de plus l\u00e9g\u00e8re et occupe tr\u00e8s peu d&#8217;espace. Elle dispose d&#8217;une alerte sonore pour la recharger lorsque le niveau de charge de la batterie est tr\u00e8s bas. L\u2019appareil s&#8217;\u00e9teint automatiquement apr\u00e8s 5 minutes sans connexion. Un cordon pour l&#8217;accrocher facilement est inclus de m\u00eame qu\u2019un c\u00e2ble USB au micro USB.<\/p>\n<ul>\n<li>Mat\u00e9riel: ABS<\/li>\n<li>Couleur: Noir<\/li>\n<li>Type: Haut-parleurs bluetooth<\/li>\n<li>Taille r\u00e9duite et compacte: Facile \u00e0 transporter et \u00e0 ranger<\/li>\n<li>Inclut: Cordon pour accrocher<\/li>\n<li>Bluetooth: 5.0<\/li>\n<li>D\u00e9clenchement de l&#8217;appareil photo: T\u00e9l\u00e9commande Bluetooth<\/li>\n<li>Microphone: Oui<\/li>\n<li>Fonctions mains libres: Oui<\/li>\n<li>Arr\u00eat Automatique: 5 min<\/li>\n<li>Alerte sonore: Alerte pour recharge<\/li>\n<li>Rechargeable: C\u00e2ble USB vers micro USB<\/li>\n<li>Batterie: Li-ion 3,7 V \/ 140 mAh<\/li>\n<li>puissance: 1 W (RMS)<\/li>\n<li>DC In: 5 V \/ 500 mA<\/li>\n<li>Dimensions approx.: \u00d83,5 x 2,5 cm<\/li>\n<\/ul>\n<p>Packaging et manuel en 24 langues: anglais, fran\u00e7ais, espagnol, allemand, italien, portugais, n\u00e9erlandais, polonais, hongrois, roumain, danois, su\u00e9dois, finnois, lituanien, norv\u00e9gien, slov\u00e8ne, grec, tch\u00e8que, bulgare, croate, slovaque, estonien, russe, letton.<\/p><\/div>\n<div class=\"col-md-6\">\n<div class=\"embed-responsive embed-responsive-16by9\"><\/div>\n<\/div>","protected":false},"excerpt":{"rendered":"<p>Si vous aimez l&#8217;univers des gadgets, InnovaGoods vous propose les meilleures et les plus originales nouveaut\u00e9s en mati\u00e8re de maison, voitures, voyages, enfants, technologie, divertissements, etc. ! D\u00e9couvrez une vaste gamme de produits de qualit\u00e9 qui se d\u00e9marquent de par leur fonctionnalit\u00e9, leur efficacit\u00e9 et leur design innovant, comme Mini Enceinte Portable et Rechargeable sans [&hellip;]<\/p>\n","protected":false},"featured_media":223513,"comment_status":"open","ping_status":"closed","template":"","meta":[],"product_brand":[256],"product_cat":[3274,63,550,541,755,575,772,65],"product_tag":[213,566,106,164],"woo-feed-brand":[],"class_list":{"0":"post-223524","1":"product","2":"type-product","3":"status-publish","4":"has-post-thumbnail","6":"product_brand-brandp_1281","7":"product_cat-accessoires-pour-mobiles-et-tablettes","8":"product_cat-cadeaux-originaux","9":"product_cat-cadeaux-pour-femme","10":"product_cat-cadeaux-pour-homme","11":"product_cat-electronique-son","12":"product_cat-electronique-telephonie-et-tablettes","13":"product_cat-haut-parleurs-bluetooth","14":"product_cat-informatique-electronique","15":"product_tag-tag_933","16":"product_tag-tag_547","17":"product_tag-tag_1295","18":"product_tag-tag_152","20":"first","21":"instock","22":"taxable","23":"shipping-taxable","24":"purchasable","25":"product-type-simple"},"yoast_head":"<!-- This site is optimized with the Yoast SEO plugin v27.6 - https:\/\/yoast.com\/product\/yoast-seo-wordpress\/ -->\n<title>Mini Enceinte Portable et Rechargeable sans Fil Miund InnovaGoods | | Tupique<\/title>\n<meta name=\"description\" content=\"Envie d&#039;acheter Mini Enceinte Portable et Rechargeable sans Fil Miund InnovaGoods\u00a0? Achetez Mini Enceinte Portable et Rechargeable sans Fil Miund InnovaGoods maintenant avec Tupique en 3 versements sans int\u00e9r\u00eat.\" \/>\n<meta name=\"robots\" content=\"index, follow, max-snippet:-1, max-image-preview:large, max-video-preview:-1\" \/>\n<link rel=\"canonical\" href=\"https:\/\/tupique.com\/pt\/product\/mini-enceinte-portable-et-rechargeable-sans-fil-miund-innovagoods\/\" \/>\n<meta property=\"og:locale\" content=\"pt_PT\" \/>\n<meta property=\"og:type\" content=\"article\" \/>\n<meta property=\"og:title\" content=\"Mini Enceinte Portable et Rechargeable sans Fil Miund InnovaGoods | | Tupique\" \/>\n<meta property=\"og:description\" content=\"Envie d&#039;acheter Mini Enceinte Portable et Rechargeable sans Fil Miund InnovaGoods\u00a0? Achetez Mini Enceinte Portable et Rechargeable sans Fil Miund InnovaGoods maintenant avec Tupique en 3 versements sans int\u00e9r\u00eat.\" \/>\n<meta property=\"og:url\" content=\"https:\/\/tupique.com\/pt\/product\/mini-enceinte-portable-et-rechargeable-sans-fil-miund-innovagoods\/\" \/>\n<meta property=\"og:site_name\" content=\"Tupique\" \/>\n<meta name=\"twitter:card\" content=\"summary_large_image\" \/>\n<meta name=\"twitter:label1\" content=\"Tempo estimado de leitura\" \/>\n\t<meta name=\"twitter:data1\" content=\"2 minutos\" \/>\n<script type=\"application\/ld+json\" class=\"yoast-schema-graph\">{\"@context\":\"https:\\\/\\\/schema.org\",\"@graph\":[{\"@type\":\"WebPage\",\"@id\":\"https:\\\/\\\/tupique.com\\\/product\\\/mini-enceinte-portable-et-rechargeable-sans-fil-miund-innovagoods\\\/\",\"url\":\"https:\\\/\\\/tupique.com\\\/product\\\/mini-enceinte-portable-et-rechargeable-sans-fil-miund-innovagoods\\\/\",\"name\":\"Mini Enceinte Portable et Rechargeable sans Fil Miund InnovaGoods | | Tupique\",\"isPartOf\":{\"@id\":\"https:\\\/\\\/tupique.com\\\/#website\"},\"primaryImageOfPage\":{\"@id\":\"https:\\\/\\\/tupique.com\\\/product\\\/mini-enceinte-portable-et-rechargeable-sans-fil-miund-innovagoods\\\/#primaryimage\"},\"image\":{\"@id\":\"https:\\\/\\\/tupique.com\\\/product\\\/mini-enceinte-portable-et-rechargeable-sans-fil-miund-innovagoods\\\/#primaryimage\"},\"thumbnailUrl\":\"https:\\\/\\\/tupique.com\\\/wp-content\\\/uploads\\\/2026\\\/05\\\/V0103334_000_MKT4.jpg\",\"datePublished\":\"2026-05-15T13:39:26+00:00\",\"description\":\"Envie d'acheter Mini Enceinte Portable et Rechargeable sans Fil Miund InnovaGoods\u00a0? Achetez Mini Enceinte Portable et Rechargeable sans Fil Miund InnovaGoods maintenant avec Tupique en 3 versements sans int\u00e9r\u00eat.\",\"breadcrumb\":{\"@id\":\"https:\\\/\\\/tupique.com\\\/product\\\/mini-enceinte-portable-et-rechargeable-sans-fil-miund-innovagoods\\\/#breadcrumb\"},\"inLanguage\":\"pt-PT\",\"potentialAction\":[{\"@type\":\"ReadAction\",\"target\":[\"https:\\\/\\\/tupique.com\\\/product\\\/mini-enceinte-portable-et-rechargeable-sans-fil-miund-innovagoods\\\/\"]}]},{\"@type\":\"ImageObject\",\"inLanguage\":\"pt-PT\",\"@id\":\"https:\\\/\\\/tupique.com\\\/product\\\/mini-enceinte-portable-et-rechargeable-sans-fil-miund-innovagoods\\\/#primaryimage\",\"url\":\"https:\\\/\\\/tupique.com\\\/wp-content\\\/uploads\\\/2026\\\/05\\\/V0103334_000_MKT4.jpg\",\"contentUrl\":\"https:\\\/\\\/tupique.com\\\/wp-content\\\/uploads\\\/2026\\\/05\\\/V0103334_000_MKT4.jpg\",\"width\":1200,\"height\":1200,\"caption\":\"V0103334_0\"},{\"@type\":\"BreadcrumbList\",\"@id\":\"https:\\\/\\\/tupique.com\\\/product\\\/mini-enceinte-portable-et-rechargeable-sans-fil-miund-innovagoods\\\/#breadcrumb\",\"itemListElement\":[{\"@type\":\"ListItem\",\"position\":1,\"name\":\"commencer\",\"item\":\"https:\\\/\\\/tupique.com\\\/\"},{\"@type\":\"ListItem\",\"position\":2,\"name\":\"Loja\",\"item\":\"https:\\\/\\\/tupique.com\\\/pt\\\/loja\\\/\"},{\"@type\":\"ListItem\",\"position\":3,\"name\":\"Mini Enceinte Portable et Rechargeable sans Fil Miund InnovaGoods\"}]},{\"@type\":\"WebSite\",\"@id\":\"https:\\\/\\\/tupique.com\\\/#website\",\"url\":\"https:\\\/\\\/tupique.com\\\/\",\"name\":\"Tupique\",\"description\":\"\",\"publisher\":{\"@id\":\"https:\\\/\\\/tupique.com\\\/#organization\"},\"potentialAction\":[{\"@type\":\"SearchAction\",\"target\":{\"@type\":\"EntryPoint\",\"urlTemplate\":\"https:\\\/\\\/tupique.com\\\/?s={search_term_string}\"},\"query-input\":{\"@type\":\"PropertyValueSpecification\",\"valueRequired\":true,\"valueName\":\"search_term_string\"}}],\"inLanguage\":\"pt-PT\"},{\"@type\":\"Organization\",\"@id\":\"https:\\\/\\\/tupique.com\\\/#organization\",\"name\":\"Tupique\",\"url\":\"https:\\\/\\\/tupique.com\\\/\",\"logo\":{\"@type\":\"ImageObject\",\"inLanguage\":\"pt-PT\",\"@id\":\"https:\\\/\\\/tupique.com\\\/#\\\/schema\\\/logo\\\/image\\\/\",\"url\":\"https:\\\/\\\/tupique.com\\\/wp-content\\\/uploads\\\/2026\\\/03\\\/logo-tupique-1.webp\",\"contentUrl\":\"https:\\\/\\\/tupique.com\\\/wp-content\\\/uploads\\\/2026\\\/03\\\/logo-tupique-1.webp\",\"width\":500,\"height\":67,\"caption\":\"Tupique\"},\"image\":{\"@id\":\"https:\\\/\\\/tupique.com\\\/#\\\/schema\\\/logo\\\/image\\\/\"}}]}<\/script>\n<!-- \/ Yoast SEO plugin. -->","yoast_head_json":{"title":"Mini Enceinte Portable et Rechargeable sans Fil Miund InnovaGoods | | Tupique","description":"Envie d'acheter Mini Enceinte Portable et Rechargeable sans Fil Miund InnovaGoods\u00a0? Achetez Mini Enceinte Portable et Rechargeable sans Fil Miund InnovaGoods maintenant avec Tupique en 3 versements sans int\u00e9r\u00eat.","robots":{"index":"index","follow":"follow","max-snippet":"max-snippet:-1","max-image-preview":"max-image-preview:large","max-video-preview":"max-video-preview:-1"},"canonical":"https:\/\/tupique.com\/pt\/product\/mini-enceinte-portable-et-rechargeable-sans-fil-miund-innovagoods\/","og_locale":"pt_PT","og_type":"article","og_title":"Mini Enceinte Portable et Rechargeable sans Fil Miund InnovaGoods | | Tupique","og_description":"Envie d'acheter Mini Enceinte Portable et Rechargeable sans Fil Miund InnovaGoods\u00a0? Achetez Mini Enceinte Portable et Rechargeable sans Fil Miund InnovaGoods maintenant avec Tupique en 3 versements sans int\u00e9r\u00eat.","og_url":"https:\/\/tupique.com\/pt\/product\/mini-enceinte-portable-et-rechargeable-sans-fil-miund-innovagoods\/","og_site_name":"Tupique","twitter_card":"summary_large_image","twitter_misc":{"Tempo estimado de leitura":"2 minutos"},"schema":{"@context":"https:\/\/schema.org","@graph":[{"@type":"WebPage","@id":"https:\/\/tupique.com\/product\/mini-enceinte-portable-et-rechargeable-sans-fil-miund-innovagoods\/","url":"https:\/\/tupique.com\/product\/mini-enceinte-portable-et-rechargeable-sans-fil-miund-innovagoods\/","name":"Mini Enceinte Portable et Rechargeable sans Fil Miund InnovaGoods | | Tupique","isPartOf":{"@id":"https:\/\/tupique.com\/#website"},"primaryImageOfPage":{"@id":"https:\/\/tupique.com\/product\/mini-enceinte-portable-et-rechargeable-sans-fil-miund-innovagoods\/#primaryimage"},"image":{"@id":"https:\/\/tupique.com\/product\/mini-enceinte-portable-et-rechargeable-sans-fil-miund-innovagoods\/#primaryimage"},"thumbnailUrl":"https:\/\/tupique.com\/wp-content\/uploads\/2026\/05\/V0103334_000_MKT4.jpg","datePublished":"2026-05-15T13:39:26+00:00","description":"Envie d'acheter Mini Enceinte Portable et Rechargeable sans Fil Miund InnovaGoods\u00a0? Achetez Mini Enceinte Portable et Rechargeable sans Fil Miund InnovaGoods maintenant avec Tupique en 3 versements sans int\u00e9r\u00eat.","breadcrumb":{"@id":"https:\/\/tupique.com\/product\/mini-enceinte-portable-et-rechargeable-sans-fil-miund-innovagoods\/#breadcrumb"},"inLanguage":"pt-PT","potentialAction":[{"@type":"ReadAction","target":["https:\/\/tupique.com\/product\/mini-enceinte-portable-et-rechargeable-sans-fil-miund-innovagoods\/"]}]},{"@type":"ImageObject","inLanguage":"pt-PT","@id":"https:\/\/tupique.com\/product\/mini-enceinte-portable-et-rechargeable-sans-fil-miund-innovagoods\/#primaryimage","url":"https:\/\/tupique.com\/wp-content\/uploads\/2026\/05\/V0103334_000_MKT4.jpg","contentUrl":"https:\/\/tupique.com\/wp-content\/uploads\/2026\/05\/V0103334_000_MKT4.jpg","width":1200,"height":1200,"caption":"V0103334_0"},{"@type":"BreadcrumbList","@id":"https:\/\/tupique.com\/product\/mini-enceinte-portable-et-rechargeable-sans-fil-miund-innovagoods\/#breadcrumb","itemListElement":[{"@type":"ListItem","position":1,"name":"commencer","item":"https:\/\/tupique.com\/"},{"@type":"ListItem","position":2,"name":"Loja","item":"https:\/\/tupique.com\/pt\/loja\/"},{"@type":"ListItem","position":3,"name":"Mini Enceinte Portable et Rechargeable sans Fil Miund InnovaGoods"}]},{"@type":"WebSite","@id":"https:\/\/tupique.com\/#website","url":"https:\/\/tupique.com\/","name":"Tupique","description":"","publisher":{"@id":"https:\/\/tupique.com\/#organization"},"potentialAction":[{"@type":"SearchAction","target":{"@type":"EntryPoint","urlTemplate":"https:\/\/tupique.com\/?s={search_term_string}"},"query-input":{"@type":"PropertyValueSpecification","valueRequired":true,"valueName":"search_term_string"}}],"inLanguage":"pt-PT"},{"@type":"Organization","@id":"https:\/\/tupique.com\/#organization","name":"Tupique","url":"https:\/\/tupique.com\/","logo":{"@type":"ImageObject","inLanguage":"pt-PT","@id":"https:\/\/tupique.com\/#\/schema\/logo\/image\/","url":"https:\/\/tupique.com\/wp-content\/uploads\/2026\/03\/logo-tupique-1.webp","contentUrl":"https:\/\/tupique.com\/wp-content\/uploads\/2026\/03\/logo-tupique-1.webp","width":500,"height":67,"caption":"Tupique"},"image":{"@id":"https:\/\/tupique.com\/#\/schema\/logo\/image\/"}}]}},"_links":{"self":[{"href":"https:\/\/tupique.com\/pt\/wp-json\/wp\/v2\/product\/223524","targetHints":{"allow":["GET"]}}],"collection":[{"href":"https:\/\/tupique.com\/pt\/wp-json\/wp\/v2\/product"}],"about":[{"href":"https:\/\/tupique.com\/pt\/wp-json\/wp\/v2\/types\/product"}],"replies":[{"embeddable":true,"href":"https:\/\/tupique.com\/pt\/wp-json\/wp\/v2\/comments?post=223524"}],"wp:featuredmedia":[{"embeddable":true,"href":"https:\/\/tupique.com\/pt\/wp-json\/wp\/v2\/media\/223513"}],"wp:attachment":[{"href":"https:\/\/tupique.com\/pt\/wp-json\/wp\/v2\/media?parent=223524"}],"wp:term":[{"taxonomy":"product_brand","embeddable":true,"href":"https:\/\/tupique.com\/pt\/wp-json\/wp\/v2\/product_brand?post=223524"},{"taxonomy":"product_cat","embeddable":true,"href":"https:\/\/tupique.com\/pt\/wp-json\/wp\/v2\/product_cat?post=223524"},{"taxonomy":"product_tag","embeddable":true,"href":"https:\/\/tupique.com\/pt\/wp-json\/wp\/v2\/product_tag?post=223524"},{"taxonomy":"woo-feed-brand","embeddable":true,"href":"https:\/\/tupique.com\/pt\/wp-json\/wp\/v2\/woo-feed-brand?post=223524"}],"curies":[{"name":"wp","href":"https:\/\/api.w.org\/{rel}","templated":true}]}}