{"id":223613,"date":"2026-05-15T15:58:44","date_gmt":"2026-05-15T13:58:44","guid":{"rendered":"https:\/\/tupique.com\/product\/bureau-portable-dordinateur-avec-coussin-xl-deskion-innovagoods\/"},"modified":"2026-05-15T15:58:44","modified_gmt":"2026-05-15T13:58:44","slug":"bureau-portable-dordinateur-avec-coussin-xl-deskion-innovagoods","status":"publish","type":"product","link":"https:\/\/tupique.com\/pt\/product\/bureau-portable-dordinateur-avec-coussin-xl-deskion-innovagoods\/","title":{"rendered":"Bureau Portable d&#8217;Ordinateur avec Coussin XL Deskion InnovaGoods"},"content":{"rendered":"<div class=\"col-md-6\"><b>InnovaGoods<\/b> vous offre les meilleures nouveaut\u00e9s pour la maison, comme <b>Bureau Portable d&#8217;Ordinateur avec Coussin XL Deskion InnovaGoods <\/b>! D\u00e9couvrez une vaste gamme de produits de qualit\u00e9 qui se d\u00e9marquent de par leur fonctionnalit\u00e9, leur efficacit\u00e9 et leur design innovant : \u00e9clairage, organisation, d\u00e9coration, climatisation, jardin, animaux domestiques, nettoyage, etc.<\/p>\n<p>Un bureau portable d&#8217;ordinateur avec un coussin confortable int\u00e9gr\u00e9 \u00e0 la base du support pour travailler avec un maximum de confort. Le plateau sup\u00e9rieur rigide offre un large espace de travail et une fixation ferme et stable. Il comprend \u00e9galement un tapis de souris et une fente de fixation pour smartphone. Le coussin de la base est constitu\u00e9 de deux coussinets de taille diff\u00e9rente pour une inclinaison optimale, \u00e0 positionner sur la partie sup\u00e9rieure des jambes. Ce bureau original \u00e0 la conception ergonomique, moderne et \u00e9l\u00e9gante est compact et l\u00e9ger, il peut ainsi \u00eatre emport\u00e9 n&#8217;importe o\u00f9 gr\u00e2ce \u00e0  sa poign\u00e9e, il se range facilement. Gr\u00e2ce \u00e0 sa polyvalence et sa capacit\u00e9 d&#8217;adaptation, diverses utilisations sont propos\u00e9es (travailler  \u00e0 l&#8217;ordinateur, \u00e9crire, dessiner, lire, manger, etc.,\u00b0  selon les endroits (lit, canap\u00e9, fauteuil, etc.). Il a \u00e9t\u00e9 fabriqu\u00e9 avec des mat\u00e9riaux de qualit\u00e9, il est donc r\u00e9sistant et durable. Il constitue une aide au rangement et une meilleure exploitation de l\u2019espace.<\/p>\n<p><\/p>\n<ul>\n<li>Mat\u00e9riel:\n<ul>\n<li>MDF<\/li>\n<li>Polyester<\/li>\n<li>Polyfoam<\/li>\n<\/ul>\n<\/li>\n<li>Couleur:\n<ul>\n<li>Gris<\/li>\n<li>Noir<\/li>\n<\/ul>\n<\/li>\n<li>Un design moderne et \u00e9l\u00e9gant: Ergonomique<\/li>\n<li>Tipo:\n<ul>\n<li>Multifonction<\/li>\n<li>Polyvalent<\/li>\n<\/ul>\n<\/li>\n<li>Grande taille: XL<\/li>\n<li>Tapis de souris: 12,5 x 22,5 cm<\/li>\n<li>Fente de fixation pour smartphone: 12,5 x 2 cm<\/li>\n<li>Coussin avec deux coussinets de taille diff\u00e9rente: Inclinaison optimale<\/li>\n<li>Plateau sup\u00e9rieur rigide: Pieds d\u00b4appui stables<\/li>\n<li>Mat\u00e9riaux de qualit\u00e9: R\u00e9sistante et durable<\/li>\n<li>Antid\u00e9rapant: Fixation ferme<\/li>\n<li>Originale et portative: Polyvalent et adaptable<\/li>\n<li>Plusieurs fonctionnalit\u00e9s et espaces: Lit, canap\u00e9, fauteuil, etc.<\/li>\n<li>Utilisation principale: Ordinateur portable<\/li>\n<li>Utilisation secondaire: \u00e9crire, dessiner, lire, manger&#8230;<\/li>\n<li>Compact: Organisation et gain de place<\/li>\n<li>Utilisation pratique et simple: L\u00e9ger et maniable<\/li>\n<li>Anse de transport: Facile \u00e0 transporter et \u00e0 ranger<\/li>\n<li>Dimensions approx.: 57,5 x 30,5 x 5,8 cm<\/li>\n<li>Packaging et manuel en 24 langues: anglais, fran\u00e7ais, espagnol, allemand, italien, portugais, n\u00e9erlandais, polonais, hongrois, roumain, danois, su\u00e9dois, finnois, lituanien, norv\u00e9gien, slov\u00e8ne, grec, tch\u00e8que, bulgare, croate, slovaque, estonien, russe, letton<\/li>\n<\/ul>\n<\/div>\n<div class=\"col-md-6\">\n<div class=\"embed-responsive embed-responsive-16by9\"><\/div>\n<\/div>","protected":false},"excerpt":{"rendered":"<p>InnovaGoods vous offre les meilleures nouveaut\u00e9s pour la maison, comme Bureau Portable d&#8217;Ordinateur avec Coussin XL Deskion InnovaGoods ! D\u00e9couvrez une vaste gamme de produits de qualit\u00e9 qui se d\u00e9marquent de par leur fonctionnalit\u00e9, leur efficacit\u00e9 et leur design innovant : \u00e9clairage, organisation, d\u00e9coration, climatisation, jardin, animaux domestiques, nettoyage, etc. Un bureau portable d&#8217;ordinateur avec [&hellip;]<\/p>\n","protected":false},"featured_media":223601,"comment_status":"open","ping_status":"closed","template":"","meta":[],"product_brand":[256],"product_cat":[966,3274,63,550,541,64,575,1797,65,958,3273,1796],"product_tag":[103,566,106],"woo-feed-brand":[],"class_list":{"0":"post-223613","1":"product","2":"type-product","3":"status-publish","4":"has-post-thumbnail","6":"product_brand-brandp_1281","7":"product_cat-accessoires-informatiques","8":"product_cat-accessoires-pour-mobiles-et-tablettes","9":"product_cat-cadeaux-originaux","10":"product_cat-cadeaux-pour-femme","11":"product_cat-cadeaux-pour-homme","12":"product_cat-cadeaux-pour-la-maison","13":"product_cat-electronique-telephonie-et-tablettes","14":"product_cat-idees-pour-la-maison","15":"product_cat-informatique-electronique","16":"product_cat-informatique-ordinateurs","17":"product_cat-mallettes-et-sacs","18":"product_cat-teleachat-vu-a-la-television","19":"product_tag-tag_1261","20":"product_tag-tag_547","21":"product_tag-tag_1295","23":"first","24":"instock","25":"taxable","26":"shipping-taxable","27":"purchasable","28":"product-type-simple"},"yoast_head":"<!-- This site is optimized with the Yoast SEO plugin v27.6 - https:\/\/yoast.com\/product\/yoast-seo-wordpress\/ -->\n<title>Bureau Portable d&#039;Ordinateur avec Coussin XL Deskion InnovaGoods | | Tupique<\/title>\n<meta name=\"description\" content=\"Envie d&#039;acheter Bureau Portable d&#039;Ordinateur avec Coussin XL Deskion InnovaGoods\u00a0? Achetez Bureau Portable d&#039;Ordinateur avec Coussin XL Deskion InnovaGoods maintenant avec Tupique en 3 versements sans int\u00e9r\u00eat.\" \/>\n<meta name=\"robots\" content=\"index, follow, max-snippet:-1, max-image-preview:large, max-video-preview:-1\" \/>\n<link rel=\"canonical\" href=\"https:\/\/tupique.com\/pt\/product\/bureau-portable-dordinateur-avec-coussin-xl-deskion-innovagoods\/\" \/>\n<meta property=\"og:locale\" content=\"pt_PT\" \/>\n<meta property=\"og:type\" content=\"article\" \/>\n<meta property=\"og:title\" content=\"Bureau Portable d&#039;Ordinateur avec Coussin XL Deskion InnovaGoods | | Tupique\" \/>\n<meta property=\"og:description\" content=\"Envie d&#039;acheter Bureau Portable d&#039;Ordinateur avec Coussin XL Deskion InnovaGoods\u00a0? Achetez Bureau Portable d&#039;Ordinateur avec Coussin XL Deskion InnovaGoods maintenant avec Tupique en 3 versements sans int\u00e9r\u00eat.\" \/>\n<meta property=\"og:url\" content=\"https:\/\/tupique.com\/pt\/product\/bureau-portable-dordinateur-avec-coussin-xl-deskion-innovagoods\/\" \/>\n<meta property=\"og:site_name\" content=\"Tupique\" \/>\n<meta name=\"twitter:card\" content=\"summary_large_image\" \/>\n<meta name=\"twitter:label1\" content=\"Tempo estimado de leitura\" \/>\n\t<meta name=\"twitter:data1\" content=\"2 minutos\" \/>\n<script type=\"application\/ld+json\" class=\"yoast-schema-graph\">{\"@context\":\"https:\\\/\\\/schema.org\",\"@graph\":[{\"@type\":\"WebPage\",\"@id\":\"https:\\\/\\\/tupique.com\\\/product\\\/bureau-portable-dordinateur-avec-coussin-xl-deskion-innovagoods\\\/\",\"url\":\"https:\\\/\\\/tupique.com\\\/product\\\/bureau-portable-dordinateur-avec-coussin-xl-deskion-innovagoods\\\/\",\"name\":\"Bureau Portable d'Ordinateur avec Coussin XL Deskion InnovaGoods | | Tupique\",\"isPartOf\":{\"@id\":\"https:\\\/\\\/tupique.com\\\/#website\"},\"primaryImageOfPage\":{\"@id\":\"https:\\\/\\\/tupique.com\\\/product\\\/bureau-portable-dordinateur-avec-coussin-xl-deskion-innovagoods\\\/#primaryimage\"},\"image\":{\"@id\":\"https:\\\/\\\/tupique.com\\\/product\\\/bureau-portable-dordinateur-avec-coussin-xl-deskion-innovagoods\\\/#primaryimage\"},\"thumbnailUrl\":\"https:\\\/\\\/tupique.com\\\/wp-content\\\/uploads\\\/2026\\\/05\\\/V0103365_000_MKT4.jpg\",\"datePublished\":\"2026-05-15T13:58:44+00:00\",\"description\":\"Envie d'acheter Bureau Portable d'Ordinateur avec Coussin XL Deskion InnovaGoods\u00a0? Achetez Bureau Portable d'Ordinateur avec Coussin XL Deskion InnovaGoods maintenant avec Tupique en 3 versements sans int\u00e9r\u00eat.\",\"breadcrumb\":{\"@id\":\"https:\\\/\\\/tupique.com\\\/product\\\/bureau-portable-dordinateur-avec-coussin-xl-deskion-innovagoods\\\/#breadcrumb\"},\"inLanguage\":\"pt-PT\",\"potentialAction\":[{\"@type\":\"ReadAction\",\"target\":[\"https:\\\/\\\/tupique.com\\\/product\\\/bureau-portable-dordinateur-avec-coussin-xl-deskion-innovagoods\\\/\"]}]},{\"@type\":\"ImageObject\",\"inLanguage\":\"pt-PT\",\"@id\":\"https:\\\/\\\/tupique.com\\\/product\\\/bureau-portable-dordinateur-avec-coussin-xl-deskion-innovagoods\\\/#primaryimage\",\"url\":\"https:\\\/\\\/tupique.com\\\/wp-content\\\/uploads\\\/2026\\\/05\\\/V0103365_000_MKT4.jpg\",\"contentUrl\":\"https:\\\/\\\/tupique.com\\\/wp-content\\\/uploads\\\/2026\\\/05\\\/V0103365_000_MKT4.jpg\",\"width\":1200,\"height\":1200,\"caption\":\"V0103365_0\"},{\"@type\":\"BreadcrumbList\",\"@id\":\"https:\\\/\\\/tupique.com\\\/product\\\/bureau-portable-dordinateur-avec-coussin-xl-deskion-innovagoods\\\/#breadcrumb\",\"itemListElement\":[{\"@type\":\"ListItem\",\"position\":1,\"name\":\"commencer\",\"item\":\"https:\\\/\\\/tupique.com\\\/\"},{\"@type\":\"ListItem\",\"position\":2,\"name\":\"Loja\",\"item\":\"https:\\\/\\\/tupique.com\\\/pt\\\/loja\\\/\"},{\"@type\":\"ListItem\",\"position\":3,\"name\":\"Bureau Portable d&#8217;Ordinateur avec Coussin XL Deskion InnovaGoods\"}]},{\"@type\":\"WebSite\",\"@id\":\"https:\\\/\\\/tupique.com\\\/#website\",\"url\":\"https:\\\/\\\/tupique.com\\\/\",\"name\":\"Tupique\",\"description\":\"\",\"publisher\":{\"@id\":\"https:\\\/\\\/tupique.com\\\/#organization\"},\"potentialAction\":[{\"@type\":\"SearchAction\",\"target\":{\"@type\":\"EntryPoint\",\"urlTemplate\":\"https:\\\/\\\/tupique.com\\\/?s={search_term_string}\"},\"query-input\":{\"@type\":\"PropertyValueSpecification\",\"valueRequired\":true,\"valueName\":\"search_term_string\"}}],\"inLanguage\":\"pt-PT\"},{\"@type\":\"Organization\",\"@id\":\"https:\\\/\\\/tupique.com\\\/#organization\",\"name\":\"Tupique\",\"url\":\"https:\\\/\\\/tupique.com\\\/\",\"logo\":{\"@type\":\"ImageObject\",\"inLanguage\":\"pt-PT\",\"@id\":\"https:\\\/\\\/tupique.com\\\/#\\\/schema\\\/logo\\\/image\\\/\",\"url\":\"https:\\\/\\\/tupique.com\\\/wp-content\\\/uploads\\\/2026\\\/03\\\/logo-tupique-1.webp\",\"contentUrl\":\"https:\\\/\\\/tupique.com\\\/wp-content\\\/uploads\\\/2026\\\/03\\\/logo-tupique-1.webp\",\"width\":500,\"height\":67,\"caption\":\"Tupique\"},\"image\":{\"@id\":\"https:\\\/\\\/tupique.com\\\/#\\\/schema\\\/logo\\\/image\\\/\"}}]}<\/script>\n<!-- \/ Yoast SEO plugin. -->","yoast_head_json":{"title":"Bureau Portable d'Ordinateur avec Coussin XL Deskion InnovaGoods | | Tupique","description":"Envie d'acheter Bureau Portable d'Ordinateur avec Coussin XL Deskion InnovaGoods\u00a0? Achetez Bureau Portable d'Ordinateur avec Coussin XL Deskion InnovaGoods maintenant avec Tupique en 3 versements sans int\u00e9r\u00eat.","robots":{"index":"index","follow":"follow","max-snippet":"max-snippet:-1","max-image-preview":"max-image-preview:large","max-video-preview":"max-video-preview:-1"},"canonical":"https:\/\/tupique.com\/pt\/product\/bureau-portable-dordinateur-avec-coussin-xl-deskion-innovagoods\/","og_locale":"pt_PT","og_type":"article","og_title":"Bureau Portable d'Ordinateur avec Coussin XL Deskion InnovaGoods | | Tupique","og_description":"Envie d'acheter Bureau Portable d'Ordinateur avec Coussin XL Deskion InnovaGoods\u00a0? Achetez Bureau Portable d'Ordinateur avec Coussin XL Deskion InnovaGoods maintenant avec Tupique en 3 versements sans int\u00e9r\u00eat.","og_url":"https:\/\/tupique.com\/pt\/product\/bureau-portable-dordinateur-avec-coussin-xl-deskion-innovagoods\/","og_site_name":"Tupique","twitter_card":"summary_large_image","twitter_misc":{"Tempo estimado de leitura":"2 minutos"},"schema":{"@context":"https:\/\/schema.org","@graph":[{"@type":"WebPage","@id":"https:\/\/tupique.com\/product\/bureau-portable-dordinateur-avec-coussin-xl-deskion-innovagoods\/","url":"https:\/\/tupique.com\/product\/bureau-portable-dordinateur-avec-coussin-xl-deskion-innovagoods\/","name":"Bureau Portable d'Ordinateur avec Coussin XL Deskion InnovaGoods | | Tupique","isPartOf":{"@id":"https:\/\/tupique.com\/#website"},"primaryImageOfPage":{"@id":"https:\/\/tupique.com\/product\/bureau-portable-dordinateur-avec-coussin-xl-deskion-innovagoods\/#primaryimage"},"image":{"@id":"https:\/\/tupique.com\/product\/bureau-portable-dordinateur-avec-coussin-xl-deskion-innovagoods\/#primaryimage"},"thumbnailUrl":"https:\/\/tupique.com\/wp-content\/uploads\/2026\/05\/V0103365_000_MKT4.jpg","datePublished":"2026-05-15T13:58:44+00:00","description":"Envie d'acheter Bureau Portable d'Ordinateur avec Coussin XL Deskion InnovaGoods\u00a0? Achetez Bureau Portable d'Ordinateur avec Coussin XL Deskion InnovaGoods maintenant avec Tupique en 3 versements sans int\u00e9r\u00eat.","breadcrumb":{"@id":"https:\/\/tupique.com\/product\/bureau-portable-dordinateur-avec-coussin-xl-deskion-innovagoods\/#breadcrumb"},"inLanguage":"pt-PT","potentialAction":[{"@type":"ReadAction","target":["https:\/\/tupique.com\/product\/bureau-portable-dordinateur-avec-coussin-xl-deskion-innovagoods\/"]}]},{"@type":"ImageObject","inLanguage":"pt-PT","@id":"https:\/\/tupique.com\/product\/bureau-portable-dordinateur-avec-coussin-xl-deskion-innovagoods\/#primaryimage","url":"https:\/\/tupique.com\/wp-content\/uploads\/2026\/05\/V0103365_000_MKT4.jpg","contentUrl":"https:\/\/tupique.com\/wp-content\/uploads\/2026\/05\/V0103365_000_MKT4.jpg","width":1200,"height":1200,"caption":"V0103365_0"},{"@type":"BreadcrumbList","@id":"https:\/\/tupique.com\/product\/bureau-portable-dordinateur-avec-coussin-xl-deskion-innovagoods\/#breadcrumb","itemListElement":[{"@type":"ListItem","position":1,"name":"commencer","item":"https:\/\/tupique.com\/"},{"@type":"ListItem","position":2,"name":"Loja","item":"https:\/\/tupique.com\/pt\/loja\/"},{"@type":"ListItem","position":3,"name":"Bureau Portable d&#8217;Ordinateur avec Coussin XL Deskion InnovaGoods"}]},{"@type":"WebSite","@id":"https:\/\/tupique.com\/#website","url":"https:\/\/tupique.com\/","name":"Tupique","description":"","publisher":{"@id":"https:\/\/tupique.com\/#organization"},"potentialAction":[{"@type":"SearchAction","target":{"@type":"EntryPoint","urlTemplate":"https:\/\/tupique.com\/?s={search_term_string}"},"query-input":{"@type":"PropertyValueSpecification","valueRequired":true,"valueName":"search_term_string"}}],"inLanguage":"pt-PT"},{"@type":"Organization","@id":"https:\/\/tupique.com\/#organization","name":"Tupique","url":"https:\/\/tupique.com\/","logo":{"@type":"ImageObject","inLanguage":"pt-PT","@id":"https:\/\/tupique.com\/#\/schema\/logo\/image\/","url":"https:\/\/tupique.com\/wp-content\/uploads\/2026\/03\/logo-tupique-1.webp","contentUrl":"https:\/\/tupique.com\/wp-content\/uploads\/2026\/03\/logo-tupique-1.webp","width":500,"height":67,"caption":"Tupique"},"image":{"@id":"https:\/\/tupique.com\/#\/schema\/logo\/image\/"}}]}},"_links":{"self":[{"href":"https:\/\/tupique.com\/pt\/wp-json\/wp\/v2\/product\/223613","targetHints":{"allow":["GET"]}}],"collection":[{"href":"https:\/\/tupique.com\/pt\/wp-json\/wp\/v2\/product"}],"about":[{"href":"https:\/\/tupique.com\/pt\/wp-json\/wp\/v2\/types\/product"}],"replies":[{"embeddable":true,"href":"https:\/\/tupique.com\/pt\/wp-json\/wp\/v2\/comments?post=223613"}],"wp:featuredmedia":[{"embeddable":true,"href":"https:\/\/tupique.com\/pt\/wp-json\/wp\/v2\/media\/223601"}],"wp:attachment":[{"href":"https:\/\/tupique.com\/pt\/wp-json\/wp\/v2\/media?parent=223613"}],"wp:term":[{"taxonomy":"product_brand","embeddable":true,"href":"https:\/\/tupique.com\/pt\/wp-json\/wp\/v2\/product_brand?post=223613"},{"taxonomy":"product_cat","embeddable":true,"href":"https:\/\/tupique.com\/pt\/wp-json\/wp\/v2\/product_cat?post=223613"},{"taxonomy":"product_tag","embeddable":true,"href":"https:\/\/tupique.com\/pt\/wp-json\/wp\/v2\/product_tag?post=223613"},{"taxonomy":"woo-feed-brand","embeddable":true,"href":"https:\/\/tupique.com\/pt\/wp-json\/wp\/v2\/woo-feed-brand?post=223613"}],"curies":[{"name":"wp","href":"https:\/\/api.w.org\/{rel}","templated":true}]}}