{"id":223743,"date":"2026-05-15T16:19:49","date_gmt":"2026-05-15T14:19:49","guid":{"rendered":"https:\/\/tupique.com\/product\/chargeur-dordinateur-portable-targus-apa107eu-65w\/"},"modified":"2026-05-15T16:31:08","modified_gmt":"2026-05-15T14:31:08","slug":"chargeur-dordinateur-portable-targus-apa107eu-65w","status":"publish","type":"product","link":"https:\/\/tupique.com\/pt\/product\/chargeur-dordinateur-portable-targus-apa107eu-65w\/","title":{"rendered":"Chargeur d&#8217;ordinateur portable Targus APA107EU 65W"},"content":{"rendered":"<p>Si vous \u00eates passionn\u00e9 d&#8217;<b>informatique et d&#8217;\u00e9lectronique<\/b>, si vous \u00eates \u00e0 la pointe de la technologie et qu&#8217;aucun d\u00e9tail ne vous \u00e9chappe, achetez <b>Chargeur d&#8217;ordinateur portable Targus APA107EU 65W<\/b> au meilleur prix.<\/p>\n<p>Ler <b>APA107EU<\/b> de Targus est un <b>chargeur pour ordinateur portable<\/b> haute performance, con\u00e7u pour offrir une polyvalence et une efficacit\u00e9 maximales lors de la recharge d\u2019appareils \u00e9lectroniques, aussi bien professionnels que personnels. Ce mod\u00e8le dispose d\u2019une <b>puissance de sortie de 65 W<\/b>, permettant une charge rapide et s\u00e9curis\u00e9e pour une large gamme d\u2019ordinateurs portables et d\u2019appareils compatibles, y compris les <b>smartphones<\/b>, gr\u00e2ce \u00e0 son design <b>universel<\/b>. \u00c9quip\u00e9 de ports <b>USB<\/b> e <b>USB-C<\/b>, l\u2019APA107EU permet de connecter simultan\u00e9ment jusqu\u2019\u00e0 <b>deux appareils<\/b>, ce qui le rend particuli\u00e8rement pratique pour ceux qui g\u00e8rent plusieurs \u00e9quipements \u00e0 la fois, \u00e0 la maison, au bureau ou en d\u00e9placement. Sa finition <b>noire<\/b> lui conf\u00e8re un aspect professionnel et discret, tandis que sa fabrication selon les normes internationales garantit fiabilit\u00e9 et longue dur\u00e9e de vie. Ce chargeur se distingue par sa large compatibilit\u00e9, permettant de recharger diff\u00e9rentes marques et mod\u00e8les sans avoir besoin de multiples adaptateurs, ce qui en fait une solution pratique pour les utilisateurs recherchant une alimentation flexible. Fabriqu\u00e9 en <b>Chine<\/b>, l\u2019APA107EU refl\u00e8te les standards de qualit\u00e9 de Targus et la fiabilit\u00e9 en mati\u00e8re de connectivit\u00e9 et de s\u00e9curit\u00e9 propre \u00e0 la marque. Il s\u2019agit d\u2019une option fonctionnelle et robuste pour ceux qui recherchent efficacit\u00e9 et compatibilit\u00e9 pour la recharge d\u2019ordinateurs portables et d\u2019appareils mobiles.<\/p>\n<ul>\n<li>Type: Chargeur d&#8217;ordinateur portable<\/li>\n<li>Connexions:\n<ul>\n<li>USB-C<\/li>\n<li>USB<\/li>\n<\/ul>\n<\/li>\n<li>Compat\u00edvel\n<ul>\n<li>Universel<\/li>\n<li>Telem\u00f3vel<\/li>\n<\/ul>\n<\/li>\n<li>Produit \u00e0 brancher: Oui<\/li>\n<li>Type de prise: Prise EU<\/li>\n<li>Bloc d\u2019Alimentation: r\u00e9seau \u00e9lectrique<\/li>\n<li>Couleur: Noir<\/li>\n<li>puissance: 65 W<\/li>\n<li>Profondeur: 140 mm<\/li>\n<li>Ports: 2<\/li>\n<li>Caract\u00e9ristiques: Organisateur de C\u00e2bles<\/li>\n<\/ul>","protected":false},"excerpt":{"rendered":"<p>Si vous \u00eates passionn\u00e9 d&#8217;informatique et d&#8217;\u00e9lectronique, si vous \u00eates \u00e0 la pointe de la technologie et qu&#8217;aucun d\u00e9tail ne vous \u00e9chappe, achetez Chargeur d&#8217;ordinateur portable Targus APA107EU 65W au meilleur prix. Le APA107EU de Targus est un chargeur pour ordinateur portable haute performance, con\u00e7u pour offrir une polyvalence et une efficacit\u00e9 maximales lors de [&hellip;]<\/p>\n","protected":false},"featured_media":223742,"comment_status":"open","ping_status":"closed","template":"","meta":[],"product_brand":[3322],"product_cat":[3308,65,958],"product_tag":[210,106],"woo-feed-brand":[],"class_list":{"0":"post-223743","1":"product","2":"type-product","3":"status-publish","4":"has-post-thumbnail","6":"product_brand-brandp_3371","7":"product_cat-chargeurs-pour-pc","8":"product_cat-informatique-electronique","9":"product_cat-informatique-ordinateurs","10":"product_tag-tag_25","11":"product_tag-tag_1295","13":"first","14":"instock","15":"taxable","16":"shipping-taxable","17":"purchasable","18":"product-type-simple"},"yoast_head":"<!-- This site is optimized with the Yoast SEO plugin v27.6 - https:\/\/yoast.com\/product\/yoast-seo-wordpress\/ -->\n<title>Chargeur d&#039;ordinateur portable Targus APA107EU 65W | | Tupique<\/title>\n<meta name=\"description\" content=\"Envie d&#039;acheter Chargeur d&#039;ordinateur portable Targus APA107EU 65W\u00a0? Achetez Chargeur d&#039;ordinateur portable Targus APA107EU 65W maintenant avec Tupique en 3 versements sans int\u00e9r\u00eat.\" \/>\n<meta name=\"robots\" content=\"index, follow, max-snippet:-1, max-image-preview:large, max-video-preview:-1\" \/>\n<link rel=\"canonical\" href=\"https:\/\/tupique.com\/pt\/product\/chargeur-dordinateur-portable-targus-apa107eu-65w\/\" \/>\n<meta property=\"og:locale\" content=\"pt_PT\" \/>\n<meta property=\"og:type\" content=\"article\" \/>\n<meta property=\"og:title\" content=\"Chargeur d&#039;ordinateur portable Targus APA107EU 65W | | Tupique\" \/>\n<meta property=\"og:description\" content=\"Envie d&#039;acheter Chargeur d&#039;ordinateur portable Targus APA107EU 65W\u00a0? Achetez Chargeur d&#039;ordinateur portable Targus APA107EU 65W maintenant avec Tupique en 3 versements sans int\u00e9r\u00eat.\" \/>\n<meta property=\"og:url\" content=\"https:\/\/tupique.com\/pt\/product\/chargeur-dordinateur-portable-targus-apa107eu-65w\/\" \/>\n<meta property=\"og:site_name\" content=\"Tupique\" \/>\n<meta property=\"article:modified_time\" content=\"2026-05-15T14:31:08+00:00\" \/>\n<meta property=\"og:image\" content=\"https:\/\/tupique.com\/wp-content\/uploads\/2026\/05\/5051794030730_S5613037_P03.jpg\" \/>\n\t<meta property=\"og:image:width\" content=\"1200\" \/>\n\t<meta property=\"og:image:height\" content=\"1200\" \/>\n\t<meta property=\"og:image:type\" content=\"image\/jpeg\" \/>\n<meta name=\"twitter:card\" content=\"summary_large_image\" \/>\n<meta name=\"twitter:label1\" content=\"Tempo estimado de leitura\" \/>\n\t<meta name=\"twitter:data1\" content=\"1 minuto\" \/>\n<script type=\"application\/ld+json\" class=\"yoast-schema-graph\">{\"@context\":\"https:\\\/\\\/schema.org\",\"@graph\":[{\"@type\":\"WebPage\",\"@id\":\"https:\\\/\\\/tupique.com\\\/product\\\/chargeur-dordinateur-portable-targus-apa107eu-65w\\\/\",\"url\":\"https:\\\/\\\/tupique.com\\\/product\\\/chargeur-dordinateur-portable-targus-apa107eu-65w\\\/\",\"name\":\"Chargeur d'ordinateur portable Targus APA107EU 65W | | Tupique\",\"isPartOf\":{\"@id\":\"https:\\\/\\\/tupique.com\\\/#website\"},\"primaryImageOfPage\":{\"@id\":\"https:\\\/\\\/tupique.com\\\/product\\\/chargeur-dordinateur-portable-targus-apa107eu-65w\\\/#primaryimage\"},\"image\":{\"@id\":\"https:\\\/\\\/tupique.com\\\/product\\\/chargeur-dordinateur-portable-targus-apa107eu-65w\\\/#primaryimage\"},\"thumbnailUrl\":\"https:\\\/\\\/tupique.com\\\/wp-content\\\/uploads\\\/2026\\\/05\\\/5051794030730_S5613037_P03.jpg\",\"datePublished\":\"2026-05-15T14:19:49+00:00\",\"dateModified\":\"2026-05-15T14:31:08+00:00\",\"description\":\"Envie d'acheter Chargeur d'ordinateur portable Targus APA107EU 65W\u00a0? Achetez Chargeur d'ordinateur portable Targus APA107EU 65W maintenant avec Tupique en 3 versements sans int\u00e9r\u00eat.\",\"breadcrumb\":{\"@id\":\"https:\\\/\\\/tupique.com\\\/product\\\/chargeur-dordinateur-portable-targus-apa107eu-65w\\\/#breadcrumb\"},\"inLanguage\":\"pt-PT\",\"potentialAction\":[{\"@type\":\"ReadAction\",\"target\":[\"https:\\\/\\\/tupique.com\\\/product\\\/chargeur-dordinateur-portable-targus-apa107eu-65w\\\/\"]}]},{\"@type\":\"ImageObject\",\"inLanguage\":\"pt-PT\",\"@id\":\"https:\\\/\\\/tupique.com\\\/product\\\/chargeur-dordinateur-portable-targus-apa107eu-65w\\\/#primaryimage\",\"url\":\"https:\\\/\\\/tupique.com\\\/wp-content\\\/uploads\\\/2026\\\/05\\\/5051794030730_S5613037_P03.jpg\",\"contentUrl\":\"https:\\\/\\\/tupique.com\\\/wp-content\\\/uploads\\\/2026\\\/05\\\/5051794030730_S5613037_P03.jpg\",\"width\":1200,\"height\":1200,\"caption\":\"S5613037_0\"},{\"@type\":\"BreadcrumbList\",\"@id\":\"https:\\\/\\\/tupique.com\\\/product\\\/chargeur-dordinateur-portable-targus-apa107eu-65w\\\/#breadcrumb\",\"itemListElement\":[{\"@type\":\"ListItem\",\"position\":1,\"name\":\"commencer\",\"item\":\"https:\\\/\\\/tupique.com\\\/\"},{\"@type\":\"ListItem\",\"position\":2,\"name\":\"Loja\",\"item\":\"https:\\\/\\\/tupique.com\\\/pt\\\/loja\\\/\"},{\"@type\":\"ListItem\",\"position\":3,\"name\":\"Chargeur d&#8217;ordinateur portable Targus APA107EU 65W\"}]},{\"@type\":\"WebSite\",\"@id\":\"https:\\\/\\\/tupique.com\\\/#website\",\"url\":\"https:\\\/\\\/tupique.com\\\/\",\"name\":\"Tupique\",\"description\":\"\",\"publisher\":{\"@id\":\"https:\\\/\\\/tupique.com\\\/#organization\"},\"potentialAction\":[{\"@type\":\"SearchAction\",\"target\":{\"@type\":\"EntryPoint\",\"urlTemplate\":\"https:\\\/\\\/tupique.com\\\/?s={search_term_string}\"},\"query-input\":{\"@type\":\"PropertyValueSpecification\",\"valueRequired\":true,\"valueName\":\"search_term_string\"}}],\"inLanguage\":\"pt-PT\"},{\"@type\":\"Organization\",\"@id\":\"https:\\\/\\\/tupique.com\\\/#organization\",\"name\":\"Tupique\",\"url\":\"https:\\\/\\\/tupique.com\\\/\",\"logo\":{\"@type\":\"ImageObject\",\"inLanguage\":\"pt-PT\",\"@id\":\"https:\\\/\\\/tupique.com\\\/#\\\/schema\\\/logo\\\/image\\\/\",\"url\":\"https:\\\/\\\/tupique.com\\\/wp-content\\\/uploads\\\/2026\\\/03\\\/logo-tupique-1.webp\",\"contentUrl\":\"https:\\\/\\\/tupique.com\\\/wp-content\\\/uploads\\\/2026\\\/03\\\/logo-tupique-1.webp\",\"width\":500,\"height\":67,\"caption\":\"Tupique\"},\"image\":{\"@id\":\"https:\\\/\\\/tupique.com\\\/#\\\/schema\\\/logo\\\/image\\\/\"}}]}<\/script>\n<!-- \/ Yoast SEO plugin. -->","yoast_head_json":{"title":"Chargeur d'ordinateur portable Targus APA107EU 65W | | Tupique","description":"Envie d'acheter Chargeur d'ordinateur portable Targus APA107EU 65W\u00a0? Achetez Chargeur d'ordinateur portable Targus APA107EU 65W maintenant avec Tupique en 3 versements sans int\u00e9r\u00eat.","robots":{"index":"index","follow":"follow","max-snippet":"max-snippet:-1","max-image-preview":"max-image-preview:large","max-video-preview":"max-video-preview:-1"},"canonical":"https:\/\/tupique.com\/pt\/product\/chargeur-dordinateur-portable-targus-apa107eu-65w\/","og_locale":"pt_PT","og_type":"article","og_title":"Chargeur d'ordinateur portable Targus APA107EU 65W | | Tupique","og_description":"Envie d'acheter Chargeur d'ordinateur portable Targus APA107EU 65W\u00a0? Achetez Chargeur d'ordinateur portable Targus APA107EU 65W maintenant avec Tupique en 3 versements sans int\u00e9r\u00eat.","og_url":"https:\/\/tupique.com\/pt\/product\/chargeur-dordinateur-portable-targus-apa107eu-65w\/","og_site_name":"Tupique","article_modified_time":"2026-05-15T14:31:08+00:00","og_image":[{"width":1200,"height":1200,"url":"https:\/\/tupique.com\/wp-content\/uploads\/2026\/05\/5051794030730_S5613037_P03.jpg","type":"image\/jpeg"}],"twitter_card":"summary_large_image","twitter_misc":{"Tempo estimado de leitura":"1 minuto"},"schema":{"@context":"https:\/\/schema.org","@graph":[{"@type":"WebPage","@id":"https:\/\/tupique.com\/product\/chargeur-dordinateur-portable-targus-apa107eu-65w\/","url":"https:\/\/tupique.com\/product\/chargeur-dordinateur-portable-targus-apa107eu-65w\/","name":"Chargeur d'ordinateur portable Targus APA107EU 65W | | Tupique","isPartOf":{"@id":"https:\/\/tupique.com\/#website"},"primaryImageOfPage":{"@id":"https:\/\/tupique.com\/product\/chargeur-dordinateur-portable-targus-apa107eu-65w\/#primaryimage"},"image":{"@id":"https:\/\/tupique.com\/product\/chargeur-dordinateur-portable-targus-apa107eu-65w\/#primaryimage"},"thumbnailUrl":"https:\/\/tupique.com\/wp-content\/uploads\/2026\/05\/5051794030730_S5613037_P03.jpg","datePublished":"2026-05-15T14:19:49+00:00","dateModified":"2026-05-15T14:31:08+00:00","description":"Envie d'acheter Chargeur d'ordinateur portable Targus APA107EU 65W\u00a0? Achetez Chargeur d'ordinateur portable Targus APA107EU 65W maintenant avec Tupique en 3 versements sans int\u00e9r\u00eat.","breadcrumb":{"@id":"https:\/\/tupique.com\/product\/chargeur-dordinateur-portable-targus-apa107eu-65w\/#breadcrumb"},"inLanguage":"pt-PT","potentialAction":[{"@type":"ReadAction","target":["https:\/\/tupique.com\/product\/chargeur-dordinateur-portable-targus-apa107eu-65w\/"]}]},{"@type":"ImageObject","inLanguage":"pt-PT","@id":"https:\/\/tupique.com\/product\/chargeur-dordinateur-portable-targus-apa107eu-65w\/#primaryimage","url":"https:\/\/tupique.com\/wp-content\/uploads\/2026\/05\/5051794030730_S5613037_P03.jpg","contentUrl":"https:\/\/tupique.com\/wp-content\/uploads\/2026\/05\/5051794030730_S5613037_P03.jpg","width":1200,"height":1200,"caption":"S5613037_0"},{"@type":"BreadcrumbList","@id":"https:\/\/tupique.com\/product\/chargeur-dordinateur-portable-targus-apa107eu-65w\/#breadcrumb","itemListElement":[{"@type":"ListItem","position":1,"name":"commencer","item":"https:\/\/tupique.com\/"},{"@type":"ListItem","position":2,"name":"Loja","item":"https:\/\/tupique.com\/pt\/loja\/"},{"@type":"ListItem","position":3,"name":"Chargeur d&#8217;ordinateur portable Targus APA107EU 65W"}]},{"@type":"WebSite","@id":"https:\/\/tupique.com\/#website","url":"https:\/\/tupique.com\/","name":"Tupique","description":"","publisher":{"@id":"https:\/\/tupique.com\/#organization"},"potentialAction":[{"@type":"SearchAction","target":{"@type":"EntryPoint","urlTemplate":"https:\/\/tupique.com\/?s={search_term_string}"},"query-input":{"@type":"PropertyValueSpecification","valueRequired":true,"valueName":"search_term_string"}}],"inLanguage":"pt-PT"},{"@type":"Organization","@id":"https:\/\/tupique.com\/#organization","name":"Tupique","url":"https:\/\/tupique.com\/","logo":{"@type":"ImageObject","inLanguage":"pt-PT","@id":"https:\/\/tupique.com\/#\/schema\/logo\/image\/","url":"https:\/\/tupique.com\/wp-content\/uploads\/2026\/03\/logo-tupique-1.webp","contentUrl":"https:\/\/tupique.com\/wp-content\/uploads\/2026\/03\/logo-tupique-1.webp","width":500,"height":67,"caption":"Tupique"},"image":{"@id":"https:\/\/tupique.com\/#\/schema\/logo\/image\/"}}]}},"_links":{"self":[{"href":"https:\/\/tupique.com\/pt\/wp-json\/wp\/v2\/product\/223743","targetHints":{"allow":["GET"]}}],"collection":[{"href":"https:\/\/tupique.com\/pt\/wp-json\/wp\/v2\/product"}],"about":[{"href":"https:\/\/tupique.com\/pt\/wp-json\/wp\/v2\/types\/product"}],"replies":[{"embeddable":true,"href":"https:\/\/tupique.com\/pt\/wp-json\/wp\/v2\/comments?post=223743"}],"wp:featuredmedia":[{"embeddable":true,"href":"https:\/\/tupique.com\/pt\/wp-json\/wp\/v2\/media\/223742"}],"wp:attachment":[{"href":"https:\/\/tupique.com\/pt\/wp-json\/wp\/v2\/media?parent=223743"}],"wp:term":[{"taxonomy":"product_brand","embeddable":true,"href":"https:\/\/tupique.com\/pt\/wp-json\/wp\/v2\/product_brand?post=223743"},{"taxonomy":"product_cat","embeddable":true,"href":"https:\/\/tupique.com\/pt\/wp-json\/wp\/v2\/product_cat?post=223743"},{"taxonomy":"product_tag","embeddable":true,"href":"https:\/\/tupique.com\/pt\/wp-json\/wp\/v2\/product_tag?post=223743"},{"taxonomy":"woo-feed-brand","embeddable":true,"href":"https:\/\/tupique.com\/pt\/wp-json\/wp\/v2\/woo-feed-brand?post=223743"}],"curies":[{"name":"wp","href":"https:\/\/api.w.org\/{rel}","templated":true}]}}