{"id":223831,"date":"2026-05-15T16:35:27","date_gmt":"2026-05-15T14:35:27","guid":{"rendered":"https:\/\/tupique.com\/product\/bracelet-dactivites-casio-g-shock-gs-basic\/"},"modified":"2026-05-15T16:35:27","modified_gmt":"2026-05-15T14:35:27","slug":"bracelet-dactivites-casio-g-shock-gs-basic","status":"publish","type":"product","link":"https:\/\/tupique.com\/pt\/product\/bracelet-dactivites-casio-g-shock-gs-basic\/","title":{"rendered":"Bracelet d&#8217;activit\u00e9s Casio G-Shock GS BASIC"},"content":{"rendered":"<p>Si vous \u00eates passionn\u00e9 d&#8217;<b>informatique et d&#8217;\u00e9lectronique<\/b>, si vous \u00eates \u00e0 la pointe de la technologie et qu&#8217;aucun d\u00e9tail ne vous \u00e9chappe, achetez <b>Bracelet d&#8217;activit\u00e9s Casio G-Shock GS BASIC<\/b> au meilleur prix.<\/p>\n<ul>\n<li>Type de montre: Bracelet d&#8217;activit\u00e9s<\/li>\n<li>Produit \u00e0 brancher: Oui<\/li>\n<li>Type de prise: Prise EU<\/li>\n<li>Bloc d\u2019Alimentation: r\u00e9seau \u00e9lectrique<\/li>\n<li>Fonctions: Multifonction<\/li>\n<li>Genre: Homme<\/li>\n<li>Inclut: Inclut un \u00e9tui ou une housse de la marque<\/li>\n<li>Imperm\u00e9abilit\u00e9: 20 atm<\/li>\n<\/ul>","protected":false},"excerpt":{"rendered":"<p>Si vous \u00eates passionn\u00e9 d&#8217;informatique et d&#8217;\u00e9lectronique, si vous \u00eates \u00e0 la pointe de la technologie et qu&#8217;aucun d\u00e9tail ne vous \u00e9chappe, achetez Bracelet d&#8217;activit\u00e9s Casio G-Shock GS BASIC au meilleur prix. Type de montre: Bracelet d&#8217;activit\u00e9s Produit \u00e0 brancher: Oui Type de prise: Prise EU Bloc d\u2019Alimentation: r\u00e9seau \u00e9lectrique Fonctions: Multifonction Genre: Homme Inclut: [&hellip;]<\/p>\n","protected":false},"featured_media":223823,"comment_status":"open","ping_status":"closed","template":"","meta":[],"product_brand":[1091],"product_cat":[3333,575,65],"product_tag":[163],"woo-feed-brand":[],"class_list":{"0":"post-223831","1":"product","2":"type-product","3":"status-publish","4":"has-post-thumbnail","6":"product_brand-brandp_7896","7":"product_cat-bracelets-d-activite","8":"product_cat-electronique-telephonie-et-tablettes","9":"product_cat-informatique-electronique","10":"product_tag-tag_17","12":"first","13":"instock","14":"taxable","15":"shipping-taxable","16":"purchasable","17":"product-type-simple"},"yoast_head":"<!-- This site is optimized with the Yoast SEO plugin v27.6 - https:\/\/yoast.com\/product\/yoast-seo-wordpress\/ -->\n<title>Bracelet d&#039;activit\u00e9s Casio G-Shock GS BASIC | | Tupique<\/title>\n<meta name=\"description\" content=\"Envie d&#039;acheter Bracelet d&#039;activit\u00e9s Casio G-Shock GS BASIC\u00a0? Achetez Bracelet d&#039;activit\u00e9s Casio G-Shock GS BASIC maintenant avec Tupique en 3 versements sans int\u00e9r\u00eat.\" \/>\n<meta name=\"robots\" content=\"index, follow, max-snippet:-1, max-image-preview:large, max-video-preview:-1\" \/>\n<link rel=\"canonical\" href=\"https:\/\/tupique.com\/pt\/product\/bracelet-dactivites-casio-g-shock-gs-basic\/\" \/>\n<meta property=\"og:locale\" content=\"pt_PT\" \/>\n<meta property=\"og:type\" content=\"article\" \/>\n<meta property=\"og:title\" content=\"Bracelet d&#039;activit\u00e9s Casio G-Shock GS BASIC | | Tupique\" \/>\n<meta property=\"og:description\" content=\"Envie d&#039;acheter Bracelet d&#039;activit\u00e9s Casio G-Shock GS BASIC\u00a0? Achetez Bracelet d&#039;activit\u00e9s Casio G-Shock GS BASIC maintenant avec Tupique en 3 versements sans int\u00e9r\u00eat.\" \/>\n<meta property=\"og:url\" content=\"https:\/\/tupique.com\/pt\/product\/bracelet-dactivites-casio-g-shock-gs-basic\/\" \/>\n<meta property=\"og:site_name\" content=\"Tupique\" \/>\n<meta name=\"twitter:card\" content=\"summary_large_image\" \/>\n<script type=\"application\/ld+json\" class=\"yoast-schema-graph\">{\"@context\":\"https:\\\/\\\/schema.org\",\"@graph\":[{\"@type\":\"WebPage\",\"@id\":\"https:\\\/\\\/tupique.com\\\/product\\\/bracelet-dactivites-casio-g-shock-gs-basic\\\/\",\"url\":\"https:\\\/\\\/tupique.com\\\/product\\\/bracelet-dactivites-casio-g-shock-gs-basic\\\/\",\"name\":\"Bracelet d'activit\u00e9s Casio G-Shock GS BASIC | | Tupique\",\"isPartOf\":{\"@id\":\"https:\\\/\\\/tupique.com\\\/#website\"},\"primaryImageOfPage\":{\"@id\":\"https:\\\/\\\/tupique.com\\\/product\\\/bracelet-dactivites-casio-g-shock-gs-basic\\\/#primaryimage\"},\"image\":{\"@id\":\"https:\\\/\\\/tupique.com\\\/product\\\/bracelet-dactivites-casio-g-shock-gs-basic\\\/#primaryimage\"},\"thumbnailUrl\":\"https:\\\/\\\/tupique.com\\\/wp-content\\\/uploads\\\/2026\\\/05\\\/4971850443902_R0_WBG2.jpg\",\"datePublished\":\"2026-05-15T14:35:27+00:00\",\"description\":\"Envie d'acheter Bracelet d'activit\u00e9s Casio G-Shock GS BASIC\u00a0? Achetez Bracelet d'activit\u00e9s Casio G-Shock GS BASIC maintenant avec Tupique en 3 versements sans int\u00e9r\u00eat.\",\"breadcrumb\":{\"@id\":\"https:\\\/\\\/tupique.com\\\/product\\\/bracelet-dactivites-casio-g-shock-gs-basic\\\/#breadcrumb\"},\"inLanguage\":\"pt-PT\",\"potentialAction\":[{\"@type\":\"ReadAction\",\"target\":[\"https:\\\/\\\/tupique.com\\\/product\\\/bracelet-dactivites-casio-g-shock-gs-basic\\\/\"]}]},{\"@type\":\"ImageObject\",\"inLanguage\":\"pt-PT\",\"@id\":\"https:\\\/\\\/tupique.com\\\/product\\\/bracelet-dactivites-casio-g-shock-gs-basic\\\/#primaryimage\",\"url\":\"https:\\\/\\\/tupique.com\\\/wp-content\\\/uploads\\\/2026\\\/05\\\/4971850443902_R0_WBG2.jpg\",\"contentUrl\":\"https:\\\/\\\/tupique.com\\\/wp-content\\\/uploads\\\/2026\\\/05\\\/4971850443902_R0_WBG2.jpg\",\"width\":1200,\"height\":1200,\"caption\":\"S7230067_0\"},{\"@type\":\"BreadcrumbList\",\"@id\":\"https:\\\/\\\/tupique.com\\\/product\\\/bracelet-dactivites-casio-g-shock-gs-basic\\\/#breadcrumb\",\"itemListElement\":[{\"@type\":\"ListItem\",\"position\":1,\"name\":\"commencer\",\"item\":\"https:\\\/\\\/tupique.com\\\/\"},{\"@type\":\"ListItem\",\"position\":2,\"name\":\"Loja\",\"item\":\"https:\\\/\\\/tupique.com\\\/pt\\\/loja\\\/\"},{\"@type\":\"ListItem\",\"position\":3,\"name\":\"Bracelet d&#8217;activit\u00e9s Casio G-Shock GS BASIC\"}]},{\"@type\":\"WebSite\",\"@id\":\"https:\\\/\\\/tupique.com\\\/#website\",\"url\":\"https:\\\/\\\/tupique.com\\\/\",\"name\":\"Tupique\",\"description\":\"\",\"publisher\":{\"@id\":\"https:\\\/\\\/tupique.com\\\/#organization\"},\"potentialAction\":[{\"@type\":\"SearchAction\",\"target\":{\"@type\":\"EntryPoint\",\"urlTemplate\":\"https:\\\/\\\/tupique.com\\\/?s={search_term_string}\"},\"query-input\":{\"@type\":\"PropertyValueSpecification\",\"valueRequired\":true,\"valueName\":\"search_term_string\"}}],\"inLanguage\":\"pt-PT\"},{\"@type\":\"Organization\",\"@id\":\"https:\\\/\\\/tupique.com\\\/#organization\",\"name\":\"Tupique\",\"url\":\"https:\\\/\\\/tupique.com\\\/\",\"logo\":{\"@type\":\"ImageObject\",\"inLanguage\":\"pt-PT\",\"@id\":\"https:\\\/\\\/tupique.com\\\/#\\\/schema\\\/logo\\\/image\\\/\",\"url\":\"https:\\\/\\\/tupique.com\\\/wp-content\\\/uploads\\\/2026\\\/03\\\/logo-tupique-1.webp\",\"contentUrl\":\"https:\\\/\\\/tupique.com\\\/wp-content\\\/uploads\\\/2026\\\/03\\\/logo-tupique-1.webp\",\"width\":500,\"height\":67,\"caption\":\"Tupique\"},\"image\":{\"@id\":\"https:\\\/\\\/tupique.com\\\/#\\\/schema\\\/logo\\\/image\\\/\"}}]}<\/script>\n<!-- \/ Yoast SEO plugin. -->","yoast_head_json":{"title":"Bracelet d'activit\u00e9s Casio G-Shock GS BASIC | | Tupique","description":"Envie d'acheter Bracelet d'activit\u00e9s Casio G-Shock GS BASIC\u00a0? Achetez Bracelet d'activit\u00e9s Casio G-Shock GS BASIC maintenant avec Tupique en 3 versements sans int\u00e9r\u00eat.","robots":{"index":"index","follow":"follow","max-snippet":"max-snippet:-1","max-image-preview":"max-image-preview:large","max-video-preview":"max-video-preview:-1"},"canonical":"https:\/\/tupique.com\/pt\/product\/bracelet-dactivites-casio-g-shock-gs-basic\/","og_locale":"pt_PT","og_type":"article","og_title":"Bracelet d'activit\u00e9s Casio G-Shock GS BASIC | | Tupique","og_description":"Envie d'acheter Bracelet d'activit\u00e9s Casio G-Shock GS BASIC\u00a0? Achetez Bracelet d'activit\u00e9s Casio G-Shock GS BASIC maintenant avec Tupique en 3 versements sans int\u00e9r\u00eat.","og_url":"https:\/\/tupique.com\/pt\/product\/bracelet-dactivites-casio-g-shock-gs-basic\/","og_site_name":"Tupique","twitter_card":"summary_large_image","schema":{"@context":"https:\/\/schema.org","@graph":[{"@type":"WebPage","@id":"https:\/\/tupique.com\/product\/bracelet-dactivites-casio-g-shock-gs-basic\/","url":"https:\/\/tupique.com\/product\/bracelet-dactivites-casio-g-shock-gs-basic\/","name":"Bracelet d'activit\u00e9s Casio G-Shock GS BASIC | | Tupique","isPartOf":{"@id":"https:\/\/tupique.com\/#website"},"primaryImageOfPage":{"@id":"https:\/\/tupique.com\/product\/bracelet-dactivites-casio-g-shock-gs-basic\/#primaryimage"},"image":{"@id":"https:\/\/tupique.com\/product\/bracelet-dactivites-casio-g-shock-gs-basic\/#primaryimage"},"thumbnailUrl":"https:\/\/tupique.com\/wp-content\/uploads\/2026\/05\/4971850443902_R0_WBG2.jpg","datePublished":"2026-05-15T14:35:27+00:00","description":"Envie d'acheter Bracelet d'activit\u00e9s Casio G-Shock GS BASIC\u00a0? Achetez Bracelet d'activit\u00e9s Casio G-Shock GS BASIC maintenant avec Tupique en 3 versements sans int\u00e9r\u00eat.","breadcrumb":{"@id":"https:\/\/tupique.com\/product\/bracelet-dactivites-casio-g-shock-gs-basic\/#breadcrumb"},"inLanguage":"pt-PT","potentialAction":[{"@type":"ReadAction","target":["https:\/\/tupique.com\/product\/bracelet-dactivites-casio-g-shock-gs-basic\/"]}]},{"@type":"ImageObject","inLanguage":"pt-PT","@id":"https:\/\/tupique.com\/product\/bracelet-dactivites-casio-g-shock-gs-basic\/#primaryimage","url":"https:\/\/tupique.com\/wp-content\/uploads\/2026\/05\/4971850443902_R0_WBG2.jpg","contentUrl":"https:\/\/tupique.com\/wp-content\/uploads\/2026\/05\/4971850443902_R0_WBG2.jpg","width":1200,"height":1200,"caption":"S7230067_0"},{"@type":"BreadcrumbList","@id":"https:\/\/tupique.com\/product\/bracelet-dactivites-casio-g-shock-gs-basic\/#breadcrumb","itemListElement":[{"@type":"ListItem","position":1,"name":"commencer","item":"https:\/\/tupique.com\/"},{"@type":"ListItem","position":2,"name":"Loja","item":"https:\/\/tupique.com\/pt\/loja\/"},{"@type":"ListItem","position":3,"name":"Bracelet d&#8217;activit\u00e9s Casio G-Shock GS BASIC"}]},{"@type":"WebSite","@id":"https:\/\/tupique.com\/#website","url":"https:\/\/tupique.com\/","name":"Tupique","description":"","publisher":{"@id":"https:\/\/tupique.com\/#organization"},"potentialAction":[{"@type":"SearchAction","target":{"@type":"EntryPoint","urlTemplate":"https:\/\/tupique.com\/?s={search_term_string}"},"query-input":{"@type":"PropertyValueSpecification","valueRequired":true,"valueName":"search_term_string"}}],"inLanguage":"pt-PT"},{"@type":"Organization","@id":"https:\/\/tupique.com\/#organization","name":"Tupique","url":"https:\/\/tupique.com\/","logo":{"@type":"ImageObject","inLanguage":"pt-PT","@id":"https:\/\/tupique.com\/#\/schema\/logo\/image\/","url":"https:\/\/tupique.com\/wp-content\/uploads\/2026\/03\/logo-tupique-1.webp","contentUrl":"https:\/\/tupique.com\/wp-content\/uploads\/2026\/03\/logo-tupique-1.webp","width":500,"height":67,"caption":"Tupique"},"image":{"@id":"https:\/\/tupique.com\/#\/schema\/logo\/image\/"}}]}},"_links":{"self":[{"href":"https:\/\/tupique.com\/pt\/wp-json\/wp\/v2\/product\/223831","targetHints":{"allow":["GET"]}}],"collection":[{"href":"https:\/\/tupique.com\/pt\/wp-json\/wp\/v2\/product"}],"about":[{"href":"https:\/\/tupique.com\/pt\/wp-json\/wp\/v2\/types\/product"}],"replies":[{"embeddable":true,"href":"https:\/\/tupique.com\/pt\/wp-json\/wp\/v2\/comments?post=223831"}],"wp:featuredmedia":[{"embeddable":true,"href":"https:\/\/tupique.com\/pt\/wp-json\/wp\/v2\/media\/223823"}],"wp:attachment":[{"href":"https:\/\/tupique.com\/pt\/wp-json\/wp\/v2\/media?parent=223831"}],"wp:term":[{"taxonomy":"product_brand","embeddable":true,"href":"https:\/\/tupique.com\/pt\/wp-json\/wp\/v2\/product_brand?post=223831"},{"taxonomy":"product_cat","embeddable":true,"href":"https:\/\/tupique.com\/pt\/wp-json\/wp\/v2\/product_cat?post=223831"},{"taxonomy":"product_tag","embeddable":true,"href":"https:\/\/tupique.com\/pt\/wp-json\/wp\/v2\/product_tag?post=223831"},{"taxonomy":"woo-feed-brand","embeddable":true,"href":"https:\/\/tupique.com\/pt\/wp-json\/wp\/v2\/woo-feed-brand?post=223831"}],"curies":[{"name":"wp","href":"https:\/\/api.w.org\/{rel}","templated":true}]}}