{"id":223849,"date":"2026-05-15T16:36:17","date_gmt":"2026-05-15T14:36:17","guid":{"rendered":"https:\/\/tupique.com\/product\/ecran-aoc-25g3zm-bk-full-hd-245\/"},"modified":"2026-05-15T16:36:17","modified_gmt":"2026-05-15T14:36:17","slug":"ecran-aoc-25g3zm-bk-full-hd-245","status":"publish","type":"product","link":"https:\/\/tupique.com\/pt\/product\/ecran-aoc-25g3zm-bk-full-hd-245\/","title":{"rendered":"\u00c9cran AOC 25G3ZM\/BK Full HD 24,5&#8243;"},"content":{"rendered":"<p>Si vous \u00eates passionn\u00e9 d&#8217;<b>informatique et d&#8217;\u00e9lectronique<\/b>, si vous \u00eates \u00e0 la pointe de la technologie et qu&#8217;aucun d\u00e9tail ne vous \u00e9chappe, achetez <b>\u00c9cran AOC 25G3ZM\/BK Full HD 24,5&#8243;<\/b> au meilleur prix.<\/p>\n<p>Ler <b>AOC 25G3ZM\/BK<\/b> est un <b>moniteur<\/b> con\u00e7u sp\u00e9cialement pour les joueurs recherchant un \u00e9quilibre entre performance et qualit\u00e9 d\u2019image dans un format optimis\u00e9 pour la comp\u00e9tition et un usage intensif. Il dispose d\u2019un <b>\u00e9cran de 24,5 pouces<\/b> avec dalle VA offrant une grande profondeur des noirs et un contraste natif \u00e9lev\u00e9 de <b>3000:1<\/b>, sup\u00e9rieur \u00e0 celui d\u2019autres dalles courantes en gaming, am\u00e9liorant la visibilit\u00e9 dans les sc\u00e8nes sombres sans perte de d\u00e9tail. Sa r\u00e9solution Full HD de <b>1920 x 1080 pixels<\/b> assure une nettet\u00e9 adapt\u00e9e aux jeux et multim\u00e9dia, tandis que son <b>temps de r\u00e9ponse de 1 ms GTG<\/b> et la prise en charge de <b>Adaptive Sync<\/b> \u00e9liminent les d\u00e9chirures d\u2019image et r\u00e9duisent la latence, des atouts essentiels pour garantir fluidit\u00e9 et pr\u00e9cision dans les mouvements rapides, tr\u00e8s appr\u00e9ci\u00e9s en esports et jeux d\u2019action. Il offre aussi une fr\u00e9quence de rafra\u00eechissement \u00e9lev\u00e9e de <b>240 Hz<\/b>, qui permet un affichage sans saccades ni flous, favorisant des r\u00e9actions rapides et r\u00e9duisant la fatigue visuelle. Pour plus de confort, il int\u00e8gre la technologie <b>Flicker Free<\/b>, qui supprime le scintillement de l\u2019\u00e9cran et minimise la fatigue oculaire lors de longues sessions. Son large angle de vue de <b>178\u00b0 \u00e0 la fois horizontal et vertical<\/b> maintient la qualit\u00e9 des couleurs et du contraste quel que soit l\u2019angle. Son design associe une esth\u00e9tique sobre en <b>noir et rouge<\/b>, adapt\u00e9e aux setups gaming, et comprend un pied r\u00e9glable en hauteur, pivotant et compatible avec un montage <b>VESA<\/b>, facilitant l\u2019ergonomie et la personnalisation de l\u2019espace de travail ou de jeu. Ces \u00e9l\u00e9ments compl\u00e8tent l\u2019exp\u00e9rience visuelle sans sacrifier la fonctionnalit\u00e9, en permettant d\u2019adapter la position du moniteur aux besoins de l\u2019utilisateur. En r\u00e9sum\u00e9, l\u2019AOC 25G3ZM\/BK est une option solide pour les joueurs comp\u00e9titifs comme occasionnels, \u00e0 la recherche d\u2019un moniteur r\u00e9actif, \u00e0 contraste \u00e9lev\u00e9 et \u00e0 ergonomie modulable.<\/p>\n<ul>\n<li>Classification \u00e9nerg\u00e9tique: E<\/li>\n<li>Produit \u00e0 brancher: Oui<\/li>\n<li>Type de prise: Prise EU<\/li>\n<li>R\u00e9solution (px): 1920 x 1080 px<\/li>\n<li>Diagonale de l&#8217;\u00e9cran (cm): 62,2 cm<\/li>\n<li>Caracter\u00edsticas:\n<ul>\n<li>\u00c9cran plat<\/li>\n<li>Plaque Tournante<\/li>\n<li>R\u00e9glable<\/li>\n<li>Finition mate<\/li>\n<li>Inclinable<\/li>\n<li>Inclinaison r\u00e9glable<\/li>\n<li>D\u00e9montable<\/li>\n<\/ul>\n<\/li>\n<li>Connexions:\n<ul>\n<li>DisplayPort 1.2<\/li>\n<li>HDMI<\/li>\n<li>DisplayPort<\/li>\n<li>HDMI 2.0<\/li>\n<li>HDMI x 2<\/li>\n<li>Jack 3.5 mm<\/li>\n<li>DisplayPort x 1<\/li>\n<\/ul>\n<\/li>\n<li>Tipo:\n<ul>\n<li>\u00c9cran<\/li>\n<li>Axe<\/li>\n<\/ul>\n<\/li>\n<li>Bloc d\u2019Alimentation:\n<ul>\n<li>r\u00e9seau \u00e9lectrique<\/li>\n<li>Cordon d&#8217;alimentation CA<\/li>\n<\/ul>\n<\/li>\n<li>Couleur:\n<ul>\n<li>Noir<\/li>\n<li>Rouge<\/li>\n<\/ul>\n<\/li>\n<li>Temps de r\u00e9ponse:\n<ul>\n<li>1 ms<\/li>\n<li>0,5 ms<\/li>\n<\/ul>\n<\/li>\n<li>VESA: 10 x 10 cm<\/li>\n<li>Brille:\n<ul>\n<li>300 cd\/m\u00b2<\/li>\n<li>300 lm ANSI<\/li>\n<\/ul>\n<\/li>\n<li>Ecran: 24,5&#8243;<\/li>\n<li>R\u00e9solution:\n<ul>\n<li>Full HD<\/li>\n<li>LCD<\/li>\n<\/ul>\n<\/li>\n<li>Rapport d&#8217;aspect: 16:9<\/li>\n<li>Tension: 230 V<\/li>\n<li>Rapport de contraste: 3000:1<\/li>\n<li>Fr\u00e9quence: 240 Hz<\/li>\n<li>Technologie:\n<ul>\n<li>VA<\/li>\n<li>Flicker free<\/li>\n<\/ul>\n<\/li>\n<li>Utilisation recommand\u00e9e: Jeux<\/li>\n<li>consommation d&#8217;\u00e9nergie: 25 kWh<\/li>\n<li>Ecran tactile: Non<\/li>\n<li>Inclut: Sortie d&#8217;\u00e9couteurs<\/li>\n<li>Angle: 178\u00ba<\/li>\n<li>Connecteurs: Kensington<\/li>\n<li>Montage: VESA<\/li>\n<li>Couverture: 100% sRGB<\/li>\n<li>Rotation: -30\u00ba \/ 30\u00b0<\/li>\n<\/ul>","protected":false},"excerpt":{"rendered":"<p>Si vous \u00eates passionn\u00e9 d&#8217;informatique et d&#8217;\u00e9lectronique, si vous \u00eates \u00e0 la pointe de la technologie et qu&#8217;aucun d\u00e9tail ne vous \u00e9chappe, achetez \u00c9cran AOC 25G3ZM\/BK Full HD 24,5&#8243; au meilleur prix. Le AOC 25G3ZM\/BK est un moniteur con\u00e7u sp\u00e9cialement pour les joueurs recherchant un \u00e9quilibre entre performance et qualit\u00e9 d\u2019image dans un format optimis\u00e9 [&hellip;]<\/p>\n","protected":false},"featured_media":223842,"comment_status":"open","ping_status":"closed","template":"","meta":[],"product_brand":[1000],"product_cat":[65,581,616],"product_tag":[213,106],"woo-feed-brand":[],"class_list":{"0":"post-223849","1":"product","2":"type-product","3":"status-publish","4":"has-post-thumbnail","6":"product_brand-brandp_4564","7":"product_cat-informatique-electronique","8":"product_cat-informatique-peripheriques-et-consommables","9":"product_cat-moniteurs","10":"product_tag-tag_933","11":"product_tag-tag_1295","13":"first","14":"instock","15":"taxable","16":"shipping-taxable","17":"purchasable","18":"product-type-simple"},"yoast_head":"<!-- This site is optimized with the Yoast SEO plugin v27.6 - https:\/\/yoast.com\/product\/yoast-seo-wordpress\/ -->\n<title>\u00c9cran AOC 25G3ZM\/BK Full HD 24,5&quot; | | Tupique<\/title>\n<meta name=\"description\" content=\"Envie d&#039;acheter \u00c9cran AOC 25G3ZM\/BK Full HD 24,5&quot;\u00a0? Achetez \u00c9cran AOC 25G3ZM\/BK Full HD 24,5&quot; maintenant avec Tupique en 3 versements sans int\u00e9r\u00eat.\" \/>\n<meta name=\"robots\" content=\"index, follow, max-snippet:-1, max-image-preview:large, max-video-preview:-1\" \/>\n<link rel=\"canonical\" href=\"https:\/\/tupique.com\/pt\/product\/ecran-aoc-25g3zm-bk-full-hd-245\/\" \/>\n<meta property=\"og:locale\" content=\"pt_PT\" \/>\n<meta property=\"og:type\" content=\"article\" \/>\n<meta property=\"og:title\" content=\"\u00c9cran AOC 25G3ZM\/BK Full HD 24,5&quot; | | Tupique\" \/>\n<meta property=\"og:description\" content=\"Envie d&#039;acheter \u00c9cran AOC 25G3ZM\/BK Full HD 24,5&quot;\u00a0? Achetez \u00c9cran AOC 25G3ZM\/BK Full HD 24,5&quot; maintenant avec Tupique en 3 versements sans int\u00e9r\u00eat.\" \/>\n<meta property=\"og:url\" content=\"https:\/\/tupique.com\/pt\/product\/ecran-aoc-25g3zm-bk-full-hd-245\/\" \/>\n<meta property=\"og:site_name\" content=\"Tupique\" \/>\n<meta name=\"twitter:card\" content=\"summary_large_image\" \/>\n<meta name=\"twitter:label1\" content=\"Tempo estimado de leitura\" \/>\n\t<meta name=\"twitter:data1\" content=\"2 minutos\" \/>\n<script type=\"application\/ld+json\" class=\"yoast-schema-graph\">{\"@context\":\"https:\\\/\\\/schema.org\",\"@graph\":[{\"@type\":\"WebPage\",\"@id\":\"https:\\\/\\\/tupique.com\\\/product\\\/ecran-aoc-25g3zm-bk-full-hd-245\\\/\",\"url\":\"https:\\\/\\\/tupique.com\\\/product\\\/ecran-aoc-25g3zm-bk-full-hd-245\\\/\",\"name\":\"\u00c9cran AOC 25G3ZM\\\/BK Full HD 24,5\\\" | | Tupique\",\"isPartOf\":{\"@id\":\"https:\\\/\\\/tupique.com\\\/#website\"},\"primaryImageOfPage\":{\"@id\":\"https:\\\/\\\/tupique.com\\\/product\\\/ecran-aoc-25g3zm-bk-full-hd-245\\\/#primaryimage\"},\"image\":{\"@id\":\"https:\\\/\\\/tupique.com\\\/product\\\/ecran-aoc-25g3zm-bk-full-hd-245\\\/#primaryimage\"},\"thumbnailUrl\":\"https:\\\/\\\/tupique.com\\\/wp-content\\\/uploads\\\/2026\\\/05\\\/4038986140911_I03.jpg\",\"datePublished\":\"2026-05-15T14:36:17+00:00\",\"description\":\"Envie d'acheter \u00c9cran AOC 25G3ZM\\\/BK Full HD 24,5\\\"\u00a0? Achetez \u00c9cran AOC 25G3ZM\\\/BK Full HD 24,5\\\" maintenant avec Tupique en 3 versements sans int\u00e9r\u00eat.\",\"breadcrumb\":{\"@id\":\"https:\\\/\\\/tupique.com\\\/product\\\/ecran-aoc-25g3zm-bk-full-hd-245\\\/#breadcrumb\"},\"inLanguage\":\"pt-PT\",\"potentialAction\":[{\"@type\":\"ReadAction\",\"target\":[\"https:\\\/\\\/tupique.com\\\/product\\\/ecran-aoc-25g3zm-bk-full-hd-245\\\/\"]}]},{\"@type\":\"ImageObject\",\"inLanguage\":\"pt-PT\",\"@id\":\"https:\\\/\\\/tupique.com\\\/product\\\/ecran-aoc-25g3zm-bk-full-hd-245\\\/#primaryimage\",\"url\":\"https:\\\/\\\/tupique.com\\\/wp-content\\\/uploads\\\/2026\\\/05\\\/4038986140911_I03.jpg\",\"contentUrl\":\"https:\\\/\\\/tupique.com\\\/wp-content\\\/uploads\\\/2026\\\/05\\\/4038986140911_I03.jpg\",\"width\":1200,\"height\":1200,\"caption\":\"S55166905_0\"},{\"@type\":\"BreadcrumbList\",\"@id\":\"https:\\\/\\\/tupique.com\\\/product\\\/ecran-aoc-25g3zm-bk-full-hd-245\\\/#breadcrumb\",\"itemListElement\":[{\"@type\":\"ListItem\",\"position\":1,\"name\":\"commencer\",\"item\":\"https:\\\/\\\/tupique.com\\\/\"},{\"@type\":\"ListItem\",\"position\":2,\"name\":\"Loja\",\"item\":\"https:\\\/\\\/tupique.com\\\/pt\\\/loja\\\/\"},{\"@type\":\"ListItem\",\"position\":3,\"name\":\"\u00c9cran AOC 25G3ZM\\\/BK Full HD 24,5&#8243;\"}]},{\"@type\":\"WebSite\",\"@id\":\"https:\\\/\\\/tupique.com\\\/#website\",\"url\":\"https:\\\/\\\/tupique.com\\\/\",\"name\":\"Tupique\",\"description\":\"\",\"publisher\":{\"@id\":\"https:\\\/\\\/tupique.com\\\/#organization\"},\"potentialAction\":[{\"@type\":\"SearchAction\",\"target\":{\"@type\":\"EntryPoint\",\"urlTemplate\":\"https:\\\/\\\/tupique.com\\\/?s={search_term_string}\"},\"query-input\":{\"@type\":\"PropertyValueSpecification\",\"valueRequired\":true,\"valueName\":\"search_term_string\"}}],\"inLanguage\":\"pt-PT\"},{\"@type\":\"Organization\",\"@id\":\"https:\\\/\\\/tupique.com\\\/#organization\",\"name\":\"Tupique\",\"url\":\"https:\\\/\\\/tupique.com\\\/\",\"logo\":{\"@type\":\"ImageObject\",\"inLanguage\":\"pt-PT\",\"@id\":\"https:\\\/\\\/tupique.com\\\/#\\\/schema\\\/logo\\\/image\\\/\",\"url\":\"https:\\\/\\\/tupique.com\\\/wp-content\\\/uploads\\\/2026\\\/03\\\/logo-tupique-1.webp\",\"contentUrl\":\"https:\\\/\\\/tupique.com\\\/wp-content\\\/uploads\\\/2026\\\/03\\\/logo-tupique-1.webp\",\"width\":500,\"height\":67,\"caption\":\"Tupique\"},\"image\":{\"@id\":\"https:\\\/\\\/tupique.com\\\/#\\\/schema\\\/logo\\\/image\\\/\"}}]}<\/script>\n<!-- \/ Yoast SEO plugin. -->","yoast_head_json":{"title":"\u00c9cran AOC 25G3ZM\/BK Full HD 24,5\" | | Tupique","description":"Envie d'acheter \u00c9cran AOC 25G3ZM\/BK Full HD 24,5\"\u00a0? Achetez \u00c9cran AOC 25G3ZM\/BK Full HD 24,5\" maintenant avec Tupique en 3 versements sans int\u00e9r\u00eat.","robots":{"index":"index","follow":"follow","max-snippet":"max-snippet:-1","max-image-preview":"max-image-preview:large","max-video-preview":"max-video-preview:-1"},"canonical":"https:\/\/tupique.com\/pt\/product\/ecran-aoc-25g3zm-bk-full-hd-245\/","og_locale":"pt_PT","og_type":"article","og_title":"\u00c9cran AOC 25G3ZM\/BK Full HD 24,5\" | | Tupique","og_description":"Envie d'acheter \u00c9cran AOC 25G3ZM\/BK Full HD 24,5\"\u00a0? Achetez \u00c9cran AOC 25G3ZM\/BK Full HD 24,5\" maintenant avec Tupique en 3 versements sans int\u00e9r\u00eat.","og_url":"https:\/\/tupique.com\/pt\/product\/ecran-aoc-25g3zm-bk-full-hd-245\/","og_site_name":"Tupique","twitter_card":"summary_large_image","twitter_misc":{"Tempo estimado de leitura":"2 minutos"},"schema":{"@context":"https:\/\/schema.org","@graph":[{"@type":"WebPage","@id":"https:\/\/tupique.com\/product\/ecran-aoc-25g3zm-bk-full-hd-245\/","url":"https:\/\/tupique.com\/product\/ecran-aoc-25g3zm-bk-full-hd-245\/","name":"\u00c9cran AOC 25G3ZM\/BK Full HD 24,5\" | | Tupique","isPartOf":{"@id":"https:\/\/tupique.com\/#website"},"primaryImageOfPage":{"@id":"https:\/\/tupique.com\/product\/ecran-aoc-25g3zm-bk-full-hd-245\/#primaryimage"},"image":{"@id":"https:\/\/tupique.com\/product\/ecran-aoc-25g3zm-bk-full-hd-245\/#primaryimage"},"thumbnailUrl":"https:\/\/tupique.com\/wp-content\/uploads\/2026\/05\/4038986140911_I03.jpg","datePublished":"2026-05-15T14:36:17+00:00","description":"Envie d'acheter \u00c9cran AOC 25G3ZM\/BK Full HD 24,5\"\u00a0? Achetez \u00c9cran AOC 25G3ZM\/BK Full HD 24,5\" maintenant avec Tupique en 3 versements sans int\u00e9r\u00eat.","breadcrumb":{"@id":"https:\/\/tupique.com\/product\/ecran-aoc-25g3zm-bk-full-hd-245\/#breadcrumb"},"inLanguage":"pt-PT","potentialAction":[{"@type":"ReadAction","target":["https:\/\/tupique.com\/product\/ecran-aoc-25g3zm-bk-full-hd-245\/"]}]},{"@type":"ImageObject","inLanguage":"pt-PT","@id":"https:\/\/tupique.com\/product\/ecran-aoc-25g3zm-bk-full-hd-245\/#primaryimage","url":"https:\/\/tupique.com\/wp-content\/uploads\/2026\/05\/4038986140911_I03.jpg","contentUrl":"https:\/\/tupique.com\/wp-content\/uploads\/2026\/05\/4038986140911_I03.jpg","width":1200,"height":1200,"caption":"S55166905_0"},{"@type":"BreadcrumbList","@id":"https:\/\/tupique.com\/product\/ecran-aoc-25g3zm-bk-full-hd-245\/#breadcrumb","itemListElement":[{"@type":"ListItem","position":1,"name":"commencer","item":"https:\/\/tupique.com\/"},{"@type":"ListItem","position":2,"name":"Loja","item":"https:\/\/tupique.com\/pt\/loja\/"},{"@type":"ListItem","position":3,"name":"\u00c9cran AOC 25G3ZM\/BK Full HD 24,5&#8243;"}]},{"@type":"WebSite","@id":"https:\/\/tupique.com\/#website","url":"https:\/\/tupique.com\/","name":"Tupique","description":"","publisher":{"@id":"https:\/\/tupique.com\/#organization"},"potentialAction":[{"@type":"SearchAction","target":{"@type":"EntryPoint","urlTemplate":"https:\/\/tupique.com\/?s={search_term_string}"},"query-input":{"@type":"PropertyValueSpecification","valueRequired":true,"valueName":"search_term_string"}}],"inLanguage":"pt-PT"},{"@type":"Organization","@id":"https:\/\/tupique.com\/#organization","name":"Tupique","url":"https:\/\/tupique.com\/","logo":{"@type":"ImageObject","inLanguage":"pt-PT","@id":"https:\/\/tupique.com\/#\/schema\/logo\/image\/","url":"https:\/\/tupique.com\/wp-content\/uploads\/2026\/03\/logo-tupique-1.webp","contentUrl":"https:\/\/tupique.com\/wp-content\/uploads\/2026\/03\/logo-tupique-1.webp","width":500,"height":67,"caption":"Tupique"},"image":{"@id":"https:\/\/tupique.com\/#\/schema\/logo\/image\/"}}]}},"_links":{"self":[{"href":"https:\/\/tupique.com\/pt\/wp-json\/wp\/v2\/product\/223849","targetHints":{"allow":["GET"]}}],"collection":[{"href":"https:\/\/tupique.com\/pt\/wp-json\/wp\/v2\/product"}],"about":[{"href":"https:\/\/tupique.com\/pt\/wp-json\/wp\/v2\/types\/product"}],"replies":[{"embeddable":true,"href":"https:\/\/tupique.com\/pt\/wp-json\/wp\/v2\/comments?post=223849"}],"wp:featuredmedia":[{"embeddable":true,"href":"https:\/\/tupique.com\/pt\/wp-json\/wp\/v2\/media\/223842"}],"wp:attachment":[{"href":"https:\/\/tupique.com\/pt\/wp-json\/wp\/v2\/media?parent=223849"}],"wp:term":[{"taxonomy":"product_brand","embeddable":true,"href":"https:\/\/tupique.com\/pt\/wp-json\/wp\/v2\/product_brand?post=223849"},{"taxonomy":"product_cat","embeddable":true,"href":"https:\/\/tupique.com\/pt\/wp-json\/wp\/v2\/product_cat?post=223849"},{"taxonomy":"product_tag","embeddable":true,"href":"https:\/\/tupique.com\/pt\/wp-json\/wp\/v2\/product_tag?post=223849"},{"taxonomy":"woo-feed-brand","embeddable":true,"href":"https:\/\/tupique.com\/pt\/wp-json\/wp\/v2\/woo-feed-brand?post=223849"}],"curies":[{"name":"wp","href":"https:\/\/api.w.org\/{rel}","templated":true}]}}