{"id":224009,"date":"2026-05-15T17:10:34","date_gmt":"2026-05-15T15:10:34","guid":{"rendered":"https:\/\/tupique.com\/product\/pile-varta-cr123a-3-v-3-v\/"},"modified":"2026-05-15T17:10:34","modified_gmt":"2026-05-15T15:10:34","slug":"pile-varta-cr123a-3-v-3-v","status":"publish","type":"product","link":"https:\/\/tupique.com\/pt\/product\/pile-varta-cr123a-3-v-3-v\/","title":{"rendered":"Pile Varta CR123A 3 V 3 V"},"content":{"rendered":"<p>Si vous \u00eates passionn\u00e9 d&#8217;<b>informatique et d&#8217;\u00e9lectronique<\/b>, si vous \u00eates \u00e0 la pointe de la technologie et qu&#8217;aucun d\u00e9tail ne vous \u00e9chappe, achetez <b>Pile Varta CR123A 3 V 3 V<\/b> au meilleur prix.<\/p>\n<ul>\n<li>Tipo:\n<ul>\n<li>CR123A<\/li>\n<li>\u00c0 usage unique<\/li>\n<li>Batterie au lithium rechargeable<\/li>\n<\/ul>\n<\/li>\n<li>Tension: 3 V<\/li>\n<li>Type de batterie:\n<ul>\n<li>Lithium<\/li>\n<li>CR-Type<\/li>\n<li>Pile bouton<\/li>\n<\/ul>\n<\/li>\n<li>Rechargeable: Non<\/li>\n<li>Nombre de batteries: x 1<\/li>\n<li>Unit\u00e9s:\n<ul>\n<li>1 Unit\u00e9<\/li>\n<li>1<\/li>\n<\/ul>\n<\/li>\n<li>Capacit\u00e9 de la batterie: 1600 mAh<\/li>\n<li>Nombre de piles incluses: 1<\/li>\n<li>Nombre de pi\u00e8ces: 10 Pi\u00e8ces<\/li>\n<li>Poids: 220 g<\/li>\n<li>Facteur de forme: Cylindrique<\/li>\n<\/ul>","protected":false},"excerpt":{"rendered":"<p>Si vous \u00eates passionn\u00e9 d&#8217;informatique et d&#8217;\u00e9lectronique, si vous \u00eates \u00e0 la pointe de la technologie et qu&#8217;aucun d\u00e9tail ne vous \u00e9chappe, achetez Pile Varta CR123A 3 V 3 V au meilleur prix. Type: CR123A \u00c0 usage unique Batterie au lithium rechargeable Tension: 3 V Type de batterie: Lithium CR-Type Pile bouton Rechargeable: Non Nombre [&hellip;]<\/p>\n","protected":false},"featured_media":224007,"comment_status":"open","ping_status":"closed","template":"","meta":[],"product_brand":[2640],"product_cat":[3248,65,3249],"product_tag":[210,106],"woo-feed-brand":[],"class_list":{"0":"post-224009","1":"product","2":"type-product","3":"status-publish","4":"has-post-thumbnail","6":"product_brand-brandp_1309","7":"product_cat-electronique-piles-et-batteries","8":"product_cat-informatique-electronique","9":"product_cat-piles-alcalines","10":"product_tag-tag_25","11":"product_tag-tag_1295","13":"first","14":"instock","15":"taxable","16":"shipping-taxable","17":"purchasable","18":"product-type-simple"},"yoast_head":"<!-- This site is optimized with the Yoast SEO plugin v27.6 - https:\/\/yoast.com\/product\/yoast-seo-wordpress\/ -->\n<title>Pile Varta CR123A 3 V 3 V | | Tupique<\/title>\n<meta name=\"description\" content=\"Envie d&#039;acheter Pile Varta CR123A 3 V 3 V\u00a0? Achetez Pile Varta CR123A 3 V 3 V maintenant avec Tupique en 3 versements sans int\u00e9r\u00eat.\" \/>\n<meta name=\"robots\" content=\"index, follow, max-snippet:-1, max-image-preview:large, max-video-preview:-1\" \/>\n<link rel=\"canonical\" href=\"https:\/\/tupique.com\/pt\/product\/pile-varta-cr123a-3-v-3-v\/\" \/>\n<meta property=\"og:locale\" content=\"pt_PT\" \/>\n<meta property=\"og:type\" content=\"article\" \/>\n<meta property=\"og:title\" content=\"Pile Varta CR123A 3 V 3 V | | Tupique\" \/>\n<meta property=\"og:description\" content=\"Envie d&#039;acheter Pile Varta CR123A 3 V 3 V\u00a0? Achetez Pile Varta CR123A 3 V 3 V maintenant avec Tupique en 3 versements sans int\u00e9r\u00eat.\" \/>\n<meta property=\"og:url\" content=\"https:\/\/tupique.com\/pt\/product\/pile-varta-cr123a-3-v-3-v\/\" \/>\n<meta property=\"og:site_name\" content=\"Tupique\" \/>\n<meta name=\"twitter:card\" content=\"summary_large_image\" \/>\n<script type=\"application\/ld+json\" class=\"yoast-schema-graph\">{\"@context\":\"https:\\\/\\\/schema.org\",\"@graph\":[{\"@type\":\"WebPage\",\"@id\":\"https:\\\/\\\/tupique.com\\\/product\\\/pile-varta-cr123a-3-v-3-v\\\/\",\"url\":\"https:\\\/\\\/tupique.com\\\/product\\\/pile-varta-cr123a-3-v-3-v\\\/\",\"name\":\"Pile Varta CR123A 3 V 3 V | | Tupique\",\"isPartOf\":{\"@id\":\"https:\\\/\\\/tupique.com\\\/#website\"},\"primaryImageOfPage\":{\"@id\":\"https:\\\/\\\/tupique.com\\\/product\\\/pile-varta-cr123a-3-v-3-v\\\/#primaryimage\"},\"image\":{\"@id\":\"https:\\\/\\\/tupique.com\\\/product\\\/pile-varta-cr123a-3-v-3-v\\\/#primaryimage\"},\"thumbnailUrl\":\"https:\\\/\\\/tupique.com\\\/wp-content\\\/uploads\\\/2026\\\/05\\\/4008496537280_I0_WBG1.jpg\",\"datePublished\":\"2026-05-15T15:10:34+00:00\",\"description\":\"Envie d'acheter Pile Varta CR123A 3 V 3 V\u00a0? Achetez Pile Varta CR123A 3 V 3 V maintenant avec Tupique en 3 versements sans int\u00e9r\u00eat.\",\"breadcrumb\":{\"@id\":\"https:\\\/\\\/tupique.com\\\/product\\\/pile-varta-cr123a-3-v-3-v\\\/#breadcrumb\"},\"inLanguage\":\"pt-PT\",\"potentialAction\":[{\"@type\":\"ReadAction\",\"target\":[\"https:\\\/\\\/tupique.com\\\/product\\\/pile-varta-cr123a-3-v-3-v\\\/\"]}]},{\"@type\":\"ImageObject\",\"inLanguage\":\"pt-PT\",\"@id\":\"https:\\\/\\\/tupique.com\\\/product\\\/pile-varta-cr123a-3-v-3-v\\\/#primaryimage\",\"url\":\"https:\\\/\\\/tupique.com\\\/wp-content\\\/uploads\\\/2026\\\/05\\\/4008496537280_I0_WBG1.jpg\",\"contentUrl\":\"https:\\\/\\\/tupique.com\\\/wp-content\\\/uploads\\\/2026\\\/05\\\/4008496537280_I0_WBG1.jpg\",\"width\":1200,\"height\":1200,\"caption\":\"S0451761_0\"},{\"@type\":\"BreadcrumbList\",\"@id\":\"https:\\\/\\\/tupique.com\\\/product\\\/pile-varta-cr123a-3-v-3-v\\\/#breadcrumb\",\"itemListElement\":[{\"@type\":\"ListItem\",\"position\":1,\"name\":\"commencer\",\"item\":\"https:\\\/\\\/tupique.com\\\/\"},{\"@type\":\"ListItem\",\"position\":2,\"name\":\"Loja\",\"item\":\"https:\\\/\\\/tupique.com\\\/pt\\\/loja\\\/\"},{\"@type\":\"ListItem\",\"position\":3,\"name\":\"Pile Varta CR123A 3 V 3 V\"}]},{\"@type\":\"WebSite\",\"@id\":\"https:\\\/\\\/tupique.com\\\/#website\",\"url\":\"https:\\\/\\\/tupique.com\\\/\",\"name\":\"Tupique\",\"description\":\"\",\"publisher\":{\"@id\":\"https:\\\/\\\/tupique.com\\\/#organization\"},\"potentialAction\":[{\"@type\":\"SearchAction\",\"target\":{\"@type\":\"EntryPoint\",\"urlTemplate\":\"https:\\\/\\\/tupique.com\\\/?s={search_term_string}\"},\"query-input\":{\"@type\":\"PropertyValueSpecification\",\"valueRequired\":true,\"valueName\":\"search_term_string\"}}],\"inLanguage\":\"pt-PT\"},{\"@type\":\"Organization\",\"@id\":\"https:\\\/\\\/tupique.com\\\/#organization\",\"name\":\"Tupique\",\"url\":\"https:\\\/\\\/tupique.com\\\/\",\"logo\":{\"@type\":\"ImageObject\",\"inLanguage\":\"pt-PT\",\"@id\":\"https:\\\/\\\/tupique.com\\\/#\\\/schema\\\/logo\\\/image\\\/\",\"url\":\"https:\\\/\\\/tupique.com\\\/wp-content\\\/uploads\\\/2026\\\/03\\\/logo-tupique-1.webp\",\"contentUrl\":\"https:\\\/\\\/tupique.com\\\/wp-content\\\/uploads\\\/2026\\\/03\\\/logo-tupique-1.webp\",\"width\":500,\"height\":67,\"caption\":\"Tupique\"},\"image\":{\"@id\":\"https:\\\/\\\/tupique.com\\\/#\\\/schema\\\/logo\\\/image\\\/\"}}]}<\/script>\n<!-- \/ Yoast SEO plugin. -->","yoast_head_json":{"title":"Pile Varta CR123A 3 V 3 V | | Tupique","description":"Envie d'acheter Pile Varta CR123A 3 V 3 V\u00a0? Achetez Pile Varta CR123A 3 V 3 V maintenant avec Tupique en 3 versements sans int\u00e9r\u00eat.","robots":{"index":"index","follow":"follow","max-snippet":"max-snippet:-1","max-image-preview":"max-image-preview:large","max-video-preview":"max-video-preview:-1"},"canonical":"https:\/\/tupique.com\/pt\/product\/pile-varta-cr123a-3-v-3-v\/","og_locale":"pt_PT","og_type":"article","og_title":"Pile Varta CR123A 3 V 3 V | | Tupique","og_description":"Envie d'acheter Pile Varta CR123A 3 V 3 V\u00a0? Achetez Pile Varta CR123A 3 V 3 V maintenant avec Tupique en 3 versements sans int\u00e9r\u00eat.","og_url":"https:\/\/tupique.com\/pt\/product\/pile-varta-cr123a-3-v-3-v\/","og_site_name":"Tupique","twitter_card":"summary_large_image","schema":{"@context":"https:\/\/schema.org","@graph":[{"@type":"WebPage","@id":"https:\/\/tupique.com\/product\/pile-varta-cr123a-3-v-3-v\/","url":"https:\/\/tupique.com\/product\/pile-varta-cr123a-3-v-3-v\/","name":"Pile Varta CR123A 3 V 3 V | | Tupique","isPartOf":{"@id":"https:\/\/tupique.com\/#website"},"primaryImageOfPage":{"@id":"https:\/\/tupique.com\/product\/pile-varta-cr123a-3-v-3-v\/#primaryimage"},"image":{"@id":"https:\/\/tupique.com\/product\/pile-varta-cr123a-3-v-3-v\/#primaryimage"},"thumbnailUrl":"https:\/\/tupique.com\/wp-content\/uploads\/2026\/05\/4008496537280_I0_WBG1.jpg","datePublished":"2026-05-15T15:10:34+00:00","description":"Envie d'acheter Pile Varta CR123A 3 V 3 V\u00a0? Achetez Pile Varta CR123A 3 V 3 V maintenant avec Tupique en 3 versements sans int\u00e9r\u00eat.","breadcrumb":{"@id":"https:\/\/tupique.com\/product\/pile-varta-cr123a-3-v-3-v\/#breadcrumb"},"inLanguage":"pt-PT","potentialAction":[{"@type":"ReadAction","target":["https:\/\/tupique.com\/product\/pile-varta-cr123a-3-v-3-v\/"]}]},{"@type":"ImageObject","inLanguage":"pt-PT","@id":"https:\/\/tupique.com\/product\/pile-varta-cr123a-3-v-3-v\/#primaryimage","url":"https:\/\/tupique.com\/wp-content\/uploads\/2026\/05\/4008496537280_I0_WBG1.jpg","contentUrl":"https:\/\/tupique.com\/wp-content\/uploads\/2026\/05\/4008496537280_I0_WBG1.jpg","width":1200,"height":1200,"caption":"S0451761_0"},{"@type":"BreadcrumbList","@id":"https:\/\/tupique.com\/product\/pile-varta-cr123a-3-v-3-v\/#breadcrumb","itemListElement":[{"@type":"ListItem","position":1,"name":"commencer","item":"https:\/\/tupique.com\/"},{"@type":"ListItem","position":2,"name":"Loja","item":"https:\/\/tupique.com\/pt\/loja\/"},{"@type":"ListItem","position":3,"name":"Pile Varta CR123A 3 V 3 V"}]},{"@type":"WebSite","@id":"https:\/\/tupique.com\/#website","url":"https:\/\/tupique.com\/","name":"Tupique","description":"","publisher":{"@id":"https:\/\/tupique.com\/#organization"},"potentialAction":[{"@type":"SearchAction","target":{"@type":"EntryPoint","urlTemplate":"https:\/\/tupique.com\/?s={search_term_string}"},"query-input":{"@type":"PropertyValueSpecification","valueRequired":true,"valueName":"search_term_string"}}],"inLanguage":"pt-PT"},{"@type":"Organization","@id":"https:\/\/tupique.com\/#organization","name":"Tupique","url":"https:\/\/tupique.com\/","logo":{"@type":"ImageObject","inLanguage":"pt-PT","@id":"https:\/\/tupique.com\/#\/schema\/logo\/image\/","url":"https:\/\/tupique.com\/wp-content\/uploads\/2026\/03\/logo-tupique-1.webp","contentUrl":"https:\/\/tupique.com\/wp-content\/uploads\/2026\/03\/logo-tupique-1.webp","width":500,"height":67,"caption":"Tupique"},"image":{"@id":"https:\/\/tupique.com\/#\/schema\/logo\/image\/"}}]}},"_links":{"self":[{"href":"https:\/\/tupique.com\/pt\/wp-json\/wp\/v2\/product\/224009","targetHints":{"allow":["GET"]}}],"collection":[{"href":"https:\/\/tupique.com\/pt\/wp-json\/wp\/v2\/product"}],"about":[{"href":"https:\/\/tupique.com\/pt\/wp-json\/wp\/v2\/types\/product"}],"replies":[{"embeddable":true,"href":"https:\/\/tupique.com\/pt\/wp-json\/wp\/v2\/comments?post=224009"}],"wp:featuredmedia":[{"embeddable":true,"href":"https:\/\/tupique.com\/pt\/wp-json\/wp\/v2\/media\/224007"}],"wp:attachment":[{"href":"https:\/\/tupique.com\/pt\/wp-json\/wp\/v2\/media?parent=224009"}],"wp:term":[{"taxonomy":"product_brand","embeddable":true,"href":"https:\/\/tupique.com\/pt\/wp-json\/wp\/v2\/product_brand?post=224009"},{"taxonomy":"product_cat","embeddable":true,"href":"https:\/\/tupique.com\/pt\/wp-json\/wp\/v2\/product_cat?post=224009"},{"taxonomy":"product_tag","embeddable":true,"href":"https:\/\/tupique.com\/pt\/wp-json\/wp\/v2\/product_tag?post=224009"},{"taxonomy":"woo-feed-brand","embeddable":true,"href":"https:\/\/tupique.com\/pt\/wp-json\/wp\/v2\/woo-feed-brand?post=224009"}],"curies":[{"name":"wp","href":"https:\/\/api.w.org\/{rel}","templated":true}]}}