{"id":224037,"date":"2026-05-15T17:11:56","date_gmt":"2026-05-15T15:11:56","guid":{"rendered":"https:\/\/tupique.com\/product\/support-pliable-et-reglable-pour-portable-flastan-innovagoods\/"},"modified":"2026-05-15T17:11:56","modified_gmt":"2026-05-15T15:11:56","slug":"support-pliable-et-reglable-pour-portable-flastan-innovagoods","status":"publish","type":"product","link":"https:\/\/tupique.com\/pt\/product\/support-pliable-et-reglable-pour-portable-flastan-innovagoods\/","title":{"rendered":"Support Pliable et R\u00e9glable pour Portable Flastan InnovaGoods"},"content":{"rendered":"<div class=\"col-md-6\"><b>InnovaGoods<\/b> vous offre les meilleures nouveaut\u00e9s pour la maison, comme <b>Support Pliable et R\u00e9glable pour Portable Flastan InnovaGoods <\/b> ! D\u00e9couvrez une vaste gamme de produits de qualit\u00e9 qui se d\u00e9marquent de par leur fonctionnalit\u00e9, leur efficacit\u00e9 et leur design innovant : \u00e9clairage, organisation, d\u00e9coration, climatisation, jardin, animaux domestiques, nettoyage, etc.<\/p>\n<p>Ce <b>support pliable et r\u00e9glable pour ordinateur portable<\/b> en aluminium offre jusqu\u2019\u00e0 7&nbsp;niveaux d\u2019inclinaison. Il est dot\u00e9 de points antid\u00e9rapants en silicone et est extensible pour s\u2019adapter \u00e0 d\u2019autres appareils, tels que les tablettes, les kindles, les t\u00e9l\u00e9phones portables, etc.<\/p>\n<p>Ce&nbsp;<b>support pour ordinateur portable<\/b> favorise une posture correcte. Sa structure ouverte facilite la ventilation de l\u2019appareil. Id\u00e9al pour le t\u00e9l\u00e9travail et l\u2019utilisation au bureau. Sac de transport inclus.<\/p>\n<ul>\n<li><b>Antid\u00e9rapant, design minimaliste&nbsp;:&nbsp;<\/b>ce support original pour ordinateur portable est tr\u00e8s l\u00e9ger, r\u00e9sistant et fabriqu\u00e9 en alliage d\u2019aluminium. De plus, sa structure ouverte facilite la dissipation de la chaleur pour \u00e9viter la surchauffe de l\u2019appareil. Il dispose \u00e9galement de plusieurs points d\u2019appui antid\u00e9rapants en silicone pour une meilleure fixation de l\u2019ordinateur portable et une protection contre les rayures et les \u00e9raflures.<\/li>\n<li><b>Multi-positions, 7&nbsp;niveaux d\u2019inclinaison&nbsp;:<\/b> notre support pour ordinateur portable en aluminium vous permet d\u2019ajuster l\u2019angle pour r\u00e9gler la hauteur et le niveau d\u2019inclinaison de l\u2019appareil. Il offre jusqu\u2019\u00e0 7&nbsp;positions en fonction de vos pr\u00e9f\u00e9rences et de vos besoins, favorisant ainsi votre confort d\u2019utilisation.<\/li>\n<li><b>Extensible, adaptable&nbsp;:<\/b> ce support m\u00e9tallique innovant est extensible, ce qui vous permet de r\u00e9gler sa largeur pour l\u2019adapter \u00e0 diff\u00e9rentes tailles d\u2019ordinateurs portables et d\u2019autres appareils, tels que les tablettes, etc. Il supporte un poids maximal de 6&nbsp;kg.<\/li>\n<li><b>Multi-usages, polyvalent&nbsp;:<\/b> gr\u00e2ce \u00e0 ses caract\u00e9ristiques et \u00e0 ses avantages, ce support portable est tr\u00e8s pratique et polyvalent, car il convient \u00e0 une multitude d\u2019appareils, tels que les ordinateurs portables, les tablettes, les claviers, les t\u00e9l\u00e9phones portables et m\u00eame les livres, etc. Id\u00e9al pour les bureaux et le t\u00e9l\u00e9travail, car il am\u00e9liore l\u2019ergonomie du poste de travail en facilitant une posture plus confortable et correcte.<\/li>\n<li><b>Pliable, sac de transport<\/b>&nbsp;: notre support pour ordinateur portable est livr\u00e9 avec un sac de transport et se plie facilement pour faciliter le stockage et le transport, les voyages, etc.<\/li>\n<\/ul>\n<ul>\n<li>Mat\u00e9riel:\n<ul>\n<li>Aluminium<\/li>\n<li>Silicone<\/li>\n<\/ul>\n<\/li>\n<li>Couleur: Gris<\/li>\n<li>Type: Support pour Ordinateur Portable<\/li>\n<li>Poids Max. support\u00e9: 6 Kg<\/li>\n<li>Multiposition: Polyvalent et adaptable<\/li>\n<li>7 niveaux d&#8217;inclinaison: angle ajustable<\/li>\n<li>Extensible: Largeur r\u00e9glable<\/li>\n<li>Pliable: Facile \u00e0 plier et \u00e0 d\u00e9plier<\/li>\n<li>Antid\u00e9rapant: Fixation ferme<\/li>\n<li>Structure ouverte: \u00c9vite la surchauffe<\/li>\n<li>R\u00e9sistante et durable: Mat\u00e9riaux de qualit\u00e9<\/li>\n<li>Inclut: Sac de transport<\/li>\n<li>Id\u00e9al pour les bureaux et le t\u00e9l\u00e9travail: Am\u00e9lioration de l&#8217;ergonomie du poste<\/li>\n<li>Utilisation principale: Ordinateur portable<\/li>\n<li>Utilisation secondaire: Tablettes, kindles, mobiles, livres, etc.<\/li>\n<li>Dimensions approx.: 25 x 14 x 19 cm<\/li>\n<\/ul>\n<p>Packaging en 24 langues: anglais, fran\u00e7ais, espagnol, allemand, italien, portugais, n\u00e9erlandais, polonais, hongrois, roumain, danois, su\u00e9dois, finnois, lituanien, norv\u00e9gien, slov\u00e8ne, grec, tch\u00e8que, bulgare, croate, slovaque, estonien, russe, letton.<\/p><\/div>\n<div class=\"col-md-6\">\n<div class=\"embed-responsive embed-responsive-16by9\"><\/div>\n<\/div>","protected":false},"excerpt":{"rendered":"<p>InnovaGoods vous offre les meilleures nouveaut\u00e9s pour la maison, comme Support Pliable et R\u00e9glable pour Portable Flastan InnovaGoods ! D\u00e9couvrez une vaste gamme de produits de qualit\u00e9 qui se d\u00e9marquent de par leur fonctionnalit\u00e9, leur efficacit\u00e9 et leur design innovant : \u00e9clairage, organisation, d\u00e9coration, climatisation, jardin, animaux domestiques, nettoyage, etc. Ce support pliable et r\u00e9glable [&hellip;]<\/p>\n","protected":false},"featured_media":224024,"comment_status":"open","ping_status":"closed","template":"","meta":[],"product_brand":[256],"product_cat":[966,3274,575,65,958],"product_tag":[210,566,106,164],"woo-feed-brand":[],"class_list":{"0":"post-224037","1":"product","2":"type-product","3":"status-publish","4":"has-post-thumbnail","6":"product_brand-brandp_1281","7":"product_cat-accessoires-informatiques","8":"product_cat-accessoires-pour-mobiles-et-tablettes","9":"product_cat-electronique-telephonie-et-tablettes","10":"product_cat-informatique-electronique","11":"product_cat-informatique-ordinateurs","12":"product_tag-tag_25","13":"product_tag-tag_547","14":"product_tag-tag_1295","15":"product_tag-tag_152","17":"first","18":"instock","19":"taxable","20":"shipping-taxable","21":"purchasable","22":"product-type-simple"},"yoast_head":"<!-- This site is optimized with the Yoast SEO plugin v27.6 - https:\/\/yoast.com\/product\/yoast-seo-wordpress\/ -->\n<title>Support Pliable et R\u00e9glable pour Portable Flastan InnovaGoods | | Tupique<\/title>\n<meta name=\"description\" content=\"Envie d&#039;acheter Support Pliable et R\u00e9glable pour Portable Flastan InnovaGoods\u00a0? Achetez Support Pliable et R\u00e9glable pour Portable Flastan InnovaGoods maintenant avec Tupique en 3 versements sans int\u00e9r\u00eat.\" \/>\n<meta name=\"robots\" content=\"index, follow, max-snippet:-1, max-image-preview:large, max-video-preview:-1\" \/>\n<link rel=\"canonical\" href=\"https:\/\/tupique.com\/pt\/product\/support-pliable-et-reglable-pour-portable-flastan-innovagoods\/\" \/>\n<meta property=\"og:locale\" content=\"pt_PT\" \/>\n<meta property=\"og:type\" content=\"article\" \/>\n<meta property=\"og:title\" content=\"Support Pliable et R\u00e9glable pour Portable Flastan InnovaGoods | | Tupique\" \/>\n<meta property=\"og:description\" content=\"Envie d&#039;acheter Support Pliable et R\u00e9glable pour Portable Flastan InnovaGoods\u00a0? Achetez Support Pliable et R\u00e9glable pour Portable Flastan InnovaGoods maintenant avec Tupique en 3 versements sans int\u00e9r\u00eat.\" \/>\n<meta property=\"og:url\" content=\"https:\/\/tupique.com\/pt\/product\/support-pliable-et-reglable-pour-portable-flastan-innovagoods\/\" \/>\n<meta property=\"og:site_name\" content=\"Tupique\" \/>\n<meta name=\"twitter:card\" content=\"summary_large_image\" \/>\n<meta name=\"twitter:label1\" content=\"Tempo estimado de leitura\" \/>\n\t<meta name=\"twitter:data1\" content=\"3 minutos\" \/>\n<script type=\"application\/ld+json\" class=\"yoast-schema-graph\">{\"@context\":\"https:\\\/\\\/schema.org\",\"@graph\":[{\"@type\":\"WebPage\",\"@id\":\"https:\\\/\\\/tupique.com\\\/product\\\/support-pliable-et-reglable-pour-portable-flastan-innovagoods\\\/\",\"url\":\"https:\\\/\\\/tupique.com\\\/product\\\/support-pliable-et-reglable-pour-portable-flastan-innovagoods\\\/\",\"name\":\"Support Pliable et R\u00e9glable pour Portable Flastan InnovaGoods | | Tupique\",\"isPartOf\":{\"@id\":\"https:\\\/\\\/tupique.com\\\/#website\"},\"primaryImageOfPage\":{\"@id\":\"https:\\\/\\\/tupique.com\\\/product\\\/support-pliable-et-reglable-pour-portable-flastan-innovagoods\\\/#primaryimage\"},\"image\":{\"@id\":\"https:\\\/\\\/tupique.com\\\/product\\\/support-pliable-et-reglable-pour-portable-flastan-innovagoods\\\/#primaryimage\"},\"thumbnailUrl\":\"https:\\\/\\\/tupique.com\\\/wp-content\\\/uploads\\\/2026\\\/05\\\/8435527825522_V0103767_000_MKT3.jpg\",\"datePublished\":\"2026-05-15T15:11:56+00:00\",\"description\":\"Envie d'acheter Support Pliable et R\u00e9glable pour Portable Flastan InnovaGoods\u00a0? Achetez Support Pliable et R\u00e9glable pour Portable Flastan InnovaGoods maintenant avec Tupique en 3 versements sans int\u00e9r\u00eat.\",\"breadcrumb\":{\"@id\":\"https:\\\/\\\/tupique.com\\\/product\\\/support-pliable-et-reglable-pour-portable-flastan-innovagoods\\\/#breadcrumb\"},\"inLanguage\":\"pt-PT\",\"potentialAction\":[{\"@type\":\"ReadAction\",\"target\":[\"https:\\\/\\\/tupique.com\\\/product\\\/support-pliable-et-reglable-pour-portable-flastan-innovagoods\\\/\"]}]},{\"@type\":\"ImageObject\",\"inLanguage\":\"pt-PT\",\"@id\":\"https:\\\/\\\/tupique.com\\\/product\\\/support-pliable-et-reglable-pour-portable-flastan-innovagoods\\\/#primaryimage\",\"url\":\"https:\\\/\\\/tupique.com\\\/wp-content\\\/uploads\\\/2026\\\/05\\\/8435527825522_V0103767_000_MKT3.jpg\",\"contentUrl\":\"https:\\\/\\\/tupique.com\\\/wp-content\\\/uploads\\\/2026\\\/05\\\/8435527825522_V0103767_000_MKT3.jpg\",\"width\":1200,\"height\":1200,\"caption\":\"V0103767_0\"},{\"@type\":\"BreadcrumbList\",\"@id\":\"https:\\\/\\\/tupique.com\\\/product\\\/support-pliable-et-reglable-pour-portable-flastan-innovagoods\\\/#breadcrumb\",\"itemListElement\":[{\"@type\":\"ListItem\",\"position\":1,\"name\":\"commencer\",\"item\":\"https:\\\/\\\/tupique.com\\\/\"},{\"@type\":\"ListItem\",\"position\":2,\"name\":\"Loja\",\"item\":\"https:\\\/\\\/tupique.com\\\/pt\\\/loja\\\/\"},{\"@type\":\"ListItem\",\"position\":3,\"name\":\"Support Pliable et R\u00e9glable pour Portable Flastan InnovaGoods\"}]},{\"@type\":\"WebSite\",\"@id\":\"https:\\\/\\\/tupique.com\\\/#website\",\"url\":\"https:\\\/\\\/tupique.com\\\/\",\"name\":\"Tupique\",\"description\":\"\",\"publisher\":{\"@id\":\"https:\\\/\\\/tupique.com\\\/#organization\"},\"potentialAction\":[{\"@type\":\"SearchAction\",\"target\":{\"@type\":\"EntryPoint\",\"urlTemplate\":\"https:\\\/\\\/tupique.com\\\/?s={search_term_string}\"},\"query-input\":{\"@type\":\"PropertyValueSpecification\",\"valueRequired\":true,\"valueName\":\"search_term_string\"}}],\"inLanguage\":\"pt-PT\"},{\"@type\":\"Organization\",\"@id\":\"https:\\\/\\\/tupique.com\\\/#organization\",\"name\":\"Tupique\",\"url\":\"https:\\\/\\\/tupique.com\\\/\",\"logo\":{\"@type\":\"ImageObject\",\"inLanguage\":\"pt-PT\",\"@id\":\"https:\\\/\\\/tupique.com\\\/#\\\/schema\\\/logo\\\/image\\\/\",\"url\":\"https:\\\/\\\/tupique.com\\\/wp-content\\\/uploads\\\/2026\\\/03\\\/logo-tupique-1.webp\",\"contentUrl\":\"https:\\\/\\\/tupique.com\\\/wp-content\\\/uploads\\\/2026\\\/03\\\/logo-tupique-1.webp\",\"width\":500,\"height\":67,\"caption\":\"Tupique\"},\"image\":{\"@id\":\"https:\\\/\\\/tupique.com\\\/#\\\/schema\\\/logo\\\/image\\\/\"}}]}<\/script>\n<!-- \/ Yoast SEO plugin. -->","yoast_head_json":{"title":"Support Pliable et R\u00e9glable pour Portable Flastan InnovaGoods | | Tupique","description":"Envie d'acheter Support Pliable et R\u00e9glable pour Portable Flastan InnovaGoods\u00a0? Achetez Support Pliable et R\u00e9glable pour Portable Flastan InnovaGoods maintenant avec Tupique en 3 versements sans int\u00e9r\u00eat.","robots":{"index":"index","follow":"follow","max-snippet":"max-snippet:-1","max-image-preview":"max-image-preview:large","max-video-preview":"max-video-preview:-1"},"canonical":"https:\/\/tupique.com\/pt\/product\/support-pliable-et-reglable-pour-portable-flastan-innovagoods\/","og_locale":"pt_PT","og_type":"article","og_title":"Support Pliable et R\u00e9glable pour Portable Flastan InnovaGoods | | Tupique","og_description":"Envie d'acheter Support Pliable et R\u00e9glable pour Portable Flastan InnovaGoods\u00a0? Achetez Support Pliable et R\u00e9glable pour Portable Flastan InnovaGoods maintenant avec Tupique en 3 versements sans int\u00e9r\u00eat.","og_url":"https:\/\/tupique.com\/pt\/product\/support-pliable-et-reglable-pour-portable-flastan-innovagoods\/","og_site_name":"Tupique","twitter_card":"summary_large_image","twitter_misc":{"Tempo estimado de leitura":"3 minutos"},"schema":{"@context":"https:\/\/schema.org","@graph":[{"@type":"WebPage","@id":"https:\/\/tupique.com\/product\/support-pliable-et-reglable-pour-portable-flastan-innovagoods\/","url":"https:\/\/tupique.com\/product\/support-pliable-et-reglable-pour-portable-flastan-innovagoods\/","name":"Support Pliable et R\u00e9glable pour Portable Flastan InnovaGoods | | Tupique","isPartOf":{"@id":"https:\/\/tupique.com\/#website"},"primaryImageOfPage":{"@id":"https:\/\/tupique.com\/product\/support-pliable-et-reglable-pour-portable-flastan-innovagoods\/#primaryimage"},"image":{"@id":"https:\/\/tupique.com\/product\/support-pliable-et-reglable-pour-portable-flastan-innovagoods\/#primaryimage"},"thumbnailUrl":"https:\/\/tupique.com\/wp-content\/uploads\/2026\/05\/8435527825522_V0103767_000_MKT3.jpg","datePublished":"2026-05-15T15:11:56+00:00","description":"Envie d'acheter Support Pliable et R\u00e9glable pour Portable Flastan InnovaGoods\u00a0? Achetez Support Pliable et R\u00e9glable pour Portable Flastan InnovaGoods maintenant avec Tupique en 3 versements sans int\u00e9r\u00eat.","breadcrumb":{"@id":"https:\/\/tupique.com\/product\/support-pliable-et-reglable-pour-portable-flastan-innovagoods\/#breadcrumb"},"inLanguage":"pt-PT","potentialAction":[{"@type":"ReadAction","target":["https:\/\/tupique.com\/product\/support-pliable-et-reglable-pour-portable-flastan-innovagoods\/"]}]},{"@type":"ImageObject","inLanguage":"pt-PT","@id":"https:\/\/tupique.com\/product\/support-pliable-et-reglable-pour-portable-flastan-innovagoods\/#primaryimage","url":"https:\/\/tupique.com\/wp-content\/uploads\/2026\/05\/8435527825522_V0103767_000_MKT3.jpg","contentUrl":"https:\/\/tupique.com\/wp-content\/uploads\/2026\/05\/8435527825522_V0103767_000_MKT3.jpg","width":1200,"height":1200,"caption":"V0103767_0"},{"@type":"BreadcrumbList","@id":"https:\/\/tupique.com\/product\/support-pliable-et-reglable-pour-portable-flastan-innovagoods\/#breadcrumb","itemListElement":[{"@type":"ListItem","position":1,"name":"commencer","item":"https:\/\/tupique.com\/"},{"@type":"ListItem","position":2,"name":"Loja","item":"https:\/\/tupique.com\/pt\/loja\/"},{"@type":"ListItem","position":3,"name":"Support Pliable et R\u00e9glable pour Portable Flastan InnovaGoods"}]},{"@type":"WebSite","@id":"https:\/\/tupique.com\/#website","url":"https:\/\/tupique.com\/","name":"Tupique","description":"","publisher":{"@id":"https:\/\/tupique.com\/#organization"},"potentialAction":[{"@type":"SearchAction","target":{"@type":"EntryPoint","urlTemplate":"https:\/\/tupique.com\/?s={search_term_string}"},"query-input":{"@type":"PropertyValueSpecification","valueRequired":true,"valueName":"search_term_string"}}],"inLanguage":"pt-PT"},{"@type":"Organization","@id":"https:\/\/tupique.com\/#organization","name":"Tupique","url":"https:\/\/tupique.com\/","logo":{"@type":"ImageObject","inLanguage":"pt-PT","@id":"https:\/\/tupique.com\/#\/schema\/logo\/image\/","url":"https:\/\/tupique.com\/wp-content\/uploads\/2026\/03\/logo-tupique-1.webp","contentUrl":"https:\/\/tupique.com\/wp-content\/uploads\/2026\/03\/logo-tupique-1.webp","width":500,"height":67,"caption":"Tupique"},"image":{"@id":"https:\/\/tupique.com\/#\/schema\/logo\/image\/"}}]}},"_links":{"self":[{"href":"https:\/\/tupique.com\/pt\/wp-json\/wp\/v2\/product\/224037","targetHints":{"allow":["GET"]}}],"collection":[{"href":"https:\/\/tupique.com\/pt\/wp-json\/wp\/v2\/product"}],"about":[{"href":"https:\/\/tupique.com\/pt\/wp-json\/wp\/v2\/types\/product"}],"replies":[{"embeddable":true,"href":"https:\/\/tupique.com\/pt\/wp-json\/wp\/v2\/comments?post=224037"}],"wp:featuredmedia":[{"embeddable":true,"href":"https:\/\/tupique.com\/pt\/wp-json\/wp\/v2\/media\/224024"}],"wp:attachment":[{"href":"https:\/\/tupique.com\/pt\/wp-json\/wp\/v2\/media?parent=224037"}],"wp:term":[{"taxonomy":"product_brand","embeddable":true,"href":"https:\/\/tupique.com\/pt\/wp-json\/wp\/v2\/product_brand?post=224037"},{"taxonomy":"product_cat","embeddable":true,"href":"https:\/\/tupique.com\/pt\/wp-json\/wp\/v2\/product_cat?post=224037"},{"taxonomy":"product_tag","embeddable":true,"href":"https:\/\/tupique.com\/pt\/wp-json\/wp\/v2\/product_tag?post=224037"},{"taxonomy":"woo-feed-brand","embeddable":true,"href":"https:\/\/tupique.com\/pt\/wp-json\/wp\/v2\/woo-feed-brand?post=224037"}],"curies":[{"name":"wp","href":"https:\/\/api.w.org\/{rel}","templated":true}]}}