{"id":224067,"date":"2026-05-15T17:15:07","date_gmt":"2026-05-15T15:15:07","guid":{"rendered":"https:\/\/tupique.com\/product\/batterie-pour-ordinateur-portable-v7-d-3vc9y-v7e-noir-42-wh-3685-mah\/"},"modified":"2026-05-15T17:15:07","modified_gmt":"2026-05-15T15:15:07","slug":"batterie-pour-ordinateur-portable-v7-d-3vc9y-v7e-noir-42-wh-3685-mah","status":"publish","type":"product","link":"https:\/\/tupique.com\/pt\/product\/batterie-pour-ordinateur-portable-v7-d-3vc9y-v7e-noir-42-wh-3685-mah\/","title":{"rendered":"Batterie pour Ordinateur Portable V7 D-3VC9Y-V7E Noir 42 Wh 3685 mAh"},"content":{"rendered":"<p>Si vous \u00eates passionn\u00e9 d&#8217;<b>informatique et d&#8217;\u00e9lectronique<\/b>, si vous \u00eates \u00e0 la pointe de la technologie et qu&#8217;aucun d\u00e9tail ne vous \u00e9chappe, achetez <b>Batterie pour Ordinateur Portable V7 D-3VC9Y-V7E Noir 42 Wh 3685 mAh<\/b> au meilleur prix.<\/p>\n<p>A <b>batterie pour ordinateur portable<\/b> <b>D-3VC9Y-V7E<\/b> de la marque <b>V7<\/b> est con\u00e7ue sp\u00e9cifiquement pour offrir une solution de remplacement fiable et efficace pour une large gamme de mod\u00e8les Dell Latitude, incluant les <b>Latitude 5580, 5590, 5480, 5490, 5495, 5280 et 5290<\/b>. Avec une <b>tension de 11,4 V<\/b> et une capacit\u00e9 \u00e9nerg\u00e9tique de <b>42 Wh<\/b>, cette batterie assure une autonomie suffisante pour faire fonctionner l\u2019ordinateur portable lors de longues sessions hors secteur. Fabriqu\u00e9e avec des cellules de haute qualit\u00e9 provenant de Chine, la batterie V7 int\u00e8gre toutes les protections n\u00e9cessaires, telles que des circuits logiques standards, des protections thermiques et des dispositifs anti-surcharge, garantissant s\u00e9curit\u00e9 et fiabilit\u00e9 sans compromettre la performance. Sa couleur noire et son poids l\u00e9ger de <b>250 grammes<\/b> facilitent son int\u00e9gration et sa portabilit\u00e9 sans ajouter de volume inutile \u00e0 l\u2019appareil. Certifi\u00e9e <b>CE<\/b>, elle respecte les normes europ\u00e9ennes de qualit\u00e9 et s\u00e9curit\u00e9, et d\u00e9passe les sp\u00e9cifications d\u2019origine des fabricants OEM pour assurer une dur\u00e9e de vie prolong\u00e9e et \u00e9viter l\u2019effet m\u00e9moire, fr\u00e9quent dans les batteries de moindre qualit\u00e9. Cette batterie V7 est une option technique adapt\u00e9e pour les utilisateurs souhaitant maintenir une fonctionnalit\u00e9 optimale et prolonger la dur\u00e9e de vie de leurs ordinateurs portables Dell Latitude avec un composant garanti et performant. En r\u00e9sum\u00e9, elle repr\u00e9sente une alternative pratique et s\u00fbre pour remplacer la batterie d\u2019origine sans sacrifier les sp\u00e9cifications techniques essentielles ni la compatibilit\u00e9.<\/p>\n<ul>\n<li>Tipo:\n<ul>\n<li>Batterie<\/li>\n<li>Batterie pour Ordinateur Portable<\/li>\n<\/ul>\n<\/li>\n<li>Couleur: Noir<\/li>\n<li>Capacit\u00e9 de la batterie:\n<ul>\n<li>42 Wh<\/li>\n<li>3685 mAh<\/li>\n<\/ul>\n<\/li>\n<li>Tension: 11,4 V<\/li>\n<li>Compatible: DELL<\/li>\n<li>Pays \/ r\u00e9gion de fabrication: Chine<\/li>\n<li>Batterie au lithium rechargeable: 42 Wh<\/li>\n<li>Certificat: CE<\/li>\n<li>Type de batterie: Litio Ion<\/li>\n<\/ul>","protected":false},"excerpt":{"rendered":"<p>Si vous \u00eates passionn\u00e9 d&#8217;informatique et d&#8217;\u00e9lectronique, si vous \u00eates \u00e0 la pointe de la technologie et qu&#8217;aucun d\u00e9tail ne vous \u00e9chappe, achetez Batterie pour Ordinateur Portable V7 D-3VC9Y-V7E Noir 42 Wh 3685 mAh au meilleur prix. La batterie pour ordinateur portable D-3VC9Y-V7E de la marque V7 est con\u00e7ue sp\u00e9cifiquement pour offrir une solution de [&hellip;]<\/p>\n","protected":false},"featured_media":224066,"comment_status":"open","ping_status":"closed","template":"","meta":[],"product_brand":[2209],"product_cat":[3343,65,584],"product_tag":[106],"woo-feed-brand":[],"class_list":{"0":"post-224067","1":"product","2":"type-product","3":"status-publish","4":"has-post-thumbnail","6":"product_brand-brandp_4765","7":"product_cat-batteries-pour-pc","8":"product_cat-informatique-electronique","9":"product_cat-informatique-reseaux-et-composants","10":"product_tag-tag_1295","12":"first","13":"instock","14":"taxable","15":"shipping-taxable","16":"purchasable","17":"product-type-simple"},"yoast_head":"<!-- This site is optimized with the Yoast SEO plugin v27.6 - https:\/\/yoast.com\/product\/yoast-seo-wordpress\/ -->\n<title>Batterie pour Ordinateur Portable V7 D-3VC9Y-V7E Noir 42 Wh 3685 mAh | | Tupique<\/title>\n<meta name=\"description\" content=\"Envie d&#039;acheter Batterie pour Ordinateur Portable V7 D-3VC9Y-V7E Noir 42 Wh 3685 mAh\u00a0? Achetez Batterie pour Ordinateur Portable V7 D-3VC9Y-V7E Noir 42 Wh 3685 mAh maintenant avec Tupique en 3 versements sans int\u00e9r\u00eat.\" \/>\n<meta name=\"robots\" content=\"index, follow, max-snippet:-1, max-image-preview:large, max-video-preview:-1\" \/>\n<link rel=\"canonical\" href=\"https:\/\/tupique.com\/pt\/product\/batterie-pour-ordinateur-portable-v7-d-3vc9y-v7e-noir-42-wh-3685-mah\/\" \/>\n<meta property=\"og:locale\" content=\"pt_PT\" \/>\n<meta property=\"og:type\" content=\"article\" \/>\n<meta property=\"og:title\" content=\"Batterie pour Ordinateur Portable V7 D-3VC9Y-V7E Noir 42 Wh 3685 mAh | | Tupique\" \/>\n<meta property=\"og:description\" content=\"Envie d&#039;acheter Batterie pour Ordinateur Portable V7 D-3VC9Y-V7E Noir 42 Wh 3685 mAh\u00a0? Achetez Batterie pour Ordinateur Portable V7 D-3VC9Y-V7E Noir 42 Wh 3685 mAh maintenant avec Tupique en 3 versements sans int\u00e9r\u00eat.\" \/>\n<meta property=\"og:url\" content=\"https:\/\/tupique.com\/pt\/product\/batterie-pour-ordinateur-portable-v7-d-3vc9y-v7e-noir-42-wh-3685-mah\/\" \/>\n<meta property=\"og:site_name\" content=\"Tupique\" \/>\n<meta name=\"twitter:card\" content=\"summary_large_image\" \/>\n<meta name=\"twitter:label1\" content=\"Tempo estimado de leitura\" \/>\n\t<meta name=\"twitter:data1\" content=\"2 minutos\" \/>\n<script type=\"application\/ld+json\" class=\"yoast-schema-graph\">{\"@context\":\"https:\\\/\\\/schema.org\",\"@graph\":[{\"@type\":\"WebPage\",\"@id\":\"https:\\\/\\\/tupique.com\\\/product\\\/batterie-pour-ordinateur-portable-v7-d-3vc9y-v7e-noir-42-wh-3685-mah\\\/\",\"url\":\"https:\\\/\\\/tupique.com\\\/product\\\/batterie-pour-ordinateur-portable-v7-d-3vc9y-v7e-noir-42-wh-3685-mah\\\/\",\"name\":\"Batterie pour Ordinateur Portable V7 D-3VC9Y-V7E Noir 42 Wh 3685 mAh | | Tupique\",\"isPartOf\":{\"@id\":\"https:\\\/\\\/tupique.com\\\/#website\"},\"primaryImageOfPage\":{\"@id\":\"https:\\\/\\\/tupique.com\\\/product\\\/batterie-pour-ordinateur-portable-v7-d-3vc9y-v7e-noir-42-wh-3685-mah\\\/#primaryimage\"},\"image\":{\"@id\":\"https:\\\/\\\/tupique.com\\\/product\\\/batterie-pour-ordinateur-portable-v7-d-3vc9y-v7e-noir-42-wh-3685-mah\\\/#primaryimage\"},\"thumbnailUrl\":\"https:\\\/\\\/tupique.com\\\/wp-content\\\/uploads\\\/2026\\\/05\\\/453984701.jpg\",\"datePublished\":\"2026-05-15T15:15:07+00:00\",\"description\":\"Envie d'acheter Batterie pour Ordinateur Portable V7 D-3VC9Y-V7E Noir 42 Wh 3685 mAh\u00a0? Achetez Batterie pour Ordinateur Portable V7 D-3VC9Y-V7E Noir 42 Wh 3685 mAh maintenant avec Tupique en 3 versements sans int\u00e9r\u00eat.\",\"breadcrumb\":{\"@id\":\"https:\\\/\\\/tupique.com\\\/product\\\/batterie-pour-ordinateur-portable-v7-d-3vc9y-v7e-noir-42-wh-3685-mah\\\/#breadcrumb\"},\"inLanguage\":\"pt-PT\",\"potentialAction\":[{\"@type\":\"ReadAction\",\"target\":[\"https:\\\/\\\/tupique.com\\\/product\\\/batterie-pour-ordinateur-portable-v7-d-3vc9y-v7e-noir-42-wh-3685-mah\\\/\"]}]},{\"@type\":\"ImageObject\",\"inLanguage\":\"pt-PT\",\"@id\":\"https:\\\/\\\/tupique.com\\\/product\\\/batterie-pour-ordinateur-portable-v7-d-3vc9y-v7e-noir-42-wh-3685-mah\\\/#primaryimage\",\"url\":\"https:\\\/\\\/tupique.com\\\/wp-content\\\/uploads\\\/2026\\\/05\\\/453984701.jpg\",\"contentUrl\":\"https:\\\/\\\/tupique.com\\\/wp-content\\\/uploads\\\/2026\\\/05\\\/453984701.jpg\",\"width\":1200,\"height\":1200,\"caption\":\"S55148557_0\"},{\"@type\":\"BreadcrumbList\",\"@id\":\"https:\\\/\\\/tupique.com\\\/product\\\/batterie-pour-ordinateur-portable-v7-d-3vc9y-v7e-noir-42-wh-3685-mah\\\/#breadcrumb\",\"itemListElement\":[{\"@type\":\"ListItem\",\"position\":1,\"name\":\"commencer\",\"item\":\"https:\\\/\\\/tupique.com\\\/\"},{\"@type\":\"ListItem\",\"position\":2,\"name\":\"Loja\",\"item\":\"https:\\\/\\\/tupique.com\\\/pt\\\/loja\\\/\"},{\"@type\":\"ListItem\",\"position\":3,\"name\":\"Batterie pour Ordinateur Portable V7 D-3VC9Y-V7E Noir 42 Wh 3685 mAh\"}]},{\"@type\":\"WebSite\",\"@id\":\"https:\\\/\\\/tupique.com\\\/#website\",\"url\":\"https:\\\/\\\/tupique.com\\\/\",\"name\":\"Tupique\",\"description\":\"\",\"publisher\":{\"@id\":\"https:\\\/\\\/tupique.com\\\/#organization\"},\"potentialAction\":[{\"@type\":\"SearchAction\",\"target\":{\"@type\":\"EntryPoint\",\"urlTemplate\":\"https:\\\/\\\/tupique.com\\\/?s={search_term_string}\"},\"query-input\":{\"@type\":\"PropertyValueSpecification\",\"valueRequired\":true,\"valueName\":\"search_term_string\"}}],\"inLanguage\":\"pt-PT\"},{\"@type\":\"Organization\",\"@id\":\"https:\\\/\\\/tupique.com\\\/#organization\",\"name\":\"Tupique\",\"url\":\"https:\\\/\\\/tupique.com\\\/\",\"logo\":{\"@type\":\"ImageObject\",\"inLanguage\":\"pt-PT\",\"@id\":\"https:\\\/\\\/tupique.com\\\/#\\\/schema\\\/logo\\\/image\\\/\",\"url\":\"https:\\\/\\\/tupique.com\\\/wp-content\\\/uploads\\\/2026\\\/03\\\/logo-tupique-1.webp\",\"contentUrl\":\"https:\\\/\\\/tupique.com\\\/wp-content\\\/uploads\\\/2026\\\/03\\\/logo-tupique-1.webp\",\"width\":500,\"height\":67,\"caption\":\"Tupique\"},\"image\":{\"@id\":\"https:\\\/\\\/tupique.com\\\/#\\\/schema\\\/logo\\\/image\\\/\"}}]}<\/script>\n<!-- \/ Yoast SEO plugin. -->","yoast_head_json":{"title":"Batterie pour Ordinateur Portable V7 D-3VC9Y-V7E Noir 42 Wh 3685 mAh | | Tupique","description":"Envie d'acheter Batterie pour Ordinateur Portable V7 D-3VC9Y-V7E Noir 42 Wh 3685 mAh\u00a0? Achetez Batterie pour Ordinateur Portable V7 D-3VC9Y-V7E Noir 42 Wh 3685 mAh maintenant avec Tupique en 3 versements sans int\u00e9r\u00eat.","robots":{"index":"index","follow":"follow","max-snippet":"max-snippet:-1","max-image-preview":"max-image-preview:large","max-video-preview":"max-video-preview:-1"},"canonical":"https:\/\/tupique.com\/pt\/product\/batterie-pour-ordinateur-portable-v7-d-3vc9y-v7e-noir-42-wh-3685-mah\/","og_locale":"pt_PT","og_type":"article","og_title":"Batterie pour Ordinateur Portable V7 D-3VC9Y-V7E Noir 42 Wh 3685 mAh | | Tupique","og_description":"Envie d'acheter Batterie pour Ordinateur Portable V7 D-3VC9Y-V7E Noir 42 Wh 3685 mAh\u00a0? Achetez Batterie pour Ordinateur Portable V7 D-3VC9Y-V7E Noir 42 Wh 3685 mAh maintenant avec Tupique en 3 versements sans int\u00e9r\u00eat.","og_url":"https:\/\/tupique.com\/pt\/product\/batterie-pour-ordinateur-portable-v7-d-3vc9y-v7e-noir-42-wh-3685-mah\/","og_site_name":"Tupique","twitter_card":"summary_large_image","twitter_misc":{"Tempo estimado de leitura":"2 minutos"},"schema":{"@context":"https:\/\/schema.org","@graph":[{"@type":"WebPage","@id":"https:\/\/tupique.com\/product\/batterie-pour-ordinateur-portable-v7-d-3vc9y-v7e-noir-42-wh-3685-mah\/","url":"https:\/\/tupique.com\/product\/batterie-pour-ordinateur-portable-v7-d-3vc9y-v7e-noir-42-wh-3685-mah\/","name":"Batterie pour Ordinateur Portable V7 D-3VC9Y-V7E Noir 42 Wh 3685 mAh | | Tupique","isPartOf":{"@id":"https:\/\/tupique.com\/#website"},"primaryImageOfPage":{"@id":"https:\/\/tupique.com\/product\/batterie-pour-ordinateur-portable-v7-d-3vc9y-v7e-noir-42-wh-3685-mah\/#primaryimage"},"image":{"@id":"https:\/\/tupique.com\/product\/batterie-pour-ordinateur-portable-v7-d-3vc9y-v7e-noir-42-wh-3685-mah\/#primaryimage"},"thumbnailUrl":"https:\/\/tupique.com\/wp-content\/uploads\/2026\/05\/453984701.jpg","datePublished":"2026-05-15T15:15:07+00:00","description":"Envie d'acheter Batterie pour Ordinateur Portable V7 D-3VC9Y-V7E Noir 42 Wh 3685 mAh\u00a0? Achetez Batterie pour Ordinateur Portable V7 D-3VC9Y-V7E Noir 42 Wh 3685 mAh maintenant avec Tupique en 3 versements sans int\u00e9r\u00eat.","breadcrumb":{"@id":"https:\/\/tupique.com\/product\/batterie-pour-ordinateur-portable-v7-d-3vc9y-v7e-noir-42-wh-3685-mah\/#breadcrumb"},"inLanguage":"pt-PT","potentialAction":[{"@type":"ReadAction","target":["https:\/\/tupique.com\/product\/batterie-pour-ordinateur-portable-v7-d-3vc9y-v7e-noir-42-wh-3685-mah\/"]}]},{"@type":"ImageObject","inLanguage":"pt-PT","@id":"https:\/\/tupique.com\/product\/batterie-pour-ordinateur-portable-v7-d-3vc9y-v7e-noir-42-wh-3685-mah\/#primaryimage","url":"https:\/\/tupique.com\/wp-content\/uploads\/2026\/05\/453984701.jpg","contentUrl":"https:\/\/tupique.com\/wp-content\/uploads\/2026\/05\/453984701.jpg","width":1200,"height":1200,"caption":"S55148557_0"},{"@type":"BreadcrumbList","@id":"https:\/\/tupique.com\/product\/batterie-pour-ordinateur-portable-v7-d-3vc9y-v7e-noir-42-wh-3685-mah\/#breadcrumb","itemListElement":[{"@type":"ListItem","position":1,"name":"commencer","item":"https:\/\/tupique.com\/"},{"@type":"ListItem","position":2,"name":"Loja","item":"https:\/\/tupique.com\/pt\/loja\/"},{"@type":"ListItem","position":3,"name":"Batterie pour Ordinateur Portable V7 D-3VC9Y-V7E Noir 42 Wh 3685 mAh"}]},{"@type":"WebSite","@id":"https:\/\/tupique.com\/#website","url":"https:\/\/tupique.com\/","name":"Tupique","description":"","publisher":{"@id":"https:\/\/tupique.com\/#organization"},"potentialAction":[{"@type":"SearchAction","target":{"@type":"EntryPoint","urlTemplate":"https:\/\/tupique.com\/?s={search_term_string}"},"query-input":{"@type":"PropertyValueSpecification","valueRequired":true,"valueName":"search_term_string"}}],"inLanguage":"pt-PT"},{"@type":"Organization","@id":"https:\/\/tupique.com\/#organization","name":"Tupique","url":"https:\/\/tupique.com\/","logo":{"@type":"ImageObject","inLanguage":"pt-PT","@id":"https:\/\/tupique.com\/#\/schema\/logo\/image\/","url":"https:\/\/tupique.com\/wp-content\/uploads\/2026\/03\/logo-tupique-1.webp","contentUrl":"https:\/\/tupique.com\/wp-content\/uploads\/2026\/03\/logo-tupique-1.webp","width":500,"height":67,"caption":"Tupique"},"image":{"@id":"https:\/\/tupique.com\/#\/schema\/logo\/image\/"}}]}},"_links":{"self":[{"href":"https:\/\/tupique.com\/pt\/wp-json\/wp\/v2\/product\/224067","targetHints":{"allow":["GET"]}}],"collection":[{"href":"https:\/\/tupique.com\/pt\/wp-json\/wp\/v2\/product"}],"about":[{"href":"https:\/\/tupique.com\/pt\/wp-json\/wp\/v2\/types\/product"}],"replies":[{"embeddable":true,"href":"https:\/\/tupique.com\/pt\/wp-json\/wp\/v2\/comments?post=224067"}],"wp:featuredmedia":[{"embeddable":true,"href":"https:\/\/tupique.com\/pt\/wp-json\/wp\/v2\/media\/224066"}],"wp:attachment":[{"href":"https:\/\/tupique.com\/pt\/wp-json\/wp\/v2\/media?parent=224067"}],"wp:term":[{"taxonomy":"product_brand","embeddable":true,"href":"https:\/\/tupique.com\/pt\/wp-json\/wp\/v2\/product_brand?post=224067"},{"taxonomy":"product_cat","embeddable":true,"href":"https:\/\/tupique.com\/pt\/wp-json\/wp\/v2\/product_cat?post=224067"},{"taxonomy":"product_tag","embeddable":true,"href":"https:\/\/tupique.com\/pt\/wp-json\/wp\/v2\/product_tag?post=224067"},{"taxonomy":"woo-feed-brand","embeddable":true,"href":"https:\/\/tupique.com\/pt\/wp-json\/wp\/v2\/woo-feed-brand?post=224067"}],"curies":[{"name":"wp","href":"https:\/\/api.w.org\/{rel}","templated":true}]}}