{"id":224079,"date":"2026-05-15T17:15:41","date_gmt":"2026-05-15T15:15:41","guid":{"rendered":"https:\/\/tupique.com\/product\/cable-hdmi-pccom-pcces-cab-hdmi21-3m\/"},"modified":"2026-05-15T17:15:41","modified_gmt":"2026-05-15T15:15:41","slug":"cable-hdmi-pccom-pcces-cab-hdmi21-3m","status":"publish","type":"product","link":"https:\/\/tupique.com\/pt\/product\/cable-hdmi-pccom-pcces-cab-hdmi21-3m\/","title":{"rendered":"C\u00e2ble HDMI PcCom PCCES-CAB-HDMI21-3M"},"content":{"rendered":"<p>Si vous \u00eates passionn\u00e9 d&#8217;<b>informatique et d&#8217;\u00e9lectronique<\/b>, si vous \u00eates \u00e0 la pointe de la technologie et qu&#8217;aucun d\u00e9tail ne vous \u00e9chappe, achetez <b>C\u00e2ble HDMI PcCom PCCES-CAB-HDMI21-3M<\/b> au meilleur prix.<\/p>\n<ul>\n<li>Connexions: HDMI 2.1<\/li>\n<\/ul>","protected":false},"excerpt":{"rendered":"<p>Si vous \u00eates passionn\u00e9 d&#8217;informatique et d&#8217;\u00e9lectronique, si vous \u00eates \u00e0 la pointe de la technologie et qu&#8217;aucun d\u00e9tail ne vous \u00e9chappe, achetez C\u00e2ble HDMI PcCom PCCES-CAB-HDMI21-3M au meilleur prix. Connexions: HDMI 2.1<\/p>","protected":false},"featured_media":224076,"comment_status":"open","ping_status":"closed","template":"","meta":[],"product_brand":[3346],"product_cat":[602,598,65],"product_tag":[210],"woo-feed-brand":[],"class_list":{"0":"post-224079","1":"product","2":"type-product","3":"status-publish","4":"has-post-thumbnail","6":"product_brand-brandp_7281","7":"product_cat-adaptateurs","8":"product_cat-informatique-cables-et-adaptateurs","9":"product_cat-informatique-electronique","10":"product_tag-tag_25","12":"first","13":"instock","14":"taxable","15":"shipping-taxable","16":"purchasable","17":"product-type-simple"},"yoast_head":"<!-- This site is optimized with the Yoast SEO plugin v27.6 - https:\/\/yoast.com\/product\/yoast-seo-wordpress\/ -->\n<title>C\u00e2ble HDMI PcCom PCCES-CAB-HDMI21-3M | | Tupique<\/title>\n<meta name=\"description\" content=\"Envie d&#039;acheter C\u00e2ble HDMI PcCom PCCES-CAB-HDMI21-3M\u00a0? Achetez C\u00e2ble HDMI PcCom PCCES-CAB-HDMI21-3M maintenant avec Tupique en 3 versements sans int\u00e9r\u00eat.\" \/>\n<meta name=\"robots\" content=\"index, follow, max-snippet:-1, max-image-preview:large, max-video-preview:-1\" \/>\n<link rel=\"canonical\" href=\"https:\/\/tupique.com\/pt\/product\/cable-hdmi-pccom-pcces-cab-hdmi21-3m\/\" \/>\n<meta property=\"og:locale\" content=\"pt_PT\" \/>\n<meta property=\"og:type\" content=\"article\" \/>\n<meta property=\"og:title\" content=\"C\u00e2ble HDMI PcCom PCCES-CAB-HDMI21-3M | | Tupique\" \/>\n<meta property=\"og:description\" content=\"Envie d&#039;acheter C\u00e2ble HDMI PcCom PCCES-CAB-HDMI21-3M\u00a0? Achetez C\u00e2ble HDMI PcCom PCCES-CAB-HDMI21-3M maintenant avec Tupique en 3 versements sans int\u00e9r\u00eat.\" \/>\n<meta property=\"og:url\" content=\"https:\/\/tupique.com\/pt\/product\/cable-hdmi-pccom-pcces-cab-hdmi21-3m\/\" \/>\n<meta property=\"og:site_name\" content=\"Tupique\" \/>\n<meta name=\"twitter:card\" content=\"summary_large_image\" \/>\n<script type=\"application\/ld+json\" class=\"yoast-schema-graph\">{\"@context\":\"https:\\\/\\\/schema.org\",\"@graph\":[{\"@type\":\"WebPage\",\"@id\":\"https:\\\/\\\/tupique.com\\\/product\\\/cable-hdmi-pccom-pcces-cab-hdmi21-3m\\\/\",\"url\":\"https:\\\/\\\/tupique.com\\\/product\\\/cable-hdmi-pccom-pcces-cab-hdmi21-3m\\\/\",\"name\":\"C\u00e2ble HDMI PcCom PCCES-CAB-HDMI21-3M | | Tupique\",\"isPartOf\":{\"@id\":\"https:\\\/\\\/tupique.com\\\/#website\"},\"primaryImageOfPage\":{\"@id\":\"https:\\\/\\\/tupique.com\\\/product\\\/cable-hdmi-pccom-pcces-cab-hdmi21-3m\\\/#primaryimage\"},\"image\":{\"@id\":\"https:\\\/\\\/tupique.com\\\/product\\\/cable-hdmi-pccom-pcces-cab-hdmi21-3m\\\/#primaryimage\"},\"thumbnailUrl\":\"https:\\\/\\\/tupique.com\\\/wp-content\\\/uploads\\\/2026\\\/05\\\/8435674771130_S7827359_P01.jpg\",\"datePublished\":\"2026-05-15T15:15:41+00:00\",\"description\":\"Envie d'acheter C\u00e2ble HDMI PcCom PCCES-CAB-HDMI21-3M\u00a0? Achetez C\u00e2ble HDMI PcCom PCCES-CAB-HDMI21-3M maintenant avec Tupique en 3 versements sans int\u00e9r\u00eat.\",\"breadcrumb\":{\"@id\":\"https:\\\/\\\/tupique.com\\\/product\\\/cable-hdmi-pccom-pcces-cab-hdmi21-3m\\\/#breadcrumb\"},\"inLanguage\":\"pt-PT\",\"potentialAction\":[{\"@type\":\"ReadAction\",\"target\":[\"https:\\\/\\\/tupique.com\\\/product\\\/cable-hdmi-pccom-pcces-cab-hdmi21-3m\\\/\"]}]},{\"@type\":\"ImageObject\",\"inLanguage\":\"pt-PT\",\"@id\":\"https:\\\/\\\/tupique.com\\\/product\\\/cable-hdmi-pccom-pcces-cab-hdmi21-3m\\\/#primaryimage\",\"url\":\"https:\\\/\\\/tupique.com\\\/wp-content\\\/uploads\\\/2026\\\/05\\\/8435674771130_S7827359_P01.jpg\",\"contentUrl\":\"https:\\\/\\\/tupique.com\\\/wp-content\\\/uploads\\\/2026\\\/05\\\/8435674771130_S7827359_P01.jpg\",\"width\":1200,\"height\":1200,\"caption\":\"S7827359_0\"},{\"@type\":\"BreadcrumbList\",\"@id\":\"https:\\\/\\\/tupique.com\\\/product\\\/cable-hdmi-pccom-pcces-cab-hdmi21-3m\\\/#breadcrumb\",\"itemListElement\":[{\"@type\":\"ListItem\",\"position\":1,\"name\":\"commencer\",\"item\":\"https:\\\/\\\/tupique.com\\\/\"},{\"@type\":\"ListItem\",\"position\":2,\"name\":\"Loja\",\"item\":\"https:\\\/\\\/tupique.com\\\/pt\\\/loja\\\/\"},{\"@type\":\"ListItem\",\"position\":3,\"name\":\"C\u00e2ble HDMI PcCom PCCES-CAB-HDMI21-3M\"}]},{\"@type\":\"WebSite\",\"@id\":\"https:\\\/\\\/tupique.com\\\/#website\",\"url\":\"https:\\\/\\\/tupique.com\\\/\",\"name\":\"Tupique\",\"description\":\"\",\"publisher\":{\"@id\":\"https:\\\/\\\/tupique.com\\\/#organization\"},\"potentialAction\":[{\"@type\":\"SearchAction\",\"target\":{\"@type\":\"EntryPoint\",\"urlTemplate\":\"https:\\\/\\\/tupique.com\\\/?s={search_term_string}\"},\"query-input\":{\"@type\":\"PropertyValueSpecification\",\"valueRequired\":true,\"valueName\":\"search_term_string\"}}],\"inLanguage\":\"pt-PT\"},{\"@type\":\"Organization\",\"@id\":\"https:\\\/\\\/tupique.com\\\/#organization\",\"name\":\"Tupique\",\"url\":\"https:\\\/\\\/tupique.com\\\/\",\"logo\":{\"@type\":\"ImageObject\",\"inLanguage\":\"pt-PT\",\"@id\":\"https:\\\/\\\/tupique.com\\\/#\\\/schema\\\/logo\\\/image\\\/\",\"url\":\"https:\\\/\\\/tupique.com\\\/wp-content\\\/uploads\\\/2026\\\/03\\\/logo-tupique-1.webp\",\"contentUrl\":\"https:\\\/\\\/tupique.com\\\/wp-content\\\/uploads\\\/2026\\\/03\\\/logo-tupique-1.webp\",\"width\":500,\"height\":67,\"caption\":\"Tupique\"},\"image\":{\"@id\":\"https:\\\/\\\/tupique.com\\\/#\\\/schema\\\/logo\\\/image\\\/\"}}]}<\/script>\n<!-- \/ Yoast SEO plugin. -->","yoast_head_json":{"title":"C\u00e2ble HDMI PcCom PCCES-CAB-HDMI21-3M | | Tupique","description":"Envie d'acheter C\u00e2ble HDMI PcCom PCCES-CAB-HDMI21-3M\u00a0? Achetez C\u00e2ble HDMI PcCom PCCES-CAB-HDMI21-3M maintenant avec Tupique en 3 versements sans int\u00e9r\u00eat.","robots":{"index":"index","follow":"follow","max-snippet":"max-snippet:-1","max-image-preview":"max-image-preview:large","max-video-preview":"max-video-preview:-1"},"canonical":"https:\/\/tupique.com\/pt\/product\/cable-hdmi-pccom-pcces-cab-hdmi21-3m\/","og_locale":"pt_PT","og_type":"article","og_title":"C\u00e2ble HDMI PcCom PCCES-CAB-HDMI21-3M | | Tupique","og_description":"Envie d'acheter C\u00e2ble HDMI PcCom PCCES-CAB-HDMI21-3M\u00a0? Achetez C\u00e2ble HDMI PcCom PCCES-CAB-HDMI21-3M maintenant avec Tupique en 3 versements sans int\u00e9r\u00eat.","og_url":"https:\/\/tupique.com\/pt\/product\/cable-hdmi-pccom-pcces-cab-hdmi21-3m\/","og_site_name":"Tupique","twitter_card":"summary_large_image","schema":{"@context":"https:\/\/schema.org","@graph":[{"@type":"WebPage","@id":"https:\/\/tupique.com\/product\/cable-hdmi-pccom-pcces-cab-hdmi21-3m\/","url":"https:\/\/tupique.com\/product\/cable-hdmi-pccom-pcces-cab-hdmi21-3m\/","name":"C\u00e2ble HDMI PcCom PCCES-CAB-HDMI21-3M | | Tupique","isPartOf":{"@id":"https:\/\/tupique.com\/#website"},"primaryImageOfPage":{"@id":"https:\/\/tupique.com\/product\/cable-hdmi-pccom-pcces-cab-hdmi21-3m\/#primaryimage"},"image":{"@id":"https:\/\/tupique.com\/product\/cable-hdmi-pccom-pcces-cab-hdmi21-3m\/#primaryimage"},"thumbnailUrl":"https:\/\/tupique.com\/wp-content\/uploads\/2026\/05\/8435674771130_S7827359_P01.jpg","datePublished":"2026-05-15T15:15:41+00:00","description":"Envie d'acheter C\u00e2ble HDMI PcCom PCCES-CAB-HDMI21-3M\u00a0? Achetez C\u00e2ble HDMI PcCom PCCES-CAB-HDMI21-3M maintenant avec Tupique en 3 versements sans int\u00e9r\u00eat.","breadcrumb":{"@id":"https:\/\/tupique.com\/product\/cable-hdmi-pccom-pcces-cab-hdmi21-3m\/#breadcrumb"},"inLanguage":"pt-PT","potentialAction":[{"@type":"ReadAction","target":["https:\/\/tupique.com\/product\/cable-hdmi-pccom-pcces-cab-hdmi21-3m\/"]}]},{"@type":"ImageObject","inLanguage":"pt-PT","@id":"https:\/\/tupique.com\/product\/cable-hdmi-pccom-pcces-cab-hdmi21-3m\/#primaryimage","url":"https:\/\/tupique.com\/wp-content\/uploads\/2026\/05\/8435674771130_S7827359_P01.jpg","contentUrl":"https:\/\/tupique.com\/wp-content\/uploads\/2026\/05\/8435674771130_S7827359_P01.jpg","width":1200,"height":1200,"caption":"S7827359_0"},{"@type":"BreadcrumbList","@id":"https:\/\/tupique.com\/product\/cable-hdmi-pccom-pcces-cab-hdmi21-3m\/#breadcrumb","itemListElement":[{"@type":"ListItem","position":1,"name":"commencer","item":"https:\/\/tupique.com\/"},{"@type":"ListItem","position":2,"name":"Loja","item":"https:\/\/tupique.com\/pt\/loja\/"},{"@type":"ListItem","position":3,"name":"C\u00e2ble HDMI PcCom PCCES-CAB-HDMI21-3M"}]},{"@type":"WebSite","@id":"https:\/\/tupique.com\/#website","url":"https:\/\/tupique.com\/","name":"Tupique","description":"","publisher":{"@id":"https:\/\/tupique.com\/#organization"},"potentialAction":[{"@type":"SearchAction","target":{"@type":"EntryPoint","urlTemplate":"https:\/\/tupique.com\/?s={search_term_string}"},"query-input":{"@type":"PropertyValueSpecification","valueRequired":true,"valueName":"search_term_string"}}],"inLanguage":"pt-PT"},{"@type":"Organization","@id":"https:\/\/tupique.com\/#organization","name":"Tupique","url":"https:\/\/tupique.com\/","logo":{"@type":"ImageObject","inLanguage":"pt-PT","@id":"https:\/\/tupique.com\/#\/schema\/logo\/image\/","url":"https:\/\/tupique.com\/wp-content\/uploads\/2026\/03\/logo-tupique-1.webp","contentUrl":"https:\/\/tupique.com\/wp-content\/uploads\/2026\/03\/logo-tupique-1.webp","width":500,"height":67,"caption":"Tupique"},"image":{"@id":"https:\/\/tupique.com\/#\/schema\/logo\/image\/"}}]}},"_links":{"self":[{"href":"https:\/\/tupique.com\/pt\/wp-json\/wp\/v2\/product\/224079","targetHints":{"allow":["GET"]}}],"collection":[{"href":"https:\/\/tupique.com\/pt\/wp-json\/wp\/v2\/product"}],"about":[{"href":"https:\/\/tupique.com\/pt\/wp-json\/wp\/v2\/types\/product"}],"replies":[{"embeddable":true,"href":"https:\/\/tupique.com\/pt\/wp-json\/wp\/v2\/comments?post=224079"}],"wp:featuredmedia":[{"embeddable":true,"href":"https:\/\/tupique.com\/pt\/wp-json\/wp\/v2\/media\/224076"}],"wp:attachment":[{"href":"https:\/\/tupique.com\/pt\/wp-json\/wp\/v2\/media?parent=224079"}],"wp:term":[{"taxonomy":"product_brand","embeddable":true,"href":"https:\/\/tupique.com\/pt\/wp-json\/wp\/v2\/product_brand?post=224079"},{"taxonomy":"product_cat","embeddable":true,"href":"https:\/\/tupique.com\/pt\/wp-json\/wp\/v2\/product_cat?post=224079"},{"taxonomy":"product_tag","embeddable":true,"href":"https:\/\/tupique.com\/pt\/wp-json\/wp\/v2\/product_tag?post=224079"},{"taxonomy":"woo-feed-brand","embeddable":true,"href":"https:\/\/tupique.com\/pt\/wp-json\/wp\/v2\/woo-feed-brand?post=224079"}],"curies":[{"name":"wp","href":"https:\/\/api.w.org\/{rel}","templated":true}]}}