{"id":224201,"date":"2026-05-15T17:33:47","date_gmt":"2026-05-15T15:33:47","guid":{"rendered":"https:\/\/tupique.com\/product\/pile-alcaline-duracell-plus-k1\/"},"modified":"2026-05-15T17:33:47","modified_gmt":"2026-05-15T15:33:47","slug":"pile-alcaline-duracell-plus-k1","status":"publish","type":"product","link":"https:\/\/tupique.com\/pt\/product\/pile-alcaline-duracell-plus-k1\/","title":{"rendered":"Pile Alcaline DURACELL PLUS K1"},"content":{"rendered":"<p>Si vous \u00eates passionn\u00e9 d&#8217;<b>informatique et d&#8217;\u00e9lectronique<\/b>, si vous \u00eates \u00e0 la pointe de la technologie et qu&#8217;aucun d\u00e9tail ne vous \u00e9chappe, achetez <b>Pile Alcaline DURACELL PLUS K1<\/b> au meilleur prix.<\/p>\n<p>A <b>DURACELL PLUS K1<\/b> est une <b>pile alcaline<\/b> de haute qualit\u00e9 con\u00e7ue pour fournir une alimentation fiable et durable aux appareils \u00e9lectroniques n\u00e9cessitant une tension sp\u00e9cifique, mettant particuli\u00e8rement en avant sa <b>tension de 4,5 V<\/b>. Ce mod\u00e8le, pr\u00e9sent\u00e9 dans un format pratique de <b>blister individuel<\/b>, est id\u00e9al pour des appareils tels que les appareils photo, radios portables, lampes de poche et autres \u00e9quipements demandant une source stable et prolong\u00e9e. La technologie alcaline DURACELL garantit une dur\u00e9e de vie sup\u00e9rieure compar\u00e9e aux piles classiques, gr\u00e2ce \u00e0 une formule optimis\u00e9e offrant une performance constante et une r\u00e9sistance aux d\u00e9charges prolong\u00e9es. La pr\u00e9cision de sa tension et sa qualit\u00e9 constante assurent un fonctionnement efficace, minimisant les interruptions dues aux remplacements fr\u00e9quents, ce qui est essentiel pour des usages domestiques comme professionnels. De plus, la fiabilit\u00e9 reconnue de DURACELL fait de cette pile une option s\u00fbre pour les utilisateurs qui valorisent la stabilit\u00e9 \u00e9nerg\u00e9tique et la long\u00e9vit\u00e9 de leurs appareils. En r\u00e9sum\u00e9, la DURACELL PLUS K1 4,5V est une solution \u00e9nerg\u00e9tique pratique et durable pour ceux qui exigent une source fiable dans leurs \u00e9quipements \u00e9lectroniques.<\/p>\n<ul>\n<li>Tension: 4,5 V<\/li>\n<li>Type de batterie: Piles Alcalines<\/li>\n<li>Caract\u00e9ristiques: Alcaline<\/li>\n<li>puissance: 4,5 V<\/li>\n<\/ul>","protected":false},"excerpt":{"rendered":"<p>Si vous \u00eates passionn\u00e9 d&#8217;informatique et d&#8217;\u00e9lectronique, si vous \u00eates \u00e0 la pointe de la technologie et qu&#8217;aucun d\u00e9tail ne vous \u00e9chappe, achetez Pile Alcaline DURACELL PLUS K1 au meilleur prix. La DURACELL PLUS K1 est une pile alcaline de haute qualit\u00e9 con\u00e7ue pour fournir une alimentation fiable et durable aux appareils \u00e9lectroniques n\u00e9cessitant une [&hellip;]<\/p>\n","protected":false},"featured_media":224200,"comment_status":"open","ping_status":"closed","template":"","meta":[],"product_brand":[2674],"product_cat":[3248,65,3249],"product_tag":[210,106],"woo-feed-brand":[],"class_list":{"0":"post-224201","1":"product","2":"type-product","3":"status-publish","4":"has-post-thumbnail","6":"product_brand-brandp_621","7":"product_cat-electronique-piles-et-batteries","8":"product_cat-informatique-electronique","9":"product_cat-piles-alcalines","10":"product_tag-tag_25","11":"product_tag-tag_1295","13":"first","14":"instock","15":"taxable","16":"shipping-taxable","17":"purchasable","18":"product-type-simple"},"yoast_head":"<!-- This site is optimized with the Yoast SEO plugin v27.6 - https:\/\/yoast.com\/product\/yoast-seo-wordpress\/ -->\n<title>Pile Alcaline DURACELL PLUS K1 | | Tupique<\/title>\n<meta name=\"description\" content=\"Envie d&#039;acheter Pile Alcaline DURACELL PLUS K1\u00a0? Achetez Pile Alcaline DURACELL PLUS K1 maintenant avec Tupique en 3 versements sans int\u00e9r\u00eat.\" \/>\n<meta name=\"robots\" content=\"index, follow, max-snippet:-1, max-image-preview:large, max-video-preview:-1\" \/>\n<link rel=\"canonical\" href=\"https:\/\/tupique.com\/pt\/product\/pile-alcaline-duracell-plus-k1\/\" \/>\n<meta property=\"og:locale\" content=\"pt_PT\" \/>\n<meta property=\"og:type\" content=\"article\" \/>\n<meta property=\"og:title\" content=\"Pile Alcaline DURACELL PLUS K1 | | Tupique\" \/>\n<meta property=\"og:description\" content=\"Envie d&#039;acheter Pile Alcaline DURACELL PLUS K1\u00a0? Achetez Pile Alcaline DURACELL PLUS K1 maintenant avec Tupique en 3 versements sans int\u00e9r\u00eat.\" \/>\n<meta property=\"og:url\" content=\"https:\/\/tupique.com\/pt\/product\/pile-alcaline-duracell-plus-k1\/\" \/>\n<meta property=\"og:site_name\" content=\"Tupique\" \/>\n<meta name=\"twitter:card\" content=\"summary_large_image\" \/>\n<meta name=\"twitter:label1\" content=\"Tempo estimado de leitura\" \/>\n\t<meta name=\"twitter:data1\" content=\"1 minuto\" \/>\n<script type=\"application\/ld+json\" class=\"yoast-schema-graph\">{\"@context\":\"https:\\\/\\\/schema.org\",\"@graph\":[{\"@type\":\"WebPage\",\"@id\":\"https:\\\/\\\/tupique.com\\\/product\\\/pile-alcaline-duracell-plus-k1\\\/\",\"url\":\"https:\\\/\\\/tupique.com\\\/product\\\/pile-alcaline-duracell-plus-k1\\\/\",\"name\":\"Pile Alcaline DURACELL PLUS K1 | | Tupique\",\"isPartOf\":{\"@id\":\"https:\\\/\\\/tupique.com\\\/#website\"},\"primaryImageOfPage\":{\"@id\":\"https:\\\/\\\/tupique.com\\\/product\\\/pile-alcaline-duracell-plus-k1\\\/#primaryimage\"},\"image\":{\"@id\":\"https:\\\/\\\/tupique.com\\\/product\\\/pile-alcaline-duracell-plus-k1\\\/#primaryimage\"},\"thumbnailUrl\":\"https:\\\/\\\/tupique.com\\\/wp-content\\\/uploads\\\/2026\\\/05\\\/S0450999_50003941462420.jpg\",\"datePublished\":\"2026-05-15T15:33:47+00:00\",\"description\":\"Envie d'acheter Pile Alcaline DURACELL PLUS K1\u00a0? Achetez Pile Alcaline DURACELL PLUS K1 maintenant avec Tupique en 3 versements sans int\u00e9r\u00eat.\",\"breadcrumb\":{\"@id\":\"https:\\\/\\\/tupique.com\\\/product\\\/pile-alcaline-duracell-plus-k1\\\/#breadcrumb\"},\"inLanguage\":\"pt-PT\",\"potentialAction\":[{\"@type\":\"ReadAction\",\"target\":[\"https:\\\/\\\/tupique.com\\\/product\\\/pile-alcaline-duracell-plus-k1\\\/\"]}]},{\"@type\":\"ImageObject\",\"inLanguage\":\"pt-PT\",\"@id\":\"https:\\\/\\\/tupique.com\\\/product\\\/pile-alcaline-duracell-plus-k1\\\/#primaryimage\",\"url\":\"https:\\\/\\\/tupique.com\\\/wp-content\\\/uploads\\\/2026\\\/05\\\/S0450999_50003941462420.jpg\",\"contentUrl\":\"https:\\\/\\\/tupique.com\\\/wp-content\\\/uploads\\\/2026\\\/05\\\/S0450999_50003941462420.jpg\",\"width\":1200,\"height\":1200,\"caption\":\"S0450999_0\"},{\"@type\":\"BreadcrumbList\",\"@id\":\"https:\\\/\\\/tupique.com\\\/product\\\/pile-alcaline-duracell-plus-k1\\\/#breadcrumb\",\"itemListElement\":[{\"@type\":\"ListItem\",\"position\":1,\"name\":\"commencer\",\"item\":\"https:\\\/\\\/tupique.com\\\/\"},{\"@type\":\"ListItem\",\"position\":2,\"name\":\"Loja\",\"item\":\"https:\\\/\\\/tupique.com\\\/pt\\\/loja\\\/\"},{\"@type\":\"ListItem\",\"position\":3,\"name\":\"Pile Alcaline DURACELL PLUS K1\"}]},{\"@type\":\"WebSite\",\"@id\":\"https:\\\/\\\/tupique.com\\\/#website\",\"url\":\"https:\\\/\\\/tupique.com\\\/\",\"name\":\"Tupique\",\"description\":\"\",\"publisher\":{\"@id\":\"https:\\\/\\\/tupique.com\\\/#organization\"},\"potentialAction\":[{\"@type\":\"SearchAction\",\"target\":{\"@type\":\"EntryPoint\",\"urlTemplate\":\"https:\\\/\\\/tupique.com\\\/?s={search_term_string}\"},\"query-input\":{\"@type\":\"PropertyValueSpecification\",\"valueRequired\":true,\"valueName\":\"search_term_string\"}}],\"inLanguage\":\"pt-PT\"},{\"@type\":\"Organization\",\"@id\":\"https:\\\/\\\/tupique.com\\\/#organization\",\"name\":\"Tupique\",\"url\":\"https:\\\/\\\/tupique.com\\\/\",\"logo\":{\"@type\":\"ImageObject\",\"inLanguage\":\"pt-PT\",\"@id\":\"https:\\\/\\\/tupique.com\\\/#\\\/schema\\\/logo\\\/image\\\/\",\"url\":\"https:\\\/\\\/tupique.com\\\/wp-content\\\/uploads\\\/2026\\\/03\\\/logo-tupique-1.webp\",\"contentUrl\":\"https:\\\/\\\/tupique.com\\\/wp-content\\\/uploads\\\/2026\\\/03\\\/logo-tupique-1.webp\",\"width\":500,\"height\":67,\"caption\":\"Tupique\"},\"image\":{\"@id\":\"https:\\\/\\\/tupique.com\\\/#\\\/schema\\\/logo\\\/image\\\/\"}}]}<\/script>\n<!-- \/ Yoast SEO plugin. -->","yoast_head_json":{"title":"Pile Alcaline DURACELL PLUS K1 | | Tupique","description":"Envie d'acheter Pile Alcaline DURACELL PLUS K1\u00a0? Achetez Pile Alcaline DURACELL PLUS K1 maintenant avec Tupique en 3 versements sans int\u00e9r\u00eat.","robots":{"index":"index","follow":"follow","max-snippet":"max-snippet:-1","max-image-preview":"max-image-preview:large","max-video-preview":"max-video-preview:-1"},"canonical":"https:\/\/tupique.com\/pt\/product\/pile-alcaline-duracell-plus-k1\/","og_locale":"pt_PT","og_type":"article","og_title":"Pile Alcaline DURACELL PLUS K1 | | Tupique","og_description":"Envie d'acheter Pile Alcaline DURACELL PLUS K1\u00a0? Achetez Pile Alcaline DURACELL PLUS K1 maintenant avec Tupique en 3 versements sans int\u00e9r\u00eat.","og_url":"https:\/\/tupique.com\/pt\/product\/pile-alcaline-duracell-plus-k1\/","og_site_name":"Tupique","twitter_card":"summary_large_image","twitter_misc":{"Tempo estimado de leitura":"1 minuto"},"schema":{"@context":"https:\/\/schema.org","@graph":[{"@type":"WebPage","@id":"https:\/\/tupique.com\/product\/pile-alcaline-duracell-plus-k1\/","url":"https:\/\/tupique.com\/product\/pile-alcaline-duracell-plus-k1\/","name":"Pile Alcaline DURACELL PLUS K1 | | Tupique","isPartOf":{"@id":"https:\/\/tupique.com\/#website"},"primaryImageOfPage":{"@id":"https:\/\/tupique.com\/product\/pile-alcaline-duracell-plus-k1\/#primaryimage"},"image":{"@id":"https:\/\/tupique.com\/product\/pile-alcaline-duracell-plus-k1\/#primaryimage"},"thumbnailUrl":"https:\/\/tupique.com\/wp-content\/uploads\/2026\/05\/S0450999_50003941462420.jpg","datePublished":"2026-05-15T15:33:47+00:00","description":"Envie d'acheter Pile Alcaline DURACELL PLUS K1\u00a0? Achetez Pile Alcaline DURACELL PLUS K1 maintenant avec Tupique en 3 versements sans int\u00e9r\u00eat.","breadcrumb":{"@id":"https:\/\/tupique.com\/product\/pile-alcaline-duracell-plus-k1\/#breadcrumb"},"inLanguage":"pt-PT","potentialAction":[{"@type":"ReadAction","target":["https:\/\/tupique.com\/product\/pile-alcaline-duracell-plus-k1\/"]}]},{"@type":"ImageObject","inLanguage":"pt-PT","@id":"https:\/\/tupique.com\/product\/pile-alcaline-duracell-plus-k1\/#primaryimage","url":"https:\/\/tupique.com\/wp-content\/uploads\/2026\/05\/S0450999_50003941462420.jpg","contentUrl":"https:\/\/tupique.com\/wp-content\/uploads\/2026\/05\/S0450999_50003941462420.jpg","width":1200,"height":1200,"caption":"S0450999_0"},{"@type":"BreadcrumbList","@id":"https:\/\/tupique.com\/product\/pile-alcaline-duracell-plus-k1\/#breadcrumb","itemListElement":[{"@type":"ListItem","position":1,"name":"commencer","item":"https:\/\/tupique.com\/"},{"@type":"ListItem","position":2,"name":"Loja","item":"https:\/\/tupique.com\/pt\/loja\/"},{"@type":"ListItem","position":3,"name":"Pile Alcaline DURACELL PLUS K1"}]},{"@type":"WebSite","@id":"https:\/\/tupique.com\/#website","url":"https:\/\/tupique.com\/","name":"Tupique","description":"","publisher":{"@id":"https:\/\/tupique.com\/#organization"},"potentialAction":[{"@type":"SearchAction","target":{"@type":"EntryPoint","urlTemplate":"https:\/\/tupique.com\/?s={search_term_string}"},"query-input":{"@type":"PropertyValueSpecification","valueRequired":true,"valueName":"search_term_string"}}],"inLanguage":"pt-PT"},{"@type":"Organization","@id":"https:\/\/tupique.com\/#organization","name":"Tupique","url":"https:\/\/tupique.com\/","logo":{"@type":"ImageObject","inLanguage":"pt-PT","@id":"https:\/\/tupique.com\/#\/schema\/logo\/image\/","url":"https:\/\/tupique.com\/wp-content\/uploads\/2026\/03\/logo-tupique-1.webp","contentUrl":"https:\/\/tupique.com\/wp-content\/uploads\/2026\/03\/logo-tupique-1.webp","width":500,"height":67,"caption":"Tupique"},"image":{"@id":"https:\/\/tupique.com\/#\/schema\/logo\/image\/"}}]}},"_links":{"self":[{"href":"https:\/\/tupique.com\/pt\/wp-json\/wp\/v2\/product\/224201","targetHints":{"allow":["GET"]}}],"collection":[{"href":"https:\/\/tupique.com\/pt\/wp-json\/wp\/v2\/product"}],"about":[{"href":"https:\/\/tupique.com\/pt\/wp-json\/wp\/v2\/types\/product"}],"replies":[{"embeddable":true,"href":"https:\/\/tupique.com\/pt\/wp-json\/wp\/v2\/comments?post=224201"}],"wp:featuredmedia":[{"embeddable":true,"href":"https:\/\/tupique.com\/pt\/wp-json\/wp\/v2\/media\/224200"}],"wp:attachment":[{"href":"https:\/\/tupique.com\/pt\/wp-json\/wp\/v2\/media?parent=224201"}],"wp:term":[{"taxonomy":"product_brand","embeddable":true,"href":"https:\/\/tupique.com\/pt\/wp-json\/wp\/v2\/product_brand?post=224201"},{"taxonomy":"product_cat","embeddable":true,"href":"https:\/\/tupique.com\/pt\/wp-json\/wp\/v2\/product_cat?post=224201"},{"taxonomy":"product_tag","embeddable":true,"href":"https:\/\/tupique.com\/pt\/wp-json\/wp\/v2\/product_tag?post=224201"},{"taxonomy":"woo-feed-brand","embeddable":true,"href":"https:\/\/tupique.com\/pt\/wp-json\/wp\/v2\/woo-feed-brand?post=224201"}],"curies":[{"name":"wp","href":"https:\/\/api.w.org\/{rel}","templated":true}]}}