{"id":224220,"date":"2026-05-15T17:46:49","date_gmt":"2026-05-15T15:46:49","guid":{"rendered":"https:\/\/tupique.com\/product\/casque-hp-77p36aa-noir-noir-gris\/"},"modified":"2026-05-15T17:46:49","modified_gmt":"2026-05-15T15:46:49","slug":"casque-hp-77p36aa-noir-noir-gris","status":"publish","type":"product","link":"https:\/\/tupique.com\/pt\/product\/casque-hp-77p36aa-noir-noir-gris\/","title":{"rendered":"Casque HP 77P36AA Noir Noir\/Gris"},"content":{"rendered":"<p>Si vous \u00eates passionn\u00e9 d&#8217;<b>informatique et d&#8217;\u00e9lectronique<\/b>, si vous \u00eates \u00e0 la pointe de la technologie et qu&#8217;aucun d\u00e9tail ne vous \u00e9chappe, achetez <b>Casque HP 77P36AA Noir Noir\/Gris<\/b> au meilleur prix.<\/p>\n<p>Ler <b>HP 77P36AA<\/b> est un ensemble d\u2019<b>\u00e9couteurs sans fil<\/b> con\u00e7us pour offrir une exp\u00e9rience audio polyvalente et confortable en environnements professionnels et personnels. Ce mod\u00e8le combine une connectivit\u00e9 avanc\u00e9e avec c\u00e2bles USB-C et prise en charge du Bluetooth 5.1, garantissant une connexion stable et rapide aussi bien avec appareils mobiles qu\u2019ordinateurs, facilitant l\u2019int\u00e9gration dans divers usages. Il pr\u00e9sente un design bicolore en <b>noir et argent\u00e9<\/b> apportant une finition moderne et \u00e9l\u00e9gante, avec une structure compacte et des haut-parleurs dynamiques de <b>38 mm<\/b> offrant un son clair et \u00e9quilibr\u00e9. Sa technologie sans fil permet une libert\u00e9 de mouvement sans compromis sur la qualit\u00e9 audio ni le confort, particuli\u00e8rement utile pour de longues sessions ou le t\u00e9l\u00e9travail. De plus, son design int\u00e8gre des microphones bidirectionnels optimis\u00e9s pour une captation pr\u00e9cise de la voix, id\u00e9aux pour visioconf\u00e9rences ou r\u00e9unions virtuelles, assurant une communication efficace et sans interf\u00e9rences. La batterie lithium-ion offre une autonomie prolong\u00e9e, avec un temps de conversation estim\u00e9 jusqu\u2019\u00e0 <b>30 heures<\/b>, garantissant une utilisation continue sans recharges fr\u00e9quentes. Sa polyvalence est renforc\u00e9e par la compatibilit\u00e9 avec les profils Bluetooth A2DP, AVRCP, HFP et HSP, assurant une connexion fluide avec de multiples applications et syst\u00e8mes d\u2019exploitation. En r\u00e9sum\u00e9, les <b>\u00e9couteurs HP 77P36AA<\/b> sont une solution robuste pour les utilisateurs recherchant un son de qualit\u00e9, une connectivit\u00e9 multiple et une autonomie remarquable dans un design fonctionnel et professionnel.<\/p>\n<\/p>\n<ul>\n<li>Tipo:\n<ul>\n<li>Casque<\/li>\n<li>Sans fil<\/li>\n<li>C\u00e2ble<\/li>\n<li>Barre audio<\/li>\n<\/ul>\n<\/li>\n<li>Connexions:\n<ul>\n<li>USB-C<\/li>\n<li>USB-A &#8211; USB-C<\/li>\n<\/ul>\n<\/li>\n<li>Type de batterie: Litio Ion<\/li>\n<li>Connectivit\u00e9:\n<ul>\n<li>Bluetooth<\/li>\n<li>Sans fil<\/li>\n<li>Bluetooth 5.1<\/li>\n<li>Bluetooth Low Energy<\/li>\n<\/ul>\n<\/li>\n<li>Caracter\u00edsticas:\n<ul>\n<li>R\u00e9duction du bruit<\/li>\n<li>Interrupteur marche\/arr\u00eat<\/li>\n<li>T\u00e9moin de fonctionnement LED<\/li>\n<\/ul>\n<\/li>\n<li>Compat\u00edvel\n<ul>\n<li>Windows<\/li>\n<li>macOS<\/li>\n<\/ul>\n<\/li>\n<li>Type de commande: Tactile<\/li>\n<li>Certificat: CE &amp; RoHS, FCC<\/li>\n<\/ul>","protected":false},"excerpt":{"rendered":"<p>Si vous \u00eates passionn\u00e9 d&#8217;informatique et d&#8217;\u00e9lectronique, si vous \u00eates \u00e0 la pointe de la technologie et qu&#8217;aucun d\u00e9tail ne vous \u00e9chappe, achetez Casque HP 77P36AA Noir Noir\/Gris au meilleur prix. Le HP 77P36AA est un ensemble d\u2019\u00e9couteurs sans fil con\u00e7us pour offrir une exp\u00e9rience audio polyvalente et confortable en environnements professionnels et personnels. Ce [&hellip;]<\/p>\n","protected":false},"featured_media":224219,"comment_status":"open","ping_status":"closed","template":"","meta":[],"product_brand":[630],"product_cat":[65,581,3272],"product_tag":[213,566,106],"woo-feed-brand":[],"class_list":{"0":"post-224220","1":"product","2":"type-product","3":"status-publish","4":"has-post-thumbnail","6":"product_brand-brandp_909","7":"product_cat-informatique-electronique","8":"product_cat-informatique-peripheriques-et-consommables","9":"product_cat-micros-et-ecouteurs","10":"product_tag-tag_933","11":"product_tag-tag_547","12":"product_tag-tag_1295","14":"first","15":"instock","16":"taxable","17":"shipping-taxable","18":"purchasable","19":"product-type-simple"},"yoast_head":"<!-- This site is optimized with the Yoast SEO plugin v27.6 - https:\/\/yoast.com\/product\/yoast-seo-wordpress\/ -->\n<title>Casque HP 77P36AA Noir Noir\/Gris | | Tupique<\/title>\n<meta name=\"description\" content=\"Envie d&#039;acheter Casque HP 77P36AA Noir Noir\/Gris\u00a0? Achetez Casque HP 77P36AA Noir Noir\/Gris maintenant avec Tupique en 3 versements sans int\u00e9r\u00eat.\" \/>\n<meta name=\"robots\" content=\"index, follow, max-snippet:-1, max-image-preview:large, max-video-preview:-1\" \/>\n<link rel=\"canonical\" href=\"https:\/\/tupique.com\/pt\/product\/casque-hp-77p36aa-noir-noir-gris\/\" \/>\n<meta property=\"og:locale\" content=\"pt_PT\" \/>\n<meta property=\"og:type\" content=\"article\" \/>\n<meta property=\"og:title\" content=\"Casque HP 77P36AA Noir Noir\/Gris | | Tupique\" \/>\n<meta property=\"og:description\" content=\"Envie d&#039;acheter Casque HP 77P36AA Noir Noir\/Gris\u00a0? Achetez Casque HP 77P36AA Noir Noir\/Gris maintenant avec Tupique en 3 versements sans int\u00e9r\u00eat.\" \/>\n<meta property=\"og:url\" content=\"https:\/\/tupique.com\/pt\/product\/casque-hp-77p36aa-noir-noir-gris\/\" \/>\n<meta property=\"og:site_name\" content=\"Tupique\" \/>\n<meta name=\"twitter:card\" content=\"summary_large_image\" \/>\n<meta name=\"twitter:label1\" content=\"Tempo estimado de leitura\" \/>\n\t<meta name=\"twitter:data1\" content=\"2 minutos\" \/>\n<script type=\"application\/ld+json\" class=\"yoast-schema-graph\">{\"@context\":\"https:\\\/\\\/schema.org\",\"@graph\":[{\"@type\":\"WebPage\",\"@id\":\"https:\\\/\\\/tupique.com\\\/product\\\/casque-hp-77p36aa-noir-noir-gris\\\/\",\"url\":\"https:\\\/\\\/tupique.com\\\/product\\\/casque-hp-77p36aa-noir-noir-gris\\\/\",\"name\":\"Casque HP 77P36AA Noir Noir\\\/Gris | | Tupique\",\"isPartOf\":{\"@id\":\"https:\\\/\\\/tupique.com\\\/#website\"},\"primaryImageOfPage\":{\"@id\":\"https:\\\/\\\/tupique.com\\\/product\\\/casque-hp-77p36aa-noir-noir-gris\\\/#primaryimage\"},\"image\":{\"@id\":\"https:\\\/\\\/tupique.com\\\/product\\\/casque-hp-77p36aa-noir-noir-gris\\\/#primaryimage\"},\"thumbnailUrl\":\"https:\\\/\\\/tupique.com\\\/wp-content\\\/uploads\\\/2026\\\/05\\\/684624750.jpg\",\"datePublished\":\"2026-05-15T15:46:49+00:00\",\"description\":\"Envie d'acheter Casque HP 77P36AA Noir Noir\\\/Gris\u00a0? Achetez Casque HP 77P36AA Noir Noir\\\/Gris maintenant avec Tupique en 3 versements sans int\u00e9r\u00eat.\",\"breadcrumb\":{\"@id\":\"https:\\\/\\\/tupique.com\\\/product\\\/casque-hp-77p36aa-noir-noir-gris\\\/#breadcrumb\"},\"inLanguage\":\"pt-PT\",\"potentialAction\":[{\"@type\":\"ReadAction\",\"target\":[\"https:\\\/\\\/tupique.com\\\/product\\\/casque-hp-77p36aa-noir-noir-gris\\\/\"]}]},{\"@type\":\"ImageObject\",\"inLanguage\":\"pt-PT\",\"@id\":\"https:\\\/\\\/tupique.com\\\/product\\\/casque-hp-77p36aa-noir-noir-gris\\\/#primaryimage\",\"url\":\"https:\\\/\\\/tupique.com\\\/wp-content\\\/uploads\\\/2026\\\/05\\\/684624750.jpg\",\"contentUrl\":\"https:\\\/\\\/tupique.com\\\/wp-content\\\/uploads\\\/2026\\\/05\\\/684624750.jpg\",\"width\":1200,\"height\":1200,\"caption\":\"S55252339_0\"},{\"@type\":\"BreadcrumbList\",\"@id\":\"https:\\\/\\\/tupique.com\\\/product\\\/casque-hp-77p36aa-noir-noir-gris\\\/#breadcrumb\",\"itemListElement\":[{\"@type\":\"ListItem\",\"position\":1,\"name\":\"commencer\",\"item\":\"https:\\\/\\\/tupique.com\\\/\"},{\"@type\":\"ListItem\",\"position\":2,\"name\":\"Loja\",\"item\":\"https:\\\/\\\/tupique.com\\\/pt\\\/loja\\\/\"},{\"@type\":\"ListItem\",\"position\":3,\"name\":\"Casque HP 77P36AA Noir Noir\\\/Gris\"}]},{\"@type\":\"WebSite\",\"@id\":\"https:\\\/\\\/tupique.com\\\/#website\",\"url\":\"https:\\\/\\\/tupique.com\\\/\",\"name\":\"Tupique\",\"description\":\"\",\"publisher\":{\"@id\":\"https:\\\/\\\/tupique.com\\\/#organization\"},\"potentialAction\":[{\"@type\":\"SearchAction\",\"target\":{\"@type\":\"EntryPoint\",\"urlTemplate\":\"https:\\\/\\\/tupique.com\\\/?s={search_term_string}\"},\"query-input\":{\"@type\":\"PropertyValueSpecification\",\"valueRequired\":true,\"valueName\":\"search_term_string\"}}],\"inLanguage\":\"pt-PT\"},{\"@type\":\"Organization\",\"@id\":\"https:\\\/\\\/tupique.com\\\/#organization\",\"name\":\"Tupique\",\"url\":\"https:\\\/\\\/tupique.com\\\/\",\"logo\":{\"@type\":\"ImageObject\",\"inLanguage\":\"pt-PT\",\"@id\":\"https:\\\/\\\/tupique.com\\\/#\\\/schema\\\/logo\\\/image\\\/\",\"url\":\"https:\\\/\\\/tupique.com\\\/wp-content\\\/uploads\\\/2026\\\/03\\\/logo-tupique-1.webp\",\"contentUrl\":\"https:\\\/\\\/tupique.com\\\/wp-content\\\/uploads\\\/2026\\\/03\\\/logo-tupique-1.webp\",\"width\":500,\"height\":67,\"caption\":\"Tupique\"},\"image\":{\"@id\":\"https:\\\/\\\/tupique.com\\\/#\\\/schema\\\/logo\\\/image\\\/\"}}]}<\/script>\n<!-- \/ Yoast SEO plugin. -->","yoast_head_json":{"title":"Casque HP 77P36AA Noir Noir\/Gris | | Tupique","description":"Envie d'acheter Casque HP 77P36AA Noir Noir\/Gris\u00a0? Achetez Casque HP 77P36AA Noir Noir\/Gris maintenant avec Tupique en 3 versements sans int\u00e9r\u00eat.","robots":{"index":"index","follow":"follow","max-snippet":"max-snippet:-1","max-image-preview":"max-image-preview:large","max-video-preview":"max-video-preview:-1"},"canonical":"https:\/\/tupique.com\/pt\/product\/casque-hp-77p36aa-noir-noir-gris\/","og_locale":"pt_PT","og_type":"article","og_title":"Casque HP 77P36AA Noir Noir\/Gris | | Tupique","og_description":"Envie d'acheter Casque HP 77P36AA Noir Noir\/Gris\u00a0? Achetez Casque HP 77P36AA Noir Noir\/Gris maintenant avec Tupique en 3 versements sans int\u00e9r\u00eat.","og_url":"https:\/\/tupique.com\/pt\/product\/casque-hp-77p36aa-noir-noir-gris\/","og_site_name":"Tupique","twitter_card":"summary_large_image","twitter_misc":{"Tempo estimado de leitura":"2 minutos"},"schema":{"@context":"https:\/\/schema.org","@graph":[{"@type":"WebPage","@id":"https:\/\/tupique.com\/product\/casque-hp-77p36aa-noir-noir-gris\/","url":"https:\/\/tupique.com\/product\/casque-hp-77p36aa-noir-noir-gris\/","name":"Casque HP 77P36AA Noir Noir\/Gris | | Tupique","isPartOf":{"@id":"https:\/\/tupique.com\/#website"},"primaryImageOfPage":{"@id":"https:\/\/tupique.com\/product\/casque-hp-77p36aa-noir-noir-gris\/#primaryimage"},"image":{"@id":"https:\/\/tupique.com\/product\/casque-hp-77p36aa-noir-noir-gris\/#primaryimage"},"thumbnailUrl":"https:\/\/tupique.com\/wp-content\/uploads\/2026\/05\/684624750.jpg","datePublished":"2026-05-15T15:46:49+00:00","description":"Envie d'acheter Casque HP 77P36AA Noir Noir\/Gris\u00a0? Achetez Casque HP 77P36AA Noir Noir\/Gris maintenant avec Tupique en 3 versements sans int\u00e9r\u00eat.","breadcrumb":{"@id":"https:\/\/tupique.com\/product\/casque-hp-77p36aa-noir-noir-gris\/#breadcrumb"},"inLanguage":"pt-PT","potentialAction":[{"@type":"ReadAction","target":["https:\/\/tupique.com\/product\/casque-hp-77p36aa-noir-noir-gris\/"]}]},{"@type":"ImageObject","inLanguage":"pt-PT","@id":"https:\/\/tupique.com\/product\/casque-hp-77p36aa-noir-noir-gris\/#primaryimage","url":"https:\/\/tupique.com\/wp-content\/uploads\/2026\/05\/684624750.jpg","contentUrl":"https:\/\/tupique.com\/wp-content\/uploads\/2026\/05\/684624750.jpg","width":1200,"height":1200,"caption":"S55252339_0"},{"@type":"BreadcrumbList","@id":"https:\/\/tupique.com\/product\/casque-hp-77p36aa-noir-noir-gris\/#breadcrumb","itemListElement":[{"@type":"ListItem","position":1,"name":"commencer","item":"https:\/\/tupique.com\/"},{"@type":"ListItem","position":2,"name":"Loja","item":"https:\/\/tupique.com\/pt\/loja\/"},{"@type":"ListItem","position":3,"name":"Casque HP 77P36AA Noir Noir\/Gris"}]},{"@type":"WebSite","@id":"https:\/\/tupique.com\/#website","url":"https:\/\/tupique.com\/","name":"Tupique","description":"","publisher":{"@id":"https:\/\/tupique.com\/#organization"},"potentialAction":[{"@type":"SearchAction","target":{"@type":"EntryPoint","urlTemplate":"https:\/\/tupique.com\/?s={search_term_string}"},"query-input":{"@type":"PropertyValueSpecification","valueRequired":true,"valueName":"search_term_string"}}],"inLanguage":"pt-PT"},{"@type":"Organization","@id":"https:\/\/tupique.com\/#organization","name":"Tupique","url":"https:\/\/tupique.com\/","logo":{"@type":"ImageObject","inLanguage":"pt-PT","@id":"https:\/\/tupique.com\/#\/schema\/logo\/image\/","url":"https:\/\/tupique.com\/wp-content\/uploads\/2026\/03\/logo-tupique-1.webp","contentUrl":"https:\/\/tupique.com\/wp-content\/uploads\/2026\/03\/logo-tupique-1.webp","width":500,"height":67,"caption":"Tupique"},"image":{"@id":"https:\/\/tupique.com\/#\/schema\/logo\/image\/"}}]}},"_links":{"self":[{"href":"https:\/\/tupique.com\/pt\/wp-json\/wp\/v2\/product\/224220","targetHints":{"allow":["GET"]}}],"collection":[{"href":"https:\/\/tupique.com\/pt\/wp-json\/wp\/v2\/product"}],"about":[{"href":"https:\/\/tupique.com\/pt\/wp-json\/wp\/v2\/types\/product"}],"replies":[{"embeddable":true,"href":"https:\/\/tupique.com\/pt\/wp-json\/wp\/v2\/comments?post=224220"}],"wp:featuredmedia":[{"embeddable":true,"href":"https:\/\/tupique.com\/pt\/wp-json\/wp\/v2\/media\/224219"}],"wp:attachment":[{"href":"https:\/\/tupique.com\/pt\/wp-json\/wp\/v2\/media?parent=224220"}],"wp:term":[{"taxonomy":"product_brand","embeddable":true,"href":"https:\/\/tupique.com\/pt\/wp-json\/wp\/v2\/product_brand?post=224220"},{"taxonomy":"product_cat","embeddable":true,"href":"https:\/\/tupique.com\/pt\/wp-json\/wp\/v2\/product_cat?post=224220"},{"taxonomy":"product_tag","embeddable":true,"href":"https:\/\/tupique.com\/pt\/wp-json\/wp\/v2\/product_tag?post=224220"},{"taxonomy":"woo-feed-brand","embeddable":true,"href":"https:\/\/tupique.com\/pt\/wp-json\/wp\/v2\/woo-feed-brand?post=224220"}],"curies":[{"name":"wp","href":"https:\/\/api.w.org\/{rel}","templated":true}]}}