{"id":224358,"date":"2026-05-15T18:05:49","date_gmt":"2026-05-15T16:05:49","guid":{"rendered":"https:\/\/tupique.com\/product\/montre-intelligente-polar-128\/"},"modified":"2026-05-15T18:05:49","modified_gmt":"2026-05-15T16:05:49","slug":"montre-intelligente-polar-128","status":"publish","type":"product","link":"https:\/\/tupique.com\/pt\/product\/montre-intelligente-polar-128\/","title":{"rendered":"Montre intelligente Polar 1,28&#8243;"},"content":{"rendered":"<p>Si vous aimez suivre les derni\u00e8res tendances en mati\u00e8re de mode et accessoires, achetez <b>Montre intelligente Polar 1,28&#8243;<\/b> au meilleur prix.<\/p>\n<p>Ler <b>Polar Ignite 3<\/b> est une <b>montre connect\u00e9e<\/b> con\u00e7ue pour offrir un suivi pr\u00e9cis et avanc\u00e9 de l\u2019activit\u00e9 physique et de la sant\u00e9, id\u00e9ale pour les utilisateurs recherchant un appareil polyvalent et confortable. Ce mod\u00e8le associe des mat\u00e9riaux de qualit\u00e9, avec un bo\u00eetier en <b>acier inoxydable<\/b> pour une meilleure durabilit\u00e9 et un bracelet en <b>silicone marron<\/b> qui assure confort et r\u00e9sistance au quotidien. Parmi ses principales caract\u00e9ristiques techniques, on note l\u2019int\u00e9gration d\u2019un <b>capteur de fr\u00e9quence cardiaque<\/b> permettant de surveiller en temps r\u00e9el la sant\u00e9 cardiovasculaire pendant l\u2019entra\u00eenement ou les activit\u00e9s journali\u00e8res. Il int\u00e8gre \u00e9galement un <b>GPS<\/b> pour un suivi pr\u00e9cis des itin\u00e9raires et distances sans smartphone, ainsi qu\u2019un acc\u00e9l\u00e9rom\u00e8tre facilitant l\u2019analyse des mouvements et de l\u2019activit\u00e9 physique. La connectivit\u00e9 comprend le <b>Bluetooth<\/b>, permettant la synchronisation avec d\u2019autres appareils pour une gestion simple et fluide des donn\u00e9es, bien qu\u2019il ne dispose pas de WiFi. Sa r\u00e9sistance \u00e0 l\u2019eau est un autre atout, autorisant son usage m\u00eame en conditions humides ou lors de sports nautiques l\u00e9gers. Le design met en avant la fonctionnalit\u00e9 d\u2019une montre intelligente avec une finition agr\u00e9able en tons marron, alliant style et confort pour s\u2019adapter \u00e0 toutes les situations. En r\u00e9sum\u00e9, le <b>Polar Ignite 3<\/b> offre une solution \u00e9quilibr\u00e9e pour ceux qui souhaitent combiner technologie de suivi sportif, design soign\u00e9 et mat\u00e9riaux robustes.<\/p>\n<ul>\n<li>Couleur: Marron<\/li>\n<li>Genre:\n<ul>\n<li>Unisexe<\/li>\n<li>Homme<\/li>\n<\/ul>\n<\/li>\n<li>\u00c2ge recommand\u00e9: Adultes<\/li>\n<li>Liens suppl\u00e9mentaires: Non<\/li>\n<li>Type de montre: Montre intelligente<\/li>\n<li>Produit \u00e0 brancher: Oui<\/li>\n<li>Caracter\u00edsticas:\n<ul>\n<li>R\u00e9sistant \u00e0 l&#8217;eau<\/li>\n<li>GPS<\/li>\n<li>Assistance vocale<\/li>\n<li>Moniteur de Sommeil<\/li>\n<li>L\u00e9ger<\/li>\n<li>Ecran tactile<\/li>\n<li>R\u00e9tro-\u00e9clair\u00e9<\/li>\n<li>Acc\u00e9l\u00e9rom\u00e8tre<\/li>\n<li>Haut-parleurs int\u00e9gr\u00e9s<\/li>\n<li>Capteur de lumi\u00e8re ambiante<\/li>\n<li>Alarme<\/li>\n<li>Microphone int\u00e9gr\u00e9<\/li>\n<li>Chronom\u00e8tre<\/li>\n<li>Activation vocale<\/li>\n<li>Automatique<\/li>\n<li>Multisport<\/li>\n<\/ul>\n<\/li>\n<li>Fonctions:\n<ul>\n<li>Notifications d\u2019appels et de messages<\/li>\n<li>Mesurer les \u00e9tapes, le temps, les calories et le rythme cardiaque<\/li>\n<li>Moniteur de Sommeil<\/li>\n<li>\u00c9cran couleur<\/li>\n<li>Moniteur de fr\u00e9quence cardiaque<\/li>\n<\/ul>\n<\/li>\n<li>Type de prise: Prise EU<\/li>\n<li>Bloc d\u2019Alimentation: r\u00e9seau \u00e9lectrique<\/li>\n<li>Glonass: Oui<\/li>\n<li>Non Inclus:\n<ul>\n<li>Wi-Fi<\/li>\n<li>Connexion au r\u00e9seau mobile<\/li>\n<\/ul>\n<\/li>\n<li>Radio FM: Non<\/li>\n<li>Couleur du cadran: Noir<\/li>\n<li>Technologie: AMOLED<\/li>\n<li>Couleur du bracelet:\n<ul>\n<li>Marron<\/li>\n<li>Noir<\/li>\n<\/ul>\n<\/li>\n<li>Mat\u00e9riau du bracelet: Silicone<\/li>\n<li>Connectivit\u00e9:\n<ul>\n<li>Bluetooth<\/li>\n<li>Bluetooth 5.1<\/li>\n<li>GPS<\/li>\n<li>Glonass<\/li>\n<li>BeiDou<\/li>\n<li>Galileu<\/li>\n<\/ul>\n<\/li>\n<li>Acc\u00e9l\u00e9rom\u00e8tre: Oui<\/li>\n<li>Mati\u00e8re:\n<ul>\n<li>Silicone<\/li>\n<li>Acier inoxydable<\/li>\n<li>pl\u00e1stico,acero inoxidable<\/li>\n<\/ul>\n<\/li>\n<li>Type de batterie: Int\u00e9gr\u00e9e<\/li>\n<li>Forme: Rond<\/li>\n<li>Type de fermeture: Boucle<\/li>\n<li>Ecran: 1,28&#8243;<\/li>\n<li>Inclut:\n<ul>\n<li>C\u00e2ble USB<\/li>\n<li>Minuterie<\/li>\n<li>Manuel de l&#8217;utilisateur<\/li>\n<\/ul>\n<\/li>\n<li>Cam\u00e9ra\/Appareil Photo: Non<\/li>\n<li>Autonomie approx.: 120 heures<\/li>\n<li>Diam\u00e8tre du bo\u00eetier: 43 mm<\/li>\n<li>Fonctionne \u00e0 piles: 1 Pol\u00edmero de litio<\/li>\n<li>Connexion USB: Non<\/li>\n<li>Dimensions approx.: 20 mm<\/li>\n<li>Taille: S\/L<\/li>\n<\/ul>","protected":false},"excerpt":{"rendered":"<p>Si vous aimez suivre les derni\u00e8res tendances en mati\u00e8re de mode et accessoires, achetez Montre intelligente Polar 1,28&#8243; au meilleur prix. Le Polar Ignite 3 est une montre connect\u00e9e con\u00e7ue pour offrir un suivi pr\u00e9cis et avanc\u00e9 de l\u2019activit\u00e9 physique et de la sant\u00e9, id\u00e9ale pour les utilisateurs recherchant un appareil polyvalent et confortable. Ce [&hellip;]<\/p>\n","protected":false},"featured_media":224347,"comment_status":"open","ping_status":"closed","template":"","meta":[],"product_brand":[178],"product_cat":[575,65,748],"product_tag":[103,566,106],"woo-feed-brand":[],"class_list":{"0":"post-224358","1":"product","2":"type-product","3":"status-publish","4":"has-post-thumbnail","6":"product_brand-brandp_5019","7":"product_cat-electronique-telephonie-et-tablettes","8":"product_cat-informatique-electronique","9":"product_cat-smartwatches","10":"product_tag-tag_1261","11":"product_tag-tag_547","12":"product_tag-tag_1295","14":"first","15":"instock","16":"taxable","17":"shipping-taxable","18":"purchasable","19":"product-type-simple"},"yoast_head":"<!-- This site is optimized with the Yoast SEO plugin v27.6 - https:\/\/yoast.com\/product\/yoast-seo-wordpress\/ -->\n<title>Montre intelligente Polar 1,28&quot; | | Tupique<\/title>\n<meta name=\"description\" content=\"Envie d&#039;acheter Montre intelligente Polar 1,28&quot;\u00a0? Achetez Montre intelligente Polar 1,28&quot; maintenant avec Tupique en 3 versements sans int\u00e9r\u00eat.\" \/>\n<meta name=\"robots\" content=\"index, follow, max-snippet:-1, max-image-preview:large, max-video-preview:-1\" \/>\n<link rel=\"canonical\" href=\"https:\/\/tupique.com\/pt\/product\/montre-intelligente-polar-128\/\" \/>\n<meta property=\"og:locale\" content=\"pt_PT\" \/>\n<meta property=\"og:type\" content=\"article\" \/>\n<meta property=\"og:title\" content=\"Montre intelligente Polar 1,28&quot; | | Tupique\" \/>\n<meta property=\"og:description\" content=\"Envie d&#039;acheter Montre intelligente Polar 1,28&quot;\u00a0? Achetez Montre intelligente Polar 1,28&quot; maintenant avec Tupique en 3 versements sans int\u00e9r\u00eat.\" \/>\n<meta property=\"og:url\" content=\"https:\/\/tupique.com\/pt\/product\/montre-intelligente-polar-128\/\" \/>\n<meta property=\"og:site_name\" content=\"Tupique\" \/>\n<meta name=\"twitter:card\" content=\"summary_large_image\" \/>\n<meta name=\"twitter:label1\" content=\"Tempo estimado de leitura\" \/>\n\t<meta name=\"twitter:data1\" content=\"2 minutos\" \/>\n<script type=\"application\/ld+json\" class=\"yoast-schema-graph\">{\"@context\":\"https:\\\/\\\/schema.org\",\"@graph\":[{\"@type\":\"WebPage\",\"@id\":\"https:\\\/\\\/tupique.com\\\/product\\\/montre-intelligente-polar-128\\\/\",\"url\":\"https:\\\/\\\/tupique.com\\\/product\\\/montre-intelligente-polar-128\\\/\",\"name\":\"Montre intelligente Polar 1,28\\\" | | Tupique\",\"isPartOf\":{\"@id\":\"https:\\\/\\\/tupique.com\\\/#website\"},\"primaryImageOfPage\":{\"@id\":\"https:\\\/\\\/tupique.com\\\/product\\\/montre-intelligente-polar-128\\\/#primaryimage\"},\"image\":{\"@id\":\"https:\\\/\\\/tupique.com\\\/product\\\/montre-intelligente-polar-128\\\/#primaryimage\"},\"thumbnailUrl\":\"https:\\\/\\\/tupique.com\\\/wp-content\\\/uploads\\\/2026\\\/05\\\/0725882062525_S0455204_P00.jpg\",\"datePublished\":\"2026-05-15T16:05:49+00:00\",\"description\":\"Envie d'acheter Montre intelligente Polar 1,28\\\"\u00a0? Achetez Montre intelligente Polar 1,28\\\" maintenant avec Tupique en 3 versements sans int\u00e9r\u00eat.\",\"breadcrumb\":{\"@id\":\"https:\\\/\\\/tupique.com\\\/product\\\/montre-intelligente-polar-128\\\/#breadcrumb\"},\"inLanguage\":\"pt-PT\",\"potentialAction\":[{\"@type\":\"ReadAction\",\"target\":[\"https:\\\/\\\/tupique.com\\\/product\\\/montre-intelligente-polar-128\\\/\"]}]},{\"@type\":\"ImageObject\",\"inLanguage\":\"pt-PT\",\"@id\":\"https:\\\/\\\/tupique.com\\\/product\\\/montre-intelligente-polar-128\\\/#primaryimage\",\"url\":\"https:\\\/\\\/tupique.com\\\/wp-content\\\/uploads\\\/2026\\\/05\\\/0725882062525_S0455204_P00.jpg\",\"contentUrl\":\"https:\\\/\\\/tupique.com\\\/wp-content\\\/uploads\\\/2026\\\/05\\\/0725882062525_S0455204_P00.jpg\",\"width\":1200,\"height\":1200,\"caption\":\"S0455204_0\"},{\"@type\":\"BreadcrumbList\",\"@id\":\"https:\\\/\\\/tupique.com\\\/product\\\/montre-intelligente-polar-128\\\/#breadcrumb\",\"itemListElement\":[{\"@type\":\"ListItem\",\"position\":1,\"name\":\"commencer\",\"item\":\"https:\\\/\\\/tupique.com\\\/\"},{\"@type\":\"ListItem\",\"position\":2,\"name\":\"Loja\",\"item\":\"https:\\\/\\\/tupique.com\\\/pt\\\/loja\\\/\"},{\"@type\":\"ListItem\",\"position\":3,\"name\":\"Montre intelligente Polar 1,28&#8243;\"}]},{\"@type\":\"WebSite\",\"@id\":\"https:\\\/\\\/tupique.com\\\/#website\",\"url\":\"https:\\\/\\\/tupique.com\\\/\",\"name\":\"Tupique\",\"description\":\"\",\"publisher\":{\"@id\":\"https:\\\/\\\/tupique.com\\\/#organization\"},\"potentialAction\":[{\"@type\":\"SearchAction\",\"target\":{\"@type\":\"EntryPoint\",\"urlTemplate\":\"https:\\\/\\\/tupique.com\\\/?s={search_term_string}\"},\"query-input\":{\"@type\":\"PropertyValueSpecification\",\"valueRequired\":true,\"valueName\":\"search_term_string\"}}],\"inLanguage\":\"pt-PT\"},{\"@type\":\"Organization\",\"@id\":\"https:\\\/\\\/tupique.com\\\/#organization\",\"name\":\"Tupique\",\"url\":\"https:\\\/\\\/tupique.com\\\/\",\"logo\":{\"@type\":\"ImageObject\",\"inLanguage\":\"pt-PT\",\"@id\":\"https:\\\/\\\/tupique.com\\\/#\\\/schema\\\/logo\\\/image\\\/\",\"url\":\"https:\\\/\\\/tupique.com\\\/wp-content\\\/uploads\\\/2026\\\/03\\\/logo-tupique-1.webp\",\"contentUrl\":\"https:\\\/\\\/tupique.com\\\/wp-content\\\/uploads\\\/2026\\\/03\\\/logo-tupique-1.webp\",\"width\":500,\"height\":67,\"caption\":\"Tupique\"},\"image\":{\"@id\":\"https:\\\/\\\/tupique.com\\\/#\\\/schema\\\/logo\\\/image\\\/\"}}]}<\/script>\n<!-- \/ Yoast SEO plugin. -->","yoast_head_json":{"title":"Montre intelligente Polar 1,28\" | | Tupique","description":"Envie d'acheter Montre intelligente Polar 1,28\"\u00a0? Achetez Montre intelligente Polar 1,28\" maintenant avec Tupique en 3 versements sans int\u00e9r\u00eat.","robots":{"index":"index","follow":"follow","max-snippet":"max-snippet:-1","max-image-preview":"max-image-preview:large","max-video-preview":"max-video-preview:-1"},"canonical":"https:\/\/tupique.com\/pt\/product\/montre-intelligente-polar-128\/","og_locale":"pt_PT","og_type":"article","og_title":"Montre intelligente Polar 1,28\" | | Tupique","og_description":"Envie d'acheter Montre intelligente Polar 1,28\"\u00a0? Achetez Montre intelligente Polar 1,28\" maintenant avec Tupique en 3 versements sans int\u00e9r\u00eat.","og_url":"https:\/\/tupique.com\/pt\/product\/montre-intelligente-polar-128\/","og_site_name":"Tupique","twitter_card":"summary_large_image","twitter_misc":{"Tempo estimado de leitura":"2 minutos"},"schema":{"@context":"https:\/\/schema.org","@graph":[{"@type":"WebPage","@id":"https:\/\/tupique.com\/product\/montre-intelligente-polar-128\/","url":"https:\/\/tupique.com\/product\/montre-intelligente-polar-128\/","name":"Montre intelligente Polar 1,28\" | | Tupique","isPartOf":{"@id":"https:\/\/tupique.com\/#website"},"primaryImageOfPage":{"@id":"https:\/\/tupique.com\/product\/montre-intelligente-polar-128\/#primaryimage"},"image":{"@id":"https:\/\/tupique.com\/product\/montre-intelligente-polar-128\/#primaryimage"},"thumbnailUrl":"https:\/\/tupique.com\/wp-content\/uploads\/2026\/05\/0725882062525_S0455204_P00.jpg","datePublished":"2026-05-15T16:05:49+00:00","description":"Envie d'acheter Montre intelligente Polar 1,28\"\u00a0? Achetez Montre intelligente Polar 1,28\" maintenant avec Tupique en 3 versements sans int\u00e9r\u00eat.","breadcrumb":{"@id":"https:\/\/tupique.com\/product\/montre-intelligente-polar-128\/#breadcrumb"},"inLanguage":"pt-PT","potentialAction":[{"@type":"ReadAction","target":["https:\/\/tupique.com\/product\/montre-intelligente-polar-128\/"]}]},{"@type":"ImageObject","inLanguage":"pt-PT","@id":"https:\/\/tupique.com\/product\/montre-intelligente-polar-128\/#primaryimage","url":"https:\/\/tupique.com\/wp-content\/uploads\/2026\/05\/0725882062525_S0455204_P00.jpg","contentUrl":"https:\/\/tupique.com\/wp-content\/uploads\/2026\/05\/0725882062525_S0455204_P00.jpg","width":1200,"height":1200,"caption":"S0455204_0"},{"@type":"BreadcrumbList","@id":"https:\/\/tupique.com\/product\/montre-intelligente-polar-128\/#breadcrumb","itemListElement":[{"@type":"ListItem","position":1,"name":"commencer","item":"https:\/\/tupique.com\/"},{"@type":"ListItem","position":2,"name":"Loja","item":"https:\/\/tupique.com\/pt\/loja\/"},{"@type":"ListItem","position":3,"name":"Montre intelligente Polar 1,28&#8243;"}]},{"@type":"WebSite","@id":"https:\/\/tupique.com\/#website","url":"https:\/\/tupique.com\/","name":"Tupique","description":"","publisher":{"@id":"https:\/\/tupique.com\/#organization"},"potentialAction":[{"@type":"SearchAction","target":{"@type":"EntryPoint","urlTemplate":"https:\/\/tupique.com\/?s={search_term_string}"},"query-input":{"@type":"PropertyValueSpecification","valueRequired":true,"valueName":"search_term_string"}}],"inLanguage":"pt-PT"},{"@type":"Organization","@id":"https:\/\/tupique.com\/#organization","name":"Tupique","url":"https:\/\/tupique.com\/","logo":{"@type":"ImageObject","inLanguage":"pt-PT","@id":"https:\/\/tupique.com\/#\/schema\/logo\/image\/","url":"https:\/\/tupique.com\/wp-content\/uploads\/2026\/03\/logo-tupique-1.webp","contentUrl":"https:\/\/tupique.com\/wp-content\/uploads\/2026\/03\/logo-tupique-1.webp","width":500,"height":67,"caption":"Tupique"},"image":{"@id":"https:\/\/tupique.com\/#\/schema\/logo\/image\/"}}]}},"_links":{"self":[{"href":"https:\/\/tupique.com\/pt\/wp-json\/wp\/v2\/product\/224358","targetHints":{"allow":["GET"]}}],"collection":[{"href":"https:\/\/tupique.com\/pt\/wp-json\/wp\/v2\/product"}],"about":[{"href":"https:\/\/tupique.com\/pt\/wp-json\/wp\/v2\/types\/product"}],"replies":[{"embeddable":true,"href":"https:\/\/tupique.com\/pt\/wp-json\/wp\/v2\/comments?post=224358"}],"wp:featuredmedia":[{"embeddable":true,"href":"https:\/\/tupique.com\/pt\/wp-json\/wp\/v2\/media\/224347"}],"wp:attachment":[{"href":"https:\/\/tupique.com\/pt\/wp-json\/wp\/v2\/media?parent=224358"}],"wp:term":[{"taxonomy":"product_brand","embeddable":true,"href":"https:\/\/tupique.com\/pt\/wp-json\/wp\/v2\/product_brand?post=224358"},{"taxonomy":"product_cat","embeddable":true,"href":"https:\/\/tupique.com\/pt\/wp-json\/wp\/v2\/product_cat?post=224358"},{"taxonomy":"product_tag","embeddable":true,"href":"https:\/\/tupique.com\/pt\/wp-json\/wp\/v2\/product_tag?post=224358"},{"taxonomy":"woo-feed-brand","embeddable":true,"href":"https:\/\/tupique.com\/pt\/wp-json\/wp\/v2\/woo-feed-brand?post=224358"}],"curies":[{"name":"wp","href":"https:\/\/api.w.org\/{rel}","templated":true}]}}