{"id":224536,"date":"2026-05-15T18:42:11","date_gmt":"2026-05-15T16:42:11","guid":{"rendered":"https:\/\/tupique.com\/product\/toner-polaroid-cf372am-cyan-magenta-jaune\/"},"modified":"2026-05-15T18:42:11","modified_gmt":"2026-05-15T16:42:11","slug":"toner-polaroid-cf372am-cyan-magenta-jaune","status":"publish","type":"product","link":"https:\/\/tupique.com\/pt\/product\/toner-polaroid-cf372am-cyan-magenta-jaune\/","title":{"rendered":"Toner Polaroid CF372AM Cyan\/Magenta\/Jaune"},"content":{"rendered":"<p>Retournez au bureau sans rien oublier ! Achetez <b>Toner Polaroid CF372AM Cyan\/Magenta\/Jaune<\/b> et faites envie \u00e0 vos coll\u00e8gues!<\/p>\n<ul>\n<li>Type: Toner<\/li>\n<li>Couleur:\n<ul>\n<li>Cyan<\/li>\n<li>Magenta<\/li>\n<li>Jaune<\/li>\n<\/ul>\n<\/li>\n<li>Nombre de pi\u00e8ces: 3 Pi\u00e8ces<\/li>\n<\/ul>","protected":false},"excerpt":{"rendered":"<p>Retournez au bureau sans rien oublier ! Achetez Toner Polaroid CF372AM Cyan\/Magenta\/Jaune et faites envie \u00e0 vos coll\u00e8gues! Type: Toner Couleur: Cyan Magenta Jaune Nombre de pi\u00e8ces: 3 Pi\u00e8ces<\/p>","protected":false},"featured_media":224535,"comment_status":"open","ping_status":"closed","template":"","meta":[],"product_brand":[2514],"product_cat":[65,581,3373],"product_tag":[213,106],"woo-feed-brand":[],"class_list":{"0":"post-224536","1":"product","2":"type-product","3":"status-publish","4":"has-post-thumbnail","6":"product_brand-brandp_1244","7":"product_cat-informatique-electronique","8":"product_cat-informatique-peripheriques-et-consommables","9":"product_cat-toners-originaux","10":"product_tag-tag_933","11":"product_tag-tag_1295","13":"first","14":"instock","15":"taxable","16":"shipping-taxable","17":"purchasable","18":"product-type-simple"},"yoast_head":"<!-- This site is optimized with the Yoast SEO plugin v27.6 - https:\/\/yoast.com\/product\/yoast-seo-wordpress\/ -->\n<title>Toner Polaroid CF372AM Cyan\/Magenta\/Jaune | | Tupique<\/title>\n<meta name=\"description\" content=\"Envie d&#039;acheter Toner Polaroid CF372AM Cyan\/Magenta\/Jaune\u00a0? Achetez Toner Polaroid CF372AM Cyan\/Magenta\/Jaune maintenant avec Tupique en 3 versements sans int\u00e9r\u00eat.\" \/>\n<meta name=\"robots\" content=\"index, follow, max-snippet:-1, max-image-preview:large, max-video-preview:-1\" \/>\n<link rel=\"canonical\" href=\"https:\/\/tupique.com\/pt\/product\/toner-polaroid-cf372am-cyan-magenta-jaune\/\" \/>\n<meta property=\"og:locale\" content=\"pt_PT\" \/>\n<meta property=\"og:type\" content=\"article\" \/>\n<meta property=\"og:title\" content=\"Toner Polaroid CF372AM Cyan\/Magenta\/Jaune | | Tupique\" \/>\n<meta property=\"og:description\" content=\"Envie d&#039;acheter Toner Polaroid CF372AM Cyan\/Magenta\/Jaune\u00a0? Achetez Toner Polaroid CF372AM Cyan\/Magenta\/Jaune maintenant avec Tupique en 3 versements sans int\u00e9r\u00eat.\" \/>\n<meta property=\"og:url\" content=\"https:\/\/tupique.com\/pt\/product\/toner-polaroid-cf372am-cyan-magenta-jaune\/\" \/>\n<meta property=\"og:site_name\" content=\"Tupique\" \/>\n<meta name=\"twitter:card\" content=\"summary_large_image\" \/>\n<script type=\"application\/ld+json\" class=\"yoast-schema-graph\">{\"@context\":\"https:\\\/\\\/schema.org\",\"@graph\":[{\"@type\":\"WebPage\",\"@id\":\"https:\\\/\\\/tupique.com\\\/product\\\/toner-polaroid-cf372am-cyan-magenta-jaune\\\/\",\"url\":\"https:\\\/\\\/tupique.com\\\/product\\\/toner-polaroid-cf372am-cyan-magenta-jaune\\\/\",\"name\":\"Toner Polaroid CF372AM Cyan\\\/Magenta\\\/Jaune | | Tupique\",\"isPartOf\":{\"@id\":\"https:\\\/\\\/tupique.com\\\/#website\"},\"primaryImageOfPage\":{\"@id\":\"https:\\\/\\\/tupique.com\\\/product\\\/toner-polaroid-cf372am-cyan-magenta-jaune\\\/#primaryimage\"},\"image\":{\"@id\":\"https:\\\/\\\/tupique.com\\\/product\\\/toner-polaroid-cf372am-cyan-magenta-jaune\\\/#primaryimage\"},\"thumbnailUrl\":\"https:\\\/\\\/tupique.com\\\/wp-content\\\/uploads\\\/2026\\\/05\\\/5031935509738_I00.jpg\",\"datePublished\":\"2026-05-15T16:42:11+00:00\",\"description\":\"Envie d'acheter Toner Polaroid CF372AM Cyan\\\/Magenta\\\/Jaune\u00a0? Achetez Toner Polaroid CF372AM Cyan\\\/Magenta\\\/Jaune maintenant avec Tupique en 3 versements sans int\u00e9r\u00eat.\",\"breadcrumb\":{\"@id\":\"https:\\\/\\\/tupique.com\\\/product\\\/toner-polaroid-cf372am-cyan-magenta-jaune\\\/#breadcrumb\"},\"inLanguage\":\"pt-PT\",\"potentialAction\":[{\"@type\":\"ReadAction\",\"target\":[\"https:\\\/\\\/tupique.com\\\/product\\\/toner-polaroid-cf372am-cyan-magenta-jaune\\\/\"]}]},{\"@type\":\"ImageObject\",\"inLanguage\":\"pt-PT\",\"@id\":\"https:\\\/\\\/tupique.com\\\/product\\\/toner-polaroid-cf372am-cyan-magenta-jaune\\\/#primaryimage\",\"url\":\"https:\\\/\\\/tupique.com\\\/wp-content\\\/uploads\\\/2026\\\/05\\\/5031935509738_I00.jpg\",\"contentUrl\":\"https:\\\/\\\/tupique.com\\\/wp-content\\\/uploads\\\/2026\\\/05\\\/5031935509738_I00.jpg\",\"width\":1200,\"height\":1200,\"caption\":\"V3401986_0\"},{\"@type\":\"BreadcrumbList\",\"@id\":\"https:\\\/\\\/tupique.com\\\/product\\\/toner-polaroid-cf372am-cyan-magenta-jaune\\\/#breadcrumb\",\"itemListElement\":[{\"@type\":\"ListItem\",\"position\":1,\"name\":\"commencer\",\"item\":\"https:\\\/\\\/tupique.com\\\/\"},{\"@type\":\"ListItem\",\"position\":2,\"name\":\"Loja\",\"item\":\"https:\\\/\\\/tupique.com\\\/pt\\\/loja\\\/\"},{\"@type\":\"ListItem\",\"position\":3,\"name\":\"Toner Polaroid CF372AM Cyan\\\/Magenta\\\/Jaune\"}]},{\"@type\":\"WebSite\",\"@id\":\"https:\\\/\\\/tupique.com\\\/#website\",\"url\":\"https:\\\/\\\/tupique.com\\\/\",\"name\":\"Tupique\",\"description\":\"\",\"publisher\":{\"@id\":\"https:\\\/\\\/tupique.com\\\/#organization\"},\"potentialAction\":[{\"@type\":\"SearchAction\",\"target\":{\"@type\":\"EntryPoint\",\"urlTemplate\":\"https:\\\/\\\/tupique.com\\\/?s={search_term_string}\"},\"query-input\":{\"@type\":\"PropertyValueSpecification\",\"valueRequired\":true,\"valueName\":\"search_term_string\"}}],\"inLanguage\":\"pt-PT\"},{\"@type\":\"Organization\",\"@id\":\"https:\\\/\\\/tupique.com\\\/#organization\",\"name\":\"Tupique\",\"url\":\"https:\\\/\\\/tupique.com\\\/\",\"logo\":{\"@type\":\"ImageObject\",\"inLanguage\":\"pt-PT\",\"@id\":\"https:\\\/\\\/tupique.com\\\/#\\\/schema\\\/logo\\\/image\\\/\",\"url\":\"https:\\\/\\\/tupique.com\\\/wp-content\\\/uploads\\\/2026\\\/03\\\/logo-tupique-1.webp\",\"contentUrl\":\"https:\\\/\\\/tupique.com\\\/wp-content\\\/uploads\\\/2026\\\/03\\\/logo-tupique-1.webp\",\"width\":500,\"height\":67,\"caption\":\"Tupique\"},\"image\":{\"@id\":\"https:\\\/\\\/tupique.com\\\/#\\\/schema\\\/logo\\\/image\\\/\"}}]}<\/script>\n<!-- \/ Yoast SEO plugin. -->","yoast_head_json":{"title":"Toner Polaroid CF372AM Cyan\/Magenta\/Jaune | | Tupique","description":"Envie d'acheter Toner Polaroid CF372AM Cyan\/Magenta\/Jaune\u00a0? Achetez Toner Polaroid CF372AM Cyan\/Magenta\/Jaune maintenant avec Tupique en 3 versements sans int\u00e9r\u00eat.","robots":{"index":"index","follow":"follow","max-snippet":"max-snippet:-1","max-image-preview":"max-image-preview:large","max-video-preview":"max-video-preview:-1"},"canonical":"https:\/\/tupique.com\/pt\/product\/toner-polaroid-cf372am-cyan-magenta-jaune\/","og_locale":"pt_PT","og_type":"article","og_title":"Toner Polaroid CF372AM Cyan\/Magenta\/Jaune | | Tupique","og_description":"Envie d'acheter Toner Polaroid CF372AM Cyan\/Magenta\/Jaune\u00a0? Achetez Toner Polaroid CF372AM Cyan\/Magenta\/Jaune maintenant avec Tupique en 3 versements sans int\u00e9r\u00eat.","og_url":"https:\/\/tupique.com\/pt\/product\/toner-polaroid-cf372am-cyan-magenta-jaune\/","og_site_name":"Tupique","twitter_card":"summary_large_image","schema":{"@context":"https:\/\/schema.org","@graph":[{"@type":"WebPage","@id":"https:\/\/tupique.com\/product\/toner-polaroid-cf372am-cyan-magenta-jaune\/","url":"https:\/\/tupique.com\/product\/toner-polaroid-cf372am-cyan-magenta-jaune\/","name":"Toner Polaroid CF372AM Cyan\/Magenta\/Jaune | | Tupique","isPartOf":{"@id":"https:\/\/tupique.com\/#website"},"primaryImageOfPage":{"@id":"https:\/\/tupique.com\/product\/toner-polaroid-cf372am-cyan-magenta-jaune\/#primaryimage"},"image":{"@id":"https:\/\/tupique.com\/product\/toner-polaroid-cf372am-cyan-magenta-jaune\/#primaryimage"},"thumbnailUrl":"https:\/\/tupique.com\/wp-content\/uploads\/2026\/05\/5031935509738_I00.jpg","datePublished":"2026-05-15T16:42:11+00:00","description":"Envie d'acheter Toner Polaroid CF372AM Cyan\/Magenta\/Jaune\u00a0? Achetez Toner Polaroid CF372AM Cyan\/Magenta\/Jaune maintenant avec Tupique en 3 versements sans int\u00e9r\u00eat.","breadcrumb":{"@id":"https:\/\/tupique.com\/product\/toner-polaroid-cf372am-cyan-magenta-jaune\/#breadcrumb"},"inLanguage":"pt-PT","potentialAction":[{"@type":"ReadAction","target":["https:\/\/tupique.com\/product\/toner-polaroid-cf372am-cyan-magenta-jaune\/"]}]},{"@type":"ImageObject","inLanguage":"pt-PT","@id":"https:\/\/tupique.com\/product\/toner-polaroid-cf372am-cyan-magenta-jaune\/#primaryimage","url":"https:\/\/tupique.com\/wp-content\/uploads\/2026\/05\/5031935509738_I00.jpg","contentUrl":"https:\/\/tupique.com\/wp-content\/uploads\/2026\/05\/5031935509738_I00.jpg","width":1200,"height":1200,"caption":"V3401986_0"},{"@type":"BreadcrumbList","@id":"https:\/\/tupique.com\/product\/toner-polaroid-cf372am-cyan-magenta-jaune\/#breadcrumb","itemListElement":[{"@type":"ListItem","position":1,"name":"commencer","item":"https:\/\/tupique.com\/"},{"@type":"ListItem","position":2,"name":"Loja","item":"https:\/\/tupique.com\/pt\/loja\/"},{"@type":"ListItem","position":3,"name":"Toner Polaroid CF372AM Cyan\/Magenta\/Jaune"}]},{"@type":"WebSite","@id":"https:\/\/tupique.com\/#website","url":"https:\/\/tupique.com\/","name":"Tupique","description":"","publisher":{"@id":"https:\/\/tupique.com\/#organization"},"potentialAction":[{"@type":"SearchAction","target":{"@type":"EntryPoint","urlTemplate":"https:\/\/tupique.com\/?s={search_term_string}"},"query-input":{"@type":"PropertyValueSpecification","valueRequired":true,"valueName":"search_term_string"}}],"inLanguage":"pt-PT"},{"@type":"Organization","@id":"https:\/\/tupique.com\/#organization","name":"Tupique","url":"https:\/\/tupique.com\/","logo":{"@type":"ImageObject","inLanguage":"pt-PT","@id":"https:\/\/tupique.com\/#\/schema\/logo\/image\/","url":"https:\/\/tupique.com\/wp-content\/uploads\/2026\/03\/logo-tupique-1.webp","contentUrl":"https:\/\/tupique.com\/wp-content\/uploads\/2026\/03\/logo-tupique-1.webp","width":500,"height":67,"caption":"Tupique"},"image":{"@id":"https:\/\/tupique.com\/#\/schema\/logo\/image\/"}}]}},"_links":{"self":[{"href":"https:\/\/tupique.com\/pt\/wp-json\/wp\/v2\/product\/224536","targetHints":{"allow":["GET"]}}],"collection":[{"href":"https:\/\/tupique.com\/pt\/wp-json\/wp\/v2\/product"}],"about":[{"href":"https:\/\/tupique.com\/pt\/wp-json\/wp\/v2\/types\/product"}],"replies":[{"embeddable":true,"href":"https:\/\/tupique.com\/pt\/wp-json\/wp\/v2\/comments?post=224536"}],"wp:featuredmedia":[{"embeddable":true,"href":"https:\/\/tupique.com\/pt\/wp-json\/wp\/v2\/media\/224535"}],"wp:attachment":[{"href":"https:\/\/tupique.com\/pt\/wp-json\/wp\/v2\/media?parent=224536"}],"wp:term":[{"taxonomy":"product_brand","embeddable":true,"href":"https:\/\/tupique.com\/pt\/wp-json\/wp\/v2\/product_brand?post=224536"},{"taxonomy":"product_cat","embeddable":true,"href":"https:\/\/tupique.com\/pt\/wp-json\/wp\/v2\/product_cat?post=224536"},{"taxonomy":"product_tag","embeddable":true,"href":"https:\/\/tupique.com\/pt\/wp-json\/wp\/v2\/product_tag?post=224536"},{"taxonomy":"woo-feed-brand","embeddable":true,"href":"https:\/\/tupique.com\/pt\/wp-json\/wp\/v2\/woo-feed-brand?post=224536"}],"curies":[{"name":"wp","href":"https:\/\/api.w.org\/{rel}","templated":true}]}}