{"id":224552,"date":"2026-05-15T18:45:26","date_gmt":"2026-05-15T16:45:26","guid":{"rendered":"https:\/\/tupique.com\/product\/powerbank-rivacase-va2071-noir-20000-mah\/"},"modified":"2026-05-15T22:51:22","modified_gmt":"2026-05-15T20:51:22","slug":"powerbank-rivacase-va2071-noir-20000-mah","status":"publish","type":"product","link":"https:\/\/tupique.com\/pt\/product\/powerbank-rivacase-va2071-noir-20000-mah\/","title":{"rendered":"Powerbank Rivacase VA2071 Noir 20000 mAh"},"content":{"rendered":"<p>Si vous \u00eates passionn\u00e9 d&#8217;<b>informatique et d&#8217;\u00e9lectronique<\/b>, si vous \u00eates \u00e0 la pointe de la technologie et qu&#8217;aucun d\u00e9tail ne vous \u00e9chappe, achetez <b>Powerbank Rivacase VA2071 Noir 20000 mAh<\/b> au meilleur prix.<\/p>\n<p>A <b>Rivacase VA2071<\/b> est une <b>batterie portable<\/b> ou <b>powerbank<\/b> con\u00e7ue pour offrir une source d\u2019\u00e9nergie fiable et compacte en toutes circonstances. Avec une <b>capacit\u00e9 de 20000 mAh<\/b> \u00e9quivalente \u00e0 <b>74 Wh<\/b>, elle permet de recharger plusieurs appareils mobiles, tels que smartphones, tablettes et autres dispositifs compatibles, garantissant une autonomie prolong\u00e9e sans prise \u00e9lectrique imm\u00e9diate. Son design en <b>noir<\/b> allie fonctionnalit\u00e9 et discr\u00e9tion, avec des dimensions de <b>140 x 67 x 28 mm<\/b> et un poids de <b>400 grammes<\/b>, facilitant son transport et usage quotidien. C\u00f4t\u00e9 connectivit\u00e9, elle dispose d\u2019entr\u00e9es <b>USB-C et micro USB<\/b> ainsi que de deux sorties <b>USB-A<\/b>, toutes avec un courant maximal de sortie de <b>2 A<\/b> et une puissance maximale de <b>10 W<\/b>. Cela permet la recharge simultan\u00e9e de plusieurs appareils avec des charges stables et s\u00e9curis\u00e9es. Un <b>indicateur LED<\/b> permet de conna\u00eetre l\u2019\u00e9tat de charge du powerbank \u00e0 tout moment. Parmi ses protections, elle int\u00e8gre des m\u00e9canismes contre la surcharge, la d\u00e9charge excessive et les courts-circuits, assurant la s\u00e9curit\u00e9 du dispositif et des appareils connect\u00e9s. Son fonctionnement est efficace gr\u00e2ce \u00e0 l\u2019allumage et l\u2019extinction automatiques, optimisant la consommation d\u2019\u00e9nergie. De plus, elle inclut une <b>prise europ\u00e9enne (EU)<\/b> pour une compatibilit\u00e9 accrue lors de voyages ou utilisations dans diff\u00e9rentes r\u00e9gions. En r\u00e9sum\u00e9, la <b>Rivacase VA2071<\/b> est une solution polyvalente et robuste pour les utilisateurs recherchant un chargeur portable \u00e0 haute capacit\u00e9, avec plusieurs options de connexion et protections int\u00e9gr\u00e9es, id\u00e9al pour garder leurs appareils mobiles actifs lors de d\u00e9placements ou en l\u2019absence de r\u00e9seau \u00e9lectrique.<\/p>\n<ul>\n<li>Produit \u00e0 brancher: Oui<\/li>\n<li>Type de prise: Prise EU<\/li>\n<li>Tipo:\n<ul>\n<li>Chargeur portable<\/li>\n<li>Batterie<\/li>\n<\/ul>\n<\/li>\n<li>Bloc d\u2019Alimentation:\n<ul>\n<li>r\u00e9seau \u00e9lectrique<\/li>\n<li>Batterie<\/li>\n<\/ul>\n<\/li>\n<li>Capacit\u00e9 de la batterie: 20000 mAh<\/li>\n<li>Couleur: Noir<\/li>\n<li>Connexions: USB-C<\/li>\n<li>Poids approx.: 400 g<\/li>\n<\/ul>","protected":false},"excerpt":{"rendered":"<p>Si vous \u00eates passionn\u00e9 d&#8217;informatique et d&#8217;\u00e9lectronique, si vous \u00eates \u00e0 la pointe de la technologie et qu&#8217;aucun d\u00e9tail ne vous \u00e9chappe, achetez Powerbank Rivacase VA2071 Noir 20000 mAh au meilleur prix. La Rivacase VA2071 est une batterie portable ou powerbank con\u00e7ue pour offrir une source d\u2019\u00e9nergie fiable et compacte en toutes circonstances. Avec une [&hellip;]<\/p>\n","protected":false},"featured_media":224548,"comment_status":"open","ping_status":"closed","template":"","meta":[],"product_brand":[3397],"product_cat":[1539,575,65],"product_tag":[210,566,164],"woo-feed-brand":[],"class_list":{"0":"post-224552","1":"product","2":"type-product","3":"status-publish","4":"has-post-thumbnail","6":"product_brand-brandp_5862","7":"product_cat-banque-d-alimentation","8":"product_cat-electronique-telephonie-et-tablettes","9":"product_cat-informatique-electronique","10":"product_tag-tag_25","11":"product_tag-tag_547","12":"product_tag-tag_152","14":"first","15":"instock","16":"taxable","17":"shipping-taxable","18":"purchasable","19":"product-type-simple"},"yoast_head":"<!-- This site is optimized with the Yoast SEO plugin v27.6 - https:\/\/yoast.com\/product\/yoast-seo-wordpress\/ -->\n<title>Powerbank Rivacase VA2071 Noir 20000 mAh | | Tupique<\/title>\n<meta name=\"description\" content=\"Envie d&#039;acheter Powerbank Rivacase VA2071 Noir 20000 mAh\u00a0? Achetez Powerbank Rivacase VA2071 Noir 20000 mAh maintenant avec Tupique en 3 versements sans int\u00e9r\u00eat.\" \/>\n<meta name=\"robots\" content=\"index, follow, max-snippet:-1, max-image-preview:large, max-video-preview:-1\" \/>\n<link rel=\"canonical\" href=\"https:\/\/tupique.com\/pt\/product\/powerbank-rivacase-va2071-noir-20000-mah\/\" \/>\n<meta property=\"og:locale\" content=\"pt_PT\" \/>\n<meta property=\"og:type\" content=\"article\" \/>\n<meta property=\"og:title\" content=\"Powerbank Rivacase VA2071 Noir 20000 mAh | | Tupique\" \/>\n<meta property=\"og:description\" content=\"Envie d&#039;acheter Powerbank Rivacase VA2071 Noir 20000 mAh\u00a0? Achetez Powerbank Rivacase VA2071 Noir 20000 mAh maintenant avec Tupique en 3 versements sans int\u00e9r\u00eat.\" \/>\n<meta property=\"og:url\" content=\"https:\/\/tupique.com\/pt\/product\/powerbank-rivacase-va2071-noir-20000-mah\/\" \/>\n<meta property=\"og:site_name\" content=\"Tupique\" \/>\n<meta property=\"article:modified_time\" content=\"2026-05-15T20:51:22+00:00\" \/>\n<meta property=\"og:image\" content=\"https:\/\/tupique.com\/wp-content\/uploads\/2026\/05\/4260709013565_S0240895_P00.jpg\" \/>\n\t<meta property=\"og:image:width\" content=\"1200\" \/>\n\t<meta property=\"og:image:height\" content=\"1200\" \/>\n\t<meta property=\"og:image:type\" content=\"image\/jpeg\" \/>\n<meta name=\"twitter:card\" content=\"summary_large_image\" \/>\n<meta name=\"twitter:label1\" content=\"Tempo estimado de leitura\" \/>\n\t<meta name=\"twitter:data1\" content=\"2 minutos\" \/>\n<script type=\"application\/ld+json\" class=\"yoast-schema-graph\">{\"@context\":\"https:\\\/\\\/schema.org\",\"@graph\":[{\"@type\":\"WebPage\",\"@id\":\"https:\\\/\\\/tupique.com\\\/product\\\/powerbank-rivacase-va2071-noir-20000-mah\\\/\",\"url\":\"https:\\\/\\\/tupique.com\\\/product\\\/powerbank-rivacase-va2071-noir-20000-mah\\\/\",\"name\":\"Powerbank Rivacase VA2071 Noir 20000 mAh | | Tupique\",\"isPartOf\":{\"@id\":\"https:\\\/\\\/tupique.com\\\/#website\"},\"primaryImageOfPage\":{\"@id\":\"https:\\\/\\\/tupique.com\\\/product\\\/powerbank-rivacase-va2071-noir-20000-mah\\\/#primaryimage\"},\"image\":{\"@id\":\"https:\\\/\\\/tupique.com\\\/product\\\/powerbank-rivacase-va2071-noir-20000-mah\\\/#primaryimage\"},\"thumbnailUrl\":\"https:\\\/\\\/tupique.com\\\/wp-content\\\/uploads\\\/2026\\\/05\\\/4260709013565_S0240895_P00.jpg\",\"datePublished\":\"2026-05-15T16:45:26+00:00\",\"dateModified\":\"2026-05-15T20:51:22+00:00\",\"description\":\"Envie d'acheter Powerbank Rivacase VA2071 Noir 20000 mAh\u00a0? Achetez Powerbank Rivacase VA2071 Noir 20000 mAh maintenant avec Tupique en 3 versements sans int\u00e9r\u00eat.\",\"breadcrumb\":{\"@id\":\"https:\\\/\\\/tupique.com\\\/product\\\/powerbank-rivacase-va2071-noir-20000-mah\\\/#breadcrumb\"},\"inLanguage\":\"pt-PT\",\"potentialAction\":[{\"@type\":\"ReadAction\",\"target\":[\"https:\\\/\\\/tupique.com\\\/product\\\/powerbank-rivacase-va2071-noir-20000-mah\\\/\"]}]},{\"@type\":\"ImageObject\",\"inLanguage\":\"pt-PT\",\"@id\":\"https:\\\/\\\/tupique.com\\\/product\\\/powerbank-rivacase-va2071-noir-20000-mah\\\/#primaryimage\",\"url\":\"https:\\\/\\\/tupique.com\\\/wp-content\\\/uploads\\\/2026\\\/05\\\/4260709013565_S0240895_P00.jpg\",\"contentUrl\":\"https:\\\/\\\/tupique.com\\\/wp-content\\\/uploads\\\/2026\\\/05\\\/4260709013565_S0240895_P00.jpg\",\"width\":1200,\"height\":1200,\"caption\":\"S0240895_0\"},{\"@type\":\"BreadcrumbList\",\"@id\":\"https:\\\/\\\/tupique.com\\\/product\\\/powerbank-rivacase-va2071-noir-20000-mah\\\/#breadcrumb\",\"itemListElement\":[{\"@type\":\"ListItem\",\"position\":1,\"name\":\"commencer\",\"item\":\"https:\\\/\\\/tupique.com\\\/\"},{\"@type\":\"ListItem\",\"position\":2,\"name\":\"Loja\",\"item\":\"https:\\\/\\\/tupique.com\\\/pt\\\/loja\\\/\"},{\"@type\":\"ListItem\",\"position\":3,\"name\":\"Powerbank Rivacase VA2071 Noir 20000 mAh\"}]},{\"@type\":\"WebSite\",\"@id\":\"https:\\\/\\\/tupique.com\\\/#website\",\"url\":\"https:\\\/\\\/tupique.com\\\/\",\"name\":\"Tupique\",\"description\":\"\",\"publisher\":{\"@id\":\"https:\\\/\\\/tupique.com\\\/#organization\"},\"potentialAction\":[{\"@type\":\"SearchAction\",\"target\":{\"@type\":\"EntryPoint\",\"urlTemplate\":\"https:\\\/\\\/tupique.com\\\/?s={search_term_string}\"},\"query-input\":{\"@type\":\"PropertyValueSpecification\",\"valueRequired\":true,\"valueName\":\"search_term_string\"}}],\"inLanguage\":\"pt-PT\"},{\"@type\":\"Organization\",\"@id\":\"https:\\\/\\\/tupique.com\\\/#organization\",\"name\":\"Tupique\",\"url\":\"https:\\\/\\\/tupique.com\\\/\",\"logo\":{\"@type\":\"ImageObject\",\"inLanguage\":\"pt-PT\",\"@id\":\"https:\\\/\\\/tupique.com\\\/#\\\/schema\\\/logo\\\/image\\\/\",\"url\":\"https:\\\/\\\/tupique.com\\\/wp-content\\\/uploads\\\/2026\\\/03\\\/logo-tupique-1.webp\",\"contentUrl\":\"https:\\\/\\\/tupique.com\\\/wp-content\\\/uploads\\\/2026\\\/03\\\/logo-tupique-1.webp\",\"width\":500,\"height\":67,\"caption\":\"Tupique\"},\"image\":{\"@id\":\"https:\\\/\\\/tupique.com\\\/#\\\/schema\\\/logo\\\/image\\\/\"}}]}<\/script>\n<!-- \/ Yoast SEO plugin. -->","yoast_head_json":{"title":"Powerbank Rivacase VA2071 Noir 20000 mAh | | Tupique","description":"Envie d'acheter Powerbank Rivacase VA2071 Noir 20000 mAh\u00a0? Achetez Powerbank Rivacase VA2071 Noir 20000 mAh maintenant avec Tupique en 3 versements sans int\u00e9r\u00eat.","robots":{"index":"index","follow":"follow","max-snippet":"max-snippet:-1","max-image-preview":"max-image-preview:large","max-video-preview":"max-video-preview:-1"},"canonical":"https:\/\/tupique.com\/pt\/product\/powerbank-rivacase-va2071-noir-20000-mah\/","og_locale":"pt_PT","og_type":"article","og_title":"Powerbank Rivacase VA2071 Noir 20000 mAh | | Tupique","og_description":"Envie d'acheter Powerbank Rivacase VA2071 Noir 20000 mAh\u00a0? Achetez Powerbank Rivacase VA2071 Noir 20000 mAh maintenant avec Tupique en 3 versements sans int\u00e9r\u00eat.","og_url":"https:\/\/tupique.com\/pt\/product\/powerbank-rivacase-va2071-noir-20000-mah\/","og_site_name":"Tupique","article_modified_time":"2026-05-15T20:51:22+00:00","og_image":[{"width":1200,"height":1200,"url":"https:\/\/tupique.com\/wp-content\/uploads\/2026\/05\/4260709013565_S0240895_P00.jpg","type":"image\/jpeg"}],"twitter_card":"summary_large_image","twitter_misc":{"Tempo estimado de leitura":"2 minutos"},"schema":{"@context":"https:\/\/schema.org","@graph":[{"@type":"WebPage","@id":"https:\/\/tupique.com\/product\/powerbank-rivacase-va2071-noir-20000-mah\/","url":"https:\/\/tupique.com\/product\/powerbank-rivacase-va2071-noir-20000-mah\/","name":"Powerbank Rivacase VA2071 Noir 20000 mAh | | Tupique","isPartOf":{"@id":"https:\/\/tupique.com\/#website"},"primaryImageOfPage":{"@id":"https:\/\/tupique.com\/product\/powerbank-rivacase-va2071-noir-20000-mah\/#primaryimage"},"image":{"@id":"https:\/\/tupique.com\/product\/powerbank-rivacase-va2071-noir-20000-mah\/#primaryimage"},"thumbnailUrl":"https:\/\/tupique.com\/wp-content\/uploads\/2026\/05\/4260709013565_S0240895_P00.jpg","datePublished":"2026-05-15T16:45:26+00:00","dateModified":"2026-05-15T20:51:22+00:00","description":"Envie d'acheter Powerbank Rivacase VA2071 Noir 20000 mAh\u00a0? Achetez Powerbank Rivacase VA2071 Noir 20000 mAh maintenant avec Tupique en 3 versements sans int\u00e9r\u00eat.","breadcrumb":{"@id":"https:\/\/tupique.com\/product\/powerbank-rivacase-va2071-noir-20000-mah\/#breadcrumb"},"inLanguage":"pt-PT","potentialAction":[{"@type":"ReadAction","target":["https:\/\/tupique.com\/product\/powerbank-rivacase-va2071-noir-20000-mah\/"]}]},{"@type":"ImageObject","inLanguage":"pt-PT","@id":"https:\/\/tupique.com\/product\/powerbank-rivacase-va2071-noir-20000-mah\/#primaryimage","url":"https:\/\/tupique.com\/wp-content\/uploads\/2026\/05\/4260709013565_S0240895_P00.jpg","contentUrl":"https:\/\/tupique.com\/wp-content\/uploads\/2026\/05\/4260709013565_S0240895_P00.jpg","width":1200,"height":1200,"caption":"S0240895_0"},{"@type":"BreadcrumbList","@id":"https:\/\/tupique.com\/product\/powerbank-rivacase-va2071-noir-20000-mah\/#breadcrumb","itemListElement":[{"@type":"ListItem","position":1,"name":"commencer","item":"https:\/\/tupique.com\/"},{"@type":"ListItem","position":2,"name":"Loja","item":"https:\/\/tupique.com\/pt\/loja\/"},{"@type":"ListItem","position":3,"name":"Powerbank Rivacase VA2071 Noir 20000 mAh"}]},{"@type":"WebSite","@id":"https:\/\/tupique.com\/#website","url":"https:\/\/tupique.com\/","name":"Tupique","description":"","publisher":{"@id":"https:\/\/tupique.com\/#organization"},"potentialAction":[{"@type":"SearchAction","target":{"@type":"EntryPoint","urlTemplate":"https:\/\/tupique.com\/?s={search_term_string}"},"query-input":{"@type":"PropertyValueSpecification","valueRequired":true,"valueName":"search_term_string"}}],"inLanguage":"pt-PT"},{"@type":"Organization","@id":"https:\/\/tupique.com\/#organization","name":"Tupique","url":"https:\/\/tupique.com\/","logo":{"@type":"ImageObject","inLanguage":"pt-PT","@id":"https:\/\/tupique.com\/#\/schema\/logo\/image\/","url":"https:\/\/tupique.com\/wp-content\/uploads\/2026\/03\/logo-tupique-1.webp","contentUrl":"https:\/\/tupique.com\/wp-content\/uploads\/2026\/03\/logo-tupique-1.webp","width":500,"height":67,"caption":"Tupique"},"image":{"@id":"https:\/\/tupique.com\/#\/schema\/logo\/image\/"}}]}},"_links":{"self":[{"href":"https:\/\/tupique.com\/pt\/wp-json\/wp\/v2\/product\/224552","targetHints":{"allow":["GET"]}}],"collection":[{"href":"https:\/\/tupique.com\/pt\/wp-json\/wp\/v2\/product"}],"about":[{"href":"https:\/\/tupique.com\/pt\/wp-json\/wp\/v2\/types\/product"}],"replies":[{"embeddable":true,"href":"https:\/\/tupique.com\/pt\/wp-json\/wp\/v2\/comments?post=224552"}],"wp:featuredmedia":[{"embeddable":true,"href":"https:\/\/tupique.com\/pt\/wp-json\/wp\/v2\/media\/224548"}],"wp:attachment":[{"href":"https:\/\/tupique.com\/pt\/wp-json\/wp\/v2\/media?parent=224552"}],"wp:term":[{"taxonomy":"product_brand","embeddable":true,"href":"https:\/\/tupique.com\/pt\/wp-json\/wp\/v2\/product_brand?post=224552"},{"taxonomy":"product_cat","embeddable":true,"href":"https:\/\/tupique.com\/pt\/wp-json\/wp\/v2\/product_cat?post=224552"},{"taxonomy":"product_tag","embeddable":true,"href":"https:\/\/tupique.com\/pt\/wp-json\/wp\/v2\/product_tag?post=224552"},{"taxonomy":"woo-feed-brand","embeddable":true,"href":"https:\/\/tupique.com\/pt\/wp-json\/wp\/v2\/woo-feed-brand?post=224552"}],"curies":[{"name":"wp","href":"https:\/\/api.w.org\/{rel}","templated":true}]}}