{"id":224635,"date":"2026-05-15T19:18:15","date_gmt":"2026-05-15T17:18:15","guid":{"rendered":"https:\/\/tupique.com\/product\/batteries-duracell-lr14-k2-15-v-lr14-1-unite\/"},"modified":"2026-05-15T19:18:15","modified_gmt":"2026-05-15T17:18:15","slug":"batteries-duracell-lr14-k2-15-v-lr14-1-unite","status":"publish","type":"product","link":"https:\/\/tupique.com\/pt\/product\/batteries-duracell-lr14-k2-15-v-lr14-1-unite\/","title":{"rendered":"Batteries DURACELL LR14 K2 1,5 V LR14 (1 Unit\u00e9)"},"content":{"rendered":"<p>Si vous \u00eates passionn\u00e9 d&#8217;<b>informatique et d&#8217;\u00e9lectronique<\/b>, si vous \u00eates \u00e0 la pointe de la technologie et qu&#8217;aucun d\u00e9tail ne vous \u00e9chappe, achetez <b>Batteries DURACELL LR14 K2 1,5 V LR14 (1 Unit\u00e9)<\/b> au meilleur prix.<\/p>\n<p>Le pack de <b>piles<\/b> <b>DURACELL LR14 K2<\/b> offre une solution d\u2019\u00e9nergie fiable et durable pour les appareils n\u00e9cessitant une performance constante. Ces <b>piles alcalines type C<\/b> (LR14) fournissent une tension de <b>1,5 V<\/b>, garantissant une alimentation stable et continue, id\u00e9ale pour les appareils \u00e9lectroniques grand public tels que radios, jouets, lampes de poche ou dispositifs m\u00e9dicaux portables. Fabriqu\u00e9es avec les technologies de haute qualit\u00e9 propres \u00e0 Duracell, une marque reconnue pour sa longue tradition dans le d\u00e9veloppement de sources d\u2019\u00e9nergie, ces piles se distinguent par leur r\u00e9sistance \u00e0 la corrosion et leur capacit\u00e9 \u00e0 conserver la charge pendant de longues p\u00e9riodes sans perte d\u2019efficacit\u00e9. Leur taille standard <b>C<\/b> les rend compatibles avec une large gamme d\u2019appareils, facilitant un remplacement simple et s\u00fbr. Le blister contient deux unit\u00e9s, assurant un remplacement rapide lorsqu\u2019une pile est d\u00e9charg\u00e9e, maintenant ainsi la fonctionnalit\u00e9 des \u00e9quipements sans interruption. Gr\u00e2ce \u00e0 leur construction alcaline, ces piles LR14 garantissent une autonomie sup\u00e9rieure \u00e0 celle des autres types de piles classiques, notamment dans les appareils \u00e0 consommation moyenne \u00e0 \u00e9lev\u00e9e. Leur design multicolore permet une identification facile par l\u2019utilisateur. En r\u00e9sum\u00e9, le pack de <b>piles DURACELL alcalines LR14 K2<\/b> constitue une option standard et efficace pour les besoins quotidiens en \u00e9nergie portable, alliant dur\u00e9e, performance et fiabilit\u00e9 dans tout environnement domestique ou professionnel.<\/p>\n<ul>\n<li>Tipo:\n<ul>\n<li>Batteries<\/li>\n<li>Pile Alcaline<\/li>\n<\/ul>\n<\/li>\n<li>Nombre de batteries: 2<\/li>\n<li>Type de batterie:\n<ul>\n<li>C<\/li>\n<li>LR14<\/li>\n<\/ul>\n<\/li>\n<li>Tension: 1,5 V<\/li>\n<li>Unit\u00e9s: 1 Unit\u00e9<\/li>\n<\/ul>","protected":false},"excerpt":{"rendered":"<p><span class=\"unit-info\">15.9900 &euro; \/ 1 unit<\/span><\/p>","protected":false},"featured_media":224634,"comment_status":"open","ping_status":"closed","template":"","meta":[],"product_brand":[2674],"product_cat":[3248,65,3249],"product_tag":[210,106],"woo-feed-brand":[],"class_list":{"0":"post-224635","1":"product","2":"type-product","3":"status-publish","4":"has-post-thumbnail","6":"product_brand-brandp_621","7":"product_cat-electronique-piles-et-batteries","8":"product_cat-informatique-electronique","9":"product_cat-piles-alcalines","10":"product_tag-tag_25","11":"product_tag-tag_1295","13":"first","14":"instock","15":"taxable","16":"shipping-taxable","17":"purchasable","18":"product-type-simple"},"yoast_head":"<!-- This site is optimized with the Yoast SEO plugin v27.6 - https:\/\/yoast.com\/product\/yoast-seo-wordpress\/ -->\n<title>Batteries DURACELL LR14 K2 1,5 V LR14 (1 Unit\u00e9) | | Tupique<\/title>\n<meta name=\"description\" content=\"Envie d&#039;acheter Batteries DURACELL LR14 K2 1,5 V LR14 (1 Unit\u00e9)\u00a0? Achetez Batteries DURACELL LR14 K2 1,5 V LR14 (1 Unit\u00e9) maintenant avec Tupique en 3 versements sans int\u00e9r\u00eat.\" \/>\n<meta name=\"robots\" content=\"index, follow, max-snippet:-1, max-image-preview:large, max-video-preview:-1\" \/>\n<link rel=\"canonical\" href=\"https:\/\/tupique.com\/pt\/product\/batteries-duracell-lr14-k2-15-v-lr14-1-unite\/\" \/>\n<meta property=\"og:locale\" content=\"pt_PT\" \/>\n<meta property=\"og:type\" content=\"article\" \/>\n<meta property=\"og:title\" content=\"Batteries DURACELL LR14 K2 1,5 V LR14 (1 Unit\u00e9) | | Tupique\" \/>\n<meta property=\"og:description\" content=\"Envie d&#039;acheter Batteries DURACELL LR14 K2 1,5 V LR14 (1 Unit\u00e9)\u00a0? Achetez Batteries DURACELL LR14 K2 1,5 V LR14 (1 Unit\u00e9) maintenant avec Tupique en 3 versements sans int\u00e9r\u00eat.\" \/>\n<meta property=\"og:url\" content=\"https:\/\/tupique.com\/pt\/product\/batteries-duracell-lr14-k2-15-v-lr14-1-unite\/\" \/>\n<meta property=\"og:site_name\" content=\"Tupique\" \/>\n<meta name=\"twitter:card\" content=\"summary_large_image\" \/>\n<meta name=\"twitter:label1\" content=\"Tempo estimado de leitura\" \/>\n\t<meta name=\"twitter:data1\" content=\"1 minuto\" \/>\n<script type=\"application\/ld+json\" class=\"yoast-schema-graph\">{\"@context\":\"https:\\\/\\\/schema.org\",\"@graph\":[{\"@type\":\"WebPage\",\"@id\":\"https:\\\/\\\/tupique.com\\\/product\\\/batteries-duracell-lr14-k2-15-v-lr14-1-unite\\\/\",\"url\":\"https:\\\/\\\/tupique.com\\\/product\\\/batteries-duracell-lr14-k2-15-v-lr14-1-unite\\\/\",\"name\":\"Batteries DURACELL LR14 K2 1,5 V LR14 (1 Unit\u00e9) | | Tupique\",\"isPartOf\":{\"@id\":\"https:\\\/\\\/tupique.com\\\/#website\"},\"primaryImageOfPage\":{\"@id\":\"https:\\\/\\\/tupique.com\\\/product\\\/batteries-duracell-lr14-k2-15-v-lr14-1-unite\\\/#primaryimage\"},\"image\":{\"@id\":\"https:\\\/\\\/tupique.com\\\/product\\\/batteries-duracell-lr14-k2-15-v-lr14-1-unite\\\/#primaryimage\"},\"thumbnailUrl\":\"https:\\\/\\\/tupique.com\\\/wp-content\\\/uploads\\\/2026\\\/05\\\/5000394141834_S0458827_P00.jpg\",\"datePublished\":\"2026-05-15T17:18:15+00:00\",\"description\":\"Envie d'acheter Batteries DURACELL LR14 K2 1,5 V LR14 (1 Unit\u00e9)\u00a0? Achetez Batteries DURACELL LR14 K2 1,5 V LR14 (1 Unit\u00e9) maintenant avec Tupique en 3 versements sans int\u00e9r\u00eat.\",\"breadcrumb\":{\"@id\":\"https:\\\/\\\/tupique.com\\\/product\\\/batteries-duracell-lr14-k2-15-v-lr14-1-unite\\\/#breadcrumb\"},\"inLanguage\":\"pt-PT\",\"potentialAction\":[{\"@type\":\"ReadAction\",\"target\":[\"https:\\\/\\\/tupique.com\\\/product\\\/batteries-duracell-lr14-k2-15-v-lr14-1-unite\\\/\"]}]},{\"@type\":\"ImageObject\",\"inLanguage\":\"pt-PT\",\"@id\":\"https:\\\/\\\/tupique.com\\\/product\\\/batteries-duracell-lr14-k2-15-v-lr14-1-unite\\\/#primaryimage\",\"url\":\"https:\\\/\\\/tupique.com\\\/wp-content\\\/uploads\\\/2026\\\/05\\\/5000394141834_S0458827_P00.jpg\",\"contentUrl\":\"https:\\\/\\\/tupique.com\\\/wp-content\\\/uploads\\\/2026\\\/05\\\/5000394141834_S0458827_P00.jpg\",\"width\":1200,\"height\":1200,\"caption\":\"S0458827_0\"},{\"@type\":\"BreadcrumbList\",\"@id\":\"https:\\\/\\\/tupique.com\\\/product\\\/batteries-duracell-lr14-k2-15-v-lr14-1-unite\\\/#breadcrumb\",\"itemListElement\":[{\"@type\":\"ListItem\",\"position\":1,\"name\":\"commencer\",\"item\":\"https:\\\/\\\/tupique.com\\\/\"},{\"@type\":\"ListItem\",\"position\":2,\"name\":\"Loja\",\"item\":\"https:\\\/\\\/tupique.com\\\/pt\\\/loja\\\/\"},{\"@type\":\"ListItem\",\"position\":3,\"name\":\"Batteries DURACELL LR14 K2 1,5 V LR14 (1 Unit\u00e9)\"}]},{\"@type\":\"WebSite\",\"@id\":\"https:\\\/\\\/tupique.com\\\/#website\",\"url\":\"https:\\\/\\\/tupique.com\\\/\",\"name\":\"Tupique\",\"description\":\"\",\"publisher\":{\"@id\":\"https:\\\/\\\/tupique.com\\\/#organization\"},\"potentialAction\":[{\"@type\":\"SearchAction\",\"target\":{\"@type\":\"EntryPoint\",\"urlTemplate\":\"https:\\\/\\\/tupique.com\\\/?s={search_term_string}\"},\"query-input\":{\"@type\":\"PropertyValueSpecification\",\"valueRequired\":true,\"valueName\":\"search_term_string\"}}],\"inLanguage\":\"pt-PT\"},{\"@type\":\"Organization\",\"@id\":\"https:\\\/\\\/tupique.com\\\/#organization\",\"name\":\"Tupique\",\"url\":\"https:\\\/\\\/tupique.com\\\/\",\"logo\":{\"@type\":\"ImageObject\",\"inLanguage\":\"pt-PT\",\"@id\":\"https:\\\/\\\/tupique.com\\\/#\\\/schema\\\/logo\\\/image\\\/\",\"url\":\"https:\\\/\\\/tupique.com\\\/wp-content\\\/uploads\\\/2026\\\/03\\\/logo-tupique-1.webp\",\"contentUrl\":\"https:\\\/\\\/tupique.com\\\/wp-content\\\/uploads\\\/2026\\\/03\\\/logo-tupique-1.webp\",\"width\":500,\"height\":67,\"caption\":\"Tupique\"},\"image\":{\"@id\":\"https:\\\/\\\/tupique.com\\\/#\\\/schema\\\/logo\\\/image\\\/\"}}]}<\/script>\n<!-- \/ Yoast SEO plugin. -->","yoast_head_json":{"title":"Batteries DURACELL LR14 K2 1,5 V LR14 (1 Unit\u00e9) | | Tupique","description":"Envie d'acheter Batteries DURACELL LR14 K2 1,5 V LR14 (1 Unit\u00e9)\u00a0? Achetez Batteries DURACELL LR14 K2 1,5 V LR14 (1 Unit\u00e9) maintenant avec Tupique en 3 versements sans int\u00e9r\u00eat.","robots":{"index":"index","follow":"follow","max-snippet":"max-snippet:-1","max-image-preview":"max-image-preview:large","max-video-preview":"max-video-preview:-1"},"canonical":"https:\/\/tupique.com\/pt\/product\/batteries-duracell-lr14-k2-15-v-lr14-1-unite\/","og_locale":"pt_PT","og_type":"article","og_title":"Batteries DURACELL LR14 K2 1,5 V LR14 (1 Unit\u00e9) | | Tupique","og_description":"Envie d'acheter Batteries DURACELL LR14 K2 1,5 V LR14 (1 Unit\u00e9)\u00a0? Achetez Batteries DURACELL LR14 K2 1,5 V LR14 (1 Unit\u00e9) maintenant avec Tupique en 3 versements sans int\u00e9r\u00eat.","og_url":"https:\/\/tupique.com\/pt\/product\/batteries-duracell-lr14-k2-15-v-lr14-1-unite\/","og_site_name":"Tupique","twitter_card":"summary_large_image","twitter_misc":{"Tempo estimado de leitura":"1 minuto"},"schema":{"@context":"https:\/\/schema.org","@graph":[{"@type":"WebPage","@id":"https:\/\/tupique.com\/product\/batteries-duracell-lr14-k2-15-v-lr14-1-unite\/","url":"https:\/\/tupique.com\/product\/batteries-duracell-lr14-k2-15-v-lr14-1-unite\/","name":"Batteries DURACELL LR14 K2 1,5 V LR14 (1 Unit\u00e9) | | Tupique","isPartOf":{"@id":"https:\/\/tupique.com\/#website"},"primaryImageOfPage":{"@id":"https:\/\/tupique.com\/product\/batteries-duracell-lr14-k2-15-v-lr14-1-unite\/#primaryimage"},"image":{"@id":"https:\/\/tupique.com\/product\/batteries-duracell-lr14-k2-15-v-lr14-1-unite\/#primaryimage"},"thumbnailUrl":"https:\/\/tupique.com\/wp-content\/uploads\/2026\/05\/5000394141834_S0458827_P00.jpg","datePublished":"2026-05-15T17:18:15+00:00","description":"Envie d'acheter Batteries DURACELL LR14 K2 1,5 V LR14 (1 Unit\u00e9)\u00a0? Achetez Batteries DURACELL LR14 K2 1,5 V LR14 (1 Unit\u00e9) maintenant avec Tupique en 3 versements sans int\u00e9r\u00eat.","breadcrumb":{"@id":"https:\/\/tupique.com\/product\/batteries-duracell-lr14-k2-15-v-lr14-1-unite\/#breadcrumb"},"inLanguage":"pt-PT","potentialAction":[{"@type":"ReadAction","target":["https:\/\/tupique.com\/product\/batteries-duracell-lr14-k2-15-v-lr14-1-unite\/"]}]},{"@type":"ImageObject","inLanguage":"pt-PT","@id":"https:\/\/tupique.com\/product\/batteries-duracell-lr14-k2-15-v-lr14-1-unite\/#primaryimage","url":"https:\/\/tupique.com\/wp-content\/uploads\/2026\/05\/5000394141834_S0458827_P00.jpg","contentUrl":"https:\/\/tupique.com\/wp-content\/uploads\/2026\/05\/5000394141834_S0458827_P00.jpg","width":1200,"height":1200,"caption":"S0458827_0"},{"@type":"BreadcrumbList","@id":"https:\/\/tupique.com\/product\/batteries-duracell-lr14-k2-15-v-lr14-1-unite\/#breadcrumb","itemListElement":[{"@type":"ListItem","position":1,"name":"commencer","item":"https:\/\/tupique.com\/"},{"@type":"ListItem","position":2,"name":"Loja","item":"https:\/\/tupique.com\/pt\/loja\/"},{"@type":"ListItem","position":3,"name":"Batteries DURACELL LR14 K2 1,5 V LR14 (1 Unit\u00e9)"}]},{"@type":"WebSite","@id":"https:\/\/tupique.com\/#website","url":"https:\/\/tupique.com\/","name":"Tupique","description":"","publisher":{"@id":"https:\/\/tupique.com\/#organization"},"potentialAction":[{"@type":"SearchAction","target":{"@type":"EntryPoint","urlTemplate":"https:\/\/tupique.com\/?s={search_term_string}"},"query-input":{"@type":"PropertyValueSpecification","valueRequired":true,"valueName":"search_term_string"}}],"inLanguage":"pt-PT"},{"@type":"Organization","@id":"https:\/\/tupique.com\/#organization","name":"Tupique","url":"https:\/\/tupique.com\/","logo":{"@type":"ImageObject","inLanguage":"pt-PT","@id":"https:\/\/tupique.com\/#\/schema\/logo\/image\/","url":"https:\/\/tupique.com\/wp-content\/uploads\/2026\/03\/logo-tupique-1.webp","contentUrl":"https:\/\/tupique.com\/wp-content\/uploads\/2026\/03\/logo-tupique-1.webp","width":500,"height":67,"caption":"Tupique"},"image":{"@id":"https:\/\/tupique.com\/#\/schema\/logo\/image\/"}}]}},"_links":{"self":[{"href":"https:\/\/tupique.com\/pt\/wp-json\/wp\/v2\/product\/224635","targetHints":{"allow":["GET"]}}],"collection":[{"href":"https:\/\/tupique.com\/pt\/wp-json\/wp\/v2\/product"}],"about":[{"href":"https:\/\/tupique.com\/pt\/wp-json\/wp\/v2\/types\/product"}],"replies":[{"embeddable":true,"href":"https:\/\/tupique.com\/pt\/wp-json\/wp\/v2\/comments?post=224635"}],"wp:featuredmedia":[{"embeddable":true,"href":"https:\/\/tupique.com\/pt\/wp-json\/wp\/v2\/media\/224634"}],"wp:attachment":[{"href":"https:\/\/tupique.com\/pt\/wp-json\/wp\/v2\/media?parent=224635"}],"wp:term":[{"taxonomy":"product_brand","embeddable":true,"href":"https:\/\/tupique.com\/pt\/wp-json\/wp\/v2\/product_brand?post=224635"},{"taxonomy":"product_cat","embeddable":true,"href":"https:\/\/tupique.com\/pt\/wp-json\/wp\/v2\/product_cat?post=224635"},{"taxonomy":"product_tag","embeddable":true,"href":"https:\/\/tupique.com\/pt\/wp-json\/wp\/v2\/product_tag?post=224635"},{"taxonomy":"woo-feed-brand","embeddable":true,"href":"https:\/\/tupique.com\/pt\/wp-json\/wp\/v2\/woo-feed-brand?post=224635"}],"curies":[{"name":"wp","href":"https:\/\/api.w.org\/{rel}","templated":true}]}}