{"id":224674,"date":"2026-05-15T19:21:16","date_gmt":"2026-05-15T17:21:16","guid":{"rendered":"https:\/\/tupique.com\/product\/adaptateur-usb-vers-usb-c-vention-cdqh0\/"},"modified":"2026-05-15T19:21:16","modified_gmt":"2026-05-15T17:21:16","slug":"adaptateur-usb-vers-usb-c-vention-cdqh0","status":"publish","type":"product","link":"https:\/\/tupique.com\/pt\/product\/adaptateur-usb-vers-usb-c-vention-cdqh0\/","title":{"rendered":"Adaptateur USB vers USB-C Vention CDQH0"},"content":{"rendered":"<p>Si vous \u00eates passionn\u00e9 d&#8217;<b>informatique et d&#8217;\u00e9lectronique<\/b>, si vous \u00eates \u00e0 la pointe de la technologie et qu&#8217;aucun d\u00e9tail ne vous \u00e9chappe, achetez <b>Adaptateur USB vers USB-C Vention CDQH0<\/b> au meilleur prix.<\/p>\n<p>L\u2019<b>adaptateur USB vers USB-C Vention mod\u00e8le CDQH0<\/b> est un accessoire polyvalent con\u00e7u pour connecter des appareils et p\u00e9riph\u00e9riques avec port USB Type-A standard, tels que cl\u00e9s USB, claviers ou souris, \u00e0 des \u00e9quipements modernes dot\u00e9s d\u2019une connexion USB Type-C. Il facilite le transfert de donn\u00e9es \u00e0 haute vitesse gr\u00e2ce \u00e0 sa prise en charge de la norme <b>USB 3.2<\/b>, offrant un d\u00e9bit th\u00e9orique allant jusqu\u2019\u00e0 <b>5 Gbps<\/b>. Cet adaptateur pr\u00e9sente un design compact et robuste en <b>alliage d\u2019aluminium finition mate grise<\/b>, favorisant une bonne dissipation thermique, durable et r\u00e9sistant \u00e0 un usage quotidien. Il dispose d\u2019un connecteur <b>USB-C m\u00e2le<\/b> et d\u2019un port <b>USB-A femelle<\/b>, tous deux avec contacts plaqu\u00e9s nickel garantissant une connexion stable et durable. Il est con\u00e7u pour faciliter la connectivit\u00e9 entre \u00e9quipements modernes comme MacBook Pro, MacBook Air, Chromebook ou autres portables USB Type-C, tout en restant compatible avec les appareils USB classiques. De plus, il supporte une charge jusqu\u2019\u00e0 <b>3A<\/b>, r\u00e9solvant les probl\u00e8mes d\u2019incompatibilit\u00e9 courants et permettant la charge partout et \u00e0 tout moment. Cet adaptateur am\u00e9liore l\u2019efficacit\u00e9 en mobilit\u00e9 en permettant de connecter souris, clavier ou manettes \u00e0 smartphones et tablettes, et est id\u00e9al pour acc\u00e9der \u00e0 des disques durs externes ou cl\u00e9s USB, \u00e9changeant des fichiers volumineux, comme un fichier de 1 Go en seulement 3 secondes. Pour garantir une transmission stable et sans interf\u00e9rences, son design int\u00e8gre des composants \u00e9lectroniques soigneusement s\u00e9lectionn\u00e9s, tels que des condensateurs de 10nF et des r\u00e9sistances de 5,1k\u03a9. Il prend \u00e9galement en charge les fonctions OTG sur appareils compatibles, \u00e9largissant ses usages pour connecter directement des p\u00e9riph\u00e9riques \u00e0 smartphones ou tablettes. En r\u00e9sum\u00e9, cet adaptateur USB 3.0 vers Type-C allie un design soign\u00e9 \u00e0 une fonctionnalit\u00e9 avanc\u00e9e pour offrir une solution pratique, solide et efficace dans les environnements professionnels ou de loisirs num\u00e9riques n\u00e9cessitant de connecter des appareils USB classiques aux nouvelles interfaces USB-C.<\/p>\n<ul>\n<li>Tipo:\n<ul>\n<li>Prise Femelle<\/li>\n<li>Prise M\u00e2le<\/li>\n<\/ul>\n<\/li>\n<li>Couleur: Gris<\/li>\n<li>Connexions:\n<ul>\n<li>USB-A<\/li>\n<li>USB 3.2<\/li>\n<li>USB-C<\/li>\n<\/ul>\n<\/li>\n<li>vitesse: 5 Gbit\/s<\/li>\n<li>Mati\u00e8re: Aluminium<\/li>\n<li>Tension: 5 V<\/li>\n<li>Caract\u00e9ristiques: Plug and play<\/li>\n<li>Amp\u00e9rage: 3 A<\/li>\n<\/ul>","protected":false},"excerpt":{"rendered":"<p>Si vous \u00eates passionn\u00e9 d&#8217;informatique et d&#8217;\u00e9lectronique, si vous \u00eates \u00e0 la pointe de la technologie et qu&#8217;aucun d\u00e9tail ne vous \u00e9chappe, achetez Adaptateur USB vers USB-C Vention CDQH0 au meilleur prix. L\u2019adaptateur USB vers USB-C Vention mod\u00e8le CDQH0 est un accessoire polyvalent con\u00e7u pour connecter des appareils et p\u00e9riph\u00e9riques avec port USB Type-A standard, [&hellip;]<\/p>\n","protected":false},"featured_media":224670,"comment_status":"open","ping_status":"closed","template":"","meta":[],"product_brand":[2973],"product_cat":[3306,598,65],"product_tag":[210,106],"woo-feed-brand":[],"class_list":{"0":"post-224674","1":"product","2":"type-product","3":"status-publish","4":"has-post-thumbnail","6":"product_brand-brandp_8465","7":"product_cat-cables-usb","8":"product_cat-informatique-cables-et-adaptateurs","9":"product_cat-informatique-electronique","10":"product_tag-tag_25","11":"product_tag-tag_1295","13":"first","14":"instock","15":"taxable","16":"shipping-taxable","17":"purchasable","18":"product-type-simple"},"yoast_head":"<!-- This site is optimized with the Yoast SEO plugin v27.6 - https:\/\/yoast.com\/product\/yoast-seo-wordpress\/ -->\n<title>Adaptateur USB vers USB-C Vention CDQH0 | | Tupique<\/title>\n<meta name=\"description\" content=\"Envie d&#039;acheter Adaptateur USB vers USB-C Vention CDQH0\u00a0? Achetez Adaptateur USB vers USB-C Vention CDQH0 maintenant avec Tupique en 3 versements sans int\u00e9r\u00eat.\" \/>\n<meta name=\"robots\" content=\"index, follow, max-snippet:-1, max-image-preview:large, max-video-preview:-1\" \/>\n<link rel=\"canonical\" href=\"https:\/\/tupique.com\/pt\/product\/adaptateur-usb-vers-usb-c-vention-cdqh0\/\" \/>\n<meta property=\"og:locale\" content=\"pt_PT\" \/>\n<meta property=\"og:type\" content=\"article\" \/>\n<meta property=\"og:title\" content=\"Adaptateur USB vers USB-C Vention CDQH0 | | Tupique\" \/>\n<meta property=\"og:description\" content=\"Envie d&#039;acheter Adaptateur USB vers USB-C Vention CDQH0\u00a0? Achetez Adaptateur USB vers USB-C Vention CDQH0 maintenant avec Tupique en 3 versements sans int\u00e9r\u00eat.\" \/>\n<meta property=\"og:url\" content=\"https:\/\/tupique.com\/pt\/product\/adaptateur-usb-vers-usb-c-vention-cdqh0\/\" \/>\n<meta property=\"og:site_name\" content=\"Tupique\" \/>\n<meta name=\"twitter:card\" content=\"summary_large_image\" \/>\n<meta name=\"twitter:label1\" content=\"Tempo estimado de leitura\" \/>\n\t<meta name=\"twitter:data1\" content=\"2 minutos\" \/>\n<script type=\"application\/ld+json\" class=\"yoast-schema-graph\">{\"@context\":\"https:\\\/\\\/schema.org\",\"@graph\":[{\"@type\":\"WebPage\",\"@id\":\"https:\\\/\\\/tupique.com\\\/product\\\/adaptateur-usb-vers-usb-c-vention-cdqh0\\\/\",\"url\":\"https:\\\/\\\/tupique.com\\\/product\\\/adaptateur-usb-vers-usb-c-vention-cdqh0\\\/\",\"name\":\"Adaptateur USB vers USB-C Vention CDQH0 | | Tupique\",\"isPartOf\":{\"@id\":\"https:\\\/\\\/tupique.com\\\/#website\"},\"primaryImageOfPage\":{\"@id\":\"https:\\\/\\\/tupique.com\\\/product\\\/adaptateur-usb-vers-usb-c-vention-cdqh0\\\/#primaryimage\"},\"image\":{\"@id\":\"https:\\\/\\\/tupique.com\\\/product\\\/adaptateur-usb-vers-usb-c-vention-cdqh0\\\/#primaryimage\"},\"thumbnailUrl\":\"https:\\\/\\\/tupique.com\\\/wp-content\\\/uploads\\\/2026\\\/05\\\/801721820.jpg\",\"datePublished\":\"2026-05-15T17:21:16+00:00\",\"description\":\"Envie d'acheter Adaptateur USB vers USB-C Vention CDQH0\u00a0? Achetez Adaptateur USB vers USB-C Vention CDQH0 maintenant avec Tupique en 3 versements sans int\u00e9r\u00eat.\",\"breadcrumb\":{\"@id\":\"https:\\\/\\\/tupique.com\\\/product\\\/adaptateur-usb-vers-usb-c-vention-cdqh0\\\/#breadcrumb\"},\"inLanguage\":\"pt-PT\",\"potentialAction\":[{\"@type\":\"ReadAction\",\"target\":[\"https:\\\/\\\/tupique.com\\\/product\\\/adaptateur-usb-vers-usb-c-vention-cdqh0\\\/\"]}]},{\"@type\":\"ImageObject\",\"inLanguage\":\"pt-PT\",\"@id\":\"https:\\\/\\\/tupique.com\\\/product\\\/adaptateur-usb-vers-usb-c-vention-cdqh0\\\/#primaryimage\",\"url\":\"https:\\\/\\\/tupique.com\\\/wp-content\\\/uploads\\\/2026\\\/05\\\/801721820.jpg\",\"contentUrl\":\"https:\\\/\\\/tupique.com\\\/wp-content\\\/uploads\\\/2026\\\/05\\\/801721820.jpg\",\"width\":1200,\"height\":1200,\"caption\":\"S55291415_0\"},{\"@type\":\"BreadcrumbList\",\"@id\":\"https:\\\/\\\/tupique.com\\\/product\\\/adaptateur-usb-vers-usb-c-vention-cdqh0\\\/#breadcrumb\",\"itemListElement\":[{\"@type\":\"ListItem\",\"position\":1,\"name\":\"commencer\",\"item\":\"https:\\\/\\\/tupique.com\\\/\"},{\"@type\":\"ListItem\",\"position\":2,\"name\":\"Loja\",\"item\":\"https:\\\/\\\/tupique.com\\\/pt\\\/loja\\\/\"},{\"@type\":\"ListItem\",\"position\":3,\"name\":\"Adaptateur USB vers USB-C Vention CDQH0\"}]},{\"@type\":\"WebSite\",\"@id\":\"https:\\\/\\\/tupique.com\\\/#website\",\"url\":\"https:\\\/\\\/tupique.com\\\/\",\"name\":\"Tupique\",\"description\":\"\",\"publisher\":{\"@id\":\"https:\\\/\\\/tupique.com\\\/#organization\"},\"potentialAction\":[{\"@type\":\"SearchAction\",\"target\":{\"@type\":\"EntryPoint\",\"urlTemplate\":\"https:\\\/\\\/tupique.com\\\/?s={search_term_string}\"},\"query-input\":{\"@type\":\"PropertyValueSpecification\",\"valueRequired\":true,\"valueName\":\"search_term_string\"}}],\"inLanguage\":\"pt-PT\"},{\"@type\":\"Organization\",\"@id\":\"https:\\\/\\\/tupique.com\\\/#organization\",\"name\":\"Tupique\",\"url\":\"https:\\\/\\\/tupique.com\\\/\",\"logo\":{\"@type\":\"ImageObject\",\"inLanguage\":\"pt-PT\",\"@id\":\"https:\\\/\\\/tupique.com\\\/#\\\/schema\\\/logo\\\/image\\\/\",\"url\":\"https:\\\/\\\/tupique.com\\\/wp-content\\\/uploads\\\/2026\\\/03\\\/logo-tupique-1.webp\",\"contentUrl\":\"https:\\\/\\\/tupique.com\\\/wp-content\\\/uploads\\\/2026\\\/03\\\/logo-tupique-1.webp\",\"width\":500,\"height\":67,\"caption\":\"Tupique\"},\"image\":{\"@id\":\"https:\\\/\\\/tupique.com\\\/#\\\/schema\\\/logo\\\/image\\\/\"}}]}<\/script>\n<!-- \/ Yoast SEO plugin. -->","yoast_head_json":{"title":"Adaptateur USB vers USB-C Vention CDQH0 | | Tupique","description":"Envie d'acheter Adaptateur USB vers USB-C Vention CDQH0\u00a0? Achetez Adaptateur USB vers USB-C Vention CDQH0 maintenant avec Tupique en 3 versements sans int\u00e9r\u00eat.","robots":{"index":"index","follow":"follow","max-snippet":"max-snippet:-1","max-image-preview":"max-image-preview:large","max-video-preview":"max-video-preview:-1"},"canonical":"https:\/\/tupique.com\/pt\/product\/adaptateur-usb-vers-usb-c-vention-cdqh0\/","og_locale":"pt_PT","og_type":"article","og_title":"Adaptateur USB vers USB-C Vention CDQH0 | | Tupique","og_description":"Envie d'acheter Adaptateur USB vers USB-C Vention CDQH0\u00a0? Achetez Adaptateur USB vers USB-C Vention CDQH0 maintenant avec Tupique en 3 versements sans int\u00e9r\u00eat.","og_url":"https:\/\/tupique.com\/pt\/product\/adaptateur-usb-vers-usb-c-vention-cdqh0\/","og_site_name":"Tupique","twitter_card":"summary_large_image","twitter_misc":{"Tempo estimado de leitura":"2 minutos"},"schema":{"@context":"https:\/\/schema.org","@graph":[{"@type":"WebPage","@id":"https:\/\/tupique.com\/product\/adaptateur-usb-vers-usb-c-vention-cdqh0\/","url":"https:\/\/tupique.com\/product\/adaptateur-usb-vers-usb-c-vention-cdqh0\/","name":"Adaptateur USB vers USB-C Vention CDQH0 | | Tupique","isPartOf":{"@id":"https:\/\/tupique.com\/#website"},"primaryImageOfPage":{"@id":"https:\/\/tupique.com\/product\/adaptateur-usb-vers-usb-c-vention-cdqh0\/#primaryimage"},"image":{"@id":"https:\/\/tupique.com\/product\/adaptateur-usb-vers-usb-c-vention-cdqh0\/#primaryimage"},"thumbnailUrl":"https:\/\/tupique.com\/wp-content\/uploads\/2026\/05\/801721820.jpg","datePublished":"2026-05-15T17:21:16+00:00","description":"Envie d'acheter Adaptateur USB vers USB-C Vention CDQH0\u00a0? Achetez Adaptateur USB vers USB-C Vention CDQH0 maintenant avec Tupique en 3 versements sans int\u00e9r\u00eat.","breadcrumb":{"@id":"https:\/\/tupique.com\/product\/adaptateur-usb-vers-usb-c-vention-cdqh0\/#breadcrumb"},"inLanguage":"pt-PT","potentialAction":[{"@type":"ReadAction","target":["https:\/\/tupique.com\/product\/adaptateur-usb-vers-usb-c-vention-cdqh0\/"]}]},{"@type":"ImageObject","inLanguage":"pt-PT","@id":"https:\/\/tupique.com\/product\/adaptateur-usb-vers-usb-c-vention-cdqh0\/#primaryimage","url":"https:\/\/tupique.com\/wp-content\/uploads\/2026\/05\/801721820.jpg","contentUrl":"https:\/\/tupique.com\/wp-content\/uploads\/2026\/05\/801721820.jpg","width":1200,"height":1200,"caption":"S55291415_0"},{"@type":"BreadcrumbList","@id":"https:\/\/tupique.com\/product\/adaptateur-usb-vers-usb-c-vention-cdqh0\/#breadcrumb","itemListElement":[{"@type":"ListItem","position":1,"name":"commencer","item":"https:\/\/tupique.com\/"},{"@type":"ListItem","position":2,"name":"Loja","item":"https:\/\/tupique.com\/pt\/loja\/"},{"@type":"ListItem","position":3,"name":"Adaptateur USB vers USB-C Vention CDQH0"}]},{"@type":"WebSite","@id":"https:\/\/tupique.com\/#website","url":"https:\/\/tupique.com\/","name":"Tupique","description":"","publisher":{"@id":"https:\/\/tupique.com\/#organization"},"potentialAction":[{"@type":"SearchAction","target":{"@type":"EntryPoint","urlTemplate":"https:\/\/tupique.com\/?s={search_term_string}"},"query-input":{"@type":"PropertyValueSpecification","valueRequired":true,"valueName":"search_term_string"}}],"inLanguage":"pt-PT"},{"@type":"Organization","@id":"https:\/\/tupique.com\/#organization","name":"Tupique","url":"https:\/\/tupique.com\/","logo":{"@type":"ImageObject","inLanguage":"pt-PT","@id":"https:\/\/tupique.com\/#\/schema\/logo\/image\/","url":"https:\/\/tupique.com\/wp-content\/uploads\/2026\/03\/logo-tupique-1.webp","contentUrl":"https:\/\/tupique.com\/wp-content\/uploads\/2026\/03\/logo-tupique-1.webp","width":500,"height":67,"caption":"Tupique"},"image":{"@id":"https:\/\/tupique.com\/#\/schema\/logo\/image\/"}}]}},"_links":{"self":[{"href":"https:\/\/tupique.com\/pt\/wp-json\/wp\/v2\/product\/224674","targetHints":{"allow":["GET"]}}],"collection":[{"href":"https:\/\/tupique.com\/pt\/wp-json\/wp\/v2\/product"}],"about":[{"href":"https:\/\/tupique.com\/pt\/wp-json\/wp\/v2\/types\/product"}],"replies":[{"embeddable":true,"href":"https:\/\/tupique.com\/pt\/wp-json\/wp\/v2\/comments?post=224674"}],"wp:featuredmedia":[{"embeddable":true,"href":"https:\/\/tupique.com\/pt\/wp-json\/wp\/v2\/media\/224670"}],"wp:attachment":[{"href":"https:\/\/tupique.com\/pt\/wp-json\/wp\/v2\/media?parent=224674"}],"wp:term":[{"taxonomy":"product_brand","embeddable":true,"href":"https:\/\/tupique.com\/pt\/wp-json\/wp\/v2\/product_brand?post=224674"},{"taxonomy":"product_cat","embeddable":true,"href":"https:\/\/tupique.com\/pt\/wp-json\/wp\/v2\/product_cat?post=224674"},{"taxonomy":"product_tag","embeddable":true,"href":"https:\/\/tupique.com\/pt\/wp-json\/wp\/v2\/product_tag?post=224674"},{"taxonomy":"woo-feed-brand","embeddable":true,"href":"https:\/\/tupique.com\/pt\/wp-json\/wp\/v2\/woo-feed-brand?post=224674"}],"curies":[{"name":"wp","href":"https:\/\/api.w.org\/{rel}","templated":true}]}}