{"id":224924,"date":"2026-05-15T19:50:00","date_gmt":"2026-05-15T17:50:00","guid":{"rendered":"https:\/\/tupique.com\/product\/protection-pour-telephone-portable-just-in-case-iphone-17-pro-max-noir-apple\/"},"modified":"2026-05-15T19:50:00","modified_gmt":"2026-05-15T17:50:00","slug":"protection-pour-telephone-portable-just-in-case-iphone-17-pro-max-noir-apple","status":"publish","type":"product","link":"https:\/\/tupique.com\/pt\/product\/protection-pour-telephone-portable-just-in-case-iphone-17-pro-max-noir-apple\/","title":{"rendered":"Protection pour t\u00e9l\u00e9phone portable Just in case IPHONE 17 PRO MAX Noir Apple"},"content":{"rendered":"<p>Si vous \u00eates \u00e0 la recherche de nouvelles tendances sur le march\u00e9, nous vous pr\u00e9sentons <b>Protection pour t\u00e9l\u00e9phone portable Just in case IPHONE 17 PRO MAX Noir Apple<\/b> !<\/p>\n<ul>\n<li>Tipo:\n<ul>\n<li>Protection pour t\u00e9l\u00e9phone portable<\/li>\n<li>\u00c9tui<\/li>\n<\/ul>\n<\/li>\n<li>Couleur: Noir<\/li>\n<li>Mati\u00e8re: TPU<\/li>\n<li>Compatible: Apple<\/li>\n<li>Pile incluse: Non<\/li>\n<li>Ecran: 6,9&#8243;<\/li>\n<\/ul>","protected":false},"excerpt":{"rendered":"<p>Si vous \u00eates \u00e0 la recherche de nouvelles tendances sur le march\u00e9, nous vous pr\u00e9sentons Protection pour t\u00e9l\u00e9phone portable Just in case IPHONE 17 PRO MAX Noir Apple ! Type: Protection pour t\u00e9l\u00e9phone portable \u00c9tui Couleur: Noir Mati\u00e8re: TPU Compatible: Apple Pile incluse: Non Ecran: 6,9&#8243;<\/p>","protected":false},"featured_media":224921,"comment_status":"open","ping_status":"closed","template":"","meta":[],"product_brand":[3417],"product_cat":[575,3247,65],"product_tag":[566],"woo-feed-brand":[],"class_list":{"0":"post-224924","1":"product","2":"type-product","3":"status-publish","4":"has-post-thumbnail","6":"product_brand-brandp_10832","7":"product_cat-electronique-telephonie-et-tablettes","8":"product_cat-housse-de-portable","9":"product_cat-informatique-electronique","10":"product_tag-tag_547","12":"first","13":"instock","14":"taxable","15":"shipping-taxable","16":"purchasable","17":"product-type-simple"},"yoast_head":"<!-- This site is optimized with the Yoast SEO plugin v27.6 - https:\/\/yoast.com\/product\/yoast-seo-wordpress\/ -->\n<title>Protection pour t\u00e9l\u00e9phone portable Just in case IPHONE 17 PRO MAX Noir Apple | | Tupique<\/title>\n<meta name=\"description\" content=\"Envie d&#039;acheter Protection pour t\u00e9l\u00e9phone portable Just in case IPHONE 17 PRO MAX Noir Apple\u00a0? Achetez Protection pour t\u00e9l\u00e9phone portable Just in case IPHONE 17 PRO MAX Noir Apple maintenant avec Tupique en 3 versements sans int\u00e9r\u00eat.\" \/>\n<meta name=\"robots\" content=\"index, follow, max-snippet:-1, max-image-preview:large, max-video-preview:-1\" \/>\n<link rel=\"canonical\" href=\"https:\/\/tupique.com\/pt\/product\/protection-pour-telephone-portable-just-in-case-iphone-17-pro-max-noir-apple\/\" \/>\n<meta property=\"og:locale\" content=\"pt_PT\" \/>\n<meta property=\"og:type\" content=\"article\" \/>\n<meta property=\"og:title\" content=\"Protection pour t\u00e9l\u00e9phone portable Just in case IPHONE 17 PRO MAX Noir Apple | | Tupique\" \/>\n<meta property=\"og:description\" content=\"Envie d&#039;acheter Protection pour t\u00e9l\u00e9phone portable Just in case IPHONE 17 PRO MAX Noir Apple\u00a0? Achetez Protection pour t\u00e9l\u00e9phone portable Just in case IPHONE 17 PRO MAX Noir Apple maintenant avec Tupique en 3 versements sans int\u00e9r\u00eat.\" \/>\n<meta property=\"og:url\" content=\"https:\/\/tupique.com\/pt\/product\/protection-pour-telephone-portable-just-in-case-iphone-17-pro-max-noir-apple\/\" \/>\n<meta property=\"og:site_name\" content=\"Tupique\" \/>\n<meta name=\"twitter:card\" content=\"summary_large_image\" \/>\n<script type=\"application\/ld+json\" class=\"yoast-schema-graph\">{\"@context\":\"https:\\\/\\\/schema.org\",\"@graph\":[{\"@type\":\"WebPage\",\"@id\":\"https:\\\/\\\/tupique.com\\\/product\\\/protection-pour-telephone-portable-just-in-case-iphone-17-pro-max-noir-apple\\\/\",\"url\":\"https:\\\/\\\/tupique.com\\\/product\\\/protection-pour-telephone-portable-just-in-case-iphone-17-pro-max-noir-apple\\\/\",\"name\":\"Protection pour t\u00e9l\u00e9phone portable Just in case IPHONE 17 PRO MAX Noir Apple | | Tupique\",\"isPartOf\":{\"@id\":\"https:\\\/\\\/tupique.com\\\/#website\"},\"primaryImageOfPage\":{\"@id\":\"https:\\\/\\\/tupique.com\\\/product\\\/protection-pour-telephone-portable-just-in-case-iphone-17-pro-max-noir-apple\\\/#primaryimage\"},\"image\":{\"@id\":\"https:\\\/\\\/tupique.com\\\/product\\\/protection-pour-telephone-portable-just-in-case-iphone-17-pro-max-noir-apple\\\/#primaryimage\"},\"thumbnailUrl\":\"https:\\\/\\\/tupique.com\\\/wp-content\\\/uploads\\\/2026\\\/05\\\/8720878603722_I00.jpg\",\"datePublished\":\"2026-05-15T17:50:00+00:00\",\"description\":\"Envie d'acheter Protection pour t\u00e9l\u00e9phone portable Just in case IPHONE 17 PRO MAX Noir Apple\u00a0? Achetez Protection pour t\u00e9l\u00e9phone portable Just in case IPHONE 17 PRO MAX Noir Apple maintenant avec Tupique en 3 versements sans int\u00e9r\u00eat.\",\"breadcrumb\":{\"@id\":\"https:\\\/\\\/tupique.com\\\/product\\\/protection-pour-telephone-portable-just-in-case-iphone-17-pro-max-noir-apple\\\/#breadcrumb\"},\"inLanguage\":\"pt-PT\",\"potentialAction\":[{\"@type\":\"ReadAction\",\"target\":[\"https:\\\/\\\/tupique.com\\\/product\\\/protection-pour-telephone-portable-just-in-case-iphone-17-pro-max-noir-apple\\\/\"]}]},{\"@type\":\"ImageObject\",\"inLanguage\":\"pt-PT\",\"@id\":\"https:\\\/\\\/tupique.com\\\/product\\\/protection-pour-telephone-portable-just-in-case-iphone-17-pro-max-noir-apple\\\/#primaryimage\",\"url\":\"https:\\\/\\\/tupique.com\\\/wp-content\\\/uploads\\\/2026\\\/05\\\/8720878603722_I00.jpg\",\"contentUrl\":\"https:\\\/\\\/tupique.com\\\/wp-content\\\/uploads\\\/2026\\\/05\\\/8720878603722_I00.jpg\",\"width\":1200,\"height\":1200,\"caption\":\"S55309538_0\"},{\"@type\":\"BreadcrumbList\",\"@id\":\"https:\\\/\\\/tupique.com\\\/product\\\/protection-pour-telephone-portable-just-in-case-iphone-17-pro-max-noir-apple\\\/#breadcrumb\",\"itemListElement\":[{\"@type\":\"ListItem\",\"position\":1,\"name\":\"commencer\",\"item\":\"https:\\\/\\\/tupique.com\\\/\"},{\"@type\":\"ListItem\",\"position\":2,\"name\":\"Loja\",\"item\":\"https:\\\/\\\/tupique.com\\\/pt\\\/loja\\\/\"},{\"@type\":\"ListItem\",\"position\":3,\"name\":\"Protection pour t\u00e9l\u00e9phone portable Just in case IPHONE 17 PRO MAX Noir Apple\"}]},{\"@type\":\"WebSite\",\"@id\":\"https:\\\/\\\/tupique.com\\\/#website\",\"url\":\"https:\\\/\\\/tupique.com\\\/\",\"name\":\"Tupique\",\"description\":\"\",\"publisher\":{\"@id\":\"https:\\\/\\\/tupique.com\\\/#organization\"},\"potentialAction\":[{\"@type\":\"SearchAction\",\"target\":{\"@type\":\"EntryPoint\",\"urlTemplate\":\"https:\\\/\\\/tupique.com\\\/?s={search_term_string}\"},\"query-input\":{\"@type\":\"PropertyValueSpecification\",\"valueRequired\":true,\"valueName\":\"search_term_string\"}}],\"inLanguage\":\"pt-PT\"},{\"@type\":\"Organization\",\"@id\":\"https:\\\/\\\/tupique.com\\\/#organization\",\"name\":\"Tupique\",\"url\":\"https:\\\/\\\/tupique.com\\\/\",\"logo\":{\"@type\":\"ImageObject\",\"inLanguage\":\"pt-PT\",\"@id\":\"https:\\\/\\\/tupique.com\\\/#\\\/schema\\\/logo\\\/image\\\/\",\"url\":\"https:\\\/\\\/tupique.com\\\/wp-content\\\/uploads\\\/2026\\\/03\\\/logo-tupique-1.webp\",\"contentUrl\":\"https:\\\/\\\/tupique.com\\\/wp-content\\\/uploads\\\/2026\\\/03\\\/logo-tupique-1.webp\",\"width\":500,\"height\":67,\"caption\":\"Tupique\"},\"image\":{\"@id\":\"https:\\\/\\\/tupique.com\\\/#\\\/schema\\\/logo\\\/image\\\/\"}}]}<\/script>\n<!-- \/ Yoast SEO plugin. -->","yoast_head_json":{"title":"Protection pour t\u00e9l\u00e9phone portable Just in case IPHONE 17 PRO MAX Noir Apple | | Tupique","description":"Envie d'acheter Protection pour t\u00e9l\u00e9phone portable Just in case IPHONE 17 PRO MAX Noir Apple\u00a0? Achetez Protection pour t\u00e9l\u00e9phone portable Just in case IPHONE 17 PRO MAX Noir Apple maintenant avec Tupique en 3 versements sans int\u00e9r\u00eat.","robots":{"index":"index","follow":"follow","max-snippet":"max-snippet:-1","max-image-preview":"max-image-preview:large","max-video-preview":"max-video-preview:-1"},"canonical":"https:\/\/tupique.com\/pt\/product\/protection-pour-telephone-portable-just-in-case-iphone-17-pro-max-noir-apple\/","og_locale":"pt_PT","og_type":"article","og_title":"Protection pour t\u00e9l\u00e9phone portable Just in case IPHONE 17 PRO MAX Noir Apple | | Tupique","og_description":"Envie d'acheter Protection pour t\u00e9l\u00e9phone portable Just in case IPHONE 17 PRO MAX Noir Apple\u00a0? Achetez Protection pour t\u00e9l\u00e9phone portable Just in case IPHONE 17 PRO MAX Noir Apple maintenant avec Tupique en 3 versements sans int\u00e9r\u00eat.","og_url":"https:\/\/tupique.com\/pt\/product\/protection-pour-telephone-portable-just-in-case-iphone-17-pro-max-noir-apple\/","og_site_name":"Tupique","twitter_card":"summary_large_image","schema":{"@context":"https:\/\/schema.org","@graph":[{"@type":"WebPage","@id":"https:\/\/tupique.com\/product\/protection-pour-telephone-portable-just-in-case-iphone-17-pro-max-noir-apple\/","url":"https:\/\/tupique.com\/product\/protection-pour-telephone-portable-just-in-case-iphone-17-pro-max-noir-apple\/","name":"Protection pour t\u00e9l\u00e9phone portable Just in case IPHONE 17 PRO MAX Noir Apple | | Tupique","isPartOf":{"@id":"https:\/\/tupique.com\/#website"},"primaryImageOfPage":{"@id":"https:\/\/tupique.com\/product\/protection-pour-telephone-portable-just-in-case-iphone-17-pro-max-noir-apple\/#primaryimage"},"image":{"@id":"https:\/\/tupique.com\/product\/protection-pour-telephone-portable-just-in-case-iphone-17-pro-max-noir-apple\/#primaryimage"},"thumbnailUrl":"https:\/\/tupique.com\/wp-content\/uploads\/2026\/05\/8720878603722_I00.jpg","datePublished":"2026-05-15T17:50:00+00:00","description":"Envie d'acheter Protection pour t\u00e9l\u00e9phone portable Just in case IPHONE 17 PRO MAX Noir Apple\u00a0? Achetez Protection pour t\u00e9l\u00e9phone portable Just in case IPHONE 17 PRO MAX Noir Apple maintenant avec Tupique en 3 versements sans int\u00e9r\u00eat.","breadcrumb":{"@id":"https:\/\/tupique.com\/product\/protection-pour-telephone-portable-just-in-case-iphone-17-pro-max-noir-apple\/#breadcrumb"},"inLanguage":"pt-PT","potentialAction":[{"@type":"ReadAction","target":["https:\/\/tupique.com\/product\/protection-pour-telephone-portable-just-in-case-iphone-17-pro-max-noir-apple\/"]}]},{"@type":"ImageObject","inLanguage":"pt-PT","@id":"https:\/\/tupique.com\/product\/protection-pour-telephone-portable-just-in-case-iphone-17-pro-max-noir-apple\/#primaryimage","url":"https:\/\/tupique.com\/wp-content\/uploads\/2026\/05\/8720878603722_I00.jpg","contentUrl":"https:\/\/tupique.com\/wp-content\/uploads\/2026\/05\/8720878603722_I00.jpg","width":1200,"height":1200,"caption":"S55309538_0"},{"@type":"BreadcrumbList","@id":"https:\/\/tupique.com\/product\/protection-pour-telephone-portable-just-in-case-iphone-17-pro-max-noir-apple\/#breadcrumb","itemListElement":[{"@type":"ListItem","position":1,"name":"commencer","item":"https:\/\/tupique.com\/"},{"@type":"ListItem","position":2,"name":"Loja","item":"https:\/\/tupique.com\/pt\/loja\/"},{"@type":"ListItem","position":3,"name":"Protection pour t\u00e9l\u00e9phone portable Just in case IPHONE 17 PRO MAX Noir Apple"}]},{"@type":"WebSite","@id":"https:\/\/tupique.com\/#website","url":"https:\/\/tupique.com\/","name":"Tupique","description":"","publisher":{"@id":"https:\/\/tupique.com\/#organization"},"potentialAction":[{"@type":"SearchAction","target":{"@type":"EntryPoint","urlTemplate":"https:\/\/tupique.com\/?s={search_term_string}"},"query-input":{"@type":"PropertyValueSpecification","valueRequired":true,"valueName":"search_term_string"}}],"inLanguage":"pt-PT"},{"@type":"Organization","@id":"https:\/\/tupique.com\/#organization","name":"Tupique","url":"https:\/\/tupique.com\/","logo":{"@type":"ImageObject","inLanguage":"pt-PT","@id":"https:\/\/tupique.com\/#\/schema\/logo\/image\/","url":"https:\/\/tupique.com\/wp-content\/uploads\/2026\/03\/logo-tupique-1.webp","contentUrl":"https:\/\/tupique.com\/wp-content\/uploads\/2026\/03\/logo-tupique-1.webp","width":500,"height":67,"caption":"Tupique"},"image":{"@id":"https:\/\/tupique.com\/#\/schema\/logo\/image\/"}}]}},"_links":{"self":[{"href":"https:\/\/tupique.com\/pt\/wp-json\/wp\/v2\/product\/224924","targetHints":{"allow":["GET"]}}],"collection":[{"href":"https:\/\/tupique.com\/pt\/wp-json\/wp\/v2\/product"}],"about":[{"href":"https:\/\/tupique.com\/pt\/wp-json\/wp\/v2\/types\/product"}],"replies":[{"embeddable":true,"href":"https:\/\/tupique.com\/pt\/wp-json\/wp\/v2\/comments?post=224924"}],"wp:featuredmedia":[{"embeddable":true,"href":"https:\/\/tupique.com\/pt\/wp-json\/wp\/v2\/media\/224921"}],"wp:attachment":[{"href":"https:\/\/tupique.com\/pt\/wp-json\/wp\/v2\/media?parent=224924"}],"wp:term":[{"taxonomy":"product_brand","embeddable":true,"href":"https:\/\/tupique.com\/pt\/wp-json\/wp\/v2\/product_brand?post=224924"},{"taxonomy":"product_cat","embeddable":true,"href":"https:\/\/tupique.com\/pt\/wp-json\/wp\/v2\/product_cat?post=224924"},{"taxonomy":"product_tag","embeddable":true,"href":"https:\/\/tupique.com\/pt\/wp-json\/wp\/v2\/product_tag?post=224924"},{"taxonomy":"woo-feed-brand","embeddable":true,"href":"https:\/\/tupique.com\/pt\/wp-json\/wp\/v2\/woo-feed-brand?post=224924"}],"curies":[{"name":"wp","href":"https:\/\/api.w.org\/{rel}","templated":true}]}}