{"id":225342,"date":"2026-05-15T20:48:57","date_gmt":"2026-05-15T18:48:57","guid":{"rendered":"https:\/\/tupique.com\/product\/protection-pour-telephone-portable-gc-iphone-balckberry-l01005g2-multicouleur\/"},"modified":"2026-05-15T21:00:30","modified_gmt":"2026-05-15T19:00:30","slug":"protection-pour-telephone-portable-gc-iphone-balckberry-l01005g2-multicouleur","status":"publish","type":"product","link":"https:\/\/tupique.com\/pt\/product\/protection-pour-telephone-portable-gc-iphone-balckberry-l01005g2-multicouleur\/","title":{"rendered":"Protection pour t\u00e9l\u00e9phone portable GC IPHONE-BALCKBERRY-L01005G2 Multicouleur"},"content":{"rendered":"<p>Si vous \u00eates passionn\u00e9 d&#8217;<b>informatique et d&#8217;\u00e9lectronique<\/b>, si vous \u00eates \u00e0 la pointe de la technologie et qu&#8217;aucun d\u00e9tail ne vous \u00e9chappe, achetez <b>Protection pour t\u00e9l\u00e9phone portable GC IPHONE-BALCKBERRY-L01005G2 Multicouleur<\/b> au meilleur prix.<\/p>\n<ul>\n<li>Dimensions approx.: 12 x 8 cm<\/li>\n<li>Compatible: iPhone<\/li>\n<li>Type: Protection pour t\u00e9l\u00e9phone portable<\/li>\n<li>Mati\u00e8re: Cuir<\/li>\n<li>Couleur:\n<ul>\n<li>Noir<\/li>\n<li>Multicouleur<\/li>\n<\/ul>\n<\/li>\n<li>Ecran: 1&#8243;<\/li>\n<\/ul>","protected":false},"excerpt":{"rendered":"<p>Si vous \u00eates passionn\u00e9 d&#8217;informatique et d&#8217;\u00e9lectronique, si vous \u00eates \u00e0 la pointe de la technologie et qu&#8217;aucun d\u00e9tail ne vous \u00e9chappe, achetez Protection pour t\u00e9l\u00e9phone portable GC IPHONE-BALCKBERRY-L01005G2 Multicouleur au meilleur prix. Dimensions approx.: 12 x 8 cm Compatible: iPhone Type: Protection pour t\u00e9l\u00e9phone portable Mati\u00e8re: Cuir Couleur: Noir Multicouleur Ecran: 1&#8243;<\/p>","protected":false},"featured_media":225338,"comment_status":"open","ping_status":"closed","template":"","meta":[],"product_brand":[1782],"product_cat":[575,3247,65],"product_tag":[566],"woo-feed-brand":[],"class_list":{"0":"post-225342","1":"product","2":"type-product","3":"status-publish","4":"has-post-thumbnail","6":"product_brand-brandp_2821","7":"product_cat-electronique-telephonie-et-tablettes","8":"product_cat-housse-de-portable","9":"product_cat-informatique-electronique","10":"product_tag-tag_547","12":"first","13":"instock","14":"taxable","15":"shipping-taxable","16":"purchasable","17":"product-type-simple"},"yoast_head":"<!-- This site is optimized with the Yoast SEO plugin v27.6 - https:\/\/yoast.com\/product\/yoast-seo-wordpress\/ -->\n<title>Protection pour t\u00e9l\u00e9phone portable GC IPHONE-BALCKBERRY-L01005G2 Multicouleur | | Tupique<\/title>\n<meta name=\"description\" content=\"Envie d&#039;acheter Protection pour t\u00e9l\u00e9phone portable GC IPHONE-BALCKBERRY-L01005G2 Multicouleur\u00a0? Achetez Protection pour t\u00e9l\u00e9phone portable GC IPHONE-BALCKBERRY-L01005G2 Multicouleur maintenant avec Tupique en 3 versements sans int\u00e9r\u00eat.\" \/>\n<meta name=\"robots\" content=\"index, follow, max-snippet:-1, max-image-preview:large, max-video-preview:-1\" \/>\n<link rel=\"canonical\" href=\"https:\/\/tupique.com\/pt\/product\/protection-pour-telephone-portable-gc-iphone-balckberry-l01005g2-multicouleur\/\" \/>\n<meta property=\"og:locale\" content=\"pt_PT\" \/>\n<meta property=\"og:type\" content=\"article\" \/>\n<meta property=\"og:title\" content=\"Protection pour t\u00e9l\u00e9phone portable GC IPHONE-BALCKBERRY-L01005G2 Multicouleur | | Tupique\" \/>\n<meta property=\"og:description\" content=\"Envie d&#039;acheter Protection pour t\u00e9l\u00e9phone portable GC IPHONE-BALCKBERRY-L01005G2 Multicouleur\u00a0? Achetez Protection pour t\u00e9l\u00e9phone portable GC IPHONE-BALCKBERRY-L01005G2 Multicouleur maintenant avec Tupique en 3 versements sans int\u00e9r\u00eat.\" \/>\n<meta property=\"og:url\" content=\"https:\/\/tupique.com\/pt\/product\/protection-pour-telephone-portable-gc-iphone-balckberry-l01005g2-multicouleur\/\" \/>\n<meta property=\"og:site_name\" content=\"Tupique\" \/>\n<meta property=\"article:modified_time\" content=\"2026-05-15T19:00:30+00:00\" \/>\n<meta property=\"og:image\" content=\"https:\/\/tupique.com\/wp-content\/uploads\/2026\/05\/0091661417245_P00.jpg\" \/>\n\t<meta property=\"og:image:width\" content=\"1200\" \/>\n\t<meta property=\"og:image:height\" content=\"1200\" \/>\n\t<meta property=\"og:image:type\" content=\"image\/jpeg\" \/>\n<meta name=\"twitter:card\" content=\"summary_large_image\" \/>\n<script type=\"application\/ld+json\" class=\"yoast-schema-graph\">{\"@context\":\"https:\\\/\\\/schema.org\",\"@graph\":[{\"@type\":\"WebPage\",\"@id\":\"https:\\\/\\\/tupique.com\\\/product\\\/protection-pour-telephone-portable-gc-iphone-balckberry-l01005g2-multicouleur\\\/\",\"url\":\"https:\\\/\\\/tupique.com\\\/product\\\/protection-pour-telephone-portable-gc-iphone-balckberry-l01005g2-multicouleur\\\/\",\"name\":\"Protection pour t\u00e9l\u00e9phone portable GC IPHONE-BALCKBERRY-L01005G2 Multicouleur | | Tupique\",\"isPartOf\":{\"@id\":\"https:\\\/\\\/tupique.com\\\/#website\"},\"primaryImageOfPage\":{\"@id\":\"https:\\\/\\\/tupique.com\\\/product\\\/protection-pour-telephone-portable-gc-iphone-balckberry-l01005g2-multicouleur\\\/#primaryimage\"},\"image\":{\"@id\":\"https:\\\/\\\/tupique.com\\\/product\\\/protection-pour-telephone-portable-gc-iphone-balckberry-l01005g2-multicouleur\\\/#primaryimage\"},\"thumbnailUrl\":\"https:\\\/\\\/tupique.com\\\/wp-content\\\/uploads\\\/2026\\\/05\\\/0091661417245_P00.jpg\",\"datePublished\":\"2026-05-15T18:48:57+00:00\",\"dateModified\":\"2026-05-15T19:00:30+00:00\",\"description\":\"Envie d'acheter Protection pour t\u00e9l\u00e9phone portable GC IPHONE-BALCKBERRY-L01005G2 Multicouleur\u00a0? Achetez Protection pour t\u00e9l\u00e9phone portable GC IPHONE-BALCKBERRY-L01005G2 Multicouleur maintenant avec Tupique en 3 versements sans int\u00e9r\u00eat.\",\"breadcrumb\":{\"@id\":\"https:\\\/\\\/tupique.com\\\/product\\\/protection-pour-telephone-portable-gc-iphone-balckberry-l01005g2-multicouleur\\\/#breadcrumb\"},\"inLanguage\":\"pt-PT\",\"potentialAction\":[{\"@type\":\"ReadAction\",\"target\":[\"https:\\\/\\\/tupique.com\\\/product\\\/protection-pour-telephone-portable-gc-iphone-balckberry-l01005g2-multicouleur\\\/\"]}]},{\"@type\":\"ImageObject\",\"inLanguage\":\"pt-PT\",\"@id\":\"https:\\\/\\\/tupique.com\\\/product\\\/protection-pour-telephone-portable-gc-iphone-balckberry-l01005g2-multicouleur\\\/#primaryimage\",\"url\":\"https:\\\/\\\/tupique.com\\\/wp-content\\\/uploads\\\/2026\\\/05\\\/0091661417245_P00.jpg\",\"contentUrl\":\"https:\\\/\\\/tupique.com\\\/wp-content\\\/uploads\\\/2026\\\/05\\\/0091661417245_P00.jpg\",\"width\":1200,\"height\":1200,\"caption\":\"S0800499_0\"},{\"@type\":\"BreadcrumbList\",\"@id\":\"https:\\\/\\\/tupique.com\\\/product\\\/protection-pour-telephone-portable-gc-iphone-balckberry-l01005g2-multicouleur\\\/#breadcrumb\",\"itemListElement\":[{\"@type\":\"ListItem\",\"position\":1,\"name\":\"commencer\",\"item\":\"https:\\\/\\\/tupique.com\\\/\"},{\"@type\":\"ListItem\",\"position\":2,\"name\":\"Loja\",\"item\":\"https:\\\/\\\/tupique.com\\\/pt\\\/loja\\\/\"},{\"@type\":\"ListItem\",\"position\":3,\"name\":\"Protection pour t\u00e9l\u00e9phone portable GC IPHONE-BALCKBERRY-L01005G2 Multicouleur\"}]},{\"@type\":\"WebSite\",\"@id\":\"https:\\\/\\\/tupique.com\\\/#website\",\"url\":\"https:\\\/\\\/tupique.com\\\/\",\"name\":\"Tupique\",\"description\":\"\",\"publisher\":{\"@id\":\"https:\\\/\\\/tupique.com\\\/#organization\"},\"potentialAction\":[{\"@type\":\"SearchAction\",\"target\":{\"@type\":\"EntryPoint\",\"urlTemplate\":\"https:\\\/\\\/tupique.com\\\/?s={search_term_string}\"},\"query-input\":{\"@type\":\"PropertyValueSpecification\",\"valueRequired\":true,\"valueName\":\"search_term_string\"}}],\"inLanguage\":\"pt-PT\"},{\"@type\":\"Organization\",\"@id\":\"https:\\\/\\\/tupique.com\\\/#organization\",\"name\":\"Tupique\",\"url\":\"https:\\\/\\\/tupique.com\\\/\",\"logo\":{\"@type\":\"ImageObject\",\"inLanguage\":\"pt-PT\",\"@id\":\"https:\\\/\\\/tupique.com\\\/#\\\/schema\\\/logo\\\/image\\\/\",\"url\":\"https:\\\/\\\/tupique.com\\\/wp-content\\\/uploads\\\/2026\\\/03\\\/logo-tupique-1.webp\",\"contentUrl\":\"https:\\\/\\\/tupique.com\\\/wp-content\\\/uploads\\\/2026\\\/03\\\/logo-tupique-1.webp\",\"width\":500,\"height\":67,\"caption\":\"Tupique\"},\"image\":{\"@id\":\"https:\\\/\\\/tupique.com\\\/#\\\/schema\\\/logo\\\/image\\\/\"}}]}<\/script>\n<!-- \/ Yoast SEO plugin. -->","yoast_head_json":{"title":"Protection pour t\u00e9l\u00e9phone portable GC IPHONE-BALCKBERRY-L01005G2 Multicouleur | | Tupique","description":"Envie d'acheter Protection pour t\u00e9l\u00e9phone portable GC IPHONE-BALCKBERRY-L01005G2 Multicouleur\u00a0? Achetez Protection pour t\u00e9l\u00e9phone portable GC IPHONE-BALCKBERRY-L01005G2 Multicouleur maintenant avec Tupique en 3 versements sans int\u00e9r\u00eat.","robots":{"index":"index","follow":"follow","max-snippet":"max-snippet:-1","max-image-preview":"max-image-preview:large","max-video-preview":"max-video-preview:-1"},"canonical":"https:\/\/tupique.com\/pt\/product\/protection-pour-telephone-portable-gc-iphone-balckberry-l01005g2-multicouleur\/","og_locale":"pt_PT","og_type":"article","og_title":"Protection pour t\u00e9l\u00e9phone portable GC IPHONE-BALCKBERRY-L01005G2 Multicouleur | | Tupique","og_description":"Envie d'acheter Protection pour t\u00e9l\u00e9phone portable GC IPHONE-BALCKBERRY-L01005G2 Multicouleur\u00a0? Achetez Protection pour t\u00e9l\u00e9phone portable GC IPHONE-BALCKBERRY-L01005G2 Multicouleur maintenant avec Tupique en 3 versements sans int\u00e9r\u00eat.","og_url":"https:\/\/tupique.com\/pt\/product\/protection-pour-telephone-portable-gc-iphone-balckberry-l01005g2-multicouleur\/","og_site_name":"Tupique","article_modified_time":"2026-05-15T19:00:30+00:00","og_image":[{"width":1200,"height":1200,"url":"https:\/\/tupique.com\/wp-content\/uploads\/2026\/05\/0091661417245_P00.jpg","type":"image\/jpeg"}],"twitter_card":"summary_large_image","schema":{"@context":"https:\/\/schema.org","@graph":[{"@type":"WebPage","@id":"https:\/\/tupique.com\/product\/protection-pour-telephone-portable-gc-iphone-balckberry-l01005g2-multicouleur\/","url":"https:\/\/tupique.com\/product\/protection-pour-telephone-portable-gc-iphone-balckberry-l01005g2-multicouleur\/","name":"Protection pour t\u00e9l\u00e9phone portable GC IPHONE-BALCKBERRY-L01005G2 Multicouleur | | Tupique","isPartOf":{"@id":"https:\/\/tupique.com\/#website"},"primaryImageOfPage":{"@id":"https:\/\/tupique.com\/product\/protection-pour-telephone-portable-gc-iphone-balckberry-l01005g2-multicouleur\/#primaryimage"},"image":{"@id":"https:\/\/tupique.com\/product\/protection-pour-telephone-portable-gc-iphone-balckberry-l01005g2-multicouleur\/#primaryimage"},"thumbnailUrl":"https:\/\/tupique.com\/wp-content\/uploads\/2026\/05\/0091661417245_P00.jpg","datePublished":"2026-05-15T18:48:57+00:00","dateModified":"2026-05-15T19:00:30+00:00","description":"Envie d'acheter Protection pour t\u00e9l\u00e9phone portable GC IPHONE-BALCKBERRY-L01005G2 Multicouleur\u00a0? Achetez Protection pour t\u00e9l\u00e9phone portable GC IPHONE-BALCKBERRY-L01005G2 Multicouleur maintenant avec Tupique en 3 versements sans int\u00e9r\u00eat.","breadcrumb":{"@id":"https:\/\/tupique.com\/product\/protection-pour-telephone-portable-gc-iphone-balckberry-l01005g2-multicouleur\/#breadcrumb"},"inLanguage":"pt-PT","potentialAction":[{"@type":"ReadAction","target":["https:\/\/tupique.com\/product\/protection-pour-telephone-portable-gc-iphone-balckberry-l01005g2-multicouleur\/"]}]},{"@type":"ImageObject","inLanguage":"pt-PT","@id":"https:\/\/tupique.com\/product\/protection-pour-telephone-portable-gc-iphone-balckberry-l01005g2-multicouleur\/#primaryimage","url":"https:\/\/tupique.com\/wp-content\/uploads\/2026\/05\/0091661417245_P00.jpg","contentUrl":"https:\/\/tupique.com\/wp-content\/uploads\/2026\/05\/0091661417245_P00.jpg","width":1200,"height":1200,"caption":"S0800499_0"},{"@type":"BreadcrumbList","@id":"https:\/\/tupique.com\/product\/protection-pour-telephone-portable-gc-iphone-balckberry-l01005g2-multicouleur\/#breadcrumb","itemListElement":[{"@type":"ListItem","position":1,"name":"commencer","item":"https:\/\/tupique.com\/"},{"@type":"ListItem","position":2,"name":"Loja","item":"https:\/\/tupique.com\/pt\/loja\/"},{"@type":"ListItem","position":3,"name":"Protection pour t\u00e9l\u00e9phone portable GC IPHONE-BALCKBERRY-L01005G2 Multicouleur"}]},{"@type":"WebSite","@id":"https:\/\/tupique.com\/#website","url":"https:\/\/tupique.com\/","name":"Tupique","description":"","publisher":{"@id":"https:\/\/tupique.com\/#organization"},"potentialAction":[{"@type":"SearchAction","target":{"@type":"EntryPoint","urlTemplate":"https:\/\/tupique.com\/?s={search_term_string}"},"query-input":{"@type":"PropertyValueSpecification","valueRequired":true,"valueName":"search_term_string"}}],"inLanguage":"pt-PT"},{"@type":"Organization","@id":"https:\/\/tupique.com\/#organization","name":"Tupique","url":"https:\/\/tupique.com\/","logo":{"@type":"ImageObject","inLanguage":"pt-PT","@id":"https:\/\/tupique.com\/#\/schema\/logo\/image\/","url":"https:\/\/tupique.com\/wp-content\/uploads\/2026\/03\/logo-tupique-1.webp","contentUrl":"https:\/\/tupique.com\/wp-content\/uploads\/2026\/03\/logo-tupique-1.webp","width":500,"height":67,"caption":"Tupique"},"image":{"@id":"https:\/\/tupique.com\/#\/schema\/logo\/image\/"}}]}},"_links":{"self":[{"href":"https:\/\/tupique.com\/pt\/wp-json\/wp\/v2\/product\/225342","targetHints":{"allow":["GET"]}}],"collection":[{"href":"https:\/\/tupique.com\/pt\/wp-json\/wp\/v2\/product"}],"about":[{"href":"https:\/\/tupique.com\/pt\/wp-json\/wp\/v2\/types\/product"}],"replies":[{"embeddable":true,"href":"https:\/\/tupique.com\/pt\/wp-json\/wp\/v2\/comments?post=225342"}],"wp:featuredmedia":[{"embeddable":true,"href":"https:\/\/tupique.com\/pt\/wp-json\/wp\/v2\/media\/225338"}],"wp:attachment":[{"href":"https:\/\/tupique.com\/pt\/wp-json\/wp\/v2\/media?parent=225342"}],"wp:term":[{"taxonomy":"product_brand","embeddable":true,"href":"https:\/\/tupique.com\/pt\/wp-json\/wp\/v2\/product_brand?post=225342"},{"taxonomy":"product_cat","embeddable":true,"href":"https:\/\/tupique.com\/pt\/wp-json\/wp\/v2\/product_cat?post=225342"},{"taxonomy":"product_tag","embeddable":true,"href":"https:\/\/tupique.com\/pt\/wp-json\/wp\/v2\/product_tag?post=225342"},{"taxonomy":"woo-feed-brand","embeddable":true,"href":"https:\/\/tupique.com\/pt\/wp-json\/wp\/v2\/woo-feed-brand?post=225342"}],"curies":[{"name":"wp","href":"https:\/\/api.w.org\/{rel}","templated":true}]}}