{"id":24782,"date":"2026-03-29T20:50:37","date_gmt":"2026-03-29T19:50:37","guid":{"rendered":"https:\/\/bigbuy.tupique.com\/produto\/uninterruptible-power-supply-system-interactive-ups-eaton-5p1550ig2\/"},"modified":"2026-04-01T08:54:51","modified_gmt":"2026-04-01T07:54:51","slug":"uninterruptible-power-supply-system-interactive-ups-eaton-5p1550ig2","status":"publish","type":"product","link":"https:\/\/tupique.com\/pt\/product\/uninterruptible-power-supply-system-interactive-ups-eaton-5p1550ig2\/","title":{"rendered":"Uninterruptible Power Supply System Interactive UPS Eaton 5P1550IG2"},"content":{"rendered":"<p>Se tem paix\u00e3o por <b>TI e eletr\u00f3nica<\/b>, como estar a par das novidades tecnol\u00f3gicas e n\u00e3o falhar nem o mais \u00ednfimo detalhe, compre <b> Uninterruptible Power Supply System Interactive UPS Eaton 5P1550IG2 <\/b> a um pre\u00e7o imbat\u00edvel.<\/p>\n<p>O <b>Eaton 5P1550IG2<\/b> is an <b>interactive UPS<\/b> designed to provide efficient and stable protection for sensitive electronic equipment against power interruptions and voltage fluctuations. This model features a <b>1350 W output power<\/b> and an interactive line topology that improves power quality by automatically regulating voltage, protecting devices from surges and drops without activating the battery. It has <b>eight C13 AC outlets<\/b>, ideal for connecting multiple devices simultaneously, and offers a <b>sine wave output<\/b> that ensures compatibility with a wide range of equipment. Its <b>12 V, 9 Ah lead-acid battery<\/b> provides enough autonomy to keep critical systems running during power outages, and its <b>tower form factor<\/b> facilitates integration in tight spaces or professional environments. It stands out for its <b>LCD screen<\/b> that offers clear and simple monitoring of the unit\u2019s status, operating parameters, and alerts, enhancing UPS management and control. Available in two colors, <b>black and silver<\/b>, it adapts to different aesthetic environments. Additionally, it includes <b>USB connectivity<\/b> for communication with power management systems and an <b>automatic shutdown<\/b> system to protect data integrity and hardware in case of prolonged outages. It complies with strict international standards and certifications, including IEC\/EN 62040, UL 1778, CE, and UKCA, ensuring quality, safety, and electromagnetic compatibility. This Eaton interactive UPS combines robustness and advanced technology to offer a reliable and efficient power protection solution for offices, small data centers, and sensitive IT equipment.<\/p>\n<ul>\n<li>Tipo:\n<ul>\n<li>Uninterruptible Power Supply System Interactive UPS<\/li>\n<li>C13<\/li>\n<li>Tower<\/li>\n<\/ul>\n<\/li>\n<li>Produto com ficha: Sim<\/li>\n<li>Tipo de ficha: Ficha UE<\/li>\n<li>Alimenta\u00e7\u00e3o: Rede El\u00e9trica<\/li>\n<li>Cor:\n<ul>\n<li>Black<\/li>\n<li>Silver<\/li>\n<\/ul>\n<\/li>\n<li>Width: 15 cm<\/li>\n<li>Conex\u00f5es:\n<ul>\n<li>RS-232<\/li>\n<li>C14 x 1<\/li>\n<li>AC x 8<\/li>\n<li>USB<\/li>\n<li>C14<\/li>\n<\/ul>\n<\/li>\n<li>Battery capacity: 9 Ah<\/li>\n<li>Technology: LCD<\/li>\n<li>Noise level: 35 dB<\/li>\n<li>Caracter\u00edsticas:\n<ul>\n<li>Automatic shutdown<\/li>\n<li>Interactive<\/li>\n<li>Installation guide included<\/li>\n<\/ul>\n<\/li>\n<li>Tens\u00e3o: 12 V<\/li>\n<li>Power: 1350 W<\/li>\n<li>Form factor: Tower<\/li>\n<li>Frequency: 50\/60 Hz<\/li>\n<li>Accuracy (relative humidity): 0 % &#8211; 90 %<\/li>\n<li>Output voltage: 230 V<\/li>\n<\/ul>","protected":false},"excerpt":{"rendered":"<p>If you&#8217;re passionate about IT and electronics, like being up to date on technology and don&#8217;t miss even the slightest details, buy Uninterruptible Power Supply System Interactive UPS Eaton 5P1550IG2 at an unbeatable price. The Eaton 5P1550IG2 is an interactive UPS designed to provide efficient and stable protection for sensitive electronic equipment against power interruptions [&hellip;]<\/p>\n","protected":false},"featured_media":24779,"comment_status":"open","ping_status":"closed","template":"","meta":[],"product_brand":[652],"product_cat":[65,581,603],"product_tag":[106],"class_list":{"0":"post-24782","1":"product","2":"type-product","3":"status-publish","4":"has-post-thumbnail","6":"product_brand-brandp_4815","7":"product_cat-computers-electronics","8":"product_cat-electronics-peripherals-and-spares","9":"product_cat-ups","10":"product_tag-tag_1295","12":"first","13":"instock","14":"taxable","15":"shipping-taxable","16":"purchasable","17":"product-type-simple"},"yoast_head":"<!-- This site is optimized with the Yoast SEO plugin v27.5 - https:\/\/yoast.com\/product\/yoast-seo-wordpress\/ -->\n<title>Uninterruptible Power Supply System Interactive UPS Eaton 5P1550IG2 - Tupique<\/title>\n<meta name=\"robots\" content=\"index, follow, max-snippet:-1, max-image-preview:large, max-video-preview:-1\" \/>\n<link rel=\"canonical\" href=\"https:\/\/tupique.com\/pt\/product\/uninterruptible-power-supply-system-interactive-ups-eaton-5p1550ig2\/\" \/>\n<meta property=\"og:locale\" content=\"pt_PT\" \/>\n<meta property=\"og:type\" content=\"article\" \/>\n<meta property=\"og:title\" content=\"Uninterruptible Power Supply System Interactive UPS Eaton 5P1550IG2 - Tupique\" \/>\n<meta property=\"og:description\" content=\"If you&#8217;re passionate about IT and electronics, like being up to date on technology and don&#8217;t miss even the slightest details, buy Uninterruptible Power Supply System Interactive UPS Eaton 5P1550IG2 at an unbeatable price. The Eaton 5P1550IG2 is an interactive UPS designed to provide efficient and stable protection for sensitive electronic equipment against power interruptions [&hellip;]\" \/>\n<meta property=\"og:url\" content=\"https:\/\/tupique.com\/pt\/product\/uninterruptible-power-supply-system-interactive-ups-eaton-5p1550ig2\/\" \/>\n<meta property=\"og:site_name\" content=\"Tupique\" \/>\n<meta property=\"article:modified_time\" content=\"2026-04-01T07:54:51+00:00\" \/>\n<meta property=\"og:image\" content=\"https:\/\/tupique.com\/wp-content\/uploads\/2026\/03\/995285610.jpg\" \/>\n\t<meta property=\"og:image:width\" content=\"1200\" \/>\n\t<meta property=\"og:image:height\" content=\"1200\" \/>\n\t<meta property=\"og:image:type\" content=\"image\/jpeg\" \/>\n<meta name=\"twitter:card\" content=\"summary_large_image\" \/>\n<meta name=\"twitter:label1\" content=\"Tempo estimado de leitura\" \/>\n\t<meta name=\"twitter:data1\" content=\"2 minutos\" \/>\n<script type=\"application\/ld+json\" class=\"yoast-schema-graph\">{\"@context\":\"https:\\\/\\\/schema.org\",\"@graph\":[{\"@type\":\"WebPage\",\"@id\":\"https:\\\/\\\/tupique.com\\\/product\\\/uninterruptible-power-supply-system-interactive-ups-eaton-5p1550ig2\\\/\",\"url\":\"https:\\\/\\\/tupique.com\\\/product\\\/uninterruptible-power-supply-system-interactive-ups-eaton-5p1550ig2\\\/\",\"name\":\"Uninterruptible Power Supply System Interactive UPS Eaton 5P1550IG2 - Tupique\",\"isPartOf\":{\"@id\":\"https:\\\/\\\/tupique.com\\\/#website\"},\"primaryImageOfPage\":{\"@id\":\"https:\\\/\\\/tupique.com\\\/product\\\/uninterruptible-power-supply-system-interactive-ups-eaton-5p1550ig2\\\/#primaryimage\"},\"image\":{\"@id\":\"https:\\\/\\\/tupique.com\\\/product\\\/uninterruptible-power-supply-system-interactive-ups-eaton-5p1550ig2\\\/#primaryimage\"},\"thumbnailUrl\":\"https:\\\/\\\/tupique.com\\\/wp-content\\\/uploads\\\/2026\\\/03\\\/995285610.jpg\",\"datePublished\":\"2026-03-29T19:50:37+00:00\",\"dateModified\":\"2026-04-01T07:54:51+00:00\",\"breadcrumb\":{\"@id\":\"https:\\\/\\\/tupique.com\\\/product\\\/uninterruptible-power-supply-system-interactive-ups-eaton-5p1550ig2\\\/#breadcrumb\"},\"inLanguage\":\"pt-PT\",\"potentialAction\":[{\"@type\":\"ReadAction\",\"target\":[\"https:\\\/\\\/tupique.com\\\/product\\\/uninterruptible-power-supply-system-interactive-ups-eaton-5p1550ig2\\\/\"]}]},{\"@type\":\"ImageObject\",\"inLanguage\":\"pt-PT\",\"@id\":\"https:\\\/\\\/tupique.com\\\/product\\\/uninterruptible-power-supply-system-interactive-ups-eaton-5p1550ig2\\\/#primaryimage\",\"url\":\"https:\\\/\\\/tupique.com\\\/wp-content\\\/uploads\\\/2026\\\/03\\\/995285610.jpg\",\"contentUrl\":\"https:\\\/\\\/tupique.com\\\/wp-content\\\/uploads\\\/2026\\\/03\\\/995285610.jpg\",\"width\":1200,\"height\":1200,\"caption\":\"S55272935_0\"},{\"@type\":\"BreadcrumbList\",\"@id\":\"https:\\\/\\\/tupique.com\\\/product\\\/uninterruptible-power-supply-system-interactive-ups-eaton-5p1550ig2\\\/#breadcrumb\",\"itemListElement\":[{\"@type\":\"ListItem\",\"position\":1,\"name\":\"commencer\",\"item\":\"https:\\\/\\\/tupique.com\\\/\"},{\"@type\":\"ListItem\",\"position\":2,\"name\":\"Loja\",\"item\":\"https:\\\/\\\/tupique.com\\\/loja\\\/\"},{\"@type\":\"ListItem\",\"position\":3,\"name\":\"Uninterruptible Power Supply System Interactive UPS Eaton 5P1550IG2\"}]},{\"@type\":\"WebSite\",\"@id\":\"https:\\\/\\\/tupique.com\\\/#website\",\"url\":\"https:\\\/\\\/tupique.com\\\/\",\"name\":\"Tupique\",\"description\":\"\",\"publisher\":{\"@id\":\"https:\\\/\\\/tupique.com\\\/#organization\"},\"potentialAction\":[{\"@type\":\"SearchAction\",\"target\":{\"@type\":\"EntryPoint\",\"urlTemplate\":\"https:\\\/\\\/tupique.com\\\/?s={search_term_string}\"},\"query-input\":{\"@type\":\"PropertyValueSpecification\",\"valueRequired\":true,\"valueName\":\"search_term_string\"}}],\"inLanguage\":\"pt-PT\"},{\"@type\":\"Organization\",\"@id\":\"https:\\\/\\\/tupique.com\\\/#organization\",\"name\":\"Tupique\",\"url\":\"https:\\\/\\\/tupique.com\\\/\",\"logo\":{\"@type\":\"ImageObject\",\"inLanguage\":\"pt-PT\",\"@id\":\"https:\\\/\\\/tupique.com\\\/#\\\/schema\\\/logo\\\/image\\\/\",\"url\":\"https:\\\/\\\/tupique.com\\\/wp-content\\\/uploads\\\/2026\\\/03\\\/logo-tupique-1.webp\",\"contentUrl\":\"https:\\\/\\\/tupique.com\\\/wp-content\\\/uploads\\\/2026\\\/03\\\/logo-tupique-1.webp\",\"width\":500,\"height\":67,\"caption\":\"Tupique\"},\"image\":{\"@id\":\"https:\\\/\\\/tupique.com\\\/#\\\/schema\\\/logo\\\/image\\\/\"}}]}<\/script>\n<!-- \/ Yoast SEO plugin. -->","yoast_head_json":{"title":"Uninterruptible Power Supply System Interactive UPS Eaton 5P1550IG2 - Tupique","robots":{"index":"index","follow":"follow","max-snippet":"max-snippet:-1","max-image-preview":"max-image-preview:large","max-video-preview":"max-video-preview:-1"},"canonical":"https:\/\/tupique.com\/pt\/product\/uninterruptible-power-supply-system-interactive-ups-eaton-5p1550ig2\/","og_locale":"pt_PT","og_type":"article","og_title":"Uninterruptible Power Supply System Interactive UPS Eaton 5P1550IG2 - Tupique","og_description":"If you&#8217;re passionate about IT and electronics, like being up to date on technology and don&#8217;t miss even the slightest details, buy Uninterruptible Power Supply System Interactive UPS Eaton 5P1550IG2 at an unbeatable price. The Eaton 5P1550IG2 is an interactive UPS designed to provide efficient and stable protection for sensitive electronic equipment against power interruptions [&hellip;]","og_url":"https:\/\/tupique.com\/pt\/product\/uninterruptible-power-supply-system-interactive-ups-eaton-5p1550ig2\/","og_site_name":"Tupique","article_modified_time":"2026-04-01T07:54:51+00:00","og_image":[{"width":1200,"height":1200,"url":"https:\/\/tupique.com\/wp-content\/uploads\/2026\/03\/995285610.jpg","type":"image\/jpeg"}],"twitter_card":"summary_large_image","twitter_misc":{"Tempo estimado de leitura":"2 minutos"},"schema":{"@context":"https:\/\/schema.org","@graph":[{"@type":"WebPage","@id":"https:\/\/tupique.com\/product\/uninterruptible-power-supply-system-interactive-ups-eaton-5p1550ig2\/","url":"https:\/\/tupique.com\/product\/uninterruptible-power-supply-system-interactive-ups-eaton-5p1550ig2\/","name":"Uninterruptible Power Supply System Interactive UPS Eaton 5P1550IG2 - Tupique","isPartOf":{"@id":"https:\/\/tupique.com\/#website"},"primaryImageOfPage":{"@id":"https:\/\/tupique.com\/product\/uninterruptible-power-supply-system-interactive-ups-eaton-5p1550ig2\/#primaryimage"},"image":{"@id":"https:\/\/tupique.com\/product\/uninterruptible-power-supply-system-interactive-ups-eaton-5p1550ig2\/#primaryimage"},"thumbnailUrl":"https:\/\/tupique.com\/wp-content\/uploads\/2026\/03\/995285610.jpg","datePublished":"2026-03-29T19:50:37+00:00","dateModified":"2026-04-01T07:54:51+00:00","breadcrumb":{"@id":"https:\/\/tupique.com\/product\/uninterruptible-power-supply-system-interactive-ups-eaton-5p1550ig2\/#breadcrumb"},"inLanguage":"pt-PT","potentialAction":[{"@type":"ReadAction","target":["https:\/\/tupique.com\/product\/uninterruptible-power-supply-system-interactive-ups-eaton-5p1550ig2\/"]}]},{"@type":"ImageObject","inLanguage":"pt-PT","@id":"https:\/\/tupique.com\/product\/uninterruptible-power-supply-system-interactive-ups-eaton-5p1550ig2\/#primaryimage","url":"https:\/\/tupique.com\/wp-content\/uploads\/2026\/03\/995285610.jpg","contentUrl":"https:\/\/tupique.com\/wp-content\/uploads\/2026\/03\/995285610.jpg","width":1200,"height":1200,"caption":"S55272935_0"},{"@type":"BreadcrumbList","@id":"https:\/\/tupique.com\/product\/uninterruptible-power-supply-system-interactive-ups-eaton-5p1550ig2\/#breadcrumb","itemListElement":[{"@type":"ListItem","position":1,"name":"commencer","item":"https:\/\/tupique.com\/"},{"@type":"ListItem","position":2,"name":"Loja","item":"https:\/\/tupique.com\/loja\/"},{"@type":"ListItem","position":3,"name":"Uninterruptible Power Supply System Interactive UPS Eaton 5P1550IG2"}]},{"@type":"WebSite","@id":"https:\/\/tupique.com\/#website","url":"https:\/\/tupique.com\/","name":"Tupique","description":"","publisher":{"@id":"https:\/\/tupique.com\/#organization"},"potentialAction":[{"@type":"SearchAction","target":{"@type":"EntryPoint","urlTemplate":"https:\/\/tupique.com\/?s={search_term_string}"},"query-input":{"@type":"PropertyValueSpecification","valueRequired":true,"valueName":"search_term_string"}}],"inLanguage":"pt-PT"},{"@type":"Organization","@id":"https:\/\/tupique.com\/#organization","name":"Tupique","url":"https:\/\/tupique.com\/","logo":{"@type":"ImageObject","inLanguage":"pt-PT","@id":"https:\/\/tupique.com\/#\/schema\/logo\/image\/","url":"https:\/\/tupique.com\/wp-content\/uploads\/2026\/03\/logo-tupique-1.webp","contentUrl":"https:\/\/tupique.com\/wp-content\/uploads\/2026\/03\/logo-tupique-1.webp","width":500,"height":67,"caption":"Tupique"},"image":{"@id":"https:\/\/tupique.com\/#\/schema\/logo\/image\/"}}]}},"_links":{"self":[{"href":"https:\/\/tupique.com\/pt\/wp-json\/wp\/v2\/product\/24782","targetHints":{"allow":["GET"]}}],"collection":[{"href":"https:\/\/tupique.com\/pt\/wp-json\/wp\/v2\/product"}],"about":[{"href":"https:\/\/tupique.com\/pt\/wp-json\/wp\/v2\/types\/product"}],"replies":[{"embeddable":true,"href":"https:\/\/tupique.com\/pt\/wp-json\/wp\/v2\/comments?post=24782"}],"wp:featuredmedia":[{"embeddable":true,"href":"https:\/\/tupique.com\/pt\/wp-json\/wp\/v2\/media\/24779"}],"wp:attachment":[{"href":"https:\/\/tupique.com\/pt\/wp-json\/wp\/v2\/media?parent=24782"}],"wp:term":[{"taxonomy":"product_brand","embeddable":true,"href":"https:\/\/tupique.com\/pt\/wp-json\/wp\/v2\/product_brand?post=24782"},{"taxonomy":"product_cat","embeddable":true,"href":"https:\/\/tupique.com\/pt\/wp-json\/wp\/v2\/product_cat?post=24782"},{"taxonomy":"product_tag","embeddable":true,"href":"https:\/\/tupique.com\/pt\/wp-json\/wp\/v2\/product_tag?post=24782"}],"curies":[{"name":"wp","href":"https:\/\/api.w.org\/{rel}","templated":true}]}}