{"id":30111,"date":"2026-03-30T01:51:08","date_gmt":"2026-03-30T00:51:08","guid":{"rendered":"https:\/\/bigbuy.tupique.com\/produto\/smartwatch-apple-titanium-49-mm\/"},"modified":"2026-03-30T02:00:13","modified_gmt":"2026-03-30T01:00:13","slug":"smartwatch-apple-titanium-49-mm","status":"publish","type":"product","link":"https:\/\/tupique.com\/pt\/product\/smartwatch-apple-titanium-49-mm\/","title":{"rendered":"Smartwatch Apple Titanium 49 mm"},"content":{"rendered":"<p>Se tem paix\u00e3o por <b>TI e eletr\u00f3nica<\/b>, como estar a par das novidades tecnol\u00f3gicas e n\u00e3o falhar nem o mais \u00ednfimo detalhe, compre <b> Smartwatch Apple Titanium 49 mm <\/b> a um pre\u00e7o imbat\u00edvel.<\/p>\n<ul>\n<li>Type of watch: Smartwatch<\/li>\n<li>Produto com ficha: Sim<\/li>\n<li>Tipo de ficha: Ficha UE<\/li>\n<li>Alimenta\u00e7\u00e3o: Rede El\u00e9trica<\/li>\n<li>Cor:\n<ul>\n<li>Beige<\/li>\n<li>Titanium<\/li>\n<\/ul>\n<\/li>\n<li>Internal Memory: 64 GB<\/li>\n<li>Processor: Dual Core<\/li>\n<li>Screen: 1,92&#8243;<\/li>\n<li>Caracter\u00edsticas:\n<ul>\n<li>Aceler\u00f3metro<\/li>\n<li>Integrated speakers<\/li>\n<li>Touchscreen<\/li>\n<li>Sensor de luz ambiente<\/li>\n<li>Girosc\u00f3pio<\/li>\n<li>Altimeter<\/li>\n<li>Alarm<\/li>\n<li>Built-in microphone<\/li>\n<li>Sleep monitor<\/li>\n<li>Liga\u00e7\u00e3o \u00e0 rede m\u00f3vel<\/li>\n<li>Magnetic Charging<\/li>\n<li>Multisport<\/li>\n<li>Blood oxygen level sensor<\/li>\n<li>Screen with rounded corners<\/li>\n<\/ul>\n<\/li>\n<li>Connections: 4G<\/li>\n<li>Functions:\n<ul>\n<li>Colour screen<\/li>\n<li>Sleep monitor<\/li>\n<li>Cardiac frequency monitor<\/li>\n<\/ul>\n<\/li>\n<li>Battery type:\n<ul>\n<li>Integrated<\/li>\n<li>Litio Ion<\/li>\n<\/ul>\n<\/li>\n<li>Conectividade:\n<ul>\n<li>Bluetooth<\/li>\n<li>Wi-Fi<\/li>\n<li>GPS<\/li>\n<li>NFC<\/li>\n<li>Glonass<\/li>\n<li>BeiDou<\/li>\n<li>Galileu<\/li>\n<li>LTE<\/li>\n<li>Bluetooth 5.3<\/li>\n<\/ul>\n<\/li>\n<li>Compatible: Siri<\/li>\n<li>Box: 49 mm<\/li>\n<li>Forma: Retangular<\/li>\n<li>Camera: No<\/li>\n<li>Carregador sem fios: Sim<\/li>\n<li>Radio FM: No<\/li>\n<li>Technology: OLED<\/li>\n<li>USB Connection: No<\/li>\n<li>Strap: Removable<\/li>\n<li>Water resistant: 10 atm<\/li>\n<li>Flash Memory: 64 MB<\/li>\n<\/ul>","protected":false},"excerpt":{"rendered":"<p>If you&#8217;re passionate about IT and electronics, like being up to date on technology and don&#8217;t miss even the slightest details, buy Smartwatch Apple Titanium 49 mm at an unbeatable price. Type of watch: Smartwatch Product with plug: Yes Type of plug: Plug EU Power supply: Electric Network Colour: Beige Titanium Internal Memory: 64 GB [&hellip;]<\/p>\n","protected":false},"featured_media":30108,"comment_status":"open","ping_status":"closed","template":"","meta":[],"product_brand":[979],"product_cat":[65,575,748],"product_tag":[103,566,106],"class_list":{"0":"post-30111","1":"product","2":"type-product","3":"status-publish","4":"has-post-thumbnail","6":"product_brand-brandp_533","7":"product_cat-computers-electronics","8":"product_cat-electronics-phones-tablets","9":"product_cat-smartwatches","10":"product_tag-tag_1261","11":"product_tag-tag_547","12":"product_tag-tag_1295","14":"first","15":"instock","16":"taxable","17":"shipping-taxable","18":"purchasable","19":"product-type-simple"},"yoast_head":"<!-- This site is optimized with the Yoast SEO plugin v27.5 - https:\/\/yoast.com\/product\/yoast-seo-wordpress\/ -->\n<title>Smartwatch Apple Titanium 49 mm - Tupique<\/title>\n<meta name=\"robots\" content=\"index, follow, max-snippet:-1, max-image-preview:large, max-video-preview:-1\" \/>\n<link rel=\"canonical\" href=\"https:\/\/tupique.com\/pt\/product\/smartwatch-apple-titanium-49-mm\/\" \/>\n<meta property=\"og:locale\" content=\"pt_PT\" \/>\n<meta property=\"og:type\" content=\"article\" \/>\n<meta property=\"og:title\" content=\"Smartwatch Apple Titanium 49 mm - Tupique\" \/>\n<meta property=\"og:description\" content=\"If you&#8217;re passionate about IT and electronics, like being up to date on technology and don&#8217;t miss even the slightest details, buy Smartwatch Apple Titanium 49 mm at an unbeatable price. Type of watch: Smartwatch Product with plug: Yes Type of plug: Plug EU Power supply: Electric Network Colour: Beige Titanium Internal Memory: 64 GB [&hellip;]\" \/>\n<meta property=\"og:url\" content=\"https:\/\/tupique.com\/pt\/product\/smartwatch-apple-titanium-49-mm\/\" \/>\n<meta property=\"og:site_name\" content=\"Tupique\" \/>\n<meta property=\"article:modified_time\" content=\"2026-03-30T01:00:13+00:00\" \/>\n<meta property=\"og:image\" content=\"https:\/\/tupique.com\/wp-content\/uploads\/2026\/03\/0195949581250_M0804705_P00.jpg\" \/>\n\t<meta property=\"og:image:width\" content=\"1200\" \/>\n\t<meta property=\"og:image:height\" content=\"1200\" \/>\n\t<meta property=\"og:image:type\" content=\"image\/jpeg\" \/>\n<meta name=\"twitter:card\" content=\"summary_large_image\" \/>\n<script type=\"application\/ld+json\" class=\"yoast-schema-graph\">{\"@context\":\"https:\\\/\\\/schema.org\",\"@graph\":[{\"@type\":\"WebPage\",\"@id\":\"https:\\\/\\\/tupique.com\\\/product\\\/smartwatch-apple-titanium-49-mm\\\/\",\"url\":\"https:\\\/\\\/tupique.com\\\/product\\\/smartwatch-apple-titanium-49-mm\\\/\",\"name\":\"Smartwatch Apple Titanium 49 mm - Tupique\",\"isPartOf\":{\"@id\":\"https:\\\/\\\/tupique.com\\\/#website\"},\"primaryImageOfPage\":{\"@id\":\"https:\\\/\\\/tupique.com\\\/product\\\/smartwatch-apple-titanium-49-mm\\\/#primaryimage\"},\"image\":{\"@id\":\"https:\\\/\\\/tupique.com\\\/product\\\/smartwatch-apple-titanium-49-mm\\\/#primaryimage\"},\"thumbnailUrl\":\"https:\\\/\\\/tupique.com\\\/wp-content\\\/uploads\\\/2026\\\/03\\\/0195949581250_M0804705_P00.jpg\",\"datePublished\":\"2026-03-30T00:51:08+00:00\",\"dateModified\":\"2026-03-30T01:00:13+00:00\",\"breadcrumb\":{\"@id\":\"https:\\\/\\\/tupique.com\\\/product\\\/smartwatch-apple-titanium-49-mm\\\/#breadcrumb\"},\"inLanguage\":\"pt-PT\",\"potentialAction\":[{\"@type\":\"ReadAction\",\"target\":[\"https:\\\/\\\/tupique.com\\\/product\\\/smartwatch-apple-titanium-49-mm\\\/\"]}]},{\"@type\":\"ImageObject\",\"inLanguage\":\"pt-PT\",\"@id\":\"https:\\\/\\\/tupique.com\\\/product\\\/smartwatch-apple-titanium-49-mm\\\/#primaryimage\",\"url\":\"https:\\\/\\\/tupique.com\\\/wp-content\\\/uploads\\\/2026\\\/03\\\/0195949581250_M0804705_P00.jpg\",\"contentUrl\":\"https:\\\/\\\/tupique.com\\\/wp-content\\\/uploads\\\/2026\\\/03\\\/0195949581250_M0804705_P00.jpg\",\"width\":1200,\"height\":1200,\"caption\":\"M0804705_0\"},{\"@type\":\"BreadcrumbList\",\"@id\":\"https:\\\/\\\/tupique.com\\\/product\\\/smartwatch-apple-titanium-49-mm\\\/#breadcrumb\",\"itemListElement\":[{\"@type\":\"ListItem\",\"position\":1,\"name\":\"commencer\",\"item\":\"https:\\\/\\\/tupique.com\\\/\"},{\"@type\":\"ListItem\",\"position\":2,\"name\":\"Loja\",\"item\":\"https:\\\/\\\/tupique.com\\\/loja\\\/\"},{\"@type\":\"ListItem\",\"position\":3,\"name\":\"Smartwatch Apple Titanium 49 mm\"}]},{\"@type\":\"WebSite\",\"@id\":\"https:\\\/\\\/tupique.com\\\/#website\",\"url\":\"https:\\\/\\\/tupique.com\\\/\",\"name\":\"Tupique\",\"description\":\"\",\"publisher\":{\"@id\":\"https:\\\/\\\/tupique.com\\\/#organization\"},\"potentialAction\":[{\"@type\":\"SearchAction\",\"target\":{\"@type\":\"EntryPoint\",\"urlTemplate\":\"https:\\\/\\\/tupique.com\\\/?s={search_term_string}\"},\"query-input\":{\"@type\":\"PropertyValueSpecification\",\"valueRequired\":true,\"valueName\":\"search_term_string\"}}],\"inLanguage\":\"pt-PT\"},{\"@type\":\"Organization\",\"@id\":\"https:\\\/\\\/tupique.com\\\/#organization\",\"name\":\"Tupique\",\"url\":\"https:\\\/\\\/tupique.com\\\/\",\"logo\":{\"@type\":\"ImageObject\",\"inLanguage\":\"pt-PT\",\"@id\":\"https:\\\/\\\/tupique.com\\\/#\\\/schema\\\/logo\\\/image\\\/\",\"url\":\"https:\\\/\\\/tupique.com\\\/wp-content\\\/uploads\\\/2026\\\/03\\\/logo-tupique-1.webp\",\"contentUrl\":\"https:\\\/\\\/tupique.com\\\/wp-content\\\/uploads\\\/2026\\\/03\\\/logo-tupique-1.webp\",\"width\":500,\"height\":67,\"caption\":\"Tupique\"},\"image\":{\"@id\":\"https:\\\/\\\/tupique.com\\\/#\\\/schema\\\/logo\\\/image\\\/\"}}]}<\/script>\n<!-- \/ Yoast SEO plugin. -->","yoast_head_json":{"title":"Smartwatch Apple Titanium 49 mm - Tupique","robots":{"index":"index","follow":"follow","max-snippet":"max-snippet:-1","max-image-preview":"max-image-preview:large","max-video-preview":"max-video-preview:-1"},"canonical":"https:\/\/tupique.com\/pt\/product\/smartwatch-apple-titanium-49-mm\/","og_locale":"pt_PT","og_type":"article","og_title":"Smartwatch Apple Titanium 49 mm - Tupique","og_description":"If you&#8217;re passionate about IT and electronics, like being up to date on technology and don&#8217;t miss even the slightest details, buy Smartwatch Apple Titanium 49 mm at an unbeatable price. Type of watch: Smartwatch Product with plug: Yes Type of plug: Plug EU Power supply: Electric Network Colour: Beige Titanium Internal Memory: 64 GB [&hellip;]","og_url":"https:\/\/tupique.com\/pt\/product\/smartwatch-apple-titanium-49-mm\/","og_site_name":"Tupique","article_modified_time":"2026-03-30T01:00:13+00:00","og_image":[{"width":1200,"height":1200,"url":"https:\/\/tupique.com\/wp-content\/uploads\/2026\/03\/0195949581250_M0804705_P00.jpg","type":"image\/jpeg"}],"twitter_card":"summary_large_image","schema":{"@context":"https:\/\/schema.org","@graph":[{"@type":"WebPage","@id":"https:\/\/tupique.com\/product\/smartwatch-apple-titanium-49-mm\/","url":"https:\/\/tupique.com\/product\/smartwatch-apple-titanium-49-mm\/","name":"Smartwatch Apple Titanium 49 mm - Tupique","isPartOf":{"@id":"https:\/\/tupique.com\/#website"},"primaryImageOfPage":{"@id":"https:\/\/tupique.com\/product\/smartwatch-apple-titanium-49-mm\/#primaryimage"},"image":{"@id":"https:\/\/tupique.com\/product\/smartwatch-apple-titanium-49-mm\/#primaryimage"},"thumbnailUrl":"https:\/\/tupique.com\/wp-content\/uploads\/2026\/03\/0195949581250_M0804705_P00.jpg","datePublished":"2026-03-30T00:51:08+00:00","dateModified":"2026-03-30T01:00:13+00:00","breadcrumb":{"@id":"https:\/\/tupique.com\/product\/smartwatch-apple-titanium-49-mm\/#breadcrumb"},"inLanguage":"pt-PT","potentialAction":[{"@type":"ReadAction","target":["https:\/\/tupique.com\/product\/smartwatch-apple-titanium-49-mm\/"]}]},{"@type":"ImageObject","inLanguage":"pt-PT","@id":"https:\/\/tupique.com\/product\/smartwatch-apple-titanium-49-mm\/#primaryimage","url":"https:\/\/tupique.com\/wp-content\/uploads\/2026\/03\/0195949581250_M0804705_P00.jpg","contentUrl":"https:\/\/tupique.com\/wp-content\/uploads\/2026\/03\/0195949581250_M0804705_P00.jpg","width":1200,"height":1200,"caption":"M0804705_0"},{"@type":"BreadcrumbList","@id":"https:\/\/tupique.com\/product\/smartwatch-apple-titanium-49-mm\/#breadcrumb","itemListElement":[{"@type":"ListItem","position":1,"name":"commencer","item":"https:\/\/tupique.com\/"},{"@type":"ListItem","position":2,"name":"Loja","item":"https:\/\/tupique.com\/loja\/"},{"@type":"ListItem","position":3,"name":"Smartwatch Apple Titanium 49 mm"}]},{"@type":"WebSite","@id":"https:\/\/tupique.com\/#website","url":"https:\/\/tupique.com\/","name":"Tupique","description":"","publisher":{"@id":"https:\/\/tupique.com\/#organization"},"potentialAction":[{"@type":"SearchAction","target":{"@type":"EntryPoint","urlTemplate":"https:\/\/tupique.com\/?s={search_term_string}"},"query-input":{"@type":"PropertyValueSpecification","valueRequired":true,"valueName":"search_term_string"}}],"inLanguage":"pt-PT"},{"@type":"Organization","@id":"https:\/\/tupique.com\/#organization","name":"Tupique","url":"https:\/\/tupique.com\/","logo":{"@type":"ImageObject","inLanguage":"pt-PT","@id":"https:\/\/tupique.com\/#\/schema\/logo\/image\/","url":"https:\/\/tupique.com\/wp-content\/uploads\/2026\/03\/logo-tupique-1.webp","contentUrl":"https:\/\/tupique.com\/wp-content\/uploads\/2026\/03\/logo-tupique-1.webp","width":500,"height":67,"caption":"Tupique"},"image":{"@id":"https:\/\/tupique.com\/#\/schema\/logo\/image\/"}}]}},"_links":{"self":[{"href":"https:\/\/tupique.com\/pt\/wp-json\/wp\/v2\/product\/30111","targetHints":{"allow":["GET"]}}],"collection":[{"href":"https:\/\/tupique.com\/pt\/wp-json\/wp\/v2\/product"}],"about":[{"href":"https:\/\/tupique.com\/pt\/wp-json\/wp\/v2\/types\/product"}],"replies":[{"embeddable":true,"href":"https:\/\/tupique.com\/pt\/wp-json\/wp\/v2\/comments?post=30111"}],"wp:featuredmedia":[{"embeddable":true,"href":"https:\/\/tupique.com\/pt\/wp-json\/wp\/v2\/media\/30108"}],"wp:attachment":[{"href":"https:\/\/tupique.com\/pt\/wp-json\/wp\/v2\/media?parent=30111"}],"wp:term":[{"taxonomy":"product_brand","embeddable":true,"href":"https:\/\/tupique.com\/pt\/wp-json\/wp\/v2\/product_brand?post=30111"},{"taxonomy":"product_cat","embeddable":true,"href":"https:\/\/tupique.com\/pt\/wp-json\/wp\/v2\/product_cat?post=30111"},{"taxonomy":"product_tag","embeddable":true,"href":"https:\/\/tupique.com\/pt\/wp-json\/wp\/v2\/product_tag?post=30111"}],"curies":[{"name":"wp","href":"https:\/\/api.w.org\/{rel}","templated":true}]}}