{"id":31757,"date":"2026-03-30T03:35:16","date_gmt":"2026-03-30T02:35:16","guid":{"rendered":"https:\/\/bigbuy.tupique.com\/produto\/motherboard-asus-lga-1700-2\/"},"modified":"2026-04-11T20:22:03","modified_gmt":"2026-04-11T19:22:03","slug":"motherboard-asus-lga-1700-2","status":"publish","type":"product","link":"https:\/\/tupique.com\/pt\/product\/motherboard-asus-lga-1700-2\/","title":{"rendered":"Motherboard Asus LGA 1700"},"content":{"rendered":"<p>Se tem paix\u00e3o por <b>TI e eletr\u00f3nica<\/b>, como estar a par das novidades tecnol\u00f3gicas e n\u00e3o falhar nem o mais \u00ednfimo detalhe, compre <b> Motherboard Asus LGA 1700 <\/b> a um pre\u00e7o imbat\u00edvel.<\/p>\n<ul>\n<li>Tipo:\n<ul>\n<li>Motherboard<\/li>\n<li>ATX<\/li>\n<\/ul>\n<\/li>\n<li>Conex\u00f5es:\n<ul>\n<li>HDMI<\/li>\n<li>USB<\/li>\n<li>USB-C<\/li>\n<li>RJ45<\/li>\n<li>USB 2.0 x 6<\/li>\n<li>PCI Express (x16) x 1<\/li>\n<li>PCI Express 3.0 (x16) x 1<\/li>\n<li>S\/PDIF<\/li>\n<li>24 PIN x 1<\/li>\n<li>Jack 3.5 mm x 5<\/li>\n<li>USB 3.2 x 4<\/li>\n<li>USB-C 3.2<\/li>\n<li>USB 2.0 x 2<\/li>\n<li>RJ45 x 1<\/li>\n<li>Audio Output<\/li>\n<li>HDMI x 1<\/li>\n<li>2 x USB 2.0<\/li>\n<li>Ethernet LAN<\/li>\n<li>M.2 x 3<\/li>\n<li>USB-C 3.2 x 1<\/li>\n<li>DIMM<\/li>\n<li>4 x USB 3.2 Gen 1 (3.1 Gen 1)<\/li>\n<li>USB-A &#8211; USB-C<\/li>\n<li>DisplayPort x 1<\/li>\n<li>USB 3.2 x 1<\/li>\n<\/ul>\n<\/li>\n<li>Memory Type:\n<ul>\n<li>DDR5 SDRAM<\/li>\n<li>DDR5<\/li>\n<\/ul>\n<\/li>\n<li>Channels:\n<ul>\n<li>7.1<\/li>\n<li>2 Channels<\/li>\n<\/ul>\n<\/li>\n<li>Compat\u00edvel\n<ul>\n<li>Intel Core i5<\/li>\n<li>Intel Core i7<\/li>\n<li>Intel Core i3<\/li>\n<li>Intel Core i9<\/li>\n<li>PC<\/li>\n<\/ul>\n<\/li>\n<li>USB 2.0: 6<\/li>\n<li>Conectividade:\n<ul>\n<li>2,5 Gigabit Ethernet<\/li>\n<li>Wi-Fi 5 GHz<\/li>\n<li>Wi-Fi 4<\/li>\n<li>Wi-Fi<\/li>\n<li>Wi-Fi 6 GHz<\/li>\n<\/ul>\n<\/li>\n<li>Chipset: Intel B760<\/li>\n<li>Maximum RAM Memory: 192 gb<\/li>\n<li>Language: English<\/li>\n<li>Form factor: ATX<\/li>\n<li>Interface: Gigabit Ethernet<\/li>\n<li>Number of memory slots: 4<\/li>\n<li>Speakers: 7.1<\/li>\n<li>2 Ports: Ethernet<\/li>\n<li>Socket: LGA 1700<\/li>\n<li>Processor Family: Intel<\/li>\n<\/ul>","protected":false},"excerpt":{"rendered":"<p>If you&#8217;re passionate about IT and electronics, like being up to date on technology and don&#8217;t miss even the slightest details, buy Motherboard Asus LGA 1700 at an unbeatable price. Type: Motherboard ATX Connections: HDMI USB USB-C RJ45 USB 2.0 x 6 PCI Express (x16) x 1 PCI Express 3.0 (x16) x 1 S\/PDIF 24 [&hellip;]<\/p>\n","protected":false},"featured_media":31730,"comment_status":"open","ping_status":"closed","template":"","meta":[],"product_brand":[798],"product_cat":[584,65,736],"product_tag":[59,106],"class_list":{"0":"post-31757","1":"product","2":"type-product","3":"status-publish","4":"has-post-thumbnail","6":"product_brand-brandp_536","7":"product_cat-computer-networks-and-components","8":"product_cat-computers-electronics","9":"product_cat-motherboards","10":"product_tag-tag_1304","11":"product_tag-tag_1295","13":"first","14":"instock","15":"taxable","16":"shipping-taxable","17":"purchasable","18":"product-type-simple"},"yoast_head":"<!-- This site is optimized with the Yoast SEO plugin v27.5 - https:\/\/yoast.com\/product\/yoast-seo-wordpress\/ -->\n<title>Motherboard Asus LGA 1700 - Tupique<\/title>\n<meta name=\"robots\" content=\"index, follow, max-snippet:-1, max-image-preview:large, max-video-preview:-1\" \/>\n<link rel=\"canonical\" href=\"https:\/\/tupique.com\/pt\/product\/motherboard-asus-lga-1700-2\/\" \/>\n<meta property=\"og:locale\" content=\"pt_PT\" \/>\n<meta property=\"og:type\" content=\"article\" \/>\n<meta property=\"og:title\" content=\"Motherboard Asus LGA 1700 - Tupique\" \/>\n<meta property=\"og:description\" content=\"If you&#8217;re passionate about IT and electronics, like being up to date on technology and don&#8217;t miss even the slightest details, buy Motherboard Asus LGA 1700 at an unbeatable price. Type: Motherboard ATX Connections: HDMI USB USB-C RJ45 USB 2.0 x 6 PCI Express (x16) x 1 PCI Express 3.0 (x16) x 1 S\/PDIF 24 [&hellip;]\" \/>\n<meta property=\"og:url\" content=\"https:\/\/tupique.com\/pt\/product\/motherboard-asus-lga-1700-2\/\" \/>\n<meta property=\"og:site_name\" content=\"Tupique\" \/>\n<meta property=\"article:modified_time\" content=\"2026-04-11T19:22:03+00:00\" \/>\n<meta property=\"og:image\" content=\"https:\/\/tupique.com\/wp-content\/uploads\/2026\/03\/4711387275962_S5625685_P00.jpg\" \/>\n\t<meta property=\"og:image:width\" content=\"1200\" \/>\n\t<meta property=\"og:image:height\" content=\"1200\" \/>\n\t<meta property=\"og:image:type\" content=\"image\/jpeg\" \/>\n<meta name=\"twitter:card\" content=\"summary_large_image\" \/>\n<meta name=\"twitter:label1\" content=\"Tempo estimado de leitura\" \/>\n\t<meta name=\"twitter:data1\" content=\"1 minuto\" \/>\n<script type=\"application\/ld+json\" class=\"yoast-schema-graph\">{\"@context\":\"https:\\\/\\\/schema.org\",\"@graph\":[{\"@type\":\"WebPage\",\"@id\":\"https:\\\/\\\/tupique.com\\\/product\\\/motherboard-asus-lga-1700-2\\\/\",\"url\":\"https:\\\/\\\/tupique.com\\\/product\\\/motherboard-asus-lga-1700-2\\\/\",\"name\":\"Motherboard Asus LGA 1700 - Tupique\",\"isPartOf\":{\"@id\":\"https:\\\/\\\/tupique.com\\\/#website\"},\"primaryImageOfPage\":{\"@id\":\"https:\\\/\\\/tupique.com\\\/product\\\/motherboard-asus-lga-1700-2\\\/#primaryimage\"},\"image\":{\"@id\":\"https:\\\/\\\/tupique.com\\\/product\\\/motherboard-asus-lga-1700-2\\\/#primaryimage\"},\"thumbnailUrl\":\"https:\\\/\\\/tupique.com\\\/wp-content\\\/uploads\\\/2026\\\/03\\\/4711387275962_S5625685_P00.jpg\",\"datePublished\":\"2026-03-30T02:35:16+00:00\",\"dateModified\":\"2026-04-11T19:22:03+00:00\",\"breadcrumb\":{\"@id\":\"https:\\\/\\\/tupique.com\\\/product\\\/motherboard-asus-lga-1700-2\\\/#breadcrumb\"},\"inLanguage\":\"pt-PT\",\"potentialAction\":[{\"@type\":\"ReadAction\",\"target\":[\"https:\\\/\\\/tupique.com\\\/product\\\/motherboard-asus-lga-1700-2\\\/\"]}]},{\"@type\":\"ImageObject\",\"inLanguage\":\"pt-PT\",\"@id\":\"https:\\\/\\\/tupique.com\\\/product\\\/motherboard-asus-lga-1700-2\\\/#primaryimage\",\"url\":\"https:\\\/\\\/tupique.com\\\/wp-content\\\/uploads\\\/2026\\\/03\\\/4711387275962_S5625685_P00.jpg\",\"contentUrl\":\"https:\\\/\\\/tupique.com\\\/wp-content\\\/uploads\\\/2026\\\/03\\\/4711387275962_S5625685_P00.jpg\",\"width\":1200,\"height\":1200,\"caption\":\"S71020314_0\"},{\"@type\":\"BreadcrumbList\",\"@id\":\"https:\\\/\\\/tupique.com\\\/product\\\/motherboard-asus-lga-1700-2\\\/#breadcrumb\",\"itemListElement\":[{\"@type\":\"ListItem\",\"position\":1,\"name\":\"commencer\",\"item\":\"https:\\\/\\\/tupique.com\\\/\"},{\"@type\":\"ListItem\",\"position\":2,\"name\":\"Loja\",\"item\":\"https:\\\/\\\/tupique.com\\\/loja\\\/\"},{\"@type\":\"ListItem\",\"position\":3,\"name\":\"Motherboard Asus LGA 1700\"}]},{\"@type\":\"WebSite\",\"@id\":\"https:\\\/\\\/tupique.com\\\/#website\",\"url\":\"https:\\\/\\\/tupique.com\\\/\",\"name\":\"Tupique\",\"description\":\"\",\"publisher\":{\"@id\":\"https:\\\/\\\/tupique.com\\\/#organization\"},\"potentialAction\":[{\"@type\":\"SearchAction\",\"target\":{\"@type\":\"EntryPoint\",\"urlTemplate\":\"https:\\\/\\\/tupique.com\\\/?s={search_term_string}\"},\"query-input\":{\"@type\":\"PropertyValueSpecification\",\"valueRequired\":true,\"valueName\":\"search_term_string\"}}],\"inLanguage\":\"pt-PT\"},{\"@type\":\"Organization\",\"@id\":\"https:\\\/\\\/tupique.com\\\/#organization\",\"name\":\"Tupique\",\"url\":\"https:\\\/\\\/tupique.com\\\/\",\"logo\":{\"@type\":\"ImageObject\",\"inLanguage\":\"pt-PT\",\"@id\":\"https:\\\/\\\/tupique.com\\\/#\\\/schema\\\/logo\\\/image\\\/\",\"url\":\"https:\\\/\\\/tupique.com\\\/wp-content\\\/uploads\\\/2026\\\/03\\\/logo-tupique-1.webp\",\"contentUrl\":\"https:\\\/\\\/tupique.com\\\/wp-content\\\/uploads\\\/2026\\\/03\\\/logo-tupique-1.webp\",\"width\":500,\"height\":67,\"caption\":\"Tupique\"},\"image\":{\"@id\":\"https:\\\/\\\/tupique.com\\\/#\\\/schema\\\/logo\\\/image\\\/\"}}]}<\/script>\n<!-- \/ Yoast SEO plugin. -->","yoast_head_json":{"title":"Motherboard Asus LGA 1700 - Tupique","robots":{"index":"index","follow":"follow","max-snippet":"max-snippet:-1","max-image-preview":"max-image-preview:large","max-video-preview":"max-video-preview:-1"},"canonical":"https:\/\/tupique.com\/pt\/product\/motherboard-asus-lga-1700-2\/","og_locale":"pt_PT","og_type":"article","og_title":"Motherboard Asus LGA 1700 - Tupique","og_description":"If you&#8217;re passionate about IT and electronics, like being up to date on technology and don&#8217;t miss even the slightest details, buy Motherboard Asus LGA 1700 at an unbeatable price. Type: Motherboard ATX Connections: HDMI USB USB-C RJ45 USB 2.0 x 6 PCI Express (x16) x 1 PCI Express 3.0 (x16) x 1 S\/PDIF 24 [&hellip;]","og_url":"https:\/\/tupique.com\/pt\/product\/motherboard-asus-lga-1700-2\/","og_site_name":"Tupique","article_modified_time":"2026-04-11T19:22:03+00:00","og_image":[{"width":1200,"height":1200,"url":"https:\/\/tupique.com\/wp-content\/uploads\/2026\/03\/4711387275962_S5625685_P00.jpg","type":"image\/jpeg"}],"twitter_card":"summary_large_image","twitter_misc":{"Tempo estimado de leitura":"1 minuto"},"schema":{"@context":"https:\/\/schema.org","@graph":[{"@type":"WebPage","@id":"https:\/\/tupique.com\/product\/motherboard-asus-lga-1700-2\/","url":"https:\/\/tupique.com\/product\/motherboard-asus-lga-1700-2\/","name":"Motherboard Asus LGA 1700 - Tupique","isPartOf":{"@id":"https:\/\/tupique.com\/#website"},"primaryImageOfPage":{"@id":"https:\/\/tupique.com\/product\/motherboard-asus-lga-1700-2\/#primaryimage"},"image":{"@id":"https:\/\/tupique.com\/product\/motherboard-asus-lga-1700-2\/#primaryimage"},"thumbnailUrl":"https:\/\/tupique.com\/wp-content\/uploads\/2026\/03\/4711387275962_S5625685_P00.jpg","datePublished":"2026-03-30T02:35:16+00:00","dateModified":"2026-04-11T19:22:03+00:00","breadcrumb":{"@id":"https:\/\/tupique.com\/product\/motherboard-asus-lga-1700-2\/#breadcrumb"},"inLanguage":"pt-PT","potentialAction":[{"@type":"ReadAction","target":["https:\/\/tupique.com\/product\/motherboard-asus-lga-1700-2\/"]}]},{"@type":"ImageObject","inLanguage":"pt-PT","@id":"https:\/\/tupique.com\/product\/motherboard-asus-lga-1700-2\/#primaryimage","url":"https:\/\/tupique.com\/wp-content\/uploads\/2026\/03\/4711387275962_S5625685_P00.jpg","contentUrl":"https:\/\/tupique.com\/wp-content\/uploads\/2026\/03\/4711387275962_S5625685_P00.jpg","width":1200,"height":1200,"caption":"S71020314_0"},{"@type":"BreadcrumbList","@id":"https:\/\/tupique.com\/product\/motherboard-asus-lga-1700-2\/#breadcrumb","itemListElement":[{"@type":"ListItem","position":1,"name":"commencer","item":"https:\/\/tupique.com\/"},{"@type":"ListItem","position":2,"name":"Loja","item":"https:\/\/tupique.com\/loja\/"},{"@type":"ListItem","position":3,"name":"Motherboard Asus LGA 1700"}]},{"@type":"WebSite","@id":"https:\/\/tupique.com\/#website","url":"https:\/\/tupique.com\/","name":"Tupique","description":"","publisher":{"@id":"https:\/\/tupique.com\/#organization"},"potentialAction":[{"@type":"SearchAction","target":{"@type":"EntryPoint","urlTemplate":"https:\/\/tupique.com\/?s={search_term_string}"},"query-input":{"@type":"PropertyValueSpecification","valueRequired":true,"valueName":"search_term_string"}}],"inLanguage":"pt-PT"},{"@type":"Organization","@id":"https:\/\/tupique.com\/#organization","name":"Tupique","url":"https:\/\/tupique.com\/","logo":{"@type":"ImageObject","inLanguage":"pt-PT","@id":"https:\/\/tupique.com\/#\/schema\/logo\/image\/","url":"https:\/\/tupique.com\/wp-content\/uploads\/2026\/03\/logo-tupique-1.webp","contentUrl":"https:\/\/tupique.com\/wp-content\/uploads\/2026\/03\/logo-tupique-1.webp","width":500,"height":67,"caption":"Tupique"},"image":{"@id":"https:\/\/tupique.com\/#\/schema\/logo\/image\/"}}]}},"_links":{"self":[{"href":"https:\/\/tupique.com\/pt\/wp-json\/wp\/v2\/product\/31757","targetHints":{"allow":["GET"]}}],"collection":[{"href":"https:\/\/tupique.com\/pt\/wp-json\/wp\/v2\/product"}],"about":[{"href":"https:\/\/tupique.com\/pt\/wp-json\/wp\/v2\/types\/product"}],"replies":[{"embeddable":true,"href":"https:\/\/tupique.com\/pt\/wp-json\/wp\/v2\/comments?post=31757"}],"wp:featuredmedia":[{"embeddable":true,"href":"https:\/\/tupique.com\/pt\/wp-json\/wp\/v2\/media\/31730"}],"wp:attachment":[{"href":"https:\/\/tupique.com\/pt\/wp-json\/wp\/v2\/media?parent=31757"}],"wp:term":[{"taxonomy":"product_brand","embeddable":true,"href":"https:\/\/tupique.com\/pt\/wp-json\/wp\/v2\/product_brand?post=31757"},{"taxonomy":"product_cat","embeddable":true,"href":"https:\/\/tupique.com\/pt\/wp-json\/wp\/v2\/product_cat?post=31757"},{"taxonomy":"product_tag","embeddable":true,"href":"https:\/\/tupique.com\/pt\/wp-json\/wp\/v2\/product_tag?post=31757"}],"curies":[{"name":"wp","href":"https:\/\/api.w.org\/{rel}","templated":true}]}}