{"id":33314,"date":"2026-03-30T04:56:52","date_gmt":"2026-03-30T03:56:52","guid":{"rendered":"https:\/\/bigbuy.tupique.com\/produto\/motherboard-gigabyte-amd-amd-am5-3\/"},"modified":"2026-04-11T19:43:58","modified_gmt":"2026-04-11T18:43:58","slug":"motherboard-gigabyte-amd-amd-am5-3","status":"publish","type":"product","link":"https:\/\/tupique.com\/pt\/product\/motherboard-gigabyte-amd-amd-am5-3\/","title":{"rendered":"Motherboard Gigabyte AMD AMD AM5"},"content":{"rendered":"<p>Se tem paix\u00e3o por <b>TI e eletr\u00f3nica<\/b>, como estar a par das novidades tecnol\u00f3gicas e n\u00e3o falhar nem o mais \u00ednfimo detalhe, compre <b> Motherboard Gigabyte AMD AMD AM5 <\/b> a um pre\u00e7o imbat\u00edvel.<\/p>\n<p>O <b>Gigabyte X870 AORUS ELITE WF7 ICE<\/b> <b>motherboard<\/b> is an advanced solution designed specifically for systems with AMD processors, leveraging the <b>AMD AM5 socket<\/b> and the latest generation <b>AMD X870 chipset<\/b>. This <b>ATX<\/b> form factor motherboard offers a robust and spacious platform, ideal for building high-performance systems that require extensive component and expansion support. It supports <b>DDR5 SDRAM<\/b> memory, ensuring faster transfer speeds and greater energy efficiency compared to previous memory generations, essential for demanding tasks and intensive gaming. Additionally, it features <b>Intel Wi-Fi 6<\/b> connectivity, providing fast and stable wireless connections that enhance local and online networking experiences. For physical connectivity, it includes <b>USB 2.0<\/b> ports and an <b>HDMI<\/b> video output, facilitating connection to modern displays and various peripheral devices. Its <b>white<\/b> design reflects a contemporary aesthetic, compatible with setups aiming for a clean and sophisticated finish. Manufactured in China, this motherboard combines cutting-edge technology with solid assembly to offer a reliable foundation for GAMING or professional work systems that utilize the latest AMD ecosystem capabilities. In summary, the <b>Gigabyte X870 AORUS ELITE WF7 ICE<\/b> motherboard integrates the latest innovations in chipset, connectivity, and memory support to build powerful and versatile systems.<\/p>\n<ul>\n<li>Tipo:\n<ul>\n<li>Motherboard<\/li>\n<li>PCI Express 3.0<\/li>\n<li>ATX<\/li>\n<li>UEFI<\/li>\n<\/ul>\n<\/li>\n<li>Conex\u00f5es:\n<ul>\n<li>HDMI<\/li>\n<li>Jack 3.5 mm<\/li>\n<li>DisplayPort<\/li>\n<li>PCI Express (x16) x 1<\/li>\n<li>S\/PDIF<\/li>\n<li>24 PIN x 1<\/li>\n<li>USB 3.2 x 4<\/li>\n<li>USB 3.2<\/li>\n<li>USB 4.0 x 2<\/li>\n<li>8-pin<\/li>\n<li>USB 3.2 x 3<\/li>\n<li>M.2 x 4<\/li>\n<li>Audio Output<\/li>\n<li>USB 2.0<\/li>\n<li>TPM<\/li>\n<li>DisplayPort 1.4<\/li>\n<li>MIni Jack 3.5 mm x 1<\/li>\n<li>USB 3.2 x 1<\/li>\n<li>PCI Express 3.0 (x16) x 1<\/li>\n<li>HDMI 2.1<\/li>\n<li>HDMI x 1<\/li>\n<li>DisplayPort x 2<\/li>\n<li>2 x USB 2.0<\/li>\n<li>Microphone<\/li>\n<li>Ethernet LAN<\/li>\n<li>SATA x 4<\/li>\n<li>DIMM<\/li>\n<li>4 x USB 3.2 Gen 1 (3.1 Gen 1)<\/li>\n<li>USB 2.0 x 2<\/li>\n<li>RJ45 x 1<\/li>\n<\/ul>\n<\/li>\n<li>Memory Type:\n<ul>\n<li>DDR5 SDRAM<\/li>\n<li>DDR5<\/li>\n<\/ul>\n<\/li>\n<li>Channels:\n<ul>\n<li>7.1<\/li>\n<li>2 Channels<\/li>\n<\/ul>\n<\/li>\n<li>Velocidade:\n<ul>\n<li>6000 MHz<\/li>\n<li>4400 MHz<\/li>\n<li>4800 MHz<\/li>\n<li>5200 MHz<\/li>\n<li>5600 MHz<\/li>\n<li>6400 MHz<\/li>\n<li>6200 MHz<\/li>\n<li>6800 MHz<\/li>\n<li>6600 MHZ<\/li>\n<li>6666 mhz<\/li>\n<\/ul>\n<\/li>\n<li>Conectividade:\n<ul>\n<li>2,5 Gigabit Ethernet<\/li>\n<li>Wi-Fi 4<\/li>\n<li>Wi-Fi 5 GHz<\/li>\n<li>Bluetooth<\/li>\n<li>REALTEK RTL8125<\/li>\n<li>Wi-Fi<\/li>\n<\/ul>\n<\/li>\n<li>Chipset:\n<ul>\n<li>AMD AM5<\/li>\n<li>AMD X870<\/li>\n<li>Intel Wi-Fi 6<\/li>\n<li>AMD<\/li>\n<\/ul>\n<\/li>\n<li>Compat\u00edvel\n<ul>\n<li>Windows 11<\/li>\n<li>raid 0<\/li>\n<li>raid 1<\/li>\n<li>Raid 10<\/li>\n<li>AMD Ryzen 7<\/li>\n<li>LED strips<\/li>\n<li>AMD Ryzen 5<\/li>\n<li>HDCP<\/li>\n<li>AMD Ryzen 3<\/li>\n<li>HDD\/SSD<\/li>\n<li>PC<\/li>\n<\/ul>\n<\/li>\n<li>USB 2.0: 2<\/li>\n<li>Characteristics: Built-in graphics adapter<\/li>\n<li>Wifi Antenna: 2<\/li>\n<li>Resolution (px): 4096 x 2160 px<\/li>\n<li>Height: 3,5 cm<\/li>\n<li>Approx. weight: 2,4 Kg<\/li>\n<li>Depth: 244 mm<\/li>\n<li>Bluetooth: Yes<\/li>\n<li>Processor: AMD<\/li>\n<li>Colour: White<\/li>\n<li>Platform: Windows<\/li>\n<li>Form factor: ATX<\/li>\n<li>Interface:\n<ul>\n<li>Gigabit Ethernet<\/li>\n<li>DirectX 12.0<\/li>\n<\/ul>\n<\/li>\n<li>Battery: CR2032<\/li>\n<li>Memory: 256 MB<\/li>\n<li>Number of memory slots: 4<\/li>\n<li>Batteries included: Yes<\/li>\n<li>Speakers: 7.1<\/li>\n<li>Sound: Realtek ALC1220<\/li>\n<li>Connectors: SATA x 4<\/li>\n<li>Width: 30,5 cm<\/li>\n<li>Socket: AMD AM5<\/li>\n<li>Processor Family: AMD<\/li>\n<\/ul>","protected":false},"excerpt":{"rendered":"<p>If you&#8217;re passionate about IT and electronics, like being up to date on technology and don&#8217;t miss even the slightest details, buy Motherboard Gigabyte AMD AMD AM5 at an unbeatable price. The Gigabyte X870 AORUS ELITE WF7 ICE motherboard is an advanced solution designed specifically for systems with AMD processors, leveraging the AMD AM5 socket [&hellip;]<\/p>\n","protected":false},"featured_media":33280,"comment_status":"open","ping_status":"closed","template":"","meta":[],"product_brand":[1147],"product_cat":[584,65,736],"product_tag":[59,106],"class_list":{"0":"post-33314","1":"product","2":"type-product","3":"status-publish","4":"has-post-thumbnail","6":"product_brand-brandp_550","7":"product_cat-computer-networks-and-components","8":"product_cat-computers-electronics","9":"product_cat-motherboards","10":"product_tag-tag_1304","11":"product_tag-tag_1295","13":"first","14":"instock","15":"taxable","16":"shipping-taxable","17":"purchasable","18":"product-type-simple"},"yoast_head":"<!-- This site is optimized with the Yoast SEO plugin v27.5 - https:\/\/yoast.com\/product\/yoast-seo-wordpress\/ -->\n<title>Motherboard Gigabyte AMD AMD AM5 - Tupique<\/title>\n<meta name=\"robots\" content=\"index, follow, max-snippet:-1, max-image-preview:large, max-video-preview:-1\" \/>\n<link rel=\"canonical\" href=\"https:\/\/tupique.com\/pt\/product\/motherboard-gigabyte-amd-amd-am5-3\/\" \/>\n<meta property=\"og:locale\" content=\"pt_PT\" \/>\n<meta property=\"og:type\" content=\"article\" \/>\n<meta property=\"og:title\" content=\"Motherboard Gigabyte AMD AMD AM5 - Tupique\" \/>\n<meta property=\"og:description\" content=\"If you&#8217;re passionate about IT and electronics, like being up to date on technology and don&#8217;t miss even the slightest details, buy Motherboard Gigabyte AMD AMD AM5 at an unbeatable price. The Gigabyte X870 AORUS ELITE WF7 ICE motherboard is an advanced solution designed specifically for systems with AMD processors, leveraging the AMD AM5 socket [&hellip;]\" \/>\n<meta property=\"og:url\" content=\"https:\/\/tupique.com\/pt\/product\/motherboard-gigabyte-amd-amd-am5-3\/\" \/>\n<meta property=\"og:site_name\" content=\"Tupique\" \/>\n<meta property=\"article:modified_time\" content=\"2026-04-11T18:43:58+00:00\" \/>\n<meta property=\"og:image\" content=\"https:\/\/tupique.com\/wp-content\/uploads\/2026\/03\/4719331864682_S7844178_P00.jpg\" \/>\n\t<meta property=\"og:image:width\" content=\"1200\" \/>\n\t<meta property=\"og:image:height\" content=\"1200\" \/>\n\t<meta property=\"og:image:type\" content=\"image\/jpeg\" \/>\n<meta name=\"twitter:card\" content=\"summary_large_image\" \/>\n<meta name=\"twitter:label1\" content=\"Tempo estimado de leitura\" \/>\n\t<meta name=\"twitter:data1\" content=\"2 minutos\" \/>\n<script type=\"application\/ld+json\" class=\"yoast-schema-graph\">{\"@context\":\"https:\\\/\\\/schema.org\",\"@graph\":[{\"@type\":\"WebPage\",\"@id\":\"https:\\\/\\\/tupique.com\\\/product\\\/motherboard-gigabyte-amd-amd-am5-3\\\/\",\"url\":\"https:\\\/\\\/tupique.com\\\/product\\\/motherboard-gigabyte-amd-amd-am5-3\\\/\",\"name\":\"Motherboard Gigabyte AMD AMD AM5 - Tupique\",\"isPartOf\":{\"@id\":\"https:\\\/\\\/tupique.com\\\/#website\"},\"primaryImageOfPage\":{\"@id\":\"https:\\\/\\\/tupique.com\\\/product\\\/motherboard-gigabyte-amd-amd-am5-3\\\/#primaryimage\"},\"image\":{\"@id\":\"https:\\\/\\\/tupique.com\\\/product\\\/motherboard-gigabyte-amd-amd-am5-3\\\/#primaryimage\"},\"thumbnailUrl\":\"https:\\\/\\\/tupique.com\\\/wp-content\\\/uploads\\\/2026\\\/03\\\/4719331864682_S7844178_P00.jpg\",\"datePublished\":\"2026-03-30T03:56:52+00:00\",\"dateModified\":\"2026-04-11T18:43:58+00:00\",\"breadcrumb\":{\"@id\":\"https:\\\/\\\/tupique.com\\\/product\\\/motherboard-gigabyte-amd-amd-am5-3\\\/#breadcrumb\"},\"inLanguage\":\"pt-PT\",\"potentialAction\":[{\"@type\":\"ReadAction\",\"target\":[\"https:\\\/\\\/tupique.com\\\/product\\\/motherboard-gigabyte-amd-amd-am5-3\\\/\"]}]},{\"@type\":\"ImageObject\",\"inLanguage\":\"pt-PT\",\"@id\":\"https:\\\/\\\/tupique.com\\\/product\\\/motherboard-gigabyte-amd-amd-am5-3\\\/#primaryimage\",\"url\":\"https:\\\/\\\/tupique.com\\\/wp-content\\\/uploads\\\/2026\\\/03\\\/4719331864682_S7844178_P00.jpg\",\"contentUrl\":\"https:\\\/\\\/tupique.com\\\/wp-content\\\/uploads\\\/2026\\\/03\\\/4719331864682_S7844178_P00.jpg\",\"width\":1200,\"height\":1200,\"caption\":\"S71020064_0\"},{\"@type\":\"BreadcrumbList\",\"@id\":\"https:\\\/\\\/tupique.com\\\/product\\\/motherboard-gigabyte-amd-amd-am5-3\\\/#breadcrumb\",\"itemListElement\":[{\"@type\":\"ListItem\",\"position\":1,\"name\":\"commencer\",\"item\":\"https:\\\/\\\/tupique.com\\\/\"},{\"@type\":\"ListItem\",\"position\":2,\"name\":\"Loja\",\"item\":\"https:\\\/\\\/tupique.com\\\/loja\\\/\"},{\"@type\":\"ListItem\",\"position\":3,\"name\":\"Motherboard Gigabyte AMD AMD AM5\"}]},{\"@type\":\"WebSite\",\"@id\":\"https:\\\/\\\/tupique.com\\\/#website\",\"url\":\"https:\\\/\\\/tupique.com\\\/\",\"name\":\"Tupique\",\"description\":\"\",\"publisher\":{\"@id\":\"https:\\\/\\\/tupique.com\\\/#organization\"},\"potentialAction\":[{\"@type\":\"SearchAction\",\"target\":{\"@type\":\"EntryPoint\",\"urlTemplate\":\"https:\\\/\\\/tupique.com\\\/?s={search_term_string}\"},\"query-input\":{\"@type\":\"PropertyValueSpecification\",\"valueRequired\":true,\"valueName\":\"search_term_string\"}}],\"inLanguage\":\"pt-PT\"},{\"@type\":\"Organization\",\"@id\":\"https:\\\/\\\/tupique.com\\\/#organization\",\"name\":\"Tupique\",\"url\":\"https:\\\/\\\/tupique.com\\\/\",\"logo\":{\"@type\":\"ImageObject\",\"inLanguage\":\"pt-PT\",\"@id\":\"https:\\\/\\\/tupique.com\\\/#\\\/schema\\\/logo\\\/image\\\/\",\"url\":\"https:\\\/\\\/tupique.com\\\/wp-content\\\/uploads\\\/2026\\\/03\\\/logo-tupique-1.webp\",\"contentUrl\":\"https:\\\/\\\/tupique.com\\\/wp-content\\\/uploads\\\/2026\\\/03\\\/logo-tupique-1.webp\",\"width\":500,\"height\":67,\"caption\":\"Tupique\"},\"image\":{\"@id\":\"https:\\\/\\\/tupique.com\\\/#\\\/schema\\\/logo\\\/image\\\/\"}}]}<\/script>\n<!-- \/ Yoast SEO plugin. -->","yoast_head_json":{"title":"Motherboard Gigabyte AMD AMD AM5 - Tupique","robots":{"index":"index","follow":"follow","max-snippet":"max-snippet:-1","max-image-preview":"max-image-preview:large","max-video-preview":"max-video-preview:-1"},"canonical":"https:\/\/tupique.com\/pt\/product\/motherboard-gigabyte-amd-amd-am5-3\/","og_locale":"pt_PT","og_type":"article","og_title":"Motherboard Gigabyte AMD AMD AM5 - Tupique","og_description":"If you&#8217;re passionate about IT and electronics, like being up to date on technology and don&#8217;t miss even the slightest details, buy Motherboard Gigabyte AMD AMD AM5 at an unbeatable price. The Gigabyte X870 AORUS ELITE WF7 ICE motherboard is an advanced solution designed specifically for systems with AMD processors, leveraging the AMD AM5 socket [&hellip;]","og_url":"https:\/\/tupique.com\/pt\/product\/motherboard-gigabyte-amd-amd-am5-3\/","og_site_name":"Tupique","article_modified_time":"2026-04-11T18:43:58+00:00","og_image":[{"width":1200,"height":1200,"url":"https:\/\/tupique.com\/wp-content\/uploads\/2026\/03\/4719331864682_S7844178_P00.jpg","type":"image\/jpeg"}],"twitter_card":"summary_large_image","twitter_misc":{"Tempo estimado de leitura":"2 minutos"},"schema":{"@context":"https:\/\/schema.org","@graph":[{"@type":"WebPage","@id":"https:\/\/tupique.com\/product\/motherboard-gigabyte-amd-amd-am5-3\/","url":"https:\/\/tupique.com\/product\/motherboard-gigabyte-amd-amd-am5-3\/","name":"Motherboard Gigabyte AMD AMD AM5 - Tupique","isPartOf":{"@id":"https:\/\/tupique.com\/#website"},"primaryImageOfPage":{"@id":"https:\/\/tupique.com\/product\/motherboard-gigabyte-amd-amd-am5-3\/#primaryimage"},"image":{"@id":"https:\/\/tupique.com\/product\/motherboard-gigabyte-amd-amd-am5-3\/#primaryimage"},"thumbnailUrl":"https:\/\/tupique.com\/wp-content\/uploads\/2026\/03\/4719331864682_S7844178_P00.jpg","datePublished":"2026-03-30T03:56:52+00:00","dateModified":"2026-04-11T18:43:58+00:00","breadcrumb":{"@id":"https:\/\/tupique.com\/product\/motherboard-gigabyte-amd-amd-am5-3\/#breadcrumb"},"inLanguage":"pt-PT","potentialAction":[{"@type":"ReadAction","target":["https:\/\/tupique.com\/product\/motherboard-gigabyte-amd-amd-am5-3\/"]}]},{"@type":"ImageObject","inLanguage":"pt-PT","@id":"https:\/\/tupique.com\/product\/motherboard-gigabyte-amd-amd-am5-3\/#primaryimage","url":"https:\/\/tupique.com\/wp-content\/uploads\/2026\/03\/4719331864682_S7844178_P00.jpg","contentUrl":"https:\/\/tupique.com\/wp-content\/uploads\/2026\/03\/4719331864682_S7844178_P00.jpg","width":1200,"height":1200,"caption":"S71020064_0"},{"@type":"BreadcrumbList","@id":"https:\/\/tupique.com\/product\/motherboard-gigabyte-amd-amd-am5-3\/#breadcrumb","itemListElement":[{"@type":"ListItem","position":1,"name":"commencer","item":"https:\/\/tupique.com\/"},{"@type":"ListItem","position":2,"name":"Loja","item":"https:\/\/tupique.com\/loja\/"},{"@type":"ListItem","position":3,"name":"Motherboard Gigabyte AMD AMD AM5"}]},{"@type":"WebSite","@id":"https:\/\/tupique.com\/#website","url":"https:\/\/tupique.com\/","name":"Tupique","description":"","publisher":{"@id":"https:\/\/tupique.com\/#organization"},"potentialAction":[{"@type":"SearchAction","target":{"@type":"EntryPoint","urlTemplate":"https:\/\/tupique.com\/?s={search_term_string}"},"query-input":{"@type":"PropertyValueSpecification","valueRequired":true,"valueName":"search_term_string"}}],"inLanguage":"pt-PT"},{"@type":"Organization","@id":"https:\/\/tupique.com\/#organization","name":"Tupique","url":"https:\/\/tupique.com\/","logo":{"@type":"ImageObject","inLanguage":"pt-PT","@id":"https:\/\/tupique.com\/#\/schema\/logo\/image\/","url":"https:\/\/tupique.com\/wp-content\/uploads\/2026\/03\/logo-tupique-1.webp","contentUrl":"https:\/\/tupique.com\/wp-content\/uploads\/2026\/03\/logo-tupique-1.webp","width":500,"height":67,"caption":"Tupique"},"image":{"@id":"https:\/\/tupique.com\/#\/schema\/logo\/image\/"}}]}},"_links":{"self":[{"href":"https:\/\/tupique.com\/pt\/wp-json\/wp\/v2\/product\/33314","targetHints":{"allow":["GET"]}}],"collection":[{"href":"https:\/\/tupique.com\/pt\/wp-json\/wp\/v2\/product"}],"about":[{"href":"https:\/\/tupique.com\/pt\/wp-json\/wp\/v2\/types\/product"}],"replies":[{"embeddable":true,"href":"https:\/\/tupique.com\/pt\/wp-json\/wp\/v2\/comments?post=33314"}],"wp:featuredmedia":[{"embeddable":true,"href":"https:\/\/tupique.com\/pt\/wp-json\/wp\/v2\/media\/33280"}],"wp:attachment":[{"href":"https:\/\/tupique.com\/pt\/wp-json\/wp\/v2\/media?parent=33314"}],"wp:term":[{"taxonomy":"product_brand","embeddable":true,"href":"https:\/\/tupique.com\/pt\/wp-json\/wp\/v2\/product_brand?post=33314"},{"taxonomy":"product_cat","embeddable":true,"href":"https:\/\/tupique.com\/pt\/wp-json\/wp\/v2\/product_cat?post=33314"},{"taxonomy":"product_tag","embeddable":true,"href":"https:\/\/tupique.com\/pt\/wp-json\/wp\/v2\/product_tag?post=33314"}],"curies":[{"name":"wp","href":"https:\/\/api.w.org\/{rel}","templated":true}]}}