{"id":35126,"date":"2026-03-30T06:32:45","date_gmt":"2026-03-30T05:32:45","guid":{"rendered":"https:\/\/bigbuy.tupique.com\/produto\/sports-camera-dji-osmo-action-5-black\/"},"modified":"2026-04-11T14:53:45","modified_gmt":"2026-04-11T13:53:45","slug":"sports-camera-dji-osmo-action-5-black","status":"publish","type":"product","link":"https:\/\/tupique.com\/pt\/product\/sports-camera-dji-osmo-action-5-black\/","title":{"rendered":"Sports Camera Dji Osmo Action 5 Black"},"content":{"rendered":"<p>Keep fit and discover the sector&#8217;s latest new releases to perform sports with the best guarantees! Purchase <b>Sports Camera Dji Osmo Action 5 Black<\/b> at the best price and enjoy a healthy life!<\/p>\n<p>O <b>Osmo Action 5<\/b> from DJI is an advanced <b>action camera<\/b> designed to capture high-quality images and videos in the most demanding conditions. Its 1\/1.3-inch CMOS sensor offers <b>4K Ultra HD resolution<\/b> at up to 120 fps in UHD and 240 fps in Full HD, enabling smooth, detailed footage ideal for action sports and outdoor adventures. It features a built-in <b>LCD touchscreen<\/b> for easy navigation and quick adjustments in any situation, complemented by an <b>integrated microphone<\/b> to capture clear audio without extra equipment. This camera is <b>water-resistant<\/b> and rugged, built to withstand immersion and extreme conditions without compromising performance. For connectivity, it includes <b>Bluetooth 5.0<\/b> and Wi-Fi for fast file transfer and remote control from mobile devices, plus a <b>USB-C<\/b> port for efficient charging and versatile data transfer. Its compact design and characteristic <b>preto<\/b> color make this model a versatile and discreet choice for users demanding both image quality and functionality in a portable format. The Osmo Action 5 is designed to offer high autonomy and ease of use, serving as a reliable tool for content creators and athletes who need to capture their experiences with precision and quality. Overall, this device reflects DJI\u2019s commitment to technological innovation in the action camera sector.<\/p>\n<ul>\n<li>Tipo:\n<ul>\n<li>Sports Camera<\/li>\n<li>LCD<\/li>\n<\/ul>\n<\/li>\n<li>Produto com ficha: Sim<\/li>\n<li>Tipo de ficha: Ficha UE<\/li>\n<li>Fonte de alimenta\u00e7\u00e3o:\n<ul>\n<li>Rede El\u00e9trica<\/li>\n<li>Battery<\/li>\n<\/ul>\n<\/li>\n<li>Cor:\n<ul>\n<li>Black<\/li>\n<li>noir<\/li>\n<\/ul>\n<\/li>\n<li>Connections: USB-C<\/li>\n<li>Resolution:\n<ul>\n<li>12 MP<\/li>\n<li>4K<\/li>\n<li>4K Ultra HD<\/li>\n<\/ul>\n<\/li>\n<li>Approx. dimensions: 33 mm<\/li>\n<li>Caracter\u00edsticas:\n<ul>\n<li>Water resistant<\/li>\n<li>Touchscreen<\/li>\n<li>Built-in microphone<\/li>\n<li>Built-in display<\/li>\n<li>Guarantee<\/li>\n<li>Installation guide included<\/li>\n<\/ul>\n<\/li>\n<li>Conectividade:\n<ul>\n<li>Bluetooth<\/li>\n<li>Wi-Fi<\/li>\n<li>Bluetooth 5.1<\/li>\n<li>Bluetooth Low Energy<\/li>\n<\/ul>\n<\/li>\n<li>Internal Memory: 64 GB<\/li>\n<li>Approx. autonomy: 4 hours<\/li>\n<li>Sensor: CMOS<\/li>\n<li>Maximum memory card size: 1 TB<\/li>\n<li>Video: 1080 p<\/li>\n<li>Inclui:\n<ul>\n<li>Rechargeable lithium battery<\/li>\n<li>Cover<\/li>\n<li>USB Tipo-C \u2013 USB Tipo-C<\/li>\n<\/ul>\n<\/li>\n<li>Cart\u00f5es de mem\u00f3ria compat\u00edveis: MicroSD (TransFlash)<\/li>\n<li>Battery type: Litio Ion<\/li>\n<\/ul>","protected":false},"excerpt":{"rendered":"<p>Keep fit and discover the sector&#8217;s latest new releases to perform sports with the best guarantees! Purchase Sports Camera Dji Osmo Action 5 Black at the best price and enjoy a healthy life! The Osmo Action 5 from DJI is an advanced action camera designed to capture high-quality images and videos in the most demanding [&hellip;]<\/p>\n","protected":false},"featured_media":35121,"comment_status":"open","ping_status":"closed","template":"","meta":[],"product_brand":[1240],"product_cat":[65,600,1281],"product_tag":[59,571,163],"class_list":{"0":"post-35126","1":"product","2":"type-product","3":"status-publish","4":"has-post-thumbnail","6":"product_brand-brandp_9678","7":"product_cat-computers-electronics","8":"product_cat-electronics-photography-and-video","9":"product_cat-sports-cameras","10":"product_tag-tag_1304","11":"product_tag-tag_27","12":"product_tag-tag_17","14":"first","15":"instock","16":"taxable","17":"shipping-taxable","18":"purchasable","19":"product-type-simple"},"yoast_head":"<!-- This site is optimized with the Yoast SEO plugin v27.5 - https:\/\/yoast.com\/product\/yoast-seo-wordpress\/ -->\n<title>Sports Camera Dji Osmo Action 5 Black - Tupique<\/title>\n<meta name=\"robots\" content=\"index, follow, max-snippet:-1, max-image-preview:large, max-video-preview:-1\" \/>\n<link rel=\"canonical\" href=\"https:\/\/tupique.com\/pt\/product\/sports-camera-dji-osmo-action-5-black\/\" \/>\n<meta property=\"og:locale\" content=\"pt_PT\" \/>\n<meta property=\"og:type\" content=\"article\" \/>\n<meta property=\"og:title\" content=\"Sports Camera Dji Osmo Action 5 Black - Tupique\" \/>\n<meta property=\"og:description\" content=\"Keep fit and discover the sector&#8217;s latest new releases to perform sports with the best guarantees! Purchase Sports Camera Dji Osmo Action 5 Black at the best price and enjoy a healthy life! The Osmo Action 5 from DJI is an advanced action camera designed to capture high-quality images and videos in the most demanding [&hellip;]\" \/>\n<meta property=\"og:url\" content=\"https:\/\/tupique.com\/pt\/product\/sports-camera-dji-osmo-action-5-black\/\" \/>\n<meta property=\"og:site_name\" content=\"Tupique\" \/>\n<meta property=\"article:modified_time\" content=\"2026-04-11T13:53:45+00:00\" \/>\n<meta property=\"og:image\" content=\"https:\/\/tupique.com\/wp-content\/uploads\/2026\/03\/6941565981059_S71014797_P00.jpg\" \/>\n\t<meta property=\"og:image:width\" content=\"1200\" \/>\n\t<meta property=\"og:image:height\" content=\"1200\" \/>\n\t<meta property=\"og:image:type\" content=\"image\/jpeg\" \/>\n<meta name=\"twitter:card\" content=\"summary_large_image\" \/>\n<meta name=\"twitter:label1\" content=\"Tempo estimado de leitura\" \/>\n\t<meta name=\"twitter:data1\" content=\"1 minuto\" \/>\n<script type=\"application\/ld+json\" class=\"yoast-schema-graph\">{\"@context\":\"https:\\\/\\\/schema.org\",\"@graph\":[{\"@type\":\"WebPage\",\"@id\":\"https:\\\/\\\/tupique.com\\\/product\\\/sports-camera-dji-osmo-action-5-black\\\/\",\"url\":\"https:\\\/\\\/tupique.com\\\/product\\\/sports-camera-dji-osmo-action-5-black\\\/\",\"name\":\"Sports Camera Dji Osmo Action 5 Black - Tupique\",\"isPartOf\":{\"@id\":\"https:\\\/\\\/tupique.com\\\/#website\"},\"primaryImageOfPage\":{\"@id\":\"https:\\\/\\\/tupique.com\\\/product\\\/sports-camera-dji-osmo-action-5-black\\\/#primaryimage\"},\"image\":{\"@id\":\"https:\\\/\\\/tupique.com\\\/product\\\/sports-camera-dji-osmo-action-5-black\\\/#primaryimage\"},\"thumbnailUrl\":\"https:\\\/\\\/tupique.com\\\/wp-content\\\/uploads\\\/2026\\\/03\\\/6941565981059_S71014797_P00.jpg\",\"datePublished\":\"2026-03-30T05:32:45+00:00\",\"dateModified\":\"2026-04-11T13:53:45+00:00\",\"breadcrumb\":{\"@id\":\"https:\\\/\\\/tupique.com\\\/product\\\/sports-camera-dji-osmo-action-5-black\\\/#breadcrumb\"},\"inLanguage\":\"pt-PT\",\"potentialAction\":[{\"@type\":\"ReadAction\",\"target\":[\"https:\\\/\\\/tupique.com\\\/product\\\/sports-camera-dji-osmo-action-5-black\\\/\"]}]},{\"@type\":\"ImageObject\",\"inLanguage\":\"pt-PT\",\"@id\":\"https:\\\/\\\/tupique.com\\\/product\\\/sports-camera-dji-osmo-action-5-black\\\/#primaryimage\",\"url\":\"https:\\\/\\\/tupique.com\\\/wp-content\\\/uploads\\\/2026\\\/03\\\/6941565981059_S71014797_P00.jpg\",\"contentUrl\":\"https:\\\/\\\/tupique.com\\\/wp-content\\\/uploads\\\/2026\\\/03\\\/6941565981059_S71014797_P00.jpg\",\"width\":1200,\"height\":1200,\"caption\":\"S71014797_0\"},{\"@type\":\"BreadcrumbList\",\"@id\":\"https:\\\/\\\/tupique.com\\\/product\\\/sports-camera-dji-osmo-action-5-black\\\/#breadcrumb\",\"itemListElement\":[{\"@type\":\"ListItem\",\"position\":1,\"name\":\"commencer\",\"item\":\"https:\\\/\\\/tupique.com\\\/\"},{\"@type\":\"ListItem\",\"position\":2,\"name\":\"Loja\",\"item\":\"https:\\\/\\\/tupique.com\\\/loja\\\/\"},{\"@type\":\"ListItem\",\"position\":3,\"name\":\"Sports Camera Dji Osmo Action 5 Black\"}]},{\"@type\":\"WebSite\",\"@id\":\"https:\\\/\\\/tupique.com\\\/#website\",\"url\":\"https:\\\/\\\/tupique.com\\\/\",\"name\":\"Tupique\",\"description\":\"\",\"publisher\":{\"@id\":\"https:\\\/\\\/tupique.com\\\/#organization\"},\"potentialAction\":[{\"@type\":\"SearchAction\",\"target\":{\"@type\":\"EntryPoint\",\"urlTemplate\":\"https:\\\/\\\/tupique.com\\\/?s={search_term_string}\"},\"query-input\":{\"@type\":\"PropertyValueSpecification\",\"valueRequired\":true,\"valueName\":\"search_term_string\"}}],\"inLanguage\":\"pt-PT\"},{\"@type\":\"Organization\",\"@id\":\"https:\\\/\\\/tupique.com\\\/#organization\",\"name\":\"Tupique\",\"url\":\"https:\\\/\\\/tupique.com\\\/\",\"logo\":{\"@type\":\"ImageObject\",\"inLanguage\":\"pt-PT\",\"@id\":\"https:\\\/\\\/tupique.com\\\/#\\\/schema\\\/logo\\\/image\\\/\",\"url\":\"https:\\\/\\\/tupique.com\\\/wp-content\\\/uploads\\\/2026\\\/03\\\/logo-tupique-1.webp\",\"contentUrl\":\"https:\\\/\\\/tupique.com\\\/wp-content\\\/uploads\\\/2026\\\/03\\\/logo-tupique-1.webp\",\"width\":500,\"height\":67,\"caption\":\"Tupique\"},\"image\":{\"@id\":\"https:\\\/\\\/tupique.com\\\/#\\\/schema\\\/logo\\\/image\\\/\"}}]}<\/script>\n<!-- \/ Yoast SEO plugin. -->","yoast_head_json":{"title":"Sports Camera Dji Osmo Action 5 Black - Tupique","robots":{"index":"index","follow":"follow","max-snippet":"max-snippet:-1","max-image-preview":"max-image-preview:large","max-video-preview":"max-video-preview:-1"},"canonical":"https:\/\/tupique.com\/pt\/product\/sports-camera-dji-osmo-action-5-black\/","og_locale":"pt_PT","og_type":"article","og_title":"Sports Camera Dji Osmo Action 5 Black - Tupique","og_description":"Keep fit and discover the sector&#8217;s latest new releases to perform sports with the best guarantees! Purchase Sports Camera Dji Osmo Action 5 Black at the best price and enjoy a healthy life! The Osmo Action 5 from DJI is an advanced action camera designed to capture high-quality images and videos in the most demanding [&hellip;]","og_url":"https:\/\/tupique.com\/pt\/product\/sports-camera-dji-osmo-action-5-black\/","og_site_name":"Tupique","article_modified_time":"2026-04-11T13:53:45+00:00","og_image":[{"width":1200,"height":1200,"url":"https:\/\/tupique.com\/wp-content\/uploads\/2026\/03\/6941565981059_S71014797_P00.jpg","type":"image\/jpeg"}],"twitter_card":"summary_large_image","twitter_misc":{"Tempo estimado de leitura":"1 minuto"},"schema":{"@context":"https:\/\/schema.org","@graph":[{"@type":"WebPage","@id":"https:\/\/tupique.com\/product\/sports-camera-dji-osmo-action-5-black\/","url":"https:\/\/tupique.com\/product\/sports-camera-dji-osmo-action-5-black\/","name":"Sports Camera Dji Osmo Action 5 Black - Tupique","isPartOf":{"@id":"https:\/\/tupique.com\/#website"},"primaryImageOfPage":{"@id":"https:\/\/tupique.com\/product\/sports-camera-dji-osmo-action-5-black\/#primaryimage"},"image":{"@id":"https:\/\/tupique.com\/product\/sports-camera-dji-osmo-action-5-black\/#primaryimage"},"thumbnailUrl":"https:\/\/tupique.com\/wp-content\/uploads\/2026\/03\/6941565981059_S71014797_P00.jpg","datePublished":"2026-03-30T05:32:45+00:00","dateModified":"2026-04-11T13:53:45+00:00","breadcrumb":{"@id":"https:\/\/tupique.com\/product\/sports-camera-dji-osmo-action-5-black\/#breadcrumb"},"inLanguage":"pt-PT","potentialAction":[{"@type":"ReadAction","target":["https:\/\/tupique.com\/product\/sports-camera-dji-osmo-action-5-black\/"]}]},{"@type":"ImageObject","inLanguage":"pt-PT","@id":"https:\/\/tupique.com\/product\/sports-camera-dji-osmo-action-5-black\/#primaryimage","url":"https:\/\/tupique.com\/wp-content\/uploads\/2026\/03\/6941565981059_S71014797_P00.jpg","contentUrl":"https:\/\/tupique.com\/wp-content\/uploads\/2026\/03\/6941565981059_S71014797_P00.jpg","width":1200,"height":1200,"caption":"S71014797_0"},{"@type":"BreadcrumbList","@id":"https:\/\/tupique.com\/product\/sports-camera-dji-osmo-action-5-black\/#breadcrumb","itemListElement":[{"@type":"ListItem","position":1,"name":"commencer","item":"https:\/\/tupique.com\/"},{"@type":"ListItem","position":2,"name":"Loja","item":"https:\/\/tupique.com\/loja\/"},{"@type":"ListItem","position":3,"name":"Sports Camera Dji Osmo Action 5 Black"}]},{"@type":"WebSite","@id":"https:\/\/tupique.com\/#website","url":"https:\/\/tupique.com\/","name":"Tupique","description":"","publisher":{"@id":"https:\/\/tupique.com\/#organization"},"potentialAction":[{"@type":"SearchAction","target":{"@type":"EntryPoint","urlTemplate":"https:\/\/tupique.com\/?s={search_term_string}"},"query-input":{"@type":"PropertyValueSpecification","valueRequired":true,"valueName":"search_term_string"}}],"inLanguage":"pt-PT"},{"@type":"Organization","@id":"https:\/\/tupique.com\/#organization","name":"Tupique","url":"https:\/\/tupique.com\/","logo":{"@type":"ImageObject","inLanguage":"pt-PT","@id":"https:\/\/tupique.com\/#\/schema\/logo\/image\/","url":"https:\/\/tupique.com\/wp-content\/uploads\/2026\/03\/logo-tupique-1.webp","contentUrl":"https:\/\/tupique.com\/wp-content\/uploads\/2026\/03\/logo-tupique-1.webp","width":500,"height":67,"caption":"Tupique"},"image":{"@id":"https:\/\/tupique.com\/#\/schema\/logo\/image\/"}}]}},"_links":{"self":[{"href":"https:\/\/tupique.com\/pt\/wp-json\/wp\/v2\/product\/35126","targetHints":{"allow":["GET"]}}],"collection":[{"href":"https:\/\/tupique.com\/pt\/wp-json\/wp\/v2\/product"}],"about":[{"href":"https:\/\/tupique.com\/pt\/wp-json\/wp\/v2\/types\/product"}],"replies":[{"embeddable":true,"href":"https:\/\/tupique.com\/pt\/wp-json\/wp\/v2\/comments?post=35126"}],"wp:featuredmedia":[{"embeddable":true,"href":"https:\/\/tupique.com\/pt\/wp-json\/wp\/v2\/media\/35121"}],"wp:attachment":[{"href":"https:\/\/tupique.com\/pt\/wp-json\/wp\/v2\/media?parent=35126"}],"wp:term":[{"taxonomy":"product_brand","embeddable":true,"href":"https:\/\/tupique.com\/pt\/wp-json\/wp\/v2\/product_brand?post=35126"},{"taxonomy":"product_cat","embeddable":true,"href":"https:\/\/tupique.com\/pt\/wp-json\/wp\/v2\/product_cat?post=35126"},{"taxonomy":"product_tag","embeddable":true,"href":"https:\/\/tupique.com\/pt\/wp-json\/wp\/v2\/product_tag?post=35126"}],"curies":[{"name":"wp","href":"https:\/\/api.w.org\/{rel}","templated":true}]}}